{"id":18,"date":"2022-02-28T10:49:41","date_gmt":"2022-02-28T10:49:41","guid":{"rendered":"http:\/\/pixel-witches.pl\/dev\/mama\/?page_id=18"},"modified":"2024-12-11T12:53:51","modified_gmt":"2024-12-11T12:53:51","slug":"home","status":"publish","type":"page","link":"https:\/\/mamaglobalhealing.com\/en\/","title":{"rendered":"Home"},"content":{"rendered":"<p>[et_pb_section fb_built=&#8221;1&#8243; custom_padding_last_edited=&#8221;on|phone&#8221; module_id=&#8221;home-section&#8221; _builder_version=&#8221;4.19.4&#8243; _module_preset=&#8221;default&#8221; background_image=&#8221;https:\/\/mamaglobalhealing.com\/wp-content\/uploads\/2022\/03\/tlo_main-scaled.jpg&#8221; background_position=&#8221;top_center&#8221; height_tablet=&#8221;auto&#8221; height_phone=&#8221;auto&#8221; height_last_edited=&#8221;off|desktop&#8221; custom_padding=&#8221;120px||0px||false|false&#8221; custom_padding_tablet=&#8221;120px||||false|false&#8221; custom_padding_phone=&#8221;150px||||false|false&#8221; da_disable_devices=&#8221;off|off|off&#8221; global_colors_info=&#8221;{}&#8221; da_is_popup=&#8221;off&#8221; da_exit_intent=&#8221;off&#8221; da_has_close=&#8221;on&#8221; da_alt_close=&#8221;off&#8221; da_dark_close=&#8221;off&#8221; da_not_modal=&#8221;on&#8221; da_is_singular=&#8221;off&#8221; da_with_loader=&#8221;off&#8221; da_has_shadow=&#8221;on&#8221;][et_pb_row _builder_version=&#8221;4.19.4&#8243; _module_preset=&#8221;default&#8221; positioning=&#8221;none&#8221; position_origin_a_tablet=&#8221;center_center&#8221; position_origin_a_phone=&#8221;center_center&#8221; position_origin_a_last_edited=&#8221;on|desktop&#8221; position_origin_f_tablet=&#8221;&#8221; position_origin_f_phone=&#8221;&#8221; position_origin_f_last_edited=&#8221;on|desktop&#8221; position_origin_r_tablet=&#8221;&#8221; position_origin_r_phone=&#8221;&#8221; position_origin_r_last_edited=&#8221;on|desktop&#8221; width=&#8221;90%&#8221; max_width=&#8221;1400px&#8221; custom_padding=&#8221;||||false|false&#8221; positioning_tablet=&#8221;relative&#8221; positioning_phone=&#8221;relative&#8221; positioning_last_edited=&#8221;on|tablet&#8221; global_colors_info=&#8221;{}&#8221;][et_pb_column type=&#8221;4_4&#8243; _builder_version=&#8221;4.16&#8243; _module_preset=&#8221;default&#8221; global_colors_info=&#8221;{}&#8221;][et_pb_image src=&#8221;https:\/\/mamaglobalhealing.com\/wp-content\/uploads\/2022\/02\/MAMA-GLOBAL-HEALING_net_ikony_46.png&#8221; title_text=&#8221;MAMA GLOBAL HEALING_net_ikony_46&#8243; align=&#8221;right&#8221; align_tablet=&#8221;right&#8221; align_phone=&#8221;right&#8221; align_last_edited=&#8221;on|tablet&#8221; _builder_version=&#8221;4.16&#8243; _module_preset=&#8221;default&#8221; width=&#8221;22%&#8221; width_tablet=&#8221;22%&#8221; width_phone=&#8221;&#8221; width_last_edited=&#8221;on|phone&#8221; custom_margin=&#8221;|12%|||false|false&#8221; global_colors_info=&#8221;{}&#8221;][\/et_pb_image][et_pb_text admin_label=&#8221;Mama Global Healing&#8221; _builder_version=&#8221;4.19.4&#8243; _module_preset=&#8221;default&#8221; header_font=&#8221;Mirza Regular|700|||||||&#8221; header_text_color=&#8221;gcid-dc8b517d-7a00-489c-a2e4-8a32105d7a49&#8243; header_font_size=&#8221;55px&#8221; header_line_height=&#8221;20px&#8221; header_2_font=&#8221;Mirza Regular|600|||||||&#8221; header_2_text_color=&#8221;gcid-dc8b517d-7a00-489c-a2e4-8a32105d7a49&#8243; header_2_font_size=&#8221;55px&#8221; header_2_line_height=&#8221;75px&#8221; header_3_font=&#8221;Mirza Regular||||||||&#8221; header_3_font_size=&#8221;35px&#8221; header_3_line_height=&#8221;15px&#8221; header_4_font=&#8221;Mirza Regular||||||||&#8221; header_4_font_size=&#8221;30px&#8221; header_4_line_height=&#8221;30px&#8221; custom_margin=&#8221;||20px||false|false&#8221; custom_margin_tablet=&#8221;||-20px||false|false&#8221; custom_margin_phone=&#8221;-90px||20px||false|false&#8221; custom_margin_last_edited=&#8221;off|desktop&#8221; header_line_height_tablet=&#8221;65px&#8221; header_line_height_phone=&#8221;55px&#8221; header_line_height_last_edited=&#8221;on|desktop&#8221; header_2_line_height_tablet=&#8221;75px&#8221; header_2_line_height_phone=&#8221;55px&#8221; header_2_line_height_last_edited=&#8221;on|phone&#8221; header_3_line_height_tablet=&#8221;45px&#8221; header_3_line_height_phone=&#8221;35px&#8221; header_3_line_height_last_edited=&#8221;on|tablet&#8221; global_colors_info=&#8221;{%22gcid-dc8b517d-7a00-489c-a2e4-8a32105d7a49%22:%91%22header_text_color%22,%22header_2_text_color%22%93}&#8221;]<\/p>\n<h1 style=\"text-align: center;\">MAMA GLOBAL HEALING<\/h1>\n<h2 style=\"text-align: center;\">We&nbsp;Create The New Story!<\/h2>\n<h3 style=\"text-align: center;\">See you at&nbsp;the BIG MAMA again when the time comes&#8230;.<\/h3>\n<p>[\/et_pb_text][et_pb_divider _builder_version=&#8221;4.19.4&#8243; _module_preset=&#8221;default&#8221; global_colors_info=&#8221;{}&#8221;][\/et_pb_divider][et_pb_text admin_label=&#8221;Zobacz jak by\u0142o guzik&#8221; _builder_version=&#8221;4.25.2&#8243; _module_preset=&#8221;c24e16dc-b3b9-4f35-9a8d-48f461de6852&#8243; width=&#8221;35%&#8221; custom_margin=&#8221;30px||||false|false&#8221; link_option_url=&#8221;https:\/\/mamaglobalhealing.com\/galeria-mama\/&#8221; global_colors_info=&#8221;{}&#8221;]<\/p>\n<p style=\"text-align: center;\">MAMA 2018-2022 ~ GALLERY<\/p>\n<p>[\/et_pb_text][et_pb_divider _builder_version=&#8221;4.19.4&#8243; _module_preset=&#8221;default&#8221; global_colors_info=&#8221;{}&#8221;][\/et_pb_divider][\/et_pb_column][\/et_pb_row][et_pb_row disabled_on=&#8221;on|on|on&#8221; admin_label=&#8221;SYLWESTER &#8221; _builder_version=&#8221;4.19.4&#8243; _module_preset=&#8221;default&#8221; disabled=&#8221;on&#8221; collapsed=&#8221;off&#8221; global_colors_info=&#8221;{}&#8221;][et_pb_column type=&#8221;4_4&#8243; _builder_version=&#8221;4.16&#8243; _module_preset=&#8221;default&#8221; global_colors_info=&#8221;{}&#8221;][et_pb_text _builder_version=&#8221;4.19.4&#8243; _module_preset=&#8221;default&#8221; text_font=&#8221;Mirza Regular|700|||||||&#8221; text_font_size=&#8221;55px&#8221; text_line_height=&#8221;55px&#8221; custom_margin=&#8221;||20px||false|false&#8221; global_colors_info=&#8221;{}&#8221;]<\/p>\n<h2 style=\"text-align: center;\"><strong>~ EVENTY SPECJALNE ~<\/strong><\/h2>\n<p style=\"text-align: center;\">[\/et_pb_text][et_pb_image src=&#8221;https:\/\/mamaglobalhealing.com\/wp-content\/uploads\/2023\/11\/SYLWESTER-.png&#8221; title_text=&#8221;SYLWESTER&#8221; url=&#8221;https:\/\/www.houseofloveagency.com\/produkt\/mama-sylwester\/&#8221; url_new_window=&#8221;on&#8221; _builder_version=&#8221;4.19.4&#8243; _module_preset=&#8221;default&#8221; global_colors_info=&#8221;{}&#8221;][\/et_pb_image][et_pb_gallery gallery_ids=&#8221;5618,5619,5625,5621,5622,5626,5631,5620,5623,5624,5628,5630,5633,5634,5635,5632&#8243; posts_number=&#8221;16&#8243; show_title_and_caption=&#8221;off&#8221; _builder_version=&#8221;4.19.4&#8243; _module_preset=&#8221;default&#8221; link_option_url=&#8221;https:\/\/www.houseofloveagency.com\/produkt\/mama-sylwester\/&#8221; link_option_url_new_window=&#8221;on&#8221; global_colors_info=&#8221;{}&#8221;][\/et_pb_gallery][et_pb_button button_url=&#8221;https:\/\/www.houseofloveagency.com\/produkt\/mama-sylwester\/&#8221; url_new_window=&#8221;on&#8221; button_text=&#8221;CHC\u0118 JECHA\u0106 Z\u00a0MAM\u0104 NA\u00a0SYLWESTRA! &#8221; button_alignment=&#8221;center&#8221; _builder_version=&#8221;4.19.4&#8243; _module_preset=&#8221;default&#8221; custom_button=&#8221;on&#8221; button_text_color=&#8221;#FFFFFF&#8221; button_bg_use_color_gradient=&#8221;on&#8221; button_bg_color_gradient_stops=&#8221;#2b87da 0%|#29c4a9 83%&#8221; button_bg_image=&#8221;https:\/\/mamaglobalhealing.com\/wp-content\/uploads\/2023\/11\/2.png&#8221; button_icon=&#8221;&#xe052;||divi||400&#8243; button_icon_color=&#8221;#8300E9&#8243; button_text_shadow_style=&#8221;preset1&#8243; button_text_shadow_vertical_length=&#8221;0em&#8221; button_text_shadow_color=&#8221;#FFFFFF&#8221; box_shadow_style=&#8221;preset1&#8243; box_shadow_horizontal=&#8221;-7px&#8221; box_shadow_vertical=&#8221;-4px&#8221; global_colors_info=&#8221;{}&#8221;][\/et_pb_button][et_pb_divider _builder_version=&#8221;4.19.4&#8243; _module_preset=&#8221;default&#8221; global_colors_info=&#8221;{}&#8221;][\/et_pb_divider][\/et_pb_column][\/et_pb_row][et_pb_row disabled_on=&#8221;on|on|on&#8221; admin_label=&#8221;Sklep&#8221; _builder_version=&#8221;4.19.4&#8243; _module_preset=&#8221;default&#8221; disabled=&#8221;on&#8221; collapsed=&#8221;off&#8221; global_colors_info=&#8221;{}&#8221;][et_pb_column type=&#8221;4_4&#8243; _builder_version=&#8221;4.16&#8243; _module_preset=&#8221;default&#8221; global_colors_info=&#8221;{}&#8221;][et_pb_text _builder_version=&#8221;4.19.4&#8243; _module_preset=&#8221;default&#8221; text_font=&#8221;Mirza Regular|700|||||||&#8221; text_font_size=&#8221;55px&#8221; text_line_height=&#8221;55px&#8221; custom_margin=&#8221;||20px||false|false&#8221; global_colors_info=&#8221;{}&#8221;]<\/p>\n<p style=\"text-align: center;\">MINI MAMA<\/p>\n<p style=\"text-align: center;\">wydarzenia | warsztaty | wyjazdy | webinary<\/p>\n<p>[\/et_pb_text][et_pb_shop type=&#8221;product_category&#8221; include_categories=&#8221;51,54&#8243; columns_number=&#8221;3&#8243; icon_hover_color=&#8221;gcid-28331b72-e3b8-4902-8439-e454eb48e580&#8243; _builder_version=&#8221;4.19.4&#8243; _module_preset=&#8221;default&#8221; title_font=&#8221;|700|||||||&#8221; title_text_align=&#8221;center&#8221; title_text_color=&#8221;#27292D&#8221; title_font_size=&#8221;22px&#8221; price_font=&#8221;Mirza Regular||||||||&#8221; price_text_color=&#8221;#27292D&#8221; price_font_size=&#8221;30px&#8221; link_option_url_new_window=&#8221;on&#8221; border_radii_image=&#8221;on|10px|10px|10px|10px&#8221; global_colors_info=&#8221;{%22gcid-28331b72-e3b8-4902-8439-e454eb48e580%22:%91%22icon_hover_color%22%93}&#8221;][\/et_pb_shop][\/et_pb_column][\/et_pb_row][et_pb_row disabled_on=&#8221;off|off|off&#8221; admin_label=&#8221;Sklep&#8221; _builder_version=&#8221;4.16&#8243; _module_preset=&#8221;default&#8221; global_colors_info=&#8221;{}&#8221;][et_pb_column type=&#8221;4_4&#8243; _builder_version=&#8221;4.16&#8243; _module_preset=&#8221;default&#8221; global_colors_info=&#8221;{}&#8221;][et_pb_text _builder_version=&#8221;4.19.4&#8243; _module_preset=&#8221;default&#8221; text_font=&#8221;Mirza Regular|700|||||||&#8221; text_font_size=&#8221;55px&#8221; text_line_height=&#8221;55px&#8221; custom_margin=&#8221;||20px||false|false&#8221; global_colors_info=&#8221;{}&#8221;]<\/p>\n<p style=\"text-align: center;\">MAMA Hive &#8211; holistic academy &amp; support od&nbsp;MAMY<\/p>\n<p>[\/et_pb_text][\/et_pb_column][\/et_pb_row][et_pb_row _builder_version=&#8221;4.19.4&#8243; _module_preset=&#8221;default&#8221; global_colors_info=&#8221;{}&#8221;][et_pb_column type=&#8221;4_4&#8243; _builder_version=&#8221;4.19.4&#8243; _module_preset=&#8221;default&#8221; link_option_url_new_window=&#8221;on&#8221; global_colors_info=&#8221;{}&#8221;][et_pb_image src=&#8221;https:\/\/mamaglobalhealing.com\/wp-content\/uploads\/2023\/03\/sesje-1-1.webp&#8221; alt=&#8221;Marta Stoces \/ Marocco 2020&#8243; title_text=&#8221;sesje 1-1&#8243; align=&#8221;center&#8221; _builder_version=&#8221;4.19.4&#8243; _module_preset=&#8221;default&#8221; width=&#8221;100%&#8221; custom_margin=&#8221;0px|0px|10px|0px|false|true&#8221; global_colors_info=&#8221;{}&#8221;][\/et_pb_image][et_pb_text _builder_version=&#8221;4.19.4&#8243; _module_preset=&#8221;default&#8221; header_3_font=&#8221;|600|||||||&#8221; header_3_font_size=&#8221;22.1px&#8221; custom_margin=&#8221;||10px||false|false&#8221; global_colors_info=&#8221;{}&#8221;]<\/p>\n<h3 style=\"text-align: center;\">\u00a0HOLISTIC BRAND SUPPORT \u2013 sesje 1:1 z&nbsp;Mart\u0105 Stoces, CEO &amp; Producer MAMA Global Healing<\/h3>\n<p>[\/et_pb_text][et_pb_button button_url=&#8221;https:\/\/www.houseofloveagency.com\/wspolpraca\/&#8221; button_text=&#8221;Um\u00f3w si\u0119 na sesj\u0119 &#8221; button_alignment=&#8221;center&#8221; _builder_version=&#8221;4.27.0&#8243; _module_preset=&#8221;default&#8221; custom_padding=&#8221;|40px||40px|false|true&#8221; hover_enabled=&#8221;0&#8243; global_colors_info=&#8221;{}&#8221; url_new_window=&#8221;on&#8221; sticky_enabled=&#8221;0&#8243;][\/et_pb_button][\/et_pb_column][\/et_pb_row][et_pb_row admin_label=&#8221;Blog&#8221; _builder_version=&#8221;4.16&#8243; _module_preset=&#8221;default&#8221; global_colors_info=&#8221;{}&#8221;][et_pb_column type=&#8221;4_4&#8243; _builder_version=&#8221;4.16&#8243; _module_preset=&#8221;default&#8221; global_colors_info=&#8221;{}&#8221;][et_pb_text _builder_version=&#8221;4.16&#8243; _module_preset=&#8221;default&#8221; text_font=&#8221;Mirza Regular|700|||||||&#8221; text_font_size=&#8221;55px&#8221; text_line_height=&#8221;55px&#8221; custom_margin=&#8221;||10px||false|false&#8221; global_colors_info=&#8221;{}&#8221;]<\/p>\n<p style=\"text-align: center;\">Blog<\/p>\n<p>[\/et_pb_text][et_pb_blog fullwidth=&#8221;off&#8221; posts_number=&#8221;3&#8243; use_manual_excerpt=&#8221;off&#8221; excerpt_length=&#8221;0&#8243; show_more=&#8221;on&#8221; show_author=&#8221;off&#8221; show_date=&#8221;off&#8221; show_categories=&#8221;off&#8221; show_excerpt=&#8221;off&#8221; show_pagination=&#8221;off&#8221; module_id=&#8221;blog&#8221; _builder_version=&#8221;4.16&#8243; _module_preset=&#8221;default&#8221; header_font=&#8221;|700||on|||||&#8221; header_text_align=&#8221;center&#8221; header_font_size=&#8221;32px&#8221; header_line_height=&#8221;32px&#8221; body_text_color=&#8221;gcid-28331b72-e3b8-4902-8439-e454eb48e580&#8243; body_font_size=&#8221;17px&#8221; body_line_height=&#8221;20px&#8221; read_more_font=&#8221;Mirza Regular|600||on|||||&#8221; read_more_font_size=&#8221;30px&#8221; read_more_line_height=&#8221;21px&#8221; custom_margin=&#8221;40px||||false|false&#8221; border_radii_image=&#8221;on|10px|10px|10px|10px&#8221; global_colors_info=&#8221;{%22gcid-28331b72-e3b8-4902-8439-e454eb48e580%22:%91%22body_text_color%22%93}&#8221;][\/et_pb_blog][\/et_pb_column][\/et_pb_row][et_pb_row column_structure=&#8221;1_3,1_3,1_3&#8243; _builder_version=&#8221;4.16&#8243; _module_preset=&#8221;default&#8221; custom_padding=&#8221;80px||||false|false&#8221; global_colors_info=&#8221;{}&#8221;][et_pb_column type=&#8221;1_3&#8243; _builder_version=&#8221;4.16&#8243; _module_preset=&#8221;default&#8221; global_colors_info=&#8221;{}&#8221;][et_pb_image src=&#8221;https:\/\/mamaglobalhealing.com\/wp-content\/uploads\/2022\/03\/MAMA-GLOBAL-HEALING_net_ikony_18@2x.png&#8221; title_text=&#8221;MAMA GLOBAL HEALING_net_ikony_18@2x&#8221; align=&#8221;center&#8221; disabled_on=&#8221;on|on|off&#8221; admin_label=&#8221;Obraz desktop&#8221; _builder_version=&#8221;4.16&#8243; _module_preset=&#8221;default&#8221; width=&#8221;78%&#8221; module_alignment=&#8221;center&#8221; custom_margin=&#8221;-6px||||false|false&#8221; global_colors_info=&#8221;{}&#8221;][\/et_pb_image][\/et_pb_column][et_pb_column type=&#8221;1_3&#8243; _builder_version=&#8221;4.16&#8243; _module_preset=&#8221;default&#8221; global_colors_info=&#8221;{}&#8221;][et_pb_image src=&#8221;https:\/\/mamaglobalhealing.com\/wp-content\/uploads\/2023\/01\/New-Family-Concept.png&#8221; title_text=&#8221;New Family Concept&#8221; align=&#8221;center&#8221; _builder_version=&#8221;4.19.4&#8243; _module_preset=&#8221;default&#8221; width=&#8221;100%&#8221; custom_margin=&#8221;0px|0px||0px|false|false&#8221; global_colors_info=&#8221;{}&#8221;][\/et_pb_image][\/et_pb_column][et_pb_column type=&#8221;1_3&#8243; _builder_version=&#8221;4.16&#8243; _module_preset=&#8221;default&#8221; global_colors_info=&#8221;{}&#8221;][et_pb_image src=&#8221;https:\/\/mamaglobalhealing.com\/wp-content\/uploads\/2022\/03\/MAMA-GLOBAL-HEALING_net_ikony_21@2x.png&#8221; title_text=&#8221;MAMA GLOBAL HEALING_net_ikony_21@2x&#8221; align=&#8221;center&#8221; _builder_version=&#8221;4.16&#8243; _module_preset=&#8221;default&#8221; width=&#8221;86%&#8221; module_alignment=&#8221;center&#8221; global_colors_info=&#8221;{}&#8221;][\/et_pb_image][\/et_pb_column][\/et_pb_row][et_pb_row column_structure=&#8221;1_3,1_3,1_3&#8243; _builder_version=&#8221;4.16&#8243; _module_preset=&#8221;default&#8221; global_colors_info=&#8221;{}&#8221;][et_pb_column type=&#8221;1_3&#8243; _builder_version=&#8221;4.16&#8243; _module_preset=&#8221;default&#8221; global_colors_info=&#8221;{}&#8221;][et_pb_image src=&#8221;https:\/\/mamaglobalhealing.com\/wp-content\/uploads\/2022\/03\/MAMA-GLOBAL-HEALING_net_ikony_22@2x.png&#8221; title_text=&#8221;MAMA GLOBAL HEALING_net_ikony_22@2x&#8221; align=&#8221;center&#8221; _builder_version=&#8221;4.16&#8243; _module_preset=&#8221;default&#8221; global_colors_info=&#8221;{}&#8221;][\/et_pb_image][\/et_pb_column][et_pb_column type=&#8221;1_3&#8243; _builder_version=&#8221;4.16&#8243; _module_preset=&#8221;default&#8221; global_colors_info=&#8221;{}&#8221;][et_pb_image src=&#8221;https:\/\/mamaglobalhealing.com\/wp-content\/uploads\/2022\/03\/MAMA-GLOBAL-HEALING_net_ikony_20@2x.png&#8221; title_text=&#8221;MAMA GLOBAL HEALING_net_ikony_20@2x&#8221; align=&#8221;center&#8221; _builder_version=&#8221;4.16&#8243; _module_preset=&#8221;default&#8221; width=&#8221;112%&#8221; module_alignment=&#8221;center&#8221; global_colors_info=&#8221;{}&#8221;][\/et_pb_image][\/et_pb_column][et_pb_column type=&#8221;1_3&#8243; _builder_version=&#8221;4.16&#8243; _module_preset=&#8221;default&#8221; global_colors_info=&#8221;{}&#8221;][et_pb_image src=&#8221;https:\/\/mamaglobalhealing.com\/wp-content\/uploads\/2022\/03\/MAMA-GLOBAL-HEALING_net_ikony_15@2x.png&#8221; title_text=&#8221;MAMA GLOBAL HEALING_net_ikony_15@2x&#8221; align=&#8221;center&#8221; _builder_version=&#8221;4.16&#8243; _module_preset=&#8221;default&#8221; width=&#8221;85%&#8221; module_alignment=&#8221;center&#8221; custom_margin=&#8221;-3px||||false|false&#8221; global_colors_info=&#8221;{}&#8221;][\/et_pb_image][et_pb_image src=&#8221;https:\/\/mamaglobalhealing.com\/wp-content\/uploads\/2022\/03\/MAMA-GLOBAL-HEALING_net_ikony_18@2x.png&#8221; title_text=&#8221;MAMA GLOBAL HEALING_net_ikony_18@2x&#8221; align=&#8221;center&#8221; disabled_on=&#8221;off|off|on&#8221; admin_label=&#8221;Obraz mobile&#8221; _builder_version=&#8221;4.16&#8243; _module_preset=&#8221;default&#8221; width=&#8221;78%&#8221; module_alignment=&#8221;center&#8221; custom_margin=&#8221;-6px||||false|false&#8221; global_colors_info=&#8221;{}&#8221;][\/et_pb_image][\/et_pb_column][\/et_pb_row][\/et_pb_section]<\/p>","protected":false},"excerpt":{"rendered":"<p>MAMA GLOBAL HEALING We&nbsp;Create The New Story! See you at&nbsp;the BIG MAMA again when the time comes&#8230;.MAMA 2018-2022 ~ GALLERY~ EVENTY SPECJALNE ~ MINI MAMA wydarzenia | warsztaty | wyjazdy | webinaryMAMA Hive &#8211; holistic academy &amp; support od&nbsp;MAMY\u00a0HOLISTIC BRAND SUPPORT \u2013 sesje 1:1 z&nbsp;Mart\u0105 Stoces, CEO &amp; Producer MAMA Global HealingBlog<\/p>","protected":false},"author":1,"featured_media":0,"parent":0,"menu_order":0,"comment_status":"closed","ping_status":"closed","template":"","meta":{"_et_pb_use_builder":"on","_et_pb_old_content":"","_et_gb_content_width":"","footnotes":""},"class_list":["post-18","page","type-page","status-publish","hentry"],"yoast_head":"<!-- This site is optimized with the Yoast SEO plugin v25.1 - https:\/\/yoast.com\/wordpress\/plugins\/seo\/ -->\n<title>Home - Mama Global Healing<\/title>\n<meta name=\"description\" content=\"PIerwszy, holistyczny i ekofeministyczny festiwal rozwojowy w Polsce! Boho i ezo mekka, a tak na prawd\u0119 g\u0142\u0119boki czakram healingu kolektywnego w formie p\u00f3\u0142plenerowego wydarzenia i spo\u0142eczno\u015bci.\" \/>\n<meta name=\"robots\" content=\"index, follow, max-snippet:-1, max-image-preview:large, max-video-preview:-1\" \/>\n<link rel=\"canonical\" href=\"https:\/\/mamaglobalhealing.com\/en\/\" \/>\n<meta property=\"og:locale\" content=\"en_GB\" \/>\n<meta property=\"og:type\" content=\"article\" \/>\n<meta property=\"og:title\" content=\"Home - Mama Global Healing\" \/>\n<meta property=\"og:description\" content=\"PIerwszy, holistyczny i ekofeministyczny festiwal rozwojowy w Polsce! Boho i ezo mekka, a tak na prawd\u0119 g\u0142\u0119boki czakram healingu kolektywnego w formie p\u00f3\u0142plenerowego wydarzenia i spo\u0142eczno\u015bci.\" \/>\n<meta property=\"og:url\" content=\"https:\/\/mamaglobalhealing.com\/en\/\" \/>\n<meta property=\"og:site_name\" content=\"Mama Global Healing\" \/>\n<meta property=\"article:modified_time\" content=\"2024-12-11T12:53:51+00:00\" \/>\n<meta name=\"twitter:card\" content=\"summary_large_image\" \/>\n<meta name=\"twitter:label1\" content=\"Estimated reading time\" \/>\n\t<meta name=\"twitter:data1\" content=\"3 minutes\" \/>\n<script type=\"application\/ld+json\" class=\"yoast-schema-graph\">{\"@context\":\"https:\/\/schema.org\",\"@graph\":[{\"@type\":\"WebPage\",\"@id\":\"https:\/\/mamaglobalhealing.com\/\",\"url\":\"https:\/\/mamaglobalhealing.com\/\",\"name\":\"Home - Mama Global Healing\",\"isPartOf\":{\"@id\":\"https:\/\/mamaglobalhealing.com\/#website\"},\"datePublished\":\"2022-02-28T10:49:41+00:00\",\"dateModified\":\"2024-12-11T12:53:51+00:00\",\"description\":\"PIerwszy, holistyczny i ekofeministyczny festiwal rozwojowy w Polsce! Boho i ezo mekka, a tak na prawd\u0119 g\u0142\u0119boki czakram healingu kolektywnego w formie p\u00f3\u0142plenerowego wydarzenia i spo\u0142eczno\u015bci.\",\"breadcrumb\":{\"@id\":\"https:\/\/mamaglobalhealing.com\/#breadcrumb\"},\"inLanguage\":\"en-GB\",\"potentialAction\":[{\"@type\":\"ReadAction\",\"target\":[\"https:\/\/mamaglobalhealing.com\/\"]}]},{\"@type\":\"BreadcrumbList\",\"@id\":\"https:\/\/mamaglobalhealing.com\/#breadcrumb\",\"itemListElement\":[{\"@type\":\"ListItem\",\"position\":1,\"name\":\"Strona g\u0142\u00f3wna\",\"item\":\"https:\/\/mamaglobalhealing.com\/\"},{\"@type\":\"ListItem\",\"position\":2,\"name\":\"Home\"}]},{\"@type\":\"WebSite\",\"@id\":\"https:\/\/mamaglobalhealing.com\/#website\",\"url\":\"https:\/\/mamaglobalhealing.com\/\",\"name\":\"Mama Global Healing\",\"description\":\"Kolejna witryna WordPress\",\"potentialAction\":[{\"@type\":\"SearchAction\",\"target\":{\"@type\":\"EntryPoint\",\"urlTemplate\":\"https:\/\/mamaglobalhealing.com\/?s={search_term_string}\"},\"query-input\":{\"@type\":\"PropertyValueSpecification\",\"valueRequired\":true,\"valueName\":\"search_term_string\"}}],\"inLanguage\":\"en-GB\"}]}<\/script>\n<!-- \/ Yoast SEO plugin. -->","yoast_head_json":{"title":"Home - Mama Global Healing","description":"PIerwszy, holistyczny i ekofeministyczny festiwal rozwojowy w Polsce! Boho i ezo mekka, a tak na prawd\u0119 g\u0142\u0119boki czakram healingu kolektywnego w formie p\u00f3\u0142plenerowego wydarzenia i spo\u0142eczno\u015bci.","robots":{"index":"index","follow":"follow","max-snippet":"max-snippet:-1","max-image-preview":"max-image-preview:large","max-video-preview":"max-video-preview:-1"},"canonical":"https:\/\/mamaglobalhealing.com\/en\/","og_locale":"en_GB","og_type":"article","og_title":"Home - Mama Global Healing","og_description":"PIerwszy, holistyczny i ekofeministyczny festiwal rozwojowy w Polsce! Boho i ezo mekka, a tak na prawd\u0119 g\u0142\u0119boki czakram healingu kolektywnego w formie p\u00f3\u0142plenerowego wydarzenia i spo\u0142eczno\u015bci.","og_url":"https:\/\/mamaglobalhealing.com\/en\/","og_site_name":"Mama Global Healing","article_modified_time":"2024-12-11T12:53:51+00:00","twitter_card":"summary_large_image","twitter_misc":{"Estimated reading time":"3 minutes"},"schema":{"@context":"https:\/\/schema.org","@graph":[{"@type":"WebPage","@id":"https:\/\/mamaglobalhealing.com\/","url":"https:\/\/mamaglobalhealing.com\/","name":"Home - Mama Global Healing","isPartOf":{"@id":"https:\/\/mamaglobalhealing.com\/#website"},"datePublished":"2022-02-28T10:49:41+00:00","dateModified":"2024-12-11T12:53:51+00:00","description":"PIerwszy, holistyczny i ekofeministyczny festiwal rozwojowy w Polsce! Boho i ezo mekka, a tak na prawd\u0119 g\u0142\u0119boki czakram healingu kolektywnego w formie p\u00f3\u0142plenerowego wydarzenia i spo\u0142eczno\u015bci.","breadcrumb":{"@id":"https:\/\/mamaglobalhealing.com\/#breadcrumb"},"inLanguage":"en-GB","potentialAction":[{"@type":"ReadAction","target":["https:\/\/mamaglobalhealing.com\/"]}]},{"@type":"BreadcrumbList","@id":"https:\/\/mamaglobalhealing.com\/#breadcrumb","itemListElement":[{"@type":"ListItem","position":1,"name":"Strona g\u0142\u00f3wna","item":"https:\/\/mamaglobalhealing.com\/"},{"@type":"ListItem","position":2,"name":"Home"}]},{"@type":"WebSite","@id":"https:\/\/mamaglobalhealing.com\/#website","url":"https:\/\/mamaglobalhealing.com\/","name":"Mama Global Healing","description":"Kolejna witryna WordPress","potentialAction":[{"@type":"SearchAction","target":{"@type":"EntryPoint","urlTemplate":"https:\/\/mamaglobalhealing.com\/?s={search_term_string}"},"query-input":{"@type":"PropertyValueSpecification","valueRequired":true,"valueName":"search_term_string"}}],"inLanguage":"en-GB"}]}},"_links":{"self":[{"href":"https:\/\/mamaglobalhealing.com\/en\/wp-json\/wp\/v2\/pages\/18","targetHints":{"allow":["GET"]}}],"collection":[{"href":"https:\/\/mamaglobalhealing.com\/en\/wp-json\/wp\/v2\/pages"}],"about":[{"href":"https:\/\/mamaglobalhealing.com\/en\/wp-json\/wp\/v2\/types\/page"}],"author":[{"embeddable":true,"href":"https:\/\/mamaglobalhealing.com\/en\/wp-json\/wp\/v2\/users\/1"}],"replies":[{"embeddable":true,"href":"https:\/\/mamaglobalhealing.com\/en\/wp-json\/wp\/v2\/comments?post=18"}],"version-history":[{"count":25,"href":"https:\/\/mamaglobalhealing.com\/en\/wp-json\/wp\/v2\/pages\/18\/revisions"}],"predecessor-version":[{"id":6427,"href":"https:\/\/mamaglobalhealing.com\/en\/wp-json\/wp\/v2\/pages\/18\/revisions\/6427"}],"wp:attachment":[{"href":"https:\/\/mamaglobalhealing.com\/en\/wp-json\/wp\/v2\/media?parent=18"}],"curies":[{"name":"wp","href":"https:\/\/api.w.org\/{rel}","templated":true}]}}