{"id":20,"date":"2022-02-28T10:50:56","date_gmt":"2022-02-28T10:50:56","guid":{"rendered":"http:\/\/pixel-witches.pl\/dev\/mama\/?page_id=20"},"modified":"2024-08-01T13:40:07","modified_gmt":"2024-08-01T13:40:07","slug":"kontakt","status":"publish","type":"page","link":"https:\/\/mamaglobalhealing.com\/en\/kontakt\/","title":{"rendered":"Contact"},"content":{"rendered":"<p>[et_pb_section fb_built=&#8221;1&#8243; custom_padding_last_edited=&#8221;on|phone&#8221; _builder_version=&#8221;4.16&#8243; _module_preset=&#8221;default&#8221; background_image=&#8221;https:\/\/mamaglobalhealing.com\/wp-content\/uploads\/2022\/04\/MAMA-GLOBAL-HEALING_net_tlo_2-1.jpg&#8221; custom_padding=&#8221;200px||150px||false|false&#8221; custom_padding_tablet=&#8221;200px||150px||false|false&#8221; custom_padding_phone=&#8221;150px||||false|false&#8221; da_disable_devices=&#8221;off|off|off&#8221; global_colors_info=&#8221;{}&#8221; da_is_popup=&#8221;off&#8221; da_exit_intent=&#8221;off&#8221; da_has_close=&#8221;on&#8221; da_alt_close=&#8221;off&#8221; da_dark_close=&#8221;off&#8221; da_not_modal=&#8221;on&#8221; da_is_singular=&#8221;off&#8221; da_with_loader=&#8221;off&#8221; da_has_shadow=&#8221;on&#8221;][et_pb_row _builder_version=&#8221;4.16&#8243; _module_preset=&#8221;default&#8221; max_width=&#8221;1400px&#8221; global_colors_info=&#8221;{}&#8221;][et_pb_column type=&#8221;4_4&#8243; _builder_version=&#8221;4.16&#8243; _module_preset=&#8221;default&#8221; global_colors_info=&#8221;{}&#8221;][et_pb_text _builder_version=&#8221;4.16&#8243; _module_preset=&#8221;default&#8221; header_font=&#8221;|700|||||||&#8221; header_text_color=&#8221;gcid-01574703-79b7-4ccc-a838-b46c84bce17a&#8221; header_font_size=&#8221;55px&#8221; header_line_height=&#8221;55px&#8221; header_font_size_tablet=&#8221;100px&#8221; header_font_size_phone=&#8221;65px&#8221; header_font_size_last_edited=&#8221;off|desktop&#8221; global_colors_info=&#8221;{%22gcid-01574703-79b7-4ccc-a838-b46c84bce17a%22:%91%22header_text_color%22%93}&#8221;]<\/p>\n<h1 style=\"text-align: center;\">CONTACT MAMA<\/h1>\n<p>[\/et_pb_text][\/et_pb_column][\/et_pb_row][et_pb_row admin_label=&#8221;Biuro&#8221; _builder_version=&#8221;4.16&#8243; _module_preset=&#8221;default&#8221; max_width=&#8221;1400px&#8221; custom_margin=&#8221;60px||||false|false&#8221; custom_padding=&#8221;0px||||false|false&#8221; global_colors_info=&#8221;{}&#8221;][et_pb_column type=&#8221;4_4&#8243; _builder_version=&#8221;4.16&#8243; _module_preset=&#8221;default&#8221; global_colors_info=&#8221;{}&#8221;][et_pb_text _builder_version=&#8221;4.16&#8243; _module_preset=&#8221;default&#8221; header_font=&#8221;Mirza Regular|700|||||||&#8221; header_text_color=&#8221;gcid-01574703-79b7-4ccc-a838-b46c84bce17a&#8221; header_font_size=&#8221;100px&#8221; header_line_height=&#8221;50px&#8221; header_3_font=&#8221;|700|||||||&#8221; header_3_text_color=&#8221;gcid-01574703-79b7-4ccc-a838-b46c84bce17a&#8221; header_3_font_size=&#8221;40px&#8221; header_3_line_height=&#8221;45px&#8221; custom_margin=&#8221;||-10px||false|false&#8221; global_colors_info=&#8221;{%22gcid-01574703-79b7-4ccc-a838-b46c84bce17a%22:%91%22header_text_color%22,%22header_3_text_color%22%93}&#8221;]<\/p>\n<h3 style=\"text-align: center;\">OFFICE<\/h3>\n<p>[\/et_pb_text][et_pb_text _builder_version=&#8221;4.16&#8243; _module_preset=&#8221;default&#8221; text_font=&#8221;Mirza Regular|500|||||||&#8221; text_font_size=&#8221;40px&#8221; text_line_height=&#8221;50px&#8221; header_font=&#8221;|700|||||||&#8221; header_text_color=&#8221;gcid-01574703-79b7-4ccc-a838-b46c84bce17a&#8221; header_font_size=&#8221;100px&#8221; header_3_text_color=&#8221;gcid-01574703-79b7-4ccc-a838-b46c84bce17a&#8221; header_3_font_size=&#8221;45px&#8221; header_3_line_height=&#8221;50px&#8221; custom_margin=&#8221;||0px||false|false&#8221; global_colors_info=&#8221;{%22gcid-01574703-79b7-4ccc-a838-b46c84bce17a%22:%91%22header_text_color%22,%22header_3_text_color%22%93}&#8221;]<\/p>\n<p style=\"text-align: center;\">organizational questions<\/p>\n<p>[\/et_pb_text][et_pb_text _builder_version=&#8221;4.16&#8243; _module_preset=&#8221;default&#8221; text_font=&#8221;Palanquin Regular||||||||&#8221; text_font_size=&#8221;32px&#8221; text_line_height=&#8221;50px&#8221; header_font=&#8221;|700|||||||&#8221; header_text_color=&#8221;gcid-01574703-79b7-4ccc-a838-b46c84bce17a&#8221; header_font_size=&#8221;100px&#8221; header_3_text_color=&#8221;gcid-01574703-79b7-4ccc-a838-b46c84bce17a&#8221; header_3_font_size=&#8221;45px&#8221; header_3_line_height=&#8221;50px&#8221; global_colors_info=&#8221;{%22gcid-01574703-79b7-4ccc-a838-b46c84bce17a%22:%91%22header_text_color%22,%22header_3_text_color%22%93}&#8221;]<\/p>\n<p style=\"text-align: center;\">\u00a0biuromamaglobal@gmail.com<\/p>\n<p>[\/et_pb_text][\/et_pb_column][\/et_pb_row][et_pb_row admin_label=&#8221;Mama Central Chackra&#8221; _builder_version=&#8221;4.16&#8243; _module_preset=&#8221;default&#8221; max_width=&#8221;1400px&#8221; custom_margin=&#8221;||||false|false&#8221; custom_padding=&#8221;||||true|false&#8221; global_colors_info=&#8221;{}&#8221;][et_pb_column type=&#8221;4_4&#8243; _builder_version=&#8221;4.16&#8243; _module_preset=&#8221;default&#8221; global_colors_info=&#8221;{}&#8221;][et_pb_text _builder_version=&#8221;4.16&#8243; _module_preset=&#8221;default&#8221; header_font=&#8221;Mirza Regular|700|||||||&#8221; header_text_color=&#8221;gcid-01574703-79b7-4ccc-a838-b46c84bce17a&#8221; header_font_size=&#8221;100px&#8221; header_line_height=&#8221;50px&#8221; header_3_font=&#8221;|700|||||||&#8221; header_3_text_color=&#8221;gcid-01574703-79b7-4ccc-a838-b46c84bce17a&#8221; header_3_font_size=&#8221;40px&#8221; header_3_line_height=&#8221;45px&#8221; custom_margin=&#8221;||-10px||false|false&#8221; global_colors_info=&#8221;{%22gcid-01574703-79b7-4ccc-a838-b46c84bce17a%22:%91%22header_text_color%22,%22header_3_text_color%22%93}&#8221;]<\/p>\n<h3 style=\"text-align: center;\">MAMA CENTRAL CHAKRA<\/h3>\n<p>[\/et_pb_text][et_pb_text _builder_version=&#8221;4.25.2&#8243; _module_preset=&#8221;default&#8221; text_font=&#8221;Mirza Regular|500|||||||&#8221; text_font_size=&#8221;40px&#8221; text_line_height=&#8221;50px&#8221; header_font=&#8221;|700|||||||&#8221; header_text_color=&#8221;gcid-01574703-79b7-4ccc-a838-b46c84bce17a&#8221; header_font_size=&#8221;100px&#8221; header_3_text_color=&#8221;gcid-01574703-79b7-4ccc-a838-b46c84bce17a&#8221; header_3_font_size=&#8221;45px&#8221; header_3_line_height=&#8221;50px&#8221; custom_margin=&#8221;||0px||false|false&#8221; global_colors_info=&#8221;{%22gcid-01574703-79b7-4ccc-a838-b46c84bce17a%22:%91%22header_text_color%22,%22header_3_text_color%22%93}&#8221;]<\/p>\n<p style=\"text-align: center;\">\u00a0collabs, idea, programme, partnership<br \/>House Of Love Art &amp; Fun Agency<br \/>Marta Stoces<\/p>\n<p>[\/et_pb_text][et_pb_text _builder_version=&#8221;4.25.2&#8243; _module_preset=&#8221;default&#8221; text_font=&#8221;Palanquin Regular||||||||&#8221; text_font_size=&#8221;32px&#8221; text_line_height=&#8221;50px&#8221; header_font=&#8221;|700|||||||&#8221; header_text_color=&#8221;gcid-01574703-79b7-4ccc-a838-b46c84bce17a&#8221; header_font_size=&#8221;100px&#8221; header_3_text_color=&#8221;gcid-01574703-79b7-4ccc-a838-b46c84bce17a&#8221; header_3_font_size=&#8221;45px&#8221; header_3_line_height=&#8221;50px&#8221; hover_enabled=&#8221;0&#8243; global_colors_info=&#8221;{%22gcid-01574703-79b7-4ccc-a838-b46c84bce17a%22:%91%22header_text_color%22,%22header_3_text_color%22%93}&#8221; sticky_enabled=&#8221;0&#8243;]<\/p>\n<p style=\"text-align: center;\">\u00a0houseofloveoffice@gmail.com<\/p>\n<p>[\/et_pb_text][\/et_pb_column][\/et_pb_row][et_pb_row admin_label=&#8221;Join MAMA&#8221; _builder_version=&#8221;4.16&#8243; _module_preset=&#8221;default&#8221; max_width=&#8221;1400px&#8221; custom_margin=&#8221;||||false|false&#8221; global_colors_info=&#8221;{}&#8221;][et_pb_column type=&#8221;4_4&#8243; _builder_version=&#8221;4.16&#8243; _module_preset=&#8221;default&#8221; global_colors_info=&#8221;{}&#8221;][et_pb_text _builder_version=&#8221;4.16&#8243; _module_preset=&#8221;default&#8221; header_font=&#8221;Mirza Regular|700|||||||&#8221; header_text_color=&#8221;gcid-01574703-79b7-4ccc-a838-b46c84bce17a&#8221; header_font_size=&#8221;100px&#8221; header_line_height=&#8221;50px&#8221; header_3_font=&#8221;|700|||||||&#8221; header_3_text_color=&#8221;gcid-01574703-79b7-4ccc-a838-b46c84bce17a&#8221; header_3_font_size=&#8221;40px&#8221; header_3_line_height=&#8221;45px&#8221; custom_margin=&#8221;||-10px||false|false&#8221; link_option_url=&#8221;https:\/\/mamaglobalhealing.com\/open-call\/&#8221; global_colors_info=&#8221;{%22gcid-01574703-79b7-4ccc-a838-b46c84bce17a%22:%91%22header_text_color%22,%22header_3_text_color%22%93}&#8221;]<\/p>\n<h3 style=\"text-align: center;\"><span style=\"text-decoration: underline;\">JOIN MAMA!<\/span><\/h3>\n<p>[\/et_pb_text][et_pb_text _builder_version=&#8221;4.16&#8243; _module_preset=&#8221;default&#8221; text_font=&#8221;Mirza Regular|500|||||||&#8221; text_font_size=&#8221;40px&#8221; text_line_height=&#8221;50px&#8221; header_font=&#8221;|700|||||||&#8221; header_text_color=&#8221;gcid-01574703-79b7-4ccc-a838-b46c84bce17a&#8221; header_font_size=&#8221;100px&#8221; header_3_text_color=&#8221;gcid-01574703-79b7-4ccc-a838-b46c84bce17a&#8221; header_3_font_size=&#8221;45px&#8221; header_3_line_height=&#8221;50px&#8221; custom_margin=&#8221;||0px||false|false&#8221; global_colors_info=&#8221;{%22gcid-01574703-79b7-4ccc-a838-b46c84bce17a%22:%91%22header_text_color%22,%22header_3_text_color%22%93}&#8221;]<\/p>\n<p style=\"text-align: center;\">Zg\u0142o\u015b swoje moce do&nbsp;programu &#8211; poka\u017c si\u0119 MAMA spo\u0142eczno\u015bci<\/p>\n<p>[\/et_pb_text][\/et_pb_column][\/et_pb_row][et_pb_row admin_label=&#8221;Mama Galaxy&#8221; _builder_version=&#8221;4.16&#8243; _module_preset=&#8221;default&#8221; max_width=&#8221;1400px&#8221; custom_margin=&#8221;||||false|false&#8221; global_colors_info=&#8221;{}&#8221;][et_pb_column type=&#8221;4_4&#8243; _builder_version=&#8221;4.16&#8243; _module_preset=&#8221;default&#8221; global_colors_info=&#8221;{}&#8221;][et_pb_text _builder_version=&#8221;4.16&#8243; _module_preset=&#8221;default&#8221; link_font=&#8221;||||on||||&#8221; header_font=&#8221;Mirza Regular|700|||||||&#8221; header_text_color=&#8221;gcid-01574703-79b7-4ccc-a838-b46c84bce17a&#8221; header_font_size=&#8221;100px&#8221; header_line_height=&#8221;50px&#8221; header_3_font=&#8221;|700|||on||||&#8221; header_3_text_color=&#8221;gcid-01574703-79b7-4ccc-a838-b46c84bce17a&#8221; header_3_font_size=&#8221;40px&#8221; header_3_line_height=&#8221;45px&#8221; custom_margin=&#8221;||-10px||false|false&#8221; link_option_url=&#8221;https:\/\/landing.mailerlite.com\/webforms\/landing\/m0o9e0&#8243; link_option_url_new_window=&#8221;on&#8221; global_colors_info=&#8221;{%22gcid-01574703-79b7-4ccc-a838-b46c84bce17a%22:%91%22header_text_color%22,%22header_3_text_color%22%93}&#8221;]<\/p>\n<h3 style=\"text-align: center;\">STAY TUNED<\/h3>\n<p>[\/et_pb_text][et_pb_text _builder_version=&#8221;4.16&#8243; _module_preset=&#8221;default&#8221; text_font=&#8221;Mirza Regular|500|||||||&#8221; text_font_size=&#8221;40px&#8221; text_line_height=&#8221;50px&#8221; header_font=&#8221;|700|||||||&#8221; header_text_color=&#8221;gcid-01574703-79b7-4ccc-a838-b46c84bce17a&#8221; header_font_size=&#8221;100px&#8221; header_3_text_color=&#8221;gcid-01574703-79b7-4ccc-a838-b46c84bce17a&#8221; header_3_font_size=&#8221;45px&#8221; header_3_line_height=&#8221;50px&#8221; custom_margin=&#8221;||0px||false|false&#8221; global_colors_info=&#8221;{%22gcid-01574703-79b7-4ccc-a838-b46c84bce17a%22:%91%22header_text_color%22,%22header_3_text_color%22%93}&#8221;]<\/p>\n<p style=\"text-align: center;\">MAMA Galaxy newsletter<\/p>\n<p>[\/et_pb_text][\/et_pb_column][\/et_pb_row][\/et_pb_section]<\/p>","protected":false},"excerpt":{"rendered":"<p>KONTAKTBIUROe-bok, pytania organizacyjne\u00a0biuromamaglobal@gmail.comMAMA CENTRAL CHAKRA\u00a0wsp\u00f3\u0142praca, partnerzy, programHouse Of Love Art &amp; Fun AgencyMarta Stoces\u00a0houseofloveoffice@gmail.comJOIN MAMA!Zg\u0142o\u015b swoje moce do&nbsp;programu &#8211; poka\u017c si\u0119 MAMA spo\u0142eczno\u015bciSTAY TUNEDMAMA Galaxy newsletter<\/p>","protected":false},"author":1,"featured_media":0,"parent":0,"menu_order":0,"comment_status":"closed","ping_status":"closed","template":"","meta":{"_et_pb_use_builder":"on","_et_pb_old_content":"","_et_gb_content_width":"","footnotes":""},"class_list":["post-20","page","type-page","status-publish","hentry"],"yoast_head":"<!-- This site is optimized with the Yoast SEO plugin v25.1 - https:\/\/yoast.com\/wordpress\/plugins\/seo\/ -->\n<title>Kontakt - Mama Global Healing<\/title>\n<meta name=\"robots\" content=\"index, follow, max-snippet:-1, max-image-preview:large, max-video-preview:-1\" \/>\n<link rel=\"canonical\" href=\"https:\/\/mamaglobalhealing.com\/en\/kontakt\/\" \/>\n<meta property=\"og:locale\" content=\"en_GB\" \/>\n<meta property=\"og:type\" content=\"article\" \/>\n<meta property=\"og:title\" content=\"Kontakt - Mama Global Healing\" \/>\n<meta property=\"og:description\" content=\"KONTAKTBIUROe-bok, pytania organizacyjne\u00a0biuromamaglobal@gmail.comMAMA CENTRAL CHAKRA\u00a0wsp\u00f3\u0142praca, partnerzy, programHouse Of Love Art &amp; Fun AgencyMarta Stoces\u00a0houseofloveoffice@gmail.comJOIN MAMA!Zg\u0142o\u015b swoje moce do&nbsp;programu - poka\u017c si\u0119 MAMA spo\u0142eczno\u015bciSTAY TUNEDMAMA Galaxy newsletter\" \/>\n<meta property=\"og:url\" content=\"https:\/\/mamaglobalhealing.com\/en\/kontakt\/\" \/>\n<meta property=\"og:site_name\" content=\"Mama Global Healing\" \/>\n<meta property=\"article:modified_time\" content=\"2024-08-01T13:40:07+00:00\" \/>\n<meta name=\"twitter:card\" content=\"summary_large_image\" \/>\n<meta name=\"twitter:label1\" content=\"Estimated reading time\" \/>\n\t<meta name=\"twitter:data1\" content=\"1 minute\" \/>\n<script type=\"application\/ld+json\" class=\"yoast-schema-graph\">{\"@context\":\"https:\/\/schema.org\",\"@graph\":[{\"@type\":\"WebPage\",\"@id\":\"https:\/\/mamaglobalhealing.com\/kontakt\/\",\"url\":\"https:\/\/mamaglobalhealing.com\/kontakt\/\",\"name\":\"Kontakt - Mama Global Healing\",\"isPartOf\":{\"@id\":\"https:\/\/mamaglobalhealing.com\/#website\"},\"datePublished\":\"2022-02-28T10:50:56+00:00\",\"dateModified\":\"2024-08-01T13:40:07+00:00\",\"breadcrumb\":{\"@id\":\"https:\/\/mamaglobalhealing.com\/kontakt\/#breadcrumb\"},\"inLanguage\":\"en-GB\",\"potentialAction\":[{\"@type\":\"ReadAction\",\"target\":[\"https:\/\/mamaglobalhealing.com\/kontakt\/\"]}]},{\"@type\":\"BreadcrumbList\",\"@id\":\"https:\/\/mamaglobalhealing.com\/kontakt\/#breadcrumb\",\"itemListElement\":[{\"@type\":\"ListItem\",\"position\":1,\"name\":\"Strona g\u0142\u00f3wna\",\"item\":\"https:\/\/mamaglobalhealing.com\/\"},{\"@type\":\"ListItem\",\"position\":2,\"name\":\"Kontakt\"}]},{\"@type\":\"WebSite\",\"@id\":\"https:\/\/mamaglobalhealing.com\/#website\",\"url\":\"https:\/\/mamaglobalhealing.com\/\",\"name\":\"Mama Global Healing\",\"description\":\"Kolejna witryna WordPress\",\"potentialAction\":[{\"@type\":\"SearchAction\",\"target\":{\"@type\":\"EntryPoint\",\"urlTemplate\":\"https:\/\/mamaglobalhealing.com\/?s={search_term_string}\"},\"query-input\":{\"@type\":\"PropertyValueSpecification\",\"valueRequired\":true,\"valueName\":\"search_term_string\"}}],\"inLanguage\":\"en-GB\"}]}<\/script>\n<!-- \/ Yoast SEO plugin. -->","yoast_head_json":{"title":"Kontakt - Mama Global Healing","robots":{"index":"index","follow":"follow","max-snippet":"max-snippet:-1","max-image-preview":"max-image-preview:large","max-video-preview":"max-video-preview:-1"},"canonical":"https:\/\/mamaglobalhealing.com\/en\/kontakt\/","og_locale":"en_GB","og_type":"article","og_title":"Kontakt - Mama Global Healing","og_description":"KONTAKTBIUROe-bok, pytania organizacyjne\u00a0biuromamaglobal@gmail.comMAMA CENTRAL CHAKRA\u00a0wsp\u00f3\u0142praca, partnerzy, programHouse Of Love Art &amp; Fun AgencyMarta Stoces\u00a0houseofloveoffice@gmail.comJOIN MAMA!Zg\u0142o\u015b swoje moce do&nbsp;programu - poka\u017c si\u0119 MAMA spo\u0142eczno\u015bciSTAY TUNEDMAMA Galaxy newsletter","og_url":"https:\/\/mamaglobalhealing.com\/en\/kontakt\/","og_site_name":"Mama Global Healing","article_modified_time":"2024-08-01T13:40:07+00:00","twitter_card":"summary_large_image","twitter_misc":{"Estimated reading time":"1 minute"},"schema":{"@context":"https:\/\/schema.org","@graph":[{"@type":"WebPage","@id":"https:\/\/mamaglobalhealing.com\/kontakt\/","url":"https:\/\/mamaglobalhealing.com\/kontakt\/","name":"Kontakt - Mama Global Healing","isPartOf":{"@id":"https:\/\/mamaglobalhealing.com\/#website"},"datePublished":"2022-02-28T10:50:56+00:00","dateModified":"2024-08-01T13:40:07+00:00","breadcrumb":{"@id":"https:\/\/mamaglobalhealing.com\/kontakt\/#breadcrumb"},"inLanguage":"en-GB","potentialAction":[{"@type":"ReadAction","target":["https:\/\/mamaglobalhealing.com\/kontakt\/"]}]},{"@type":"BreadcrumbList","@id":"https:\/\/mamaglobalhealing.com\/kontakt\/#breadcrumb","itemListElement":[{"@type":"ListItem","position":1,"name":"Strona g\u0142\u00f3wna","item":"https:\/\/mamaglobalhealing.com\/"},{"@type":"ListItem","position":2,"name":"Kontakt"}]},{"@type":"WebSite","@id":"https:\/\/mamaglobalhealing.com\/#website","url":"https:\/\/mamaglobalhealing.com\/","name":"Mama Global Healing","description":"Kolejna witryna WordPress","potentialAction":[{"@type":"SearchAction","target":{"@type":"EntryPoint","urlTemplate":"https:\/\/mamaglobalhealing.com\/?s={search_term_string}"},"query-input":{"@type":"PropertyValueSpecification","valueRequired":true,"valueName":"search_term_string"}}],"inLanguage":"en-GB"}]}},"_links":{"self":[{"href":"https:\/\/mamaglobalhealing.com\/en\/wp-json\/wp\/v2\/pages\/20","targetHints":{"allow":["GET"]}}],"collection":[{"href":"https:\/\/mamaglobalhealing.com\/en\/wp-json\/wp\/v2\/pages"}],"about":[{"href":"https:\/\/mamaglobalhealing.com\/en\/wp-json\/wp\/v2\/types\/page"}],"author":[{"embeddable":true,"href":"https:\/\/mamaglobalhealing.com\/en\/wp-json\/wp\/v2\/users\/1"}],"replies":[{"embeddable":true,"href":"https:\/\/mamaglobalhealing.com\/en\/wp-json\/wp\/v2\/comments?post=20"}],"version-history":[{"count":19,"href":"https:\/\/mamaglobalhealing.com\/en\/wp-json\/wp\/v2\/pages\/20\/revisions"}],"predecessor-version":[{"id":6402,"href":"https:\/\/mamaglobalhealing.com\/en\/wp-json\/wp\/v2\/pages\/20\/revisions\/6402"}],"wp:attachment":[{"href":"https:\/\/mamaglobalhealing.com\/en\/wp-json\/wp\/v2\/media?parent=20"}],"curies":[{"name":"wp","href":"https:\/\/api.w.org\/{rel}","templated":true}]}}