{"id":2327,"date":"2022-04-14T20:40:49","date_gmt":"2022-04-14T20:40:49","guid":{"rendered":"https:\/\/mamaglobalhealing.com\/?page_id=2327"},"modified":"2022-06-03T10:30:09","modified_gmt":"2022-06-03T10:30:09","slug":"central-chakra","status":"publish","type":"page","link":"https:\/\/mamaglobalhealing.com\/en\/mama-line-up\/central-chakra\/","title":{"rendered":"Central Chakra"},"content":{"rendered":"<p>[et_pb_section fb_built=&#8221;1&#8243; custom_padding_last_edited=&#8221;on|phone&#8221; _builder_version=&#8221;4.14.9&#8243; _module_preset=&#8221;default&#8221; background_image=&#8221;https:\/\/mamaglobalhealing.com\/wp-content\/uploads\/2022\/04\/LINEUP-1.jpg&#8221; background_position=&#8221;top_center&#8221; custom_padding=&#8221;200px||150px||false|false&#8221; custom_padding_tablet=&#8221;||150px||false|false&#8221; custom_padding_phone=&#8221;150px||150px||false|false&#8221; background_last_edited=&#8221;on|phone&#8221; background_position_phone=&#8221;center&#8221; da_disable_devices=&#8221;off|off|off&#8221; global_colors_info=&#8221;{}&#8221; da_is_popup=&#8221;off&#8221; da_exit_intent=&#8221;off&#8221; da_has_close=&#8221;on&#8221; da_alt_close=&#8221;off&#8221; da_dark_close=&#8221;off&#8221; da_not_modal=&#8221;on&#8221; da_is_singular=&#8221;off&#8221; da_with_loader=&#8221;off&#8221; da_has_shadow=&#8221;on&#8221;][et_pb_row _builder_version=&#8221;4.14.8&#8243; _module_preset=&#8221;default&#8221; max_width=&#8221;1400px&#8221; global_colors_info=&#8221;{}&#8221;][et_pb_column type=&#8221;4_4&#8243; _builder_version=&#8221;4.14.8&#8243; _module_preset=&#8221;default&#8221; global_colors_info=&#8221;{}&#8221;][et_pb_text admin_label=&#8221;Central Chakra&#8221; _builder_version=&#8221;4.14.9&#8243; _module_preset=&#8221;default&#8221; header_font=&#8221;Mirza Regular|700|||||||&#8221; header_text_color=&#8221;#27292d&#8221; header_font_size=&#8221;55px&#8221; header_line_height=&#8221;55px&#8221; custom_margin=&#8221;||||false|false&#8221; header_font_size_tablet=&#8221;75px&#8221; header_font_size_phone=&#8221;50px&#8221; header_font_size_last_edited=&#8221;on|phone&#8221; header_line_height_tablet=&#8221;75px&#8221; header_line_height_phone=&#8221;55px&#8221; header_line_height_last_edited=&#8221;on|phone&#8221; global_colors_info=&#8221;{}&#8221;]<\/p>\n<h1 style=\"text-align: center;\">Central Chakra<\/h1>\n<p>[\/et_pb_text][\/et_pb_column][\/et_pb_row][et_pb_row column_structure=&#8221;1_2,1_2&#8243; _builder_version=&#8221;4.14.9&#8243; _module_preset=&#8221;default&#8221; global_colors_info=&#8221;{}&#8221;][et_pb_column type=&#8221;1_2&#8243; _builder_version=&#8221;4.14.9&#8243; _module_preset=&#8221;default&#8221; global_colors_info=&#8221;{}&#8221;][et_pb_image src=&#8221;https:\/\/mamaglobalhealing.com\/wp-content\/uploads\/2022\/04\/CENTRAL-CHACKRA-_-Big-Restaurant-.jpg&#8221; title_text=&#8221;CENTRAL CHACKRA _ Big Restaurant&#8221; _builder_version=&#8221;4.14.9&#8243; _module_preset=&#8221;default&#8221; global_colors_info=&#8221;{}&#8221;][\/et_pb_image][\/et_pb_column][et_pb_column type=&#8221;1_2&#8243; _builder_version=&#8221;4.14.9&#8243; _module_preset=&#8221;default&#8221; global_colors_info=&#8221;{}&#8221;][et_pb_text admin_label=&#8221;Pi\u0105tek 01.07&#8243; module_id=&#8221;lineup-pt&#8221; _builder_version=&#8221;4.14.9&#8243; _module_preset=&#8221;40d43100-dd85-414b-ba00-feb63554ac44&#8243; hover_enabled=&#8221;0&#8243; global_colors_info=&#8221;{}&#8221; sticky_enabled=&#8221;0&#8243;]<\/p>\n<h2>Pi\u0105tek 01.07<\/h2>\n<p>[\/et_pb_text][et_pb_text admin_label=&#8221;Tekst&#8221; module_id=&#8221;lineup-pt-text&#8221; _builder_version=&#8221;4.14.9&#8243; _module_preset=&#8221;9cab8a29-465b-40d0-8ef5-3329daa2781c&#8221; hover_enabled=&#8221;0&#8243; global_colors_info=&#8221;{}&#8221; sticky_enabled=&#8221;0&#8243;]<\/p>\n<p><span class=\"lineup-time\">10:00 &#8211; 13:00<\/span> <a href=\"https:\/\/mamaglobalhealing.com\/en\/product\/basic-sexed-czyli-kurs-podstawowej-edukacji-seksualnej-dla-doroslych-od-16-lat\/\">BASIC SexEd czyli kurs podstawowej edukacji seksualnej dla doros\u0142ych (16+)<\/a> | Karo Akabal<\/p>\n<p><span class=\"lineup-time\">14:30 &#8211; 16:30<\/span> <a href=\"https:\/\/mamaglobalhealing.com\/en\/product\/pogotowie-fotograficzne-dla-rodzicow-pierwsza-pomoc\/\">Warsztat FOTO &#8211; pogotowie fotograficzne dla rodzic\u00f3w \u2013 pierwsza pomoc<\/a> | Kolektyw AZ: Aga Mocarska + Zuzia Jach<\/p>\n<p><span class=\"lineup-time\">19:00 &#8211; 20:30<\/span> <a href=\"https:\/\/mamaglobalhealing.com\/en\/product\/obrzedy-przejscia-wyklad\/\">Obrz\u0119dy przej\u015bcia &#8211; wyk\u0142ad<\/a> | Kasia Dorota Urban Magia<\/p>\n<p>[\/et_pb_text][et_pb_text admin_label=&#8221;Sobota 02.07&#8243; module_id=&#8221;lineup-sb&#8221; _builder_version=&#8221;4.14.9&#8243; _module_preset=&#8221;40d43100-dd85-414b-ba00-feb63554ac44&#8243; global_colors_info=&#8221;{}&#8221;]<\/p>\n<h2>Sobota 02.07<\/h2>\n<p>[\/et_pb_text][et_pb_text admin_label=&#8221;Tekst&#8221; module_id=&#8221;lineup-sb-text&#8221; _builder_version=&#8221;4.14.9&#8243; _module_preset=&#8221;9cab8a29-465b-40d0-8ef5-3329daa2781c&#8221; global_colors_info=&#8221;{}&#8221;]<\/p>\n<p><span class=\"lineup-time\">10:00 &#8211; 11:30<\/span><a href=\"https:\/\/mamaglobalhealing.com\/en\/product\/wyklad-5-zywiolow-5-toksyn\/\"> 5 \u017cywio\u0142\u00f3w, 5 toksyn &#8211; wyk\u0142ad<\/a> | Bartosz Ayu Bobkowski<\/p>\n<p><span class=\"lineup-time\">12:00 &#8211; 13:30<\/span> <a href=\"https:\/\/mamaglobalhealing.com\/en\/product\/spotkanie-z-ksiazka-voca-ilnicka\/\">Poza dziewic\u0105 i dziwk\u0105 | Pe\u0142nia kobiecej seksualno\u015bci | Spotkanie z ksi\u0105\u017ck\u0105<\/a> | Voca Ilnicka<\/p>\n<p><span class=\"lineup-time\">14:30 &#8211; 15:30<\/span> <a href=\"https:\/\/mamaglobalhealing.com\/en\/product\/szkola-bez-szkoly-jak-spolecznosc-moze-zastapic-szkole-wyklad\/\">Szko\u0142a bez szko\u0142y. Jak spo\u0142eczno\u015b\u0107 mo\u017ce zast\u0105pi\u0107 szko\u0142\u0119?<\/a> | Mariusz Truszkowski<\/p>\n<p><span class=\"lineup-time\">16:30 &#8211; 18:00<\/span> <a href=\"https:\/\/mamaglobalhealing.com\/en\/product\/ajurweda-jak-zyc-wyklad\/\">Ajurweda &#8211; jak \u017cy\u0107 | wyk\u0142ad<\/a> | Bartek Ayu Bobkowski<\/p>\n<p><span class=\"lineup-time\">18:30 &#8211; 19:00<\/span> <a href=\"https:\/\/mamaglobalhealing.com\/en\/product\/pogadanka-smak-mini-wyklad-duzy-wklad\/\">Pogadanka &#8222;SMAK&#8221; | mini wyk\u0142ad, du\u017cy wk\u0142ad<\/a> | Tomasz Hartman<\/p>\n<p>[\/et_pb_text][et_pb_text admin_label=&#8221;Niedziela 03.07&#8243; module_id=&#8221;lineup-ndz&#8221; _builder_version=&#8221;4.14.9&#8243; _module_preset=&#8221;40d43100-dd85-414b-ba00-feb63554ac44&#8243; global_colors_info=&#8221;{}&#8221;]<\/p>\n<h2>Niedziela 03.07<\/h2>\n<p>[\/et_pb_text][et_pb_text admin_label=&#8221;Tekst&#8221; module_id=&#8221;lineup-ndz-text&#8221; _builder_version=&#8221;4.14.9&#8243; _module_preset=&#8221;9cab8a29-465b-40d0-8ef5-3329daa2781c&#8221; hover_enabled=&#8221;0&#8243; global_colors_info=&#8221;{}&#8221; sticky_enabled=&#8221;0&#8243;]<\/p>\n<p><span class=\"lineup-time\">10:00 &#8211; 13:00<\/span> <a href=\"https:\/\/mamaglobalhealing.com\/en\/product\/ekonomia-daru\/\">Ekonomia daru &#8211; czy tak da si\u0119 \u017cy\u0107?<\/a> | Karo Akabal<\/p>\n<p><span class=\"lineup-time\">14:30 &#8211; 16:00<\/span> <a href=\"https:\/\/mamaglobalhealing.com\/en\/product\/uziemiajace-korki-z-liczenia\/\">Uziemiaj\u0105ce korki z liczenia<\/a> | Agata Dutkowska | Lataj\u0105ca Szko\u0142a<\/p>\n<p>[\/et_pb_text][et_pb_text admin_label=&#8221;Kup MAMA Pass&#8221; _builder_version=&#8221;4.14.9&#8243; _module_preset=&#8221;c24e16dc-b3b9-4f35-9a8d-48f461de6852&#8243; width=&#8221;60%&#8221; module_alignment=&#8221;left&#8221; custom_margin=&#8221;50px||||false|false&#8221; link_option_url=&#8221;https:\/\/mamaglobalhealing.com\/mama-pass\/&#8221; global_colors_info=&#8221;{}&#8221;]<\/p>\n<p style=\"text-align: center;\">Buy MAMA PASS<\/p>\n<p>[\/et_pb_text][et_pb_text admin_label=&#8221;Kup MAMA PASS Safari&#8221; _builder_version=&#8221;4.14.9&#8243; _module_preset=&#8221;587eff9a-de2c-4f32-82fd-a4061418645b&#8221; width=&#8221;60%&#8221; module_alignment=&#8221;left&#8221; custom_margin=&#8221;50px||||false|false&#8221; link_option_url=&#8221;https:\/\/mamaglobalhealing.com\/mama-pass\/&#8221; global_colors_info=&#8221;{}&#8221;]<\/p>\n<p style=\"text-align: center;\">Buy MAMA PASS<\/p>\n<p>[\/et_pb_text][\/et_pb_column][\/et_pb_row][\/et_pb_section]<\/p>","protected":false},"excerpt":{"rendered":"<p>Central ChakraPi\u0105tek 01.0710:00 &#8211; 13:00 BASIC SexEd czyli kurs podstawowej edukacji seksualnej dla doros\u0142ych (16+) | Karo Akabal 14:30 &#8211; 16:30 Warsztat FOTO &#8211; pogotowie fotograficzne dla rodzic\u00f3w \u2013 pierwsza pomoc | Kolektyw AZ: Aga Mocarska + Zuzia Jach 19:00 &#8211; 20:30 Obrz\u0119dy przej\u015bcia &#8211; wyk\u0142ad | Kasia Dorota Urban MagiaSobota 02.0710:00 &#8211; 11:30 5 [&hellip;]<\/p>","protected":false},"author":1,"featured_media":0,"parent":1497,"menu_order":0,"comment_status":"closed","ping_status":"closed","template":"","meta":{"_et_pb_use_builder":"on","_et_pb_old_content":"","_et_gb_content_width":"","footnotes":""},"class_list":["post-2327","page","type-page","status-publish","hentry"],"yoast_head":"<!-- This site is optimized with the Yoast SEO plugin v25.1 - https:\/\/yoast.com\/wordpress\/plugins\/seo\/ -->\n<title>Central Chakra - Mama Global Healing<\/title>\n<meta name=\"robots\" content=\"index, follow, max-snippet:-1, max-image-preview:large, max-video-preview:-1\" \/>\n<link rel=\"canonical\" href=\"https:\/\/mamaglobalhealing.com\/en\/mama-line-up\/central-chakra\/\" \/>\n<meta property=\"og:locale\" content=\"en_GB\" \/>\n<meta property=\"og:type\" content=\"article\" \/>\n<meta property=\"og:title\" content=\"Central Chakra - Mama Global Healing\" \/>\n<meta property=\"og:description\" content=\"Central ChakraPi\u0105tek 01.0710:00 - 13:00 BASIC SexEd czyli kurs podstawowej edukacji seksualnej dla doros\u0142ych (16+) | Karo Akabal 14:30 - 16:30 Warsztat FOTO - pogotowie fotograficzne dla rodzic\u00f3w \u2013 pierwsza pomoc | Kolektyw AZ: Aga Mocarska + Zuzia Jach 19:00 - 20:30 Obrz\u0119dy przej\u015bcia - wyk\u0142ad | Kasia Dorota Urban MagiaSobota 02.0710:00 - 11:30 5 [&hellip;]\" \/>\n<meta property=\"og:url\" content=\"https:\/\/mamaglobalhealing.com\/en\/mama-line-up\/central-chakra\/\" \/>\n<meta property=\"og:site_name\" content=\"Mama Global Healing\" \/>\n<meta property=\"article:modified_time\" content=\"2022-06-03T10:30:09+00:00\" \/>\n<meta name=\"twitter:card\" content=\"summary_large_image\" \/>\n<meta name=\"twitter:label1\" content=\"Estimated reading time\" \/>\n\t<meta name=\"twitter:data1\" content=\"3 minutes\" \/>\n<script type=\"application\/ld+json\" class=\"yoast-schema-graph\">{\"@context\":\"https:\/\/schema.org\",\"@graph\":[{\"@type\":\"WebPage\",\"@id\":\"https:\/\/mamaglobalhealing.com\/mama-line-up\/central-chakra\/\",\"url\":\"https:\/\/mamaglobalhealing.com\/mama-line-up\/central-chakra\/\",\"name\":\"Central Chakra - Mama Global Healing\",\"isPartOf\":{\"@id\":\"https:\/\/mamaglobalhealing.com\/#website\"},\"datePublished\":\"2022-04-14T20:40:49+00:00\",\"dateModified\":\"2022-06-03T10:30:09+00:00\",\"breadcrumb\":{\"@id\":\"https:\/\/mamaglobalhealing.com\/mama-line-up\/central-chakra\/#breadcrumb\"},\"inLanguage\":\"en-GB\",\"potentialAction\":[{\"@type\":\"ReadAction\",\"target\":[\"https:\/\/mamaglobalhealing.com\/mama-line-up\/central-chakra\/\"]}]},{\"@type\":\"BreadcrumbList\",\"@id\":\"https:\/\/mamaglobalhealing.com\/mama-line-up\/central-chakra\/#breadcrumb\",\"itemListElement\":[{\"@type\":\"ListItem\",\"position\":1,\"name\":\"Strona g\u0142\u00f3wna\",\"item\":\"https:\/\/mamaglobalhealing.com\/\"},{\"@type\":\"ListItem\",\"position\":2,\"name\":\"MAMA Line up\",\"item\":\"https:\/\/mamaglobalhealing.com\/en\/mama-line-up\/\"},{\"@type\":\"ListItem\",\"position\":3,\"name\":\"Central Chakra\"}]},{\"@type\":\"WebSite\",\"@id\":\"https:\/\/mamaglobalhealing.com\/#website\",\"url\":\"https:\/\/mamaglobalhealing.com\/\",\"name\":\"Mama Global Healing\",\"description\":\"Kolejna witryna WordPress\",\"potentialAction\":[{\"@type\":\"SearchAction\",\"target\":{\"@type\":\"EntryPoint\",\"urlTemplate\":\"https:\/\/mamaglobalhealing.com\/?s={search_term_string}\"},\"query-input\":{\"@type\":\"PropertyValueSpecification\",\"valueRequired\":true,\"valueName\":\"search_term_string\"}}],\"inLanguage\":\"en-GB\"}]}<\/script>\n<!-- \/ Yoast SEO plugin. -->","yoast_head_json":{"title":"Central Chakra - Mama Global Healing","robots":{"index":"index","follow":"follow","max-snippet":"max-snippet:-1","max-image-preview":"max-image-preview:large","max-video-preview":"max-video-preview:-1"},"canonical":"https:\/\/mamaglobalhealing.com\/en\/mama-line-up\/central-chakra\/","og_locale":"en_GB","og_type":"article","og_title":"Central Chakra - Mama Global Healing","og_description":"Central ChakraPi\u0105tek 01.0710:00 - 13:00 BASIC SexEd czyli kurs podstawowej edukacji seksualnej dla doros\u0142ych (16+) | Karo Akabal 14:30 - 16:30 Warsztat FOTO - pogotowie fotograficzne dla rodzic\u00f3w \u2013 pierwsza pomoc | Kolektyw AZ: Aga Mocarska + Zuzia Jach 19:00 - 20:30 Obrz\u0119dy przej\u015bcia - wyk\u0142ad | Kasia Dorota Urban MagiaSobota 02.0710:00 - 11:30 5 [&hellip;]","og_url":"https:\/\/mamaglobalhealing.com\/en\/mama-line-up\/central-chakra\/","og_site_name":"Mama Global Healing","article_modified_time":"2022-06-03T10:30:09+00:00","twitter_card":"summary_large_image","twitter_misc":{"Estimated reading time":"3 minutes"},"schema":{"@context":"https:\/\/schema.org","@graph":[{"@type":"WebPage","@id":"https:\/\/mamaglobalhealing.com\/mama-line-up\/central-chakra\/","url":"https:\/\/mamaglobalhealing.com\/mama-line-up\/central-chakra\/","name":"Central Chakra - Mama Global Healing","isPartOf":{"@id":"https:\/\/mamaglobalhealing.com\/#website"},"datePublished":"2022-04-14T20:40:49+00:00","dateModified":"2022-06-03T10:30:09+00:00","breadcrumb":{"@id":"https:\/\/mamaglobalhealing.com\/mama-line-up\/central-chakra\/#breadcrumb"},"inLanguage":"en-GB","potentialAction":[{"@type":"ReadAction","target":["https:\/\/mamaglobalhealing.com\/mama-line-up\/central-chakra\/"]}]},{"@type":"BreadcrumbList","@id":"https:\/\/mamaglobalhealing.com\/mama-line-up\/central-chakra\/#breadcrumb","itemListElement":[{"@type":"ListItem","position":1,"name":"Strona g\u0142\u00f3wna","item":"https:\/\/mamaglobalhealing.com\/"},{"@type":"ListItem","position":2,"name":"MAMA Line up","item":"https:\/\/mamaglobalhealing.com\/en\/mama-line-up\/"},{"@type":"ListItem","position":3,"name":"Central Chakra"}]},{"@type":"WebSite","@id":"https:\/\/mamaglobalhealing.com\/#website","url":"https:\/\/mamaglobalhealing.com\/","name":"Mama Global Healing","description":"Kolejna witryna WordPress","potentialAction":[{"@type":"SearchAction","target":{"@type":"EntryPoint","urlTemplate":"https:\/\/mamaglobalhealing.com\/?s={search_term_string}"},"query-input":{"@type":"PropertyValueSpecification","valueRequired":true,"valueName":"search_term_string"}}],"inLanguage":"en-GB"}]}},"_links":{"self":[{"href":"https:\/\/mamaglobalhealing.com\/en\/wp-json\/wp\/v2\/pages\/2327","targetHints":{"allow":["GET"]}}],"collection":[{"href":"https:\/\/mamaglobalhealing.com\/en\/wp-json\/wp\/v2\/pages"}],"about":[{"href":"https:\/\/mamaglobalhealing.com\/en\/wp-json\/wp\/v2\/types\/page"}],"author":[{"embeddable":true,"href":"https:\/\/mamaglobalhealing.com\/en\/wp-json\/wp\/v2\/users\/1"}],"replies":[{"embeddable":true,"href":"https:\/\/mamaglobalhealing.com\/en\/wp-json\/wp\/v2\/comments?post=2327"}],"version-history":[{"count":9,"href":"https:\/\/mamaglobalhealing.com\/en\/wp-json\/wp\/v2\/pages\/2327\/revisions"}],"predecessor-version":[{"id":4082,"href":"https:\/\/mamaglobalhealing.com\/en\/wp-json\/wp\/v2\/pages\/2327\/revisions\/4082"}],"up":[{"embeddable":true,"href":"https:\/\/mamaglobalhealing.com\/en\/wp-json\/wp\/v2\/pages\/1497"}],"wp:attachment":[{"href":"https:\/\/mamaglobalhealing.com\/en\/wp-json\/wp\/v2\/media?parent=2327"}],"curies":[{"name":"wp","href":"https:\/\/api.w.org\/{rel}","templated":true}]}}