{"id":2331,"date":"2022-04-14T20:41:34","date_gmt":"2022-04-14T20:41:34","guid":{"rendered":"https:\/\/mamaglobalhealing.com\/?page_id=2331"},"modified":"2022-06-28T17:37:55","modified_gmt":"2022-06-28T17:37:55","slug":"house-of-love","status":"publish","type":"page","link":"https:\/\/mamaglobalhealing.com\/en\/mama-line-up\/house-of-love\/","title":{"rendered":"House of Love"},"content":{"rendered":"<p>[et_pb_section fb_built=&#8221;1&#8243; custom_padding_last_edited=&#8221;on|phone&#8221; _builder_version=&#8221;4.14.9&#8243; _module_preset=&#8221;default&#8221; background_image=&#8221;https:\/\/mamaglobalhealing.com\/wp-content\/uploads\/2022\/04\/LINEUP-1.jpg&#8221; background_position=&#8221;top_center&#8221; custom_padding=&#8221;200px||150px||false|false&#8221; custom_padding_tablet=&#8221;||150px||false|false&#8221; custom_padding_phone=&#8221;150px||150px||false|false&#8221; background_last_edited=&#8221;on|phone&#8221; background_position_phone=&#8221;center&#8221; da_disable_devices=&#8221;off|off|off&#8221; global_colors_info=&#8221;{}&#8221; da_is_popup=&#8221;off&#8221; da_exit_intent=&#8221;off&#8221; da_has_close=&#8221;on&#8221; da_alt_close=&#8221;off&#8221; da_dark_close=&#8221;off&#8221; da_not_modal=&#8221;on&#8221; da_is_singular=&#8221;off&#8221; da_with_loader=&#8221;off&#8221; da_has_shadow=&#8221;on&#8221;][et_pb_row _builder_version=&#8221;4.14.8&#8243; _module_preset=&#8221;default&#8221; max_width=&#8221;1400px&#8221; global_colors_info=&#8221;{}&#8221;][et_pb_column type=&#8221;4_4&#8243; _builder_version=&#8221;4.14.8&#8243; _module_preset=&#8221;default&#8221; global_colors_info=&#8221;{}&#8221;][et_pb_text admin_label=&#8221;House of love&#8221; _builder_version=&#8221;4.14.9&#8243; _module_preset=&#8221;default&#8221; header_font=&#8221;Mirza Regular|700|||||||&#8221; header_text_color=&#8221;#27292d&#8221; header_font_size=&#8221;55px&#8221; header_line_height=&#8221;55px&#8221; custom_margin=&#8221;||||false|false&#8221; header_font_size_tablet=&#8221;75px&#8221; header_font_size_phone=&#8221;50px&#8221; header_font_size_last_edited=&#8221;on|phone&#8221; header_line_height_tablet=&#8221;75px&#8221; header_line_height_phone=&#8221;55px&#8221; header_line_height_last_edited=&#8221;on|phone&#8221; global_colors_info=&#8221;{}&#8221;]<\/p>\n<h1 style=\"text-align: center;\">House of Love<\/h1>\n<p>[\/et_pb_text][\/et_pb_column][\/et_pb_row][et_pb_row column_structure=&#8221;1_2,1_2&#8243; _builder_version=&#8221;4.14.9&#8243; _module_preset=&#8221;default&#8221; global_colors_info=&#8221;{}&#8221;][et_pb_column type=&#8221;1_2&#8243; _builder_version=&#8221;4.14.9&#8243; _module_preset=&#8221;default&#8221; global_colors_info=&#8221;{}&#8221;][et_pb_image src=&#8221;https:\/\/mamaglobalhealing.com\/wp-content\/uploads\/2022\/04\/HOUSE-OF-LOVE.jpg&#8221; title_text=&#8221;HOUSE OF LOVE&#8221; _builder_version=&#8221;4.14.9&#8243; _module_preset=&#8221;default&#8221; global_colors_info=&#8221;{}&#8221;][\/et_pb_image][\/et_pb_column][et_pb_column type=&#8221;1_2&#8243; _builder_version=&#8221;4.14.9&#8243; _module_preset=&#8221;default&#8221; global_colors_info=&#8221;{}&#8221;][et_pb_text admin_label=&#8221;Czwartek 30.06&#8243; module_id=&#8221;lineup-pt&#8221; _builder_version=&#8221;4.14.9&#8243; _module_preset=&#8221;40d43100-dd85-414b-ba00-feb63554ac44&#8243; global_colors_info=&#8221;{}&#8221;]<\/p>\n<h2>Czwartek 30.06\u00a0<\/h2>\n<p>[\/et_pb_text][et_pb_text admin_label=&#8221;Tekst&#8221; module_id=&#8221;lineup-pt-text&#8221; _builder_version=&#8221;4.14.9&#8243; _module_preset=&#8221;9cab8a29-465b-40d0-8ef5-3329daa2781c&#8221; global_colors_info=&#8221;{}&#8221;]<\/p>\n<p><span class=\"lineup-time\"> 20:30 &#8211; 21:30 <\/span> <a href=\"https:\/\/mamaglobalhealing.com\/en\/product\/moving-in-the-unknown\/\"> Moving in the unknown ENG<\/a> | Albert Bitton<\/span><\/p>\n<p><span class=\"lineup-time\"> 21:30 &#8211; 22:30 <\/span> <a href=\"https:\/\/mamaglobalhealing.com\/en\/product\/moving-in-the-unknown\/\"> Soft Eros Temple <\/a> Power of Eros <\/span>[\/et_pb_text][et_pb_text admin_label=&#8221;Pi\u0105tek 01.07&#8243; module_id=&#8221;lineup-pt&#8221; _builder_version=&#8221;4.14.9&#8243; _module_preset=&#8221;40d43100-dd85-414b-ba00-feb63554ac44&#8243; global_colors_info=&#8221;{}&#8221;]<\/p>\n<h2>Pi\u0105tek 01.07<\/h2>\n<p>[\/et_pb_text][et_pb_text admin_label=&#8221;Tekst&#8221; module_id=&#8221;lineup-pt-text&#8221; _builder_version=&#8221;4.14.9&#8243; _module_preset=&#8221;9cab8a29-465b-40d0-8ef5-3329daa2781c&#8221; hover_enabled=&#8221;0&#8243; global_colors_info=&#8221;{}&#8221; sticky_enabled=&#8221;0&#8243;]<\/p>\n<p><span class=\"lineup-time\">9:30 &#8211; 11:30 <\/span><a href=\"https:\/\/mamaglobalhealing.com\/en\/product\/piersi-ukochane\/\">Piersi Ukochane<\/a> | Katarzyna Hedone Kucharska<\/span><\/p>\n<p><span class=\"lineup-time\">12:00 &#8211; 14:00 <\/span> <a href=\"https:\/\/mamaglobalhealing.com\/en\/product\/lilith-wraca-do-raju-kasia-auli-barszczynska\/\">Lilith wraca do Raju<\/a> | Kasia Auli Barszczy\u0144ska<\/span><\/p>\n<p><span class=\"lineup-time\">15:00 &#8211; 17:00 <\/span> <a href=\"https:\/\/mamaglobalhealing.com\/en\/product\/mistic-flow\/\">Mystic flow &#8211; conscious relating 18+<\/a>\u00a0| Aleksandra Maria Love\u00a0<\/span><\/p>\n<p><span class=\"lineup-time\">17:30 &#8211; 19:30 <\/span> <a href=\"https:\/\/mamaglobalhealing.com\/wp-admin\/post.php?post=2718&amp;action=edit\">Seksualno\u015b\u0107 wed\u0142ug tao i medycyny chi\u0144skiej | Ina Kubas<\/a> <\/span><\/p>\n<p><span class=\"lineup-time\">20:00 &#8211; 21:00 <\/span><a href=\"https:\/\/mamaglobalhealing.com\/en\/product\/inner-lover-dance\/\">Inner Lover Dance | Kate Chojna<\/a> <\/span><\/p>\n<p><span class=\"lineup-time\">21:30 &#8211; 01:30 <\/span> <a href=\"https:\/\/mamaglobalhealing.com\/en\/product\/cacao-z-aleksandra\/\">Eros Cocoa Ceremony | Soft Temple Night 21+ ENG | Eros Medicine<\/a> <\/span><\/p>\n<p>[\/et_pb_text][et_pb_text admin_label=&#8221;Sobota 02.07&#8243; module_id=&#8221;lineup-sb&#8221; _builder_version=&#8221;4.14.9&#8243; _module_preset=&#8221;40d43100-dd85-414b-ba00-feb63554ac44&#8243; global_colors_info=&#8221;{}&#8221;]<\/p>\n<h2>Sobota 02.07<\/h2>\n<p>[\/et_pb_text][et_pb_text admin_label=&#8221;Tekst&#8221; module_id=&#8221;lineup-sb-text&#8221; _builder_version=&#8221;4.14.9&#8243; _module_preset=&#8221;9cab8a29-465b-40d0-8ef5-3329daa2781c&#8221; global_colors_info=&#8221;{}&#8221;]<\/p>\n<p><span class=\"lineup-time\">09:00 &#8211; 10:00 <a href=\"https:\/\/mamaglobalhealing.com\/en\/product\/latihan\/\"><span data-sheets-value=\"{&quot;1&quot;:2,&quot;2&quot;:&quot;Latihan - moving in the unknown\\nAlbert Bitton&quot;}\" data-sheets-userformat=\"{&quot;2&quot;:27587,&quot;3&quot;:{&quot;1&quot;:0},&quot;4&quot;:{&quot;1&quot;:2,&quot;2&quot;:4061696},&quot;9&quot;:1,&quot;10&quot;:1,&quot;11&quot;:4,&quot;12&quot;:0,&quot;14&quot;:{&quot;1&quot;:2,&quot;2&quot;:16777215},&quot;16&quot;:9,&quot;17&quot;:1}\">Latihan &#8211; moving in the unknown ENG | Albert Bitton<\/span><\/a><\/span><\/p>\n<p><span class=\"lineup-time\">10:30 &#8211; 13:00 <a href=\"https:\/\/mamaglobalhealing.com\/en\/product\/blisko-blizej-warsztat-dotyku\/\"><span data-sheets-value=\"{&quot;1&quot;:2,&quot;2&quot;:&quot;Blisko bli\u017cej - warsztat dotyku mieszany\\nKatarzyna Hedone Kucharska&quot;}\" data-sheets-userformat=\"{&quot;2&quot;:25539,&quot;3&quot;:{&quot;1&quot;:0},&quot;4&quot;:{&quot;1&quot;:2,&quot;2&quot;:12745632},&quot;9&quot;:1,&quot;10&quot;:1,&quot;11&quot;:4,&quot;12&quot;:0,&quot;16&quot;:9,&quot;17&quot;:1}\">Blisko &#8211; bli\u017cej. Warsztat dotyku i komunikacji intymnej | Katarzyna Hedone Kucharska<\/span><\/a><\/span><\/p>\n<p><span class=\"lineup-time\">14:00 &#8211; 16:00 <a href=\"https:\/\/mamaglobalhealing.com\/en\/product\/cialolubny-warsztat\/\"><span data-sheets-value=\"{&quot;1&quot;:2,&quot;2&quot;:&quot;Cia\u0142olubny kr\u0105g\\nOlga Turczak&quot;}\" data-sheets-userformat=\"{&quot;2&quot;:25539,&quot;3&quot;:{&quot;1&quot;:0},&quot;4&quot;:{&quot;1&quot;:2,&quot;2&quot;:16737123},&quot;9&quot;:1,&quot;10&quot;:1,&quot;11&quot;:4,&quot;12&quot;:0,&quot;16&quot;:9,&quot;17&quot;:1}\">Cia\u0142olubny kr\u0105g | Olga Turczak<\/span><\/a><\/span><\/p>\n<p>16:30 &#8211; 18:00 <a href=\"https:\/\/mamaglobalhealing.com\/en\/product\/eco-sex\/\">Eco Sex | Dominika Drop\u00a0<\/a><\/p>\n<p>18:30 &#8211; 20:30 <a href=\"https:\/\/mamaglobalhealing.com\/en\/product\/rbdsm-boudries-and-desires\/\">Boudries and Desires | Albert Bitton<\/a><\/p>\n<p>21:30 &#8211; 01:30 <a href=\"https:\/\/mamaglobalhealing.com\/en\/product\/temple-night-soft\/\">Soft Temple Night 21+<\/a> | Eros Medicine<\/p>\n<p>[\/et_pb_text][et_pb_text admin_label=&#8221;Niedziela 03.07&#8243; module_id=&#8221;lineup-ndz&#8221; _builder_version=&#8221;4.14.9&#8243; _module_preset=&#8221;40d43100-dd85-414b-ba00-feb63554ac44&#8243; global_colors_info=&#8221;{}&#8221;]<\/p>\n<h2>Niedziela 03.07<\/h2>\n<p>[\/et_pb_text][et_pb_text admin_label=&#8221;Tekst&#8221; module_id=&#8221;lineup-ndz-text&#8221; _builder_version=&#8221;4.14.9&#8243; _module_preset=&#8221;9cab8a29-465b-40d0-8ef5-3329daa2781c&#8221; global_colors_info=&#8221;{}&#8221;]<\/p>\n<p><span class=\"lineup-time\">10:00 &#8211; 12:00 <a href=\"https:\/\/mamaglobalhealing.com\/en\/product\/erotic-mama-sensual-sisterhood\/\">Erotic Mama Sensual Sisterhood 21+ PL\/ENG | Aleksandra Maria Love<\/a><\/span><\/p>\n<p><span class=\"lineup-time\">12:30 &#8211; 14:30 <a href=\"https:\/\/mamaglobalhealing.com\/en\/product\/firedance-naked-pl-eng-marta-ziolek\/\">Firedance &#8211; naked 21+ PL\/ENG\u00a0| Marta Zi\u00f3\u0142ek<\/a><\/span><\/p>\n<p><span class=\"lineup-time\">15:00 &#8211; 16:30 <a href=\"https:\/\/mamaglobalhealing.com\/en\/product\/projektowanie-z-mysla-o-cipce\/\">Projektowanie z my\u015bl\u0105 o cipce | Dominika Drop<\/a><\/span><\/p>\n<p>[\/et_pb_text][et_pb_text admin_label=&#8221;Kup MAMA Pass&#8221; _builder_version=&#8221;4.14.9&#8243; _module_preset=&#8221;c24e16dc-b3b9-4f35-9a8d-48f461de6852&#8243; width=&#8221;60%&#8221; module_alignment=&#8221;left&#8221; custom_margin=&#8221;50px||||false|false&#8221; link_option_url=&#8221;https:\/\/mamaglobalhealing.com\/mama-pass\/&#8221; global_colors_info=&#8221;{}&#8221;]<\/p>\n<p style=\"text-align: center;\">Buy MAMA PASS<\/p>\n<p>[\/et_pb_text][et_pb_text admin_label=&#8221;Kup MAMA PASS Safari&#8221; _builder_version=&#8221;4.14.9&#8243; _module_preset=&#8221;587eff9a-de2c-4f32-82fd-a4061418645b&#8221; width=&#8221;60%&#8221; module_alignment=&#8221;left&#8221; custom_margin=&#8221;50px||||false|false&#8221; link_option_url=&#8221;https:\/\/mamaglobalhealing.com\/mama-pass\/&#8221; global_colors_info=&#8221;{}&#8221;]<\/p>\n<p style=\"text-align: center;\">Buy MAMA PASS<\/p>\n<p>[\/et_pb_text][\/et_pb_column][\/et_pb_row][\/et_pb_section]<\/p>","protected":false},"excerpt":{"rendered":"<p>House of LoveCzwartek 30.06\u00a0 20:30 &#8211; 21:30 Moving in the unknown ENG | Albert Bitton 21:30 &#8211; 22:30 Soft Eros Temple Power of Eros Pi\u0105tek 01.079:30 &#8211; 11:30 Piersi Ukochane | Katarzyna Hedone Kucharska 12:00 &#8211; 14:00 Lilith wraca do Raju | Kasia Auli Barszczy\u0144ska 15:00 &#8211; 17:00 Mystic flow &#8211; conscious relating 18+\u00a0| Aleksandra [&hellip;]<\/p>","protected":false},"author":1,"featured_media":0,"parent":1497,"menu_order":0,"comment_status":"closed","ping_status":"closed","template":"","meta":{"_et_pb_use_builder":"on","_et_pb_old_content":"","_et_gb_content_width":"","footnotes":""},"class_list":["post-2331","page","type-page","status-publish","hentry"],"yoast_head":"<!-- This site is optimized with the Yoast SEO plugin v25.1 - https:\/\/yoast.com\/wordpress\/plugins\/seo\/ -->\n<title>House of Love - Mama Global Healing<\/title>\n<meta name=\"robots\" content=\"index, follow, max-snippet:-1, max-image-preview:large, max-video-preview:-1\" \/>\n<link rel=\"canonical\" href=\"https:\/\/mamaglobalhealing.com\/en\/mama-line-up\/house-of-love\/\" \/>\n<meta property=\"og:locale\" content=\"en_GB\" \/>\n<meta property=\"og:type\" content=\"article\" \/>\n<meta property=\"og:title\" content=\"House of Love - Mama Global Healing\" \/>\n<meta property=\"og:description\" content=\"House of LoveCzwartek 30.06\u00a0 20:30 - 21:30 Moving in the unknown ENG | Albert Bitton 21:30 - 22:30 Soft Eros Temple Power of Eros Pi\u0105tek 01.079:30 - 11:30 Piersi Ukochane | Katarzyna Hedone Kucharska 12:00 - 14:00 Lilith wraca do Raju | Kasia Auli Barszczy\u0144ska 15:00 - 17:00 Mystic flow - conscious relating 18+\u00a0| Aleksandra [&hellip;]\" \/>\n<meta property=\"og:url\" content=\"https:\/\/mamaglobalhealing.com\/en\/mama-line-up\/house-of-love\/\" \/>\n<meta property=\"og:site_name\" content=\"Mama Global Healing\" \/>\n<meta property=\"article:modified_time\" content=\"2022-06-28T17:37:55+00:00\" \/>\n<meta name=\"twitter:card\" content=\"summary_large_image\" \/>\n<meta name=\"twitter:label1\" content=\"Estimated reading time\" \/>\n\t<meta name=\"twitter:data1\" content=\"4 minutes\" \/>\n<script type=\"application\/ld+json\" class=\"yoast-schema-graph\">{\"@context\":\"https:\/\/schema.org\",\"@graph\":[{\"@type\":\"WebPage\",\"@id\":\"https:\/\/mamaglobalhealing.com\/mama-line-up\/house-of-love\/\",\"url\":\"https:\/\/mamaglobalhealing.com\/mama-line-up\/house-of-love\/\",\"name\":\"House of Love - Mama Global Healing\",\"isPartOf\":{\"@id\":\"https:\/\/mamaglobalhealing.com\/#website\"},\"datePublished\":\"2022-04-14T20:41:34+00:00\",\"dateModified\":\"2022-06-28T17:37:55+00:00\",\"breadcrumb\":{\"@id\":\"https:\/\/mamaglobalhealing.com\/mama-line-up\/house-of-love\/#breadcrumb\"},\"inLanguage\":\"en-GB\",\"potentialAction\":[{\"@type\":\"ReadAction\",\"target\":[\"https:\/\/mamaglobalhealing.com\/mama-line-up\/house-of-love\/\"]}]},{\"@type\":\"BreadcrumbList\",\"@id\":\"https:\/\/mamaglobalhealing.com\/mama-line-up\/house-of-love\/#breadcrumb\",\"itemListElement\":[{\"@type\":\"ListItem\",\"position\":1,\"name\":\"Strona g\u0142\u00f3wna\",\"item\":\"https:\/\/mamaglobalhealing.com\/\"},{\"@type\":\"ListItem\",\"position\":2,\"name\":\"MAMA Line up\",\"item\":\"https:\/\/mamaglobalhealing.com\/en\/mama-line-up\/\"},{\"@type\":\"ListItem\",\"position\":3,\"name\":\"House of Love\"}]},{\"@type\":\"WebSite\",\"@id\":\"https:\/\/mamaglobalhealing.com\/#website\",\"url\":\"https:\/\/mamaglobalhealing.com\/\",\"name\":\"Mama Global Healing\",\"description\":\"Kolejna witryna WordPress\",\"potentialAction\":[{\"@type\":\"SearchAction\",\"target\":{\"@type\":\"EntryPoint\",\"urlTemplate\":\"https:\/\/mamaglobalhealing.com\/?s={search_term_string}\"},\"query-input\":{\"@type\":\"PropertyValueSpecification\",\"valueRequired\":true,\"valueName\":\"search_term_string\"}}],\"inLanguage\":\"en-GB\"}]}<\/script>\n<!-- \/ Yoast SEO plugin. -->","yoast_head_json":{"title":"House of Love - Mama Global Healing","robots":{"index":"index","follow":"follow","max-snippet":"max-snippet:-1","max-image-preview":"max-image-preview:large","max-video-preview":"max-video-preview:-1"},"canonical":"https:\/\/mamaglobalhealing.com\/en\/mama-line-up\/house-of-love\/","og_locale":"en_GB","og_type":"article","og_title":"House of Love - Mama Global Healing","og_description":"House of LoveCzwartek 30.06\u00a0 20:30 - 21:30 Moving in the unknown ENG | Albert Bitton 21:30 - 22:30 Soft Eros Temple Power of Eros Pi\u0105tek 01.079:30 - 11:30 Piersi Ukochane | Katarzyna Hedone Kucharska 12:00 - 14:00 Lilith wraca do Raju | Kasia Auli Barszczy\u0144ska 15:00 - 17:00 Mystic flow - conscious relating 18+\u00a0| Aleksandra [&hellip;]","og_url":"https:\/\/mamaglobalhealing.com\/en\/mama-line-up\/house-of-love\/","og_site_name":"Mama Global Healing","article_modified_time":"2022-06-28T17:37:55+00:00","twitter_card":"summary_large_image","twitter_misc":{"Estimated reading time":"4 minutes"},"schema":{"@context":"https:\/\/schema.org","@graph":[{"@type":"WebPage","@id":"https:\/\/mamaglobalhealing.com\/mama-line-up\/house-of-love\/","url":"https:\/\/mamaglobalhealing.com\/mama-line-up\/house-of-love\/","name":"House of Love - Mama Global Healing","isPartOf":{"@id":"https:\/\/mamaglobalhealing.com\/#website"},"datePublished":"2022-04-14T20:41:34+00:00","dateModified":"2022-06-28T17:37:55+00:00","breadcrumb":{"@id":"https:\/\/mamaglobalhealing.com\/mama-line-up\/house-of-love\/#breadcrumb"},"inLanguage":"en-GB","potentialAction":[{"@type":"ReadAction","target":["https:\/\/mamaglobalhealing.com\/mama-line-up\/house-of-love\/"]}]},{"@type":"BreadcrumbList","@id":"https:\/\/mamaglobalhealing.com\/mama-line-up\/house-of-love\/#breadcrumb","itemListElement":[{"@type":"ListItem","position":1,"name":"Strona g\u0142\u00f3wna","item":"https:\/\/mamaglobalhealing.com\/"},{"@type":"ListItem","position":2,"name":"MAMA Line up","item":"https:\/\/mamaglobalhealing.com\/en\/mama-line-up\/"},{"@type":"ListItem","position":3,"name":"House of Love"}]},{"@type":"WebSite","@id":"https:\/\/mamaglobalhealing.com\/#website","url":"https:\/\/mamaglobalhealing.com\/","name":"Mama Global Healing","description":"Kolejna witryna WordPress","potentialAction":[{"@type":"SearchAction","target":{"@type":"EntryPoint","urlTemplate":"https:\/\/mamaglobalhealing.com\/?s={search_term_string}"},"query-input":{"@type":"PropertyValueSpecification","valueRequired":true,"valueName":"search_term_string"}}],"inLanguage":"en-GB"}]}},"_links":{"self":[{"href":"https:\/\/mamaglobalhealing.com\/en\/wp-json\/wp\/v2\/pages\/2331","targetHints":{"allow":["GET"]}}],"collection":[{"href":"https:\/\/mamaglobalhealing.com\/en\/wp-json\/wp\/v2\/pages"}],"about":[{"href":"https:\/\/mamaglobalhealing.com\/en\/wp-json\/wp\/v2\/types\/page"}],"author":[{"embeddable":true,"href":"https:\/\/mamaglobalhealing.com\/en\/wp-json\/wp\/v2\/users\/1"}],"replies":[{"embeddable":true,"href":"https:\/\/mamaglobalhealing.com\/en\/wp-json\/wp\/v2\/comments?post=2331"}],"version-history":[{"count":19,"href":"https:\/\/mamaglobalhealing.com\/en\/wp-json\/wp\/v2\/pages\/2331\/revisions"}],"predecessor-version":[{"id":4575,"href":"https:\/\/mamaglobalhealing.com\/en\/wp-json\/wp\/v2\/pages\/2331\/revisions\/4575"}],"up":[{"embeddable":true,"href":"https:\/\/mamaglobalhealing.com\/en\/wp-json\/wp\/v2\/pages\/1497"}],"wp:attachment":[{"href":"https:\/\/mamaglobalhealing.com\/en\/wp-json\/wp\/v2\/media?parent=2331"}],"curies":[{"name":"wp","href":"https:\/\/api.w.org\/{rel}","templated":true}]}}