{"id":2642,"date":"2022-04-25T20:54:00","date_gmt":"2022-04-25T20:54:00","guid":{"rendered":"https:\/\/mamaglobalhealing.com\/?page_id=2642"},"modified":"2022-06-12T11:30:20","modified_gmt":"2022-06-12T11:30:20","slug":"tent-de-vito","status":"publish","type":"page","link":"https:\/\/mamaglobalhealing.com\/en\/mama-line-up\/tent-de-vito\/","title":{"rendered":"Tent De VITO"},"content":{"rendered":"<p>[et_pb_section fb_built=&#8221;1&#8243; custom_padding_last_edited=&#8221;on|phone&#8221; _builder_version=&#8221;4.14.9&#8243; _module_preset=&#8221;default&#8221; background_image=&#8221;https:\/\/mamaglobalhealing.com\/wp-content\/uploads\/2022\/04\/LINEUP-1.jpg&#8221; background_position=&#8221;top_center&#8221; custom_padding=&#8221;200px||150px||false|false&#8221; custom_padding_tablet=&#8221;||150px||false|false&#8221; custom_padding_phone=&#8221;150px||150px||false|false&#8221; background_last_edited=&#8221;on|phone&#8221; background_position_phone=&#8221;center&#8221; da_disable_devices=&#8221;off|off|off&#8221; global_colors_info=&#8221;{}&#8221; da_is_popup=&#8221;off&#8221; da_exit_intent=&#8221;off&#8221; da_has_close=&#8221;on&#8221; da_alt_close=&#8221;off&#8221; da_dark_close=&#8221;off&#8221; da_not_modal=&#8221;on&#8221; da_is_singular=&#8221;off&#8221; da_with_loader=&#8221;off&#8221; da_has_shadow=&#8221;on&#8221;][et_pb_row _builder_version=&#8221;4.14.8&#8243; _module_preset=&#8221;default&#8221; max_width=&#8221;1400px&#8221; global_colors_info=&#8221;{}&#8221;][et_pb_column type=&#8221;4_4&#8243; _builder_version=&#8221;4.14.8&#8243; _module_preset=&#8221;default&#8221; global_colors_info=&#8221;{}&#8221;][et_pb_text admin_label=&#8221;Tent De VITO&#8221; _builder_version=&#8221;4.14.9&#8243; _module_preset=&#8221;default&#8221; header_font=&#8221;Mirza Regular|700|||||||&#8221; header_text_color=&#8221;#27292d&#8221; header_font_size=&#8221;55px&#8221; header_line_height=&#8221;55px&#8221; custom_margin=&#8221;||||false|false&#8221; header_font_size_tablet=&#8221;75px&#8221; header_font_size_phone=&#8221;50px&#8221; header_font_size_last_edited=&#8221;on|phone&#8221; header_line_height_tablet=&#8221;75px&#8221; header_line_height_phone=&#8221;55px&#8221; header_line_height_last_edited=&#8221;on|phone&#8221; global_colors_info=&#8221;{}&#8221;]<\/p>\n<h1 style=\"text-align: center;\">Tent De VITO<\/h1>\n<p>[\/et_pb_text][\/et_pb_column][\/et_pb_row][et_pb_row column_structure=&#8221;1_2,1_2&#8243; _builder_version=&#8221;4.14.9&#8243; _module_preset=&#8221;default&#8221; global_colors_info=&#8221;{}&#8221;][et_pb_column type=&#8221;1_2&#8243; _builder_version=&#8221;4.14.9&#8243; _module_preset=&#8221;default&#8221; global_colors_info=&#8221;{}&#8221;][et_pb_image src=&#8221;https:\/\/mamaglobalhealing.com\/wp-content\/uploads\/2022\/04\/Tent-De-VITO-1-1.jpg&#8221; title_text=&#8221;Tent De VITO&#8221; _builder_version=&#8221;4.14.9&#8243; _module_preset=&#8221;default&#8221; global_colors_info=&#8221;{}&#8221;][\/et_pb_image][\/et_pb_column][et_pb_column type=&#8221;1_2&#8243; _builder_version=&#8221;4.14.9&#8243; _module_preset=&#8221;default&#8221; global_colors_info=&#8221;{}&#8221;][et_pb_text admin_label=&#8221;Pi\u0105tek 01.07&#8243; module_id=&#8221;lineup-pt&#8221; _builder_version=&#8221;4.14.9&#8243; _module_preset=&#8221;40d43100-dd85-414b-ba00-feb63554ac44&#8243; global_colors_info=&#8221;{}&#8221;]<\/p>\n<h2>Pi\u0105tek 01.07<\/h2>\n<p>[\/et_pb_text][et_pb_text admin_label=&#8221;Tekst&#8221; module_id=&#8221;lineup-pt-text&#8221; _builder_version=&#8221;4.14.9&#8243; _module_preset=&#8221;9cab8a29-465b-40d0-8ef5-3329daa2781c&#8221; hover_enabled=&#8221;0&#8243; global_colors_info=&#8221;{}&#8221; sticky_enabled=&#8221;0&#8243;]<\/p>\n<p><span class=\"lineup-time\">09:00 &#8211; 12:00<\/span> <a href=\"https:\/\/mamaglobalhealing.com\/en\/product\/otworz-swoje-serce\/\">Open your heart<\/a> | Ina Kubas<\/p>\n<p><span class=\"lineup-time\">12:30 &#8211; 14:00<\/span> <a href=\"https:\/\/mamaglobalhealing.com\/en\/product\/swiadomy-oddech-swiadome-zycie\/\">\u015awiadomy oddech, \u015bwiadome \u017cycie<\/a> | Wojciech Szymocha<\/p>\n<p><span class=\"lineup-time\">14:30 &#8211; 16:30<\/span> <a href=\"https:\/\/mamaglobalhealing.com\/en\/product\/krag-piesni\/\">Kr\u0105g pie\u015bni<\/a> | Ina Kubas<\/p>\n<p><span class=\"lineup-time\">17:00 &#8211; 18:00<\/span> <a href=\"https:\/\/mamaglobalhealing.com\/en\/product\/alchemia-slowa\/\">Alchemia s\u0142owa<\/a> | Anna Sikorska<\/p>\n<p><span class=\"lineup-time\">19:30 &#8211; 20:30<\/span> <a href=\"https:\/\/mamaglobalhealing.com\/en\/product\/kapiel-w-dzwiekach\/\">K\u0105piel w d\u017awi\u0119kach<\/a> | Kamila Domin<\/p>\n<p>[\/et_pb_text][et_pb_text admin_label=&#8221;Sobota 02.07&#8243; module_id=&#8221;lineup-sb&#8221; _builder_version=&#8221;4.14.9&#8243; _module_preset=&#8221;40d43100-dd85-414b-ba00-feb63554ac44&#8243; global_colors_info=&#8221;{}&#8221;]<\/p>\n<h2>Sobota 02.07<\/h2>\n<p>[\/et_pb_text][et_pb_text admin_label=&#8221;Tekst&#8221; module_id=&#8221;lineup-sb-text&#8221; _builder_version=&#8221;4.14.9&#8243; _module_preset=&#8221;9cab8a29-465b-40d0-8ef5-3329daa2781c&#8221; global_colors_info=&#8221;{}&#8221;]<\/p>\n<p><span class=\"lineup-time\">09:30 &#8211; 12:00<\/span> <a href=\"https:\/\/mamaglobalhealing.com\/en\/product\/sila-kobiecego-gniewu-droga-do-twojej-zywotnosci\/\">Si\u0142a kobiecego gniewu<\/a> | Natalia Roma<\/p>\n<p><span class=\"lineup-time\">12:30 &#8211; 14:30<\/span> <a href=\"https:\/\/mamaglobalhealing.com\/en\/product\/diamentowa-swiadomosc-w-krysztale\/\">Diamentowa \u015bwiadomo\u015b\u0107 w krysztale<\/a> | Katarzyna Baran<\/p>\n<p><span class=\"lineup-time\">15:00 &#8211; 17:00<\/span> <a href=\"https:\/\/mamaglobalhealing.com\/en\/product\/wytancz-swoja-obfitosc\/\">Wyta\u0144cz swoj\u0105 obfito\u015b\u0107<\/a> | Agata Bogini Obfito\u015bci<\/p>\n<p><span class=\"lineup-time\">17:30 &#8211; 20:30<\/span> <a href=\"https:\/\/mamaglobalhealing.com\/en\/product\/play-fight-dla-rodzin\/\">Playfight dla rodzin<\/a> | Beata Piskad\u0142o<\/p>\n<p>[\/et_pb_text][et_pb_text admin_label=&#8221;Niedziela 03.07&#8243; module_id=&#8221;lineup-ndz&#8221; _builder_version=&#8221;4.14.9&#8243; _module_preset=&#8221;40d43100-dd85-414b-ba00-feb63554ac44&#8243; global_colors_info=&#8221;{}&#8221;]<\/p>\n<h2>Niedziela 03.07<\/h2>\n<p>[\/et_pb_text][et_pb_text admin_label=&#8221;Tekst&#8221; module_id=&#8221;lineup-ndz-text&#8221; _builder_version=&#8221;4.14.9&#8243; _module_preset=&#8221;9cab8a29-465b-40d0-8ef5-3329daa2781c&#8221; global_colors_info=&#8221;{}&#8221;]<\/p>\n<p><span class=\"lineup-time\">10:00 &#8211; 12:00<\/span> <a href=\"https:\/\/mamaglobalhealing.com\/en\/product\/ucielesnienie-bogini-lakszmi-opowiesc-mantra-mudra-medytacja\/\">Embodiment of the Goddess Lakshmi \u2013 History, Mantra, Mudra, Meditation ENG<\/a> | Agnieszka Czernomord<\/p>\n<p><span class=\"lineup-time\">12:30 &#8211; 15:30<\/span> <a href=\"https:\/\/mamaglobalhealing.com\/en\/product\/masaz-tajski\/\">Masa\u017c tajski &#8211; warsztat<\/a> | Bartosz Ayu Bobkowski<\/p>\n<p>[\/et_pb_text][et_pb_text admin_label=&#8221;Kup MAMA Pass&#8221; _builder_version=&#8221;4.14.9&#8243; _module_preset=&#8221;c24e16dc-b3b9-4f35-9a8d-48f461de6852&#8243; width=&#8221;60%&#8221; module_alignment=&#8221;left&#8221; custom_margin=&#8221;50px||||false|false&#8221; link_option_url=&#8221;https:\/\/mamaglobalhealing.com\/mama-pass\/&#8221; global_colors_info=&#8221;{}&#8221;]<\/p>\n<p style=\"text-align: center;\">Buy MAMA PASS<\/p>\n<p>[\/et_pb_text][et_pb_text admin_label=&#8221;Kup MAMA PASS Safari&#8221; _builder_version=&#8221;4.14.9&#8243; _module_preset=&#8221;587eff9a-de2c-4f32-82fd-a4061418645b&#8221; width=&#8221;60%&#8221; module_alignment=&#8221;left&#8221; custom_margin=&#8221;50px||||false|false&#8221; link_option_url=&#8221;https:\/\/mamaglobalhealing.com\/mama-pass\/&#8221; global_colors_info=&#8221;{}&#8221;]<\/p>\n<p style=\"text-align: center;\">Buy MAMA PASS<\/p>\n<p>[\/et_pb_text][\/et_pb_column][\/et_pb_row][\/et_pb_section]<\/p>","protected":false},"excerpt":{"rendered":"<p>Tent De VITOPi\u0105tek 01.0709:00 &#8211; 12:00 Open your heart | Ina Kubas 12:30 &#8211; 14:00 \u015awiadomy oddech, \u015bwiadome \u017cycie | Wojciech Szymocha 14:30 &#8211; 16:30 Kr\u0105g pie\u015bni | Ina Kubas 17:00 &#8211; 18:00 Alchemia s\u0142owa | Anna Sikorska 19:30 &#8211; 20:30 K\u0105piel w d\u017awi\u0119kach | Kamila DominSobota 02.0709:30 &#8211; 12:00 Si\u0142a kobiecego gniewu | Natalia [&hellip;]<\/p>","protected":false},"author":1,"featured_media":0,"parent":1497,"menu_order":0,"comment_status":"closed","ping_status":"closed","template":"","meta":{"_et_pb_use_builder":"on","_et_pb_old_content":"","_et_gb_content_width":"","footnotes":""},"class_list":["post-2642","page","type-page","status-publish","hentry"],"yoast_head":"<!-- This site is optimized with the Yoast SEO plugin v25.1 - https:\/\/yoast.com\/wordpress\/plugins\/seo\/ -->\n<title>Tent De VITO - Mama Global Healing<\/title>\n<meta name=\"robots\" content=\"index, follow, max-snippet:-1, max-image-preview:large, max-video-preview:-1\" \/>\n<link rel=\"canonical\" href=\"https:\/\/mamaglobalhealing.com\/en\/mama-line-up\/tent-de-vito\/\" \/>\n<meta property=\"og:locale\" content=\"en_GB\" \/>\n<meta property=\"og:type\" content=\"article\" \/>\n<meta property=\"og:title\" content=\"Tent De VITO - Mama Global Healing\" \/>\n<meta property=\"og:description\" content=\"Tent De VITOPi\u0105tek 01.0709:00 - 12:00 Open your heart | Ina Kubas 12:30 - 14:00 \u015awiadomy oddech, \u015bwiadome \u017cycie | Wojciech Szymocha 14:30 - 16:30 Kr\u0105g pie\u015bni | Ina Kubas 17:00 - 18:00 Alchemia s\u0142owa | Anna Sikorska 19:30 - 20:30 K\u0105piel w d\u017awi\u0119kach | Kamila DominSobota 02.0709:30 - 12:00 Si\u0142a kobiecego gniewu | Natalia [&hellip;]\" \/>\n<meta property=\"og:url\" content=\"https:\/\/mamaglobalhealing.com\/en\/mama-line-up\/tent-de-vito\/\" \/>\n<meta property=\"og:site_name\" content=\"Mama Global Healing\" \/>\n<meta property=\"article:modified_time\" content=\"2022-06-12T11:30:20+00:00\" \/>\n<meta name=\"twitter:card\" content=\"summary_large_image\" \/>\n<meta name=\"twitter:label1\" content=\"Estimated reading time\" \/>\n\t<meta name=\"twitter:data1\" content=\"3 minutes\" \/>\n<script type=\"application\/ld+json\" class=\"yoast-schema-graph\">{\"@context\":\"https:\/\/schema.org\",\"@graph\":[{\"@type\":\"WebPage\",\"@id\":\"https:\/\/mamaglobalhealing.com\/mama-line-up\/tent-de-vito\/\",\"url\":\"https:\/\/mamaglobalhealing.com\/mama-line-up\/tent-de-vito\/\",\"name\":\"Tent De VITO - Mama Global Healing\",\"isPartOf\":{\"@id\":\"https:\/\/mamaglobalhealing.com\/#website\"},\"datePublished\":\"2022-04-25T20:54:00+00:00\",\"dateModified\":\"2022-06-12T11:30:20+00:00\",\"breadcrumb\":{\"@id\":\"https:\/\/mamaglobalhealing.com\/mama-line-up\/tent-de-vito\/#breadcrumb\"},\"inLanguage\":\"en-GB\",\"potentialAction\":[{\"@type\":\"ReadAction\",\"target\":[\"https:\/\/mamaglobalhealing.com\/mama-line-up\/tent-de-vito\/\"]}]},{\"@type\":\"BreadcrumbList\",\"@id\":\"https:\/\/mamaglobalhealing.com\/mama-line-up\/tent-de-vito\/#breadcrumb\",\"itemListElement\":[{\"@type\":\"ListItem\",\"position\":1,\"name\":\"Strona g\u0142\u00f3wna\",\"item\":\"https:\/\/mamaglobalhealing.com\/\"},{\"@type\":\"ListItem\",\"position\":2,\"name\":\"MAMA Line up\",\"item\":\"https:\/\/mamaglobalhealing.com\/en\/mama-line-up\/\"},{\"@type\":\"ListItem\",\"position\":3,\"name\":\"Tent De&nbsp;VITO\"}]},{\"@type\":\"WebSite\",\"@id\":\"https:\/\/mamaglobalhealing.com\/#website\",\"url\":\"https:\/\/mamaglobalhealing.com\/\",\"name\":\"Mama Global Healing\",\"description\":\"Kolejna witryna WordPress\",\"potentialAction\":[{\"@type\":\"SearchAction\",\"target\":{\"@type\":\"EntryPoint\",\"urlTemplate\":\"https:\/\/mamaglobalhealing.com\/?s={search_term_string}\"},\"query-input\":{\"@type\":\"PropertyValueSpecification\",\"valueRequired\":true,\"valueName\":\"search_term_string\"}}],\"inLanguage\":\"en-GB\"}]}<\/script>\n<!-- \/ Yoast SEO plugin. -->","yoast_head_json":{"title":"Tent De VITO - Mama Global Healing","robots":{"index":"index","follow":"follow","max-snippet":"max-snippet:-1","max-image-preview":"max-image-preview:large","max-video-preview":"max-video-preview:-1"},"canonical":"https:\/\/mamaglobalhealing.com\/en\/mama-line-up\/tent-de-vito\/","og_locale":"en_GB","og_type":"article","og_title":"Tent De VITO - Mama Global Healing","og_description":"Tent De VITOPi\u0105tek 01.0709:00 - 12:00 Open your heart | Ina Kubas 12:30 - 14:00 \u015awiadomy oddech, \u015bwiadome \u017cycie | Wojciech Szymocha 14:30 - 16:30 Kr\u0105g pie\u015bni | Ina Kubas 17:00 - 18:00 Alchemia s\u0142owa | Anna Sikorska 19:30 - 20:30 K\u0105piel w d\u017awi\u0119kach | Kamila DominSobota 02.0709:30 - 12:00 Si\u0142a kobiecego gniewu | Natalia [&hellip;]","og_url":"https:\/\/mamaglobalhealing.com\/en\/mama-line-up\/tent-de-vito\/","og_site_name":"Mama Global Healing","article_modified_time":"2022-06-12T11:30:20+00:00","twitter_card":"summary_large_image","twitter_misc":{"Estimated reading time":"3 minutes"},"schema":{"@context":"https:\/\/schema.org","@graph":[{"@type":"WebPage","@id":"https:\/\/mamaglobalhealing.com\/mama-line-up\/tent-de-vito\/","url":"https:\/\/mamaglobalhealing.com\/mama-line-up\/tent-de-vito\/","name":"Tent De VITO - Mama Global Healing","isPartOf":{"@id":"https:\/\/mamaglobalhealing.com\/#website"},"datePublished":"2022-04-25T20:54:00+00:00","dateModified":"2022-06-12T11:30:20+00:00","breadcrumb":{"@id":"https:\/\/mamaglobalhealing.com\/mama-line-up\/tent-de-vito\/#breadcrumb"},"inLanguage":"en-GB","potentialAction":[{"@type":"ReadAction","target":["https:\/\/mamaglobalhealing.com\/mama-line-up\/tent-de-vito\/"]}]},{"@type":"BreadcrumbList","@id":"https:\/\/mamaglobalhealing.com\/mama-line-up\/tent-de-vito\/#breadcrumb","itemListElement":[{"@type":"ListItem","position":1,"name":"Strona g\u0142\u00f3wna","item":"https:\/\/mamaglobalhealing.com\/"},{"@type":"ListItem","position":2,"name":"MAMA Line up","item":"https:\/\/mamaglobalhealing.com\/en\/mama-line-up\/"},{"@type":"ListItem","position":3,"name":"Tent De&nbsp;VITO"}]},{"@type":"WebSite","@id":"https:\/\/mamaglobalhealing.com\/#website","url":"https:\/\/mamaglobalhealing.com\/","name":"Mama Global Healing","description":"Kolejna witryna WordPress","potentialAction":[{"@type":"SearchAction","target":{"@type":"EntryPoint","urlTemplate":"https:\/\/mamaglobalhealing.com\/?s={search_term_string}"},"query-input":{"@type":"PropertyValueSpecification","valueRequired":true,"valueName":"search_term_string"}}],"inLanguage":"en-GB"}]}},"_links":{"self":[{"href":"https:\/\/mamaglobalhealing.com\/en\/wp-json\/wp\/v2\/pages\/2642","targetHints":{"allow":["GET"]}}],"collection":[{"href":"https:\/\/mamaglobalhealing.com\/en\/wp-json\/wp\/v2\/pages"}],"about":[{"href":"https:\/\/mamaglobalhealing.com\/en\/wp-json\/wp\/v2\/types\/page"}],"author":[{"embeddable":true,"href":"https:\/\/mamaglobalhealing.com\/en\/wp-json\/wp\/v2\/users\/1"}],"replies":[{"embeddable":true,"href":"https:\/\/mamaglobalhealing.com\/en\/wp-json\/wp\/v2\/comments?post=2642"}],"version-history":[{"count":7,"href":"https:\/\/mamaglobalhealing.com\/en\/wp-json\/wp\/v2\/pages\/2642\/revisions"}],"predecessor-version":[{"id":4230,"href":"https:\/\/mamaglobalhealing.com\/en\/wp-json\/wp\/v2\/pages\/2642\/revisions\/4230"}],"up":[{"embeddable":true,"href":"https:\/\/mamaglobalhealing.com\/en\/wp-json\/wp\/v2\/pages\/1497"}],"wp:attachment":[{"href":"https:\/\/mamaglobalhealing.com\/en\/wp-json\/wp\/v2\/media?parent=2642"}],"curies":[{"name":"wp","href":"https:\/\/api.w.org\/{rel}","templated":true}]}}