{"id":2668,"date":"2022-04-26T13:52:46","date_gmt":"2022-04-26T13:52:46","guid":{"rendered":"https:\/\/mamaglobalhealing.com\/?page_id=2668"},"modified":"2022-11-17T11:06:35","modified_gmt":"2022-11-17T11:06:35","slug":"workshops","status":"publish","type":"page","link":"https:\/\/mamaglobalhealing.com\/en\/workshops\/","title":{"rendered":"Workshops"},"content":{"rendered":"<p>[et_pb_section fb_built=&#8221;1&#8243; custom_padding_last_edited=&#8221;on|phone&#8221; _builder_version=&#8221;4.14.9&#8243; _module_preset=&#8221;default&#8221; background_image=&#8221;https:\/\/mamaglobalhealing.com\/wp-content\/uploads\/2022\/04\/tlo-karnety.jpg&#8221; background_position=&#8221;top_center&#8221; custom_padding=&#8221;200px||150px||false|false&#8221; custom_padding_tablet=&#8221;||150px||false|false&#8221; custom_padding_phone=&#8221;150px||||false|false&#8221; da_disable_devices=&#8221;off|off|off&#8221; global_colors_info=&#8221;{}&#8221; da_is_popup=&#8221;off&#8221; da_exit_intent=&#8221;off&#8221; da_has_close=&#8221;on&#8221; da_alt_close=&#8221;off&#8221; da_dark_close=&#8221;off&#8221; da_not_modal=&#8221;on&#8221; da_is_singular=&#8221;off&#8221; da_with_loader=&#8221;off&#8221; da_has_shadow=&#8221;on&#8221;][et_pb_row _builder_version=&#8221;4.14.9&#8243; _module_preset=&#8221;default&#8221; global_colors_info=&#8221;{}&#8221;][et_pb_column type=&#8221;4_4&#8243; _builder_version=&#8221;4.14.8&#8243; _module_preset=&#8221;default&#8221; global_colors_info=&#8221;{}&#8221;][et_pb_text admin_label=&#8221;MAMA OPEN&#8221; _builder_version=&#8221;4.14.9&#8243; _module_preset=&#8221;default&#8221; header_font=&#8221;Mirza Regular|700|||||||&#8221; header_text_color=&#8221;#27292d&#8221; header_font_size=&#8221;55px&#8221; header_line_height=&#8221;55px&#8221; custom_margin=&#8221;||10px||false|false&#8221; global_colors_info=&#8221;{}&#8221;]<\/p>\n<h1 style=\"text-align: center;\">WORKSHOPS<\/h1>\n<p>[\/et_pb_text][et_pb_text disabled_on=&#8221;on|on|on&#8221; _builder_version=&#8221;4.14.9&#8243; _module_preset=&#8221;default&#8221; text_font=&#8221;Mirza Regular||||||||&#8221; text_font_size=&#8221;26px&#8221; text_line_height=&#8221;30px&#8221; disabled=&#8221;on&#8221; global_colors_info=&#8221;{}&#8221;]<\/p>\n<p style=\"text-align: center;\">This is the real shi..HIT! You come here looking for a better future. And now you know - you can only create your own...\nAnd hope &amp; encourage other humans to do so, so we can have it all happening. HERE we offer you series of group processes,\ntransformative workshops, urban magic rituals and healing sessions...CHOOSE YOUR WAY, to make a step towards the world, life and the YOU that you long for!<\/p>\n<p>[\/et_pb_text][\/et_pb_column][\/et_pb_row][et_pb_row disabled_on=&#8221;off|off|off&#8221; _builder_version=&#8221;4.14.9&#8243; _module_preset=&#8221;default&#8221; global_colors_info=&#8221;{}&#8221;][et_pb_column type=&#8221;4_4&#8243; _builder_version=&#8221;4.14.9&#8243; _module_preset=&#8221;default&#8221; global_colors_info=&#8221;{}&#8221;][et_pb_text _builder_version=&#8221;4.14.9&#8243; _module_preset=&#8221;default&#8221; text_font=&#8221;Mirza Regular|500|||||||&#8221; text_font_size=&#8221;30px&#8221; global_colors_info=&#8221;{}&#8221;]<\/p>\n<p style=\"text-align: center;\">30.06 czwartek<\/p>\n<p>[\/et_pb_text][et_pb_shop type=&#8221;product_category&#8221; posts_number=&#8221;60&#8243; include_categories=&#8221;44,40&#8243; icon_hover_color=&#8221;gcid-28331b72-e3b8-4902-8439-e454eb48e580&#8243; _builder_version=&#8221;4.14.9&#8243; _module_preset=&#8221;default&#8221; title_font=&#8221;|700|||||||&#8221; title_text_align=&#8221;center&#8221; title_text_color=&#8221;#27292D&#8221; title_font_size=&#8221;22px&#8221; price_font=&#8221;Mirza Regular||||||||&#8221; price_text_color=&#8221;#27292D&#8221; price_font_size=&#8221;30px&#8221; link_option_url_new_window=&#8221;on&#8221; border_radii_image=&#8221;on|10px|10px|10px|10px&#8221; global_colors_info=&#8221;{%22gcid-28331b72-e3b8-4902-8439-e454eb48e580%22:%91%22icon_hover_color%22%93}&#8221;][\/et_pb_shop][\/et_pb_column][\/et_pb_row][et_pb_row disabled_on=&#8221;off|off|off&#8221; _builder_version=&#8221;4.14.9&#8243; _module_preset=&#8221;default&#8221; global_colors_info=&#8221;{}&#8221;][et_pb_column type=&#8221;4_4&#8243; _builder_version=&#8221;4.14.9&#8243; _module_preset=&#8221;default&#8221; global_colors_info=&#8221;{}&#8221;][et_pb_text _builder_version=&#8221;4.14.9&#8243; _module_preset=&#8221;default&#8221; text_font=&#8221;Mirza Regular|500|||||||&#8221; text_font_size=&#8221;30px&#8221; global_colors_info=&#8221;{}&#8221;]<\/p>\n<p style=\"text-align: center;\">01.07 pi\u0105tek<\/p>\n<p>[\/et_pb_text][et_pb_shop type=&#8221;product_category&#8221; posts_number=&#8221;60&#8243; include_categories=&#8221;45,41&#8243; icon_hover_color=&#8221;gcid-28331b72-e3b8-4902-8439-e454eb48e580&#8243; _builder_version=&#8221;4.14.9&#8243; _module_preset=&#8221;default&#8221; title_font=&#8221;|700|||||||&#8221; title_text_align=&#8221;center&#8221; title_text_color=&#8221;#27292D&#8221; title_font_size=&#8221;22px&#8221; price_font=&#8221;Mirza Regular||||||||&#8221; price_text_color=&#8221;#27292D&#8221; price_font_size=&#8221;30px&#8221; link_option_url_new_window=&#8221;on&#8221; border_radii_image=&#8221;on|10px|10px|10px|10px&#8221; global_colors_info=&#8221;{%22gcid-28331b72-e3b8-4902-8439-e454eb48e580%22:%91%22icon_hover_color%22%93}&#8221;][\/et_pb_shop][\/et_pb_column][\/et_pb_row][et_pb_row disabled_on=&#8221;off|off|off&#8221; _builder_version=&#8221;4.14.9&#8243; _module_preset=&#8221;default&#8221; global_colors_info=&#8221;{}&#8221;][et_pb_column type=&#8221;4_4&#8243; _builder_version=&#8221;4.14.9&#8243; _module_preset=&#8221;default&#8221; global_colors_info=&#8221;{}&#8221;][et_pb_text _builder_version=&#8221;4.14.9&#8243; _module_preset=&#8221;default&#8221; text_font=&#8221;Mirza Regular|500|||||||&#8221; text_font_size=&#8221;30px&#8221; global_colors_info=&#8221;{}&#8221;]<\/p>\n<p style=\"text-align: center;\">02.07 sobota<\/p>\n<p>[\/et_pb_text][et_pb_shop type=&#8221;product_category&#8221; posts_number=&#8221;60&#8243; include_categories=&#8221;46,42&#8243; icon_hover_color=&#8221;gcid-28331b72-e3b8-4902-8439-e454eb48e580&#8243; _builder_version=&#8221;4.14.9&#8243; _module_preset=&#8221;default&#8221; title_font=&#8221;|700|||||||&#8221; title_text_align=&#8221;center&#8221; title_text_color=&#8221;#27292D&#8221; title_font_size=&#8221;22px&#8221; price_font=&#8221;Mirza Regular||||||||&#8221; price_text_color=&#8221;#27292D&#8221; price_font_size=&#8221;30px&#8221; link_option_url_new_window=&#8221;on&#8221; border_radii_image=&#8221;on|10px|10px|10px|10px&#8221; global_colors_info=&#8221;{%22gcid-28331b72-e3b8-4902-8439-e454eb48e580%22:%91%22icon_hover_color%22%93}&#8221;][\/et_pb_shop][\/et_pb_column][\/et_pb_row][et_pb_row disabled_on=&#8221;off|off|off&#8221; _builder_version=&#8221;4.14.9&#8243; _module_preset=&#8221;default&#8221; global_colors_info=&#8221;{}&#8221;][et_pb_column type=&#8221;4_4&#8243; _builder_version=&#8221;4.14.9&#8243; _module_preset=&#8221;default&#8221; global_colors_info=&#8221;{}&#8221;][et_pb_text _builder_version=&#8221;4.14.9&#8243; _module_preset=&#8221;default&#8221; text_font=&#8221;Mirza Regular|500|||||||&#8221; text_font_size=&#8221;30px&#8221; global_colors_info=&#8221;{}&#8221;]<\/p>\n<p style=\"text-align: center;\">03.07 niedziela<\/p>\n<p>[\/et_pb_text][et_pb_shop type=&#8221;product_category&#8221; posts_number=&#8221;60&#8243; include_categories=&#8221;47,43&#8243; icon_hover_color=&#8221;gcid-28331b72-e3b8-4902-8439-e454eb48e580&#8243; _builder_version=&#8221;4.14.9&#8243; _module_preset=&#8221;default&#8221; title_font=&#8221;|700|||||||&#8221; title_text_align=&#8221;center&#8221; title_text_color=&#8221;#27292D&#8221; title_font_size=&#8221;22px&#8221; price_font=&#8221;Mirza Regular||||||||&#8221; price_text_color=&#8221;#27292D&#8221; price_font_size=&#8221;30px&#8221; link_option_url_new_window=&#8221;on&#8221; border_radii_image=&#8221;on|10px|10px|10px|10px&#8221; global_colors_info=&#8221;{%22gcid-28331b72-e3b8-4902-8439-e454eb48e580%22:%91%22icon_hover_color%22%93}&#8221;][\/et_pb_shop][\/et_pb_column][\/et_pb_row][et_pb_row _builder_version=&#8221;4.14.9&#8243; _module_preset=&#8221;default&#8221; global_colors_info=&#8221;{}&#8221;][et_pb_column type=&#8221;4_4&#8243; _builder_version=&#8221;4.14.8&#8243; _module_preset=&#8221;default&#8221; global_colors_info=&#8221;{}&#8221;][et_pb_text admin_label=&#8221;Wystawy&#8221; _builder_version=&#8221;4.14.9&#8243; _module_preset=&#8221;default&#8221; header_font=&#8221;Mirza Regular|700|||||||&#8221; header_text_color=&#8221;#27292d&#8221; header_font_size=&#8221;55px&#8221; header_line_height=&#8221;55px&#8221; custom_margin=&#8221;||10px||false|false&#8221; global_colors_info=&#8221;{}&#8221;]<\/p>\n<h1 style=\"text-align: center;\">Wystawy<\/h1>\n<p>[\/et_pb_text][\/et_pb_column][\/et_pb_row][et_pb_row disabled_on=&#8221;off|off|off&#8221; _builder_version=&#8221;4.14.9&#8243; _module_preset=&#8221;default&#8221; global_colors_info=&#8221;{}&#8221;][et_pb_column type=&#8221;4_4&#8243; _builder_version=&#8221;4.14.9&#8243; _module_preset=&#8221;default&#8221; global_colors_info=&#8221;{}&#8221;][et_pb_shop type=&#8221;product_category&#8221; posts_number=&#8221;8&#8243; include_categories=&#8221;36&#8243; icon_hover_color=&#8221;gcid-28331b72-e3b8-4902-8439-e454eb48e580&#8243; _builder_version=&#8221;4.14.9&#8243; _module_preset=&#8221;default&#8221; title_font=&#8221;|700|||||||&#8221; title_text_align=&#8221;center&#8221; title_text_color=&#8221;#27292D&#8221; title_font_size=&#8221;22px&#8221; price_font=&#8221;Mirza Regular||||||||&#8221; price_text_color=&#8221;#27292D&#8221; price_font_size=&#8221;30px&#8221; link_option_url_new_window=&#8221;on&#8221; border_radii_image=&#8221;on|10px|10px|10px|10px&#8221; global_colors_info=&#8221;{%22gcid-28331b72-e3b8-4902-8439-e454eb48e580%22:%91%22icon_hover_color%22%93}&#8221;][\/et_pb_shop][\/et_pb_column][\/et_pb_row][\/et_pb_section]<\/p>","protected":false},"excerpt":{"rendered":"<p>WORKSHOPSWarsztaty dedykowane g\u0142\u0119bszej pracy w zamkni\u0119tych grupach. Oferujemy zaj\u0119cia o charakterze proces\u00f3w grupowych, transformuj\u0105ce warsztaty, rytua\u0142y i sesje healingowe. Staramy si\u0119 stworzy\u0107 przestrze\u0144 i okoliczno\u015bci, w kt\u00f3rych zrobisz krok w stron\u0119 zasilenia wizji \u015bwiata, \u017cycia i siebie &#8211; do jakich t\u0119skinisz! Zaj\u0119cia MAMA WORK nie wchodz\u0105 w sk\u0142ad karnetu MAMA PASS.30.06 czwartek01.07 pi\u0105tek02.07 sobota03.07 niedzielaWystawy<\/p>","protected":false},"author":1,"featured_media":0,"parent":0,"menu_order":0,"comment_status":"closed","ping_status":"closed","template":"","meta":{"_et_pb_use_builder":"on","_et_pb_old_content":"","_et_gb_content_width":"","footnotes":""},"class_list":["post-2668","page","type-page","status-publish","hentry"],"yoast_head":"<!-- This site is optimized with the Yoast SEO plugin v25.1 - https:\/\/yoast.com\/wordpress\/plugins\/seo\/ -->\n<title>Workshops - Mama Global Healing<\/title>\n<meta name=\"robots\" content=\"index, follow, max-snippet:-1, max-image-preview:large, max-video-preview:-1\" \/>\n<link rel=\"canonical\" href=\"https:\/\/mamaglobalhealing.com\/en\/workshops\/\" \/>\n<meta property=\"og:locale\" content=\"en_GB\" \/>\n<meta property=\"og:type\" content=\"article\" \/>\n<meta property=\"og:title\" content=\"Workshops - Mama Global Healing\" \/>\n<meta property=\"og:description\" content=\"WORKSHOPSWarsztaty dedykowane g\u0142\u0119bszej pracy w zamkni\u0119tych grupach. Oferujemy zaj\u0119cia o charakterze proces\u00f3w grupowych, transformuj\u0105ce warsztaty, rytua\u0142y i sesje healingowe. Staramy si\u0119 stworzy\u0107 przestrze\u0144 i okoliczno\u015bci, w kt\u00f3rych zrobisz krok w stron\u0119 zasilenia wizji \u015bwiata, \u017cycia i siebie - do jakich t\u0119skinisz! Zaj\u0119cia MAMA WORK nie wchodz\u0105 w sk\u0142ad karnetu MAMA PASS.30.06 czwartek01.07 pi\u0105tek02.07 sobota03.07 niedzielaWystawy\" \/>\n<meta property=\"og:url\" content=\"https:\/\/mamaglobalhealing.com\/en\/workshops\/\" \/>\n<meta property=\"og:site_name\" content=\"Mama Global Healing\" \/>\n<meta property=\"article:modified_time\" content=\"2022-11-17T11:06:35+00:00\" \/>\n<meta name=\"twitter:card\" content=\"summary_large_image\" \/>\n<meta name=\"twitter:label1\" content=\"Estimated reading time\" \/>\n\t<meta name=\"twitter:data1\" content=\"2 minutes\" \/>\n<script type=\"application\/ld+json\" class=\"yoast-schema-graph\">{\"@context\":\"https:\/\/schema.org\",\"@graph\":[{\"@type\":\"WebPage\",\"@id\":\"https:\/\/mamaglobalhealing.com\/workshops\/\",\"url\":\"https:\/\/mamaglobalhealing.com\/workshops\/\",\"name\":\"Workshops - Mama Global Healing\",\"isPartOf\":{\"@id\":\"https:\/\/mamaglobalhealing.com\/#website\"},\"datePublished\":\"2022-04-26T13:52:46+00:00\",\"dateModified\":\"2022-11-17T11:06:35+00:00\",\"breadcrumb\":{\"@id\":\"https:\/\/mamaglobalhealing.com\/workshops\/#breadcrumb\"},\"inLanguage\":\"en-GB\",\"potentialAction\":[{\"@type\":\"ReadAction\",\"target\":[\"https:\/\/mamaglobalhealing.com\/workshops\/\"]}]},{\"@type\":\"BreadcrumbList\",\"@id\":\"https:\/\/mamaglobalhealing.com\/workshops\/#breadcrumb\",\"itemListElement\":[{\"@type\":\"ListItem\",\"position\":1,\"name\":\"Strona g\u0142\u00f3wna\",\"item\":\"https:\/\/mamaglobalhealing.com\/\"},{\"@type\":\"ListItem\",\"position\":2,\"name\":\"Workshops\"}]},{\"@type\":\"WebSite\",\"@id\":\"https:\/\/mamaglobalhealing.com\/#website\",\"url\":\"https:\/\/mamaglobalhealing.com\/\",\"name\":\"Mama Global Healing\",\"description\":\"Kolejna witryna WordPress\",\"potentialAction\":[{\"@type\":\"SearchAction\",\"target\":{\"@type\":\"EntryPoint\",\"urlTemplate\":\"https:\/\/mamaglobalhealing.com\/?s={search_term_string}\"},\"query-input\":{\"@type\":\"PropertyValueSpecification\",\"valueRequired\":true,\"valueName\":\"search_term_string\"}}],\"inLanguage\":\"en-GB\"}]}<\/script>\n<!-- \/ Yoast SEO plugin. -->","yoast_head_json":{"title":"Workshops - Mama Global Healing","robots":{"index":"index","follow":"follow","max-snippet":"max-snippet:-1","max-image-preview":"max-image-preview:large","max-video-preview":"max-video-preview:-1"},"canonical":"https:\/\/mamaglobalhealing.com\/en\/workshops\/","og_locale":"en_GB","og_type":"article","og_title":"Workshops - Mama Global Healing","og_description":"WORKSHOPSWarsztaty dedykowane g\u0142\u0119bszej pracy w zamkni\u0119tych grupach. Oferujemy zaj\u0119cia o charakterze proces\u00f3w grupowych, transformuj\u0105ce warsztaty, rytua\u0142y i sesje healingowe. Staramy si\u0119 stworzy\u0107 przestrze\u0144 i okoliczno\u015bci, w kt\u00f3rych zrobisz krok w stron\u0119 zasilenia wizji \u015bwiata, \u017cycia i siebie - do jakich t\u0119skinisz! Zaj\u0119cia MAMA WORK nie wchodz\u0105 w sk\u0142ad karnetu MAMA PASS.30.06 czwartek01.07 pi\u0105tek02.07 sobota03.07 niedzielaWystawy","og_url":"https:\/\/mamaglobalhealing.com\/en\/workshops\/","og_site_name":"Mama Global Healing","article_modified_time":"2022-11-17T11:06:35+00:00","twitter_card":"summary_large_image","twitter_misc":{"Estimated reading time":"2 minutes"},"schema":{"@context":"https:\/\/schema.org","@graph":[{"@type":"WebPage","@id":"https:\/\/mamaglobalhealing.com\/workshops\/","url":"https:\/\/mamaglobalhealing.com\/workshops\/","name":"Workshops - Mama Global Healing","isPartOf":{"@id":"https:\/\/mamaglobalhealing.com\/#website"},"datePublished":"2022-04-26T13:52:46+00:00","dateModified":"2022-11-17T11:06:35+00:00","breadcrumb":{"@id":"https:\/\/mamaglobalhealing.com\/workshops\/#breadcrumb"},"inLanguage":"en-GB","potentialAction":[{"@type":"ReadAction","target":["https:\/\/mamaglobalhealing.com\/workshops\/"]}]},{"@type":"BreadcrumbList","@id":"https:\/\/mamaglobalhealing.com\/workshops\/#breadcrumb","itemListElement":[{"@type":"ListItem","position":1,"name":"Strona g\u0142\u00f3wna","item":"https:\/\/mamaglobalhealing.com\/"},{"@type":"ListItem","position":2,"name":"Workshops"}]},{"@type":"WebSite","@id":"https:\/\/mamaglobalhealing.com\/#website","url":"https:\/\/mamaglobalhealing.com\/","name":"Mama Global Healing","description":"Kolejna witryna WordPress","potentialAction":[{"@type":"SearchAction","target":{"@type":"EntryPoint","urlTemplate":"https:\/\/mamaglobalhealing.com\/?s={search_term_string}"},"query-input":{"@type":"PropertyValueSpecification","valueRequired":true,"valueName":"search_term_string"}}],"inLanguage":"en-GB"}]}},"_links":{"self":[{"href":"https:\/\/mamaglobalhealing.com\/en\/wp-json\/wp\/v2\/pages\/2668","targetHints":{"allow":["GET"]}}],"collection":[{"href":"https:\/\/mamaglobalhealing.com\/en\/wp-json\/wp\/v2\/pages"}],"about":[{"href":"https:\/\/mamaglobalhealing.com\/en\/wp-json\/wp\/v2\/types\/page"}],"author":[{"embeddable":true,"href":"https:\/\/mamaglobalhealing.com\/en\/wp-json\/wp\/v2\/users\/1"}],"replies":[{"embeddable":true,"href":"https:\/\/mamaglobalhealing.com\/en\/wp-json\/wp\/v2\/comments?post=2668"}],"version-history":[{"count":9,"href":"https:\/\/mamaglobalhealing.com\/en\/wp-json\/wp\/v2\/pages\/2668\/revisions"}],"predecessor-version":[{"id":5225,"href":"https:\/\/mamaglobalhealing.com\/en\/wp-json\/wp\/v2\/pages\/2668\/revisions\/5225"}],"wp:attachment":[{"href":"https:\/\/mamaglobalhealing.com\/en\/wp-json\/wp\/v2\/media?parent=2668"}],"curies":[{"name":"wp","href":"https:\/\/api.w.org\/{rel}","templated":true}]}}