{"id":35,"date":"2022-02-28T10:57:38","date_gmt":"2022-02-28T10:57:38","guid":{"rendered":"http:\/\/pixel-witches.pl\/dev\/mama\/?page_id=35"},"modified":"2022-03-03T14:36:36","modified_gmt":"2022-03-03T14:36:36","slug":"polityka-prywatnosci","status":"publish","type":"page","link":"https:\/\/mamaglobalhealing.com\/en\/polityka-prywatnosci\/","title":{"rendered":"Privacy policy"},"content":{"rendered":"<p>[et_pb_section fb_built=&#8221;1&#8243; _builder_version=&#8221;4.14.8&#8243; _module_preset=&#8221;default&#8221; background_image=&#8221;https:\/\/mamaglobalhealing.com\/wp-content\/uploads\/2022\/02\/KARNETY.png&#8221; custom_padding=&#8221;250px||80px||false|false&#8221; hover_enabled=&#8221;0&#8243; global_colors_info=&#8221;{}&#8221; sticky_enabled=&#8221;0&#8243;][et_pb_row _builder_version=&#8221;4.14.8&#8243; _module_preset=&#8221;default&#8221; global_colors_info=&#8221;{}&#8221;][et_pb_column type=&#8221;4_4&#8243; _builder_version=&#8221;4.14.8&#8243; _module_preset=&#8221;default&#8221; global_colors_info=&#8221;{}&#8221;][et_pb_text _builder_version=&#8221;4.14.8&#8243; _module_preset=&#8221;default&#8221; global_colors_info=&#8221;{}&#8221;]<\/p>\n<h1 style=\"text-align: center;\">POLITYKA STRONY<\/h1>\n<p><span style=\"font-weight: 400;\">Niniejsza Polityka prywatno\u015bci okre\u015bla zasady gromadzenia, przetwarzania i wykorzystywania danych osobowych <\/span><span style=\"font-weight: 400;\">pozyskanych od Pa\u0144stwa przez sklep internetowy www.mamaglobalhealing.com , prowadzony pod adresem <\/span><span style=\"font-weight: 400;\">www.mamaglobalhealing.com (dalej zwan\u0105 Witryn\u0105) przez w\u0142asciciela strony: HOUSE OF LOVE ART &amp; FUN MARTA STOCES\u00a0 <\/span><span style=\"font-weight: 400;\">przy ul. Szcz\u0119\u015bliwej 4\/20 53-446 <\/span><span style=\"font-weight: 400;\">NIP<\/span><span style=\"font-weight: 400;\">8942770682<\/span><span style=\"font-weight: 400;\">\u00a0(dalej zwanego Sklepem Internetowym).\u00a0<\/span><\/p>\n<p><span style=\"font-weight: 400;\">Sklep internetowy dok\u0142ada wszelkich stara\u0144 w celu zapewnienia poszanowania Pa\u0144stwa prywatno\u015bci i ochrony udzielonych informacji osobowych podczas korzystania z <\/span><span style=\"font-weight: 400;\">Witryny i dokonywania zakup\u00f3w w ramach sklepu oraz w tym celu podejmuje wszelkie niezb\u0119dne dzia\u0142ania. Sklep <\/span><span style=\"font-weight: 400;\">internetowy, zgodnie z wymogami prawa, zarejestrowa\u0142 zbi\u00f3r (zbiory) danych osobowych w rejestrze prowadzonym <\/span><span style=\"font-weight: 400;\">przez Generalnego Inspektora Ochrony Danych Osobowych.<\/span><\/p>\n<p><span style=\"font-weight: 400;\">OCHRONA DANYCH OSOBOWYCH<\/span><\/p>\n<p><span style=\"font-weight: 400;\">&#8211; Dane osobowe Klienta lub os\u00f3b dzia\u0142aj\u0105cych w imieniu Klienta s\u0105 przetwarzane przez Sprzedawc\u0119, jako administratora danych, w celu zawarcia i realizacji Umowy. Podanie wszystkich danych jest dobrowolne, jednak\u017ce mo\u017ce by\u0107 konieczne dla realizacji Umowy Sprzeda\u017cy.<\/span><\/p>\n<p><span style=\"font-weight: 400;\">&#8211; Sprzedawca stosuje \u015brodki techniczne i organizacyjne zapewniaj\u0105ce ochron\u0119 danych osobowych Klient\u00f3w.<\/span><\/p>\n<p><span style=\"font-weight: 400;\">&#8211; Klient ma prawo dost\u0119pu do swoich danych osobowych oraz do ich poprawiania i usuni\u0119cia. Dane osobowe mog\u0105 by\u0107 poprawiane lub usuwane po zalogowaniu si\u0119 na konto Klienta lub w przypadku Klient\u00f3w niezarejestrowanych, Klient mo\u017ce dokona\u0107 modyfikacji lub usuni\u0119cia swoich danych wysy\u0142aj\u0105c odpowiednie \u017c\u0105danie do Sprzedawcy.<\/span><\/p>\n<p><span style=\"font-weight: 400;\">&#8211; Klient o\u015bwiadcza, i\u017c podane przez niego dane osobowe s\u0105 danymi Klienta oraz \u017ce s\u0105 prawdziwe, aktualne i kompletne.<\/span><\/p>\n<p><span style=\"font-weight: 400;\">&#8211; Klient nieb\u0119d\u0105cy osob\u0105 fizyczn\u0105 gwarantuje, \u017ce jest uprawniony do udost\u0119pnienia Sprzedawcy danych osobowych osoby go reprezentuj\u0105cej wobec Sprzedawcy, oraz \u017ce spe\u0142ni obowi\u0105zki informacyjne wzgl\u0119dem tej osoby okre\u015blone w ustawie o ochronie danych osobowych z 29 sierpnia 1997 r.<\/span><\/p>\n<p><span style=\"font-weight: 400;\">JAKIE DANE ZBIERA SKLEP INTERNETOWY W SPOS\u00d3B AUTOMATYCZNY PODCZAS <\/span><span style=\"font-weight: 400;\">KORZYSTANIA Z WITRYNY?<\/span><\/p>\n<p><span style=\"font-weight: 400;\">Sklep internetowy nie zbiera w spos\u00f3b automatyczny \u017cadnych danych, z wyj\u0105tkiem danych zawartych w plikach <\/span><span style=\"font-weight: 400;\">cookies podczas samego korzystania z Witryny. Pliki cookies to ma\u0142e pliki tekstowe wysy\u0142ane przez sklep internetowy i przechowywane na Pa\u0144stwa komputerze zawieraj\u0105ce pewne informacje zwi\u0105zane z korzystaniem przez Pa\u0144stwa z Witryny i Sklepu Internetowego. Pliki cookies wykorzystywane s\u0105 przez sklep internetowy w celu obs\u0142ugi Witryny i zapewnienia mo\u017cliwo\u015bci udost\u0119pnienia Pa\u0144stwu interesuj\u0105cych informacji oraz podczas procesu zakupowego, np. w celu zapami\u0119tywania dokonanych przez Pa\u0144stwa zakup\u00f3w.<\/span><\/p>\n<p><span style=\"font-weight: 400;\">Pliki cookies wykorzystywane przez sklep internetowy mog\u0105 mie\u0107 charakter tymczasowy lub trwa\u0142y. Tymczasowe <\/span><span style=\"font-weight: 400;\">pliki cookies s\u0105 usuwane z chwil\u0105 zamkni\u0119cia przegl\u0105darki, natomiast sta\u0142e pliki cookies s\u0105 przechowywane tak\u017ce po zako\u0144czeniu korzystania przez Pa\u0144stwa z Witryny i s\u0142u\u017c\u0105 do przechowywania informacji takich jak Pa\u0144stwa has\u0142o czy login, co przyspiesza i u\u0142atwia korzystanie z Witryny. W ka\u017cdym wypadku mog\u0105 Pa\u0144stwo zablokowa\u0107 instalowanie plik\u00f3w cookies lub usun\u0105\u0107 sta\u0142e pliki cookies, wykorzystuj\u0105c stosowne opcje Pa\u0144stwa przegl\u0105darki internetowej. W razie problem\u00f3w doradzamy skorzysta\u0107 z pliku pomocy przegl\u0105darki lub skontaktowa\u0107 si\u0119 z producentem przegl\u0105darki, z kt\u00f3rej Pa\u0144stwo korzystacie.<\/span><\/p>\n<p><span style=\"font-weight: 400;\">Obok plik\u00f3w cookies sklep internetowy mo\u017ce r\u00f3wnie\u017c gromadzi\u0107 dane zwyczajowo zbierane przez <\/span><span style=\"font-weight: 400;\">administrator\u00f3w system\u00f3w internetowych w ramach tzw. log\u00f3w lub plik\u00f3w dziennika. Informacje zawarte w logach mog\u0105 obejmowa\u0107 m.in. Pa\u0144stwa adres IP, rodzaj platformy i przegl\u0105darki internetowej, dostawc\u0119 Internetu oraz adres strony, z kt\u00f3rej weszli\u015bcie Pa\u0144stwo na Witryn\u0119. Niekt\u00f3re podstrony w ramach Witryny oraz inne \u015brodki komunikacji z Pa\u0144stwem mog\u0105 zawiera\u0107 tzw. \u201eweb beacons\u201d (tzw. elektroniczne obrazki). Web beacons pozwalaj\u0105 na otrzymanie informacji takich jak np. adres IP komputera, na kt\u00f3ry za\u0142adowana zosta\u0142a strona, na kt\u00f3rej web beacon zosta\u0142 zamieszczony, numer URL strony, czas za\u0142adowania strony, rodzaj przegl\u0105darki, jak r\u00f3wnie\u017c informacje zawarte w cookies,w celu oceny efektywno\u015bci naszych reklam. Dane te b\u0119d\u0105 archiwizowane i wykorzystywane w celach analizy statystycznej i oceny globalnego ruchu u\u017cytkownik\u00f3w Witryny.<\/span><\/p>\n<p><span style=\"font-weight: 400;\">Sklep korzysta z Google Analytics, serwisu analityki internetowej udost\u0119pnionego przez Google Inc. (\u201cGoogle\u201d).<\/span><\/p>\n<p><span style=\"font-weight: 400;\">Google Analytics gromadzi pliki cookies stanowi\u0105ce informacje dotycz\u0105ce ogl\u0105dalno\u015bci stron internetowych oraz profilu systemowego u\u017cytkownika (w\u0142\u0105cznie z jego adresem IP). Informacje te s\u0105 przekazywane sp\u00f3\u0142ce Google i przechowywane przez ni\u0105 na serwerach w Stanach Zjednoczonych. Google u\u017cywa tych informacji w celu oceny korzystania z witryny przez u\u017cytkownika, tworzenia raport\u00f3w dotycz\u0105cych ruchu na stronach dla operator\u00f3w witryn oraz \u015bwiadczenia innych us\u0142ug zwi\u0105zanych z ruchem na witrynach internetowych i korzystaniem z Internetu. Adresy IP u\u017cytkownik\u00f3w nie s\u0105 \u0142\u0105czone z \u017cadnymi innymi danymi b\u0119d\u0105cymi w posiadaniu Google. Google mo\u017ce r\u00f3wnie\u017c <\/span><span style=\"font-weight: 400;\">przekazywa\u0107 te informacje osobom trzecim, je\u017celi jest to wymagane prawnie, lub je\u017celi osoby trzecie przetwarzaj\u0105 te informacje na zlecenie Google. Google nie b\u0119dzie \u0142\u0105czy\u0107 adresu IP u\u017cytkownika z \u017cadnymi innymi danymi przechowywanymi przez Google. Mo\u017cesz zablokowa\u0107 korzystanie z ciasteczek, wybieraj\u0105c odpowiednie ustawienia w Twojej przegl\u0105darce internetowej, jednak pami\u0119taj, \u017ce je\u015bli to zrobisz, mo\u017cesz nie by\u0107 w stanie korzysta\u0107 ze wszystkich funkcji Strony. Korzystaj\u0105c ze Strony, wyra\u017casz zgod\u0119 na przetwarzanie Twoich danych osobowych przez Google w spos\u00f3b i w celach okre\u015blonych powy\u017cej.<\/span><\/p>\n<p><span style=\"font-weight: 400;\">W przypadku, gdy \u017ar\u00f3d\u0142em odwiedzin danego u\u017cytkownika s\u0105 kreacje reklamowe emitowane przez podmioty <\/span><span style=\"font-weight: 400;\">wsp\u00f3\u0142pracuj\u0105ce ze Sklepem w modelu rozliczeniowym CPA (\u201eCost Per Action\u201d), CPC (&#8222;Cost Per Click&#8221;) lub CPS (\u201cCost Per Sales\u201d) tworzone s\u0105 pliki cookies zawieraj\u0105ce identyfikacj\u0119 sesji, a po ostatnim kroku sk\u0142adania zam\u00f3wienia, dane o jego numerze i kwocie s\u0105 przekazywane do tych firm, jako niezb\u0119dne do cel\u00f3w rozliczeniowych.<\/span><\/p>\n<p><span style=\"font-weight: 400;\">Strona korzysta z Usability tools, serwisu analityki internetowej, kt\u00f3ra u\u017cywa ciasteczek do przechowywania <\/span><span style=\"font-weight: 400;\">informacji jak anonimowi, losowo wybrani u\u017cytkownicy przechodz\u0105 ze strony na stron\u0119 (w tym \u015bledzone s\u0105 ruchy myszy). Mo\u017cna zablokowa\u0107 korzystanie z ciasteczek, wybieraj\u0105c odpowiednie ustawienia w Twojej przegl\u0105darce internetowej. Nale\u017cy pami\u0119ta\u0107, \u017ce usuni\u0119cie lub wy\u0142\u0105czenie plik\u00f3w cookie mo\u017ce mie\u0107 wp\u0142yw na mo\u017cliwo\u015b\u0107 korzystania z serwisu. Wi\u0119cej informacji na stronie Pliki cookies.<\/span><\/p>\n<p><span style=\"font-weight: 400;\">JAKIE DANE ZBIERA SKLEP INTERNETOWY PODCZAS REJESTRACJI I DOKONYWANIA <\/span><span style=\"font-weight: 400;\">ZAKUP\u00d3W?<\/span><\/p>\n<p><span style=\"font-weight: 400;\">Sklep internetowy b\u0119dzie od Pa\u0144stwa zbiera\u0142 nast\u0119puj\u0105ce dane osobowe za po\u015brednictwem Witryny oraz innych form<\/span><\/p>\n<p><span style=\"font-weight: 400;\">komunikacji, w przypadku dokonywania zakup\u00f3w i procesu rejestracji na Witrynie:<\/span><\/p>\n<p><span style=\"font-weight: 400;\">&#8211; nazwisko i imi\u0119,<\/span><\/p>\n<p><span style=\"font-weight: 400;\">&#8211; adres,<\/span><\/p>\n<p><span style=\"font-weight: 400;\">&#8211; adres poczty elektronicznej,<\/span><\/p>\n<p><span style=\"font-weight: 400;\">&#8211; numer telefonu.<\/span><\/p>\n<p><span style=\"font-weight: 400;\">Podanie powy\u017cszych danych jest dobrowolne lecz konieczne dla dokonania rejestracji i zakupu w ramach Witryny.<\/span><\/p>\n<p><span style=\"font-weight: 400;\">Podanie powy\u017cszych danych jest dobrowolne i wymaga Pa\u0144stwa zgody i jest konieczne wy\u0142\u0105cznie dla realizacji <\/span><span style=\"font-weight: 400;\">wskazanych powy\u017cej cel\u00f3w.<\/span><\/p>\n<p><span style=\"font-weight: 400;\">Podkre\u015blamy, \u017ce nie musz\u0105 Pa\u0144stwo podawa\u0107 tych danych, je\u017celi nie chc\u0105 Pa\u0144stwo korzysta\u0107 z wskazanych powy\u017cej <\/span><span style=\"font-weight: 400;\">mo\u017cliwo\u015bci. Przys\u0142uguje Pa\u0144stwu prawo dost\u0119pu do tre\u015bci swoich danych osobowych oraz prawo ich poprawiania. W <\/span><span style=\"font-weight: 400;\">celu realizacji tego uprawnienia prosimy o korzystanie z opcji w ramach swojego konta lub z adresu:<\/span><\/p>\n<p><span style=\"font-weight: 400;\">houseofloveoffice@gmail.com<\/span><\/p>\n<p><span style=\"font-weight: 400;\">O ile Pa\u0144stwo wyrazili\u015bcie na to zgod\u0119 (zapis do newslettera), podany przez Pa\u0144stwa adres e-mail b\u0119dzie <\/span><span style=\"font-weight: 400;\">wykorzystywany w celach marketingowych \/ informacyjnych Zgoda mo\u017ce by\u0107 cofni\u0119ta w ka\u017cdym czasie.<\/span><\/p>\n<p>[\/et_pb_text][\/et_pb_column][\/et_pb_row][\/et_pb_section]<\/p>","protected":false},"excerpt":{"rendered":"<p>POLITYKA STRONY Niniejsza Polityka prywatno\u015bci okre\u015bla zasady gromadzenia, przetwarzania i wykorzystywania danych osobowych pozyskanych od Pa\u0144stwa przez sklep internetowy www.mamaglobalhealing.com , prowadzony pod adresem www.mamaglobalhealing.com (dalej zwan\u0105 Witryn\u0105) przez w\u0142asciciela strony: HOUSE OF LOVE ART &amp; FUN MARTA STOCES\u00a0 przy ul. Szcz\u0119\u015bliwej 4\/20 53-446 NIP8942770682\u00a0(dalej zwanego Sklepem Internetowym).\u00a0 Sklep internetowy dok\u0142ada wszelkich stara\u0144 w celu [&hellip;]<\/p>","protected":false},"author":1,"featured_media":0,"parent":0,"menu_order":0,"comment_status":"closed","ping_status":"closed","template":"","meta":{"_et_pb_use_builder":"on","_et_pb_old_content":"","_et_gb_content_width":"","footnotes":""},"class_list":["post-35","page","type-page","status-publish","hentry"],"yoast_head":"<!-- This site is optimized with the Yoast SEO plugin v25.1 - https:\/\/yoast.com\/wordpress\/plugins\/seo\/ -->\n<title>Polityka prywatno\u015bci - Mama Global Healing<\/title>\n<meta name=\"robots\" content=\"index, follow, max-snippet:-1, max-image-preview:large, max-video-preview:-1\" \/>\n<link rel=\"canonical\" href=\"https:\/\/mamaglobalhealing.com\/en\/polityka-prywatnosci\/\" \/>\n<meta property=\"og:locale\" content=\"en_GB\" \/>\n<meta property=\"og:type\" content=\"article\" \/>\n<meta property=\"og:title\" content=\"Polityka prywatno\u015bci - Mama Global Healing\" \/>\n<meta property=\"og:description\" content=\"POLITYKA STRONY Niniejsza Polityka prywatno\u015bci okre\u015bla zasady gromadzenia, przetwarzania i wykorzystywania danych osobowych pozyskanych od Pa\u0144stwa przez sklep internetowy www.mamaglobalhealing.com , prowadzony pod adresem www.mamaglobalhealing.com (dalej zwan\u0105 Witryn\u0105) przez w\u0142asciciela strony: HOUSE OF LOVE ART &amp; FUN MARTA STOCES\u00a0 przy ul. Szcz\u0119\u015bliwej 4\/20 53-446 NIP8942770682\u00a0(dalej zwanego Sklepem Internetowym).\u00a0 Sklep internetowy dok\u0142ada wszelkich stara\u0144 w celu [&hellip;]\" \/>\n<meta property=\"og:url\" content=\"https:\/\/mamaglobalhealing.com\/en\/polityka-prywatnosci\/\" \/>\n<meta property=\"og:site_name\" content=\"Mama Global Healing\" \/>\n<meta property=\"article:modified_time\" content=\"2022-03-03T14:36:36+00:00\" \/>\n<meta name=\"twitter:card\" content=\"summary_large_image\" \/>\n<meta name=\"twitter:label1\" content=\"Estimated reading time\" \/>\n\t<meta name=\"twitter:data1\" content=\"7 minutes\" \/>\n<script type=\"application\/ld+json\" class=\"yoast-schema-graph\">{\"@context\":\"https:\/\/schema.org\",\"@graph\":[{\"@type\":\"WebPage\",\"@id\":\"https:\/\/mamaglobalhealing.com\/polityka-prywatnosci\/\",\"url\":\"https:\/\/mamaglobalhealing.com\/polityka-prywatnosci\/\",\"name\":\"Polityka prywatno\u015bci - Mama Global Healing\",\"isPartOf\":{\"@id\":\"https:\/\/mamaglobalhealing.com\/#website\"},\"datePublished\":\"2022-02-28T10:57:38+00:00\",\"dateModified\":\"2022-03-03T14:36:36+00:00\",\"breadcrumb\":{\"@id\":\"https:\/\/mamaglobalhealing.com\/polityka-prywatnosci\/#breadcrumb\"},\"inLanguage\":\"en-GB\",\"potentialAction\":[{\"@type\":\"ReadAction\",\"target\":[\"https:\/\/mamaglobalhealing.com\/polityka-prywatnosci\/\"]}]},{\"@type\":\"BreadcrumbList\",\"@id\":\"https:\/\/mamaglobalhealing.com\/polityka-prywatnosci\/#breadcrumb\",\"itemListElement\":[{\"@type\":\"ListItem\",\"position\":1,\"name\":\"Strona g\u0142\u00f3wna\",\"item\":\"https:\/\/mamaglobalhealing.com\/\"},{\"@type\":\"ListItem\",\"position\":2,\"name\":\"Polityka prywatno\u015bci\"}]},{\"@type\":\"WebSite\",\"@id\":\"https:\/\/mamaglobalhealing.com\/#website\",\"url\":\"https:\/\/mamaglobalhealing.com\/\",\"name\":\"Mama Global Healing\",\"description\":\"Kolejna witryna WordPress\",\"potentialAction\":[{\"@type\":\"SearchAction\",\"target\":{\"@type\":\"EntryPoint\",\"urlTemplate\":\"https:\/\/mamaglobalhealing.com\/?s={search_term_string}\"},\"query-input\":{\"@type\":\"PropertyValueSpecification\",\"valueRequired\":true,\"valueName\":\"search_term_string\"}}],\"inLanguage\":\"en-GB\"}]}<\/script>\n<!-- \/ Yoast SEO plugin. -->","yoast_head_json":{"title":"Polityka prywatno\u015bci - Mama Global Healing","robots":{"index":"index","follow":"follow","max-snippet":"max-snippet:-1","max-image-preview":"max-image-preview:large","max-video-preview":"max-video-preview:-1"},"canonical":"https:\/\/mamaglobalhealing.com\/en\/polityka-prywatnosci\/","og_locale":"en_GB","og_type":"article","og_title":"Polityka prywatno\u015bci - Mama Global Healing","og_description":"POLITYKA STRONY Niniejsza Polityka prywatno\u015bci okre\u015bla zasady gromadzenia, przetwarzania i wykorzystywania danych osobowych pozyskanych od Pa\u0144stwa przez sklep internetowy www.mamaglobalhealing.com , prowadzony pod adresem www.mamaglobalhealing.com (dalej zwan\u0105 Witryn\u0105) przez w\u0142asciciela strony: HOUSE OF LOVE ART &amp; FUN MARTA STOCES\u00a0 przy ul. Szcz\u0119\u015bliwej 4\/20 53-446 NIP8942770682\u00a0(dalej zwanego Sklepem Internetowym).\u00a0 Sklep internetowy dok\u0142ada wszelkich stara\u0144 w celu [&hellip;]","og_url":"https:\/\/mamaglobalhealing.com\/en\/polityka-prywatnosci\/","og_site_name":"Mama Global Healing","article_modified_time":"2022-03-03T14:36:36+00:00","twitter_card":"summary_large_image","twitter_misc":{"Estimated reading time":"7 minutes"},"schema":{"@context":"https:\/\/schema.org","@graph":[{"@type":"WebPage","@id":"https:\/\/mamaglobalhealing.com\/polityka-prywatnosci\/","url":"https:\/\/mamaglobalhealing.com\/polityka-prywatnosci\/","name":"Polityka prywatno\u015bci - Mama Global Healing","isPartOf":{"@id":"https:\/\/mamaglobalhealing.com\/#website"},"datePublished":"2022-02-28T10:57:38+00:00","dateModified":"2022-03-03T14:36:36+00:00","breadcrumb":{"@id":"https:\/\/mamaglobalhealing.com\/polityka-prywatnosci\/#breadcrumb"},"inLanguage":"en-GB","potentialAction":[{"@type":"ReadAction","target":["https:\/\/mamaglobalhealing.com\/polityka-prywatnosci\/"]}]},{"@type":"BreadcrumbList","@id":"https:\/\/mamaglobalhealing.com\/polityka-prywatnosci\/#breadcrumb","itemListElement":[{"@type":"ListItem","position":1,"name":"Strona g\u0142\u00f3wna","item":"https:\/\/mamaglobalhealing.com\/"},{"@type":"ListItem","position":2,"name":"Polityka prywatno\u015bci"}]},{"@type":"WebSite","@id":"https:\/\/mamaglobalhealing.com\/#website","url":"https:\/\/mamaglobalhealing.com\/","name":"Mama Global Healing","description":"Kolejna witryna WordPress","potentialAction":[{"@type":"SearchAction","target":{"@type":"EntryPoint","urlTemplate":"https:\/\/mamaglobalhealing.com\/?s={search_term_string}"},"query-input":{"@type":"PropertyValueSpecification","valueRequired":true,"valueName":"search_term_string"}}],"inLanguage":"en-GB"}]}},"_links":{"self":[{"href":"https:\/\/mamaglobalhealing.com\/en\/wp-json\/wp\/v2\/pages\/35","targetHints":{"allow":["GET"]}}],"collection":[{"href":"https:\/\/mamaglobalhealing.com\/en\/wp-json\/wp\/v2\/pages"}],"about":[{"href":"https:\/\/mamaglobalhealing.com\/en\/wp-json\/wp\/v2\/types\/page"}],"author":[{"embeddable":true,"href":"https:\/\/mamaglobalhealing.com\/en\/wp-json\/wp\/v2\/users\/1"}],"replies":[{"embeddable":true,"href":"https:\/\/mamaglobalhealing.com\/en\/wp-json\/wp\/v2\/comments?post=35"}],"version-history":[{"count":6,"href":"https:\/\/mamaglobalhealing.com\/en\/wp-json\/wp\/v2\/pages\/35\/revisions"}],"predecessor-version":[{"id":327,"href":"https:\/\/mamaglobalhealing.com\/en\/wp-json\/wp\/v2\/pages\/35\/revisions\/327"}],"wp:attachment":[{"href":"https:\/\/mamaglobalhealing.com\/en\/wp-json\/wp\/v2\/media?parent=35"}],"curies":[{"name":"wp","href":"https:\/\/api.w.org\/{rel}","templated":true}]}}