{"id":482,"date":"2022-03-05T16:35:31","date_gmt":"2022-03-05T16:35:31","guid":{"rendered":"https:\/\/mamaglobalhealing.com\/?page_id=482"},"modified":"2024-08-01T14:00:29","modified_gmt":"2024-08-01T14:00:29","slug":"open-call","status":"publish","type":"page","link":"https:\/\/mamaglobalhealing.com\/en\/open-call\/","title":{"rendered":"Open Call"},"content":{"rendered":"<p>[et_pb_section fb_built=&#8221;1&#8243; _builder_version=&#8221;4.16&#8243; _module_preset=&#8221;default&#8221; background_image=&#8221;https:\/\/mamaglobalhealing.com\/wp-content\/uploads\/2022\/02\/REGULAMIN.png&#8221; background_position=&#8221;top_center&#8221; custom_padding=&#8221;160px||90px||false|false&#8221; da_disable_devices=&#8221;off|off|off&#8221; global_colors_info=&#8221;{}&#8221; da_is_popup=&#8221;off&#8221; da_exit_intent=&#8221;off&#8221; da_has_close=&#8221;on&#8221; da_alt_close=&#8221;off&#8221; da_dark_close=&#8221;off&#8221; da_not_modal=&#8221;on&#8221; da_is_singular=&#8221;off&#8221; da_with_loader=&#8221;off&#8221; da_has_shadow=&#8221;on&#8221;][et_pb_row _builder_version=&#8221;4.16&#8243; _module_preset=&#8221;default&#8221; global_colors_info=&#8221;{}&#8221;][et_pb_column type=&#8221;4_4&#8243; _builder_version=&#8221;4.16&#8243; _module_preset=&#8221;default&#8221; global_colors_info=&#8221;{}&#8221;][et_pb_text _builder_version=&#8221;4.16&#8243; _module_preset=&#8221;default&#8221; header_font_size=&#8221;65px&#8221; header_line_height=&#8221;65px&#8221; custom_margin=&#8221;||0px||false|false&#8221; global_colors_info=&#8221;{}&#8221;]<\/p>\n<h1 style=\"text-align: center;\">OPEN CALL<\/h1>\n<p>[\/et_pb_text][et_pb_text _builder_version=&#8221;4.16&#8243; _module_preset=&#8221;default&#8221; header_2_font_size=&#8221;30px&#8221; header_2_line_height=&#8221;30px&#8221; global_colors_info=&#8221;{}&#8221;]<\/p>\n<h2 style=\"text-align: center;\">facilitators &amp; performers | workshops | lectures | circles | art<\/h2>\n<p>[\/et_pb_text][\/et_pb_column][\/et_pb_row][et_pb_row column_structure=&#8221;1_2,1_2&#8243; _builder_version=&#8221;4.16&#8243; _module_preset=&#8221;default&#8221; global_colors_info=&#8221;{}&#8221;][et_pb_column type=&#8221;1_2&#8243; _builder_version=&#8221;4.16&#8243; _module_preset=&#8221;default&#8221; global_colors_info=&#8221;{}&#8221;][et_pb_text _builder_version=&#8221;4.25.2&#8243; _module_preset=&#8221;default&#8221; text_font_size=&#8221;24px&#8221; header_2_font=&#8221;Mirza Regular|600|||||||&#8221; header_2_text_color=&#8221;gcid-01574703-79b7-4ccc-a838-b46c84bce17a&#8221; header_2_font_size=&#8221;40px&#8221; header_2_line_height=&#8221;45px&#8221; custom_margin=&#8221;60px||||false|false&#8221; custom_padding=&#8221;|25px||25px|false|true&#8221; global_colors_info=&#8221;{%22gcid-01574703-79b7-4ccc-a838-b46c84bce17a%22:%91%22header_2_text_color%22%93}&#8221;]<\/p>\n<h5 style=\"text-align: center;\">Open call to\u00a0\u015bwietna okazja \u017ceby\u00a0wsp\u00f3\u0142tworzy\u0107 wewn\u0119trzn\u0105 sie\u0107 MAMY, zaprezentowa\u0107 si\u0119 spo\u0142eczno\u015bci i\u00a0wypromowa\u0107 swoje dzia\u0142ania.<\/h5>\n<h5 style=\"text-align: center;\">Open call ma\u00a0formu\u0142\u0119 barterow\u0105 &#8211; w\u00a0zale\u017cno\u015bci od\u00a0Twojej\u00a0propozycji mo\u017cesz spodziewa\u0107 si\u0119: zni\u017cki na\u00a0bilet \/ pe\u0142nego wst\u0119pu \/ op\u0142aconego noclegu pod\u00a0namiotem \/ op\u0142aconego wy\u017cywienia. Z\u00a0naszej strony wi\u0105\u017ce si\u0119 tak\u017ce z\u00a0nak\u0142adem pracy, kt\u00f3ra\u00a0mo\u017ce umo\u017cliwi\u0107 Ci\u00a0wyst\u0119p w\u00a0ramach budowanej przez\u00a0nas infrastruktury i\u00a0sieci komunikacyjnej.<\/h5>\n<h5 style=\"text-align: center;\">Pami\u0119taj, \u017ce\u00a0open call to\u00a0nie\u00a0jest ekonomia daru &#8211; je\u015bli cena stanowi dla Ciebie przeszkod\u0119 w\u00a0udziale &#8211; napisz do\u00a0nas.<\/h5>\n<h5 style=\"text-align: center;\">Je\u015bli masz ochot\u0119 na\u00a0wsp\u00f3\u0142prac\u0119, zapraszamy do\u00a0kontaktu na\u00a0<a href=\"mailto:biuromamaglobal@gmail.com\" target=\"_blank\" rel=\"noopener\">biuromamaglobal@gmail.com &#8211; w\u00a0tytule napisz OPEN CALL \u00a0<\/a><\/h5>\n<h5 style=\"text-align: center;\">Zg\u0142oszenie powinno zawiera\u0107 : kr\u00f3tkie info o\u00a0Tobie \/ kr\u00f3tki opis propozycji (+ format\/ ilo\u015b\u0107 uczestnik\u00f3w) + Twoje\u00a0linki i\u00a0foto.<\/h5>\n<p>[\/et_pb_text][et_pb_text _builder_version=&#8221;4.25.2&#8243; _module_preset=&#8221;default&#8221; text_font_size=&#8221;24px&#8221; header_2_font=&#8221;Mirza Regular|600|||||||&#8221; header_2_text_color=&#8221;gcid-01574703-79b7-4ccc-a838-b46c84bce17a&#8221; header_2_font_size=&#8221;40px&#8221; header_2_line_height=&#8221;45px&#8221; custom_margin=&#8221;60px||||false|false&#8221; custom_padding=&#8221;|25px||25px|false|true&#8221; hover_enabled=&#8221;0&#8243; global_colors_info=&#8221;{%22gcid-01574703-79b7-4ccc-a838-b46c84bce17a%22:%91%22header_2_text_color%22%93}&#8221; sticky_enabled=&#8221;0&#8243;]<\/p>\n<h5 style=\"text-align: center;\"><strong>OPEN CALL FOR INTERNATIONAL FACILITATORS &amp; PERFOMERS<\/strong><\/h5>\n<h5 style=\"text-align: center;\">OPEN CALL is barter based formula that allows you to\u00a0show up among our infractructure, promote your work and offerings in\u00a0the MAMA field and connect with MAMA community.<\/h5>\n<h5 style=\"text-align: center;\">Depending on\u00a0your proposal you can expect: open call discount pass \/ full festival entry \/ covering of accomodation cost (camping) \/ covering of food cost.<\/h5>\n<h5 style=\"text-align: center;\">We\u00a0offer you full support in\u00a0organising space for you to\u00a0run your workshop \/ lecture \/ perfo, promoting and exposing info on\u00a0you on\u00a0our website and social media.<\/h5>\n<h5 style=\"text-align: center;\">Want to\u00a0join us?\u00a0 send an e-mail titled OPEN CALL to\u00a0<a href=\"mailto:biuromamaglobal@gmail.com\" target=\"_blank\" rel=\"noopener\">biuromamaglobal@gmail.com<\/a><\/h5>\n<h5 style=\"text-align: center;\">Your application should include your short bio, short description of your proposal, links + your photo.<\/h5>\n<p>[\/et_pb_text][\/et_pb_column][et_pb_column type=&#8221;1_2&#8243; _builder_version=&#8221;4.16&#8243; _module_preset=&#8221;default&#8221; global_colors_info=&#8221;{}&#8221;][et_pb_image src=&#8221;https:\/\/mamaglobalhealing.com\/wp-content\/uploads\/2022\/03\/13d23165-35b8-4d3c-a812-1192115aa22c.jpg&#8221; title_text=&#8221;13d23165-35b8-4d3c-a812-1192115aa22c&#8221; _builder_version=&#8221;4.16&#8243; _module_preset=&#8221;default&#8221; border_radii=&#8221;on|35px|35px|35px|35px&#8221; global_colors_info=&#8221;{}&#8221;][\/et_pb_image][\/et_pb_column][\/et_pb_row][\/et_pb_section]<\/p>","protected":false},"excerpt":{"rendered":"<p>OPEN CALLfacilitators &amp; performers | workshops | lectures | circles | artOpen call to\u00a0\u015bwietna okazja \u017ceby\u00a0wsp\u00f3\u0142tworzy\u0107 wewn\u0119trzn\u0105 sie\u0107 MAMY, zaprezentowa\u0107 si\u0119 spo\u0142eczno\u015bci i\u00a0wypromowa\u0107 swoje dzia\u0142ania. Open call ma\u00a0formu\u0142\u0119 barterow\u0105 &#8211; w\u00a0zale\u017cno\u015bci od\u00a0Twojej\u00a0propozycji mo\u017cesz spodziewa\u0107 si\u0119: zni\u017cki na\u00a0bilet \/ pe\u0142nego wst\u0119pu \/ op\u0142aconego noclegu pod\u00a0namiotem \/ op\u0142aconego wy\u017cywienia. Z\u00a0naszej strony wi\u0105\u017ce si\u0119 tak\u017ce z\u00a0nak\u0142adem pracy, kt\u00f3ra\u00a0mo\u017ce [&hellip;]<\/p>","protected":false},"author":1,"featured_media":0,"parent":0,"menu_order":0,"comment_status":"closed","ping_status":"closed","template":"","meta":{"_et_pb_use_builder":"on","_et_pb_old_content":"","_et_gb_content_width":"","footnotes":""},"class_list":["post-482","page","type-page","status-publish","hentry"],"yoast_head":"<!-- This site is optimized with the Yoast SEO plugin v25.1 - https:\/\/yoast.com\/wordpress\/plugins\/seo\/ -->\n<title>Open Call - Mama Global Healing<\/title>\n<meta name=\"robots\" content=\"index, follow, max-snippet:-1, max-image-preview:large, max-video-preview:-1\" \/>\n<link rel=\"canonical\" href=\"https:\/\/mamaglobalhealing.com\/en\/open-call\/\" \/>\n<meta property=\"og:locale\" content=\"en_GB\" \/>\n<meta property=\"og:type\" content=\"article\" \/>\n<meta property=\"og:title\" content=\"Open Call - Mama Global Healing\" \/>\n<meta property=\"og:description\" content=\"OPEN CALLfacilitators &amp; performers | workshops | lectures | circles | artOpen call to\u00a0\u015bwietna okazja \u017ceby\u00a0wsp\u00f3\u0142tworzy\u0107 wewn\u0119trzn\u0105 sie\u0107 MAMY, zaprezentowa\u0107 si\u0119 spo\u0142eczno\u015bci i\u00a0wypromowa\u0107 swoje dzia\u0142ania. Open call ma\u00a0formu\u0142\u0119 barterow\u0105 - w\u00a0zale\u017cno\u015bci od\u00a0Twojej\u00a0propozycji mo\u017cesz spodziewa\u0107 si\u0119: zni\u017cki na\u00a0bilet \/ pe\u0142nego wst\u0119pu \/ op\u0142aconego noclegu pod\u00a0namiotem \/ op\u0142aconego wy\u017cywienia. Z\u00a0naszej strony wi\u0105\u017ce si\u0119 tak\u017ce z\u00a0nak\u0142adem pracy, kt\u00f3ra\u00a0mo\u017ce [&hellip;]\" \/>\n<meta property=\"og:url\" content=\"https:\/\/mamaglobalhealing.com\/en\/open-call\/\" \/>\n<meta property=\"og:site_name\" content=\"Mama Global Healing\" \/>\n<meta property=\"article:modified_time\" content=\"2024-08-01T14:00:29+00:00\" \/>\n<meta name=\"twitter:card\" content=\"summary_large_image\" \/>\n<meta name=\"twitter:label1\" content=\"Estimated reading time\" \/>\n\t<meta name=\"twitter:data1\" content=\"2 minutes\" \/>\n<script type=\"application\/ld+json\" class=\"yoast-schema-graph\">{\"@context\":\"https:\/\/schema.org\",\"@graph\":[{\"@type\":\"WebPage\",\"@id\":\"https:\/\/mamaglobalhealing.com\/open-call\/\",\"url\":\"https:\/\/mamaglobalhealing.com\/open-call\/\",\"name\":\"Open Call - Mama Global Healing\",\"isPartOf\":{\"@id\":\"https:\/\/mamaglobalhealing.com\/#website\"},\"datePublished\":\"2022-03-05T16:35:31+00:00\",\"dateModified\":\"2024-08-01T14:00:29+00:00\",\"breadcrumb\":{\"@id\":\"https:\/\/mamaglobalhealing.com\/open-call\/#breadcrumb\"},\"inLanguage\":\"en-GB\",\"potentialAction\":[{\"@type\":\"ReadAction\",\"target\":[\"https:\/\/mamaglobalhealing.com\/open-call\/\"]}]},{\"@type\":\"BreadcrumbList\",\"@id\":\"https:\/\/mamaglobalhealing.com\/open-call\/#breadcrumb\",\"itemListElement\":[{\"@type\":\"ListItem\",\"position\":1,\"name\":\"Strona g\u0142\u00f3wna\",\"item\":\"https:\/\/mamaglobalhealing.com\/\"},{\"@type\":\"ListItem\",\"position\":2,\"name\":\"Open Call\"}]},{\"@type\":\"WebSite\",\"@id\":\"https:\/\/mamaglobalhealing.com\/#website\",\"url\":\"https:\/\/mamaglobalhealing.com\/\",\"name\":\"Mama Global Healing\",\"description\":\"Kolejna witryna WordPress\",\"potentialAction\":[{\"@type\":\"SearchAction\",\"target\":{\"@type\":\"EntryPoint\",\"urlTemplate\":\"https:\/\/mamaglobalhealing.com\/?s={search_term_string}\"},\"query-input\":{\"@type\":\"PropertyValueSpecification\",\"valueRequired\":true,\"valueName\":\"search_term_string\"}}],\"inLanguage\":\"en-GB\"}]}<\/script>\n<!-- \/ Yoast SEO plugin. -->","yoast_head_json":{"title":"Open Call - Mama Global Healing","robots":{"index":"index","follow":"follow","max-snippet":"max-snippet:-1","max-image-preview":"max-image-preview:large","max-video-preview":"max-video-preview:-1"},"canonical":"https:\/\/mamaglobalhealing.com\/en\/open-call\/","og_locale":"en_GB","og_type":"article","og_title":"Open Call - Mama Global Healing","og_description":"OPEN CALLfacilitators &amp; performers | workshops | lectures | circles | artOpen call to\u00a0\u015bwietna okazja \u017ceby\u00a0wsp\u00f3\u0142tworzy\u0107 wewn\u0119trzn\u0105 sie\u0107 MAMY, zaprezentowa\u0107 si\u0119 spo\u0142eczno\u015bci i\u00a0wypromowa\u0107 swoje dzia\u0142ania. Open call ma\u00a0formu\u0142\u0119 barterow\u0105 - w\u00a0zale\u017cno\u015bci od\u00a0Twojej\u00a0propozycji mo\u017cesz spodziewa\u0107 si\u0119: zni\u017cki na\u00a0bilet \/ pe\u0142nego wst\u0119pu \/ op\u0142aconego noclegu pod\u00a0namiotem \/ op\u0142aconego wy\u017cywienia. Z\u00a0naszej strony wi\u0105\u017ce si\u0119 tak\u017ce z\u00a0nak\u0142adem pracy, kt\u00f3ra\u00a0mo\u017ce [&hellip;]","og_url":"https:\/\/mamaglobalhealing.com\/en\/open-call\/","og_site_name":"Mama Global Healing","article_modified_time":"2024-08-01T14:00:29+00:00","twitter_card":"summary_large_image","twitter_misc":{"Estimated reading time":"2 minutes"},"schema":{"@context":"https:\/\/schema.org","@graph":[{"@type":"WebPage","@id":"https:\/\/mamaglobalhealing.com\/open-call\/","url":"https:\/\/mamaglobalhealing.com\/open-call\/","name":"Open Call - Mama Global Healing","isPartOf":{"@id":"https:\/\/mamaglobalhealing.com\/#website"},"datePublished":"2022-03-05T16:35:31+00:00","dateModified":"2024-08-01T14:00:29+00:00","breadcrumb":{"@id":"https:\/\/mamaglobalhealing.com\/open-call\/#breadcrumb"},"inLanguage":"en-GB","potentialAction":[{"@type":"ReadAction","target":["https:\/\/mamaglobalhealing.com\/open-call\/"]}]},{"@type":"BreadcrumbList","@id":"https:\/\/mamaglobalhealing.com\/open-call\/#breadcrumb","itemListElement":[{"@type":"ListItem","position":1,"name":"Strona g\u0142\u00f3wna","item":"https:\/\/mamaglobalhealing.com\/"},{"@type":"ListItem","position":2,"name":"Open Call"}]},{"@type":"WebSite","@id":"https:\/\/mamaglobalhealing.com\/#website","url":"https:\/\/mamaglobalhealing.com\/","name":"Mama Global Healing","description":"Kolejna witryna WordPress","potentialAction":[{"@type":"SearchAction","target":{"@type":"EntryPoint","urlTemplate":"https:\/\/mamaglobalhealing.com\/?s={search_term_string}"},"query-input":{"@type":"PropertyValueSpecification","valueRequired":true,"valueName":"search_term_string"}}],"inLanguage":"en-GB"}]}},"_links":{"self":[{"href":"https:\/\/mamaglobalhealing.com\/en\/wp-json\/wp\/v2\/pages\/482","targetHints":{"allow":["GET"]}}],"collection":[{"href":"https:\/\/mamaglobalhealing.com\/en\/wp-json\/wp\/v2\/pages"}],"about":[{"href":"https:\/\/mamaglobalhealing.com\/en\/wp-json\/wp\/v2\/types\/page"}],"author":[{"embeddable":true,"href":"https:\/\/mamaglobalhealing.com\/en\/wp-json\/wp\/v2\/users\/1"}],"replies":[{"embeddable":true,"href":"https:\/\/mamaglobalhealing.com\/en\/wp-json\/wp\/v2\/comments?post=482"}],"version-history":[{"count":13,"href":"https:\/\/mamaglobalhealing.com\/en\/wp-json\/wp\/v2\/pages\/482\/revisions"}],"predecessor-version":[{"id":6410,"href":"https:\/\/mamaglobalhealing.com\/en\/wp-json\/wp\/v2\/pages\/482\/revisions\/6410"}],"wp:attachment":[{"href":"https:\/\/mamaglobalhealing.com\/en\/wp-json\/wp\/v2\/media?parent=482"}],"curies":[{"name":"wp","href":"https:\/\/api.w.org\/{rel}","templated":true}]}}