{"id":50,"date":"2022-02-28T11:04:05","date_gmt":"2022-02-28T11:04:05","guid":{"rendered":"http:\/\/pixel-witches.pl\/dev\/mama\/?page_id=50"},"modified":"2022-03-03T19:22:02","modified_gmt":"2022-03-03T19:22:02","slug":"regulamin-sklepu","status":"publish","type":"page","link":"https:\/\/mamaglobalhealing.com\/en\/regulamin-sklepu\/","title":{"rendered":"Regulamin sklepu"},"content":{"rendered":"<p>[et_pb_section fb_built=&#8221;1&#8243; _builder_version=&#8221;4.14.8&#8243; _module_preset=&#8221;default&#8221; background_image=&#8221;https:\/\/mamaglobalhealing.com\/wp-content\/uploads\/2022\/02\/KARNETY.png&#8221; custom_padding=&#8221;250px||80px||false|false&#8221; hover_enabled=&#8221;0&#8243; global_colors_info=&#8221;{}&#8221; sticky_enabled=&#8221;0&#8243;][et_pb_row _builder_version=&#8221;4.14.8&#8243; _module_preset=&#8221;default&#8221; global_colors_info=&#8221;{}&#8221;][et_pb_column type=&#8221;4_4&#8243; _builder_version=&#8221;4.14.8&#8243; _module_preset=&#8221;default&#8221; global_colors_info=&#8221;{}&#8221;][et_pb_text _builder_version=&#8221;4.14.8&#8243; _module_preset=&#8221;default&#8221; header_font_size=&#8221;36px&#8221; global_colors_info=&#8221;{}&#8221;]<\/p>\n<h1 style=\"text-align: center;\">REGULAMIN SKLEPU online MAMA GLOBAL HEALING 2022<\/h1>\n<p style=\"text-align: center;\"><span style=\"font-weight: 400;\">www.mamaglobalhealing.com<\/span><\/p>\n<p><span style=\"font-weight: 400;\">Niniejszy regulamin, (zwany dalej \u201cRegulaminem\u201d), reguluje warunki zakupu produkt\u00f3w i us\u0142ug za po\u015brednictwem sklepu internetowego MAMA GLOBAL HEALING 2022<\/span><\/p>\n<p><span style=\"font-weight: 400;\">1. DEFINICJE<\/span><\/p>\n<p><span style=\"font-weight: 400;\">W poni\u017cszym regulaminie zosta\u0142y u\u017cyte nast\u0119puj\u0105ce terminy:<\/span><\/p>\n<p><span style=\"font-weight: 400;\">Us\u0142ugodawca \u2013 oznacza firm\u0119 HOUSE OF LOVE ART &amp; FUN AGENCY MARTA STOCES z siedzib\u0105 we Wroc\u0142awiu, przy ul. Szcz\u0119\u015bliwa <\/span><a href=\"https:\/\/www.facebook.com\/#\"><span style=\"font-weight: 400;\">4\/20<\/span><\/a><span style=\"font-weight: 400;\">, 53-446 Wroc\u0142aw, NIP<\/span> <span style=\"font-weight: 400;\">8942770682<\/span><\/p>\n<p><span style=\"font-weight: 400;\">Cena \u2013 oznacza cen\u0119 umieszczon\u0105 przy ka\u017cdej pozycji w galerii produkt\u00f3w w Serwisie. Ceny podane s\u0105 w z\u0142otych polski i s\u0105 cenami brutto oraz w EURO w wersji angielskiej strony.<\/span><\/p>\n<p><span style=\"font-weight: 400;\">Konsument \u2013 oznacza osob\u0119 fizyczn\u0105, kt\u00f3ra jest u\u017cytkownikiem Serwisu i dokonuje z Us\u0142ugodawc\u0105 czynno\u015bci prawnej niezwi\u0105zanej bezpo\u015brednio z jej dzia\u0142alno\u015bci\u0105 gospodarcz\u0105 lub zawodow\u0105.<\/span><\/p>\n<p><span style=\"font-weight: 400;\">Przedsi\u0119biorca \u2013 oznacza osob\u0119 prawn\u0105 lub jednostk\u0119 organizacyjn\u0105 nie posiadaj\u0105c\u0105 osobowo\u015bci prawnej, posiadaj\u0105c\u0105 zdolno\u015b\u0107 do czynno\u015bci prawnych, kt\u00f3ra jest u\u017cytkownikiem Serwisu.<\/span><\/p>\n<p><span style=\"font-weight: 400;\">Klient \u2013 oznacza Konsumenta i Przedsi\u0119biorc\u0119 traktowanych \u0142\u0105cznie.<\/span><\/p>\n<p><span style=\"font-weight: 400;\">Serwis \u2013 oznacza serwis internetowy www.mamaglobalhealing.com za pomoc\u0105 kt\u00f3rego Klient ma prawo naby\u0107 Produkty.<\/span><\/p>\n<p><span style=\"font-weight: 400;\">MAMA GLOBAL HEALING w skr\u00f3cie MGH\u00a0 \u2013 oznacza pakiet us\u0142ug okre\u015blanych \u0142\u0105cznie jako animacja czasu wolnego\u00a0<\/span><\/p>\n<p><span style=\"font-weight: 400;\">Produkt \/ galeria produktu &#8211; \u0142\u0105czne okre\u015blenie dla pozycji dost\u0119pnych w serwisie, obejmuje zar\u00f3wno zakup pakiet\u00f3w us\u0142ug, voucher\u00f3w na us\u0142ugi jak i produkt\u00f3w fizycznych oraz wirtualnych\u00a0<\/span><\/p>\n<p><span style=\"font-weight: 400;\">Ustawa \u2013 oznacza ustaw\u0119 z dnia 30 maja 2014 r. o prawach konsumenta (Dz. U. z 2014 r. poz. 827).<\/span><\/p>\n<p><span style=\"font-weight: 400;\">2. ZASADY OG\u00d3LNE<\/span><\/p>\n<p><span style=\"font-weight: 400;\">Serwis skierowany jest do\u00a0 Klient\u00f3w, Konsument\u00f3w oraz Przedsi\u0119biorc\u00f3w, kt\u00f3rzy chc\u0105 dokona\u0107 zakupu wybranych pozycji z galerii produkt\u00f3w sklepu\u00a0<\/span><\/p>\n<p><span style=\"font-weight: 400;\">3. ZAKUPY W SERWISIE<\/span><\/p>\n<ol>\n<li style=\"font-weight: 400;\" aria-level=\"1\"><span style=\"font-weight: 400;\">Warunkiem dokonania zakupu bilet\u00f3w jest prawid\u0142owa rejestracja w Serwisie, co oznacza kompletne i poprawne wype\u0142nienie kwestionariusza osobowego i akceptacje niniejszego Regulaminu.<\/span><\/li>\n<li style=\"font-weight: 400;\" aria-level=\"1\"><span style=\"font-weight: 400;\">Zap\u0142ata za Produkty nabywane w Serwisie mo\u017ce zosta\u0107 dokonana przez system Przelewy24\u00a0<\/span><\/li>\n<li style=\"font-weight: 400;\" aria-level=\"1\"><span style=\"font-weight: 400;\">Organizator ma prawo rozszerzy\u0107 formy p\u0142atno\u015bci, informuj\u0105c o tym w Serwisie.<\/span><\/li>\n<li style=\"font-weight: 400;\" aria-level=\"1\"><span style=\"font-weight: 400;\">Klient dokonuje zakupu na zasadach okre\u015blonych przez administratora systemu Przelewy24 nale\u017c\u0105cego do PayPro SA ul. Kanclerska 15, 60-327 Pozna\u0144, NIP: 779-236-98-87, Regon: 301345068<\/span><\/li>\n<li style=\"font-weight: 400;\" aria-level=\"1\"><span style=\"font-weight: 400;\">Uwaga! informujemy, \u017ce system nie ma wp\u0142ywu na moment obci\u0105\u017cenia rachunku posiadacza karty. Informujemy r\u00f3wnie\u017c, \u017ce u\u017cywanie cudzej karty p\u0142atniczej jako formy p\u0142atno\u015bci jest przest\u0119pstwem przeciw mieniu i podlega karze pozbawienia wolno\u015bci zgodnie z Art. 278 par. 1 Kodeksu Karnego.<\/span><\/li>\n<li style=\"font-weight: 400;\" aria-level=\"1\"><span style=\"font-weight: 400;\">W przypadku, gdy waluta rozliczeniowa karty p\u0142atniczej nie jest walut\u0105 polsk\u0105, wskutek przeliczenia i r\u00f3\u017cnic kursowych mi\u0119dzy bankami kwota pobrana mo\u017ce nieznacznie r\u00f3\u017cni\u0107 si\u0119 od ceny zakupionego towaru zgodnie z regulacjami obowi\u0105zuj\u0105cymi w banku p\u0142ac\u0105cego.<\/span><\/li>\n<\/ol>\n<p><span style=\"font-weight: 400;\">ZAKUP VOUCHER\u00d3W\u00a0<\/span><\/p>\n<ol>\n<li style=\"font-weight: 400;\" aria-level=\"1\"><span style=\"font-weight: 400;\">Dokonuj\u0105c zakupu produktu z kategorii MAMA PASS | MAMA WORK Klient dostaje od Us\u0142ugodawcy voucher elektroniczny w postaci pliku PDF, kt\u00f3ry nale\u017cy wydrukowa\u0107 lub zachowa\u0107 do okazania na urz\u0105dzeniu mobilnym podczas MGH celem umo\u017cliwienia weryfikacji klienta i umo\u017cliwienia dost\u0119pu do wybranych us\u0142ug.\u00a0<\/span><\/li>\n<li style=\"font-weight: 400;\" aria-level=\"1\"><span style=\"font-weight: 400;\">Czas realizacji zam\u00f3wienia wynosi 24 godzin i liczony jest od momentu zaksi\u0119gowania wp\u0142aty na koncie bankowym Administratora Konta PayU.<\/span><\/li>\n<li style=\"font-weight: 400;\" aria-level=\"1\"><span style=\"font-weight: 400;\">Us\u0142ugodawca zastrzega sobie prawo do odmowy realizacji zam\u00f3wie\u0144:<\/span><\/li>\n<\/ol>\n<ol>\n<li><span style=\"font-weight: 400;\">a) z\u0142o\u017conych na nieprawid\u0142owo wype\u0142nionym formularzu zam\u00f3wienia,<\/span><\/li>\n<li><span style=\"font-weight: 400;\">b) sk\u0142adanych z naruszeniem niniejszego Regulaminu.<\/span><\/li>\n<li><span style=\"font-weight: 400;\">c) z powod\u00f3w innych, niezale\u017cnych od Organizatora<\/span><\/li>\n<li><span style=\"font-weight: 400;\"> Zasady wykorzystania zakupionych voucher\u00f3w:\u00a0<\/span><\/li>\n<li><span style=\"font-weight: 400;\">a) vouchery nie podlegaj\u0105 zwrotowi,<\/span><\/li>\n<li><span style=\"font-weight: 400;\">b) Us\u0142ugodawca nie ma obowi\u0105zku wydania duplikat\u00f3w zniszczonych lub zagubionych Karnet\u00f3w,<\/span><\/li>\n<li><span style=\"font-weight: 400;\">d) Voucher MAMA PASS | MAMA WORK jest jednoosobowy, nie uprawnia do wprowadzania osoby towarzysz\u0105cej z wyj\u0105tkiem dzieci do 16 roku \u017cycia.<\/span><\/li>\n<li><span style=\"font-weight: 400;\">e) Po dokonaniu zakupu on-line vouchery przychodz\u0105 na wskazany adres e-mail w formie pliku .pdf, kt\u00f3ry nale\u017cy wydrukowa\u0107 lub zachowa\u0107 do okazania na urz\u0105dzeniu mobilnym.<\/span><\/li>\n<li><span style=\"font-weight: 400;\"> Us\u0142ugodawca nie odpowiada za dzia\u0142ania niezgodne z Regulaminem i niezgodne z prawem.<\/span><\/li>\n<li><span style=\"font-weight: 400;\"> Us\u0142ugodawca ostrzega, \u017ce zakup voucheru od os\u00f3b postronnych niesie ryzyko zakupu biletu podrobionego, co w konsekwencji powoduje odmow\u0119 wst\u0119pu na Teren Imprezy i oznacza istotne naruszenie warunk\u00f3w umowy o \u015bwiadczenie us\u0142ugi kulturalnej.<\/span><\/li>\n<li><span style=\"font-weight: 400;\"> Us\u0142ugodawca nie ponosi odpowiedzialno\u015bci za sytuacje kradzie\u017cy biletu, w\u0142ama\u0144 na skrzynk\u0119 mailow\u0105 , atak\u00f3w hakerskich itp.<\/span><\/li>\n<\/ol>\n<p>&nbsp;<\/p>\n<p><span style=\"font-weight: 400;\">PRODUKTY FIZYCZNE\u00a0<\/span><\/p>\n<ol>\n<li style=\"font-weight: 400;\" aria-level=\"1\"><span style=\"font-weight: 400;\">Wszystkie produkty fizyczne dost\u0119pne w serwisie mog\u0105 by\u0107 kupowane na zasadzie dokonania przedp\u0142aty i odbioru osobistego na miejscu \u015bwiadczenia MGH tj. Campus Domas\u0142awice. Inne formy dostawy mog\u0105 by\u0107 rozwa\u017cone w miar\u0119 mo\u017cliwo\u015bci realizacyjnych, na specjaln\u0105 pro\u015bb\u0119 wyra\u017con\u0105 w odpowiednim czasie i z wyprzedzeniem drog\u0105 mailow\u0105 pod adresem <\/span><a href=\"mailto:biuromamaglobal@gmail.com\"><span style=\"font-weight: 400;\">biuromamaglobal@gmail.com<\/span><\/a><span style=\"font-weight: 400;\">\u00a0<\/span><\/li>\n<li style=\"font-weight: 400;\" aria-level=\"1\"><span style=\"font-weight: 400;\">Serwis <\/span><a href=\"https:\/\/mamaglobalhealing.com\/en\/\"><span style=\"font-weight: 400;\">www.mamaglobalhealing.com<\/span><\/a><span style=\"font-weight: 400;\"> s\u0142uzy jako platforma dystybucji i nie jest powi\u0105zana z fizycznym sklepem. Administrator platformy nie jest producentem ani sprzedawc\u0105 produkt\u00f3w, wszelkie reklamacje b\u0119d\u0105 wi\u0119c kierowane bezpo\u015brednio do dostawc\u00f3w zakupionych produkt\u00f3w.\u00a0<\/span><\/li>\n<\/ol>\n<p>&nbsp;<\/p>\n<p><span style=\"font-weight: 400;\">4. REKLAMACJE<\/span><\/p>\n<ol>\n<li><span style=\"font-weight: 400;\">Administrator nie ponosi odpowiedzialno\u015bci za wszelkie konsekwencje wynikaj\u0105ce z nieprawid\u0142owo\u015bci w funkcjonowaniu systemu p\u0142atniczego PayU S.A.<\/span><\/li>\n<li style=\"font-weight: 400;\" aria-level=\"1\"><span style=\"font-weight: 400;\">Wszelkie reklamacje wynikaj\u0105ce z nieprawid\u0142owo\u015bci dzia\u0142ania systemu p\u0142atniczego PayU S.A nale\u017cy kierowa\u0107 do administratora systemu PayU S.A\u2019<\/span><\/li>\n<li style=\"font-weight: 400;\" aria-level=\"1\"><span style=\"font-weight: 400;\">Wszelkie inne reklamacje wymagaj\u0105 zg\u0142oszenia w ci\u0105gu 7 dni roboczych od zako\u0144czenia festiwalu, na wskazane adresy mailowe: bilety.mamagathering@gmail.com<\/span><\/li>\n<\/ol>\n<ol start=\"5\">\n<li><span style=\"font-weight: 400;\"> PRAWA I OBOWI\u0104ZKI KLIENT\u00d3W<\/span><\/li>\n<\/ol>\n<ol>\n<li style=\"font-weight: 400;\" aria-level=\"1\"><span style=\"font-weight: 400;\">Klient zobowi\u0105zany jest:<\/span><\/li>\n<\/ol>\n<ol>\n<li><span style=\"font-weight: 400;\">a) korzysta\u0107 z Serwisu zgodnie z przepisami prawa, postanowieniami niniejszego Regulaminu oraz dobrymi obyczajami,<\/span><\/li>\n<li><span style=\"font-weight: 400;\">b) poda\u0107 prawdziwe dane osobowe i dane dotycz\u0105ce p\u0142atno\u015bci,<\/span><\/li>\n<li><span style=\"font-weight: 400;\">c) nie wykorzystywa\u0107 Serwisu w celu dokonania nieprawdziwych lub fa\u0142szywych zam\u00f3wie\u0144, ani jakichkolwiek innych czyn\u00f3w niedozwolonych.<\/span><\/li>\n<li><span style=\"font-weight: 400;\">d) us\u0142ugodawca ma prawo odm\u00f3wi\u0107 realizacji zam\u00f3wienia w przypadku, gdy Klient narusza postanowienia Regulaminu.<\/span><\/li>\n<li><span style=\"font-weight: 400;\">e) Organizator ostrzega, \u017ce o dzia\u0142aniach maj\u0105cych znamiona czynu zagro\u017conego przez ustaw\u0119 (hacking, oszustwo itp.) b\u0119d\u0105 informowane w\u0142a\u015bciwe organy ochrony prawa, co nie wy\u0142\u0105cza dochodzenia naprawienia szkody na drodze cywilnej.<\/span><\/li>\n<li><span style=\"font-weight: 400;\">f) Konsument mo\u017ce kontaktowa\u0107 si\u0119 z us\u0142ugodawc\u0105 mailowo na adres biuromamaglobal@gmail.com<\/span><\/li>\n<li><span style=\"font-weight: 400;\">g) Konsumentowi przys\u0142uguje prawo z\u0142o\u017cenia reklamacji za po\u015brednictwem poczty elektronicznej na adres <\/span><span style=\"font-weight: 400;\">houseofloveoffice@gmail.com<\/span><span style=\"font-weight: 400;\"> . W celu u\u0142atwienia procedury reklamacyjnej sugeruje si\u0119 dodanie dopisku \u201cReklamacja\u201d. Dopisek taki nie jest jednak warunkiem rozpoznania reklamacji. Reklamacje mog\u0105 by\u0107 sk\u0142adane do 7 dni po\u00a0 zako\u0144czeniu festiwalu . Konsument powinien w miar\u0119 mo\u017cliwo\u015bci dostarczy\u0107 us\u0142ugodawcy wszelkie informacje i dokumenty dotycz\u0105ce sk\u0142adanej reklamacji, kt\u00f3re mog\u0105 by\u0107 pomocne przy jej rozpoznaniu. Us\u0142ugodawca powinien rozpozna\u0107 reklamacj\u0119 niezw\u0142ocznie nie p\u00f3\u017aniej ni\u017c w terminie 21 dni od dnia jej dor\u0119czenia.<\/span><\/li>\n<li><span style=\"font-weight: 400;\">h) W przypadku nie uznania przez Us\u0142ugodawc\u0119 reklamacji z\u0142o\u017conej przez Konsumenta, mo\u017ce on zwr\u00f3ci\u0107 si\u0119 o pomoc do organizacji konsumenckich oraz miejskich lub powiatowych rzecznik\u00f3w praw konsument\u00f3w.<\/span><\/li>\n<li><span style=\"font-weight: 400;\"> POSTANOWIENIA KO\u0143COWE<\/span><\/li>\n<\/ol>\n<ol>\n<li style=\"font-weight: 400;\" aria-level=\"1\"><span style=\"font-weight: 400;\">Niniejszy Regulamin jest dost\u0119pny na stronie Us\u0142ugodawcy<\/span><\/li>\n<li style=\"font-weight: 400;\" aria-level=\"1\"><span style=\"font-weight: 400;\">Us\u0142ugodawca zastrzega sobie prawo do zmiany Regulaminu. Zmiany Regulaminu podlegaj\u0105 og\u0142oszeniu na stronach transakcyjnych Serwisu.<\/span><\/li>\n<li style=\"font-weight: 400;\" aria-level=\"1\"><span style=\"font-weight: 400;\">Konsumenta obowi\u0105zuje regulamin zaakceptowany w chwili zakupu Produkt\u00f3w.<\/span><\/li>\n<\/ol>\n<p><span style=\"font-weight: 400;\">Wroc\u0142aw, 22.02.2022<\/span><\/p>\n<p>&nbsp;<\/p>\n<p>[\/et_pb_text][\/et_pb_column][\/et_pb_row][\/et_pb_section]<\/p>","protected":false},"excerpt":{"rendered":"<p>REGULAMIN SKLEPU online MAMA GLOBAL HEALING 2022 www.mamaglobalhealing.com Niniejszy regulamin, (zwany dalej \u201cRegulaminem\u201d), reguluje warunki zakupu produkt\u00f3w i us\u0142ug za po\u015brednictwem sklepu internetowego MAMA GLOBAL HEALING 2022 1. DEFINICJE W poni\u017cszym regulaminie zosta\u0142y u\u017cyte nast\u0119puj\u0105ce terminy: Us\u0142ugodawca \u2013 oznacza firm\u0119 HOUSE OF LOVE ART &amp; FUN AGENCY MARTA STOCES z siedzib\u0105 we Wroc\u0142awiu, przy ul. [&hellip;]<\/p>","protected":false},"author":1,"featured_media":0,"parent":0,"menu_order":0,"comment_status":"closed","ping_status":"closed","template":"","meta":{"_et_pb_use_builder":"on","_et_pb_old_content":"","_et_gb_content_width":"","footnotes":""},"class_list":["post-50","page","type-page","status-publish","hentry"],"yoast_head":"<!-- This site is optimized with the Yoast SEO plugin v25.1 - https:\/\/yoast.com\/wordpress\/plugins\/seo\/ -->\n<title>Regulamin sklepu - Mama Global Healing<\/title>\n<meta name=\"robots\" content=\"index, follow, max-snippet:-1, max-image-preview:large, max-video-preview:-1\" \/>\n<link rel=\"canonical\" href=\"https:\/\/mamaglobalhealing.com\/en\/regulamin-sklepu\/\" \/>\n<meta property=\"og:locale\" content=\"en_GB\" \/>\n<meta property=\"og:type\" content=\"article\" \/>\n<meta property=\"og:title\" content=\"Regulamin sklepu - Mama Global Healing\" \/>\n<meta property=\"og:description\" content=\"REGULAMIN SKLEPU online MAMA GLOBAL HEALING 2022 www.mamaglobalhealing.com Niniejszy regulamin, (zwany dalej \u201cRegulaminem\u201d), reguluje warunki zakupu produkt\u00f3w i us\u0142ug za po\u015brednictwem sklepu internetowego MAMA GLOBAL HEALING 2022 1. DEFINICJE W poni\u017cszym regulaminie zosta\u0142y u\u017cyte nast\u0119puj\u0105ce terminy: Us\u0142ugodawca \u2013 oznacza firm\u0119 HOUSE OF LOVE ART &amp; FUN AGENCY MARTA STOCES z siedzib\u0105 we Wroc\u0142awiu, przy ul. [&hellip;]\" \/>\n<meta property=\"og:url\" content=\"https:\/\/mamaglobalhealing.com\/en\/regulamin-sklepu\/\" \/>\n<meta property=\"og:site_name\" content=\"Mama Global Healing\" \/>\n<meta property=\"article:modified_time\" content=\"2022-03-03T19:22:02+00:00\" \/>\n<meta name=\"twitter:card\" content=\"summary_large_image\" \/>\n<meta name=\"twitter:label1\" content=\"Estimated reading time\" \/>\n\t<meta name=\"twitter:data1\" content=\"6 minutes\" \/>\n<script type=\"application\/ld+json\" class=\"yoast-schema-graph\">{\"@context\":\"https:\/\/schema.org\",\"@graph\":[{\"@type\":\"WebPage\",\"@id\":\"https:\/\/mamaglobalhealing.com\/regulamin-sklepu\/\",\"url\":\"https:\/\/mamaglobalhealing.com\/regulamin-sklepu\/\",\"name\":\"Regulamin sklepu - Mama Global Healing\",\"isPartOf\":{\"@id\":\"https:\/\/mamaglobalhealing.com\/#website\"},\"datePublished\":\"2022-02-28T11:04:05+00:00\",\"dateModified\":\"2022-03-03T19:22:02+00:00\",\"breadcrumb\":{\"@id\":\"https:\/\/mamaglobalhealing.com\/regulamin-sklepu\/#breadcrumb\"},\"inLanguage\":\"en-GB\",\"potentialAction\":[{\"@type\":\"ReadAction\",\"target\":[\"https:\/\/mamaglobalhealing.com\/regulamin-sklepu\/\"]}]},{\"@type\":\"BreadcrumbList\",\"@id\":\"https:\/\/mamaglobalhealing.com\/regulamin-sklepu\/#breadcrumb\",\"itemListElement\":[{\"@type\":\"ListItem\",\"position\":1,\"name\":\"Strona g\u0142\u00f3wna\",\"item\":\"https:\/\/mamaglobalhealing.com\/\"},{\"@type\":\"ListItem\",\"position\":2,\"name\":\"Regulamin sklepu\"}]},{\"@type\":\"WebSite\",\"@id\":\"https:\/\/mamaglobalhealing.com\/#website\",\"url\":\"https:\/\/mamaglobalhealing.com\/\",\"name\":\"Mama Global Healing\",\"description\":\"Kolejna witryna WordPress\",\"potentialAction\":[{\"@type\":\"SearchAction\",\"target\":{\"@type\":\"EntryPoint\",\"urlTemplate\":\"https:\/\/mamaglobalhealing.com\/?s={search_term_string}\"},\"query-input\":{\"@type\":\"PropertyValueSpecification\",\"valueRequired\":true,\"valueName\":\"search_term_string\"}}],\"inLanguage\":\"en-GB\"}]}<\/script>\n<!-- \/ Yoast SEO plugin. -->","yoast_head_json":{"title":"Regulamin sklepu - Mama Global Healing","robots":{"index":"index","follow":"follow","max-snippet":"max-snippet:-1","max-image-preview":"max-image-preview:large","max-video-preview":"max-video-preview:-1"},"canonical":"https:\/\/mamaglobalhealing.com\/en\/regulamin-sklepu\/","og_locale":"en_GB","og_type":"article","og_title":"Regulamin sklepu - Mama Global Healing","og_description":"REGULAMIN SKLEPU online MAMA GLOBAL HEALING 2022 www.mamaglobalhealing.com Niniejszy regulamin, (zwany dalej \u201cRegulaminem\u201d), reguluje warunki zakupu produkt\u00f3w i us\u0142ug za po\u015brednictwem sklepu internetowego MAMA GLOBAL HEALING 2022 1. DEFINICJE W poni\u017cszym regulaminie zosta\u0142y u\u017cyte nast\u0119puj\u0105ce terminy: Us\u0142ugodawca \u2013 oznacza firm\u0119 HOUSE OF LOVE ART &amp; FUN AGENCY MARTA STOCES z siedzib\u0105 we Wroc\u0142awiu, przy ul. [&hellip;]","og_url":"https:\/\/mamaglobalhealing.com\/en\/regulamin-sklepu\/","og_site_name":"Mama Global Healing","article_modified_time":"2022-03-03T19:22:02+00:00","twitter_card":"summary_large_image","twitter_misc":{"Estimated reading time":"6 minutes"},"schema":{"@context":"https:\/\/schema.org","@graph":[{"@type":"WebPage","@id":"https:\/\/mamaglobalhealing.com\/regulamin-sklepu\/","url":"https:\/\/mamaglobalhealing.com\/regulamin-sklepu\/","name":"Regulamin sklepu - Mama Global Healing","isPartOf":{"@id":"https:\/\/mamaglobalhealing.com\/#website"},"datePublished":"2022-02-28T11:04:05+00:00","dateModified":"2022-03-03T19:22:02+00:00","breadcrumb":{"@id":"https:\/\/mamaglobalhealing.com\/regulamin-sklepu\/#breadcrumb"},"inLanguage":"en-GB","potentialAction":[{"@type":"ReadAction","target":["https:\/\/mamaglobalhealing.com\/regulamin-sklepu\/"]}]},{"@type":"BreadcrumbList","@id":"https:\/\/mamaglobalhealing.com\/regulamin-sklepu\/#breadcrumb","itemListElement":[{"@type":"ListItem","position":1,"name":"Strona g\u0142\u00f3wna","item":"https:\/\/mamaglobalhealing.com\/"},{"@type":"ListItem","position":2,"name":"Regulamin sklepu"}]},{"@type":"WebSite","@id":"https:\/\/mamaglobalhealing.com\/#website","url":"https:\/\/mamaglobalhealing.com\/","name":"Mama Global Healing","description":"Kolejna witryna WordPress","potentialAction":[{"@type":"SearchAction","target":{"@type":"EntryPoint","urlTemplate":"https:\/\/mamaglobalhealing.com\/?s={search_term_string}"},"query-input":{"@type":"PropertyValueSpecification","valueRequired":true,"valueName":"search_term_string"}}],"inLanguage":"en-GB"}]}},"_links":{"self":[{"href":"https:\/\/mamaglobalhealing.com\/en\/wp-json\/wp\/v2\/pages\/50","targetHints":{"allow":["GET"]}}],"collection":[{"href":"https:\/\/mamaglobalhealing.com\/en\/wp-json\/wp\/v2\/pages"}],"about":[{"href":"https:\/\/mamaglobalhealing.com\/en\/wp-json\/wp\/v2\/types\/page"}],"author":[{"embeddable":true,"href":"https:\/\/mamaglobalhealing.com\/en\/wp-json\/wp\/v2\/users\/1"}],"replies":[{"embeddable":true,"href":"https:\/\/mamaglobalhealing.com\/en\/wp-json\/wp\/v2\/comments?post=50"}],"version-history":[{"count":5,"href":"https:\/\/mamaglobalhealing.com\/en\/wp-json\/wp\/v2\/pages\/50\/revisions"}],"predecessor-version":[{"id":340,"href":"https:\/\/mamaglobalhealing.com\/en\/wp-json\/wp\/v2\/pages\/50\/revisions\/340"}],"wp:attachment":[{"href":"https:\/\/mamaglobalhealing.com\/en\/wp-json\/wp\/v2\/media?parent=50"}],"curies":[{"name":"wp","href":"https:\/\/api.w.org\/{rel}","templated":true}]}}