{"id":5556,"date":"2023-03-31T09:46:15","date_gmt":"2023-03-31T09:46:15","guid":{"rendered":"https:\/\/mamaglobalhealing.com\/?page_id=5556"},"modified":"2023-11-18T16:51:23","modified_gmt":"2023-11-18T16:51:23","slug":"mama-holistic-brand-support","status":"publish","type":"page","link":"https:\/\/mamaglobalhealing.com\/en\/mama-holistic-brand-support\/","title":{"rendered":"MAMA HOLISTIC BRAND SUPPORT"},"content":{"rendered":"<p>[et_pb_section fb_built=&#8221;1&#8243; _builder_version=&#8221;4.19.4&#8243; _module_preset=&#8221;default&#8221; background_image=&#8221;https:\/\/mamaglobalhealing.com\/wp-content\/uploads\/2022\/03\/tlo-karnety-scaled.jpg&#8221; custom_padding=&#8221;150px||||false|false&#8221; da_disable_devices=&#8221;off|off|off&#8221; global_colors_info=&#8221;{}&#8221; da_is_popup=&#8221;off&#8221; da_exit_intent=&#8221;off&#8221; da_has_close=&#8221;on&#8221; da_alt_close=&#8221;off&#8221; da_dark_close=&#8221;off&#8221; da_not_modal=&#8221;on&#8221; da_is_singular=&#8221;off&#8221; da_with_loader=&#8221;off&#8221; da_has_shadow=&#8221;on&#8221;][et_pb_row _builder_version=&#8221;4.19.4&#8243; _module_preset=&#8221;default&#8221; global_colors_info=&#8221;{}&#8221;][et_pb_column type=&#8221;4_4&#8243; _builder_version=&#8221;4.19.4&#8243; _module_preset=&#8221;default&#8221; global_colors_info=&#8221;{}&#8221;][et_pb_text _builder_version=&#8221;4.19.4&#8243; _module_preset=&#8221;default&#8221; global_colors_info=&#8221;{}&#8221;]<\/p>\n<h1>MAMA HOLISTIC BRAND SUPPORT \u2013 sesje 1:1 z Mart\u0105 Stoces mizBeware<\/h1>\n<p>[\/et_pb_text][\/et_pb_column][\/et_pb_row][et_pb_row column_structure=&#8221;1_2,1_2&#8243; _builder_version=&#8221;4.19.4&#8243; _module_preset=&#8221;default&#8221; global_colors_info=&#8221;{}&#8221;][et_pb_column type=&#8221;1_2&#8243; _builder_version=&#8221;4.19.4&#8243; _module_preset=&#8221;default&#8221; global_colors_info=&#8221;{}&#8221;][et_pb_image src=&#8221;https:\/\/mamaglobalhealing.com\/wp-content\/uploads\/2022\/06\/20190115_095628_0.jpg&#8221; alt=&#8221;Marta Stoces \/ Marocco 2020&#8243; title_text=&#8221;20190115_095628_0&#8243; _builder_version=&#8221;4.19.4&#8243; _module_preset=&#8221;default&#8221; global_colors_info=&#8221;{}&#8221;][\/et_pb_image][\/et_pb_column][et_pb_column type=&#8221;1_2&#8243; _builder_version=&#8221;4.19.4&#8243; _module_preset=&#8221;default&#8221; global_colors_info=&#8221;{}&#8221;][et_pb_text _builder_version=&#8221;4.19.4&#8243; _module_preset=&#8221;default&#8221; hover_enabled=&#8221;0&#8243; global_colors_info=&#8221;{}&#8221; sticky_enabled=&#8221;0&#8243;]<\/p>\n<p>Hej MAMA! MAMX! &amp; PAPA ?<\/p>\n<p>W tym sezonie mo\u017cesz um\u00f3wi\u0107 si\u0119 na sesj\u0119 \u2013 <strong>konsultacj\u0119 online<\/strong> z zakresu:<\/p>\n<ul>\n<li>mapowania Twojej przestrzeni w holistyczny spos\u00f3b i szukania drogi do harmonijnego rozwoju strefy zawodowej i prywatnej<\/li>\n<li>wykluwania pomys\u0142\u00f3w na dzia\u0142ania zawodowe i Twoje zawodowe \u201enowe ja\u201d<\/li>\n<li>holistycznej analizy i szukania rozwi\u0105za\u0144 w oparciu o g\u0142\u0119bsze przyczyny zastoj\u00f3w i niepowodze\u0144<\/li>\n<li>strategii komunikacji, budowania wizerunku, content managementu, storytellingu \u2013 alchemizowania autentycznego VIBE-u Twojej marki<\/li>\n<li>wsparcia w transformacji zawodowej (kt\u00f3ra zazwyczaj jest te\u017c transformacj\u0105 prywatn\u0105)<\/li>\n<li>wsparcia w wychodzeniu z kryzys\u00f3w i za\u0142ama\u0144 scenariusza \u2013 szukania zasob\u00f3w, pomys\u0142\u00f3w i zasilaj\u0105cych kotwic wok\u00f3\u0142 Ciebie, kiedy wszystko idzie pod g\u00f3rk\u0119 lub ca\u0142kiem w d\u00f3\u0142<\/li>\n<\/ul>\n<p>Wsp\u00f3\u0142pracuj\u0119 z du\u017c\u0105 ilo\u015bci\u0105 specjalist\u00f3w, sama korzystam i korzysta\u0142am w porad i wiedzy w r\u00f3\u017cnych zakresach przemian \u017cyciowych.<\/p>\n<p><strong>Moj\u0105 prywatn\u0105 zawodow\u0105 biografi\u0119 mo\u017cesz prze\u015bledzi\u0107 tu <a href=\"https:\/\/www.martastoces.com\/\">www.martastoces.com\u00a0\u00a0<\/a><\/strong><\/p>\n<p><strong>FORMAT SESJI,\u00a0 CENA\u00a0 i ALTERNATYWNE OPCJE P\u0141ATNO\u015aCI\u00a0<\/strong><\/p>\n<p><strong>OPCJA STANDARD: <\/strong><\/p>\n<ul>\n<li>PE\u0141NA REGULARNA SESJA TRWA MIN 1,5 h i kosztuje 333 PLN<\/li>\n<\/ul>\n<p>po otrzymaniu zg\u0142oszenia, odezw\u0119 si\u0119 na maila i poprosz\u0119 Ci\u0119 o mailowe nakre\u015blenie tematu. Wsp\u00f3lnie um\u00f3wimy te\u017c termin.<\/p>\n<p>Je\u015bli nic nie dojdzie w ci\u0105gu 48h dni roboczych \u2013 pisz na houseofloveoffice@gmail.com<\/p>\n<ul>\n<li>SESJA\u00a0 TESTOWA<\/li>\n<\/ul>\n<p>Wy\u015blij maila z tytu\u0142em TESTOWA SESJA 1:1 i um\u00f3w si\u0119 na 20 minutow\u0105\u00a0 konsultacj\u0119, za kt\u00f3r\u0105 rozliczymy si\u0119 KAW\u0104 LATTE:\u00a0 <a href=\"https:\/\/buycoffee.to\/mizbeware\">Postaw kaw\u0119 dla Marta Stoces mizBeware \u2013 buycoffee.to\u00a0<\/a><\/p>\n<p>wtedy wysy\u0142asz zg\u0142oszenie, ustalamy termin i ca\u0142\u0105 reszt\u0119 sprawy omawiamy na \u017cywo \u2013 poznamy i si\u0119 zobaczymy czy mog\u0119 Ci\u0119 jako\u015b wesprze\u0107. Mo\u017cemy te\u017c znale\u017c\u0107 inn\u0105 ni\u017c tradycyjna form\u0119 rozliczenia za kolejne pe\u0142ne sesje (jestem otwarta na bartery i dzia\u0142ania w duchu ekonomii daru &#8211; z pe\u0142nym zachowaniem balansu r\u00f3wnowagi)<\/p>\n<p>Musi by\u0107 mi\u0119dzy nami \u201eclick\u201d zaufania i dobrej energii do dalszej pracy<\/p>\n<ul>\n<li>P\u0141ATNO\u015aCI ALTERNATYWNE<\/li>\n<\/ul>\n<p>Bartery oraz ekonomia daru s\u0105 dla mnie otwartymi opcjami. Cz\u0119\u015bci\u0105 Twojego procesu by\u0107 mo\u017ce jest zrobienie tego pierwszego kroku i wyci\u0105gni\u0119cie r\u0119ki po wsparcie. Je\u015bli cena sesji regularnej jest dla Ciebie zaporowa, ale chcesz spotka\u0107 si\u0119 na 1,5 prac\u0119 &#8211; napisz maila SESJA 1:1 P\u0141ATNO\u015aCI ALTERNATYWNE i kr\u00f3tko (!) opisz swoj\u0105 sytuacj\u0119. Postaramy si\u0119 znale\u017a\u0107 rozwi\u0105zanie!<\/p>\n<p>&nbsp;<\/p>\n<p>&nbsp;<\/p>\n<p>&nbsp;<\/p>\n<p>O mnie<\/p>\n<p>Nazywam si\u0119 Marta Stoces. Pracuj\u0105c w \u015brodowiskach artystycznych cz\u0119sto podpisuj\u0119 si\u0119 mizBeware. Jestem inicjatork\u0105, za\u0142o\u017cycielk\u0105 i g\u0142\u00f3wn\u0105 organizatork\u0105 MAMA Global Healing (exGathering). Na co dzie\u0144 prowadz\u0119 agencj\u0119\u00a0<a href=\"https:\/\/www.subscribepage.com\/houseofloveagency\"><strong>HOUSE OF LOVE<\/strong><\/a> i organizuj\u0119 wydarzenia \/ projektuj\u0119 do\u015bwiadczenia. Jestem te\u017c 1\/4 rdzenia organizacyjnego jedynego w kraju, mi\u0119dzynarodoweo festiwalu utrzymanego w ca\u0142o\u015bci w duchu \u015bwiadomej seksualno\u015bci <a href=\"https:\/\/www.milknhoneyfestival.art\/\">Milk&#8217;n&#8217;Honey.\u00a0<\/a><\/p>\n<p>Robi\u0142am naprawd\u0119 mega r\u00f3\u017cne rzeczy w \u017cyciu! Jestem te\u017c mam\u0105 c\u00f3rki, czasem bardziej samodzieln\u0105, czasem bardziej ko-parentinguj\u0105c\u0105. I jako Grey Wise MAMA ch\u0119tnie podziel\u0119 si\u0119 z Tob\u0105 zar\u00f3wno do\u015bwiadczeniem, jak i wiedz\u0105 oraz rekomendacjami innych os\u00f3b, kt\u00f3re pomog\u0105 Twojej \u0142\u00f3dce wr\u00f3ci\u0107 na najlepszy dla Ciebie kurs.<\/p>\n<p>Tak, bliskie jest mi systemowe patrzenie na temat, holistyczne w sensie powi\u0105za\u0144 mi\u0119dzy wszystkimi elementami w naszych \u017cyciach.<\/p>\n<p>Interesuje mnie totalna biologia, technika uwalniania, praca z traum\u0105, ustawienia hellingerowskie i podej\u015bcie bardziej \u201epsychomagiczne\u201d \u2013 sama do\u015bwiadczy\u0142am realnego i bezapelacyjnie pozytywnego dzia\u0142ania ka\u017cdej z tych dziedzin.<\/p>\n<p>Nie zajmuj\u0119 si\u0119 natomiast sprzeda\u017c\u0105, twardymi strategiami w stylu agencji reklamowych i kreatywnych, projektowaniem graficznym na zlecenie, ani prowadzeniem bie\u017c\u0105cym kana\u0142\u00f3w klient\u00f3w. W tym zakresie te\u017c mog\u0119 CI\u0119 odes\u0142a\u0107 do profesjonalist\u00f3w z pasj\u0105.<\/p>\n<p>Zapraszam!<\/p>\n<p>Stay in Your Love &amp; Power!<\/p>\n<p>&nbsp;<\/p>\n<p>[\/et_pb_text][et_pb_button button_url=&#8221;https:\/\/online.forms.app\/martastoces\/contact-form&#8221; url_new_window=&#8221;on&#8221; button_text=&#8221;UM\u00d3W SI\u0118 NA SPOTKANIE&#8221; button_alignment=&#8221;center&#8221; _builder_version=&#8221;4.19.4&#8243; _module_preset=&#8221;default&#8221; global_colors_info=&#8221;{}&#8221;][\/et_pb_button][\/et_pb_column][\/et_pb_row][\/et_pb_section]<\/p>","protected":false},"excerpt":{"rendered":"<p>MAMA HOLISTIC BRAND SUPPORT \u2013 sesje 1:1 z Mart\u0105 Stoces mizBewareHej MAMA! MAMX! &amp; PAPA ? W tym sezonie mo\u017cesz um\u00f3wi\u0107 si\u0119 na sesj\u0119 \u2013 konsultacj\u0119 online z zakresu: mapowania Twojej przestrzeni w holistyczny spos\u00f3b i szukania drogi do harmonijnego rozwoju strefy zawodowej i prywatnej wykluwania pomys\u0142\u00f3w na dzia\u0142ania zawodowe i Twoje zawodowe \u201enowe ja\u201d [&hellip;]<\/p>","protected":false},"author":1,"featured_media":0,"parent":0,"menu_order":0,"comment_status":"closed","ping_status":"closed","template":"","meta":{"_et_pb_use_builder":"on","_et_pb_old_content":"","_et_gb_content_width":"","footnotes":""},"class_list":["post-5556","page","type-page","status-publish","hentry"],"yoast_head":"<!-- This site is optimized with the Yoast SEO plugin v25.1 - https:\/\/yoast.com\/wordpress\/plugins\/seo\/ -->\n<title>MAMA HOLISTIC BRAND SUPPORT - Mama Global Healing<\/title>\n<meta name=\"description\" content=\"Potrzebujesz holistycznego wsparcia w rozwoju zawodowym? Praca vs \u017cycie prywatne, pod\u0105\u017canie za g\u0142osem serca i pasj\u0105 vs finanse nie p\u0142yn\u0105 w harmonii? Zapraszam!\" \/>\n<meta name=\"robots\" content=\"index, follow, max-snippet:-1, max-image-preview:large, max-video-preview:-1\" \/>\n<link rel=\"canonical\" href=\"https:\/\/mamaglobalhealing.com\/en\/mama-holistic-brand-support\/\" \/>\n<meta property=\"og:locale\" content=\"en_GB\" \/>\n<meta property=\"og:type\" content=\"article\" \/>\n<meta property=\"og:title\" content=\"MAMA HOLISTIC BRAND SUPPORT - Mama Global Healing\" \/>\n<meta property=\"og:description\" content=\"Potrzebujesz holistycznego wsparcia w rozwoju zawodowym? Praca vs \u017cycie prywatne, pod\u0105\u017canie za g\u0142osem serca i pasj\u0105 vs finanse nie p\u0142yn\u0105 w harmonii? Zapraszam!\" \/>\n<meta property=\"og:url\" content=\"https:\/\/mamaglobalhealing.com\/en\/mama-holistic-brand-support\/\" \/>\n<meta property=\"og:site_name\" content=\"Mama Global Healing\" \/>\n<meta property=\"article:modified_time\" content=\"2023-11-18T16:51:23+00:00\" \/>\n<meta name=\"twitter:card\" content=\"summary_large_image\" \/>\n<meta name=\"twitter:label1\" content=\"Estimated reading time\" \/>\n\t<meta name=\"twitter:data1\" content=\"4 minutes\" \/>\n<script type=\"application\/ld+json\" class=\"yoast-schema-graph\">{\"@context\":\"https:\/\/schema.org\",\"@graph\":[{\"@type\":\"WebPage\",\"@id\":\"https:\/\/mamaglobalhealing.com\/mama-holistic-brand-support\/\",\"url\":\"https:\/\/mamaglobalhealing.com\/mama-holistic-brand-support\/\",\"name\":\"MAMA HOLISTIC BRAND SUPPORT - Mama Global Healing\",\"isPartOf\":{\"@id\":\"https:\/\/mamaglobalhealing.com\/#website\"},\"datePublished\":\"2023-03-31T09:46:15+00:00\",\"dateModified\":\"2023-11-18T16:51:23+00:00\",\"description\":\"Potrzebujesz holistycznego wsparcia w rozwoju zawodowym? Praca vs \u017cycie prywatne, pod\u0105\u017canie za g\u0142osem serca i pasj\u0105 vs finanse nie p\u0142yn\u0105 w harmonii? Zapraszam!\",\"breadcrumb\":{\"@id\":\"https:\/\/mamaglobalhealing.com\/mama-holistic-brand-support\/#breadcrumb\"},\"inLanguage\":\"en-GB\",\"potentialAction\":[{\"@type\":\"ReadAction\",\"target\":[\"https:\/\/mamaglobalhealing.com\/mama-holistic-brand-support\/\"]}]},{\"@type\":\"BreadcrumbList\",\"@id\":\"https:\/\/mamaglobalhealing.com\/mama-holistic-brand-support\/#breadcrumb\",\"itemListElement\":[{\"@type\":\"ListItem\",\"position\":1,\"name\":\"Strona g\u0142\u00f3wna\",\"item\":\"https:\/\/mamaglobalhealing.com\/\"},{\"@type\":\"ListItem\",\"position\":2,\"name\":\"MAMA HOLISTIC BRAND SUPPORT\"}]},{\"@type\":\"WebSite\",\"@id\":\"https:\/\/mamaglobalhealing.com\/#website\",\"url\":\"https:\/\/mamaglobalhealing.com\/\",\"name\":\"Mama Global Healing\",\"description\":\"Kolejna witryna WordPress\",\"potentialAction\":[{\"@type\":\"SearchAction\",\"target\":{\"@type\":\"EntryPoint\",\"urlTemplate\":\"https:\/\/mamaglobalhealing.com\/?s={search_term_string}\"},\"query-input\":{\"@type\":\"PropertyValueSpecification\",\"valueRequired\":true,\"valueName\":\"search_term_string\"}}],\"inLanguage\":\"en-GB\"}]}<\/script>\n<!-- \/ Yoast SEO plugin. -->","yoast_head_json":{"title":"MAMA HOLISTIC BRAND SUPPORT - Mama Global Healing","description":"Potrzebujesz holistycznego wsparcia w rozwoju zawodowym? Praca vs \u017cycie prywatne, pod\u0105\u017canie za g\u0142osem serca i pasj\u0105 vs finanse nie p\u0142yn\u0105 w harmonii? Zapraszam!","robots":{"index":"index","follow":"follow","max-snippet":"max-snippet:-1","max-image-preview":"max-image-preview:large","max-video-preview":"max-video-preview:-1"},"canonical":"https:\/\/mamaglobalhealing.com\/en\/mama-holistic-brand-support\/","og_locale":"en_GB","og_type":"article","og_title":"MAMA HOLISTIC BRAND SUPPORT - Mama Global Healing","og_description":"Potrzebujesz holistycznego wsparcia w rozwoju zawodowym? Praca vs \u017cycie prywatne, pod\u0105\u017canie za g\u0142osem serca i pasj\u0105 vs finanse nie p\u0142yn\u0105 w harmonii? Zapraszam!","og_url":"https:\/\/mamaglobalhealing.com\/en\/mama-holistic-brand-support\/","og_site_name":"Mama Global Healing","article_modified_time":"2023-11-18T16:51:23+00:00","twitter_card":"summary_large_image","twitter_misc":{"Estimated reading time":"4 minutes"},"schema":{"@context":"https:\/\/schema.org","@graph":[{"@type":"WebPage","@id":"https:\/\/mamaglobalhealing.com\/mama-holistic-brand-support\/","url":"https:\/\/mamaglobalhealing.com\/mama-holistic-brand-support\/","name":"MAMA HOLISTIC BRAND SUPPORT - Mama Global Healing","isPartOf":{"@id":"https:\/\/mamaglobalhealing.com\/#website"},"datePublished":"2023-03-31T09:46:15+00:00","dateModified":"2023-11-18T16:51:23+00:00","description":"Potrzebujesz holistycznego wsparcia w rozwoju zawodowym? Praca vs \u017cycie prywatne, pod\u0105\u017canie za g\u0142osem serca i pasj\u0105 vs finanse nie p\u0142yn\u0105 w harmonii? Zapraszam!","breadcrumb":{"@id":"https:\/\/mamaglobalhealing.com\/mama-holistic-brand-support\/#breadcrumb"},"inLanguage":"en-GB","potentialAction":[{"@type":"ReadAction","target":["https:\/\/mamaglobalhealing.com\/mama-holistic-brand-support\/"]}]},{"@type":"BreadcrumbList","@id":"https:\/\/mamaglobalhealing.com\/mama-holistic-brand-support\/#breadcrumb","itemListElement":[{"@type":"ListItem","position":1,"name":"Strona g\u0142\u00f3wna","item":"https:\/\/mamaglobalhealing.com\/"},{"@type":"ListItem","position":2,"name":"MAMA HOLISTIC BRAND SUPPORT"}]},{"@type":"WebSite","@id":"https:\/\/mamaglobalhealing.com\/#website","url":"https:\/\/mamaglobalhealing.com\/","name":"Mama Global Healing","description":"Kolejna witryna WordPress","potentialAction":[{"@type":"SearchAction","target":{"@type":"EntryPoint","urlTemplate":"https:\/\/mamaglobalhealing.com\/?s={search_term_string}"},"query-input":{"@type":"PropertyValueSpecification","valueRequired":true,"valueName":"search_term_string"}}],"inLanguage":"en-GB"}]}},"_links":{"self":[{"href":"https:\/\/mamaglobalhealing.com\/en\/wp-json\/wp\/v2\/pages\/5556","targetHints":{"allow":["GET"]}}],"collection":[{"href":"https:\/\/mamaglobalhealing.com\/en\/wp-json\/wp\/v2\/pages"}],"about":[{"href":"https:\/\/mamaglobalhealing.com\/en\/wp-json\/wp\/v2\/types\/page"}],"author":[{"embeddable":true,"href":"https:\/\/mamaglobalhealing.com\/en\/wp-json\/wp\/v2\/users\/1"}],"replies":[{"embeddable":true,"href":"https:\/\/mamaglobalhealing.com\/en\/wp-json\/wp\/v2\/comments?post=5556"}],"version-history":[{"count":6,"href":"https:\/\/mamaglobalhealing.com\/en\/wp-json\/wp\/v2\/pages\/5556\/revisions"}],"predecessor-version":[{"id":5673,"href":"https:\/\/mamaglobalhealing.com\/en\/wp-json\/wp\/v2\/pages\/5556\/revisions\/5673"}],"wp:attachment":[{"href":"https:\/\/mamaglobalhealing.com\/en\/wp-json\/wp\/v2\/media?parent=5556"}],"curies":[{"name":"wp","href":"https:\/\/api.w.org\/{rel}","templated":true}]}}