{"id":57,"date":"2022-02-28T11:05:18","date_gmt":"2022-02-28T11:05:18","guid":{"rendered":"http:\/\/pixel-witches.pl\/dev\/mama\/?page_id=57"},"modified":"2022-03-03T15:06:05","modified_gmt":"2022-03-03T15:06:05","slug":"regulamin-do-przedszkola-i-szkolki","status":"publish","type":"page","link":"https:\/\/mamaglobalhealing.com\/en\/regulamin-do-przedszkola-i-szkolki\/","title":{"rendered":"Regulamin do przedszkola i szk\u00f3\u0142ki"},"content":{"rendered":"<p>[et_pb_section fb_built=&#8221;1&#8243; _builder_version=&#8221;4.14.8&#8243; _module_preset=&#8221;default&#8221; background_image=&#8221;https:\/\/mamaglobalhealing.com\/wp-content\/uploads\/2022\/02\/KARNETY.png&#8221; custom_padding=&#8221;250px||80px||false|false&#8221; hover_enabled=&#8221;0&#8243; global_colors_info=&#8221;{}&#8221; sticky_enabled=&#8221;0&#8243;][et_pb_row _builder_version=&#8221;4.14.8&#8243; _module_preset=&#8221;default&#8221; global_colors_info=&#8221;{}&#8221;][et_pb_column type=&#8221;4_4&#8243; _builder_version=&#8221;4.14.8&#8243; _module_preset=&#8221;default&#8221; global_colors_info=&#8221;{}&#8221;][et_pb_text _builder_version=&#8221;4.14.8&#8243; _module_preset=&#8221;default&#8221; header_font_size=&#8221;36px&#8221; global_colors_info=&#8221;{}&#8221;]<\/p>\n<h1 style=\"text-align: center;\">REGULAMIN WARSZTATOWNI KULTURKA U ST\u00d3\u0141KA <br \/>Le\u015bne przedszkole oraz Szk\u00f3\u0142ka le\u015bna<\/h1>\n<p><b>Art. 1.Postanowienia og\u00f3lne.\u00a0<\/b><\/p>\n<p><span style=\"font-weight: 400;\">1.1. Warsztatownia Kulturka u st\u00f3\u0142ka jest plac\u00f3wk\u0105 opieku\u0144czo \u2013 edukacyjn\u0105. Dzieci przebywaj\u0105 na \u015bwie\u017cym powietrzu przez ca\u0142y okres trwania umowy. Wyj\u0105tek stanowi\u0105 takie warunki pogodowe, kt\u00f3re to uniemo\u017cliwiaj\u0105.\u00a0<\/span><\/p>\n<p><span style=\"font-weight: 400;\">1.2. Zaj\u0119cia prowadzone przez Warsztatownia Kulturka u st\u00f3\u0142ka s\u0105 przeznaczone dla dzieci w wieku\u00a0 od\u00a0 3 do 13 lat. W wyj\u0105tkowych sytuacjach mo\u017cliwe jest obj\u0119cie opiek\u0105 dziecka m\u0142odszego lub\u00a0 starszego.\u00a0<\/span><\/p>\n<p><b>Art. 2. Opieka i edukacja.\u00a0<\/b><\/p>\n<p><span style=\"font-weight: 400;\">2.1. W celu sprawowania opieki nad dzie\u0107mi Warsztatownia Kulturka u st\u00f3\u0142ka (dalej nazywany tak\u017ce\u00a0 plac\u00f3wk\u0105) zatrudnia wykwalifikowan\u0105 kadr\u0119, zapewniaj\u0105c\u0105 w\u0142a\u015bciw\u0105 opiek\u0119 i wspieranie rozwoju\u00a0<\/span><\/p>\n<p><span style=\"font-weight: 400;\">dziecka.\u00a0<\/span><\/p>\n<p><span style=\"font-weight: 400;\">2.2. Zaj\u0119cia organizowane przez Warsztatowni\u0119 Kulturka u st\u00f3\u0142ka s\u0105 dostosowane do wieku dzieci i\u00a0 ich stopnia rozwoju, \u0142\u0105czy zabaw\u0119 i nauk\u0119 oraz wspiera indywidualne predyspozycje dziecka.\u00a0<\/span><\/p>\n<p><b>Art. 3. Czas otwarcia plac\u00f3wki.\u00a0<\/b><\/p>\n<p><span style=\"font-weight: 400;\">3.1. Warsztatownia Kulturka u st\u00f3\u0142ka jest czynna w godzinach 09:30-13.00 z 2 godzinn\u0105 przerw\u0105\u00a0 obiadow\u0105 14:30-17:00, podczas kt\u00f3rej dziecko jest pod opiek\u0105 rodzica.\u00a0<\/span><\/p>\n<p><span style=\"font-weight: 400;\">3.2. W razie niemo\u017cno\u015bci odebrania dziecka do godz. 17.00 Rodzice\/Opiekunowie powinni\u00a0 poinformowa\u0107 o przewidywanej godzinie odbioru dziecka z plac\u00f3wki.\u00a0<\/span><\/p>\n<p><span style=\"font-weight: 400;\">Opieka po godz. 17.00 jest dodatkowo p\u0142atna.\u00a0<\/span><\/p>\n<p><b>Art. 4. Wymiar opieki na dzie\u0107mi.\u00a0<\/b><\/p>\n<p><span style=\"font-weight: 400;\">4.1. Warsztatownia Kulturka u st\u00f3\u0142ka b\u0119dzie sprawowa\u0107 opiek\u0119 nad dzie\u0107mi w nast\u0119puj\u0105cych\u00a0 systemie:\u00a0<\/span><\/p>\n<ul>\n<li><span style=\"font-weight: 400;\"> 3 dni festiwalu (1,2 i 3 lipca 2022)\u00a0<\/span><\/li>\n<\/ul>\n<p><span style=\"font-weight: 400;\">4.2. Dzieci powinny by\u0107 przygotowane wg wys\u0142anych wcze\u015bniej wytycznych (zaopatrzone z zapasowe ubrania, wyposa\u017cone w opaski z numerami telefon\u00f3w rodzic\u00f3w,\u00a0<\/span><\/p>\n<p><span style=\"font-weight: 400;\">4.3. Przedszkole przyjmuje tylko dzieci ODPIELUCHOWANE. Rekomendujemy te\u017c zapisywanie dzieci, kt\u00f3re do\u015bwiadczy\u0142y ju\u017c adaptacji przedszkolnej \/ \u017c\u0142obkowej i nie b\u0119dzie to ich pierwsza sytuacja , w kt\u00f3rej zostaj\u0105 pod opiek\u0105 nowych os\u00f3b w nowej grupie dzieci.\u00a0<\/span><\/p>\n<p><span style=\"font-weight: 400;\">4.4. Plac\u00f3wka zobowi\u0105zuje si\u0119 do opieki o charakterze zgodnym i reprezentuj\u0105cym warto\u015bci promowane przez MAMA GLOBAL HEALING, tj.<\/span><\/p>\n<p><span style=\"font-weight: 400;\">&gt; komunikacja bez przemocy (NVC)<\/span><\/p>\n<p><span style=\"font-weight: 400;\">&gt; blisko\u015bciowe podej\u015bcie personelu\u00a0<\/span><\/p>\n<p><span style=\"font-weight: 400;\">&gt; wychowanie bez ocen, kar i nagr\u00f3d<\/span><\/p>\n<p><span style=\"font-weight: 400;\">&gt; g\u0142\u0119bokie poszanowanie natury\u00a0\u00a0<\/span><\/p>\n<p><span style=\"font-weight: 400;\">&gt; rozbudzanie \u015bwiadomo\u015bci ekologicznej<\/span><\/p>\n<p><span style=\"font-weight: 400;\">&gt; rozbudzanie \u015bwiadomo\u015bci dotycz\u0105cej zdrowego \u017cycia w tym jedzenia<\/span><\/p>\n<p><span style=\"font-weight: 400;\">&gt;\u00a0 g\u0142\u00f3wny nacisk k\u0142adziemy na relacje i komfort emocjonalny dzieci przebywaj\u0105cych pod nasz\u0105 opiek\u0105 oraz pe\u0142ne wykorzystanie czasu i mo\u017cliwo\u015bci jakie daje naturalna przygoda w otaczaj\u0105cej nas przyrodzie\u00a0<\/span><\/p>\n<p>&nbsp;<\/p>\n<p><b>Art. 5. Op\u0142aty.\u00a0<\/b><\/p>\n<p><span style=\"font-weight: 400;\">5.1 Opieka sprawowana przez Warsztatowni\u0119 Kulturka u st\u00f3\u0142ka jest odp\u0142atna. W przedsprzeda\u017cy dost\u0119pne s\u0105 tylko pakiety obejmuj\u0105ce pe\u0142ny format czasowy.\u00a0<\/span><\/p>\n<p><span style=\"font-weight: 400;\">5.2. Op\u0142aty realizowane s\u0105 poprzez sklep na stronie <\/span><a href=\"https:\/\/mamaglobalhealing.com\/en\/\"><span style=\"font-weight: 400;\">www.mamaglobalhealing.com<\/span><\/a><span style=\"font-weight: 400;\"> .Po wykupieniu pakietu opieki klient dostaje potwierdzenie zam\u00f3wienia, a nast\u0119pnie jest kierowany do kontaktu bezpo\u015bredniego z firm\u0105 realizuj\u0105c\u0105 opiek\u0119 celem przekazania danych dotycz\u0105cych dziecka.\u00a0<\/span><\/p>\n<p><span style=\"font-weight: 400;\">5.3. Op\u0142ata nie podlega zwrotowi w razie nieobecno\u015bci dziecka.\u00a0<\/span><\/p>\n<p>&nbsp;<\/p>\n<p><span style=\"font-weight: 400;\">5.4. Zgodnie z informacjami na <\/span><a href=\"https:\/\/mamaglobalhealing.com\/en\/\"><span style=\"font-weight: 400;\">www.mamaglobalhealing.com<\/span><\/a><span style=\"font-weight: 400;\"> i w kana\u0142ach mediowych dostawcy us\u0142ugi MAMA GLOBAL HEALING dost\u0119pne s\u0105 nast\u0119puj\u0105ce progi cenowe\u00a0<\/span><\/p>\n<p>&nbsp;<\/p>\n<p><span style=\"font-weight: 400;\">super early 230 PLN\u00a0<\/span><\/p>\n<p>&nbsp;<\/p>\n<p><span style=\"font-weight: 400;\">pre-sale 255 PLN\u00a0<\/span><\/p>\n<p>&nbsp;<\/p>\n<p><span style=\"font-weight: 400;\">regular 266 PLN\u00a0<\/span><\/p>\n<p>&nbsp;<\/p>\n<p><b>5.4.Wysoko\u015b\u0107 op\u0142at na miejscu:<\/b><\/p>\n<p>&nbsp;<\/p>\n<p><span style=\"font-weight: 400;\">5.4.1. Opieka po godzinie 17 tej\/ka\u017cda godzina, p\u0142atno\u015b\u0107 naliczana po 15 minutach sp\u00f3\u017anienia, czyli od\u00a0 17.15\/ 30 PLN\u00a0<\/span><\/p>\n<p><span style=\"font-weight: 400;\">5.4.2. Organizator plac\u00f3wki nie gwarantuje dost\u0119pno\u015bci miejsc w sprzeda\u017cy na miejscu, a ich ewentualna ilo\u015b\u0107 zale\u017cy od ilo\u015bci pakiet\u00f3w pe\u0142noformatowych wykupionych w przedsprzeda\u017cy.\u00a0<\/span><\/p>\n<p>&nbsp;<\/p>\n<p><b>Art. 6. Wy\u017cywienie.\u00a0<\/b><\/p>\n<p><span style=\"font-weight: 400;\">6.1. Plac\u00f3wka zapewnia owocow\u0105 \/zdrow\u0105 przek\u0105sk\u0119 i wod\u0119.\u00a0<\/span><\/p>\n<p><span style=\"font-weight: 400;\">6.2. Dzieci mog\u0105 mie\u0107 ze sob\u0105 bidony \/ \u015bniadani\u00f3wki z w\u0142asnymi snackami. Wszystkie przedmioty musz\u0105 by\u0107 opisane numerem telefonu rodzica i imieniem i nazwiskiem dziecka<\/span><\/p>\n<p><span style=\"font-weight: 400;\">\u00a0<\/span><b>Art. 7. Opieka zdrowotna.\u00a0<\/b><\/p>\n<p><span style=\"font-weight: 400;\">7.1. Dzieci chore nie powinny by\u0107 przyprowadzane do plac\u00f3wki, ze wzgl\u0119du na mo\u017cliwo\u015b\u0107 zara\u017cenia\u00a0 innych dzieci.\u00a0<\/span><\/p>\n<p><span style=\"font-weight: 400;\">7.2. W razie zauwa\u017cenia niedyspozycji dziecka (np.: gor\u0105czka, uporczywa biegunka lub wymioty,\u00a0 mocny kaszel lub katar, kichanie) personel poinformuj\u0119 niezw\u0142ocznie Rodzic\u00f3w\/Opiekun\u00f3w, kt\u00f3rzy\u00a0 powinni odebra\u0107 dziecko z plac\u00f3wki.\u00a0<\/span><\/p>\n<p><span style=\"font-weight: 400;\">7.3. Dziecku w plac\u00f3wce nie b\u0119d\u0105 podawane \u017cadne leki.\u00a0<\/span><\/p>\n<p><span style=\"font-weight: 400;\">7.4. Rodzice s\u0105 zobowi\u0105zani informowa\u0107 Warsztatowni\u0119 Kulturka u st\u00f3\u0142ka o wszelkich chorobach i\u00a0 problemach lub wymaganiach zdrowotnych dziecka, zar\u00f3wno sta\u0142ych i przewlek\u0142ych, jak i \u00a0 chwilowych. Za wszelkie niedogodno\u015bci wynik\u0142e z powodu nieprzekazania wymaganych informacji\u00a0 Warsztatownia Kulturka u st\u00f3\u0142ka nie ponosi \u017cadnej odpowiedzialno\u015bci.\u00a0<\/span><\/p>\n<p><b>Art. 8. Kontakt z rodzicami.\u00a0<\/b><\/p>\n<p><span style=\"font-weight: 400;\">8.1. Warsztatownia Kulturka u st\u00f3\u0142ka b\u0119dzie kontaktowa\u0107 si\u0119 z rodzicami telefonicznie. 8.2. Rodzic mo\u017ce w ka\u017cdej chwili przyj\u015b\u0107 do dziecka, jednak\u017ce dzieci b\u0119d\u0105 przebywa\u0107 na terenie wyznaczonym oraz spacerowa\u0107 w pobliskim lesie.\u00a0<\/span><\/p>\n<p><b>Art. 9. Postanowienia dodatkowe.\u00a0<\/b><\/p>\n<p><span style=\"font-weight: 400;\">9.1. Rodzice\/Opiekunowie powinni zaopatrzy\u0107 dziecko w wygodne ubranie codzienne, obuwie\u00a0 zmienne, ubranie na zmian\u0119- dotyczy Dzieci m\u0142odszych, ubranie dostosowane do pogody\u00a0<\/span><\/p>\n<p><span style=\"font-weight: 400;\">Podpis Rodzica\/Opiekuna<\/span><\/p>\n<p>&nbsp;<\/p>\n<p>[\/et_pb_text][\/et_pb_column][\/et_pb_row][\/et_pb_section]<\/p>","protected":false},"excerpt":{"rendered":"<p>REGULAMIN WARSZTATOWNI KULTURKA U ST\u00d3\u0141KA Le\u015bne przedszkole oraz Szk\u00f3\u0142ka le\u015bna Art. 1.Postanowienia og\u00f3lne.\u00a0 1.1. Warsztatownia Kulturka u st\u00f3\u0142ka jest plac\u00f3wk\u0105 opieku\u0144czo \u2013 edukacyjn\u0105. Dzieci przebywaj\u0105 na \u015bwie\u017cym powietrzu przez ca\u0142y okres trwania umowy. Wyj\u0105tek stanowi\u0105 takie warunki pogodowe, kt\u00f3re to uniemo\u017cliwiaj\u0105.\u00a0 1.2. Zaj\u0119cia prowadzone przez Warsztatownia Kulturka u st\u00f3\u0142ka s\u0105 przeznaczone dla dzieci w wieku\u00a0 [&hellip;]<\/p>","protected":false},"author":1,"featured_media":0,"parent":0,"menu_order":0,"comment_status":"closed","ping_status":"closed","template":"","meta":{"_et_pb_use_builder":"on","_et_pb_old_content":"","_et_gb_content_width":"","footnotes":""},"class_list":["post-57","page","type-page","status-publish","hentry"],"yoast_head":"<!-- This site is optimized with the Yoast SEO plugin v25.1 - https:\/\/yoast.com\/wordpress\/plugins\/seo\/ -->\n<title>Regulamin do przedszkola i szk\u00f3\u0142ki - Mama Global Healing<\/title>\n<meta name=\"robots\" content=\"index, follow, max-snippet:-1, max-image-preview:large, max-video-preview:-1\" \/>\n<link rel=\"canonical\" href=\"https:\/\/mamaglobalhealing.com\/en\/regulamin-do-przedszkola-i-szkolki\/\" \/>\n<meta property=\"og:locale\" content=\"en_GB\" \/>\n<meta property=\"og:type\" content=\"article\" \/>\n<meta property=\"og:title\" content=\"Regulamin do przedszkola i szk\u00f3\u0142ki - Mama Global Healing\" \/>\n<meta property=\"og:description\" content=\"REGULAMIN WARSZTATOWNI KULTURKA U ST\u00d3\u0141KA Le\u015bne przedszkole oraz Szk\u00f3\u0142ka le\u015bna Art. 1.Postanowienia og\u00f3lne.\u00a0 1.1. Warsztatownia Kulturka u st\u00f3\u0142ka jest plac\u00f3wk\u0105 opieku\u0144czo \u2013 edukacyjn\u0105. Dzieci przebywaj\u0105 na \u015bwie\u017cym powietrzu przez ca\u0142y okres trwania umowy. Wyj\u0105tek stanowi\u0105 takie warunki pogodowe, kt\u00f3re to uniemo\u017cliwiaj\u0105.\u00a0 1.2. Zaj\u0119cia prowadzone przez Warsztatownia Kulturka u st\u00f3\u0142ka s\u0105 przeznaczone dla dzieci w wieku\u00a0 [&hellip;]\" \/>\n<meta property=\"og:url\" content=\"https:\/\/mamaglobalhealing.com\/en\/regulamin-do-przedszkola-i-szkolki\/\" \/>\n<meta property=\"og:site_name\" content=\"Mama Global Healing\" \/>\n<meta property=\"article:modified_time\" content=\"2022-03-03T15:06:05+00:00\" \/>\n<meta name=\"twitter:card\" content=\"summary_large_image\" \/>\n<meta name=\"twitter:label1\" content=\"Estimated reading time\" \/>\n\t<meta name=\"twitter:data1\" content=\"4 minutes\" \/>\n<script type=\"application\/ld+json\" class=\"yoast-schema-graph\">{\"@context\":\"https:\/\/schema.org\",\"@graph\":[{\"@type\":\"WebPage\",\"@id\":\"https:\/\/mamaglobalhealing.com\/regulamin-do-przedszkola-i-szkolki\/\",\"url\":\"https:\/\/mamaglobalhealing.com\/regulamin-do-przedszkola-i-szkolki\/\",\"name\":\"Regulamin do przedszkola i szk\u00f3\u0142ki - Mama Global Healing\",\"isPartOf\":{\"@id\":\"https:\/\/mamaglobalhealing.com\/#website\"},\"datePublished\":\"2022-02-28T11:05:18+00:00\",\"dateModified\":\"2022-03-03T15:06:05+00:00\",\"breadcrumb\":{\"@id\":\"https:\/\/mamaglobalhealing.com\/regulamin-do-przedszkola-i-szkolki\/#breadcrumb\"},\"inLanguage\":\"en-GB\",\"potentialAction\":[{\"@type\":\"ReadAction\",\"target\":[\"https:\/\/mamaglobalhealing.com\/regulamin-do-przedszkola-i-szkolki\/\"]}]},{\"@type\":\"BreadcrumbList\",\"@id\":\"https:\/\/mamaglobalhealing.com\/regulamin-do-przedszkola-i-szkolki\/#breadcrumb\",\"itemListElement\":[{\"@type\":\"ListItem\",\"position\":1,\"name\":\"Strona g\u0142\u00f3wna\",\"item\":\"https:\/\/mamaglobalhealing.com\/\"},{\"@type\":\"ListItem\",\"position\":2,\"name\":\"Regulamin do&nbsp;przedszkola i&nbsp;szk\u00f3\u0142ki\"}]},{\"@type\":\"WebSite\",\"@id\":\"https:\/\/mamaglobalhealing.com\/#website\",\"url\":\"https:\/\/mamaglobalhealing.com\/\",\"name\":\"Mama Global Healing\",\"description\":\"Kolejna witryna WordPress\",\"potentialAction\":[{\"@type\":\"SearchAction\",\"target\":{\"@type\":\"EntryPoint\",\"urlTemplate\":\"https:\/\/mamaglobalhealing.com\/?s={search_term_string}\"},\"query-input\":{\"@type\":\"PropertyValueSpecification\",\"valueRequired\":true,\"valueName\":\"search_term_string\"}}],\"inLanguage\":\"en-GB\"}]}<\/script>\n<!-- \/ Yoast SEO plugin. -->","yoast_head_json":{"title":"Regulamin do przedszkola i szk\u00f3\u0142ki - Mama Global Healing","robots":{"index":"index","follow":"follow","max-snippet":"max-snippet:-1","max-image-preview":"max-image-preview:large","max-video-preview":"max-video-preview:-1"},"canonical":"https:\/\/mamaglobalhealing.com\/en\/regulamin-do-przedszkola-i-szkolki\/","og_locale":"en_GB","og_type":"article","og_title":"Regulamin do przedszkola i szk\u00f3\u0142ki - Mama Global Healing","og_description":"REGULAMIN WARSZTATOWNI KULTURKA U ST\u00d3\u0141KA Le\u015bne przedszkole oraz Szk\u00f3\u0142ka le\u015bna Art. 1.Postanowienia og\u00f3lne.\u00a0 1.1. Warsztatownia Kulturka u st\u00f3\u0142ka jest plac\u00f3wk\u0105 opieku\u0144czo \u2013 edukacyjn\u0105. Dzieci przebywaj\u0105 na \u015bwie\u017cym powietrzu przez ca\u0142y okres trwania umowy. Wyj\u0105tek stanowi\u0105 takie warunki pogodowe, kt\u00f3re to uniemo\u017cliwiaj\u0105.\u00a0 1.2. Zaj\u0119cia prowadzone przez Warsztatownia Kulturka u st\u00f3\u0142ka s\u0105 przeznaczone dla dzieci w wieku\u00a0 [&hellip;]","og_url":"https:\/\/mamaglobalhealing.com\/en\/regulamin-do-przedszkola-i-szkolki\/","og_site_name":"Mama Global Healing","article_modified_time":"2022-03-03T15:06:05+00:00","twitter_card":"summary_large_image","twitter_misc":{"Estimated reading time":"4 minutes"},"schema":{"@context":"https:\/\/schema.org","@graph":[{"@type":"WebPage","@id":"https:\/\/mamaglobalhealing.com\/regulamin-do-przedszkola-i-szkolki\/","url":"https:\/\/mamaglobalhealing.com\/regulamin-do-przedszkola-i-szkolki\/","name":"Regulamin do przedszkola i szk\u00f3\u0142ki - Mama Global Healing","isPartOf":{"@id":"https:\/\/mamaglobalhealing.com\/#website"},"datePublished":"2022-02-28T11:05:18+00:00","dateModified":"2022-03-03T15:06:05+00:00","breadcrumb":{"@id":"https:\/\/mamaglobalhealing.com\/regulamin-do-przedszkola-i-szkolki\/#breadcrumb"},"inLanguage":"en-GB","potentialAction":[{"@type":"ReadAction","target":["https:\/\/mamaglobalhealing.com\/regulamin-do-przedszkola-i-szkolki\/"]}]},{"@type":"BreadcrumbList","@id":"https:\/\/mamaglobalhealing.com\/regulamin-do-przedszkola-i-szkolki\/#breadcrumb","itemListElement":[{"@type":"ListItem","position":1,"name":"Strona g\u0142\u00f3wna","item":"https:\/\/mamaglobalhealing.com\/"},{"@type":"ListItem","position":2,"name":"Regulamin do&nbsp;przedszkola i&nbsp;szk\u00f3\u0142ki"}]},{"@type":"WebSite","@id":"https:\/\/mamaglobalhealing.com\/#website","url":"https:\/\/mamaglobalhealing.com\/","name":"Mama Global Healing","description":"Kolejna witryna WordPress","potentialAction":[{"@type":"SearchAction","target":{"@type":"EntryPoint","urlTemplate":"https:\/\/mamaglobalhealing.com\/?s={search_term_string}"},"query-input":{"@type":"PropertyValueSpecification","valueRequired":true,"valueName":"search_term_string"}}],"inLanguage":"en-GB"}]}},"_links":{"self":[{"href":"https:\/\/mamaglobalhealing.com\/en\/wp-json\/wp\/v2\/pages\/57","targetHints":{"allow":["GET"]}}],"collection":[{"href":"https:\/\/mamaglobalhealing.com\/en\/wp-json\/wp\/v2\/pages"}],"about":[{"href":"https:\/\/mamaglobalhealing.com\/en\/wp-json\/wp\/v2\/types\/page"}],"author":[{"embeddable":true,"href":"https:\/\/mamaglobalhealing.com\/en\/wp-json\/wp\/v2\/users\/1"}],"replies":[{"embeddable":true,"href":"https:\/\/mamaglobalhealing.com\/en\/wp-json\/wp\/v2\/comments?post=57"}],"version-history":[{"count":5,"href":"https:\/\/mamaglobalhealing.com\/en\/wp-json\/wp\/v2\/pages\/57\/revisions"}],"predecessor-version":[{"id":336,"href":"https:\/\/mamaglobalhealing.com\/en\/wp-json\/wp\/v2\/pages\/57\/revisions\/336"}],"wp:attachment":[{"href":"https:\/\/mamaglobalhealing.com\/en\/wp-json\/wp\/v2\/media?parent=57"}],"curies":[{"name":"wp","href":"https:\/\/api.w.org\/{rel}","templated":true}]}}