{"id":730,"date":"2022-03-13T19:21:05","date_gmt":"2022-03-13T19:21:05","guid":{"rendered":"https:\/\/mamaglobalhealing.com\/?page_id=730"},"modified":"2022-03-13T19:21:08","modified_gmt":"2022-03-13T19:21:08","slug":"regulations-of-the-kulturka-u-stolka-workshop","status":"publish","type":"page","link":"https:\/\/mamaglobalhealing.com\/en\/regulations-of-the-kulturka-u-stolka-workshop\/","title":{"rendered":"REGULATIONS OF THE KULTURKA U ST\u00d3\u0141KA WORKSHOP"},"content":{"rendered":"<p>[et_pb_section fb_built=&#8221;1&#8243; _builder_version=&#8221;4.14.8&#8243; _module_preset=&#8221;default&#8221; background_image=&#8221;https:\/\/mamaglobalhealing.com\/wp-content\/uploads\/2022\/02\/KARNETY.png&#8221; custom_padding=&#8221;250px||80px||false|false&#8221; global_colors_info=&#8221;{}&#8221; theme_builder_area=&#8221;post_content&#8221;][et_pb_row _builder_version=&#8221;4.14.8&#8243; _module_preset=&#8221;default&#8221; global_colors_info=&#8221;{}&#8221; theme_builder_area=&#8221;post_content&#8221;][et_pb_column type=&#8221;4_4&#8243; _builder_version=&#8221;4.14.8&#8243; _module_preset=&#8221;default&#8221; global_colors_info=&#8221;{}&#8221; theme_builder_area=&#8221;post_content&#8221;][et_pb_text _builder_version=&#8221;4.14.9&#8243; _module_preset=&#8221;default&#8221; header_font_size=&#8221;36px&#8221; hover_enabled=&#8221;0&#8243; global_colors_info=&#8221;{}&#8221; theme_builder_area=&#8221;post_content&#8221; sticky_enabled=&#8221;0&#8243;]<\/p>\n<h1 style=\"text-align: center;\">REGULATIONS OF THE KULTURKA U ST\u00d3\u0141KA WORKSHOP<\/h1>\n<p>&nbsp;<\/p>\n<p>\u00a0Forest kindergarten and forest nursery<\/p>\n<p>\u00a0Art. 1. General provisions.<\/p>\n<p>\u00a01.1.\u00a0 The Kulturka u table workshop is a care and educational facility.\u00a0 Children stay outdoors for the entire duration of the contract.\u00a0 The weather conditions that make it impossible are an exception.<\/p>\n<p>\u00a01.2.\u00a0 Classes conducted by Warsztatownia Kulturka u table are intended for children aged 3 to 13.\u00a0 In exceptional circumstances, it is possible to take care of a younger or older child.<\/p>\n<p>\u00a0Art. 2. Care and education.<\/p>\n<p>\u00a02.1.\u00a0 In order to provide care for children, the Workshop Kulturka u table (hereinafter also referred to as the facility) employs qualified staff, ensuring proper care and supporting development\u00a0child.<\/p>\n<p>\u00a02.2.\u00a0 Classes organized by the Kulturka u table workshop are adapted to the age of children and their level of development, combine play and learning, and support the individual predispositions of the child.<\/p>\n<p>\u00a0Art. 3. Time of opening the facility.<\/p>\n<p>\u00a03.1.\u00a0 The Kulturka u table workshop is open from 09:30 to 13:00 with a 1,5-hour lunch break from 14:30 to 17:00, during which the child is under the care of a parents.<\/p>\n<p>3.2.\u00a0Additional payments will be required for pick ups later than 17.00<\/p>\n<p>\u00a0Art. 4. The dimension of childcare.<\/p>\n<p>\u00a04.1.\u00a0 The Kulturka u table workshop will take care of children in the following system:<\/p>\n<ul>\n<li>3 days of the festival (1, 2 and 3 July 2022)<\/li>\n<\/ul>\n<p>\u00a04.2.\u00a0 Children should be prepared according to the previously sent guidelines (equipped with spare clothes, equipped with bands with the parents&#8217; phone numbers,<\/p>\n<p>\u00a04.3.\u00a0 The kindergarten accepts only DRAINED children.\u00a0 We also recommend enrolling children who have already experienced pre-school \/ nursery adaptation, and this will not be the first time they stay under the care of new people in a new group of children.<\/p>\n<p>\u00a04.4.\u00a0 The facility undertakes to provide care that is consistent and represents the values \u200b\u200bpromoted by MAMA GLOBAL HEALING, i.e.<\/p>\n<p>\u00a0&gt; non-violent communication (NVC)<\/p>\n<p>\u00a0&gt; close staff approach<\/p>\n<p>\u00a0&gt; education without grades, punishments and rewards<\/p>\n<p>\u00a0&gt; deep respect for nature<\/p>\n<p>\u00a0&gt; awakening environmental awareness<\/p>\n<p>\u00a0&gt; raising awareness of healthy living, including eating<\/p>\n<p>\u00a0&gt; We place the main emphasis on the relationships and emotional comfort of children staying under our care and the full use of time and opportunities offered by a natural adventure in the surrounding nature<\/p>\n<p>\u00a0Art. 5. Fees.<\/p>\n<p>\u00a05.1 The care provided by the Kulturka workshop at the table is payable.\u00a0 Only full time format packages are available for pre-sale.<\/p>\n<p>\u00a05.2.\u00a0 Payments are made through the shop on the website www.mamaglobalhealing.com. After purchasing the care package, the customer receives an order confirmation, and then is directed to direct contact with the company providing care to provide data about the child.<\/p>\n<p>\u00a05.3.\u00a0 The fee is non-refundable in the absence of the child.<\/p>\n<p>\u00a05.4.\u00a0 According to the information on www.mamaglobalhealing.com and in the media channels of the MAMA GLOBAL HEALING service provider, the following price thresholds are available<\/p>\n<p>\u00a0super early 230 PLN<\/p>\n<p>\u00a0pre-sale PLN 255<\/p>\n<p>\u00a0regular PLN 266<\/p>\n<p>\u00a05.4 On-site fees:<\/p>\n<p>5.4.1.\u00a0 Care after 5 p.m. \/ each hour, the payment is charged after 15 minutes of being late, i.e. from 5.15 pm \/ 30 PLN<\/p>\n<p>\u00a05.4.2.\u00a0 The organizer of the facility does not guarantee the availability of places for sale on the spot, and their possible number depends on the number of full-format packages purchased in advance.<\/p>\n<p>\u00a0Art. 6. Food.<\/p>\n<p>\u00a06.1.\u00a0 The facility provides a fruit \/ healthy snack and water.<\/p>\n<p>\u00a06.2.\u00a0 Children can have water bottles \/ breakfast boxes with their own snacks.\u00a0 All items must be labeled with the parent&#8217;s phone number and the child&#8217;s first and last name<\/p>\n<p>\u00a0Art. 7. Healthcare.<\/p>\n<p>\u00a07.1.\u00a0 Sick children should not be brought to the facility due to the possibility of infecting other children.<\/p>\n<p>\u00a07.2.\u00a0 In the event of noticing a child&#8217;s indisposition (e.g. fever, persistent diarrhea or vomiting, strong cough or runny nose, sneezing), the staff will immediately inform the Parents \/ Guardians who should pick up the child from the facility.<\/p>\n<p>\u00a07.3.\u00a0 The child will not be given any medications in the facility.<\/p>\n<p>\u00a07.4.\u00a0 Parents are obliged to inform Workshop Kulturka at the table about any diseases and problems or health requirements of the child, both permanent and chronic, as well as temporary.\u00a0 Warsztatownia Kulturka u tableka shall not be held liable for any inconvenience caused by failure to provide the required information.<\/p>\n<p>\u00a0Art. 8. Contact with parents.<\/p>\n<p>\u00a08.1.\u00a0 The Kulturka u table workshop will contact the parents by phone.\u00a0 8.2.\u00a0 The parent can come to the child at any time, however, the children will stay in the designated area and walk in the nearby forest.<\/p>\n<p>\u00a0Art. 9. Additional provisions.<\/p>\n<p>\u00a09.1.\u00a0 Parents \/ Guardians should provide the child with co<\/p>\n<p>&nbsp;<\/p>\n<p>&nbsp;<\/p>\n<p><strong>\u00a0<\/strong><\/p>\n<p>&nbsp;<\/p>\n<p>&nbsp;<\/p>\n<p>[\/et_pb_text][\/et_pb_column][\/et_pb_row][\/et_pb_section]<\/p>","protected":false},"excerpt":{"rendered":"<p>REGULATIONS OF THE KULTURKA U ST\u00d3\u0141KA WORKSHOP &nbsp; \u00a0Forest kindergarten and forest nursery \u00a0Art. 1. General provisions. \u00a01.1.\u00a0 The Kulturka u table workshop is a care and educational facility.\u00a0 Children stay outdoors for the entire duration of the contract.\u00a0 The weather conditions that make it impossible are an exception. \u00a01.2.\u00a0 Classes conducted by Warsztatownia Kulturka [&hellip;]<\/p>","protected":false},"author":1,"featured_media":0,"parent":0,"menu_order":0,"comment_status":"closed","ping_status":"closed","template":"","meta":{"_et_pb_use_builder":"on","_et_pb_old_content":"","_et_gb_content_width":"","footnotes":""},"class_list":["post-730","page","type-page","status-publish","hentry"],"yoast_head":"<!-- This site is optimized with the Yoast SEO plugin v25.1 - https:\/\/yoast.com\/wordpress\/plugins\/seo\/ -->\n<title>REGULATIONS OF THE KULTURKA U ST\u00d3\u0141KA WORKSHOP - Mama Global Healing<\/title>\n<meta name=\"robots\" content=\"index, follow, max-snippet:-1, max-image-preview:large, max-video-preview:-1\" \/>\n<link rel=\"canonical\" href=\"https:\/\/mamaglobalhealing.com\/en\/regulations-of-the-kulturka-u-stolka-workshop\/\" \/>\n<meta property=\"og:locale\" content=\"en_GB\" \/>\n<meta property=\"og:type\" content=\"article\" \/>\n<meta property=\"og:title\" content=\"REGULATIONS OF THE KULTURKA U ST\u00d3\u0141KA WORKSHOP - Mama Global Healing\" \/>\n<meta property=\"og:description\" content=\"REGULATIONS OF THE KULTURKA U ST\u00d3\u0141KA WORKSHOP &nbsp; \u00a0Forest kindergarten and forest nursery \u00a0Art. 1. General provisions. \u00a01.1.\u00a0 The Kulturka u table workshop is a care and educational facility.\u00a0 Children stay outdoors for the entire duration of the contract.\u00a0 The weather conditions that make it impossible are an exception. \u00a01.2.\u00a0 Classes conducted by Warsztatownia Kulturka [&hellip;]\" \/>\n<meta property=\"og:url\" content=\"https:\/\/mamaglobalhealing.com\/en\/regulations-of-the-kulturka-u-stolka-workshop\/\" \/>\n<meta property=\"og:site_name\" content=\"Mama Global Healing\" \/>\n<meta property=\"article:modified_time\" content=\"2022-03-13T19:21:08+00:00\" \/>\n<meta name=\"twitter:card\" content=\"summary_large_image\" \/>\n<meta name=\"twitter:label1\" content=\"Estimated reading time\" \/>\n\t<meta name=\"twitter:data1\" content=\"4 minutes\" \/>\n<script type=\"application\/ld+json\" class=\"yoast-schema-graph\">{\"@context\":\"https:\/\/schema.org\",\"@graph\":[{\"@type\":\"WebPage\",\"@id\":\"https:\/\/mamaglobalhealing.com\/regulations-of-the-kulturka-u-stolka-workshop\/\",\"url\":\"https:\/\/mamaglobalhealing.com\/regulations-of-the-kulturka-u-stolka-workshop\/\",\"name\":\"REGULATIONS OF THE KULTURKA U ST\u00d3\u0141KA WORKSHOP - Mama Global Healing\",\"isPartOf\":{\"@id\":\"https:\/\/mamaglobalhealing.com\/#website\"},\"datePublished\":\"2022-03-13T19:21:05+00:00\",\"dateModified\":\"2022-03-13T19:21:08+00:00\",\"breadcrumb\":{\"@id\":\"https:\/\/mamaglobalhealing.com\/regulations-of-the-kulturka-u-stolka-workshop\/#breadcrumb\"},\"inLanguage\":\"en-GB\",\"potentialAction\":[{\"@type\":\"ReadAction\",\"target\":[\"https:\/\/mamaglobalhealing.com\/regulations-of-the-kulturka-u-stolka-workshop\/\"]}]},{\"@type\":\"BreadcrumbList\",\"@id\":\"https:\/\/mamaglobalhealing.com\/regulations-of-the-kulturka-u-stolka-workshop\/#breadcrumb\",\"itemListElement\":[{\"@type\":\"ListItem\",\"position\":1,\"name\":\"Strona g\u0142\u00f3wna\",\"item\":\"https:\/\/mamaglobalhealing.com\/\"},{\"@type\":\"ListItem\",\"position\":2,\"name\":\"REGULATIONS OF THE KULTURKA U&nbsp;ST\u00d3\u0141KA WORKSHOP\"}]},{\"@type\":\"WebSite\",\"@id\":\"https:\/\/mamaglobalhealing.com\/#website\",\"url\":\"https:\/\/mamaglobalhealing.com\/\",\"name\":\"Mama Global Healing\",\"description\":\"Kolejna witryna WordPress\",\"potentialAction\":[{\"@type\":\"SearchAction\",\"target\":{\"@type\":\"EntryPoint\",\"urlTemplate\":\"https:\/\/mamaglobalhealing.com\/?s={search_term_string}\"},\"query-input\":{\"@type\":\"PropertyValueSpecification\",\"valueRequired\":true,\"valueName\":\"search_term_string\"}}],\"inLanguage\":\"en-GB\"}]}<\/script>\n<!-- \/ Yoast SEO plugin. -->","yoast_head_json":{"title":"REGULATIONS OF THE KULTURKA U ST\u00d3\u0141KA WORKSHOP - Mama Global Healing","robots":{"index":"index","follow":"follow","max-snippet":"max-snippet:-1","max-image-preview":"max-image-preview:large","max-video-preview":"max-video-preview:-1"},"canonical":"https:\/\/mamaglobalhealing.com\/en\/regulations-of-the-kulturka-u-stolka-workshop\/","og_locale":"en_GB","og_type":"article","og_title":"REGULATIONS OF THE KULTURKA U ST\u00d3\u0141KA WORKSHOP - Mama Global Healing","og_description":"REGULATIONS OF THE KULTURKA U ST\u00d3\u0141KA WORKSHOP &nbsp; \u00a0Forest kindergarten and forest nursery \u00a0Art. 1. General provisions. \u00a01.1.\u00a0 The Kulturka u table workshop is a care and educational facility.\u00a0 Children stay outdoors for the entire duration of the contract.\u00a0 The weather conditions that make it impossible are an exception. \u00a01.2.\u00a0 Classes conducted by Warsztatownia Kulturka [&hellip;]","og_url":"https:\/\/mamaglobalhealing.com\/en\/regulations-of-the-kulturka-u-stolka-workshop\/","og_site_name":"Mama Global Healing","article_modified_time":"2022-03-13T19:21:08+00:00","twitter_card":"summary_large_image","twitter_misc":{"Estimated reading time":"4 minutes"},"schema":{"@context":"https:\/\/schema.org","@graph":[{"@type":"WebPage","@id":"https:\/\/mamaglobalhealing.com\/regulations-of-the-kulturka-u-stolka-workshop\/","url":"https:\/\/mamaglobalhealing.com\/regulations-of-the-kulturka-u-stolka-workshop\/","name":"REGULATIONS OF THE KULTURKA U ST\u00d3\u0141KA WORKSHOP - Mama Global Healing","isPartOf":{"@id":"https:\/\/mamaglobalhealing.com\/#website"},"datePublished":"2022-03-13T19:21:05+00:00","dateModified":"2022-03-13T19:21:08+00:00","breadcrumb":{"@id":"https:\/\/mamaglobalhealing.com\/regulations-of-the-kulturka-u-stolka-workshop\/#breadcrumb"},"inLanguage":"en-GB","potentialAction":[{"@type":"ReadAction","target":["https:\/\/mamaglobalhealing.com\/regulations-of-the-kulturka-u-stolka-workshop\/"]}]},{"@type":"BreadcrumbList","@id":"https:\/\/mamaglobalhealing.com\/regulations-of-the-kulturka-u-stolka-workshop\/#breadcrumb","itemListElement":[{"@type":"ListItem","position":1,"name":"Strona g\u0142\u00f3wna","item":"https:\/\/mamaglobalhealing.com\/"},{"@type":"ListItem","position":2,"name":"REGULATIONS OF THE KULTURKA U&nbsp;ST\u00d3\u0141KA WORKSHOP"}]},{"@type":"WebSite","@id":"https:\/\/mamaglobalhealing.com\/#website","url":"https:\/\/mamaglobalhealing.com\/","name":"Mama Global Healing","description":"Kolejna witryna WordPress","potentialAction":[{"@type":"SearchAction","target":{"@type":"EntryPoint","urlTemplate":"https:\/\/mamaglobalhealing.com\/?s={search_term_string}"},"query-input":{"@type":"PropertyValueSpecification","valueRequired":true,"valueName":"search_term_string"}}],"inLanguage":"en-GB"}]}},"_links":{"self":[{"href":"https:\/\/mamaglobalhealing.com\/en\/wp-json\/wp\/v2\/pages\/730","targetHints":{"allow":["GET"]}}],"collection":[{"href":"https:\/\/mamaglobalhealing.com\/en\/wp-json\/wp\/v2\/pages"}],"about":[{"href":"https:\/\/mamaglobalhealing.com\/en\/wp-json\/wp\/v2\/types\/page"}],"author":[{"embeddable":true,"href":"https:\/\/mamaglobalhealing.com\/en\/wp-json\/wp\/v2\/users\/1"}],"replies":[{"embeddable":true,"href":"https:\/\/mamaglobalhealing.com\/en\/wp-json\/wp\/v2\/comments?post=730"}],"version-history":[{"count":4,"href":"https:\/\/mamaglobalhealing.com\/en\/wp-json\/wp\/v2\/pages\/730\/revisions"}],"predecessor-version":[{"id":735,"href":"https:\/\/mamaglobalhealing.com\/en\/wp-json\/wp\/v2\/pages\/730\/revisions\/735"}],"wp:attachment":[{"href":"https:\/\/mamaglobalhealing.com\/en\/wp-json\/wp\/v2\/media?parent=730"}],"curies":[{"name":"wp","href":"https:\/\/api.w.org\/{rel}","templated":true}]}}