{"id":892,"date":"2022-03-18T09:28:28","date_gmt":"2022-03-18T09:28:28","guid":{"rendered":"https:\/\/mamaglobalhealing.com\/?page_id=892"},"modified":"2022-11-17T10:51:34","modified_gmt":"2022-11-17T10:51:34","slug":"srtrefy","status":"publish","type":"page","link":"https:\/\/mamaglobalhealing.com\/en\/srtrefy\/","title":{"rendered":"Strefy"},"content":{"rendered":"<p>[et_pb_section fb_built=&#8221;1&#8243; custom_padding_last_edited=&#8221;on|phone&#8221; _builder_version=&#8221;4.14.9&#8243; _module_preset=&#8221;default&#8221; background_image=&#8221;https:\/\/mamaglobalhealing.com\/wp-content\/uploads\/2022\/04\/tlo_piony-scaled.jpg&#8221; background_position=&#8221;top_center&#8221; custom_padding=&#8221;200px||150px||false|false&#8221; custom_padding_tablet=&#8221;||150px||false|false&#8221; custom_padding_phone=&#8221;150px||150px||false|false&#8221; hover_enabled=&#8221;0&#8243; background_last_edited=&#8221;on|phone&#8221; background_position_phone=&#8221;center&#8221; da_disable_devices=&#8221;off|off|off&#8221; global_colors_info=&#8221;{}&#8221; title_text=&#8221;t\u0142o_piony&#8221; sticky_enabled=&#8221;0&#8243; da_is_popup=&#8221;off&#8221; da_exit_intent=&#8221;off&#8221; da_has_close=&#8221;on&#8221; da_alt_close=&#8221;off&#8221; da_dark_close=&#8221;off&#8221; da_not_modal=&#8221;on&#8221; da_is_singular=&#8221;off&#8221; da_with_loader=&#8221;off&#8221; da_has_shadow=&#8221;on&#8221;][et_pb_row _builder_version=&#8221;4.14.8&#8243; _module_preset=&#8221;default&#8221; max_width=&#8221;1400px&#8221; global_colors_info=&#8221;{}&#8221;][et_pb_column type=&#8221;4_4&#8243; _builder_version=&#8221;4.14.8&#8243; _module_preset=&#8221;default&#8221; global_colors_info=&#8221;{}&#8221;][et_pb_text admin_label=&#8221;Piony programowe&#8221; _builder_version=&#8221;4.14.9&#8243; _module_preset=&#8221;default&#8221; header_font=&#8221;Mirza Regular|700|||||||&#8221; header_text_color=&#8221;#27292d&#8221; header_font_size=&#8221;55px&#8221; header_line_height=&#8221;55px&#8221; custom_margin=&#8221;||||false|false&#8221; header_font_size_tablet=&#8221;75px&#8221; header_font_size_phone=&#8221;50px&#8221; header_font_size_last_edited=&#8221;on|phone&#8221; header_line_height_tablet=&#8221;75px&#8221; header_line_height_phone=&#8221;55px&#8221; header_line_height_last_edited=&#8221;on|phone&#8221; global_colors_info=&#8221;{}&#8221;]<\/p>\n<h1 style=\"text-align: center;\">PROGRAM<\/h1>\n<p>[\/et_pb_text][\/et_pb_column][\/et_pb_row][et_pb_row admin_label=&#8221;New Family Concept&#8221; _builder_version=&#8221;4.14.9&#8243; _module_preset=&#8221;default&#8221; custom_padding=&#8221;||||false|false&#8221; global_colors_info=&#8221;{}&#8221;][et_pb_column type=&#8221;4_4&#8243; _builder_version=&#8221;4.14.9&#8243; _module_preset=&#8221;default&#8221; global_colors_info=&#8221;{}&#8221;][et_pb_image src=&#8221;https:\/\/mamaglobalhealing.com\/wp-content\/uploads\/2022\/03\/MAMA-GLOBAL-HEALING_net_ikony_13.png&#8221; title_text=&#8221;MAMA GLOBAL HEALING_net_ikony_13&#8243; align=&#8221;center&#8221; _builder_version=&#8221;4.14.9&#8243; _module_preset=&#8221;default&#8221; global_colors_info=&#8221;{}&#8221;][\/et_pb_image][et_pb_text _builder_version=&#8221;4.14.9&#8243; _module_preset=&#8221;default&#8221; text_font=&#8221;Mirza Regular||||||||&#8221; text_font_size=&#8221;22px&#8221; text_line_height=&#8221;26px&#8221; text_orientation=&#8221;center&#8221; global_colors_info=&#8221;{}&#8221;]Szukamy nowych paradygmat\u00f3w budowania relacji &#8211; w r\u00f3\u017cnej skali. Renegocjujemy uk\u0142ady \u0142\u0105cz\u0105ce cz\u0142onk\u00f3w rodziny i wi\u0119kszej spo\u0142eczno\u015bci. Przygl\u0105damy si\u0119 edukacji. Ogl\u0105damy pomys\u0142y na ekowioski i eksperymentalne spo\u0142eczno\u015bci. Jaki kszta\u0142t \u015bwiata chcemy wspiera\u0107 na co dzie\u0144? Jakie mamy warto\u015bci i priorytety?<br \/>\nNasz \u015bwiat to nasze relacje! Nasz \u015bwiat to nasze wybory.[\/et_pb_text][et_pb_image src=&#8221;https:\/\/mamaglobalhealing.com\/wp-content\/uploads\/2022\/04\/30.jpg&#8221; title_text=&#8221;30&#8243; _builder_version=&#8221;4.14.9&#8243; _module_preset=&#8221;default&#8221; global_colors_info=&#8221;{}&#8221;][\/et_pb_image][\/et_pb_column][\/et_pb_row][et_pb_row admin_label=&#8221;Womb Healing&#8221; _builder_version=&#8221;4.14.9&#8243; _module_preset=&#8221;default&#8221; custom_padding=&#8221;||||false|false&#8221; global_colors_info=&#8221;{}&#8221;][et_pb_column type=&#8221;4_4&#8243; _builder_version=&#8221;4.14.9&#8243; _module_preset=&#8221;default&#8221; global_colors_info=&#8221;{}&#8221;][et_pb_image src=&#8221;https:\/\/mamaglobalhealing.com\/wp-content\/uploads\/2022\/03\/MAMA-GLOBAL-HEALING_net_ikony_18.png&#8221; title_text=&#8221;MAMA GLOBAL HEALING_net_ikony_18&#8243; align=&#8221;center&#8221; _builder_version=&#8221;4.14.9&#8243; _module_preset=&#8221;default&#8221; global_colors_info=&#8221;{}&#8221;][\/et_pb_image][et_pb_text _builder_version=&#8221;4.14.9&#8243; _module_preset=&#8221;default&#8221; text_font=&#8221;Mirza Regular||||||||&#8221; text_font_size=&#8221;22px&#8221; text_line_height=&#8221;26px&#8221; text_orientation=&#8221;center&#8221; global_colors_info=&#8221;{}&#8221;]<\/p>\n<p class=\"translation-block\">We all come from the womb of a woman.\nOur life is a direct manifestation of life force flow, manifested as sexual energy between people. We exist thanks to it! Healing the womb is touching the entire spectrum of issues, such as pregnancy, childbirth, loss, sex, puberty, menopause, intimate relationships and intimate health. Traumas recorded in the body in this place, (life begins here!) resonate to our entire functioning. We know even our prenatal experiences - stories from the womb - they create records that affect us later in life. They reflect in relationships with loved ones. In this sub-panel you will find activities for everyone - healing, bringing greater \nopenness to pleasure, awareness and consensual communication.\n\nWorking with the body, nudity and touch - we do it all! THAT'S the foundations of life ....<\/p>\n<p>[\/et_pb_text][et_pb_image src=&#8221;https:\/\/mamaglobalhealing.com\/wp-content\/uploads\/2022\/04\/32.jpg&#8221; title_text=&#8221;32&#8243; _builder_version=&#8221;4.14.9&#8243; _module_preset=&#8221;default&#8221; global_colors_info=&#8221;{}&#8221;][\/et_pb_image][\/et_pb_column][\/et_pb_row][et_pb_row admin_label=&#8221;Magic and medicine&#8221; _builder_version=&#8221;4.14.9&#8243; _module_preset=&#8221;default&#8221; custom_padding=&#8221;||||false|false&#8221; global_colors_info=&#8221;{}&#8221;][et_pb_column type=&#8221;4_4&#8243; _builder_version=&#8221;4.14.9&#8243; _module_preset=&#8221;default&#8221; global_colors_info=&#8221;{}&#8221;][et_pb_image src=&#8221;https:\/\/mamaglobalhealing.com\/wp-content\/uploads\/2022\/03\/MAMA-GLOBAL-HEALING_net_ikony_20.png&#8221; title_text=&#8221;MAMA GLOBAL HEALING_net_ikony_20&#8243; align=&#8221;center&#8221; _builder_version=&#8221;4.14.9&#8243; _module_preset=&#8221;default&#8221; global_colors_info=&#8221;{}&#8221;][\/et_pb_image][et_pb_text _builder_version=&#8221;4.14.9&#8243; _module_preset=&#8221;default&#8221; text_font=&#8221;Mirza Regular||||||||&#8221; text_font_size=&#8221;22px&#8221; text_line_height=&#8221;26px&#8221; text_orientation=&#8221;center&#8221; global_colors_info=&#8221;{}&#8221;]<\/p>\n<p>What MAMAs like the most... city magic, shamanism, crystals, plant medicine, tarot...<br \/>\nspells, rituals and extraordinary journeys into the world of fantasies, creations, myths and \narchetypes...<\/p>\n<p>[\/et_pb_text][et_pb_image src=&#8221;https:\/\/mamaglobalhealing.com\/wp-content\/uploads\/2022\/04\/26.jpg&#8221; title_text=&#8221;26&#8243; _builder_version=&#8221;4.14.9&#8243; _module_preset=&#8221;default&#8221; global_colors_info=&#8221;{}&#8221;][\/et_pb_image][\/et_pb_column][\/et_pb_row][et_pb_row admin_label=&#8221;Healing Economy&#8221; _builder_version=&#8221;4.14.9&#8243; _module_preset=&#8221;default&#8221; custom_padding=&#8221;||||false|false&#8221; global_colors_info=&#8221;{}&#8221;][et_pb_column type=&#8221;4_4&#8243; _builder_version=&#8221;4.14.9&#8243; _module_preset=&#8221;default&#8221; global_colors_info=&#8221;{}&#8221;][et_pb_image src=&#8221;https:\/\/mamaglobalhealing.com\/wp-content\/uploads\/2022\/03\/MAMA-GLOBAL-HEALING_net_ikony_21.png&#8221; title_text=&#8221;MAMA GLOBAL HEALING_net_ikony_21&#8243; align=&#8221;center&#8221; _builder_version=&#8221;4.14.9&#8243; _module_preset=&#8221;default&#8221; global_colors_info=&#8221;{}&#8221;][\/et_pb_image][et_pb_text _builder_version=&#8221;4.14.9&#8243; _module_preset=&#8221;default&#8221; text_font=&#8221;Mirza Regular||||||||&#8221; text_font_size=&#8221;22px&#8221; text_line_height=&#8221;26px&#8221; text_orientation=&#8221;center&#8221; global_colors_info=&#8221;{}&#8221;]<\/p>\n<p>Money. In today's world it seems hard to function without it. Energy of money, conditions imposed on the financial zone\nby social systems, shadows accompanying the topic of success, flow and earning. Support and education for women (mums!) In navigating the professional zone and on the way to financial independence. Utopian visions of Green Economy, Sustainable Trade, Holy Economy...<br \/>\nSex and Money! Businesses created from the field of heart and authenticity. This division is practical knowledge and the search for unconventional solutions for idealists and conscious entrepreneurs!<\/p>\n<p>[\/et_pb_text][et_pb_image src=&#8221;https:\/\/mamaglobalhealing.com\/wp-content\/uploads\/2022\/04\/28.jpg&#8221; title_text=&#8221;28&#8243; _builder_version=&#8221;4.14.9&#8243; _module_preset=&#8221;default&#8221; global_colors_info=&#8221;{}&#8221;][\/et_pb_image][\/et_pb_column][\/et_pb_row][et_pb_row admin_label=&#8221;Holistic body and mind&#8221; _builder_version=&#8221;4.14.9&#8243; _module_preset=&#8221;default&#8221; custom_padding=&#8221;||||false|false&#8221; global_colors_info=&#8221;{}&#8221;][et_pb_column type=&#8221;4_4&#8243; _builder_version=&#8221;4.14.9&#8243; _module_preset=&#8221;default&#8221; global_colors_info=&#8221;{}&#8221;][et_pb_image src=&#8221;https:\/\/mamaglobalhealing.com\/wp-content\/uploads\/2022\/03\/MAMA-GLOBAL-HEALING_net_ikony_22.png&#8221; title_text=&#8221;MAMA GLOBAL HEALING_net_ikony_22&#8243; align=&#8221;center&#8221; _builder_version=&#8221;4.14.9&#8243; _module_preset=&#8221;default&#8221; global_colors_info=&#8221;{}&#8221;][\/et_pb_image][et_pb_text _builder_version=&#8221;4.14.9&#8243; _module_preset=&#8221;default&#8221; text_font=&#8221;Mirza Regular||||||||&#8221; text_font_size=&#8221;22px&#8221; text_line_height=&#8221;26px&#8221; text_orientation=&#8221;center&#8221; global_colors_info=&#8221;{}&#8221;]<\/p>\n<p>BODY. MOTION. VOICE. HEALTH. HARMONY OF MIND, SOUL AND MATTER. THERAPEUTIC TOUCH. FEELING YOURSELF and CONTACT WITH OTHERS. DANCE. BODYWORK. HEALTH. FOOD. BEAUTY. NATURAL THERAPIES. We do not see man otherwise than holistically. We are whole in constant relationship with the environment. Our being is the result of our choices, experiences and what we feed our mind and body with. In this division you will take care of yourself practically and you will also get to know the \nmethods and ways derived from different traditions. You can make yourself a health path. You can rest. You can breathe. You can release the tensions. In the next season of global stress<br \/>\n- you can do a great SHAKE OFF &amp; TRAUMA HEALING.<\/p>\n<p>[\/et_pb_text][et_pb_image src=&#8221;https:\/\/mamaglobalhealing.com\/wp-content\/uploads\/2022\/04\/25.jpg&#8221; title_text=&#8221;25&#8243; _builder_version=&#8221;4.14.9&#8243; _module_preset=&#8221;default&#8221; global_colors_info=&#8221;{}&#8221;][\/et_pb_image][\/et_pb_column][\/et_pb_row][et_pb_row admin_label=&#8221;Unboxing Taboo&#8221; _builder_version=&#8221;4.14.9&#8243; _module_preset=&#8221;default&#8221; custom_padding=&#8221;||||false|false&#8221; global_colors_info=&#8221;{}&#8221;][et_pb_column type=&#8221;4_4&#8243; _builder_version=&#8221;4.14.9&#8243; _module_preset=&#8221;default&#8221; global_colors_info=&#8221;{}&#8221;][et_pb_image src=&#8221;https:\/\/mamaglobalhealing.com\/wp-content\/uploads\/2022\/03\/MAMA-GLOBAL-HEALING_net_ikony_15.png&#8221; title_text=&#8221;MAMA GLOBAL HEALING_net_ikony_15&#8243; align=&#8221;center&#8221; _builder_version=&#8221;4.14.9&#8243; _module_preset=&#8221;default&#8221; global_colors_info=&#8221;{}&#8221;][\/et_pb_image][et_pb_text _builder_version=&#8221;4.14.9&#8243; _module_preset=&#8221;default&#8221; text_font=&#8221;Mirza Regular||||||||&#8221; text_font_size=&#8221;22px&#8221; text_line_height=&#8221;26px&#8221; text_orientation=&#8221;center&#8221; global_colors_info=&#8221;{}&#8221;]<\/p>\n<p>Good deeds crave light. What we want to hide before the world, weighs in the whole field, absorbing energy like a black hole. \nTabooing topics - usually comes with a desire \ncovered by shame and dominance of some group or denial of difficult threads. The problems hidden in the wardrobe, unfortunately, do not go away. In this sub-panel, we provide space for shadows and darkness. A space where we release and take deep breath after years of \"not talking\".<br \/>\nMAMA has a nickname anyway\ntraumafest... Yes, you can cry here. Here you can get angry. Abortions, losses and death.<br \/>\n Dark Sisterhood. Shadow Work. Eros vs Thanatos. Female anger.<\/p>\n<p>[\/et_pb_text][et_pb_image src=&#8221;https:\/\/mamaglobalhealing.com\/wp-content\/uploads\/2022\/04\/34.jpg&#8221; title_text=&#8221;34&#8243; _builder_version=&#8221;4.14.9&#8243; _module_preset=&#8221;default&#8221; global_colors_info=&#8221;{}&#8221;][\/et_pb_image][\/et_pb_column][\/et_pb_row][\/et_pb_section]<\/p>","protected":false},"excerpt":{"rendered":"<p>PIONY PROGRAMOWESzukamy nowych paradygmat\u00f3w budowania relacji &#8211; w r\u00f3\u017cnej skali. Renegocjujemy uk\u0142ady \u0142\u0105cz\u0105ce cz\u0142onk\u00f3w rodziny i wi\u0119kszej spo\u0142eczno\u015bci. Przygl\u0105damy si\u0119 edukacji. Ogl\u0105damy pomys\u0142y na ekowioski i eksperymentalne spo\u0142eczno\u015bci. Jaki kszta\u0142t \u015bwiata chcemy wspiera\u0107 na co dzie\u0144? Jakie mamy warto\u015bci i priorytety? Nasz \u015bwiat to nasze relacje! Nasz \u015bwiat to nasze wybory.Wszyscy pochodzimy z \u0142ona kobiety. [&hellip;]<\/p>","protected":false},"author":1,"featured_media":0,"parent":0,"menu_order":0,"comment_status":"closed","ping_status":"closed","template":"","meta":{"_et_pb_use_builder":"on","_et_pb_old_content":"","_et_gb_content_width":"","footnotes":""},"class_list":["post-892","page","type-page","status-publish","hentry"],"yoast_head":"<!-- This site is optimized with the Yoast SEO plugin v25.1 - https:\/\/yoast.com\/wordpress\/plugins\/seo\/ -->\n<title>Strefy - Mama Global Healing<\/title>\n<meta name=\"robots\" content=\"index, follow, max-snippet:-1, max-image-preview:large, max-video-preview:-1\" \/>\n<link rel=\"canonical\" href=\"https:\/\/mamaglobalhealing.com\/en\/srtrefy\/\" \/>\n<meta property=\"og:locale\" content=\"en_GB\" \/>\n<meta property=\"og:type\" content=\"article\" \/>\n<meta property=\"og:title\" content=\"Strefy - Mama Global Healing\" \/>\n<meta property=\"og:description\" content=\"PIONY PROGRAMOWESzukamy nowych paradygmat\u00f3w budowania relacji - w r\u00f3\u017cnej skali. Renegocjujemy uk\u0142ady \u0142\u0105cz\u0105ce cz\u0142onk\u00f3w rodziny i wi\u0119kszej spo\u0142eczno\u015bci. Przygl\u0105damy si\u0119 edukacji. Ogl\u0105damy pomys\u0142y na ekowioski i eksperymentalne spo\u0142eczno\u015bci. Jaki kszta\u0142t \u015bwiata chcemy wspiera\u0107 na co dzie\u0144? Jakie mamy warto\u015bci i priorytety? Nasz \u015bwiat to nasze relacje! Nasz \u015bwiat to nasze wybory.Wszyscy pochodzimy z \u0142ona kobiety. [&hellip;]\" \/>\n<meta property=\"og:url\" content=\"https:\/\/mamaglobalhealing.com\/en\/srtrefy\/\" \/>\n<meta property=\"og:site_name\" content=\"Mama Global Healing\" \/>\n<meta property=\"article:modified_time\" content=\"2022-11-17T10:51:34+00:00\" \/>\n<meta name=\"twitter:card\" content=\"summary_large_image\" \/>\n<meta name=\"twitter:label1\" content=\"Estimated reading time\" \/>\n\t<meta name=\"twitter:data1\" content=\"8 minutes\" \/>\n<script type=\"application\/ld+json\" class=\"yoast-schema-graph\">{\"@context\":\"https:\/\/schema.org\",\"@graph\":[{\"@type\":\"WebPage\",\"@id\":\"https:\/\/mamaglobalhealing.com\/srtrefy\/\",\"url\":\"https:\/\/mamaglobalhealing.com\/srtrefy\/\",\"name\":\"Strefy - Mama Global Healing\",\"isPartOf\":{\"@id\":\"https:\/\/mamaglobalhealing.com\/#website\"},\"datePublished\":\"2022-03-18T09:28:28+00:00\",\"dateModified\":\"2022-11-17T10:51:34+00:00\",\"breadcrumb\":{\"@id\":\"https:\/\/mamaglobalhealing.com\/srtrefy\/#breadcrumb\"},\"inLanguage\":\"en-GB\",\"potentialAction\":[{\"@type\":\"ReadAction\",\"target\":[\"https:\/\/mamaglobalhealing.com\/srtrefy\/\"]}]},{\"@type\":\"BreadcrumbList\",\"@id\":\"https:\/\/mamaglobalhealing.com\/srtrefy\/#breadcrumb\",\"itemListElement\":[{\"@type\":\"ListItem\",\"position\":1,\"name\":\"Strona g\u0142\u00f3wna\",\"item\":\"https:\/\/mamaglobalhealing.com\/\"},{\"@type\":\"ListItem\",\"position\":2,\"name\":\"Strefy\"}]},{\"@type\":\"WebSite\",\"@id\":\"https:\/\/mamaglobalhealing.com\/#website\",\"url\":\"https:\/\/mamaglobalhealing.com\/\",\"name\":\"Mama Global Healing\",\"description\":\"Kolejna witryna WordPress\",\"potentialAction\":[{\"@type\":\"SearchAction\",\"target\":{\"@type\":\"EntryPoint\",\"urlTemplate\":\"https:\/\/mamaglobalhealing.com\/?s={search_term_string}\"},\"query-input\":{\"@type\":\"PropertyValueSpecification\",\"valueRequired\":true,\"valueName\":\"search_term_string\"}}],\"inLanguage\":\"en-GB\"}]}<\/script>\n<!-- \/ Yoast SEO plugin. -->","yoast_head_json":{"title":"Strefy - Mama Global Healing","robots":{"index":"index","follow":"follow","max-snippet":"max-snippet:-1","max-image-preview":"max-image-preview:large","max-video-preview":"max-video-preview:-1"},"canonical":"https:\/\/mamaglobalhealing.com\/en\/srtrefy\/","og_locale":"en_GB","og_type":"article","og_title":"Strefy - Mama Global Healing","og_description":"PIONY PROGRAMOWESzukamy nowych paradygmat\u00f3w budowania relacji - w r\u00f3\u017cnej skali. Renegocjujemy uk\u0142ady \u0142\u0105cz\u0105ce cz\u0142onk\u00f3w rodziny i wi\u0119kszej spo\u0142eczno\u015bci. Przygl\u0105damy si\u0119 edukacji. Ogl\u0105damy pomys\u0142y na ekowioski i eksperymentalne spo\u0142eczno\u015bci. Jaki kszta\u0142t \u015bwiata chcemy wspiera\u0107 na co dzie\u0144? Jakie mamy warto\u015bci i priorytety? Nasz \u015bwiat to nasze relacje! Nasz \u015bwiat to nasze wybory.Wszyscy pochodzimy z \u0142ona kobiety. [&hellip;]","og_url":"https:\/\/mamaglobalhealing.com\/en\/srtrefy\/","og_site_name":"Mama Global Healing","article_modified_time":"2022-11-17T10:51:34+00:00","twitter_card":"summary_large_image","twitter_misc":{"Estimated reading time":"8 minutes"},"schema":{"@context":"https:\/\/schema.org","@graph":[{"@type":"WebPage","@id":"https:\/\/mamaglobalhealing.com\/srtrefy\/","url":"https:\/\/mamaglobalhealing.com\/srtrefy\/","name":"Strefy - Mama Global Healing","isPartOf":{"@id":"https:\/\/mamaglobalhealing.com\/#website"},"datePublished":"2022-03-18T09:28:28+00:00","dateModified":"2022-11-17T10:51:34+00:00","breadcrumb":{"@id":"https:\/\/mamaglobalhealing.com\/srtrefy\/#breadcrumb"},"inLanguage":"en-GB","potentialAction":[{"@type":"ReadAction","target":["https:\/\/mamaglobalhealing.com\/srtrefy\/"]}]},{"@type":"BreadcrumbList","@id":"https:\/\/mamaglobalhealing.com\/srtrefy\/#breadcrumb","itemListElement":[{"@type":"ListItem","position":1,"name":"Strona g\u0142\u00f3wna","item":"https:\/\/mamaglobalhealing.com\/"},{"@type":"ListItem","position":2,"name":"Strefy"}]},{"@type":"WebSite","@id":"https:\/\/mamaglobalhealing.com\/#website","url":"https:\/\/mamaglobalhealing.com\/","name":"Mama Global Healing","description":"Kolejna witryna WordPress","potentialAction":[{"@type":"SearchAction","target":{"@type":"EntryPoint","urlTemplate":"https:\/\/mamaglobalhealing.com\/?s={search_term_string}"},"query-input":{"@type":"PropertyValueSpecification","valueRequired":true,"valueName":"search_term_string"}}],"inLanguage":"en-GB"}]}},"_links":{"self":[{"href":"https:\/\/mamaglobalhealing.com\/en\/wp-json\/wp\/v2\/pages\/892","targetHints":{"allow":["GET"]}}],"collection":[{"href":"https:\/\/mamaglobalhealing.com\/en\/wp-json\/wp\/v2\/pages"}],"about":[{"href":"https:\/\/mamaglobalhealing.com\/en\/wp-json\/wp\/v2\/types\/page"}],"author":[{"embeddable":true,"href":"https:\/\/mamaglobalhealing.com\/en\/wp-json\/wp\/v2\/users\/1"}],"replies":[{"embeddable":true,"href":"https:\/\/mamaglobalhealing.com\/en\/wp-json\/wp\/v2\/comments?post=892"}],"version-history":[{"count":20,"href":"https:\/\/mamaglobalhealing.com\/en\/wp-json\/wp\/v2\/pages\/892\/revisions"}],"predecessor-version":[{"id":5211,"href":"https:\/\/mamaglobalhealing.com\/en\/wp-json\/wp\/v2\/pages\/892\/revisions\/5211"}],"wp:attachment":[{"href":"https:\/\/mamaglobalhealing.com\/en\/wp-json\/wp\/v2\/media?parent=892"}],"curies":[{"name":"wp","href":"https:\/\/api.w.org\/{rel}","templated":true}]}}