{"id":901,"date":"2022-03-18T09:44:46","date_gmt":"2022-03-18T09:44:46","guid":{"rendered":"https:\/\/mamaglobalhealing.com\/?page_id=901"},"modified":"2024-07-29T12:02:13","modified_gmt":"2024-07-29T12:02:13","slug":"o-mamie","status":"publish","type":"page","link":"https:\/\/mamaglobalhealing.com\/en\/o-mamie\/","title":{"rendered":"ABOUT MAMA"},"content":{"rendered":"<p>[et_pb_section fb_built=&#8221;1&#8243; custom_padding_last_edited=&#8221;on|phone&#8221; _builder_version=&#8221;4.16&#8243; _module_preset=&#8221;default&#8221; background_image=&#8221;https:\/\/mamaglobalhealing.com\/wp-content\/uploads\/2022\/03\/tlo_o_mamie-scaled.jpg&#8221; background_position=&#8221;top_center&#8221; custom_padding=&#8221;200px||150px||false|false&#8221; custom_padding_tablet=&#8221;||150px||false|false&#8221; custom_padding_phone=&#8221;150px||150px||false|false&#8221; da_disable_devices=&#8221;off|off|off&#8221; global_colors_info=&#8221;{}&#8221; da_is_popup=&#8221;off&#8221; da_exit_intent=&#8221;off&#8221; da_has_close=&#8221;on&#8221; da_alt_close=&#8221;off&#8221; da_dark_close=&#8221;off&#8221; da_not_modal=&#8221;on&#8221; da_is_singular=&#8221;off&#8221; da_with_loader=&#8221;off&#8221; da_has_shadow=&#8221;on&#8221;][et_pb_row _builder_version=&#8221;4.16&#8243; _module_preset=&#8221;default&#8221; global_colors_info=&#8221;{}&#8221;][et_pb_column type=&#8221;4_4&#8243; _builder_version=&#8221;4.16&#8243; _module_preset=&#8221;default&#8221; global_colors_info=&#8221;{}&#8221;][et_pb_text _builder_version=&#8221;4.16&#8243; _module_preset=&#8221;default&#8221; header_2_font=&#8221;Mirza Regular|700|||||||&#8221; header_2_font_size=&#8221;55px&#8221; custom_margin=&#8221;||0px||false|false&#8221; global_colors_info=&#8221;{}&#8221;]<\/p>\n<h2 style=\"text-align: center;\">MAMA GLOBAL HEALING<\/h2>\n<p>[\/et_pb_text][et_pb_text _builder_version=&#8221;4.19.4&#8243; _module_preset=&#8221;default&#8221; header_2_font=&#8221;Mirza Regular|700|||||||&#8221; header_2_font_size=&#8221;55px&#8221; header_3_font=&#8221;Mirza Regular|600|||||||&#8221; header_3_font_size=&#8221;40px&#8221; background_color=&#8221;RGBA(255,255,255,0)&#8221; global_colors_info=&#8221;{}&#8221;]<\/p>\n<h3 style=\"text-align: center;\">EXPERIENCE &amp; COMMUNITY<\/h3>\n<p>[\/et_pb_text][et_pb_text _builder_version=&#8221;4.19.4&#8243; _module_preset=&#8221;default&#8221; text_font=&#8221;Mirza Regular||||||||&#8221; text_font_size=&#8221;22px&#8221; global_colors_info=&#8221;{}&#8221;]<\/p>\n<p style=\"text-align: center;\">MAMA to&nbsp;platforma \/ inicjatywa za\u0142o\u017cona przez&nbsp;Mart\u0119 Stoces w&nbsp;2018 roku promuj\u0105ca podnoszenie \u015bwiadomo\u015bci, mi\u0142o\u015b\u0107, pok\u00f3j i&nbsp;harmoni\u0119 z&nbsp;natur\u0105 \u2013 healing ca\u0142ego systemu, i&nbsp;przywracanie r\u00f3wnowagi m\u0119skiej i&nbsp;\u017ce\u0144skiej energii. Negocjuj\u0105c z&nbsp;formu\u0142\u0105 plenerowego wydarzenia\/festiwalu jest pr\u00f3b\u0105 stworzenia kompleksowego holistycznego \u015brodowiska sprzyjaj\u0105cego samorozwojowi i&nbsp;zasileniu. Dzia\u0142a troch\u0119 jak autonomiczna strefa tymczasowa, bezkompromisowo i&nbsp;eklektycznie \u0142\u0105cz\u0105c tematy tabboo, w\u0105tki paraterapeutczne, coachingowe, duchowe, artystyczne, ezoteryczne, parentingowe, ekologiczne i&nbsp;wellnessowe \u2013 wg&nbsp;intuicyjnej koncepcji i&nbsp;wyczucia tego, co&nbsp;w&nbsp;kolektywnym polu najbardziej \u017cywe. Poza wydarzeniem fizycznym jest kana\u0142em nadawania (Ig \/ blog) i&nbsp;sieci\u0105 os\u00f3b o&nbsp;podobnej wra\u017cliwo\u015bci i&nbsp;podej\u015bciu do&nbsp;\u015bwiata. MAMA \u0142\u0105czy wspieraj\u0105cych specjalist\u00f3w i&nbsp;specjalistki z&nbsp;poszukuj\u0105cymi i&nbsp;ze&nbsp;sob\u0105 nawzajem.<\/p>\n<p>[\/et_pb_text][\/et_pb_column][\/et_pb_row][et_pb_row column_structure=&#8221;1_2,1_2&#8243; module_id=&#8221;mama-idea&#8221; _builder_version=&#8221;4.16&#8243; _module_preset=&#8221;default&#8221; max_width=&#8221;1400px&#8221; custom_padding=&#8221;50px||||false|false&#8221; global_colors_info=&#8221;{}&#8221;][et_pb_column type=&#8221;1_2&#8243; _builder_version=&#8221;4.16&#8243; _module_preset=&#8221;default&#8221; z_index=&#8221;999&#8243; global_colors_info=&#8221;{}&#8221;][et_pb_image src=&#8221;https:\/\/mamaglobalhealing.com\/wp-content\/uploads\/2022\/02\/MAMA-GLOBAL-HEALING_net_ikony_46.png&#8221; title_text=&#8221;MAMA GLOBAL HEALING_net_ikony_46&#8243; align=&#8221;center&#8221; disabled_on=&#8221;on|on|off&#8221; _builder_version=&#8221;4.16&#8243; _module_preset=&#8221;default&#8221; transform_scale=&#8221;130%|130%&#8221; transform_translate=&#8221;40px|0px&#8221; transform_translate_linked=&#8221;off&#8221; z_index=&#8221;999&#8243; width_last_edited=&#8221;off|desktop&#8221; module_alignment=&#8221;center&#8221; custom_margin=&#8221;60px||||false|false&#8221; global_colors_info=&#8221;{}&#8221;][\/et_pb_image][et_pb_image src=&#8221;https:\/\/mamaglobalhealing.com\/wp-content\/uploads\/2023\/01\/MAMA-GLOBAL-HEALING_FB_post_2.png&#8221; title_text=&#8221;MAMA GLOBAL HEALING_FB_post_2&#8243; _builder_version=&#8221;4.19.4&#8243; _module_preset=&#8221;default&#8221; transform_scale=&#8221;99%|99%&#8221; custom_margin=&#8221;100px||||false|false&#8221; global_colors_info=&#8221;{}&#8221;][\/et_pb_image][\/et_pb_column][et_pb_column type=&#8221;1_2&#8243; _builder_version=&#8221;4.16&#8243; _module_preset=&#8221;default&#8221; global_colors_info=&#8221;{}&#8221;][et_pb_text admin_label=&#8221;MAMA IDEA&#8221; module_class=&#8221;omamie-h&#8221; _builder_version=&#8221;4.16&#8243; _module_preset=&#8221;default&#8221; header_font=&#8221;Mirza Regular|700|||||||&#8221; header_text_color=&#8221;#27292d&#8221; header_font_size=&#8221;65px&#8221; header_line_height=&#8221;65px&#8221; header_2_font=&#8221;Mirza Regular|700|||||||&#8221; header_2_font_size=&#8221;55px&#8221; header_2_line_height=&#8221;55px&#8221; custom_margin=&#8221;||10px||false|false&#8221; header_font_size_tablet=&#8221;75px&#8221; header_font_size_phone=&#8221;55px&#8221; header_font_size_last_edited=&#8221;on|phone&#8221; header_line_height_tablet=&#8221;75px&#8221; header_line_height_phone=&#8221;60px&#8221; header_line_height_last_edited=&#8221;on|phone&#8221; global_colors_info=&#8221;{}&#8221;]<\/p>\n<h2 style=\"text-align: center;\">MAMA IDEA<\/h2>\n<p>[\/et_pb_text][et_pb_text _builder_version=&#8221;4.16&#8243; _module_preset=&#8221;default&#8221; text_font=&#8221;Mirza Regular||||||||&#8221; text_font_size=&#8221;22px&#8221; text_line_height=&#8221;26px&#8221; header_3_font=&#8221;Mirza Regular|700|||||||&#8221; header_3_text_color=&#8221;#245c85&#8243; header_3_line_height=&#8221;28px&#8221; header_4_font=&#8221;Mirza Regular|700|||||||&#8221; header_4_text_color=&#8221;#284929&#8243; header_4_font_size=&#8221;22px&#8221; header_4_line_height=&#8221;28px&#8221; background_color=&#8221;#e5d6ba&#8221; custom_padding=&#8221;40px|40px|40px|40px|true|true&#8221; custom_padding_tablet=&#8221;40px|40px|40px|40px|true|true&#8221; custom_padding_phone=&#8221;|10px||10px|true|true&#8221; custom_padding_last_edited=&#8221;on|phone&#8221; border_radii=&#8221;on|10px|10px|10px|10px&#8221; global_colors_info=&#8221;{}&#8221;]<\/p>\n<h3 style=\"text-align: center;\">WORLD NEEDS MORE HEALERS &amp; HEALING<\/h3>\n<p style=\"text-align: center;\">Uzdrawiamy &#8211; transformujemy &#8211; szukamy nowych rozwi\u0105za\u0144. Chcemy lepszej przysz\u0142o\u015bci i&nbsp;marzymy o&nbsp;spo\u0142eczno\u015bci \u015bwiadomej i&nbsp;pokojowo nastawionej do&nbsp;otoczenia i&nbsp;siebie nawzajem. Widzimy co&nbsp;posz\u0142o nie&nbsp;tak\u2026i chcemy pisa\u0107 nowe narracje!<\/p>\n<h4 style=\"text-align: center;\">OLD WAYS WON\u2019T OPEN NEW DOORS!<\/h4>\n<p style=\"text-align: center;\">Wyrastaj\u0105c z&nbsp;konceptu holistycznego festiwalu dedykowanego kobietom &#8211; MAMA Gathering, MAMA ewoluuje w&nbsp;stron\u0119 wspierania harmonii, edukacji i&nbsp;tworzenia \u015brodowiska sprzyjaj\u0105cego rozwojowi &#8211; dla wszystkich. Selekcja go\u015bci programu oraz&nbsp;pula propozycji zaj\u0119\u0107 splata si\u0119 w&nbsp;patchwork wspieraj\u0105cy uczestnik\u00f3w w&nbsp;si\u0119ganie po&nbsp;to, co&nbsp;jest im&nbsp;potrzebne \u017ceby&nbsp;stawa\u0107 si\u0119 lepsz\u0105 wersj\u0105 siebie &#8211; zasilenie, wiedz\u0119, narz\u0119dzia, metody, inspiracj\u0119, praktyk\u0119 i&nbsp;wsparcie grupy.<\/p>\n<p>[\/et_pb_text][et_pb_text admin_label=&#8221;CZYM SI\u0118 ZAJMUJEMY?&#8221; module_class=&#8221;omamie-h&#8221; _builder_version=&#8221;4.25.2&#8243; _module_preset=&#8221;default&#8221; header_font=&#8221;Mirza Regular|700|||||||&#8221; header_text_color=&#8221;#27292d&#8221; header_font_size=&#8221;55px&#8221; header_line_height=&#8221;55px&#8221; header_2_font=&#8221;Mirza Regular|700|||||||&#8221; header_2_font_size=&#8221;53px&#8221; header_2_line_height=&#8221;53px&#8221; custom_margin=&#8221;60px||10px||false|false&#8221; hover_enabled=&#8221;0&#8243; header_font_size_tablet=&#8221;75px&#8221; header_font_size_phone=&#8221;55px&#8221; header_font_size_last_edited=&#8221;on|phone&#8221; header_line_height_tablet=&#8221;75px&#8221; header_line_height_phone=&#8221;60px&#8221; header_line_height_last_edited=&#8221;on|phone&#8221; global_colors_info=&#8221;{}&#8221; sticky_enabled=&#8221;0&#8243;]<\/p>\n<h1 style=\"text-align: center;\">MAMA HOLISTIC FESTIVAL<\/h1>\n<p>[\/et_pb_text][et_pb_text _builder_version=&#8221;4.16&#8243; _module_preset=&#8221;default&#8221; text_font=&#8221;Mirza Regular||||||||&#8221; text_font_size=&#8221;22px&#8221; text_line_height=&#8221;26px&#8221; header_3_font=&#8221;Mirza Regular|700|||||||&#8221; header_3_text_color=&#8221;#245c85&#8243; header_3_font_size=&#8221;24px&#8221; header_3_line_height=&#8221;32px&#8221; header_4_font=&#8221;Mirza Regular|700|||||||&#8221; header_4_text_color=&#8221;#284929&#8243; header_4_font_size=&#8221;24px&#8221; header_4_line_height=&#8221;32px&#8221; background_color=&#8221;#e5d6ba&#8221; custom_padding=&#8221;40px|40px|40px|40px|true|true&#8221; custom_padding_tablet=&#8221;40px|40px|40px|40px|true|true&#8221; custom_padding_phone=&#8221;40px|10px|40px|10px|true|true&#8221; custom_padding_last_edited=&#8221;on|phone&#8221; border_radii=&#8221;on|10px|10px|10px|10px&#8221; global_colors_info=&#8221;{}&#8221;]<\/p>\n<p style=\"text-align: center;\">trauma healing : wellness : therapeutic bodywork : holistic health : natural therapy : sexuality : dance : movement medicine : relationships : emotions : archetypes : urban magic : herbs : healing crystals : ancestors work : inner man &amp; inner woman : sisterhood &amp; brotherhood : rainbow mama : parenting : ecology : raw diet : plant medicine : red &amp; white tent : positive &amp; orgasmic birth :motherhood : death &amp; loss : shadow work : community building : alternative education : astrology : esoteric : art &amp; music<\/p>\n<p>[\/et_pb_text][\/et_pb_column][\/et_pb_row][et_pb_row column_structure=&#8221;1_2,1_2&#8243; _builder_version=&#8221;4.16&#8243; _module_preset=&#8221;default&#8221; max_width=&#8221;1400px&#8221; global_colors_info=&#8221;{}&#8221;][et_pb_column type=&#8221;1_2&#8243; _builder_version=&#8221;4.16&#8243; _module_preset=&#8221;default&#8221; global_colors_info=&#8221;{}&#8221;][et_pb_text admin_label=&#8221;WHAT WE\u00a0DO&#8221; module_class=&#8221;omamie-h&#8221; _builder_version=&#8221;4.16&#8243; _module_preset=&#8221;default&#8221; header_font=&#8221;Mirza Regular|700|||||||&#8221; header_text_color=&#8221;#27292d&#8221; header_font_size=&#8221;50px&#8221; header_line_height=&#8221;55px&#8221; custom_margin=&#8221;||10px||false|false&#8221; header_font_size_tablet=&#8221;75px&#8221; header_font_size_phone=&#8221;55px&#8221; header_font_size_last_edited=&#8221;on|phone&#8221; header_line_height_tablet=&#8221;75px&#8221; header_line_height_phone=&#8221;60px&#8221; header_line_height_last_edited=&#8221;on|phone&#8221; global_colors_info=&#8221;{}&#8221;]<\/p>\n<h1 style=\"text-align: center;\">WHAT WE&nbsp;DO?<\/h1>\n<p>[\/et_pb_text][et_pb_text admin_label=&#8221;Festiwal i\u00a0eventy&#8221; _builder_version=&#8221;4.25.2&#8243; _module_preset=&#8221;default&#8221; text_font=&#8221;Mirza Regular||||||||&#8221; text_font_size=&#8221;22px&#8221; text_line_height=&#8221;26px&#8221; background_color=&#8221;#e5d6ba&#8221; custom_padding=&#8221;30px|20px|30px|20px|true|true&#8221; hover_enabled=&#8221;0&#8243; border_radii=&#8221;on|10px|10px|10px|10px&#8221; global_colors_info=&#8221;{}&#8221; sticky_enabled=&#8221;0&#8243;]<\/p>\n<p style=\"text-align: center;\">lectures, meetings, workshops, processes, circles<br \/>ceremonie i\u00a0rytua\u0142y sesje indywidualne<br \/>healing zone &amp; forest spa<br \/>le\u015bne przedszkole i\u00a0le\u015bna szk\u00f3\u0142ka dla dzieci<br \/>veggie &amp; vegan food<br \/>MAMA Community market<br \/>MAMAs\u2019 BRAND Selection<br \/>SHOWCASE &amp; more to\u00a0come!<\/p>\n<p>[\/et_pb_text][\/et_pb_column][et_pb_column type=&#8221;1_2&#8243; _builder_version=&#8221;4.16&#8243; _module_preset=&#8221;default&#8221; global_colors_info=&#8221;{}&#8221;][et_pb_image src=&#8221;https:\/\/mamaglobalhealing.com\/wp-content\/uploads\/2022\/03\/MAMA-GLOBAL-HEALING_net_ikony_44.png&#8221; title_text=&#8221;MAMA GLOBAL HEALING_net_ikony_44&#8243; align=&#8221;center&#8221; _builder_version=&#8221;4.16&#8243; _module_preset=&#8221;default&#8221; width=&#8221;65%&#8221; module_alignment=&#8221;center&#8221; custom_margin=&#8221;40px||||false|false&#8221; global_colors_info=&#8221;{}&#8221;][\/et_pb_image][\/et_pb_column][\/et_pb_row][et_pb_row column_structure=&#8221;1_3,1_3,1_3&#8243; use_custom_gutter=&#8221;on&#8221; gutter_width=&#8221;2&#8243; _builder_version=&#8221;4.16&#8243; _module_preset=&#8221;default&#8221; global_colors_info=&#8221;{}&#8221;][et_pb_column type=&#8221;1_3&#8243; _builder_version=&#8221;4.16&#8243; _module_preset=&#8221;default&#8221; global_colors_info=&#8221;{}&#8221;][et_pb_image src=&#8221;https:\/\/mamaglobalhealing.com\/wp-content\/uploads\/2022\/04\/Mama-G-263-1-z-1.jpg&#8221; title_text=&#8221;Mama G 263 (1 z\u00a01)&#8221; show_in_lightbox=&#8221;on&#8221; _builder_version=&#8221;4.16&#8243; _module_preset=&#8221;default&#8221; border_radii=&#8221;on|10px|10px|10px|10px&#8221; global_colors_info=&#8221;{}&#8221;][\/et_pb_image][et_pb_image src=&#8221;https:\/\/mamaglobalhealing.com\/wp-content\/uploads\/2022\/04\/Mama-G-263-1-z-1-1.jpg&#8221; title_text=&#8221;Mama G 263 (1 z\u00a01)-1&#8243; show_in_lightbox=&#8221;on&#8221; _builder_version=&#8221;4.16&#8243; _module_preset=&#8221;default&#8221; border_radii=&#8221;on|10px|10px|10px|10px&#8221; global_colors_info=&#8221;{}&#8221;][\/et_pb_image][et_pb_image src=&#8221;https:\/\/mamaglobalhealing.com\/wp-content\/uploads\/2022\/04\/Mama-G-263-1-z-1-2.jpg&#8221; title_text=&#8221;Mama G 263 (1 z\u00a01)-2&#8243; show_in_lightbox=&#8221;on&#8221; _builder_version=&#8221;4.16&#8243; _module_preset=&#8221;default&#8221; border_radii=&#8221;on|10px|10px|10px|10px&#8221; global_colors_info=&#8221;{}&#8221;][\/et_pb_image][et_pb_image src=&#8221;https:\/\/mamaglobalhealing.com\/wp-content\/uploads\/2022\/04\/Mama-G-263-1-z-1-3.jpg&#8221; title_text=&#8221;Mama G 263 (1 z\u00a01)-3&#8243; show_in_lightbox=&#8221;on&#8221; _builder_version=&#8221;4.16&#8243; _module_preset=&#8221;default&#8221; border_radii=&#8221;on|10px|10px|10px|10px&#8221; global_colors_info=&#8221;{}&#8221;][\/et_pb_image][\/et_pb_column][et_pb_column type=&#8221;1_3&#8243; _builder_version=&#8221;4.16&#8243; _module_preset=&#8221;default&#8221; global_colors_info=&#8221;{}&#8221;][et_pb_image src=&#8221;https:\/\/mamaglobalhealing.com\/wp-content\/uploads\/2022\/04\/Mama-G-179-1-z-1.jpg&#8221; title_text=&#8221;Mama G 179 (1 z\u00a01)&#8221; show_in_lightbox=&#8221;on&#8221; _builder_version=&#8221;4.16&#8243; _module_preset=&#8221;default&#8221; border_radii=&#8221;on|10px|10px|10px|10px&#8221; global_colors_info=&#8221;{}&#8221;][\/et_pb_image][et_pb_image src=&#8221;https:\/\/mamaglobalhealing.com\/wp-content\/uploads\/2022\/04\/Mama-G-179-1-z-1-2.jpg&#8221; title_text=&#8221;Mama G 179 (1 z\u00a01)-2&#8243; show_in_lightbox=&#8221;on&#8221; _builder_version=&#8221;4.16&#8243; _module_preset=&#8221;default&#8221; border_radii=&#8221;on|10px|10px|10px|10px&#8221; global_colors_info=&#8221;{}&#8221;][\/et_pb_image][et_pb_image src=&#8221;https:\/\/mamaglobalhealing.com\/wp-content\/uploads\/2022\/04\/Mama-G-179-1-z-1-1.jpg&#8221; title_text=&#8221;Mama G 179 (1 z\u00a01)-1&#8243; show_in_lightbox=&#8221;on&#8221; _builder_version=&#8221;4.16&#8243; _module_preset=&#8221;default&#8221; border_radii=&#8221;on|10px|10px|10px|10px&#8221; global_colors_info=&#8221;{}&#8221;][\/et_pb_image][et_pb_image src=&#8221;https:\/\/mamaglobalhealing.com\/wp-content\/uploads\/2022\/04\/Mama-G-179-1-z-1-3.jpg&#8221; title_text=&#8221;Mama G 179 (1 z\u00a01)-3&#8243; show_in_lightbox=&#8221;on&#8221; _builder_version=&#8221;4.16&#8243; _module_preset=&#8221;default&#8221; border_radii=&#8221;on|10px|10px|10px|10px&#8221; global_colors_info=&#8221;{}&#8221;][\/et_pb_image][\/et_pb_column][et_pb_column type=&#8221;1_3&#8243; _builder_version=&#8221;4.16&#8243; _module_preset=&#8221;default&#8221; global_colors_info=&#8221;{}&#8221;][et_pb_image src=&#8221;https:\/\/mamaglobalhealing.com\/wp-content\/uploads\/2022\/04\/Mama-G-142-1-z-1.jpg&#8221; title_text=&#8221;Mama G 142 (1 z\u00a01)&#8221; show_in_lightbox=&#8221;on&#8221; _builder_version=&#8221;4.16&#8243; _module_preset=&#8221;default&#8221; border_radii=&#8221;on|10px|10px|10px|10px&#8221; global_colors_info=&#8221;{}&#8221;][\/et_pb_image][et_pb_image src=&#8221;https:\/\/mamaglobalhealing.com\/wp-content\/uploads\/2022\/04\/Mama-G-142-1-z-1-1.jpg&#8221; title_text=&#8221;Mama G 142 (1 z\u00a01)-1&#8243; show_in_lightbox=&#8221;on&#8221; _builder_version=&#8221;4.16&#8243; _module_preset=&#8221;default&#8221; border_radii=&#8221;on|10px|10px|10px|10px&#8221; global_colors_info=&#8221;{}&#8221;][\/et_pb_image][et_pb_image src=&#8221;https:\/\/mamaglobalhealing.com\/wp-content\/uploads\/2022\/04\/Mama-G-142-1-z-1-2.jpg&#8221; title_text=&#8221;Mama G 142 (1 z\u00a01)-2&#8243; show_in_lightbox=&#8221;on&#8221; _builder_version=&#8221;4.16&#8243; _module_preset=&#8221;default&#8221; border_radii=&#8221;on|10px|10px|10px|10px&#8221; global_colors_info=&#8221;{}&#8221;][\/et_pb_image][et_pb_image src=&#8221;https:\/\/mamaglobalhealing.com\/wp-content\/uploads\/2022\/04\/Mama-G-142-1-z-1-3.jpg&#8221; title_text=&#8221;Mama G 142 (1 z\u00a01)-3&#8243; show_in_lightbox=&#8221;on&#8221; _builder_version=&#8221;4.16&#8243; _module_preset=&#8221;default&#8221; border_radii=&#8221;on|10px|10px|10px|10px&#8221; global_colors_info=&#8221;{}&#8221;][\/et_pb_image][\/et_pb_column][\/et_pb_row][\/et_pb_section]<\/p>","protected":false},"excerpt":{"rendered":"<p>MAMA GLOBAL HEALINGEXPERIENCE &amp; COMMUNITYMAMA to&nbsp;platforma \/ inicjatywa za\u0142o\u017cona przez&nbsp;Mart\u0119 Stoces w&nbsp;2018 roku promuj\u0105ca podnoszenie \u015bwiadomo\u015bci, mi\u0142o\u015b\u0107, pok\u00f3j i&nbsp;harmoni\u0119 z&nbsp;natur\u0105 \u2013 healing ca\u0142ego systemu, i&nbsp;przywracanie r\u00f3wnowagi m\u0119skiej i&nbsp;\u017ce\u0144skiej energii. Negocjuj\u0105c z&nbsp;formu\u0142\u0105 plenerowego wydarzenia\/festiwalu jest pr\u00f3b\u0105 stworzenia kompleksowego holistycznego \u015brodowiska sprzyjaj\u0105cego samorozwojowi i&nbsp;zasileniu. Dzia\u0142a troch\u0119 jak autonomiczna strefa tymczasowa, bezkompromisowo i&nbsp;eklektycznie \u0142\u0105cz\u0105c tematy tabboo, w\u0105tki paraterapeutczne, [&hellip;]<\/p>","protected":false},"author":1,"featured_media":0,"parent":0,"menu_order":0,"comment_status":"closed","ping_status":"closed","template":"","meta":{"_et_pb_use_builder":"on","_et_pb_old_content":"","_et_gb_content_width":"","footnotes":""},"class_list":["post-901","page","type-page","status-publish","hentry"],"yoast_head":"<!-- This site is optimized with the Yoast SEO plugin v25.1 - https:\/\/yoast.com\/wordpress\/plugins\/seo\/ -->\n<title>O MAMIE - Mama Global Healing<\/title>\n<meta name=\"robots\" content=\"index, follow, max-snippet:-1, max-image-preview:large, max-video-preview:-1\" \/>\n<link rel=\"canonical\" href=\"https:\/\/mamaglobalhealing.com\/en\/o-mamie\/\" \/>\n<meta property=\"og:locale\" content=\"en_GB\" \/>\n<meta property=\"og:type\" content=\"article\" \/>\n<meta property=\"og:title\" content=\"O MAMIE - Mama Global Healing\" \/>\n<meta property=\"og:description\" content=\"MAMA GLOBAL HEALINGEXPERIENCE &amp; COMMUNITYMAMA to&nbsp;platforma \/ inicjatywa za\u0142o\u017cona przez&nbsp;Mart\u0119 Stoces w&nbsp;2018 roku promuj\u0105ca podnoszenie \u015bwiadomo\u015bci, mi\u0142o\u015b\u0107, pok\u00f3j i&nbsp;harmoni\u0119 z&nbsp;natur\u0105 \u2013 healing ca\u0142ego systemu, i&nbsp;przywracanie r\u00f3wnowagi m\u0119skiej i&nbsp;\u017ce\u0144skiej energii. Negocjuj\u0105c z&nbsp;formu\u0142\u0105 plenerowego wydarzenia\/festiwalu jest pr\u00f3b\u0105 stworzenia kompleksowego holistycznego \u015brodowiska sprzyjaj\u0105cego samorozwojowi i&nbsp;zasileniu. Dzia\u0142a troch\u0119 jak autonomiczna strefa tymczasowa, bezkompromisowo i&nbsp;eklektycznie \u0142\u0105cz\u0105c tematy tabboo, w\u0105tki paraterapeutczne, [&hellip;]\" \/>\n<meta property=\"og:url\" content=\"https:\/\/mamaglobalhealing.com\/en\/o-mamie\/\" \/>\n<meta property=\"og:site_name\" content=\"Mama Global Healing\" \/>\n<meta property=\"article:modified_time\" content=\"2024-07-29T12:02:13+00:00\" \/>\n<meta name=\"twitter:card\" content=\"summary_large_image\" \/>\n<meta name=\"twitter:label1\" content=\"Estimated reading time\" \/>\n\t<meta name=\"twitter:data1\" content=\"5 minutes\" \/>\n<script type=\"application\/ld+json\" class=\"yoast-schema-graph\">{\"@context\":\"https:\/\/schema.org\",\"@graph\":[{\"@type\":\"WebPage\",\"@id\":\"https:\/\/mamaglobalhealing.com\/o-mamie\/\",\"url\":\"https:\/\/mamaglobalhealing.com\/o-mamie\/\",\"name\":\"O MAMIE - Mama Global Healing\",\"isPartOf\":{\"@id\":\"https:\/\/mamaglobalhealing.com\/#website\"},\"datePublished\":\"2022-03-18T09:44:46+00:00\",\"dateModified\":\"2024-07-29T12:02:13+00:00\",\"breadcrumb\":{\"@id\":\"https:\/\/mamaglobalhealing.com\/o-mamie\/#breadcrumb\"},\"inLanguage\":\"en-GB\",\"potentialAction\":[{\"@type\":\"ReadAction\",\"target\":[\"https:\/\/mamaglobalhealing.com\/o-mamie\/\"]}]},{\"@type\":\"BreadcrumbList\",\"@id\":\"https:\/\/mamaglobalhealing.com\/o-mamie\/#breadcrumb\",\"itemListElement\":[{\"@type\":\"ListItem\",\"position\":1,\"name\":\"Strona g\u0142\u00f3wna\",\"item\":\"https:\/\/mamaglobalhealing.com\/\"},{\"@type\":\"ListItem\",\"position\":2,\"name\":\"O MAMIE\"}]},{\"@type\":\"WebSite\",\"@id\":\"https:\/\/mamaglobalhealing.com\/#website\",\"url\":\"https:\/\/mamaglobalhealing.com\/\",\"name\":\"Mama Global Healing\",\"description\":\"Kolejna witryna WordPress\",\"potentialAction\":[{\"@type\":\"SearchAction\",\"target\":{\"@type\":\"EntryPoint\",\"urlTemplate\":\"https:\/\/mamaglobalhealing.com\/?s={search_term_string}\"},\"query-input\":{\"@type\":\"PropertyValueSpecification\",\"valueRequired\":true,\"valueName\":\"search_term_string\"}}],\"inLanguage\":\"en-GB\"}]}<\/script>\n<!-- \/ Yoast SEO plugin. -->","yoast_head_json":{"title":"O MAMIE - Mama Global Healing","robots":{"index":"index","follow":"follow","max-snippet":"max-snippet:-1","max-image-preview":"max-image-preview:large","max-video-preview":"max-video-preview:-1"},"canonical":"https:\/\/mamaglobalhealing.com\/en\/o-mamie\/","og_locale":"en_GB","og_type":"article","og_title":"O MAMIE - Mama Global Healing","og_description":"MAMA GLOBAL HEALINGEXPERIENCE &amp; COMMUNITYMAMA to&nbsp;platforma \/ inicjatywa za\u0142o\u017cona przez&nbsp;Mart\u0119 Stoces w&nbsp;2018 roku promuj\u0105ca podnoszenie \u015bwiadomo\u015bci, mi\u0142o\u015b\u0107, pok\u00f3j i&nbsp;harmoni\u0119 z&nbsp;natur\u0105 \u2013 healing ca\u0142ego systemu, i&nbsp;przywracanie r\u00f3wnowagi m\u0119skiej i&nbsp;\u017ce\u0144skiej energii. Negocjuj\u0105c z&nbsp;formu\u0142\u0105 plenerowego wydarzenia\/festiwalu jest pr\u00f3b\u0105 stworzenia kompleksowego holistycznego \u015brodowiska sprzyjaj\u0105cego samorozwojowi i&nbsp;zasileniu. Dzia\u0142a troch\u0119 jak autonomiczna strefa tymczasowa, bezkompromisowo i&nbsp;eklektycznie \u0142\u0105cz\u0105c tematy tabboo, w\u0105tki paraterapeutczne, [&hellip;]","og_url":"https:\/\/mamaglobalhealing.com\/en\/o-mamie\/","og_site_name":"Mama Global Healing","article_modified_time":"2024-07-29T12:02:13+00:00","twitter_card":"summary_large_image","twitter_misc":{"Estimated reading time":"5 minutes"},"schema":{"@context":"https:\/\/schema.org","@graph":[{"@type":"WebPage","@id":"https:\/\/mamaglobalhealing.com\/o-mamie\/","url":"https:\/\/mamaglobalhealing.com\/o-mamie\/","name":"O MAMIE - Mama Global Healing","isPartOf":{"@id":"https:\/\/mamaglobalhealing.com\/#website"},"datePublished":"2022-03-18T09:44:46+00:00","dateModified":"2024-07-29T12:02:13+00:00","breadcrumb":{"@id":"https:\/\/mamaglobalhealing.com\/o-mamie\/#breadcrumb"},"inLanguage":"en-GB","potentialAction":[{"@type":"ReadAction","target":["https:\/\/mamaglobalhealing.com\/o-mamie\/"]}]},{"@type":"BreadcrumbList","@id":"https:\/\/mamaglobalhealing.com\/o-mamie\/#breadcrumb","itemListElement":[{"@type":"ListItem","position":1,"name":"Strona g\u0142\u00f3wna","item":"https:\/\/mamaglobalhealing.com\/"},{"@type":"ListItem","position":2,"name":"O MAMIE"}]},{"@type":"WebSite","@id":"https:\/\/mamaglobalhealing.com\/#website","url":"https:\/\/mamaglobalhealing.com\/","name":"Mama Global Healing","description":"Kolejna witryna WordPress","potentialAction":[{"@type":"SearchAction","target":{"@type":"EntryPoint","urlTemplate":"https:\/\/mamaglobalhealing.com\/?s={search_term_string}"},"query-input":{"@type":"PropertyValueSpecification","valueRequired":true,"valueName":"search_term_string"}}],"inLanguage":"en-GB"}]}},"_links":{"self":[{"href":"https:\/\/mamaglobalhealing.com\/en\/wp-json\/wp\/v2\/pages\/901","targetHints":{"allow":["GET"]}}],"collection":[{"href":"https:\/\/mamaglobalhealing.com\/en\/wp-json\/wp\/v2\/pages"}],"about":[{"href":"https:\/\/mamaglobalhealing.com\/en\/wp-json\/wp\/v2\/types\/page"}],"author":[{"embeddable":true,"href":"https:\/\/mamaglobalhealing.com\/en\/wp-json\/wp\/v2\/users\/1"}],"replies":[{"embeddable":true,"href":"https:\/\/mamaglobalhealing.com\/en\/wp-json\/wp\/v2\/comments?post=901"}],"version-history":[{"count":21,"href":"https:\/\/mamaglobalhealing.com\/en\/wp-json\/wp\/v2\/pages\/901\/revisions"}],"predecessor-version":[{"id":6277,"href":"https:\/\/mamaglobalhealing.com\/en\/wp-json\/wp\/v2\/pages\/901\/revisions\/6277"}],"wp:attachment":[{"href":"https:\/\/mamaglobalhealing.com\/en\/wp-json\/wp\/v2\/media?parent=901"}],"curies":[{"name":"wp","href":"https:\/\/api.w.org\/{rel}","templated":true}]}}