{"id":2149,"date":"2022-04-13T10:38:16","date_gmt":"2022-04-13T10:38:16","guid":{"rendered":"https:\/\/mamaglobalhealing.com\/?post_type=product&#038;p=2149"},"modified":"2022-11-17T11:08:59","modified_gmt":"2022-11-17T11:08:59","slug":"w-rytmie-sabatu-warsztat-improwizowany","status":"publish","type":"product","link":"https:\/\/mamaglobalhealing.com\/en\/product\/w-rytmie-sabatu-warsztat-improwizowany\/","title":{"rendered":"W rytmie sabatu &#8211; warsztat improwizowany | Sabat Kobiet"},"content":{"rendered":"","protected":false},"excerpt":{"rendered":"<p><span style=\"font-weight: 400;\">We invite you to play and sing together, to try what SABAT is, in the version of microdosing ;) At the festival we want to share with you what we love to do on the Sabbath: musical improvisation, experimenting with voice and sound, connecting with the group with songs and instruments to feel the power of collective expression! We immerse ourselves in the body, open our throats to the free flow of sounds and give ourselves to the celebration! To be able to improvise, we have to settle in the body, move into each other, adjust to a common frequency. Bring your instruments and do not hesitate to use your voice :) Fly with us and discover the power of group improvisation.<\/span><\/p>\n<p><b>Prowadz\u0105ce:<\/b><span style=\"font-weight: 400;\"> Sabat Kobiet<\/span><\/p>\n<p><b>Czas trwania:<\/b><span style=\"font-weight: 400;\"> 3h<\/span><\/p>\n<p><b>Data i godzina:<\/b> pi\u0105tek 14:30 &#8211; 17:30<\/p>\n<p><b>Miejsce:<\/b> <a href=\"https:\/\/mamaglobalhealing.com\/en\/mama-line-up\/jurta\/\">Forest Hub | JURTA<\/a><\/p>\n<p><b>Liczba os\u00f3b:<\/b><span style=\"font-weight: 400;\"> 30 os\u00f3b<\/span><\/p>\n<p><b>Dla Kogo: <\/b>Kobiety<\/p>\n<p><b>Bobasy:<\/b><span style=\"font-weight: 400;\">\u00a0nie <\/span><\/p>\n<p><b>Cena: <\/b>33z\u0142<\/p>","protected":false},"featured_media":2150,"template":"","meta":{"_et_pb_use_builder":"","_et_pb_old_content":"","_et_gb_content_width":""},"product_brand":[],"product_cat":[15,34,41],"product_tag":[],"class_list":{"0":"post-2149","1":"product","2":"type-product","3":"status-publish","4":"has-post-thumbnail","6":"product_cat-bez-kategorii","7":"product_cat-mama-work","8":"product_cat-piatek","10":"first","11":"instock","12":"taxable","13":"shipping-taxable","14":"product-type-simple"},"yoast_head":"<!-- This site is optimized with the Yoast SEO plugin v25.1 - https:\/\/yoast.com\/wordpress\/plugins\/seo\/ -->\n<title>W rytmie sabatu - warsztat improwizowany | Sabat Kobiet - Mama Global Healing<\/title>\n<meta name=\"description\" content=\"Zapraszamy Ci\u0119 na wsp\u00f3lne granie i \u015bpiewanie, skosztowanie czym jest SABAT w wersji microdosingu ;)\" \/>\n<meta name=\"robots\" content=\"index, follow, max-snippet:-1, max-image-preview:large, max-video-preview:-1\" \/>\n<link rel=\"canonical\" href=\"https:\/\/mamaglobalhealing.com\/en\/product\/w-rytmie-sabatu-warsztat-improwizowany\/\" \/>\n<meta property=\"og:locale\" content=\"en_GB\" \/>\n<meta property=\"og:type\" content=\"article\" \/>\n<meta property=\"og:title\" content=\"W rytmie sabatu - warsztat improwizowany | Sabat Kobiet\" \/>\n<meta property=\"og:description\" content=\"Zapraszamy Ci\u0119 na wsp\u00f3lne granie i \u015bpiewanie, skosztowanie czym jest SABAT w wersji microdosingu ;) Na festiwalu chcemy podzieli\u0107 si\u0119 z Tob\u0105 tym co najbardziej lubimy robi\u0107 na Sabatach, czyli muzyczn\u0105 improwizacj\u0105, eksperymentowanie z g\u0142osem i d\u017awi\u0119kiem, po\u0142\u0105czenie z grup\u0105 za pomoc\u0105 pie\u015bni i gry na instrumentach, aby poczu\u0107 mocy jak\u0105 daje wsp\u00f3lna ekspresja! Zanurkujemy w cia\u0142o, otworzymy gard\u0142o na swobodny przep\u0142yw d\u017awi\u0119k\u00f3w i oddamy si\u0119 celebracji! \u017beby pop\u0142yn\u0105\u0107 w improwizacji potrzebujemy osadzi\u0107 si\u0119 w ciele, wczu\u0107 si\u0119 w siebie nawzajem, dostroi\u0107 si\u0119 do wsp\u00f3lnej cz\u0119stotliwo\u015bci. Zabierz ze sob\u0105 instrumenty i nie wahaj si\u0119 u\u017cy\u0107 swojego g\u0142osu :) Pole\u0107 z nami i odkryj si\u0142\u0119 grupowej improwizacji.\" \/>\n<meta property=\"og:url\" content=\"https:\/\/mamaglobalhealing.com\/en\/product\/w-rytmie-sabatu-warsztat-improwizowany\/\" \/>\n<meta property=\"og:site_name\" content=\"Mama Global Healing\" \/>\n<meta property=\"article:modified_time\" content=\"2022-11-17T11:08:59+00:00\" \/>\n<meta property=\"og:image\" content=\"https:\/\/mamaglobalhealing.com\/wp-content\/uploads\/2022\/04\/Sabat-Kobiet-profilowe-2-scaled.jpg\" \/>\n\t<meta property=\"og:image:width\" content=\"2560\" \/>\n\t<meta property=\"og:image:height\" content=\"1710\" \/>\n\t<meta property=\"og:image:type\" content=\"image\/jpeg\" \/>\n<meta name=\"twitter:card\" content=\"summary_large_image\" \/>\n<script type=\"application\/ld+json\" class=\"yoast-schema-graph\">{\"@context\":\"https:\/\/schema.org\",\"@graph\":[{\"@type\":\"WebPage\",\"@id\":\"https:\/\/mamaglobalhealing.com\/produkt\/w-rytmie-sabatu-warsztat-improwizowany\/\",\"url\":\"https:\/\/mamaglobalhealing.com\/produkt\/w-rytmie-sabatu-warsztat-improwizowany\/\",\"name\":\"W rytmie sabatu - warsztat improwizowany | Sabat Kobiet - Mama Global Healing\",\"isPartOf\":{\"@id\":\"https:\/\/mamaglobalhealing.com\/#website\"},\"primaryImageOfPage\":{\"@id\":\"https:\/\/mamaglobalhealing.com\/produkt\/w-rytmie-sabatu-warsztat-improwizowany\/#primaryimage\"},\"image\":{\"@id\":\"https:\/\/mamaglobalhealing.com\/produkt\/w-rytmie-sabatu-warsztat-improwizowany\/#primaryimage\"},\"thumbnailUrl\":\"https:\/\/mamaglobalhealing.com\/wp-content\/uploads\/2022\/04\/Sabat-Kobiet-profilowe-2-scaled.jpg\",\"datePublished\":\"2022-04-13T10:38:16+00:00\",\"dateModified\":\"2022-11-17T11:08:59+00:00\",\"description\":\"Zapraszamy Ci\u0119 na wsp\u00f3lne granie i \u015bpiewanie, skosztowanie czym jest SABAT w wersji microdosingu ;)\",\"breadcrumb\":{\"@id\":\"https:\/\/mamaglobalhealing.com\/produkt\/w-rytmie-sabatu-warsztat-improwizowany\/#breadcrumb\"},\"inLanguage\":\"en-GB\",\"potentialAction\":[{\"@type\":\"ReadAction\",\"target\":[\"https:\/\/mamaglobalhealing.com\/produkt\/w-rytmie-sabatu-warsztat-improwizowany\/\"]}]},{\"@type\":\"ImageObject\",\"inLanguage\":\"en-GB\",\"@id\":\"https:\/\/mamaglobalhealing.com\/produkt\/w-rytmie-sabatu-warsztat-improwizowany\/#primaryimage\",\"url\":\"https:\/\/mamaglobalhealing.com\/wp-content\/uploads\/2022\/04\/Sabat-Kobiet-profilowe-2-scaled.jpg\",\"contentUrl\":\"https:\/\/mamaglobalhealing.com\/wp-content\/uploads\/2022\/04\/Sabat-Kobiet-profilowe-2-scaled.jpg\",\"width\":2560,\"height\":1710},{\"@type\":\"BreadcrumbList\",\"@id\":\"https:\/\/mamaglobalhealing.com\/produkt\/w-rytmie-sabatu-warsztat-improwizowany\/#breadcrumb\",\"itemListElement\":[{\"@type\":\"ListItem\",\"position\":1,\"name\":\"Strona g\u0142\u00f3wna\",\"item\":\"https:\/\/mamaglobalhealing.com\/\"},{\"@type\":\"ListItem\",\"position\":2,\"name\":\"Sklep\",\"item\":\"https:\/\/mamaglobalhealing.com\/sklep\/\"},{\"@type\":\"ListItem\",\"position\":3,\"name\":\"W&nbsp;rytmie sabatu &#8211; warsztat improwizowany | Sabat Kobiet\"}]},{\"@type\":\"WebSite\",\"@id\":\"https:\/\/mamaglobalhealing.com\/#website\",\"url\":\"https:\/\/mamaglobalhealing.com\/\",\"name\":\"Mama Global Healing\",\"description\":\"Kolejna witryna WordPress\",\"potentialAction\":[{\"@type\":\"SearchAction\",\"target\":{\"@type\":\"EntryPoint\",\"urlTemplate\":\"https:\/\/mamaglobalhealing.com\/?s={search_term_string}\"},\"query-input\":{\"@type\":\"PropertyValueSpecification\",\"valueRequired\":true,\"valueName\":\"search_term_string\"}}],\"inLanguage\":\"en-GB\"}]}<\/script>\n<!-- \/ Yoast SEO plugin. -->","yoast_head_json":{"title":"W rytmie sabatu - warsztat improwizowany | Sabat Kobiet - Mama Global Healing","description":"Zapraszamy Ci\u0119 na wsp\u00f3lne granie i \u015bpiewanie, skosztowanie czym jest SABAT w wersji microdosingu ;)","robots":{"index":"index","follow":"follow","max-snippet":"max-snippet:-1","max-image-preview":"max-image-preview:large","max-video-preview":"max-video-preview:-1"},"canonical":"https:\/\/mamaglobalhealing.com\/en\/product\/w-rytmie-sabatu-warsztat-improwizowany\/","og_locale":"en_GB","og_type":"article","og_title":"W rytmie sabatu - warsztat improwizowany | Sabat Kobiet","og_description":"Zapraszamy Ci\u0119 na wsp\u00f3lne granie i \u015bpiewanie, skosztowanie czym jest SABAT w wersji microdosingu ;) Na festiwalu chcemy podzieli\u0107 si\u0119 z Tob\u0105 tym co najbardziej lubimy robi\u0107 na Sabatach, czyli muzyczn\u0105 improwizacj\u0105, eksperymentowanie z g\u0142osem i d\u017awi\u0119kiem, po\u0142\u0105czenie z grup\u0105 za pomoc\u0105 pie\u015bni i gry na instrumentach, aby poczu\u0107 mocy jak\u0105 daje wsp\u00f3lna ekspresja! Zanurkujemy w cia\u0142o, otworzymy gard\u0142o na swobodny przep\u0142yw d\u017awi\u0119k\u00f3w i oddamy si\u0119 celebracji! \u017beby pop\u0142yn\u0105\u0107 w improwizacji potrzebujemy osadzi\u0107 si\u0119 w ciele, wczu\u0107 si\u0119 w siebie nawzajem, dostroi\u0107 si\u0119 do wsp\u00f3lnej cz\u0119stotliwo\u015bci. Zabierz ze sob\u0105 instrumenty i nie wahaj si\u0119 u\u017cy\u0107 swojego g\u0142osu :) Pole\u0107 z nami i odkryj si\u0142\u0119 grupowej improwizacji.","og_url":"https:\/\/mamaglobalhealing.com\/en\/product\/w-rytmie-sabatu-warsztat-improwizowany\/","og_site_name":"Mama Global Healing","article_modified_time":"2022-11-17T11:08:59+00:00","og_image":[{"width":2560,"height":1710,"url":"https:\/\/mamaglobalhealing.com\/wp-content\/uploads\/2022\/04\/Sabat-Kobiet-profilowe-2-scaled.jpg","type":"image\/jpeg"}],"twitter_card":"summary_large_image","schema":{"@context":"https:\/\/schema.org","@graph":[{"@type":"WebPage","@id":"https:\/\/mamaglobalhealing.com\/produkt\/w-rytmie-sabatu-warsztat-improwizowany\/","url":"https:\/\/mamaglobalhealing.com\/produkt\/w-rytmie-sabatu-warsztat-improwizowany\/","name":"W rytmie sabatu - warsztat improwizowany | Sabat Kobiet - Mama Global Healing","isPartOf":{"@id":"https:\/\/mamaglobalhealing.com\/#website"},"primaryImageOfPage":{"@id":"https:\/\/mamaglobalhealing.com\/produkt\/w-rytmie-sabatu-warsztat-improwizowany\/#primaryimage"},"image":{"@id":"https:\/\/mamaglobalhealing.com\/produkt\/w-rytmie-sabatu-warsztat-improwizowany\/#primaryimage"},"thumbnailUrl":"https:\/\/mamaglobalhealing.com\/wp-content\/uploads\/2022\/04\/Sabat-Kobiet-profilowe-2-scaled.jpg","datePublished":"2022-04-13T10:38:16+00:00","dateModified":"2022-11-17T11:08:59+00:00","description":"Zapraszamy Ci\u0119 na wsp\u00f3lne granie i \u015bpiewanie, skosztowanie czym jest SABAT w wersji microdosingu ;)","breadcrumb":{"@id":"https:\/\/mamaglobalhealing.com\/produkt\/w-rytmie-sabatu-warsztat-improwizowany\/#breadcrumb"},"inLanguage":"en-GB","potentialAction":[{"@type":"ReadAction","target":["https:\/\/mamaglobalhealing.com\/produkt\/w-rytmie-sabatu-warsztat-improwizowany\/"]}]},{"@type":"ImageObject","inLanguage":"en-GB","@id":"https:\/\/mamaglobalhealing.com\/produkt\/w-rytmie-sabatu-warsztat-improwizowany\/#primaryimage","url":"https:\/\/mamaglobalhealing.com\/wp-content\/uploads\/2022\/04\/Sabat-Kobiet-profilowe-2-scaled.jpg","contentUrl":"https:\/\/mamaglobalhealing.com\/wp-content\/uploads\/2022\/04\/Sabat-Kobiet-profilowe-2-scaled.jpg","width":2560,"height":1710},{"@type":"BreadcrumbList","@id":"https:\/\/mamaglobalhealing.com\/produkt\/w-rytmie-sabatu-warsztat-improwizowany\/#breadcrumb","itemListElement":[{"@type":"ListItem","position":1,"name":"Strona g\u0142\u00f3wna","item":"https:\/\/mamaglobalhealing.com\/"},{"@type":"ListItem","position":2,"name":"Sklep","item":"https:\/\/mamaglobalhealing.com\/sklep\/"},{"@type":"ListItem","position":3,"name":"W&nbsp;rytmie sabatu &#8211; warsztat improwizowany | Sabat Kobiet"}]},{"@type":"WebSite","@id":"https:\/\/mamaglobalhealing.com\/#website","url":"https:\/\/mamaglobalhealing.com\/","name":"Mama Global Healing","description":"Kolejna witryna WordPress","potentialAction":[{"@type":"SearchAction","target":{"@type":"EntryPoint","urlTemplate":"https:\/\/mamaglobalhealing.com\/?s={search_term_string}"},"query-input":{"@type":"PropertyValueSpecification","valueRequired":true,"valueName":"search_term_string"}}],"inLanguage":"en-GB"}]}},"_links":{"self":[{"href":"https:\/\/mamaglobalhealing.com\/en\/wp-json\/wp\/v2\/product\/2149","targetHints":{"allow":["GET"]}}],"collection":[{"href":"https:\/\/mamaglobalhealing.com\/en\/wp-json\/wp\/v2\/product"}],"about":[{"href":"https:\/\/mamaglobalhealing.com\/en\/wp-json\/wp\/v2\/types\/product"}],"wp:featuredmedia":[{"embeddable":true,"href":"https:\/\/mamaglobalhealing.com\/en\/wp-json\/wp\/v2\/media\/2150"}],"wp:attachment":[{"href":"https:\/\/mamaglobalhealing.com\/en\/wp-json\/wp\/v2\/media?parent=2149"}],"wp:term":[{"taxonomy":"product_brand","embeddable":true,"href":"https:\/\/mamaglobalhealing.com\/en\/wp-json\/wp\/v2\/product_brand?post=2149"},{"taxonomy":"product_cat","embeddable":true,"href":"https:\/\/mamaglobalhealing.com\/en\/wp-json\/wp\/v2\/product_cat?post=2149"},{"taxonomy":"product_tag","embeddable":true,"href":"https:\/\/mamaglobalhealing.com\/en\/wp-json\/wp\/v2\/product_tag?post=2149"}],"curies":[{"name":"wp","href":"https:\/\/api.w.org\/{rel}","templated":true}]}}