{"id":2445,"date":"2022-04-15T20:52:45","date_gmt":"2022-04-15T20:52:45","guid":{"rendered":"https:\/\/mamaglobalhealing.com\/?post_type=product&#038;p=2445"},"modified":"2022-11-17T11:08:52","modified_gmt":"2022-11-17T11:08:52","slug":"piersi-ukochane","status":"publish","type":"product","link":"https:\/\/mamaglobalhealing.com\/en\/product\/piersi-ukochane\/","title":{"rendered":"Piersi Ukochane | Katarzyna Hedone Kucharska"},"content":{"rendered":"","protected":false},"excerpt":{"rendered":"<p><span style=\"font-weight: 400;\">The workshop is a voice for our breasts (the circle of bare breasts), we will also learn some techniques of self-massage and self-disarmament and we will affirm the breasts by releasing the energy of the heart space with a tender, meditative touch.<\/span><\/p>\n<p><b>Prowadz\u0105cy:<\/b><span style=\"font-weight: 400;\"> Katarzyna Hedone Kucharska<\/span><\/p>\n<p><b>Czas trwania: <\/b><span style=\"font-weight: 400;\">2h<\/span><\/p>\n<p><b>Data i godzina:\u00a0<\/b>pi\u0105tek 9:30 &#8211; 11:30<\/p>\n<p><b>Miejsce:\u00a0<\/b><a href=\"https:\/\/mamaglobalhealing.com\/en\/mama-line-up\/house-of-love\/\">House of Love<\/a><\/p>\n<p><b>Ilo\u015b\u0107 os\u00f3b:<\/b><span style=\"font-weight: 400;\"> 10-15 <\/span><\/p>\n<p><b>Dla Kogo: <\/b>K<span style=\"font-weight: 400;\">obiety<\/span><\/p>\n<p><b>Bobasy:<\/b><span style=\"font-weight: 400;\"> nie<\/span><\/p>\n<p><b>Cena: <\/b>33<\/p>","protected":false},"featured_media":2814,"template":"","meta":{"_et_pb_use_builder":"","_et_pb_old_content":"","_et_gb_content_width":""},"product_brand":[],"product_cat":[34,41],"product_tag":[],"class_list":{"0":"post-2445","1":"product","2":"type-product","3":"status-publish","4":"has-post-thumbnail","6":"product_cat-mama-work","7":"product_cat-piatek","9":"first","10":"outofstock","11":"taxable","12":"shipping-taxable","13":"product-type-simple"},"yoast_head":"<!-- This site is optimized with the Yoast SEO plugin v25.1 - https:\/\/yoast.com\/wordpress\/plugins\/seo\/ -->\n<title>Piersi Ukochane | Katarzyna Hedone Kucharska - Mama Global Healing<\/title>\n<meta name=\"description\" content=\"Warsztat jest oddaniem g\u0142osu naszym piersiom (kr\u0105g nagich piersi), poznamy r\u00f3wnie\u017c kilka technik automasa\u017cu limfatycznego i samorozbrajania oraz b\u0119dziemy afirmowa\u0107 piersi poprzez uwolnienie energii przestrzeni serca za pomoc\u0105 czu\u0142ego, medytacyjnego dotyku.\" \/>\n<meta name=\"robots\" content=\"index, follow, max-snippet:-1, max-image-preview:large, max-video-preview:-1\" \/>\n<link rel=\"canonical\" href=\"https:\/\/mamaglobalhealing.com\/en\/product\/piersi-ukochane\/\" \/>\n<meta property=\"og:locale\" content=\"en_GB\" \/>\n<meta property=\"og:type\" content=\"article\" \/>\n<meta property=\"og:title\" content=\"Piersi Ukochane | Katarzyna Hedone Kucharska\" \/>\n<meta property=\"og:description\" content=\"Warsztat jest oddaniem g\u0142osu naszym piersiom (kr\u0105g nagich piersi), poznamy r\u00f3wnie\u017c kilka technik automasa\u017cu limfatycznego i samorozbrajania oraz b\u0119dziemy afirmowa\u0107 piersi poprzez uwolnienie energii przestrzeni serca za pomoc\u0105 czu\u0142ego, medytacyjnego dotyku.\" \/>\n<meta property=\"og:url\" content=\"https:\/\/mamaglobalhealing.com\/en\/product\/piersi-ukochane\/\" \/>\n<meta property=\"og:site_name\" content=\"Mama Global Healing\" \/>\n<meta property=\"article:modified_time\" content=\"2022-11-17T11:08:52+00:00\" \/>\n<meta property=\"og:image\" content=\"https:\/\/mamaglobalhealing.com\/wp-content\/uploads\/2022\/04\/13.png\" \/>\n\t<meta property=\"og:image:width\" content=\"1080\" \/>\n\t<meta property=\"og:image:height\" content=\"1080\" \/>\n\t<meta property=\"og:image:type\" content=\"image\/png\" \/>\n<meta name=\"twitter:card\" content=\"summary_large_image\" \/>\n<script type=\"application\/ld+json\" class=\"yoast-schema-graph\">{\"@context\":\"https:\/\/schema.org\",\"@graph\":[{\"@type\":\"WebPage\",\"@id\":\"https:\/\/mamaglobalhealing.com\/produkt\/piersi-ukochane\/\",\"url\":\"https:\/\/mamaglobalhealing.com\/produkt\/piersi-ukochane\/\",\"name\":\"Piersi Ukochane | Katarzyna Hedone Kucharska - Mama Global Healing\",\"isPartOf\":{\"@id\":\"https:\/\/mamaglobalhealing.com\/#website\"},\"primaryImageOfPage\":{\"@id\":\"https:\/\/mamaglobalhealing.com\/produkt\/piersi-ukochane\/#primaryimage\"},\"image\":{\"@id\":\"https:\/\/mamaglobalhealing.com\/produkt\/piersi-ukochane\/#primaryimage\"},\"thumbnailUrl\":\"https:\/\/mamaglobalhealing.com\/wp-content\/uploads\/2022\/04\/PIC_3131-scaled.jpg\",\"datePublished\":\"2022-04-15T20:52:45+00:00\",\"dateModified\":\"2022-11-17T11:08:52+00:00\",\"description\":\"Warsztat jest oddaniem g\u0142osu naszym piersiom (kr\u0105g nagich piersi), poznamy r\u00f3wnie\u017c kilka technik automasa\u017cu limfatycznego i samorozbrajania oraz b\u0119dziemy afirmowa\u0107 piersi poprzez uwolnienie energii przestrzeni serca za pomoc\u0105 czu\u0142ego, medytacyjnego dotyku.\",\"breadcrumb\":{\"@id\":\"https:\/\/mamaglobalhealing.com\/produkt\/piersi-ukochane\/#breadcrumb\"},\"inLanguage\":\"en-GB\",\"potentialAction\":[{\"@type\":\"ReadAction\",\"target\":[\"https:\/\/mamaglobalhealing.com\/produkt\/piersi-ukochane\/\"]}]},{\"@type\":\"ImageObject\",\"inLanguage\":\"en-GB\",\"@id\":\"https:\/\/mamaglobalhealing.com\/produkt\/piersi-ukochane\/#primaryimage\",\"url\":\"https:\/\/mamaglobalhealing.com\/wp-content\/uploads\/2022\/04\/PIC_3131-scaled.jpg\",\"contentUrl\":\"https:\/\/mamaglobalhealing.com\/wp-content\/uploads\/2022\/04\/PIC_3131-scaled.jpg\",\"width\":1709,\"height\":2560},{\"@type\":\"BreadcrumbList\",\"@id\":\"https:\/\/mamaglobalhealing.com\/produkt\/piersi-ukochane\/#breadcrumb\",\"itemListElement\":[{\"@type\":\"ListItem\",\"position\":1,\"name\":\"Strona g\u0142\u00f3wna\",\"item\":\"https:\/\/mamaglobalhealing.com\/\"},{\"@type\":\"ListItem\",\"position\":2,\"name\":\"Sklep\",\"item\":\"https:\/\/mamaglobalhealing.com\/sklep\/\"},{\"@type\":\"ListItem\",\"position\":3,\"name\":\"Piersi Ukochane | Katarzyna Hedone Kucharska\"}]},{\"@type\":\"WebSite\",\"@id\":\"https:\/\/mamaglobalhealing.com\/#website\",\"url\":\"https:\/\/mamaglobalhealing.com\/\",\"name\":\"Mama Global Healing\",\"description\":\"Kolejna witryna WordPress\",\"potentialAction\":[{\"@type\":\"SearchAction\",\"target\":{\"@type\":\"EntryPoint\",\"urlTemplate\":\"https:\/\/mamaglobalhealing.com\/?s={search_term_string}\"},\"query-input\":{\"@type\":\"PropertyValueSpecification\",\"valueRequired\":true,\"valueName\":\"search_term_string\"}}],\"inLanguage\":\"en-GB\"}]}<\/script>\n<!-- \/ Yoast SEO plugin. -->","yoast_head_json":{"title":"Piersi Ukochane | Katarzyna Hedone Kucharska - Mama Global Healing","description":"Warsztat jest oddaniem g\u0142osu naszym piersiom (kr\u0105g nagich piersi), poznamy r\u00f3wnie\u017c kilka technik automasa\u017cu limfatycznego i samorozbrajania oraz b\u0119dziemy afirmowa\u0107 piersi poprzez uwolnienie energii przestrzeni serca za pomoc\u0105 czu\u0142ego, medytacyjnego dotyku.","robots":{"index":"index","follow":"follow","max-snippet":"max-snippet:-1","max-image-preview":"max-image-preview:large","max-video-preview":"max-video-preview:-1"},"canonical":"https:\/\/mamaglobalhealing.com\/en\/product\/piersi-ukochane\/","og_locale":"en_GB","og_type":"article","og_title":"Piersi Ukochane | Katarzyna Hedone Kucharska","og_description":"Warsztat jest oddaniem g\u0142osu naszym piersiom (kr\u0105g nagich piersi), poznamy r\u00f3wnie\u017c kilka technik automasa\u017cu limfatycznego i samorozbrajania oraz b\u0119dziemy afirmowa\u0107 piersi poprzez uwolnienie energii przestrzeni serca za pomoc\u0105 czu\u0142ego, medytacyjnego dotyku.","og_url":"https:\/\/mamaglobalhealing.com\/en\/product\/piersi-ukochane\/","og_site_name":"Mama Global Healing","article_modified_time":"2022-11-17T11:08:52+00:00","og_image":[{"width":1080,"height":1080,"url":"https:\/\/mamaglobalhealing.com\/wp-content\/uploads\/2022\/04\/13.png","type":"image\/png"}],"twitter_card":"summary_large_image","schema":{"@context":"https:\/\/schema.org","@graph":[{"@type":"WebPage","@id":"https:\/\/mamaglobalhealing.com\/produkt\/piersi-ukochane\/","url":"https:\/\/mamaglobalhealing.com\/produkt\/piersi-ukochane\/","name":"Piersi Ukochane | Katarzyna Hedone Kucharska - Mama Global Healing","isPartOf":{"@id":"https:\/\/mamaglobalhealing.com\/#website"},"primaryImageOfPage":{"@id":"https:\/\/mamaglobalhealing.com\/produkt\/piersi-ukochane\/#primaryimage"},"image":{"@id":"https:\/\/mamaglobalhealing.com\/produkt\/piersi-ukochane\/#primaryimage"},"thumbnailUrl":"https:\/\/mamaglobalhealing.com\/wp-content\/uploads\/2022\/04\/PIC_3131-scaled.jpg","datePublished":"2022-04-15T20:52:45+00:00","dateModified":"2022-11-17T11:08:52+00:00","description":"Warsztat jest oddaniem g\u0142osu naszym piersiom (kr\u0105g nagich piersi), poznamy r\u00f3wnie\u017c kilka technik automasa\u017cu limfatycznego i samorozbrajania oraz b\u0119dziemy afirmowa\u0107 piersi poprzez uwolnienie energii przestrzeni serca za pomoc\u0105 czu\u0142ego, medytacyjnego dotyku.","breadcrumb":{"@id":"https:\/\/mamaglobalhealing.com\/produkt\/piersi-ukochane\/#breadcrumb"},"inLanguage":"en-GB","potentialAction":[{"@type":"ReadAction","target":["https:\/\/mamaglobalhealing.com\/produkt\/piersi-ukochane\/"]}]},{"@type":"ImageObject","inLanguage":"en-GB","@id":"https:\/\/mamaglobalhealing.com\/produkt\/piersi-ukochane\/#primaryimage","url":"https:\/\/mamaglobalhealing.com\/wp-content\/uploads\/2022\/04\/PIC_3131-scaled.jpg","contentUrl":"https:\/\/mamaglobalhealing.com\/wp-content\/uploads\/2022\/04\/PIC_3131-scaled.jpg","width":1709,"height":2560},{"@type":"BreadcrumbList","@id":"https:\/\/mamaglobalhealing.com\/produkt\/piersi-ukochane\/#breadcrumb","itemListElement":[{"@type":"ListItem","position":1,"name":"Strona g\u0142\u00f3wna","item":"https:\/\/mamaglobalhealing.com\/"},{"@type":"ListItem","position":2,"name":"Sklep","item":"https:\/\/mamaglobalhealing.com\/sklep\/"},{"@type":"ListItem","position":3,"name":"Piersi Ukochane | Katarzyna Hedone Kucharska"}]},{"@type":"WebSite","@id":"https:\/\/mamaglobalhealing.com\/#website","url":"https:\/\/mamaglobalhealing.com\/","name":"Mama Global Healing","description":"Kolejna witryna WordPress","potentialAction":[{"@type":"SearchAction","target":{"@type":"EntryPoint","urlTemplate":"https:\/\/mamaglobalhealing.com\/?s={search_term_string}"},"query-input":{"@type":"PropertyValueSpecification","valueRequired":true,"valueName":"search_term_string"}}],"inLanguage":"en-GB"}]}},"_links":{"self":[{"href":"https:\/\/mamaglobalhealing.com\/en\/wp-json\/wp\/v2\/product\/2445","targetHints":{"allow":["GET"]}}],"collection":[{"href":"https:\/\/mamaglobalhealing.com\/en\/wp-json\/wp\/v2\/product"}],"about":[{"href":"https:\/\/mamaglobalhealing.com\/en\/wp-json\/wp\/v2\/types\/product"}],"wp:featuredmedia":[{"embeddable":true,"href":"https:\/\/mamaglobalhealing.com\/en\/wp-json\/wp\/v2\/media\/2814"}],"wp:attachment":[{"href":"https:\/\/mamaglobalhealing.com\/en\/wp-json\/wp\/v2\/media?parent=2445"}],"wp:term":[{"taxonomy":"product_brand","embeddable":true,"href":"https:\/\/mamaglobalhealing.com\/en\/wp-json\/wp\/v2\/product_brand?post=2445"},{"taxonomy":"product_cat","embeddable":true,"href":"https:\/\/mamaglobalhealing.com\/en\/wp-json\/wp\/v2\/product_cat?post=2445"},{"taxonomy":"product_tag","embeddable":true,"href":"https:\/\/mamaglobalhealing.com\/en\/wp-json\/wp\/v2\/product_tag?post=2445"}],"curies":[{"name":"wp","href":"https:\/\/api.w.org\/{rel}","templated":true}]}}