{"id":2459,"date":"2022-04-15T21:05:43","date_gmt":"2022-04-15T21:05:43","guid":{"rendered":"https:\/\/mamaglobalhealing.com\/?post_type=product&#038;p=2459"},"modified":"2022-11-17T11:13:00","modified_gmt":"2022-11-17T11:13:00","slug":"trening-przyjemnosci","status":"publish","type":"product","link":"https:\/\/mamaglobalhealing.com\/en\/product\/trening-przyjemnosci\/","title":{"rendered":"Kobiece przyjemno\u015bci | Karolina Ika Nowak"},"content":{"rendered":"","protected":false},"excerpt":{"rendered":"<p>Trening przyjemno\u015bci to warsztat o tym jak mo\u017cna wej\u015b\u0107 w odczuwanie swojego cia\u0142a, rozbudzi\u0107 jego \u017cywotno\u015b\u0107 i otworzy\u0107 si\u0119 na przyjemno\u015b\u0107. Przyjemno\u015b\u0107 g\u0142\u0119bokiego wydechu, mi\u0119kkiego brzucha, faluj\u0105cych bioder. Przyjemno\u015b\u0107 rozgrzanych st\u00f3p i n\u00f3g. Przyjemno\u015b\u0107 rozlu\u017anionego karku i lekkiej g\u0142owy. Przyjemno\u015b\u0107 bycia w ciele. Szczeg\u00f3ln\u0105 uwag\u0119 podczas warsztatu skierujemy na obszar miednicy i jej jako\u015bci, b\u0119dziemy r\u00f3wnie\u017c praktykowa\u0107 z obszarem mi\u0119\u015bni dna miednicy &#8211; mi\u0119\u015bni przyjemno\u015bci. Metody: praktyka jogiczna, mi\u0119kki nie jogowy ruch, lekkie praktyki bioenergetyczne, dotyk, masa\u017c, oddech.<\/p>\n<p><b>Prowadz\u0105ca: <\/b><span style=\"font-weight: 400;\">Karolina Ika Nowak<\/span><\/p>\n<p><b>Czas trwania:<\/b><span style=\"font-weight: 400;\"> 2h<\/span><\/p>\n<p><b>Data i godzina:\u00a0<\/b>niedziela 14:30 &#8211; 16:30<\/p>\n<p><b>Miejsce: <\/b><a href=\"https:\/\/mamaglobalhealing.com\/en\/mama-line-up\/dharma-tipi\/\">Dharma Tipi<\/a><\/p>\n<p><b>Liczba os\u00f3b:<\/b><span style=\"font-weight: 400;\"> 30<\/span><\/p>\n<p><b>Dla Kogo:<\/b> Kobiety<\/p>\n<p><b>Bobasy:<\/b><span style=\"font-weight: 400;\"> nie<\/span><\/p>\n<p><b>Cena:<\/b> 33 PLN<\/p>","protected":false},"featured_media":2460,"template":"","meta":{"_et_pb_use_builder":"","_et_pb_old_content":"","_et_gb_content_width":""},"product_brand":[],"product_cat":[34,43],"product_tag":[],"class_list":{"0":"post-2459","1":"product","2":"type-product","3":"status-publish","4":"has-post-thumbnail","6":"product_cat-mama-work","7":"product_cat-niedziela","9":"first","10":"instock","11":"taxable","12":"shipping-taxable","13":"product-type-simple"},"yoast_head":"<!-- This site is optimized with the Yoast SEO plugin v25.1 - https:\/\/yoast.com\/wordpress\/plugins\/seo\/ -->\n<title>Kobiece przyjemno\u015bci | Karolina Ika Nowak - Mama Global Healing<\/title>\n<meta name=\"description\" content=\"Trening przyjemno\u015bci to warsztat o tym jak mo\u017cna wej\u015b\u0107 w odczuwanie swojego cia\u0142a, rozbudzi\u0107 jego \u017cywotno\u015b\u0107 i otworzy\u0107 si\u0119 na przyjemno\u015b\u0107.\" \/>\n<meta name=\"robots\" content=\"index, follow, max-snippet:-1, max-image-preview:large, max-video-preview:-1\" \/>\n<link rel=\"canonical\" href=\"https:\/\/mamaglobalhealing.com\/en\/product\/trening-przyjemnosci\/\" \/>\n<meta property=\"og:locale\" content=\"en_GB\" \/>\n<meta property=\"og:type\" content=\"article\" \/>\n<meta property=\"og:title\" content=\"Kobiece przyjemno\u015bci | Karolina Ika Nowak\" \/>\n<meta property=\"og:description\" content=\"Trening przyjemno\u015bci to warsztat o tym jak mo\u017cna wej\u015b\u0107 w odczuwanie swojego cia\u0142a, rozbudzi\u0107 jego \u017cywotno\u015b\u0107 i otworzy\u0107 si\u0119 na przyjemno\u015b\u0107.\" \/>\n<meta property=\"og:url\" content=\"https:\/\/mamaglobalhealing.com\/en\/product\/trening-przyjemnosci\/\" \/>\n<meta property=\"og:site_name\" content=\"Mama Global Healing\" \/>\n<meta property=\"article:modified_time\" content=\"2022-11-17T11:13:00+00:00\" \/>\n<meta property=\"og:image\" content=\"https:\/\/mamaglobalhealing.com\/wp-content\/uploads\/2022\/04\/trening-przyjemnosci-2.jpg\" \/>\n\t<meta property=\"og:image:width\" content=\"1400\" \/>\n\t<meta property=\"og:image:height\" content=\"2097\" \/>\n\t<meta property=\"og:image:type\" content=\"image\/jpeg\" \/>\n<meta name=\"twitter:card\" content=\"summary_large_image\" \/>\n<script type=\"application\/ld+json\" class=\"yoast-schema-graph\">{\"@context\":\"https:\/\/schema.org\",\"@graph\":[{\"@type\":\"WebPage\",\"@id\":\"https:\/\/mamaglobalhealing.com\/produkt\/trening-przyjemnosci\/\",\"url\":\"https:\/\/mamaglobalhealing.com\/produkt\/trening-przyjemnosci\/\",\"name\":\"Kobiece przyjemno\u015bci | Karolina Ika Nowak - Mama Global Healing\",\"isPartOf\":{\"@id\":\"https:\/\/mamaglobalhealing.com\/#website\"},\"primaryImageOfPage\":{\"@id\":\"https:\/\/mamaglobalhealing.com\/produkt\/trening-przyjemnosci\/#primaryimage\"},\"image\":{\"@id\":\"https:\/\/mamaglobalhealing.com\/produkt\/trening-przyjemnosci\/#primaryimage\"},\"thumbnailUrl\":\"https:\/\/mamaglobalhealing.com\/wp-content\/uploads\/2022\/04\/trening-przyjemnosci-2.jpg\",\"datePublished\":\"2022-04-15T21:05:43+00:00\",\"dateModified\":\"2022-11-17T11:13:00+00:00\",\"description\":\"Trening przyjemno\u015bci to warsztat o tym jak mo\u017cna wej\u015b\u0107 w odczuwanie swojego cia\u0142a, rozbudzi\u0107 jego \u017cywotno\u015b\u0107 i otworzy\u0107 si\u0119 na przyjemno\u015b\u0107.\",\"breadcrumb\":{\"@id\":\"https:\/\/mamaglobalhealing.com\/produkt\/trening-przyjemnosci\/#breadcrumb\"},\"inLanguage\":\"en-GB\",\"potentialAction\":[{\"@type\":\"ReadAction\",\"target\":[\"https:\/\/mamaglobalhealing.com\/produkt\/trening-przyjemnosci\/\"]}]},{\"@type\":\"ImageObject\",\"inLanguage\":\"en-GB\",\"@id\":\"https:\/\/mamaglobalhealing.com\/produkt\/trening-przyjemnosci\/#primaryimage\",\"url\":\"https:\/\/mamaglobalhealing.com\/wp-content\/uploads\/2022\/04\/trening-przyjemnosci-2.jpg\",\"contentUrl\":\"https:\/\/mamaglobalhealing.com\/wp-content\/uploads\/2022\/04\/trening-przyjemnosci-2.jpg\",\"width\":1400,\"height\":2097},{\"@type\":\"BreadcrumbList\",\"@id\":\"https:\/\/mamaglobalhealing.com\/produkt\/trening-przyjemnosci\/#breadcrumb\",\"itemListElement\":[{\"@type\":\"ListItem\",\"position\":1,\"name\":\"Strona g\u0142\u00f3wna\",\"item\":\"https:\/\/mamaglobalhealing.com\/\"},{\"@type\":\"ListItem\",\"position\":2,\"name\":\"Sklep\",\"item\":\"https:\/\/mamaglobalhealing.com\/sklep\/\"},{\"@type\":\"ListItem\",\"position\":3,\"name\":\"Kobiece przyjemno\u015bci | Karolina Ika Nowak\"}]},{\"@type\":\"WebSite\",\"@id\":\"https:\/\/mamaglobalhealing.com\/#website\",\"url\":\"https:\/\/mamaglobalhealing.com\/\",\"name\":\"Mama Global Healing\",\"description\":\"Kolejna witryna WordPress\",\"potentialAction\":[{\"@type\":\"SearchAction\",\"target\":{\"@type\":\"EntryPoint\",\"urlTemplate\":\"https:\/\/mamaglobalhealing.com\/?s={search_term_string}\"},\"query-input\":{\"@type\":\"PropertyValueSpecification\",\"valueRequired\":true,\"valueName\":\"search_term_string\"}}],\"inLanguage\":\"en-GB\"}]}<\/script>\n<!-- \/ Yoast SEO plugin. -->","yoast_head_json":{"title":"Kobiece przyjemno\u015bci | Karolina Ika Nowak - Mama Global Healing","description":"Trening przyjemno\u015bci to warsztat o tym jak mo\u017cna wej\u015b\u0107 w odczuwanie swojego cia\u0142a, rozbudzi\u0107 jego \u017cywotno\u015b\u0107 i otworzy\u0107 si\u0119 na przyjemno\u015b\u0107.","robots":{"index":"index","follow":"follow","max-snippet":"max-snippet:-1","max-image-preview":"max-image-preview:large","max-video-preview":"max-video-preview:-1"},"canonical":"https:\/\/mamaglobalhealing.com\/en\/product\/trening-przyjemnosci\/","og_locale":"en_GB","og_type":"article","og_title":"Kobiece przyjemno\u015bci | Karolina Ika Nowak","og_description":"Trening przyjemno\u015bci to warsztat o tym jak mo\u017cna wej\u015b\u0107 w odczuwanie swojego cia\u0142a, rozbudzi\u0107 jego \u017cywotno\u015b\u0107 i otworzy\u0107 si\u0119 na przyjemno\u015b\u0107.","og_url":"https:\/\/mamaglobalhealing.com\/en\/product\/trening-przyjemnosci\/","og_site_name":"Mama Global Healing","article_modified_time":"2022-11-17T11:13:00+00:00","og_image":[{"width":1400,"height":2097,"url":"https:\/\/mamaglobalhealing.com\/wp-content\/uploads\/2022\/04\/trening-przyjemnosci-2.jpg","type":"image\/jpeg"}],"twitter_card":"summary_large_image","schema":{"@context":"https:\/\/schema.org","@graph":[{"@type":"WebPage","@id":"https:\/\/mamaglobalhealing.com\/produkt\/trening-przyjemnosci\/","url":"https:\/\/mamaglobalhealing.com\/produkt\/trening-przyjemnosci\/","name":"Kobiece przyjemno\u015bci | Karolina Ika Nowak - Mama Global Healing","isPartOf":{"@id":"https:\/\/mamaglobalhealing.com\/#website"},"primaryImageOfPage":{"@id":"https:\/\/mamaglobalhealing.com\/produkt\/trening-przyjemnosci\/#primaryimage"},"image":{"@id":"https:\/\/mamaglobalhealing.com\/produkt\/trening-przyjemnosci\/#primaryimage"},"thumbnailUrl":"https:\/\/mamaglobalhealing.com\/wp-content\/uploads\/2022\/04\/trening-przyjemnosci-2.jpg","datePublished":"2022-04-15T21:05:43+00:00","dateModified":"2022-11-17T11:13:00+00:00","description":"Trening przyjemno\u015bci to warsztat o tym jak mo\u017cna wej\u015b\u0107 w odczuwanie swojego cia\u0142a, rozbudzi\u0107 jego \u017cywotno\u015b\u0107 i otworzy\u0107 si\u0119 na przyjemno\u015b\u0107.","breadcrumb":{"@id":"https:\/\/mamaglobalhealing.com\/produkt\/trening-przyjemnosci\/#breadcrumb"},"inLanguage":"en-GB","potentialAction":[{"@type":"ReadAction","target":["https:\/\/mamaglobalhealing.com\/produkt\/trening-przyjemnosci\/"]}]},{"@type":"ImageObject","inLanguage":"en-GB","@id":"https:\/\/mamaglobalhealing.com\/produkt\/trening-przyjemnosci\/#primaryimage","url":"https:\/\/mamaglobalhealing.com\/wp-content\/uploads\/2022\/04\/trening-przyjemnosci-2.jpg","contentUrl":"https:\/\/mamaglobalhealing.com\/wp-content\/uploads\/2022\/04\/trening-przyjemnosci-2.jpg","width":1400,"height":2097},{"@type":"BreadcrumbList","@id":"https:\/\/mamaglobalhealing.com\/produkt\/trening-przyjemnosci\/#breadcrumb","itemListElement":[{"@type":"ListItem","position":1,"name":"Strona g\u0142\u00f3wna","item":"https:\/\/mamaglobalhealing.com\/"},{"@type":"ListItem","position":2,"name":"Sklep","item":"https:\/\/mamaglobalhealing.com\/sklep\/"},{"@type":"ListItem","position":3,"name":"Kobiece przyjemno\u015bci | Karolina Ika Nowak"}]},{"@type":"WebSite","@id":"https:\/\/mamaglobalhealing.com\/#website","url":"https:\/\/mamaglobalhealing.com\/","name":"Mama Global Healing","description":"Kolejna witryna WordPress","potentialAction":[{"@type":"SearchAction","target":{"@type":"EntryPoint","urlTemplate":"https:\/\/mamaglobalhealing.com\/?s={search_term_string}"},"query-input":{"@type":"PropertyValueSpecification","valueRequired":true,"valueName":"search_term_string"}}],"inLanguage":"en-GB"}]}},"_links":{"self":[{"href":"https:\/\/mamaglobalhealing.com\/en\/wp-json\/wp\/v2\/product\/2459","targetHints":{"allow":["GET"]}}],"collection":[{"href":"https:\/\/mamaglobalhealing.com\/en\/wp-json\/wp\/v2\/product"}],"about":[{"href":"https:\/\/mamaglobalhealing.com\/en\/wp-json\/wp\/v2\/types\/product"}],"wp:featuredmedia":[{"embeddable":true,"href":"https:\/\/mamaglobalhealing.com\/en\/wp-json\/wp\/v2\/media\/2460"}],"wp:attachment":[{"href":"https:\/\/mamaglobalhealing.com\/en\/wp-json\/wp\/v2\/media?parent=2459"}],"wp:term":[{"taxonomy":"product_brand","embeddable":true,"href":"https:\/\/mamaglobalhealing.com\/en\/wp-json\/wp\/v2\/product_brand?post=2459"},{"taxonomy":"product_cat","embeddable":true,"href":"https:\/\/mamaglobalhealing.com\/en\/wp-json\/wp\/v2\/product_cat?post=2459"},{"taxonomy":"product_tag","embeddable":true,"href":"https:\/\/mamaglobalhealing.com\/en\/wp-json\/wp\/v2\/product_tag?post=2459"}],"curies":[{"name":"wp","href":"https:\/\/api.w.org\/{rel}","templated":true}]}}