{"id":2463,"date":"2022-04-15T21:10:26","date_gmt":"2022-04-15T21:10:26","guid":{"rendered":"https:\/\/mamaglobalhealing.com\/?post_type=product&#038;p=2463"},"modified":"2022-11-17T11:11:25","modified_gmt":"2022-11-17T11:11:25","slug":"sisterhood-medicine-cocoa-ceremony","status":"publish","type":"product","link":"https:\/\/mamaglobalhealing.com\/en\/product\/sisterhood-medicine-cocoa-ceremony\/","title":{"rendered":"Sensual Sisterhood Cocoa Ceremony | Kamila Domin"},"content":{"rendered":"","protected":false},"excerpt":{"rendered":"<p><span style=\"font-weight: 400;\">Medycyna Siostrze\u0144stwa z Ceremoni\u0105 Kakao, taniec i \u015bpiew intuicyjny, otwarcie si\u0119 na swobodny przep\u0142yw sensualnej i kreatywnej energii, medytacja z \u0142onem i sercem.<\/span><\/p>\n<p><b>Prowadz\u0105ca:\u00a0<\/b>Kamila Domin<\/p>\n<p><b>Czas Trwania:<\/b><span style=\"font-weight: 400;\"> 3h\u00a0<\/span><\/p>\n<p><b>Data i godzina: <\/b>sobota 16:00 &#8211; 19:00<\/p>\n<p><b>Miejsce: <\/b><a href=\"https:\/\/mamaglobalhealing.com\/en\/mama-line-up\/jurta\/\">Forest Hub | JURTA<\/a><\/p>\n<p><b>Ilo\u015b\u0107 Os\u00f3b:<\/b><span style=\"font-weight: 400;\"> 30<\/span><\/p>\n<p><b>Dla Kogo: <\/b><span style=\"font-weight: 400;\">zapraszamy wszystkie Siostry\u00a0<\/span><\/p>\n<p><b>Bobasy:<\/b><span style=\"font-weight: 400;\"> tak<\/span><\/p>\n<p><b>Cena:<\/b><span style=\"font-weight: 400;\"> 50z\u0142<\/span><\/p>","protected":false},"featured_media":1992,"template":"","meta":{"_et_pb_use_builder":"","_et_pb_old_content":"","_et_gb_content_width":""},"product_brand":[],"product_cat":[34,42],"product_tag":[],"class_list":{"0":"post-2463","1":"product","2":"type-product","3":"status-publish","4":"has-post-thumbnail","6":"product_cat-mama-work","7":"product_cat-sobota","9":"first","10":"instock","11":"taxable","12":"shipping-taxable","13":"product-type-simple"},"yoast_head":"<!-- This site is optimized with the Yoast SEO plugin v25.1 - https:\/\/yoast.com\/wordpress\/plugins\/seo\/ -->\n<title>Sensual Sisterhood Cocoa Ceremony | Kamila Domin - Mama Global Healing<\/title>\n<meta name=\"description\" content=\"Medycyna Siostrze\u0144stwa z Ceremoni\u0105 Kakao, taniec i \u015bpiew intuicyjny, otwarcie si\u0119 na swobodny przep\u0142yw sensualnej i kreatywnej energii, medytacja z \u0142onem i sercem.\" \/>\n<meta name=\"robots\" content=\"index, follow, max-snippet:-1, max-image-preview:large, max-video-preview:-1\" \/>\n<link rel=\"canonical\" href=\"https:\/\/mamaglobalhealing.com\/en\/product\/sisterhood-medicine-cocoa-ceremony\/\" \/>\n<meta property=\"og:locale\" content=\"en_GB\" \/>\n<meta property=\"og:type\" content=\"article\" \/>\n<meta property=\"og:title\" content=\"Sensual Sisterhood Cocoa Ceremony | Kamila Domin\" \/>\n<meta property=\"og:description\" content=\"Medycyna Siostrze\u0144stwa z Ceremoni\u0105 Kakao, taniec i \u015bpiew intuicyjny, otwarcie si\u0119 na swobodny przep\u0142yw sensualnej i kreatywnej energii, medytacja z \u0142onem i sercem.\" \/>\n<meta property=\"og:url\" content=\"https:\/\/mamaglobalhealing.com\/en\/product\/sisterhood-medicine-cocoa-ceremony\/\" \/>\n<meta property=\"og:site_name\" content=\"Mama Global Healing\" \/>\n<meta property=\"article:modified_time\" content=\"2022-11-17T11:11:25+00:00\" \/>\n<meta property=\"og:image\" content=\"https:\/\/mamaglobalhealing.com\/wp-content\/uploads\/2022\/04\/Sisterhood-Medicine-Cocoa-Ceremony.jpg\" \/>\n\t<meta property=\"og:image:width\" content=\"353\" \/>\n\t<meta property=\"og:image:height\" content=\"263\" \/>\n\t<meta property=\"og:image:type\" content=\"image\/jpeg\" \/>\n<meta name=\"twitter:card\" content=\"summary_large_image\" \/>\n<script type=\"application\/ld+json\" class=\"yoast-schema-graph\">{\"@context\":\"https:\/\/schema.org\",\"@graph\":[{\"@type\":\"WebPage\",\"@id\":\"https:\/\/mamaglobalhealing.com\/produkt\/sisterhood-medicine-cocoa-ceremony\/\",\"url\":\"https:\/\/mamaglobalhealing.com\/produkt\/sisterhood-medicine-cocoa-ceremony\/\",\"name\":\"Sensual Sisterhood Cocoa Ceremony | Kamila Domin - Mama Global Healing\",\"isPartOf\":{\"@id\":\"https:\/\/mamaglobalhealing.com\/#website\"},\"primaryImageOfPage\":{\"@id\":\"https:\/\/mamaglobalhealing.com\/produkt\/sisterhood-medicine-cocoa-ceremony\/#primaryimage\"},\"image\":{\"@id\":\"https:\/\/mamaglobalhealing.com\/produkt\/sisterhood-medicine-cocoa-ceremony\/#primaryimage\"},\"thumbnailUrl\":\"https:\/\/mamaglobalhealing.com\/wp-content\/uploads\/2022\/04\/Sisterhood-Medicine-Cocoa-Ceremony.jpg\",\"datePublished\":\"2022-04-15T21:10:26+00:00\",\"dateModified\":\"2022-11-17T11:11:25+00:00\",\"description\":\"Medycyna Siostrze\u0144stwa z Ceremoni\u0105 Kakao, taniec i \u015bpiew intuicyjny, otwarcie si\u0119 na swobodny przep\u0142yw sensualnej i kreatywnej energii, medytacja z \u0142onem i sercem.\",\"breadcrumb\":{\"@id\":\"https:\/\/mamaglobalhealing.com\/produkt\/sisterhood-medicine-cocoa-ceremony\/#breadcrumb\"},\"inLanguage\":\"en-GB\",\"potentialAction\":[{\"@type\":\"ReadAction\",\"target\":[\"https:\/\/mamaglobalhealing.com\/produkt\/sisterhood-medicine-cocoa-ceremony\/\"]}]},{\"@type\":\"ImageObject\",\"inLanguage\":\"en-GB\",\"@id\":\"https:\/\/mamaglobalhealing.com\/produkt\/sisterhood-medicine-cocoa-ceremony\/#primaryimage\",\"url\":\"https:\/\/mamaglobalhealing.com\/wp-content\/uploads\/2022\/04\/Sisterhood-Medicine-Cocoa-Ceremony.jpg\",\"contentUrl\":\"https:\/\/mamaglobalhealing.com\/wp-content\/uploads\/2022\/04\/Sisterhood-Medicine-Cocoa-Ceremony.jpg\",\"width\":353,\"height\":263},{\"@type\":\"BreadcrumbList\",\"@id\":\"https:\/\/mamaglobalhealing.com\/produkt\/sisterhood-medicine-cocoa-ceremony\/#breadcrumb\",\"itemListElement\":[{\"@type\":\"ListItem\",\"position\":1,\"name\":\"Strona g\u0142\u00f3wna\",\"item\":\"https:\/\/mamaglobalhealing.com\/\"},{\"@type\":\"ListItem\",\"position\":2,\"name\":\"Sklep\",\"item\":\"https:\/\/mamaglobalhealing.com\/sklep\/\"},{\"@type\":\"ListItem\",\"position\":3,\"name\":\"Sensual Sisterhood Cocoa Ceremony | Kamila Domin\"}]},{\"@type\":\"WebSite\",\"@id\":\"https:\/\/mamaglobalhealing.com\/#website\",\"url\":\"https:\/\/mamaglobalhealing.com\/\",\"name\":\"Mama Global Healing\",\"description\":\"Kolejna witryna WordPress\",\"potentialAction\":[{\"@type\":\"SearchAction\",\"target\":{\"@type\":\"EntryPoint\",\"urlTemplate\":\"https:\/\/mamaglobalhealing.com\/?s={search_term_string}\"},\"query-input\":{\"@type\":\"PropertyValueSpecification\",\"valueRequired\":true,\"valueName\":\"search_term_string\"}}],\"inLanguage\":\"en-GB\"}]}<\/script>\n<!-- \/ Yoast SEO plugin. -->","yoast_head_json":{"title":"Sensual Sisterhood Cocoa Ceremony | Kamila Domin - Mama Global Healing","description":"Medycyna Siostrze\u0144stwa z Ceremoni\u0105 Kakao, taniec i \u015bpiew intuicyjny, otwarcie si\u0119 na swobodny przep\u0142yw sensualnej i kreatywnej energii, medytacja z \u0142onem i sercem.","robots":{"index":"index","follow":"follow","max-snippet":"max-snippet:-1","max-image-preview":"max-image-preview:large","max-video-preview":"max-video-preview:-1"},"canonical":"https:\/\/mamaglobalhealing.com\/en\/product\/sisterhood-medicine-cocoa-ceremony\/","og_locale":"en_GB","og_type":"article","og_title":"Sensual Sisterhood Cocoa Ceremony | Kamila Domin","og_description":"Medycyna Siostrze\u0144stwa z Ceremoni\u0105 Kakao, taniec i \u015bpiew intuicyjny, otwarcie si\u0119 na swobodny przep\u0142yw sensualnej i kreatywnej energii, medytacja z \u0142onem i sercem.","og_url":"https:\/\/mamaglobalhealing.com\/en\/product\/sisterhood-medicine-cocoa-ceremony\/","og_site_name":"Mama Global Healing","article_modified_time":"2022-11-17T11:11:25+00:00","og_image":[{"width":353,"height":263,"url":"https:\/\/mamaglobalhealing.com\/wp-content\/uploads\/2022\/04\/Sisterhood-Medicine-Cocoa-Ceremony.jpg","type":"image\/jpeg"}],"twitter_card":"summary_large_image","schema":{"@context":"https:\/\/schema.org","@graph":[{"@type":"WebPage","@id":"https:\/\/mamaglobalhealing.com\/produkt\/sisterhood-medicine-cocoa-ceremony\/","url":"https:\/\/mamaglobalhealing.com\/produkt\/sisterhood-medicine-cocoa-ceremony\/","name":"Sensual Sisterhood Cocoa Ceremony | Kamila Domin - Mama Global Healing","isPartOf":{"@id":"https:\/\/mamaglobalhealing.com\/#website"},"primaryImageOfPage":{"@id":"https:\/\/mamaglobalhealing.com\/produkt\/sisterhood-medicine-cocoa-ceremony\/#primaryimage"},"image":{"@id":"https:\/\/mamaglobalhealing.com\/produkt\/sisterhood-medicine-cocoa-ceremony\/#primaryimage"},"thumbnailUrl":"https:\/\/mamaglobalhealing.com\/wp-content\/uploads\/2022\/04\/Sisterhood-Medicine-Cocoa-Ceremony.jpg","datePublished":"2022-04-15T21:10:26+00:00","dateModified":"2022-11-17T11:11:25+00:00","description":"Medycyna Siostrze\u0144stwa z Ceremoni\u0105 Kakao, taniec i \u015bpiew intuicyjny, otwarcie si\u0119 na swobodny przep\u0142yw sensualnej i kreatywnej energii, medytacja z \u0142onem i sercem.","breadcrumb":{"@id":"https:\/\/mamaglobalhealing.com\/produkt\/sisterhood-medicine-cocoa-ceremony\/#breadcrumb"},"inLanguage":"en-GB","potentialAction":[{"@type":"ReadAction","target":["https:\/\/mamaglobalhealing.com\/produkt\/sisterhood-medicine-cocoa-ceremony\/"]}]},{"@type":"ImageObject","inLanguage":"en-GB","@id":"https:\/\/mamaglobalhealing.com\/produkt\/sisterhood-medicine-cocoa-ceremony\/#primaryimage","url":"https:\/\/mamaglobalhealing.com\/wp-content\/uploads\/2022\/04\/Sisterhood-Medicine-Cocoa-Ceremony.jpg","contentUrl":"https:\/\/mamaglobalhealing.com\/wp-content\/uploads\/2022\/04\/Sisterhood-Medicine-Cocoa-Ceremony.jpg","width":353,"height":263},{"@type":"BreadcrumbList","@id":"https:\/\/mamaglobalhealing.com\/produkt\/sisterhood-medicine-cocoa-ceremony\/#breadcrumb","itemListElement":[{"@type":"ListItem","position":1,"name":"Strona g\u0142\u00f3wna","item":"https:\/\/mamaglobalhealing.com\/"},{"@type":"ListItem","position":2,"name":"Sklep","item":"https:\/\/mamaglobalhealing.com\/sklep\/"},{"@type":"ListItem","position":3,"name":"Sensual Sisterhood Cocoa Ceremony | Kamila Domin"}]},{"@type":"WebSite","@id":"https:\/\/mamaglobalhealing.com\/#website","url":"https:\/\/mamaglobalhealing.com\/","name":"Mama Global Healing","description":"Kolejna witryna WordPress","potentialAction":[{"@type":"SearchAction","target":{"@type":"EntryPoint","urlTemplate":"https:\/\/mamaglobalhealing.com\/?s={search_term_string}"},"query-input":{"@type":"PropertyValueSpecification","valueRequired":true,"valueName":"search_term_string"}}],"inLanguage":"en-GB"}]}},"_links":{"self":[{"href":"https:\/\/mamaglobalhealing.com\/en\/wp-json\/wp\/v2\/product\/2463","targetHints":{"allow":["GET"]}}],"collection":[{"href":"https:\/\/mamaglobalhealing.com\/en\/wp-json\/wp\/v2\/product"}],"about":[{"href":"https:\/\/mamaglobalhealing.com\/en\/wp-json\/wp\/v2\/types\/product"}],"wp:featuredmedia":[{"embeddable":true,"href":"https:\/\/mamaglobalhealing.com\/en\/wp-json\/wp\/v2\/media\/1992"}],"wp:attachment":[{"href":"https:\/\/mamaglobalhealing.com\/en\/wp-json\/wp\/v2\/media?parent=2463"}],"wp:term":[{"taxonomy":"product_brand","embeddable":true,"href":"https:\/\/mamaglobalhealing.com\/en\/wp-json\/wp\/v2\/product_brand?post=2463"},{"taxonomy":"product_cat","embeddable":true,"href":"https:\/\/mamaglobalhealing.com\/en\/wp-json\/wp\/v2\/product_cat?post=2463"},{"taxonomy":"product_tag","embeddable":true,"href":"https:\/\/mamaglobalhealing.com\/en\/wp-json\/wp\/v2\/product_tag?post=2463"}],"curies":[{"name":"wp","href":"https:\/\/api.w.org\/{rel}","templated":true}]}}