{"id":2474,"date":"2022-04-19T09:15:12","date_gmt":"2022-04-19T09:15:12","guid":{"rendered":"https:\/\/mamaglobalhealing.com\/?post_type=product&#038;p=2474"},"modified":"2022-11-17T11:11:06","modified_gmt":"2022-11-17T11:11:06","slug":"qimen-sztuka-manifestowania-wedlug-metafizyki-chinskiej-warsztat","status":"publish","type":"product","link":"https:\/\/mamaglobalhealing.com\/en\/product\/qimen-sztuka-manifestowania-wedlug-metafizyki-chinskiej-warsztat\/","title":{"rendered":"Qimen sztuka manifestowania wed\u0142ug metafizyki chi\u0144skiej &#8211; warsztat | Korina Horty\u0144ska"},"content":{"rendered":"","protected":false},"excerpt":{"rendered":"<p><span style=\"font-weight: 400;\"> Poznaj narz\u0119dzie metafizyki chi\u0144skiej, kt\u00f3re pomaga osi\u0105ga\u0107 zamierzone cele. Qimen to brama energii, kt\u00f3r\u0105 wszyscy mamy wewn\u0105trz i z kt\u00f3rej mo\u017cemy korzysta\u0107 m.in. podczas medytacji, by uzyska\u0107 po\u017c\u0105dan\u0105 manifestacj\u0119 w \u017cyciu. Staro\u017cytni Chi\u0144czycy stosowali j\u0105 w strategiach wojennych, my u\u017cyjemy jej by manifestowa\u0107 w \u017cyciu codziennym np. miejsce parkingowe, pomocnych ludzi, zasoby, kontakty etc. Poznasz sw\u00f3j &#8222;pa\u0142ac przeznaczenia&#8221; oraz swoje osobiste &#8222;b\u00f3stwo&#8221; i nauczysz si\u0119 korzysta\u0107 z mo\u017cliwo\u015bci jakie daj\u0105.<br \/>\n(niezb\u0119dna znajomo\u015b\u0107 daty urodzenia wraz z godzin\u0105 oraz telefon z internetem by sprawdzi\u0107 swoj\u0105 map\u0119 Qimen) <\/span><\/p>\n<p><b>Prowadz\u0105cy:<\/b><span style=\"font-weight: 400;\"> Karina Horty\u0144ska<\/span><\/p>\n<p><b>Czas trwania:<\/b><span style=\"font-weight: 400;\"> 1.5h<\/span><\/p>\n<p><b>Data i godzina:\u00a0<\/b>sobota 11:00 &#8211; 12:30<\/p>\n<p><b>Miejsce: <\/b><a href=\"https:\/\/mamaglobalhealing.com\/en\/mama-line-up\/karma-place\/\">Karma Place<\/a><\/p>\n<p><b>Ilo\u015b\u0107 os\u00f3b:<\/b><span style=\"font-weight: 400;\"> 20<\/span><\/p>\n<p><b>Dla Kogo:\u00a0<\/b>dla ka\u017cdego<\/p>\n<p><b>Bobasy:<\/b><span style=\"font-weight: 400;\"> tak<\/span><\/p>\n<p><b>Cena:<\/b><span style=\"font-weight: 400;\"> 11<\/span><\/p>","protected":false},"featured_media":2475,"template":"","meta":{"_et_pb_use_builder":"","_et_pb_old_content":"","_et_gb_content_width":""},"product_brand":[],"product_cat":[34,42],"product_tag":[],"class_list":{"0":"post-2474","1":"product","2":"type-product","3":"status-publish","4":"has-post-thumbnail","6":"product_cat-mama-work","7":"product_cat-sobota","9":"first","10":"instock","11":"taxable","12":"shipping-taxable","13":"product-type-simple"},"yoast_head":"<!-- This site is optimized with the Yoast SEO plugin v25.1 - https:\/\/yoast.com\/wordpress\/plugins\/seo\/ -->\n<title>Qimen sztuka manifestowania wed\u0142ug metafizyki chi\u0144skiej - warsztat | Korina Horty\u0144ska - Mama Global Healing<\/title>\n<meta name=\"description\" content=\"Qimen to brama energii, kt\u00f3r\u0105 wszyscy mamy wewn\u0105trz i z kt\u00f3rej mo\u017cemy korzysta\u0107 m.in. podczas medytacji, by uzyska\u0107 po\u017c\u0105dan\u0105 manifestacj\u0119 w \u017cyciu.\" \/>\n<meta name=\"robots\" content=\"index, follow, max-snippet:-1, max-image-preview:large, max-video-preview:-1\" \/>\n<link rel=\"canonical\" href=\"https:\/\/mamaglobalhealing.com\/en\/product\/qimen-sztuka-manifestowania-wedlug-metafizyki-chinskiej-warsztat\/\" \/>\n<meta property=\"og:locale\" content=\"en_GB\" \/>\n<meta property=\"og:type\" content=\"article\" \/>\n<meta property=\"og:title\" content=\"Qimen sztuka manifestowania wed\u0142ug metafizyki chi\u0144skiej - warsztat | Korina Horty\u0144ska\" \/>\n<meta property=\"og:description\" content=\"Qimen to brama energii, kt\u00f3r\u0105 wszyscy mamy wewn\u0105trz i z kt\u00f3rej mo\u017cemy korzysta\u0107 m.in. podczas medytacji, by uzyska\u0107 po\u017c\u0105dan\u0105 manifestacj\u0119 w \u017cyciu.\" \/>\n<meta property=\"og:url\" content=\"https:\/\/mamaglobalhealing.com\/en\/product\/qimen-sztuka-manifestowania-wedlug-metafizyki-chinskiej-warsztat\/\" \/>\n<meta property=\"og:site_name\" content=\"Mama Global Healing\" \/>\n<meta property=\"article:modified_time\" content=\"2022-11-17T11:11:06+00:00\" \/>\n<meta property=\"og:image\" content=\"https:\/\/mamaglobalhealing.com\/wp-content\/uploads\/2022\/04\/Qimen-sztuka.jpg\" \/>\n\t<meta property=\"og:image:width\" content=\"600\" \/>\n\t<meta property=\"og:image:height\" content=\"600\" \/>\n\t<meta property=\"og:image:type\" content=\"image\/jpeg\" \/>\n<meta name=\"twitter:card\" content=\"summary_large_image\" \/>\n<script type=\"application\/ld+json\" class=\"yoast-schema-graph\">{\"@context\":\"https:\/\/schema.org\",\"@graph\":[{\"@type\":\"WebPage\",\"@id\":\"https:\/\/mamaglobalhealing.com\/produkt\/qimen-sztuka-manifestowania-wedlug-metafizyki-chinskiej-warsztat\/\",\"url\":\"https:\/\/mamaglobalhealing.com\/produkt\/qimen-sztuka-manifestowania-wedlug-metafizyki-chinskiej-warsztat\/\",\"name\":\"Qimen sztuka manifestowania wed\u0142ug metafizyki chi\u0144skiej - warsztat | Korina Horty\u0144ska - Mama Global Healing\",\"isPartOf\":{\"@id\":\"https:\/\/mamaglobalhealing.com\/#website\"},\"primaryImageOfPage\":{\"@id\":\"https:\/\/mamaglobalhealing.com\/produkt\/qimen-sztuka-manifestowania-wedlug-metafizyki-chinskiej-warsztat\/#primaryimage\"},\"image\":{\"@id\":\"https:\/\/mamaglobalhealing.com\/produkt\/qimen-sztuka-manifestowania-wedlug-metafizyki-chinskiej-warsztat\/#primaryimage\"},\"thumbnailUrl\":\"https:\/\/mamaglobalhealing.com\/wp-content\/uploads\/2022\/04\/Qimen-sztuka.jpg\",\"datePublished\":\"2022-04-19T09:15:12+00:00\",\"dateModified\":\"2022-11-17T11:11:06+00:00\",\"description\":\"Qimen to brama energii, kt\u00f3r\u0105 wszyscy mamy wewn\u0105trz i z kt\u00f3rej mo\u017cemy korzysta\u0107 m.in. podczas medytacji, by uzyska\u0107 po\u017c\u0105dan\u0105 manifestacj\u0119 w \u017cyciu.\",\"breadcrumb\":{\"@id\":\"https:\/\/mamaglobalhealing.com\/produkt\/qimen-sztuka-manifestowania-wedlug-metafizyki-chinskiej-warsztat\/#breadcrumb\"},\"inLanguage\":\"en-GB\",\"potentialAction\":[{\"@type\":\"ReadAction\",\"target\":[\"https:\/\/mamaglobalhealing.com\/produkt\/qimen-sztuka-manifestowania-wedlug-metafizyki-chinskiej-warsztat\/\"]}]},{\"@type\":\"ImageObject\",\"inLanguage\":\"en-GB\",\"@id\":\"https:\/\/mamaglobalhealing.com\/produkt\/qimen-sztuka-manifestowania-wedlug-metafizyki-chinskiej-warsztat\/#primaryimage\",\"url\":\"https:\/\/mamaglobalhealing.com\/wp-content\/uploads\/2022\/04\/Qimen-sztuka.jpg\",\"contentUrl\":\"https:\/\/mamaglobalhealing.com\/wp-content\/uploads\/2022\/04\/Qimen-sztuka.jpg\",\"width\":600,\"height\":600},{\"@type\":\"BreadcrumbList\",\"@id\":\"https:\/\/mamaglobalhealing.com\/produkt\/qimen-sztuka-manifestowania-wedlug-metafizyki-chinskiej-warsztat\/#breadcrumb\",\"itemListElement\":[{\"@type\":\"ListItem\",\"position\":1,\"name\":\"Strona g\u0142\u00f3wna\",\"item\":\"https:\/\/mamaglobalhealing.com\/\"},{\"@type\":\"ListItem\",\"position\":2,\"name\":\"Sklep\",\"item\":\"https:\/\/mamaglobalhealing.com\/sklep\/\"},{\"@type\":\"ListItem\",\"position\":3,\"name\":\"Qimen sztuka manifestowania wed\u0142ug metafizyki chi\u0144skiej &#8211; warsztat | Korina Horty\u0144ska\"}]},{\"@type\":\"WebSite\",\"@id\":\"https:\/\/mamaglobalhealing.com\/#website\",\"url\":\"https:\/\/mamaglobalhealing.com\/\",\"name\":\"Mama Global Healing\",\"description\":\"Kolejna witryna WordPress\",\"potentialAction\":[{\"@type\":\"SearchAction\",\"target\":{\"@type\":\"EntryPoint\",\"urlTemplate\":\"https:\/\/mamaglobalhealing.com\/?s={search_term_string}\"},\"query-input\":{\"@type\":\"PropertyValueSpecification\",\"valueRequired\":true,\"valueName\":\"search_term_string\"}}],\"inLanguage\":\"en-GB\"}]}<\/script>\n<!-- \/ Yoast SEO plugin. -->","yoast_head_json":{"title":"Qimen sztuka manifestowania wed\u0142ug metafizyki chi\u0144skiej - warsztat | Korina Horty\u0144ska - Mama Global Healing","description":"Qimen to brama energii, kt\u00f3r\u0105 wszyscy mamy wewn\u0105trz i z kt\u00f3rej mo\u017cemy korzysta\u0107 m.in. podczas medytacji, by uzyska\u0107 po\u017c\u0105dan\u0105 manifestacj\u0119 w \u017cyciu.","robots":{"index":"index","follow":"follow","max-snippet":"max-snippet:-1","max-image-preview":"max-image-preview:large","max-video-preview":"max-video-preview:-1"},"canonical":"https:\/\/mamaglobalhealing.com\/en\/product\/qimen-sztuka-manifestowania-wedlug-metafizyki-chinskiej-warsztat\/","og_locale":"en_GB","og_type":"article","og_title":"Qimen sztuka manifestowania wed\u0142ug metafizyki chi\u0144skiej - warsztat | Korina Horty\u0144ska","og_description":"Qimen to brama energii, kt\u00f3r\u0105 wszyscy mamy wewn\u0105trz i z kt\u00f3rej mo\u017cemy korzysta\u0107 m.in. podczas medytacji, by uzyska\u0107 po\u017c\u0105dan\u0105 manifestacj\u0119 w \u017cyciu.","og_url":"https:\/\/mamaglobalhealing.com\/en\/product\/qimen-sztuka-manifestowania-wedlug-metafizyki-chinskiej-warsztat\/","og_site_name":"Mama Global Healing","article_modified_time":"2022-11-17T11:11:06+00:00","og_image":[{"width":600,"height":600,"url":"https:\/\/mamaglobalhealing.com\/wp-content\/uploads\/2022\/04\/Qimen-sztuka.jpg","type":"image\/jpeg"}],"twitter_card":"summary_large_image","schema":{"@context":"https:\/\/schema.org","@graph":[{"@type":"WebPage","@id":"https:\/\/mamaglobalhealing.com\/produkt\/qimen-sztuka-manifestowania-wedlug-metafizyki-chinskiej-warsztat\/","url":"https:\/\/mamaglobalhealing.com\/produkt\/qimen-sztuka-manifestowania-wedlug-metafizyki-chinskiej-warsztat\/","name":"Qimen sztuka manifestowania wed\u0142ug metafizyki chi\u0144skiej - warsztat | Korina Horty\u0144ska - Mama Global Healing","isPartOf":{"@id":"https:\/\/mamaglobalhealing.com\/#website"},"primaryImageOfPage":{"@id":"https:\/\/mamaglobalhealing.com\/produkt\/qimen-sztuka-manifestowania-wedlug-metafizyki-chinskiej-warsztat\/#primaryimage"},"image":{"@id":"https:\/\/mamaglobalhealing.com\/produkt\/qimen-sztuka-manifestowania-wedlug-metafizyki-chinskiej-warsztat\/#primaryimage"},"thumbnailUrl":"https:\/\/mamaglobalhealing.com\/wp-content\/uploads\/2022\/04\/Qimen-sztuka.jpg","datePublished":"2022-04-19T09:15:12+00:00","dateModified":"2022-11-17T11:11:06+00:00","description":"Qimen to brama energii, kt\u00f3r\u0105 wszyscy mamy wewn\u0105trz i z kt\u00f3rej mo\u017cemy korzysta\u0107 m.in. podczas medytacji, by uzyska\u0107 po\u017c\u0105dan\u0105 manifestacj\u0119 w \u017cyciu.","breadcrumb":{"@id":"https:\/\/mamaglobalhealing.com\/produkt\/qimen-sztuka-manifestowania-wedlug-metafizyki-chinskiej-warsztat\/#breadcrumb"},"inLanguage":"en-GB","potentialAction":[{"@type":"ReadAction","target":["https:\/\/mamaglobalhealing.com\/produkt\/qimen-sztuka-manifestowania-wedlug-metafizyki-chinskiej-warsztat\/"]}]},{"@type":"ImageObject","inLanguage":"en-GB","@id":"https:\/\/mamaglobalhealing.com\/produkt\/qimen-sztuka-manifestowania-wedlug-metafizyki-chinskiej-warsztat\/#primaryimage","url":"https:\/\/mamaglobalhealing.com\/wp-content\/uploads\/2022\/04\/Qimen-sztuka.jpg","contentUrl":"https:\/\/mamaglobalhealing.com\/wp-content\/uploads\/2022\/04\/Qimen-sztuka.jpg","width":600,"height":600},{"@type":"BreadcrumbList","@id":"https:\/\/mamaglobalhealing.com\/produkt\/qimen-sztuka-manifestowania-wedlug-metafizyki-chinskiej-warsztat\/#breadcrumb","itemListElement":[{"@type":"ListItem","position":1,"name":"Strona g\u0142\u00f3wna","item":"https:\/\/mamaglobalhealing.com\/"},{"@type":"ListItem","position":2,"name":"Sklep","item":"https:\/\/mamaglobalhealing.com\/sklep\/"},{"@type":"ListItem","position":3,"name":"Qimen sztuka manifestowania wed\u0142ug metafizyki chi\u0144skiej &#8211; warsztat | Korina Horty\u0144ska"}]},{"@type":"WebSite","@id":"https:\/\/mamaglobalhealing.com\/#website","url":"https:\/\/mamaglobalhealing.com\/","name":"Mama Global Healing","description":"Kolejna witryna WordPress","potentialAction":[{"@type":"SearchAction","target":{"@type":"EntryPoint","urlTemplate":"https:\/\/mamaglobalhealing.com\/?s={search_term_string}"},"query-input":{"@type":"PropertyValueSpecification","valueRequired":true,"valueName":"search_term_string"}}],"inLanguage":"en-GB"}]}},"_links":{"self":[{"href":"https:\/\/mamaglobalhealing.com\/en\/wp-json\/wp\/v2\/product\/2474","targetHints":{"allow":["GET"]}}],"collection":[{"href":"https:\/\/mamaglobalhealing.com\/en\/wp-json\/wp\/v2\/product"}],"about":[{"href":"https:\/\/mamaglobalhealing.com\/en\/wp-json\/wp\/v2\/types\/product"}],"wp:featuredmedia":[{"embeddable":true,"href":"https:\/\/mamaglobalhealing.com\/en\/wp-json\/wp\/v2\/media\/2475"}],"wp:attachment":[{"href":"https:\/\/mamaglobalhealing.com\/en\/wp-json\/wp\/v2\/media?parent=2474"}],"wp:term":[{"taxonomy":"product_brand","embeddable":true,"href":"https:\/\/mamaglobalhealing.com\/en\/wp-json\/wp\/v2\/product_brand?post=2474"},{"taxonomy":"product_cat","embeddable":true,"href":"https:\/\/mamaglobalhealing.com\/en\/wp-json\/wp\/v2\/product_cat?post=2474"},{"taxonomy":"product_tag","embeddable":true,"href":"https:\/\/mamaglobalhealing.com\/en\/wp-json\/wp\/v2\/product_tag?post=2474"}],"curies":[{"name":"wp","href":"https:\/\/api.w.org\/{rel}","templated":true}]}}