{"id":2476,"date":"2022-04-19T09:27:13","date_gmt":"2022-04-19T09:27:13","guid":{"rendered":"https:\/\/mamaglobalhealing.com\/?post_type=product&#038;p=2476"},"modified":"2022-11-17T11:08:38","modified_gmt":"2022-11-17T11:08:38","slug":"first-moon-circle","status":"publish","type":"product","link":"https:\/\/mamaglobalhealing.com\/en\/product\/first-moon-circle\/","title":{"rendered":"First Moon Circle | Margo Kido"},"content":{"rendered":"","protected":false},"excerpt":{"rendered":"<p><span style=\"font-weight: 400;\"> A circle about puberty, the first menstruation, how to prepare your daughter and yourself for this special day, about the menarche ceremony and how to take care of the female body during the cycle and during the period to experience its beauty and strength. <\/span><\/p>\n<p><b>Prowadz\u0105ca:<\/b><span style=\"font-weight: 400;\"> Margo Kido <\/span><\/p>\n<p><b>Czas trwania:<\/b><span style=\"font-weight: 400;\"> 2h<\/span><\/p>\n<p><b>Data i godzina:\u00a0<\/b>pi\u0105tek 15:30 &#8211; 17:30<\/p>\n<p><b>Miejsce:<\/b><a href=\"https:\/\/mamaglobalhealing.com\/en\/mama-line-up\/baby-tipi\/\"> Baby Tipi<\/a><\/p>\n<p><b>Ilo\u015b\u0107 os\u00f3b:<\/b><span style=\"font-weight: 400;\"> 16<\/span><\/p>\n<p><b>Dla Kogo: <\/b><span style=\"font-weight: 400;\">dla mam, kt\u00f3rych c\u00f3rki zaczn\u0105 miesi\u0105czkowa\u0107<\/span><\/p>\n<p><b>Bobasy:<\/b><span style=\"font-weight: 400;\"> tak\u00a0<\/span><\/p>\n<p><b>Cena:<\/b><span style=\"font-weight: 400;\"> 33<\/span><\/p>","protected":false},"featured_media":2477,"template":"","meta":{"_et_pb_use_builder":"","_et_pb_old_content":"","_et_gb_content_width":""},"product_brand":[],"product_cat":[34,41],"product_tag":[],"class_list":{"0":"post-2476","1":"product","2":"type-product","3":"status-publish","4":"has-post-thumbnail","6":"product_cat-mama-work","7":"product_cat-piatek","9":"first","10":"instock","11":"virtual","12":"taxable","13":"product-type-simple"},"yoast_head":"<!-- This site is optimized with the Yoast SEO plugin v25.1 - https:\/\/yoast.com\/wordpress\/plugins\/seo\/ -->\n<title>First Moon Circle | Margo Kido - Mama Global Healing<\/title>\n<meta name=\"description\" content=\"Kr\u0105g o dojrzewaniu, pierwszej miesi\u0105czce, o tym w jaki spos\u00f3b przygotowa\u0107 c\u00f3rk\u0119 i siebie na ten wyj\u0105tkowy dzie\u0144, o ceremonii Menarche oraz o tym jak dba\u0107 o kobiece cia\u0142o w trakcie cyklu i podczas miesi\u0105czki by do\u015bwiadcza\u0107 jej pi\u0119kna i mocy.\" \/>\n<meta name=\"robots\" content=\"index, follow, max-snippet:-1, max-image-preview:large, max-video-preview:-1\" \/>\n<link rel=\"canonical\" href=\"https:\/\/mamaglobalhealing.com\/en\/product\/first-moon-circle\/\" \/>\n<meta property=\"og:locale\" content=\"en_GB\" \/>\n<meta property=\"og:type\" content=\"article\" \/>\n<meta property=\"og:title\" content=\"First Moon Circle | Margo Kido\" \/>\n<meta property=\"og:description\" content=\"Kr\u0105g o dojrzewaniu, pierwszej miesi\u0105czce, o tym w jaki spos\u00f3b przygotowa\u0107 c\u00f3rk\u0119 i siebie na ten wyj\u0105tkowy dzie\u0144, o ceremonii Menarche oraz o tym jak dba\u0107 o kobiece cia\u0142o w trakcie cyklu i podczas miesi\u0105czki by do\u015bwiadcza\u0107 jej pi\u0119kna i mocy.\" \/>\n<meta property=\"og:url\" content=\"https:\/\/mamaglobalhealing.com\/en\/product\/first-moon-circle\/\" \/>\n<meta property=\"og:site_name\" content=\"Mama Global Healing\" \/>\n<meta property=\"article:modified_time\" content=\"2022-11-17T11:08:38+00:00\" \/>\n<meta property=\"og:image\" content=\"https:\/\/mamaglobalhealing.com\/wp-content\/uploads\/2022\/04\/first-moon-circle.jpg\" \/>\n\t<meta property=\"og:image:width\" content=\"800\" \/>\n\t<meta property=\"og:image:height\" content=\"800\" \/>\n\t<meta property=\"og:image:type\" content=\"image\/jpeg\" \/>\n<meta name=\"twitter:card\" content=\"summary_large_image\" \/>\n<script type=\"application\/ld+json\" class=\"yoast-schema-graph\">{\"@context\":\"https:\/\/schema.org\",\"@graph\":[{\"@type\":\"WebPage\",\"@id\":\"https:\/\/mamaglobalhealing.com\/en\/product\/first-moon-circle\/\",\"url\":\"https:\/\/mamaglobalhealing.com\/en\/product\/first-moon-circle\/\",\"name\":\"First Moon Circle | Margo Kido - Mama Global Healing\",\"isPartOf\":{\"@id\":\"https:\/\/mamaglobalhealing.com\/#website\"},\"primaryImageOfPage\":{\"@id\":\"https:\/\/mamaglobalhealing.com\/en\/product\/first-moon-circle\/#primaryimage\"},\"image\":{\"@id\":\"https:\/\/mamaglobalhealing.com\/en\/product\/first-moon-circle\/#primaryimage\"},\"thumbnailUrl\":\"https:\/\/mamaglobalhealing.com\/wp-content\/uploads\/2022\/04\/first-moon-circle.jpg\",\"datePublished\":\"2022-04-19T09:27:13+00:00\",\"dateModified\":\"2022-11-17T11:08:38+00:00\",\"description\":\"Kr\u0105g o dojrzewaniu, pierwszej miesi\u0105czce, o tym w jaki spos\u00f3b przygotowa\u0107 c\u00f3rk\u0119 i siebie na ten wyj\u0105tkowy dzie\u0144, o ceremonii Menarche oraz o tym jak dba\u0107 o kobiece cia\u0142o w trakcie cyklu i podczas miesi\u0105czki by do\u015bwiadcza\u0107 jej pi\u0119kna i mocy.\",\"breadcrumb\":{\"@id\":\"https:\/\/mamaglobalhealing.com\/en\/product\/first-moon-circle\/#breadcrumb\"},\"inLanguage\":\"en-GB\",\"potentialAction\":[{\"@type\":\"ReadAction\",\"target\":[\"https:\/\/mamaglobalhealing.com\/en\/product\/first-moon-circle\/\"]}]},{\"@type\":\"ImageObject\",\"inLanguage\":\"en-GB\",\"@id\":\"https:\/\/mamaglobalhealing.com\/en\/product\/first-moon-circle\/#primaryimage\",\"url\":\"https:\/\/mamaglobalhealing.com\/wp-content\/uploads\/2022\/04\/first-moon-circle.jpg\",\"contentUrl\":\"https:\/\/mamaglobalhealing.com\/wp-content\/uploads\/2022\/04\/first-moon-circle.jpg\",\"width\":800,\"height\":800},{\"@type\":\"BreadcrumbList\",\"@id\":\"https:\/\/mamaglobalhealing.com\/en\/product\/first-moon-circle\/#breadcrumb\",\"itemListElement\":[{\"@type\":\"ListItem\",\"position\":1,\"name\":\"Strona g\u0142\u00f3wna\",\"item\":\"https:\/\/mamaglobalhealing.com\/\"},{\"@type\":\"ListItem\",\"position\":2,\"name\":\"Sklep\",\"item\":\"https:\/\/mamaglobalhealing.com\/sklep\/\"},{\"@type\":\"ListItem\",\"position\":3,\"name\":\"First Moon Circle | Margo Kido\"}]},{\"@type\":\"WebSite\",\"@id\":\"https:\/\/mamaglobalhealing.com\/#website\",\"url\":\"https:\/\/mamaglobalhealing.com\/\",\"name\":\"Mama Global Healing\",\"description\":\"Kolejna witryna WordPress\",\"potentialAction\":[{\"@type\":\"SearchAction\",\"target\":{\"@type\":\"EntryPoint\",\"urlTemplate\":\"https:\/\/mamaglobalhealing.com\/?s={search_term_string}\"},\"query-input\":{\"@type\":\"PropertyValueSpecification\",\"valueRequired\":true,\"valueName\":\"search_term_string\"}}],\"inLanguage\":\"en-GB\"}]}<\/script>\n<!-- \/ Yoast SEO plugin. -->","yoast_head_json":{"title":"First Moon Circle | Margo Kido - Mama Global Healing","description":"Kr\u0105g o dojrzewaniu, pierwszej miesi\u0105czce, o tym w jaki spos\u00f3b przygotowa\u0107 c\u00f3rk\u0119 i siebie na ten wyj\u0105tkowy dzie\u0144, o ceremonii Menarche oraz o tym jak dba\u0107 o kobiece cia\u0142o w trakcie cyklu i podczas miesi\u0105czki by do\u015bwiadcza\u0107 jej pi\u0119kna i mocy.","robots":{"index":"index","follow":"follow","max-snippet":"max-snippet:-1","max-image-preview":"max-image-preview:large","max-video-preview":"max-video-preview:-1"},"canonical":"https:\/\/mamaglobalhealing.com\/en\/product\/first-moon-circle\/","og_locale":"en_GB","og_type":"article","og_title":"First Moon Circle | Margo Kido","og_description":"Kr\u0105g o dojrzewaniu, pierwszej miesi\u0105czce, o tym w jaki spos\u00f3b przygotowa\u0107 c\u00f3rk\u0119 i siebie na ten wyj\u0105tkowy dzie\u0144, o ceremonii Menarche oraz o tym jak dba\u0107 o kobiece cia\u0142o w trakcie cyklu i podczas miesi\u0105czki by do\u015bwiadcza\u0107 jej pi\u0119kna i mocy.","og_url":"https:\/\/mamaglobalhealing.com\/en\/product\/first-moon-circle\/","og_site_name":"Mama Global Healing","article_modified_time":"2022-11-17T11:08:38+00:00","og_image":[{"width":800,"height":800,"url":"https:\/\/mamaglobalhealing.com\/wp-content\/uploads\/2022\/04\/first-moon-circle.jpg","type":"image\/jpeg"}],"twitter_card":"summary_large_image","schema":{"@context":"https:\/\/schema.org","@graph":[{"@type":"WebPage","@id":"https:\/\/mamaglobalhealing.com\/en\/product\/first-moon-circle\/","url":"https:\/\/mamaglobalhealing.com\/en\/product\/first-moon-circle\/","name":"First Moon Circle | Margo Kido - Mama Global Healing","isPartOf":{"@id":"https:\/\/mamaglobalhealing.com\/#website"},"primaryImageOfPage":{"@id":"https:\/\/mamaglobalhealing.com\/en\/product\/first-moon-circle\/#primaryimage"},"image":{"@id":"https:\/\/mamaglobalhealing.com\/en\/product\/first-moon-circle\/#primaryimage"},"thumbnailUrl":"https:\/\/mamaglobalhealing.com\/wp-content\/uploads\/2022\/04\/first-moon-circle.jpg","datePublished":"2022-04-19T09:27:13+00:00","dateModified":"2022-11-17T11:08:38+00:00","description":"Kr\u0105g o dojrzewaniu, pierwszej miesi\u0105czce, o tym w jaki spos\u00f3b przygotowa\u0107 c\u00f3rk\u0119 i siebie na ten wyj\u0105tkowy dzie\u0144, o ceremonii Menarche oraz o tym jak dba\u0107 o kobiece cia\u0142o w trakcie cyklu i podczas miesi\u0105czki by do\u015bwiadcza\u0107 jej pi\u0119kna i mocy.","breadcrumb":{"@id":"https:\/\/mamaglobalhealing.com\/en\/product\/first-moon-circle\/#breadcrumb"},"inLanguage":"en-GB","potentialAction":[{"@type":"ReadAction","target":["https:\/\/mamaglobalhealing.com\/en\/product\/first-moon-circle\/"]}]},{"@type":"ImageObject","inLanguage":"en-GB","@id":"https:\/\/mamaglobalhealing.com\/en\/product\/first-moon-circle\/#primaryimage","url":"https:\/\/mamaglobalhealing.com\/wp-content\/uploads\/2022\/04\/first-moon-circle.jpg","contentUrl":"https:\/\/mamaglobalhealing.com\/wp-content\/uploads\/2022\/04\/first-moon-circle.jpg","width":800,"height":800},{"@type":"BreadcrumbList","@id":"https:\/\/mamaglobalhealing.com\/en\/product\/first-moon-circle\/#breadcrumb","itemListElement":[{"@type":"ListItem","position":1,"name":"Strona g\u0142\u00f3wna","item":"https:\/\/mamaglobalhealing.com\/"},{"@type":"ListItem","position":2,"name":"Sklep","item":"https:\/\/mamaglobalhealing.com\/sklep\/"},{"@type":"ListItem","position":3,"name":"First Moon Circle | Margo Kido"}]},{"@type":"WebSite","@id":"https:\/\/mamaglobalhealing.com\/#website","url":"https:\/\/mamaglobalhealing.com\/","name":"Mama Global Healing","description":"Kolejna witryna WordPress","potentialAction":[{"@type":"SearchAction","target":{"@type":"EntryPoint","urlTemplate":"https:\/\/mamaglobalhealing.com\/?s={search_term_string}"},"query-input":{"@type":"PropertyValueSpecification","valueRequired":true,"valueName":"search_term_string"}}],"inLanguage":"en-GB"}]}},"_links":{"self":[{"href":"https:\/\/mamaglobalhealing.com\/en\/wp-json\/wp\/v2\/product\/2476","targetHints":{"allow":["GET"]}}],"collection":[{"href":"https:\/\/mamaglobalhealing.com\/en\/wp-json\/wp\/v2\/product"}],"about":[{"href":"https:\/\/mamaglobalhealing.com\/en\/wp-json\/wp\/v2\/types\/product"}],"wp:featuredmedia":[{"embeddable":true,"href":"https:\/\/mamaglobalhealing.com\/en\/wp-json\/wp\/v2\/media\/2477"}],"wp:attachment":[{"href":"https:\/\/mamaglobalhealing.com\/en\/wp-json\/wp\/v2\/media?parent=2476"}],"wp:term":[{"taxonomy":"product_brand","embeddable":true,"href":"https:\/\/mamaglobalhealing.com\/en\/wp-json\/wp\/v2\/product_brand?post=2476"},{"taxonomy":"product_cat","embeddable":true,"href":"https:\/\/mamaglobalhealing.com\/en\/wp-json\/wp\/v2\/product_cat?post=2476"},{"taxonomy":"product_tag","embeddable":true,"href":"https:\/\/mamaglobalhealing.com\/en\/wp-json\/wp\/v2\/product_tag?post=2476"}],"curies":[{"name":"wp","href":"https:\/\/api.w.org\/{rel}","templated":true}]}}