{"id":2480,"date":"2022-04-19T09:45:56","date_gmt":"2022-04-19T09:45:56","guid":{"rendered":"https:\/\/mamaglobalhealing.com\/?post_type=product&#038;p=2480"},"modified":"2022-11-17T11:08:25","modified_gmt":"2022-11-17T11:08:25","slug":"ayurvedic-man","status":"publish","type":"product","link":"https:\/\/mamaglobalhealing.com\/en\/product\/ayurvedic-man\/","title":{"rendered":"Ayurvedic Man | Bartosz Ayu Bobkowski"},"content":{"rendered":"","protected":false},"excerpt":{"rendered":"<p>Usi\u0105dziemy do kr\u0119gu z esencj\u0105 \u017cywio\u0142\u00f3w, z tej perspektywy pochylimy si\u0119 nad potrzebami i bol\u0105czkami codziennego \u017cycia, naszego potencja\u0142u, naszych relacji i naszego zdrowia. Bazuj\u0105c na wieloletniej praktyce pracy z \u017cywio\u0142ami,\u00a0 w ajurwedyjskiej pracy klinicznej, czy pracy z \u017cywio\u0142ami na poziomie ducha w medytacji i integracji \u017cywio\u0142\u00f3w z codziennym \u017cyciem &#8211; podziel\u0119 si\u0119 z wami swoj\u0105 perspektyw\u0105 w otwarto\u015bci rezonuj\u0105c z tym czym si\u0119 podzielicie i co w praktyce mo\u017cemy z tym zrobi\u0107. Patrzenie na \u017cycie z perspektywy \u017cywio\u0142\u00f3w daje nam dystans, u\u015bwiadamia iluzjoryczno\u015b\u0107 problem\u00f3w, emocji, mo\u017cliwo\u015b\u0107 od\u017cywienia i zmiany nier\u00f3wnowagi \u017cywio\u0142\u00f3w. Te zrozumienie daje nam wytchnienie, nadziej\u0119, now\u0105 perspektyw\u0119 i si\u0142\u0119 do dzia\u0142ania czy ogarni\u0119cia si\u0119. Do zobaczenia wkr\u00f3tce bracia.<\/p>\n<p><b>Prowadz\u0105cy:<\/b><span style=\"font-weight: 400;\"> Bartosz Ayu Bobkowski<\/span><\/p>\n<p><b>Czas Trwania:<\/b><span style=\"font-weight: 400;\"> 3h\u00a0<\/span><\/p>\n<p><b>Data i godzina:<\/b> pi\u0105tek 13:30 &#8211; 15:30<\/p>\n<p><b>Miejsce: <\/b> <a href=\"https:\/\/mamaglobalhealing.com\/en\/mama-line-up\/dharma-tipi\/\">Dharma Tipi<\/a><\/p>\n<p><b>Liczba Os\u00f3b:<\/b><span style=\"font-weight: 400;\"> 15 <\/span><\/p>\n<p><b>Dla Kogo: <\/b>M\u0119\u017cczy\u017ani | <span style=\"font-weight: 400;\">Men<\/span><\/p>\n<p><b>Bobasy:<\/b><span style=\"font-weight: 400;\"> nie <\/span><\/p>\n<p><b>Cena: <\/b>33z\u0142<\/p>","protected":false},"featured_media":2481,"template":"","meta":{"_et_pb_use_builder":"","_et_pb_old_content":"","_et_gb_content_width":""},"product_brand":[],"product_cat":[34,41],"product_tag":[],"class_list":{"0":"post-2480","1":"product","2":"type-product","3":"status-publish","4":"has-post-thumbnail","6":"product_cat-mama-work","7":"product_cat-piatek","9":"first","10":"instock","11":"virtual","12":"taxable","13":"product-type-simple"},"yoast_head":"<!-- This site is optimized with the Yoast SEO plugin v25.1 - https:\/\/yoast.com\/wordpress\/plugins\/seo\/ -->\n<title>Ayurvedic Man | Bartosz Ayu Bobkowski - Mama Global Healing<\/title>\n<meta name=\"robots\" content=\"index, follow, max-snippet:-1, max-image-preview:large, max-video-preview:-1\" \/>\n<link rel=\"canonical\" href=\"http:\/\/mamaglobalhealing.com\/en\/product\/ayurvedic-man\/\" \/>\n<meta property=\"og:locale\" content=\"en_GB\" \/>\n<meta property=\"og:type\" content=\"article\" \/>\n<meta property=\"og:title\" content=\"Ayurvedic Man | Bartosz Ayu Bobkowski - Mama Global Healing\" \/>\n<meta property=\"og:description\" content=\"Usi\u0105dziemy do kr\u0119gu z esencj\u0105 \u017cywio\u0142\u00f3w, z tej perspektywy pochylimy si\u0119 nad potrzebami i bol\u0105czkami codziennego \u017cycia, naszego potencja\u0142u, naszych relacji i naszego zdrowia. Bazuj\u0105c na wieloletniej praktyce pracy z \u017cywio\u0142ami,\u00a0 w ajurwedyjskiej pracy klinicznej, czy pracy z \u017cywio\u0142ami na poziomie ducha w medytacji i integracji \u017cywio\u0142\u00f3w z codziennym \u017cyciem - podziel\u0119 si\u0119 z wami swoj\u0105 perspektyw\u0105 w otwarto\u015bci rezonuj\u0105c z tym czym si\u0119 podzielicie i co w praktyce mo\u017cemy z tym zrobi\u0107. Patrzenie na \u017cycie z perspektywy \u017cywio\u0142\u00f3w daje nam dystans, u\u015bwiadamia iluzjoryczno\u015b\u0107 problem\u00f3w, emocji, mo\u017cliwo\u015b\u0107 od\u017cywienia i zmiany nier\u00f3wnowagi \u017cywio\u0142\u00f3w. Te zrozumienie daje nam wytchnienie, nadziej\u0119, now\u0105 perspektyw\u0119 i si\u0142\u0119 do dzia\u0142ania czy ogarni\u0119cia si\u0119. Do zobaczenia wkr\u00f3tce bracia.  Prowadz\u0105cy: Bartosz Ayu Bobkowski  Czas Trwania: 3h\u00a0  Data i godzina: pi\u0105tek 13:30 - 15:30  Miejsce: Dharma Tipi  Liczba Os\u00f3b: 15   Dla Kogo: M\u0119\u017cczy\u017ani | Men  Bobasy: nie   Cena: 33z\u0142\" \/>\n<meta property=\"og:url\" content=\"http:\/\/mamaglobalhealing.com\/en\/product\/ayurvedic-man\/\" \/>\n<meta property=\"og:site_name\" content=\"Mama Global Healing\" \/>\n<meta property=\"article:modified_time\" content=\"2022-11-17T11:08:25+00:00\" \/>\n<meta property=\"og:image\" content=\"http:\/\/mamaglobalhealing.com\/wp-content\/uploads\/2022\/04\/ajurvedic-man.jpg\" \/>\n\t<meta property=\"og:image:width\" content=\"800\" \/>\n\t<meta property=\"og:image:height\" content=\"800\" \/>\n\t<meta property=\"og:image:type\" content=\"image\/jpeg\" \/>\n<meta name=\"twitter:card\" content=\"summary_large_image\" \/>\n<script type=\"application\/ld+json\" class=\"yoast-schema-graph\">{\"@context\":\"https:\/\/schema.org\",\"@graph\":[{\"@type\":\"WebPage\",\"@id\":\"http:\/\/mamaglobalhealing.com\/produkt\/ayurvedic-man\/\",\"url\":\"http:\/\/mamaglobalhealing.com\/produkt\/ayurvedic-man\/\",\"name\":\"Ayurvedic Man | Bartosz Ayu Bobkowski - Mama Global Healing\",\"isPartOf\":{\"@id\":\"https:\/\/mamaglobalhealing.com\/#website\"},\"primaryImageOfPage\":{\"@id\":\"http:\/\/mamaglobalhealing.com\/produkt\/ayurvedic-man\/#primaryimage\"},\"image\":{\"@id\":\"http:\/\/mamaglobalhealing.com\/produkt\/ayurvedic-man\/#primaryimage\"},\"thumbnailUrl\":\"https:\/\/mamaglobalhealing.com\/wp-content\/uploads\/2022\/04\/ajurvedic-man.jpg\",\"datePublished\":\"2022-04-19T09:45:56+00:00\",\"dateModified\":\"2022-11-17T11:08:25+00:00\",\"breadcrumb\":{\"@id\":\"http:\/\/mamaglobalhealing.com\/produkt\/ayurvedic-man\/#breadcrumb\"},\"inLanguage\":\"en-GB\",\"potentialAction\":[{\"@type\":\"ReadAction\",\"target\":[\"http:\/\/mamaglobalhealing.com\/produkt\/ayurvedic-man\/\"]}]},{\"@type\":\"ImageObject\",\"inLanguage\":\"en-GB\",\"@id\":\"http:\/\/mamaglobalhealing.com\/produkt\/ayurvedic-man\/#primaryimage\",\"url\":\"https:\/\/mamaglobalhealing.com\/wp-content\/uploads\/2022\/04\/ajurvedic-man.jpg\",\"contentUrl\":\"https:\/\/mamaglobalhealing.com\/wp-content\/uploads\/2022\/04\/ajurvedic-man.jpg\",\"width\":800,\"height\":800},{\"@type\":\"BreadcrumbList\",\"@id\":\"http:\/\/mamaglobalhealing.com\/produkt\/ayurvedic-man\/#breadcrumb\",\"itemListElement\":[{\"@type\":\"ListItem\",\"position\":1,\"name\":\"Strona g\u0142\u00f3wna\",\"item\":\"https:\/\/mamaglobalhealing.com\/\"},{\"@type\":\"ListItem\",\"position\":2,\"name\":\"Sklep\",\"item\":\"https:\/\/mamaglobalhealing.com\/sklep\/\"},{\"@type\":\"ListItem\",\"position\":3,\"name\":\"Ayurvedic Man | Bartosz Ayu Bobkowski\"}]},{\"@type\":\"WebSite\",\"@id\":\"https:\/\/mamaglobalhealing.com\/#website\",\"url\":\"https:\/\/mamaglobalhealing.com\/\",\"name\":\"Mama Global Healing\",\"description\":\"Kolejna witryna WordPress\",\"potentialAction\":[{\"@type\":\"SearchAction\",\"target\":{\"@type\":\"EntryPoint\",\"urlTemplate\":\"https:\/\/mamaglobalhealing.com\/?s={search_term_string}\"},\"query-input\":{\"@type\":\"PropertyValueSpecification\",\"valueRequired\":true,\"valueName\":\"search_term_string\"}}],\"inLanguage\":\"en-GB\"}]}<\/script>\n<!-- \/ Yoast SEO plugin. -->","yoast_head_json":{"title":"Ayurvedic Man | Bartosz Ayu Bobkowski - Mama Global Healing","robots":{"index":"index","follow":"follow","max-snippet":"max-snippet:-1","max-image-preview":"max-image-preview:large","max-video-preview":"max-video-preview:-1"},"canonical":"http:\/\/mamaglobalhealing.com\/en\/product\/ayurvedic-man\/","og_locale":"en_GB","og_type":"article","og_title":"Ayurvedic Man | Bartosz Ayu Bobkowski - Mama Global Healing","og_description":"Usi\u0105dziemy do kr\u0119gu z esencj\u0105 \u017cywio\u0142\u00f3w, z tej perspektywy pochylimy si\u0119 nad potrzebami i bol\u0105czkami codziennego \u017cycia, naszego potencja\u0142u, naszych relacji i naszego zdrowia. Bazuj\u0105c na wieloletniej praktyce pracy z \u017cywio\u0142ami,\u00a0 w ajurwedyjskiej pracy klinicznej, czy pracy z \u017cywio\u0142ami na poziomie ducha w medytacji i integracji \u017cywio\u0142\u00f3w z codziennym \u017cyciem - podziel\u0119 si\u0119 z wami swoj\u0105 perspektyw\u0105 w otwarto\u015bci rezonuj\u0105c z tym czym si\u0119 podzielicie i co w praktyce mo\u017cemy z tym zrobi\u0107. Patrzenie na \u017cycie z perspektywy \u017cywio\u0142\u00f3w daje nam dystans, u\u015bwiadamia iluzjoryczno\u015b\u0107 problem\u00f3w, emocji, mo\u017cliwo\u015b\u0107 od\u017cywienia i zmiany nier\u00f3wnowagi \u017cywio\u0142\u00f3w. Te zrozumienie daje nam wytchnienie, nadziej\u0119, now\u0105 perspektyw\u0119 i si\u0142\u0119 do dzia\u0142ania czy ogarni\u0119cia si\u0119. Do zobaczenia wkr\u00f3tce bracia.  Prowadz\u0105cy: Bartosz Ayu Bobkowski  Czas Trwania: 3h\u00a0  Data i godzina: pi\u0105tek 13:30 - 15:30  Miejsce: Dharma Tipi  Liczba Os\u00f3b: 15   Dla Kogo: M\u0119\u017cczy\u017ani | Men  Bobasy: nie   Cena: 33z\u0142","og_url":"http:\/\/mamaglobalhealing.com\/en\/product\/ayurvedic-man\/","og_site_name":"Mama Global Healing","article_modified_time":"2022-11-17T11:08:25+00:00","og_image":[{"width":800,"height":800,"url":"http:\/\/mamaglobalhealing.com\/wp-content\/uploads\/2022\/04\/ajurvedic-man.jpg","type":"image\/jpeg"}],"twitter_card":"summary_large_image","schema":{"@context":"https:\/\/schema.org","@graph":[{"@type":"WebPage","@id":"http:\/\/mamaglobalhealing.com\/produkt\/ayurvedic-man\/","url":"http:\/\/mamaglobalhealing.com\/produkt\/ayurvedic-man\/","name":"Ayurvedic Man | Bartosz Ayu Bobkowski - Mama Global Healing","isPartOf":{"@id":"https:\/\/mamaglobalhealing.com\/#website"},"primaryImageOfPage":{"@id":"http:\/\/mamaglobalhealing.com\/produkt\/ayurvedic-man\/#primaryimage"},"image":{"@id":"http:\/\/mamaglobalhealing.com\/produkt\/ayurvedic-man\/#primaryimage"},"thumbnailUrl":"https:\/\/mamaglobalhealing.com\/wp-content\/uploads\/2022\/04\/ajurvedic-man.jpg","datePublished":"2022-04-19T09:45:56+00:00","dateModified":"2022-11-17T11:08:25+00:00","breadcrumb":{"@id":"http:\/\/mamaglobalhealing.com\/produkt\/ayurvedic-man\/#breadcrumb"},"inLanguage":"en-GB","potentialAction":[{"@type":"ReadAction","target":["http:\/\/mamaglobalhealing.com\/produkt\/ayurvedic-man\/"]}]},{"@type":"ImageObject","inLanguage":"en-GB","@id":"http:\/\/mamaglobalhealing.com\/produkt\/ayurvedic-man\/#primaryimage","url":"https:\/\/mamaglobalhealing.com\/wp-content\/uploads\/2022\/04\/ajurvedic-man.jpg","contentUrl":"https:\/\/mamaglobalhealing.com\/wp-content\/uploads\/2022\/04\/ajurvedic-man.jpg","width":800,"height":800},{"@type":"BreadcrumbList","@id":"http:\/\/mamaglobalhealing.com\/produkt\/ayurvedic-man\/#breadcrumb","itemListElement":[{"@type":"ListItem","position":1,"name":"Strona g\u0142\u00f3wna","item":"https:\/\/mamaglobalhealing.com\/"},{"@type":"ListItem","position":2,"name":"Sklep","item":"https:\/\/mamaglobalhealing.com\/sklep\/"},{"@type":"ListItem","position":3,"name":"Ayurvedic Man | Bartosz Ayu Bobkowski"}]},{"@type":"WebSite","@id":"https:\/\/mamaglobalhealing.com\/#website","url":"https:\/\/mamaglobalhealing.com\/","name":"Mama Global Healing","description":"Kolejna witryna WordPress","potentialAction":[{"@type":"SearchAction","target":{"@type":"EntryPoint","urlTemplate":"https:\/\/mamaglobalhealing.com\/?s={search_term_string}"},"query-input":{"@type":"PropertyValueSpecification","valueRequired":true,"valueName":"search_term_string"}}],"inLanguage":"en-GB"}]}},"_links":{"self":[{"href":"https:\/\/mamaglobalhealing.com\/en\/wp-json\/wp\/v2\/product\/2480","targetHints":{"allow":["GET"]}}],"collection":[{"href":"https:\/\/mamaglobalhealing.com\/en\/wp-json\/wp\/v2\/product"}],"about":[{"href":"https:\/\/mamaglobalhealing.com\/en\/wp-json\/wp\/v2\/types\/product"}],"wp:featuredmedia":[{"embeddable":true,"href":"https:\/\/mamaglobalhealing.com\/en\/wp-json\/wp\/v2\/media\/2481"}],"wp:attachment":[{"href":"https:\/\/mamaglobalhealing.com\/en\/wp-json\/wp\/v2\/media?parent=2480"}],"wp:term":[{"taxonomy":"product_brand","embeddable":true,"href":"https:\/\/mamaglobalhealing.com\/en\/wp-json\/wp\/v2\/product_brand?post=2480"},{"taxonomy":"product_cat","embeddable":true,"href":"https:\/\/mamaglobalhealing.com\/en\/wp-json\/wp\/v2\/product_cat?post=2480"},{"taxonomy":"product_tag","embeddable":true,"href":"https:\/\/mamaglobalhealing.com\/en\/wp-json\/wp\/v2\/product_tag?post=2480"}],"curies":[{"name":"wp","href":"https:\/\/api.w.org\/{rel}","templated":true}]}}