{"id":2482,"date":"2022-04-19T09:51:30","date_gmt":"2022-04-19T09:51:30","guid":{"rendered":"https:\/\/mamaglobalhealing.com\/?post_type=product&#038;p=2482"},"modified":"2022-11-17T11:08:19","modified_gmt":"2022-11-17T11:08:19","slug":"cialo-mamy-z-mamy-cialo","status":"publish","type":"product","link":"https:\/\/mamaglobalhealing.com\/en\/product\/cialo-mamy-z-mamy-cialo\/","title":{"rendered":"Cia\u0142o Mamy z mamy-cia\u0142o | Anka Zemlik-Franz"},"content":{"rendered":"","protected":false},"excerpt":{"rendered":"<p><span style=\"font-weight: 400;\">Droga Kobieto, Droga Mamo! <\/span><span style=\"font-weight: 400;\">Ws\u0142uchaj si\u0119 w sw\u00f3j w\u0142asny oddech, cia\u0142o, sw\u00f3j w\u0142asny rytm. Poczuj spok\u00f3j i gotowo\u015b\u0107 na to co przychodzi. <\/span><span style=\"font-weight: 400;\">Warsztat pracy z dnem miednicy ze\u00a0 specjalistka od tego tematu fizjoterapeutk\u0105 urologiczn\u0105. <\/span><span style=\"font-weight: 400;\">Opowiem co i gdzie jest, co robi\u0107, \u017ceby nie popsu\u0107 i co mo\u017cna, jak ju\u017c si\u0119 w dnie co\u015b popsu\u0142o.<\/span><\/p>\n<p><b>Prowadz\u0105ca: <\/b><span style=\"font-weight: 400;\">Anka Zemlik-Franz<\/span><\/p>\n<p><b>Czas trwania:<\/b><span style=\"font-weight: 400;\"> 1.5h<\/span><\/p>\n<p><b>Data i godzina: <\/b>pi\u0105tek 12:30 &#8211; 14:00<\/p>\n<p><b>Miejsce: <\/b><a href=\"https:\/\/mamaglobalhealing.com\/en\/mama-line-up\/jurta\/\">Forest Hub | Jurta<\/a><\/p>\n<p><b>Ilo\u015b\u0107 os\u00f3b:<\/b><span style=\"font-weight: 400;\"> 20<\/span><\/p>\n<p><b>Dla Kogo: <\/b><span style=\"font-weight: 400;\">Kobiety<\/span><\/p>\n<p><b>Bobasy:<\/b><span style=\"font-weight: 400;\"> tak<\/span><\/p>\n<p><b>Cena:<\/b><span style=\"font-weight: 400;\"> 11z\u0142<\/span><\/p>","protected":false},"featured_media":2483,"template":"","meta":{"_et_pb_use_builder":"","_et_pb_old_content":"","_et_gb_content_width":""},"product_brand":[],"product_cat":[34,41],"product_tag":[],"class_list":{"0":"post-2482","1":"product","2":"type-product","3":"status-publish","4":"has-post-thumbnail","6":"product_cat-mama-work","7":"product_cat-piatek","9":"first","10":"instock","11":"virtual","12":"taxable","13":"product-type-simple"},"yoast_head":"<!-- This site is optimized with the Yoast SEO plugin v25.1 - https:\/\/yoast.com\/wordpress\/plugins\/seo\/ -->\n<title>Cia\u0142o Mamy z mamy-cia\u0142o | Anka Zemlik-Franz - Mama Global Healing<\/title>\n<meta name=\"description\" content=\"Droga Kobieto, Droga Mamo! Ws\u0142uchaj si\u0119 w sw\u00f3j w\u0142asny oddech, cia\u0142o, sw\u00f3j w\u0142asny rytm. Poczuj spok\u00f3j i gotowo\u015b\u0107 na to co przychodzi. Warsztat pracy z dnem miednicy ze\u00a0 specjalistka od tego tematu fizjoterapeutk\u0105 urologiczn\u0105. Opowiem co i gdzie jest, co robi\u0107, \u017ceby nie popsu\u0107 i co mo\u017cna, jak ju\u017c si\u0119 w dnie co\u015b popsu\u0142o.\" \/>\n<meta name=\"robots\" content=\"index, follow, max-snippet:-1, max-image-preview:large, max-video-preview:-1\" \/>\n<link rel=\"canonical\" href=\"http:\/\/mamaglobalhealing.com\/en\/product\/cialo-mamy-z-mamy-cialo\/\" \/>\n<meta property=\"og:locale\" content=\"en_GB\" \/>\n<meta property=\"og:type\" content=\"article\" \/>\n<meta property=\"og:title\" content=\"Cia\u0142o Mamy z mamy-cia\u0142o | Anka Zemlik-Franz - Mama Global Healing\" \/>\n<meta property=\"og:description\" content=\"Droga Kobieto, Droga Mamo! Ws\u0142uchaj si\u0119 w sw\u00f3j w\u0142asny oddech, cia\u0142o, sw\u00f3j w\u0142asny rytm. Poczuj spok\u00f3j i gotowo\u015b\u0107 na to co przychodzi. Warsztat pracy z dnem miednicy ze\u00a0 specjalistka od tego tematu fizjoterapeutk\u0105 urologiczn\u0105. Opowiem co i gdzie jest, co robi\u0107, \u017ceby nie popsu\u0107 i co mo\u017cna, jak ju\u017c si\u0119 w dnie co\u015b popsu\u0142o.\" \/>\n<meta property=\"og:url\" content=\"http:\/\/mamaglobalhealing.com\/en\/product\/cialo-mamy-z-mamy-cialo\/\" \/>\n<meta property=\"og:site_name\" content=\"Mama Global Healing\" \/>\n<meta property=\"article:modified_time\" content=\"2022-11-17T11:08:19+00:00\" \/>\n<meta property=\"og:image\" content=\"http:\/\/mamaglobalhealing.com\/wp-content\/uploads\/2022\/04\/cialo-mamy.jpg\" \/>\n\t<meta property=\"og:image:width\" content=\"1646\" \/>\n\t<meta property=\"og:image:height\" content=\"1333\" \/>\n\t<meta property=\"og:image:type\" content=\"image\/jpeg\" \/>\n<meta name=\"twitter:card\" content=\"summary_large_image\" \/>\n<script type=\"application\/ld+json\" class=\"yoast-schema-graph\">{\"@context\":\"https:\/\/schema.org\",\"@graph\":[{\"@type\":\"WebPage\",\"@id\":\"http:\/\/mamaglobalhealing.com\/produkt\/cialo-mamy-z-mamy-cialo\/\",\"url\":\"http:\/\/mamaglobalhealing.com\/produkt\/cialo-mamy-z-mamy-cialo\/\",\"name\":\"Cia\u0142o Mamy z mamy-cia\u0142o | Anka Zemlik-Franz - Mama Global Healing\",\"isPartOf\":{\"@id\":\"https:\/\/mamaglobalhealing.com\/#website\"},\"primaryImageOfPage\":{\"@id\":\"http:\/\/mamaglobalhealing.com\/produkt\/cialo-mamy-z-mamy-cialo\/#primaryimage\"},\"image\":{\"@id\":\"http:\/\/mamaglobalhealing.com\/produkt\/cialo-mamy-z-mamy-cialo\/#primaryimage\"},\"thumbnailUrl\":\"https:\/\/mamaglobalhealing.com\/wp-content\/uploads\/2022\/04\/cialo-mamy.jpg\",\"datePublished\":\"2022-04-19T09:51:30+00:00\",\"dateModified\":\"2022-11-17T11:08:19+00:00\",\"description\":\"Droga Kobieto, Droga Mamo! Ws\u0142uchaj si\u0119 w sw\u00f3j w\u0142asny oddech, cia\u0142o, sw\u00f3j w\u0142asny rytm. Poczuj spok\u00f3j i gotowo\u015b\u0107 na to co przychodzi. Warsztat pracy z dnem miednicy ze\u00a0 specjalistka od tego tematu fizjoterapeutk\u0105 urologiczn\u0105. Opowiem co i gdzie jest, co robi\u0107, \u017ceby nie popsu\u0107 i co mo\u017cna, jak ju\u017c si\u0119 w dnie co\u015b popsu\u0142o.\",\"breadcrumb\":{\"@id\":\"http:\/\/mamaglobalhealing.com\/produkt\/cialo-mamy-z-mamy-cialo\/#breadcrumb\"},\"inLanguage\":\"en-GB\",\"potentialAction\":[{\"@type\":\"ReadAction\",\"target\":[\"http:\/\/mamaglobalhealing.com\/produkt\/cialo-mamy-z-mamy-cialo\/\"]}]},{\"@type\":\"ImageObject\",\"inLanguage\":\"en-GB\",\"@id\":\"http:\/\/mamaglobalhealing.com\/produkt\/cialo-mamy-z-mamy-cialo\/#primaryimage\",\"url\":\"https:\/\/mamaglobalhealing.com\/wp-content\/uploads\/2022\/04\/cialo-mamy.jpg\",\"contentUrl\":\"https:\/\/mamaglobalhealing.com\/wp-content\/uploads\/2022\/04\/cialo-mamy.jpg\",\"width\":1646,\"height\":1333},{\"@type\":\"BreadcrumbList\",\"@id\":\"http:\/\/mamaglobalhealing.com\/produkt\/cialo-mamy-z-mamy-cialo\/#breadcrumb\",\"itemListElement\":[{\"@type\":\"ListItem\",\"position\":1,\"name\":\"Strona g\u0142\u00f3wna\",\"item\":\"https:\/\/mamaglobalhealing.com\/\"},{\"@type\":\"ListItem\",\"position\":2,\"name\":\"Sklep\",\"item\":\"https:\/\/mamaglobalhealing.com\/sklep\/\"},{\"@type\":\"ListItem\",\"position\":3,\"name\":\"Cia\u0142o Mamy z&nbsp;mamy-cia\u0142o | Anka Zemlik-Franz\"}]},{\"@type\":\"WebSite\",\"@id\":\"https:\/\/mamaglobalhealing.com\/#website\",\"url\":\"https:\/\/mamaglobalhealing.com\/\",\"name\":\"Mama Global Healing\",\"description\":\"Kolejna witryna WordPress\",\"potentialAction\":[{\"@type\":\"SearchAction\",\"target\":{\"@type\":\"EntryPoint\",\"urlTemplate\":\"https:\/\/mamaglobalhealing.com\/?s={search_term_string}\"},\"query-input\":{\"@type\":\"PropertyValueSpecification\",\"valueRequired\":true,\"valueName\":\"search_term_string\"}}],\"inLanguage\":\"en-GB\"}]}<\/script>\n<!-- \/ Yoast SEO plugin. -->","yoast_head_json":{"title":"Cia\u0142o Mamy z mamy-cia\u0142o | Anka Zemlik-Franz - Mama Global Healing","description":"Droga Kobieto, Droga Mamo! Ws\u0142uchaj si\u0119 w sw\u00f3j w\u0142asny oddech, cia\u0142o, sw\u00f3j w\u0142asny rytm. Poczuj spok\u00f3j i gotowo\u015b\u0107 na to co przychodzi. Warsztat pracy z dnem miednicy ze\u00a0 specjalistka od tego tematu fizjoterapeutk\u0105 urologiczn\u0105. Opowiem co i gdzie jest, co robi\u0107, \u017ceby nie popsu\u0107 i co mo\u017cna, jak ju\u017c si\u0119 w dnie co\u015b popsu\u0142o.","robots":{"index":"index","follow":"follow","max-snippet":"max-snippet:-1","max-image-preview":"max-image-preview:large","max-video-preview":"max-video-preview:-1"},"canonical":"http:\/\/mamaglobalhealing.com\/en\/product\/cialo-mamy-z-mamy-cialo\/","og_locale":"en_GB","og_type":"article","og_title":"Cia\u0142o Mamy z mamy-cia\u0142o | Anka Zemlik-Franz - Mama Global Healing","og_description":"Droga Kobieto, Droga Mamo! Ws\u0142uchaj si\u0119 w sw\u00f3j w\u0142asny oddech, cia\u0142o, sw\u00f3j w\u0142asny rytm. Poczuj spok\u00f3j i gotowo\u015b\u0107 na to co przychodzi. Warsztat pracy z dnem miednicy ze\u00a0 specjalistka od tego tematu fizjoterapeutk\u0105 urologiczn\u0105. Opowiem co i gdzie jest, co robi\u0107, \u017ceby nie popsu\u0107 i co mo\u017cna, jak ju\u017c si\u0119 w dnie co\u015b popsu\u0142o.","og_url":"http:\/\/mamaglobalhealing.com\/en\/product\/cialo-mamy-z-mamy-cialo\/","og_site_name":"Mama Global Healing","article_modified_time":"2022-11-17T11:08:19+00:00","og_image":[{"width":1646,"height":1333,"url":"http:\/\/mamaglobalhealing.com\/wp-content\/uploads\/2022\/04\/cialo-mamy.jpg","type":"image\/jpeg"}],"twitter_card":"summary_large_image","schema":{"@context":"https:\/\/schema.org","@graph":[{"@type":"WebPage","@id":"http:\/\/mamaglobalhealing.com\/produkt\/cialo-mamy-z-mamy-cialo\/","url":"http:\/\/mamaglobalhealing.com\/produkt\/cialo-mamy-z-mamy-cialo\/","name":"Cia\u0142o Mamy z mamy-cia\u0142o | Anka Zemlik-Franz - Mama Global Healing","isPartOf":{"@id":"https:\/\/mamaglobalhealing.com\/#website"},"primaryImageOfPage":{"@id":"http:\/\/mamaglobalhealing.com\/produkt\/cialo-mamy-z-mamy-cialo\/#primaryimage"},"image":{"@id":"http:\/\/mamaglobalhealing.com\/produkt\/cialo-mamy-z-mamy-cialo\/#primaryimage"},"thumbnailUrl":"https:\/\/mamaglobalhealing.com\/wp-content\/uploads\/2022\/04\/cialo-mamy.jpg","datePublished":"2022-04-19T09:51:30+00:00","dateModified":"2022-11-17T11:08:19+00:00","description":"Droga Kobieto, Droga Mamo! Ws\u0142uchaj si\u0119 w sw\u00f3j w\u0142asny oddech, cia\u0142o, sw\u00f3j w\u0142asny rytm. Poczuj spok\u00f3j i gotowo\u015b\u0107 na to co przychodzi. Warsztat pracy z dnem miednicy ze\u00a0 specjalistka od tego tematu fizjoterapeutk\u0105 urologiczn\u0105. Opowiem co i gdzie jest, co robi\u0107, \u017ceby nie popsu\u0107 i co mo\u017cna, jak ju\u017c si\u0119 w dnie co\u015b popsu\u0142o.","breadcrumb":{"@id":"http:\/\/mamaglobalhealing.com\/produkt\/cialo-mamy-z-mamy-cialo\/#breadcrumb"},"inLanguage":"en-GB","potentialAction":[{"@type":"ReadAction","target":["http:\/\/mamaglobalhealing.com\/produkt\/cialo-mamy-z-mamy-cialo\/"]}]},{"@type":"ImageObject","inLanguage":"en-GB","@id":"http:\/\/mamaglobalhealing.com\/produkt\/cialo-mamy-z-mamy-cialo\/#primaryimage","url":"https:\/\/mamaglobalhealing.com\/wp-content\/uploads\/2022\/04\/cialo-mamy.jpg","contentUrl":"https:\/\/mamaglobalhealing.com\/wp-content\/uploads\/2022\/04\/cialo-mamy.jpg","width":1646,"height":1333},{"@type":"BreadcrumbList","@id":"http:\/\/mamaglobalhealing.com\/produkt\/cialo-mamy-z-mamy-cialo\/#breadcrumb","itemListElement":[{"@type":"ListItem","position":1,"name":"Strona g\u0142\u00f3wna","item":"https:\/\/mamaglobalhealing.com\/"},{"@type":"ListItem","position":2,"name":"Sklep","item":"https:\/\/mamaglobalhealing.com\/sklep\/"},{"@type":"ListItem","position":3,"name":"Cia\u0142o Mamy z&nbsp;mamy-cia\u0142o | Anka Zemlik-Franz"}]},{"@type":"WebSite","@id":"https:\/\/mamaglobalhealing.com\/#website","url":"https:\/\/mamaglobalhealing.com\/","name":"Mama Global Healing","description":"Kolejna witryna WordPress","potentialAction":[{"@type":"SearchAction","target":{"@type":"EntryPoint","urlTemplate":"https:\/\/mamaglobalhealing.com\/?s={search_term_string}"},"query-input":{"@type":"PropertyValueSpecification","valueRequired":true,"valueName":"search_term_string"}}],"inLanguage":"en-GB"}]}},"_links":{"self":[{"href":"https:\/\/mamaglobalhealing.com\/en\/wp-json\/wp\/v2\/product\/2482","targetHints":{"allow":["GET"]}}],"collection":[{"href":"https:\/\/mamaglobalhealing.com\/en\/wp-json\/wp\/v2\/product"}],"about":[{"href":"https:\/\/mamaglobalhealing.com\/en\/wp-json\/wp\/v2\/types\/product"}],"wp:featuredmedia":[{"embeddable":true,"href":"https:\/\/mamaglobalhealing.com\/en\/wp-json\/wp\/v2\/media\/2483"}],"wp:attachment":[{"href":"https:\/\/mamaglobalhealing.com\/en\/wp-json\/wp\/v2\/media?parent=2482"}],"wp:term":[{"taxonomy":"product_brand","embeddable":true,"href":"https:\/\/mamaglobalhealing.com\/en\/wp-json\/wp\/v2\/product_brand?post=2482"},{"taxonomy":"product_cat","embeddable":true,"href":"https:\/\/mamaglobalhealing.com\/en\/wp-json\/wp\/v2\/product_cat?post=2482"},{"taxonomy":"product_tag","embeddable":true,"href":"https:\/\/mamaglobalhealing.com\/en\/wp-json\/wp\/v2\/product_tag?post=2482"}],"curies":[{"name":"wp","href":"https:\/\/api.w.org\/{rel}","templated":true}]}}