{"id":2674,"date":"2022-04-27T13:12:00","date_gmt":"2022-04-27T13:12:00","guid":{"rendered":"https:\/\/mamaglobalhealing.com\/?post_type=product&#038;p=2674"},"modified":"2022-11-17T11:10:59","modified_gmt":"2022-11-17T11:10:59","slug":"siostrzenstwo-bez-lukru-sciemy-i-iluzji","status":"publish","type":"product","link":"https:\/\/mamaglobalhealing.com\/en\/product\/siostrzenstwo-bez-lukru-sciemy-i-iluzji\/","title":{"rendered":"Siostrze\u0144stwo bez lukru, \u015bciemy i iluzji | Gabriela Klara"},"content":{"rendered":"<p>[et_pb_section fb_built=&#8221;1&#8243; _builder_version=&#8221;3.22&#8243; custom_padding=&#8221;0px||||false|false&#8221; da_disable_devices=&#8221;off|off|off&#8221; global_colors_info=&#8221;{}&#8221; da_is_popup=&#8221;off&#8221; da_exit_intent=&#8221;off&#8221; da_has_close=&#8221;on&#8221; da_alt_close=&#8221;off&#8221; da_dark_close=&#8221;off&#8221; da_not_modal=&#8221;on&#8221; da_is_singular=&#8221;off&#8221; da_with_loader=&#8221;off&#8221; da_has_shadow=&#8221;on&#8221;][et_pb_row _builder_version=&#8221;3.25&#8243; background_size=&#8221;initial&#8221; background_position=&#8221;top_left&#8221; background_repeat=&#8221;repeat&#8221; width=&#8221;100%&#8221; custom_padding=&#8221;0px||0px||false|false&#8221; global_colors_info=&#8221;{}&#8221;][et_pb_column type=&#8221;4_4&#8243; _builder_version=&#8221;3.25&#8243; custom_padding=&#8221;|||&#8221; global_colors_info=&#8221;{}&#8221; custom_padding__hover=&#8221;|||&#8221;][et_pb_wc_breadcrumb _builder_version=&#8221;3.0.47&#8243; global_colors_info=&#8221;{}&#8221;][\/et_pb_wc_breadcrumb][et_pb_wc_cart_notice global_colors_info=&#8221;{}&#8221;][\/et_pb_wc_cart_notice][\/et_pb_column][\/et_pb_row][et_pb_row column_structure=&#8221;1_2,1_2&#8243; _builder_version=&#8221;3.25&#8243; background_size=&#8221;initial&#8221; background_position=&#8221;top_left&#8221; background_repeat=&#8221;repeat&#8221; width=&#8221;100%&#8221; custom_padding=&#8221;0px||||false|false&#8221; global_colors_info=&#8221;{}&#8221;][et_pb_column type=&#8221;1_2&#8243; _builder_version=&#8221;3.25&#8243; custom_padding=&#8221;|||&#8221; global_colors_info=&#8221;{}&#8221; custom_padding__hover=&#8221;|||&#8221;][et_pb_wc_images _builder_version=&#8221;3.0.47&#8243; global_colors_info=&#8221;{}&#8221;][\/et_pb_wc_images][\/et_pb_column][et_pb_column type=&#8221;1_2&#8243; _builder_version=&#8221;3.25&#8243; custom_padding=&#8221;|||&#8221; global_colors_info=&#8221;{}&#8221; custom_padding__hover=&#8221;|||&#8221;][et_pb_wc_title _builder_version=&#8221;3.0.47&#8243; global_colors_info=&#8221;{}&#8221;][\/et_pb_wc_title][et_pb_wc_rating _builder_version=&#8221;3.0.47&#8243; global_colors_info=&#8221;{}&#8221;][\/et_pb_wc_rating][et_pb_wc_price _builder_version=&#8221;3.0.47&#8243; global_colors_info=&#8221;{}&#8221;][\/et_pb_wc_price][et_pb_wc_description _builder_version=&#8221;3.0.47&#8243; global_colors_info=&#8221;{}&#8221;][\/et_pb_wc_description][et_pb_wc_add_to_cart global_colors_info=&#8221;{}&#8221;][\/et_pb_wc_add_to_cart][et_pb_wc_add_to_cart global_colors_info=&#8221;{}&#8221;][\/et_pb_wc_add_to_cart][et_pb_wc_meta _builder_version=&#8221;3.0.47&#8243; global_colors_info=&#8221;{}&#8221;][\/et_pb_wc_meta][\/et_pb_column][\/et_pb_row][et_pb_row _builder_version=&#8221;3.25&#8243; background_size=&#8221;initial&#8221; background_position=&#8221;top_left&#8221; background_repeat=&#8221;repeat&#8221; width=&#8221;100%&#8221; global_colors_info=&#8221;{}&#8221;][et_pb_column type=&#8221;4_4&#8243; _builder_version=&#8221;3.25&#8243; custom_padding=&#8221;|||&#8221; global_colors_info=&#8221;{}&#8221; custom_padding__hover=&#8221;|||&#8221;][et_pb_wc_tabs _builder_version=&#8221;3.0.47&#8243; global_colors_info=&#8221;{}&#8221;] [\/et_pb_wc_tabs][et_pb_wc_upsells _builder_version=&#8221;3.0.47&#8243; global_colors_info=&#8221;{}&#8221;][\/et_pb_wc_upsells][et_pb_wc_related_products _builder_version=&#8221;3.0.47&#8243; global_colors_info=&#8221;{}&#8221;][\/et_pb_wc_related_products][\/et_pb_column][\/et_pb_row][\/et_pb_section]<\/p>","protected":false},"excerpt":{"rendered":"<p>Jedn\u0105 z najbardziej niebezpiecznych iluzji na drodze opuszczania patriarchatu to iluzja \u201csiostrze\u0144stwa\u201d jako czego\u015b, co mamy w swoim systemie, poniewa\u017c tak zdecydujemy, albo poniewa\u017c jeste\u015bmy kobietami. To iluzja, \u017ce druga kobieta jest nasz\u0105 siostr\u0105, poniewa\u017c jest kobiet\u0105. Ta iluzja to ba\u0144ka- pi\u0119kna, ale bole\u015bnie nietrwa\u0142a. Dlatego, by j\u0105 wzmocni\u0107 cz\u0119sto pokrywamy j\u0105 warstw\u0105 lukru i pompujemy \u015bciem\u0105 &#8211; wysy\u0142aj\u0105c sobie \u201cmi\u0142o\u015b\u0107\u201d, \u201cwybaczaj\u0105c\u201d, \u201cpuszczaj\u0105c\u201d, \u201cb\u0119d\u0105c ponad\u201d, b\u0119d\u0105c t\u0105 \u201cprawdziw\u0105 siostr\u0105\u201d, nie m\u00f3wi\u0105c sobie nawzajem ca\u0142ej prawdy, unikaj\u0105c konfrontacji i klarowno\u015bci, milcz\u0105co utrzymujemy si\u0119 nawzajem w wyuczonej bezsilno\u015bci, karmimy resentymenty i cz\u0119sto pod\u015bwiadomie upewniamy si\u0119, \u017ce nic, albo niewiele si\u0119 zmieni. Wi\u0119kszo\u015b\u0107 z nas przez 20, 30, 40, 50 lat by\u0142a patriarchalnie trenowana do por\u00f3wnywania si\u0119, konkurowania czy mniej lub bardziej otwartego walczenia z innymi kobietami. Ja te\u017c. Podobnie nasze matki, babki i prababki. Wyznawanie idei Siostrze\u0144stwa nie zma\u017ce samo z siebie setki lat uwarunkowa\u0144. Wsp\u00f3\u0142zawodnictwo i cicha wojna mi\u0119dzy kobietami jest jednym z filar\u00f3w patriarchalnej, kapitalistycznej kultury. Skoro ta kultura wci\u0105\u017c istnieje, to znaczy, \u017ce nadal gramy w t\u0119 gr\u0119. \u015awiadomie, b\u0105d\u017a nie\u015bwiadomie gramy w ni\u0105 i j\u0105 wsp\u00f3\u0142tworzymy. Nawet je\u015bli z ca\u0142ego serca chcemy inaczej. Cieniowe siostrze\u0144stwo to tabu. Cieniowe siostrze\u0144stwo to fakt. Czas przesta\u0107 udawa\u0107, \u017ce nie mamy cienia! Cie\u0144 nie jest dobry ani z\u0142y- jest cz\u0119\u015bci\u0105 nas. Dop\u00f3ki jest nie\u015bwiadomy &#8211; dzia\u0142a przez nas nie\u015bwiadomie. U\u015bwiadomiony daje nam przede wszystkim wolno\u015b\u0107 wyboru. Oraz mas\u0119 klarowno\u015bci i\u2026wsp\u00f3\u0142czucia. Spotkanie jest transformacyjn\u0105 przestrzeni\u0105, gdzie b\u0119dziemy mia\u0142y mo\u017cliwo\u015b\u0107 skonfrontowania si\u0119 z naszym cieniem, z naszym osobistym lukrem i osobist\u0105 oraz kolektywn\u0105 \u015bciem\u0105. Wy\u0142o\u017cymy nasz\u0105 bro\u0144, kt\u00f3r\u0105 u\u017cywa\u0142y\u015bmy (b\u0105d\u017a mia\u0142y\u015bmy w zanadrzu) na st\u00f3\u0142. Przy zapalonym \u015bwietle. Jedna po drugiej. Wiele z nas si\u0119 zaskoczy jak bogaty i ci\u0119\u017cki jest to arsena\u0142! Staniemy przed sob\u0105 w oczyszczaj\u0105cej, uzdrawiaj\u0105cej bezbronno\u015bci. Zostawimy sobie tylko w d\u0142oni sw\u00f3j w\u0142asny Miecz Klarowno\u015bci. Dzi\u0119ki niemu b\u0119dziemy mog\u0142y uczy\u0107 si\u0119 przebijania iluzji, rezygnowania z lukru, by nawzajem wspiera\u0107 si\u0119 w nieust\u0119pliwym wychodzeniu ze \u015bciemy wewn\u0119trznego patriarchatu.<\/p>\n<p><b>Prowadz\u0105ca: <\/b>Gabriela Klara<\/p>\n<p><b>Czas Trwania:<\/b> 3h<\/p>\n<p><b>Data i godzina: <\/b>sobota 12:30 &#8211; 15:30<\/p>\n<p><b>Miejsce: <\/b>Forest Hub | Jurta<\/p>\n<p><b>Ilo\u015b\u0107 os\u00f3b:<\/b> 20-40<\/p>\n<p><b>Dla Kogo: <\/b>Kobiety<\/p>\n<p><b>Bobasy: <\/b>nie<\/p>\n<p><strong>J\u0119zyk:<\/strong> PL<\/p>\n<p><b>Cena: <\/b>11z\u0142<\/p>","protected":false},"featured_media":2815,"template":"","meta":{"_et_pb_use_builder":"on","_et_pb_old_content":"","_et_gb_content_width":""},"product_brand":[],"product_cat":[34,42],"product_tag":[],"class_list":{"0":"post-2674","1":"product","2":"type-product","3":"status-publish","4":"has-post-thumbnail","6":"product_cat-mama-work","7":"product_cat-sobota","9":"first","10":"instock","11":"virtual","12":"taxable","13":"product-type-simple"},"yoast_head":"<!-- This site is optimized with the Yoast SEO plugin v25.1 - https:\/\/yoast.com\/wordpress\/plugins\/seo\/ -->\n<title>Siostrze\u0144stwo bez lukru, \u015bciemy i iluzji | Gabriela Klara - Mama Global Healing<\/title>\n<meta name=\"description\" content=\"Czas przesta\u0107 udawa\u0107, \u017ce nie mamy cienia! Cie\u0144 nie jest dobry ani z\u0142y - jest cz\u0119\u015bci\u0105 nas.\" \/>\n<meta name=\"robots\" content=\"index, follow, max-snippet:-1, max-image-preview:large, max-video-preview:-1\" \/>\n<link rel=\"canonical\" href=\"http:\/\/mamaglobalhealing.com\/en\/product\/siostrzenstwo-bez-lukru-sciemy-i-iluzji\/\" \/>\n<meta property=\"og:locale\" content=\"en_GB\" \/>\n<meta property=\"og:type\" content=\"article\" \/>\n<meta property=\"og:title\" content=\"Siostrze\u0144stwo bez lukru, \u015bciemy i iluzji | Gabriela Klara\" \/>\n<meta property=\"og:description\" content=\"Czas przesta\u0107 udawa\u0107, \u017ce nie mamy cienia! Cie\u0144 nie jest dobry ani z\u0142y - jest cz\u0119\u015bci\u0105 nas.\" \/>\n<meta property=\"og:url\" content=\"http:\/\/mamaglobalhealing.com\/en\/product\/siostrzenstwo-bez-lukru-sciemy-i-iluzji\/\" \/>\n<meta property=\"og:site_name\" content=\"Mama Global Healing\" \/>\n<meta property=\"article:modified_time\" content=\"2022-11-17T11:10:59+00:00\" \/>\n<meta property=\"og:image\" content=\"http:\/\/mamaglobalhealing.com\/wp-content\/uploads\/2022\/04\/132460287_125899422674894_4474427129363364404_n.jpg\" \/>\n\t<meta property=\"og:image:width\" content=\"1343\" \/>\n\t<meta property=\"og:image:height\" content=\"2015\" \/>\n\t<meta property=\"og:image:type\" content=\"image\/jpeg\" \/>\n<meta name=\"twitter:card\" content=\"summary_large_image\" \/>\n<meta name=\"twitter:label1\" content=\"Estimated reading time\" \/>\n\t<meta name=\"twitter:data1\" content=\"2 minutes\" \/>\n<script type=\"application\/ld+json\" class=\"yoast-schema-graph\">{\"@context\":\"https:\/\/schema.org\",\"@graph\":[{\"@type\":\"WebPage\",\"@id\":\"http:\/\/mamaglobalhealing.com\/produkt\/siostrzenstwo-bez-lukru-sciemy-i-iluzji\/\",\"url\":\"http:\/\/mamaglobalhealing.com\/produkt\/siostrzenstwo-bez-lukru-sciemy-i-iluzji\/\",\"name\":\"Siostrze\u0144stwo bez lukru, \u015bciemy i iluzji | Gabriela Klara - Mama Global Healing\",\"isPartOf\":{\"@id\":\"https:\/\/mamaglobalhealing.com\/#website\"},\"primaryImageOfPage\":{\"@id\":\"http:\/\/mamaglobalhealing.com\/produkt\/siostrzenstwo-bez-lukru-sciemy-i-iluzji\/#primaryimage\"},\"image\":{\"@id\":\"http:\/\/mamaglobalhealing.com\/produkt\/siostrzenstwo-bez-lukru-sciemy-i-iluzji\/#primaryimage\"},\"thumbnailUrl\":\"https:\/\/mamaglobalhealing.com\/wp-content\/uploads\/2022\/04\/132460287_125899422674894_4474427129363364404_n.jpg\",\"datePublished\":\"2022-04-27T13:12:00+00:00\",\"dateModified\":\"2022-11-17T11:10:59+00:00\",\"description\":\"Czas przesta\u0107 udawa\u0107, \u017ce nie mamy cienia! Cie\u0144 nie jest dobry ani z\u0142y - jest cz\u0119\u015bci\u0105 nas.\",\"breadcrumb\":{\"@id\":\"http:\/\/mamaglobalhealing.com\/produkt\/siostrzenstwo-bez-lukru-sciemy-i-iluzji\/#breadcrumb\"},\"inLanguage\":\"en-GB\",\"potentialAction\":[{\"@type\":\"ReadAction\",\"target\":[\"http:\/\/mamaglobalhealing.com\/produkt\/siostrzenstwo-bez-lukru-sciemy-i-iluzji\/\"]}]},{\"@type\":\"ImageObject\",\"inLanguage\":\"en-GB\",\"@id\":\"http:\/\/mamaglobalhealing.com\/produkt\/siostrzenstwo-bez-lukru-sciemy-i-iluzji\/#primaryimage\",\"url\":\"https:\/\/mamaglobalhealing.com\/wp-content\/uploads\/2022\/04\/132460287_125899422674894_4474427129363364404_n.jpg\",\"contentUrl\":\"https:\/\/mamaglobalhealing.com\/wp-content\/uploads\/2022\/04\/132460287_125899422674894_4474427129363364404_n.jpg\",\"width\":1343,\"height\":2015},{\"@type\":\"BreadcrumbList\",\"@id\":\"http:\/\/mamaglobalhealing.com\/produkt\/siostrzenstwo-bez-lukru-sciemy-i-iluzji\/#breadcrumb\",\"itemListElement\":[{\"@type\":\"ListItem\",\"position\":1,\"name\":\"Strona g\u0142\u00f3wna\",\"item\":\"https:\/\/mamaglobalhealing.com\/\"},{\"@type\":\"ListItem\",\"position\":2,\"name\":\"Sklep\",\"item\":\"https:\/\/mamaglobalhealing.com\/sklep\/\"},{\"@type\":\"ListItem\",\"position\":3,\"name\":\"Siostrze\u0144stwo bez&nbsp;lukru, \u015bciemy i&nbsp;iluzji | Gabriela Klara\"}]},{\"@type\":\"WebSite\",\"@id\":\"https:\/\/mamaglobalhealing.com\/#website\",\"url\":\"https:\/\/mamaglobalhealing.com\/\",\"name\":\"Mama Global Healing\",\"description\":\"Kolejna witryna WordPress\",\"potentialAction\":[{\"@type\":\"SearchAction\",\"target\":{\"@type\":\"EntryPoint\",\"urlTemplate\":\"https:\/\/mamaglobalhealing.com\/?s={search_term_string}\"},\"query-input\":{\"@type\":\"PropertyValueSpecification\",\"valueRequired\":true,\"valueName\":\"search_term_string\"}}],\"inLanguage\":\"en-GB\"}]}<\/script>\n<!-- \/ Yoast SEO plugin. -->","yoast_head_json":{"title":"Siostrze\u0144stwo bez lukru, \u015bciemy i iluzji | Gabriela Klara - Mama Global Healing","description":"Czas przesta\u0107 udawa\u0107, \u017ce nie mamy cienia! Cie\u0144 nie jest dobry ani z\u0142y - jest cz\u0119\u015bci\u0105 nas.","robots":{"index":"index","follow":"follow","max-snippet":"max-snippet:-1","max-image-preview":"max-image-preview:large","max-video-preview":"max-video-preview:-1"},"canonical":"http:\/\/mamaglobalhealing.com\/en\/product\/siostrzenstwo-bez-lukru-sciemy-i-iluzji\/","og_locale":"en_GB","og_type":"article","og_title":"Siostrze\u0144stwo bez lukru, \u015bciemy i iluzji | Gabriela Klara","og_description":"Czas przesta\u0107 udawa\u0107, \u017ce nie mamy cienia! Cie\u0144 nie jest dobry ani z\u0142y - jest cz\u0119\u015bci\u0105 nas.","og_url":"http:\/\/mamaglobalhealing.com\/en\/product\/siostrzenstwo-bez-lukru-sciemy-i-iluzji\/","og_site_name":"Mama Global Healing","article_modified_time":"2022-11-17T11:10:59+00:00","og_image":[{"width":1343,"height":2015,"url":"http:\/\/mamaglobalhealing.com\/wp-content\/uploads\/2022\/04\/132460287_125899422674894_4474427129363364404_n.jpg","type":"image\/jpeg"}],"twitter_card":"summary_large_image","twitter_misc":{"Estimated reading time":"2 minutes"},"schema":{"@context":"https:\/\/schema.org","@graph":[{"@type":"WebPage","@id":"http:\/\/mamaglobalhealing.com\/produkt\/siostrzenstwo-bez-lukru-sciemy-i-iluzji\/","url":"http:\/\/mamaglobalhealing.com\/produkt\/siostrzenstwo-bez-lukru-sciemy-i-iluzji\/","name":"Siostrze\u0144stwo bez lukru, \u015bciemy i iluzji | Gabriela Klara - Mama Global Healing","isPartOf":{"@id":"https:\/\/mamaglobalhealing.com\/#website"},"primaryImageOfPage":{"@id":"http:\/\/mamaglobalhealing.com\/produkt\/siostrzenstwo-bez-lukru-sciemy-i-iluzji\/#primaryimage"},"image":{"@id":"http:\/\/mamaglobalhealing.com\/produkt\/siostrzenstwo-bez-lukru-sciemy-i-iluzji\/#primaryimage"},"thumbnailUrl":"https:\/\/mamaglobalhealing.com\/wp-content\/uploads\/2022\/04\/132460287_125899422674894_4474427129363364404_n.jpg","datePublished":"2022-04-27T13:12:00+00:00","dateModified":"2022-11-17T11:10:59+00:00","description":"Czas przesta\u0107 udawa\u0107, \u017ce nie mamy cienia! Cie\u0144 nie jest dobry ani z\u0142y - jest cz\u0119\u015bci\u0105 nas.","breadcrumb":{"@id":"http:\/\/mamaglobalhealing.com\/produkt\/siostrzenstwo-bez-lukru-sciemy-i-iluzji\/#breadcrumb"},"inLanguage":"en-GB","potentialAction":[{"@type":"ReadAction","target":["http:\/\/mamaglobalhealing.com\/produkt\/siostrzenstwo-bez-lukru-sciemy-i-iluzji\/"]}]},{"@type":"ImageObject","inLanguage":"en-GB","@id":"http:\/\/mamaglobalhealing.com\/produkt\/siostrzenstwo-bez-lukru-sciemy-i-iluzji\/#primaryimage","url":"https:\/\/mamaglobalhealing.com\/wp-content\/uploads\/2022\/04\/132460287_125899422674894_4474427129363364404_n.jpg","contentUrl":"https:\/\/mamaglobalhealing.com\/wp-content\/uploads\/2022\/04\/132460287_125899422674894_4474427129363364404_n.jpg","width":1343,"height":2015},{"@type":"BreadcrumbList","@id":"http:\/\/mamaglobalhealing.com\/produkt\/siostrzenstwo-bez-lukru-sciemy-i-iluzji\/#breadcrumb","itemListElement":[{"@type":"ListItem","position":1,"name":"Strona g\u0142\u00f3wna","item":"https:\/\/mamaglobalhealing.com\/"},{"@type":"ListItem","position":2,"name":"Sklep","item":"https:\/\/mamaglobalhealing.com\/sklep\/"},{"@type":"ListItem","position":3,"name":"Siostrze\u0144stwo bez&nbsp;lukru, \u015bciemy i&nbsp;iluzji | Gabriela Klara"}]},{"@type":"WebSite","@id":"https:\/\/mamaglobalhealing.com\/#website","url":"https:\/\/mamaglobalhealing.com\/","name":"Mama Global Healing","description":"Kolejna witryna WordPress","potentialAction":[{"@type":"SearchAction","target":{"@type":"EntryPoint","urlTemplate":"https:\/\/mamaglobalhealing.com\/?s={search_term_string}"},"query-input":{"@type":"PropertyValueSpecification","valueRequired":true,"valueName":"search_term_string"}}],"inLanguage":"en-GB"}]}},"_links":{"self":[{"href":"https:\/\/mamaglobalhealing.com\/en\/wp-json\/wp\/v2\/product\/2674","targetHints":{"allow":["GET"]}}],"collection":[{"href":"https:\/\/mamaglobalhealing.com\/en\/wp-json\/wp\/v2\/product"}],"about":[{"href":"https:\/\/mamaglobalhealing.com\/en\/wp-json\/wp\/v2\/types\/product"}],"wp:featuredmedia":[{"embeddable":true,"href":"https:\/\/mamaglobalhealing.com\/en\/wp-json\/wp\/v2\/media\/2815"}],"wp:attachment":[{"href":"https:\/\/mamaglobalhealing.com\/en\/wp-json\/wp\/v2\/media?parent=2674"}],"wp:term":[{"taxonomy":"product_brand","embeddable":true,"href":"https:\/\/mamaglobalhealing.com\/en\/wp-json\/wp\/v2\/product_brand?post=2674"},{"taxonomy":"product_cat","embeddable":true,"href":"https:\/\/mamaglobalhealing.com\/en\/wp-json\/wp\/v2\/product_cat?post=2674"},{"taxonomy":"product_tag","embeddable":true,"href":"https:\/\/mamaglobalhealing.com\/en\/wp-json\/wp\/v2\/product_tag?post=2674"}],"curies":[{"name":"wp","href":"https:\/\/api.w.org\/{rel}","templated":true}]}}