{"id":2675,"date":"2022-04-27T13:12:52","date_gmt":"2022-04-27T13:12:52","guid":{"rendered":"https:\/\/mamaglobalhealing.com\/?post_type=product&#038;p=2675"},"modified":"2022-11-17T11:12:52","modified_gmt":"2022-11-17T11:12:52","slug":"istota-emocjonalna","status":"publish","type":"product","link":"https:\/\/mamaglobalhealing.com\/en\/product\/istota-emocjonalna\/","title":{"rendered":"Jestem istot\u0105 emocjonaln\u0105 | Gabriela Klara"},"content":{"rendered":"","protected":false},"excerpt":{"rendered":"<p>Jak sam tytu\u0142 wskazuje, w tym transformuj\u0105cym treningu nawi\u0105zuj\u0119 do wyk\u0142adu Eve Ensler z 2010r na na TEDzie. Eve z w\u0142a\u015bciw\u0105 sobie rozbrajaj\u0105c\u0105 autentyczno\u015bci\u0105 i pasj\u0105 opowiada w nim o &#8222;sekretnym \u015bwiecie dziewczyn&#8221; i nawo\u0142uje do odzyskiwania przez nie (przez nas) prawa do bycia emocjonaln\u0105. Ja zapraszam do odzyskiwania tego prawa r\u00f3wnie\u017c m\u0119\u017cczyzn. Bo wszyscy jeste\u015bmy istotami emocjonalnymi! Podczas tego Transformuj\u0105cego Treningu b\u0119dziemy uczy\u0107 si\u0119 \u015bwiadomie czu\u0107 i odzyskiwa\u0107 energi\u0119 ze swojego strachu, smutku, rado\u015bci i gniewu. Odkryjesz jak czujesz, co czujesz i po co to czujesz. To b\u0119dzie bardzo praktyczny trening. Totalnie osadzony w codzienno\u015bci. Zaczniemy od rozpoznania i zrzucenia warstw socjalizowania do zewn\u0105trz-sterowalnych Zombie, kt\u00f3re m\u00f3wi\u0105, \u017ce emocje s\u0105 \u201cniszcz\u0105ce\u201d, \u201czatruwaj\u0105ce\u201d, \u201cnieokie\u0142znane\u201d i \u201cnieprofesjonalne\u201d. Nast\u0119pnie zaczniemy zmienia\u0107 \u201ctrucizn\u0119\u201d w od\u017cywczy nektar, w paliwo rakietowe! Podczas praktyk solo, w parach i w grupie. Odkryjesz jak to jest \u015bwiadomie czu\u0107 i \u015bwiadomie u\u017cywa\u0107 swoje uczucia jako \u017ar\u00f3d\u0142o swojej mocy, wsparcie w budowaniu autentycznej, karmi\u0105cej blisko\u015bci i realizowaniu swojej roboty w \u015bwiecie (inaczej zwanej przeznaczeniem). B\u0119dziemy odzyskiwa\u0107 swoj\u0105 wra\u017cliwo\u015b\u0107 i czu\u0142o\u015b\u0107, b\u0119dziemy rozpala\u0107 sw\u00f3j ogie\u0144 i pozwala\u0107 rzece p\u0142yn\u0105\u0107. Ten trening to seria praktyk przywracaj\u0105cych do \u017cycia i wolno\u015bci, oraz jeden z pierwszych krok\u00f3w do wyj\u015bcia z patriarchatu (razem, kobiety i m\u0119\u017cczy\u017ani), bo: \u201cGdy ludzie raz nawi\u0105\u017c\u0105 kontakt ze swoimi uczuciami i potrzebami przestaj\u0105 si\u0119 nadawa\u0107 do roli niewolnik\u00f3w i podw\u0142adnych\u201d (M. Rossenberg) \u015awiadome czucie to akt rebelii! Pracujemy narz\u0119dziami Possibility Management.<\/p>\n<p><b>Prowadz\u0105ca: <\/b>Gabriela Klara<\/p>\n<p><b>Czas Trwania:<\/b> 2h<\/p>\n<p><b>Data i godzina: <\/b>niedziela 10:00 &#8211; 12:00<\/p>\n<p><b>Miejsce: <\/b><a href=\"https:\/\/mamaglobalhealing.com\/en\/mama-line-up\/jurta\/\">Forest Hub | Jurta\u00a0<\/a><\/p>\n<p><b>Liczba os\u00f3b:<\/b> 30-40<\/p>\n<p><b>Dla Kogo: <\/b>Wszyscy<\/p>\n<p><b>Bobasy: <\/b>nie<\/p>\n<p><b>Cena: <\/b>33<\/p>","protected":false},"featured_media":3330,"template":"","meta":{"_et_pb_use_builder":"","_et_pb_old_content":"","_et_gb_content_width":""},"product_brand":[],"product_cat":[34,43],"product_tag":[],"class_list":{"0":"post-2675","1":"product","2":"type-product","3":"status-publish","4":"has-post-thumbnail","6":"product_cat-mama-work","7":"product_cat-niedziela","9":"first","10":"instock","11":"virtual","12":"taxable","13":"product-type-simple"},"yoast_head":"<!-- This site is optimized with the Yoast SEO plugin v25.1 - https:\/\/yoast.com\/wordpress\/plugins\/seo\/ -->\n<title>Jestem istot\u0105 emocjonaln\u0105 | Gabriela Klara - Mama Global Healing<\/title>\n<meta name=\"description\" content=\"Odkryjesz jak czujesz, co czujesz i po co to czujesz. To b\u0119dzie bardzo praktyczny trening. Totalnie osadzony w codzienno\u015bci.\" \/>\n<meta name=\"robots\" content=\"index, follow, max-snippet:-1, max-image-preview:large, max-video-preview:-1\" \/>\n<link rel=\"canonical\" href=\"http:\/\/mamaglobalhealing.com\/en\/product\/istota-emocjonalna\/\" \/>\n<meta property=\"og:locale\" content=\"en_GB\" \/>\n<meta property=\"og:type\" content=\"article\" \/>\n<meta property=\"og:title\" content=\"Istota emocjonalna\" \/>\n<meta property=\"og:description\" content=\"Gabi Klara | 2022\" \/>\n<meta property=\"og:url\" content=\"http:\/\/mamaglobalhealing.com\/en\/product\/istota-emocjonalna\/\" \/>\n<meta property=\"og:site_name\" content=\"Mama Global Healing\" \/>\n<meta property=\"article:modified_time\" content=\"2022-11-17T11:12:52+00:00\" \/>\n<meta property=\"og:image\" content=\"http:\/\/mamaglobalhealing.com\/wp-content\/uploads\/2022\/04\/100.png\" \/>\n\t<meta property=\"og:image:width\" content=\"1080\" \/>\n\t<meta property=\"og:image:height\" content=\"1080\" \/>\n\t<meta property=\"og:image:type\" content=\"image\/png\" \/>\n<meta name=\"twitter:card\" content=\"summary_large_image\" \/>\n<script type=\"application\/ld+json\" class=\"yoast-schema-graph\">{\"@context\":\"https:\/\/schema.org\",\"@graph\":[{\"@type\":\"WebPage\",\"@id\":\"http:\/\/mamaglobalhealing.com\/produkt\/istota-emocjonalna\/\",\"url\":\"http:\/\/mamaglobalhealing.com\/produkt\/istota-emocjonalna\/\",\"name\":\"Jestem istot\u0105 emocjonaln\u0105 | Gabriela Klara - Mama Global Healing\",\"isPartOf\":{\"@id\":\"https:\/\/mamaglobalhealing.com\/#website\"},\"primaryImageOfPage\":{\"@id\":\"http:\/\/mamaglobalhealing.com\/produkt\/istota-emocjonalna\/#primaryimage\"},\"image\":{\"@id\":\"http:\/\/mamaglobalhealing.com\/produkt\/istota-emocjonalna\/#primaryimage\"},\"thumbnailUrl\":\"https:\/\/mamaglobalhealing.com\/wp-content\/uploads\/2022\/04\/100.png\",\"datePublished\":\"2022-04-27T13:12:52+00:00\",\"dateModified\":\"2022-11-17T11:12:52+00:00\",\"description\":\"Odkryjesz jak czujesz, co czujesz i po co to czujesz. To b\u0119dzie bardzo praktyczny trening. Totalnie osadzony w codzienno\u015bci.\",\"breadcrumb\":{\"@id\":\"http:\/\/mamaglobalhealing.com\/produkt\/istota-emocjonalna\/#breadcrumb\"},\"inLanguage\":\"en-GB\",\"potentialAction\":[{\"@type\":\"ReadAction\",\"target\":[\"http:\/\/mamaglobalhealing.com\/produkt\/istota-emocjonalna\/\"]}]},{\"@type\":\"ImageObject\",\"inLanguage\":\"en-GB\",\"@id\":\"http:\/\/mamaglobalhealing.com\/produkt\/istota-emocjonalna\/#primaryimage\",\"url\":\"https:\/\/mamaglobalhealing.com\/wp-content\/uploads\/2022\/04\/100.png\",\"contentUrl\":\"https:\/\/mamaglobalhealing.com\/wp-content\/uploads\/2022\/04\/100.png\",\"width\":1080,\"height\":1080},{\"@type\":\"BreadcrumbList\",\"@id\":\"http:\/\/mamaglobalhealing.com\/produkt\/istota-emocjonalna\/#breadcrumb\",\"itemListElement\":[{\"@type\":\"ListItem\",\"position\":1,\"name\":\"Strona g\u0142\u00f3wna\",\"item\":\"https:\/\/mamaglobalhealing.com\/\"},{\"@type\":\"ListItem\",\"position\":2,\"name\":\"Sklep\",\"item\":\"https:\/\/mamaglobalhealing.com\/sklep\/\"},{\"@type\":\"ListItem\",\"position\":3,\"name\":\"Jestem istot\u0105 emocjonaln\u0105 | Gabriela Klara\"}]},{\"@type\":\"WebSite\",\"@id\":\"https:\/\/mamaglobalhealing.com\/#website\",\"url\":\"https:\/\/mamaglobalhealing.com\/\",\"name\":\"Mama Global Healing\",\"description\":\"Kolejna witryna WordPress\",\"potentialAction\":[{\"@type\":\"SearchAction\",\"target\":{\"@type\":\"EntryPoint\",\"urlTemplate\":\"https:\/\/mamaglobalhealing.com\/?s={search_term_string}\"},\"query-input\":{\"@type\":\"PropertyValueSpecification\",\"valueRequired\":true,\"valueName\":\"search_term_string\"}}],\"inLanguage\":\"en-GB\"}]}<\/script>\n<!-- \/ Yoast SEO plugin. -->","yoast_head_json":{"title":"Jestem istot\u0105 emocjonaln\u0105 | Gabriela Klara - Mama Global Healing","description":"Odkryjesz jak czujesz, co czujesz i po co to czujesz. To b\u0119dzie bardzo praktyczny trening. Totalnie osadzony w codzienno\u015bci.","robots":{"index":"index","follow":"follow","max-snippet":"max-snippet:-1","max-image-preview":"max-image-preview:large","max-video-preview":"max-video-preview:-1"},"canonical":"http:\/\/mamaglobalhealing.com\/en\/product\/istota-emocjonalna\/","og_locale":"en_GB","og_type":"article","og_title":"Istota emocjonalna","og_description":"Gabi Klara | 2022","og_url":"http:\/\/mamaglobalhealing.com\/en\/product\/istota-emocjonalna\/","og_site_name":"Mama Global Healing","article_modified_time":"2022-11-17T11:12:52+00:00","og_image":[{"width":1080,"height":1080,"url":"http:\/\/mamaglobalhealing.com\/wp-content\/uploads\/2022\/04\/100.png","type":"image\/png"}],"twitter_card":"summary_large_image","schema":{"@context":"https:\/\/schema.org","@graph":[{"@type":"WebPage","@id":"http:\/\/mamaglobalhealing.com\/produkt\/istota-emocjonalna\/","url":"http:\/\/mamaglobalhealing.com\/produkt\/istota-emocjonalna\/","name":"Jestem istot\u0105 emocjonaln\u0105 | Gabriela Klara - Mama Global Healing","isPartOf":{"@id":"https:\/\/mamaglobalhealing.com\/#website"},"primaryImageOfPage":{"@id":"http:\/\/mamaglobalhealing.com\/produkt\/istota-emocjonalna\/#primaryimage"},"image":{"@id":"http:\/\/mamaglobalhealing.com\/produkt\/istota-emocjonalna\/#primaryimage"},"thumbnailUrl":"https:\/\/mamaglobalhealing.com\/wp-content\/uploads\/2022\/04\/100.png","datePublished":"2022-04-27T13:12:52+00:00","dateModified":"2022-11-17T11:12:52+00:00","description":"Odkryjesz jak czujesz, co czujesz i po co to czujesz. To b\u0119dzie bardzo praktyczny trening. Totalnie osadzony w codzienno\u015bci.","breadcrumb":{"@id":"http:\/\/mamaglobalhealing.com\/produkt\/istota-emocjonalna\/#breadcrumb"},"inLanguage":"en-GB","potentialAction":[{"@type":"ReadAction","target":["http:\/\/mamaglobalhealing.com\/produkt\/istota-emocjonalna\/"]}]},{"@type":"ImageObject","inLanguage":"en-GB","@id":"http:\/\/mamaglobalhealing.com\/produkt\/istota-emocjonalna\/#primaryimage","url":"https:\/\/mamaglobalhealing.com\/wp-content\/uploads\/2022\/04\/100.png","contentUrl":"https:\/\/mamaglobalhealing.com\/wp-content\/uploads\/2022\/04\/100.png","width":1080,"height":1080},{"@type":"BreadcrumbList","@id":"http:\/\/mamaglobalhealing.com\/produkt\/istota-emocjonalna\/#breadcrumb","itemListElement":[{"@type":"ListItem","position":1,"name":"Strona g\u0142\u00f3wna","item":"https:\/\/mamaglobalhealing.com\/"},{"@type":"ListItem","position":2,"name":"Sklep","item":"https:\/\/mamaglobalhealing.com\/sklep\/"},{"@type":"ListItem","position":3,"name":"Jestem istot\u0105 emocjonaln\u0105 | Gabriela Klara"}]},{"@type":"WebSite","@id":"https:\/\/mamaglobalhealing.com\/#website","url":"https:\/\/mamaglobalhealing.com\/","name":"Mama Global Healing","description":"Kolejna witryna WordPress","potentialAction":[{"@type":"SearchAction","target":{"@type":"EntryPoint","urlTemplate":"https:\/\/mamaglobalhealing.com\/?s={search_term_string}"},"query-input":{"@type":"PropertyValueSpecification","valueRequired":true,"valueName":"search_term_string"}}],"inLanguage":"en-GB"}]}},"_links":{"self":[{"href":"https:\/\/mamaglobalhealing.com\/en\/wp-json\/wp\/v2\/product\/2675","targetHints":{"allow":["GET"]}}],"collection":[{"href":"https:\/\/mamaglobalhealing.com\/en\/wp-json\/wp\/v2\/product"}],"about":[{"href":"https:\/\/mamaglobalhealing.com\/en\/wp-json\/wp\/v2\/types\/product"}],"wp:featuredmedia":[{"embeddable":true,"href":"https:\/\/mamaglobalhealing.com\/en\/wp-json\/wp\/v2\/media\/3330"}],"wp:attachment":[{"href":"https:\/\/mamaglobalhealing.com\/en\/wp-json\/wp\/v2\/media?parent=2675"}],"wp:term":[{"taxonomy":"product_brand","embeddable":true,"href":"https:\/\/mamaglobalhealing.com\/en\/wp-json\/wp\/v2\/product_brand?post=2675"},{"taxonomy":"product_cat","embeddable":true,"href":"https:\/\/mamaglobalhealing.com\/en\/wp-json\/wp\/v2\/product_cat?post=2675"},{"taxonomy":"product_tag","embeddable":true,"href":"https:\/\/mamaglobalhealing.com\/en\/wp-json\/wp\/v2\/product_tag?post=2675"}],"curies":[{"name":"wp","href":"https:\/\/api.w.org\/{rel}","templated":true}]}}