{"id":2676,"date":"2022-04-27T13:14:51","date_gmt":"2022-04-27T13:14:51","guid":{"rendered":"https:\/\/mamaglobalhealing.com\/?post_type=product&#038;p=2676"},"modified":"2022-11-17T11:12:47","modified_gmt":"2022-11-17T11:12:47","slug":"erotic-mama-sensual-sisterhood","status":"publish","type":"product","link":"https:\/\/mamaglobalhealing.com\/en\/product\/erotic-mama-sensual-sisterhood\/","title":{"rendered":"Erotic Mama, Sensual Sisterhood | Aleksandra Maria Love"},"content":{"rendered":"","protected":false},"excerpt":{"rendered":"<p><span style=\"font-weight: 400;\"> Siostrze\u0144stwo mi\u0119dzy kobietami ma w sobie nutk\u0119 erotyzmu i zmys\u0142owo\u015bci. To w ten spos\u00f3b kobieco\u015b\u0107 nawzajem siebie karmi i wspiera. Bez tej energii w \u017cyciu czujemy suchot\u0119, brak, niespe\u0142nienie. Poprzez dotyk, zwierzenia twarz\u0105 w twarz, m\u00f3wienie sobie od serca, trzymanie siebie, przywracamy relacje siostrze\u0144stwa do swojego prawid\u0142owego energetycznie miejsca. Zawitaj by nakarmi\u0107 zmys\u0142y, serce i \u0142ono. Przywr\u00f3ci\u0107 flow w kobieco\u015bci twojej i \u015bwiata. Oraz mo\u017ce by spe\u0142ni\u0107 erotyczn\u0105, b\u0105d\u017a zmys\u0142ow\u0105 ciekawo\u015b\u0107 wobec innych kobiet, je\u017celi takie jest twoje pragnienie. <\/span><\/p>\n<p><b>Prowadz\u0105ca: <\/b> Aleksandra Maria Love<\/p>\n<p><b>Czas Trwania:<\/b> 2h<\/p>\n<p><b>Data i godzina: <\/b>niedziela 10:00 &#8211; 12:00<\/p>\n<p><b>Miejsce: <\/b><a href=\"https:\/\/mamaglobalhealing.com\/en\/mama-line-up\/house-of-love\/\">House of Love<\/a><\/p>\n<p><b>Liczba os\u00f3b:<\/b> 30<\/p>\n<p><b>Dla Kogo:<\/b> Kobiety 18+<\/p>\n<p><b>Bobasy:<\/b> nie<\/p>\n<p><b>Cena: <\/b>33 PLN \/ 11 EURO<\/p>","protected":false},"featured_media":3528,"template":"","meta":{"_et_pb_use_builder":"","_et_pb_old_content":"","_et_gb_content_width":""},"product_brand":[],"product_cat":[34,43],"product_tag":[],"class_list":{"0":"post-2676","1":"product","2":"type-product","3":"status-publish","4":"has-post-thumbnail","6":"product_cat-mama-work","7":"product_cat-niedziela","9":"first","10":"instock","11":"virtual","12":"taxable","13":"product-type-simple"},"yoast_head":"<!-- This site is optimized with the Yoast SEO plugin v25.1 - https:\/\/yoast.com\/wordpress\/plugins\/seo\/ -->\n<title>Erotic Mama, Sensual Sisterhood | Aleksandra Maria Love - Mama Global Healing<\/title>\n<meta name=\"robots\" content=\"index, follow, max-snippet:-1, max-image-preview:large, max-video-preview:-1\" \/>\n<link rel=\"canonical\" href=\"http:\/\/mamaglobalhealing.com\/en\/product\/erotic-mama-sensual-sisterhood\/\" \/>\n<meta property=\"og:locale\" content=\"en_GB\" \/>\n<meta property=\"og:type\" content=\"article\" \/>\n<meta property=\"og:title\" content=\"Erotic Mama, Sensual Sisterhood | Aleksandra Maria Love - Mama Global Healing\" \/>\n<meta property=\"og:description\" content=\"Siostrze\u0144stwo mi\u0119dzy kobietami ma w sobie nutk\u0119 erotyzmu i zmys\u0142owo\u015bci. To w ten spos\u00f3b kobieco\u015b\u0107 nawzajem siebie karmi i wspiera. Bez tej energii w \u017cyciu czujemy suchot\u0119, brak, niespe\u0142nienie. Poprzez dotyk, zwierzenia twarz\u0105 w twarz, m\u00f3wienie sobie od serca, trzymanie siebie, przywracamy relacje siostrze\u0144stwa do swojego prawid\u0142owego energetycznie miejsca. Zawitaj by nakarmi\u0107 zmys\u0142y, serce i \u0142ono. Przywr\u00f3ci\u0107 flow w kobieco\u015bci twojej i \u015bwiata. Oraz mo\u017ce by spe\u0142ni\u0107 erotyczn\u0105, b\u0105d\u017a zmys\u0142ow\u0105 ciekawo\u015b\u0107 wobec innych kobiet, je\u017celi takie jest twoje pragnienie.   Prowadz\u0105ca: Aleksandra Maria Love  Czas Trwania: 2h  Data i godzina: niedziela 10:00 - 12:00  Miejsce: House of Love  Liczba os\u00f3b: 30  Dla Kogo: Kobiety 18+  Bobasy: nie  Cena: 33 PLN \/ 11 EURO\" \/>\n<meta property=\"og:url\" content=\"http:\/\/mamaglobalhealing.com\/en\/product\/erotic-mama-sensual-sisterhood\/\" \/>\n<meta property=\"og:site_name\" content=\"Mama Global Healing\" \/>\n<meta property=\"article:modified_time\" content=\"2022-11-17T11:12:47+00:00\" \/>\n<meta property=\"og:image\" content=\"http:\/\/mamaglobalhealing.com\/wp-content\/uploads\/2022\/04\/Untitled-design10-1024x576.png\" \/>\n\t<meta property=\"og:image:width\" content=\"1024\" \/>\n\t<meta property=\"og:image:height\" content=\"576\" \/>\n\t<meta property=\"og:image:type\" content=\"image\/png\" \/>\n<meta name=\"twitter:card\" content=\"summary_large_image\" \/>\n<script type=\"application\/ld+json\" class=\"yoast-schema-graph\">{\"@context\":\"https:\/\/schema.org\",\"@graph\":[{\"@type\":\"WebPage\",\"@id\":\"http:\/\/mamaglobalhealing.com\/produkt\/erotic-mama-sensual-sisterhood\/\",\"url\":\"http:\/\/mamaglobalhealing.com\/produkt\/erotic-mama-sensual-sisterhood\/\",\"name\":\"Erotic Mama, Sensual Sisterhood | Aleksandra Maria Love - Mama Global Healing\",\"isPartOf\":{\"@id\":\"https:\/\/mamaglobalhealing.com\/#website\"},\"primaryImageOfPage\":{\"@id\":\"http:\/\/mamaglobalhealing.com\/produkt\/erotic-mama-sensual-sisterhood\/#primaryimage\"},\"image\":{\"@id\":\"http:\/\/mamaglobalhealing.com\/produkt\/erotic-mama-sensual-sisterhood\/#primaryimage\"},\"thumbnailUrl\":\"https:\/\/mamaglobalhealing.com\/wp-content\/uploads\/2022\/04\/Untitled-design10.png\",\"datePublished\":\"2022-04-27T13:14:51+00:00\",\"dateModified\":\"2022-11-17T11:12:47+00:00\",\"breadcrumb\":{\"@id\":\"http:\/\/mamaglobalhealing.com\/produkt\/erotic-mama-sensual-sisterhood\/#breadcrumb\"},\"inLanguage\":\"en-GB\",\"potentialAction\":[{\"@type\":\"ReadAction\",\"target\":[\"http:\/\/mamaglobalhealing.com\/produkt\/erotic-mama-sensual-sisterhood\/\"]}]},{\"@type\":\"ImageObject\",\"inLanguage\":\"en-GB\",\"@id\":\"http:\/\/mamaglobalhealing.com\/produkt\/erotic-mama-sensual-sisterhood\/#primaryimage\",\"url\":\"https:\/\/mamaglobalhealing.com\/wp-content\/uploads\/2022\/04\/Untitled-design10.png\",\"contentUrl\":\"https:\/\/mamaglobalhealing.com\/wp-content\/uploads\/2022\/04\/Untitled-design10.png\",\"width\":3840,\"height\":2160},{\"@type\":\"BreadcrumbList\",\"@id\":\"http:\/\/mamaglobalhealing.com\/produkt\/erotic-mama-sensual-sisterhood\/#breadcrumb\",\"itemListElement\":[{\"@type\":\"ListItem\",\"position\":1,\"name\":\"Strona g\u0142\u00f3wna\",\"item\":\"https:\/\/mamaglobalhealing.com\/\"},{\"@type\":\"ListItem\",\"position\":2,\"name\":\"Sklep\",\"item\":\"https:\/\/mamaglobalhealing.com\/sklep\/\"},{\"@type\":\"ListItem\",\"position\":3,\"name\":\"Erotic Mama, Sensual Sisterhood | Aleksandra Maria Love\"}]},{\"@type\":\"WebSite\",\"@id\":\"https:\/\/mamaglobalhealing.com\/#website\",\"url\":\"https:\/\/mamaglobalhealing.com\/\",\"name\":\"Mama Global Healing\",\"description\":\"Kolejna witryna WordPress\",\"potentialAction\":[{\"@type\":\"SearchAction\",\"target\":{\"@type\":\"EntryPoint\",\"urlTemplate\":\"https:\/\/mamaglobalhealing.com\/?s={search_term_string}\"},\"query-input\":{\"@type\":\"PropertyValueSpecification\",\"valueRequired\":true,\"valueName\":\"search_term_string\"}}],\"inLanguage\":\"en-GB\"}]}<\/script>\n<!-- \/ Yoast SEO plugin. -->","yoast_head_json":{"title":"Erotic Mama, Sensual Sisterhood | Aleksandra Maria Love - Mama Global Healing","robots":{"index":"index","follow":"follow","max-snippet":"max-snippet:-1","max-image-preview":"max-image-preview:large","max-video-preview":"max-video-preview:-1"},"canonical":"http:\/\/mamaglobalhealing.com\/en\/product\/erotic-mama-sensual-sisterhood\/","og_locale":"en_GB","og_type":"article","og_title":"Erotic Mama, Sensual Sisterhood | Aleksandra Maria Love - Mama Global Healing","og_description":"Siostrze\u0144stwo mi\u0119dzy kobietami ma w sobie nutk\u0119 erotyzmu i zmys\u0142owo\u015bci. To w ten spos\u00f3b kobieco\u015b\u0107 nawzajem siebie karmi i wspiera. Bez tej energii w \u017cyciu czujemy suchot\u0119, brak, niespe\u0142nienie. Poprzez dotyk, zwierzenia twarz\u0105 w twarz, m\u00f3wienie sobie od serca, trzymanie siebie, przywracamy relacje siostrze\u0144stwa do swojego prawid\u0142owego energetycznie miejsca. Zawitaj by nakarmi\u0107 zmys\u0142y, serce i \u0142ono. Przywr\u00f3ci\u0107 flow w kobieco\u015bci twojej i \u015bwiata. Oraz mo\u017ce by spe\u0142ni\u0107 erotyczn\u0105, b\u0105d\u017a zmys\u0142ow\u0105 ciekawo\u015b\u0107 wobec innych kobiet, je\u017celi takie jest twoje pragnienie.   Prowadz\u0105ca: Aleksandra Maria Love  Czas Trwania: 2h  Data i godzina: niedziela 10:00 - 12:00  Miejsce: House of Love  Liczba os\u00f3b: 30  Dla Kogo: Kobiety 18+  Bobasy: nie  Cena: 33 PLN \/ 11 EURO","og_url":"http:\/\/mamaglobalhealing.com\/en\/product\/erotic-mama-sensual-sisterhood\/","og_site_name":"Mama Global Healing","article_modified_time":"2022-11-17T11:12:47+00:00","og_image":[{"width":1024,"height":576,"url":"http:\/\/mamaglobalhealing.com\/wp-content\/uploads\/2022\/04\/Untitled-design10-1024x576.png","type":"image\/png"}],"twitter_card":"summary_large_image","schema":{"@context":"https:\/\/schema.org","@graph":[{"@type":"WebPage","@id":"http:\/\/mamaglobalhealing.com\/produkt\/erotic-mama-sensual-sisterhood\/","url":"http:\/\/mamaglobalhealing.com\/produkt\/erotic-mama-sensual-sisterhood\/","name":"Erotic Mama, Sensual Sisterhood | Aleksandra Maria Love - Mama Global Healing","isPartOf":{"@id":"https:\/\/mamaglobalhealing.com\/#website"},"primaryImageOfPage":{"@id":"http:\/\/mamaglobalhealing.com\/produkt\/erotic-mama-sensual-sisterhood\/#primaryimage"},"image":{"@id":"http:\/\/mamaglobalhealing.com\/produkt\/erotic-mama-sensual-sisterhood\/#primaryimage"},"thumbnailUrl":"https:\/\/mamaglobalhealing.com\/wp-content\/uploads\/2022\/04\/Untitled-design10.png","datePublished":"2022-04-27T13:14:51+00:00","dateModified":"2022-11-17T11:12:47+00:00","breadcrumb":{"@id":"http:\/\/mamaglobalhealing.com\/produkt\/erotic-mama-sensual-sisterhood\/#breadcrumb"},"inLanguage":"en-GB","potentialAction":[{"@type":"ReadAction","target":["http:\/\/mamaglobalhealing.com\/produkt\/erotic-mama-sensual-sisterhood\/"]}]},{"@type":"ImageObject","inLanguage":"en-GB","@id":"http:\/\/mamaglobalhealing.com\/produkt\/erotic-mama-sensual-sisterhood\/#primaryimage","url":"https:\/\/mamaglobalhealing.com\/wp-content\/uploads\/2022\/04\/Untitled-design10.png","contentUrl":"https:\/\/mamaglobalhealing.com\/wp-content\/uploads\/2022\/04\/Untitled-design10.png","width":3840,"height":2160},{"@type":"BreadcrumbList","@id":"http:\/\/mamaglobalhealing.com\/produkt\/erotic-mama-sensual-sisterhood\/#breadcrumb","itemListElement":[{"@type":"ListItem","position":1,"name":"Strona g\u0142\u00f3wna","item":"https:\/\/mamaglobalhealing.com\/"},{"@type":"ListItem","position":2,"name":"Sklep","item":"https:\/\/mamaglobalhealing.com\/sklep\/"},{"@type":"ListItem","position":3,"name":"Erotic Mama, Sensual Sisterhood | Aleksandra Maria Love"}]},{"@type":"WebSite","@id":"https:\/\/mamaglobalhealing.com\/#website","url":"https:\/\/mamaglobalhealing.com\/","name":"Mama Global Healing","description":"Kolejna witryna WordPress","potentialAction":[{"@type":"SearchAction","target":{"@type":"EntryPoint","urlTemplate":"https:\/\/mamaglobalhealing.com\/?s={search_term_string}"},"query-input":{"@type":"PropertyValueSpecification","valueRequired":true,"valueName":"search_term_string"}}],"inLanguage":"en-GB"}]}},"_links":{"self":[{"href":"https:\/\/mamaglobalhealing.com\/en\/wp-json\/wp\/v2\/product\/2676","targetHints":{"allow":["GET"]}}],"collection":[{"href":"https:\/\/mamaglobalhealing.com\/en\/wp-json\/wp\/v2\/product"}],"about":[{"href":"https:\/\/mamaglobalhealing.com\/en\/wp-json\/wp\/v2\/types\/product"}],"wp:featuredmedia":[{"embeddable":true,"href":"https:\/\/mamaglobalhealing.com\/en\/wp-json\/wp\/v2\/media\/3528"}],"wp:attachment":[{"href":"https:\/\/mamaglobalhealing.com\/en\/wp-json\/wp\/v2\/media?parent=2676"}],"wp:term":[{"taxonomy":"product_brand","embeddable":true,"href":"https:\/\/mamaglobalhealing.com\/en\/wp-json\/wp\/v2\/product_brand?post=2676"},{"taxonomy":"product_cat","embeddable":true,"href":"https:\/\/mamaglobalhealing.com\/en\/wp-json\/wp\/v2\/product_cat?post=2676"},{"taxonomy":"product_tag","embeddable":true,"href":"https:\/\/mamaglobalhealing.com\/en\/wp-json\/wp\/v2\/product_tag?post=2676"}],"curies":[{"name":"wp","href":"https:\/\/api.w.org\/{rel}","templated":true}]}}