{"id":2681,"date":"2022-04-27T13:18:48","date_gmt":"2022-04-27T13:18:48","guid":{"rendered":"https:\/\/mamaglobalhealing.com\/?post_type=product&#038;p=2681"},"modified":"2022-06-01T09:42:51","modified_gmt":"2022-06-01T09:42:51","slug":"masaz-tajski","status":"publish","type":"product","link":"https:\/\/mamaglobalhealing.com\/en\/product\/masaz-tajski\/","title":{"rendered":"Masa\u017c tajski &#8211; warsztat | Bartosz Ayu Bobkowski"},"content":{"rendered":"","protected":false},"excerpt":{"rendered":"<p><span style=\"font-weight: 400;\">Wprowadzenie do podstawowych technik masa\u017cu tajskiego. Proste i niezwykle efektywne techniki, pozwalaj\u0105ce na radzenie sobie z b\u00f3lami g\u0142owy, plec\u00f3w i karku. Podwy\u017cszaj\u0105ca prac\u0119 systemu odporno\u015bciowego. Jest to doskona\u0142a praktyka, przywracaj\u0105ca r\u00f3wnowag\u0119 energetyczn\u0105 i psychiczn\u0105, si\u0142y fizyczne po przepracowaniu i du\u017cym stresie. Intensywnie relaksuj\u0105ca i uzupe\u0142niaj\u0105ca \u0107wiczenia fizyczne. Wzmacnia cia\u0142o i pozwala je lepiej zrozumie\u0107. Mo\u017ce sta\u0107 si\u0119 pi\u0119kn\u0105 praktyk\u0105 partnersk\u0105, d\u0105\u017c\u0105c\u0105 do harmonii oddech\u00f3w, ruch\u00f3w i przep\u0142ywu energii pomi\u0119dzy par\u0105 masa\u017cysty i masowanego. A tak\u017ce pe\u0142nym mi\u0142o\u015bci i wsp\u00f3\u0142czucia podarunkiem dla kochanej osoby po dniu pe\u0142nym pracy i stres\u00f3w.<\/span><\/p>\n<p><b>Prowadz\u0105cy:<\/b><span style=\"font-weight: 400;\"> Bartosz Ayu Bobkowski<\/span><\/p>\n<p><b>Czas Trwania:<\/b><span style=\"font-weight: 400;\"> 3h\u00a0<\/span><\/p>\n<p><b>Data i godzina:<\/b> niedziela 12:30 &#8211; 15:30<\/p>\n<p><b>Miejsce: <\/b><a href=\"https:\/\/mamaglobalhealing.com\/en\/mama-line-up\/tent-de-vito\/\">Tent De Vito<\/a><\/p>\n<p><b>Ilo\u015b\u0107 Os\u00f3b:<\/b><span style=\"font-weight: 400;\"> 20 <\/span><\/p>\n<p><b>Dla Kogo: <\/b>Wszyscy<\/p>\n<p><b>Bobasy:<\/b><span style=\"font-weight: 400;\"> nie<\/span><\/p>","protected":false},"featured_media":2026,"template":"","meta":{"_et_pb_use_builder":"","_et_pb_old_content":"","_et_gb_content_width":""},"product_brand":[],"product_cat":[35,47],"product_tag":[],"class_list":{"0":"post-2681","1":"product","2":"type-product","3":"status-publish","4":"has-post-thumbnail","6":"product_cat-mama-open","7":"product_cat-niedziela-open","9":"first","10":"instock","11":"virtual","12":"taxable","13":"product-type-simple"},"yoast_head":"<!-- This site is optimized with the Yoast SEO plugin v25.1 - https:\/\/yoast.com\/wordpress\/plugins\/seo\/ -->\n<title>Masa\u017c tajski - warsztat | Bartosz Ayu Bobkowski - Mama Global Healing<\/title>\n<meta name=\"robots\" content=\"index, follow, max-snippet:-1, max-image-preview:large, max-video-preview:-1\" \/>\n<link rel=\"canonical\" href=\"http:\/\/mamaglobalhealing.com\/en\/product\/masaz-tajski\/\" \/>\n<meta property=\"og:locale\" content=\"en_GB\" \/>\n<meta property=\"og:type\" content=\"article\" \/>\n<meta property=\"og:title\" content=\"Masa\u017c tajski - warsztat | Bartosz Ayu Bobkowski - Mama Global Healing\" \/>\n<meta property=\"og:description\" content=\"Wprowadzenie do podstawowych technik masa\u017cu tajskiego. Proste i niezwykle efektywne techniki, pozwalaj\u0105ce na radzenie sobie z b\u00f3lami g\u0142owy, plec\u00f3w i karku. Podwy\u017cszaj\u0105ca prac\u0119 systemu odporno\u015bciowego. Jest to doskona\u0142a praktyka, przywracaj\u0105ca r\u00f3wnowag\u0119 energetyczn\u0105 i psychiczn\u0105, si\u0142y fizyczne po przepracowaniu i du\u017cym stresie. Intensywnie relaksuj\u0105ca i uzupe\u0142niaj\u0105ca \u0107wiczenia fizyczne. Wzmacnia cia\u0142o i pozwala je lepiej zrozumie\u0107. Mo\u017ce sta\u0107 si\u0119 pi\u0119kn\u0105 praktyk\u0105 partnersk\u0105, d\u0105\u017c\u0105c\u0105 do harmonii oddech\u00f3w, ruch\u00f3w i przep\u0142ywu energii pomi\u0119dzy par\u0105 masa\u017cysty i masowanego. A tak\u017ce pe\u0142nym mi\u0142o\u015bci i wsp\u00f3\u0142czucia podarunkiem dla kochanej osoby po dniu pe\u0142nym pracy i stres\u00f3w.  Prowadz\u0105cy: Bartosz Ayu Bobkowski  Czas Trwania: 3h\u00a0  Data i godzina: niedziela 12:30 - 15:30  Miejsce: Tent De Vito  Ilo\u015b\u0107 Os\u00f3b: 20   Dla Kogo: Wszyscy  Bobasy: nie\" \/>\n<meta property=\"og:url\" content=\"http:\/\/mamaglobalhealing.com\/en\/product\/masaz-tajski\/\" \/>\n<meta property=\"og:site_name\" content=\"Mama Global Healing\" \/>\n<meta property=\"article:modified_time\" content=\"2022-06-01T09:42:51+00:00\" \/>\n<meta property=\"og:image\" content=\"http:\/\/mamaglobalhealing.com\/wp-content\/uploads\/2022\/04\/Mama-G-263-1-z-1-3.jpg\" \/>\n\t<meta property=\"og:image:width\" content=\"476\" \/>\n\t<meta property=\"og:image:height\" content=\"297\" \/>\n\t<meta property=\"og:image:type\" content=\"image\/jpeg\" \/>\n<meta name=\"twitter:card\" content=\"summary_large_image\" \/>\n<script type=\"application\/ld+json\" class=\"yoast-schema-graph\">{\"@context\":\"https:\/\/schema.org\",\"@graph\":[{\"@type\":\"WebPage\",\"@id\":\"http:\/\/mamaglobalhealing.com\/produkt\/masaz-tajski\/\",\"url\":\"http:\/\/mamaglobalhealing.com\/produkt\/masaz-tajski\/\",\"name\":\"Masa\u017c tajski - warsztat | Bartosz Ayu Bobkowski - Mama Global Healing\",\"isPartOf\":{\"@id\":\"https:\/\/mamaglobalhealing.com\/#website\"},\"primaryImageOfPage\":{\"@id\":\"http:\/\/mamaglobalhealing.com\/produkt\/masaz-tajski\/#primaryimage\"},\"image\":{\"@id\":\"http:\/\/mamaglobalhealing.com\/produkt\/masaz-tajski\/#primaryimage\"},\"thumbnailUrl\":\"https:\/\/mamaglobalhealing.com\/wp-content\/uploads\/2022\/04\/Mama-G-263-1-z-1-3.jpg\",\"datePublished\":\"2022-04-27T13:18:48+00:00\",\"dateModified\":\"2022-06-01T09:42:51+00:00\",\"breadcrumb\":{\"@id\":\"http:\/\/mamaglobalhealing.com\/produkt\/masaz-tajski\/#breadcrumb\"},\"inLanguage\":\"en-GB\",\"potentialAction\":[{\"@type\":\"ReadAction\",\"target\":[\"http:\/\/mamaglobalhealing.com\/produkt\/masaz-tajski\/\"]}]},{\"@type\":\"ImageObject\",\"inLanguage\":\"en-GB\",\"@id\":\"http:\/\/mamaglobalhealing.com\/produkt\/masaz-tajski\/#primaryimage\",\"url\":\"https:\/\/mamaglobalhealing.com\/wp-content\/uploads\/2022\/04\/Mama-G-263-1-z-1-3.jpg\",\"contentUrl\":\"https:\/\/mamaglobalhealing.com\/wp-content\/uploads\/2022\/04\/Mama-G-263-1-z-1-3.jpg\",\"width\":476,\"height\":297},{\"@type\":\"BreadcrumbList\",\"@id\":\"http:\/\/mamaglobalhealing.com\/produkt\/masaz-tajski\/#breadcrumb\",\"itemListElement\":[{\"@type\":\"ListItem\",\"position\":1,\"name\":\"Strona g\u0142\u00f3wna\",\"item\":\"https:\/\/mamaglobalhealing.com\/\"},{\"@type\":\"ListItem\",\"position\":2,\"name\":\"Sklep\",\"item\":\"https:\/\/mamaglobalhealing.com\/sklep\/\"},{\"@type\":\"ListItem\",\"position\":3,\"name\":\"Masa\u017c tajski &#8211; warsztat | Bartosz Ayu Bobkowski\"}]},{\"@type\":\"WebSite\",\"@id\":\"https:\/\/mamaglobalhealing.com\/#website\",\"url\":\"https:\/\/mamaglobalhealing.com\/\",\"name\":\"Mama Global Healing\",\"description\":\"Kolejna witryna WordPress\",\"potentialAction\":[{\"@type\":\"SearchAction\",\"target\":{\"@type\":\"EntryPoint\",\"urlTemplate\":\"https:\/\/mamaglobalhealing.com\/?s={search_term_string}\"},\"query-input\":{\"@type\":\"PropertyValueSpecification\",\"valueRequired\":true,\"valueName\":\"search_term_string\"}}],\"inLanguage\":\"en-GB\"}]}<\/script>\n<!-- \/ Yoast SEO plugin. -->","yoast_head_json":{"title":"Masa\u017c tajski - warsztat | Bartosz Ayu Bobkowski - Mama Global Healing","robots":{"index":"index","follow":"follow","max-snippet":"max-snippet:-1","max-image-preview":"max-image-preview:large","max-video-preview":"max-video-preview:-1"},"canonical":"http:\/\/mamaglobalhealing.com\/en\/product\/masaz-tajski\/","og_locale":"en_GB","og_type":"article","og_title":"Masa\u017c tajski - warsztat | Bartosz Ayu Bobkowski - Mama Global Healing","og_description":"Wprowadzenie do podstawowych technik masa\u017cu tajskiego. Proste i niezwykle efektywne techniki, pozwalaj\u0105ce na radzenie sobie z b\u00f3lami g\u0142owy, plec\u00f3w i karku. Podwy\u017cszaj\u0105ca prac\u0119 systemu odporno\u015bciowego. Jest to doskona\u0142a praktyka, przywracaj\u0105ca r\u00f3wnowag\u0119 energetyczn\u0105 i psychiczn\u0105, si\u0142y fizyczne po przepracowaniu i du\u017cym stresie. Intensywnie relaksuj\u0105ca i uzupe\u0142niaj\u0105ca \u0107wiczenia fizyczne. Wzmacnia cia\u0142o i pozwala je lepiej zrozumie\u0107. Mo\u017ce sta\u0107 si\u0119 pi\u0119kn\u0105 praktyk\u0105 partnersk\u0105, d\u0105\u017c\u0105c\u0105 do harmonii oddech\u00f3w, ruch\u00f3w i przep\u0142ywu energii pomi\u0119dzy par\u0105 masa\u017cysty i masowanego. A tak\u017ce pe\u0142nym mi\u0142o\u015bci i wsp\u00f3\u0142czucia podarunkiem dla kochanej osoby po dniu pe\u0142nym pracy i stres\u00f3w.  Prowadz\u0105cy: Bartosz Ayu Bobkowski  Czas Trwania: 3h\u00a0  Data i godzina: niedziela 12:30 - 15:30  Miejsce: Tent De Vito  Ilo\u015b\u0107 Os\u00f3b: 20   Dla Kogo: Wszyscy  Bobasy: nie","og_url":"http:\/\/mamaglobalhealing.com\/en\/product\/masaz-tajski\/","og_site_name":"Mama Global Healing","article_modified_time":"2022-06-01T09:42:51+00:00","og_image":[{"width":476,"height":297,"url":"http:\/\/mamaglobalhealing.com\/wp-content\/uploads\/2022\/04\/Mama-G-263-1-z-1-3.jpg","type":"image\/jpeg"}],"twitter_card":"summary_large_image","schema":{"@context":"https:\/\/schema.org","@graph":[{"@type":"WebPage","@id":"http:\/\/mamaglobalhealing.com\/produkt\/masaz-tajski\/","url":"http:\/\/mamaglobalhealing.com\/produkt\/masaz-tajski\/","name":"Masa\u017c tajski - warsztat | Bartosz Ayu Bobkowski - Mama Global Healing","isPartOf":{"@id":"https:\/\/mamaglobalhealing.com\/#website"},"primaryImageOfPage":{"@id":"http:\/\/mamaglobalhealing.com\/produkt\/masaz-tajski\/#primaryimage"},"image":{"@id":"http:\/\/mamaglobalhealing.com\/produkt\/masaz-tajski\/#primaryimage"},"thumbnailUrl":"https:\/\/mamaglobalhealing.com\/wp-content\/uploads\/2022\/04\/Mama-G-263-1-z-1-3.jpg","datePublished":"2022-04-27T13:18:48+00:00","dateModified":"2022-06-01T09:42:51+00:00","breadcrumb":{"@id":"http:\/\/mamaglobalhealing.com\/produkt\/masaz-tajski\/#breadcrumb"},"inLanguage":"en-GB","potentialAction":[{"@type":"ReadAction","target":["http:\/\/mamaglobalhealing.com\/produkt\/masaz-tajski\/"]}]},{"@type":"ImageObject","inLanguage":"en-GB","@id":"http:\/\/mamaglobalhealing.com\/produkt\/masaz-tajski\/#primaryimage","url":"https:\/\/mamaglobalhealing.com\/wp-content\/uploads\/2022\/04\/Mama-G-263-1-z-1-3.jpg","contentUrl":"https:\/\/mamaglobalhealing.com\/wp-content\/uploads\/2022\/04\/Mama-G-263-1-z-1-3.jpg","width":476,"height":297},{"@type":"BreadcrumbList","@id":"http:\/\/mamaglobalhealing.com\/produkt\/masaz-tajski\/#breadcrumb","itemListElement":[{"@type":"ListItem","position":1,"name":"Strona g\u0142\u00f3wna","item":"https:\/\/mamaglobalhealing.com\/"},{"@type":"ListItem","position":2,"name":"Sklep","item":"https:\/\/mamaglobalhealing.com\/sklep\/"},{"@type":"ListItem","position":3,"name":"Masa\u017c tajski &#8211; warsztat | Bartosz Ayu Bobkowski"}]},{"@type":"WebSite","@id":"https:\/\/mamaglobalhealing.com\/#website","url":"https:\/\/mamaglobalhealing.com\/","name":"Mama Global Healing","description":"Kolejna witryna WordPress","potentialAction":[{"@type":"SearchAction","target":{"@type":"EntryPoint","urlTemplate":"https:\/\/mamaglobalhealing.com\/?s={search_term_string}"},"query-input":{"@type":"PropertyValueSpecification","valueRequired":true,"valueName":"search_term_string"}}],"inLanguage":"en-GB"}]}},"_links":{"self":[{"href":"https:\/\/mamaglobalhealing.com\/en\/wp-json\/wp\/v2\/product\/2681","targetHints":{"allow":["GET"]}}],"collection":[{"href":"https:\/\/mamaglobalhealing.com\/en\/wp-json\/wp\/v2\/product"}],"about":[{"href":"https:\/\/mamaglobalhealing.com\/en\/wp-json\/wp\/v2\/types\/product"}],"wp:featuredmedia":[{"embeddable":true,"href":"https:\/\/mamaglobalhealing.com\/en\/wp-json\/wp\/v2\/media\/2026"}],"wp:attachment":[{"href":"https:\/\/mamaglobalhealing.com\/en\/wp-json\/wp\/v2\/media?parent=2681"}],"wp:term":[{"taxonomy":"product_brand","embeddable":true,"href":"https:\/\/mamaglobalhealing.com\/en\/wp-json\/wp\/v2\/product_brand?post=2681"},{"taxonomy":"product_cat","embeddable":true,"href":"https:\/\/mamaglobalhealing.com\/en\/wp-json\/wp\/v2\/product_cat?post=2681"},{"taxonomy":"product_tag","embeddable":true,"href":"https:\/\/mamaglobalhealing.com\/en\/wp-json\/wp\/v2\/product_tag?post=2681"}],"curies":[{"name":"wp","href":"https:\/\/api.w.org\/{rel}","templated":true}]}}