{"id":2683,"date":"2022-04-27T13:24:31","date_gmt":"2022-04-27T13:24:31","guid":{"rendered":"https:\/\/mamaglobalhealing.com\/?post_type=product&#038;p=2683"},"modified":"2022-11-17T11:08:05","modified_gmt":"2022-11-17T11:08:05","slug":"pogotowie-fotograficzne-dla-rodzicow-pierwsza-pomoc","status":"publish","type":"product","link":"https:\/\/mamaglobalhealing.com\/en\/product\/pogotowie-fotograficzne-dla-rodzicow-pierwsza-pomoc\/","title":{"rendered":"Pogotowie fotograficzne dla rodzic\u00f3w \u2013 pierwsza pomoc | Kolektyw AZ"},"content":{"rendered":"","protected":false},"excerpt":{"rendered":"<p><span style=\"font-weight: 400;\"> Pogotowie fotograficzne jest dla rodzic\u00f3w fotografuj\u0105cych codzienno\u015b\u0107 swoich dzieci. Je\u015bli zastanawiasz si\u0119, jak zrobi\u0107 zdj\u0119cie telefonem, by wywar\u0142o wra\u017cenie, jak fotografowa\u0107 dzieci, skoro one uciekaj\u0105, og\u00f3lnie: jak robi\u0107 zdj\u0119cia lepiej i z wi\u0119ksz\u0105 lekko\u015bci\u0105 &#8211; nasze spotkanie jest dla Ciebie. <\/span><\/p>\n<p><span style=\"font-weight: 400;\">Oferujemy Ci wiedz\u0119, do\u015bwiadczenie i bezpieczn\u0105 przestrze\u0144 do zadawania pyta\u0144. Dostaniesz od nas narz\u0119dzia, kt\u00f3rych od razu u\u017cyjesz. Uporz\u0105dkujemy Twoj\u0105 rozproszon\u0105 wiedz\u0119 o fotografowaniu i przedstawimy j\u0105 w spos\u00f3b prosty i przyjazny. W atmosferze zrozumienia odpowiemy na Twoje pytania &#8211; wi\u0119ksza cz\u0119\u015b\u0107 spotkania b\u0119dzie dyskusj\u0105.<br \/>\n<\/span><\/p>\n<p><span style=\"font-weight: 400;\">Wa\u017cne jest dla nas odej\u015bcie od sytuacji takiej, \u017ce dziecko s\u0142yszy: \u201eu\u015bmiechnij si\u0119\u201d, \u201ezatrzymaj si\u0119\u201d, \u201epopatrz w obiektyw\u201d, \u201ezr\u00f3b \u0142adn\u0105 min\u0119 dla dziadka\u201d itd. Pokazujemy rodzicom, jak pokaza\u0107 swoj\u0105 codzienno\u015b\u0107 i dzieci jako cudownych bohater\u00f3w. Takie zdj\u0119cia chce si\u0119 ogl\u0105da\u0107! <\/span><\/p>\n<p><b>Prowadz\u0105cy:<\/b><span style=\"font-weight: 400;\"> Kolektyw AZ<\/span><\/p>\n<p><b>Czas trwania: <\/b>2h<\/p>\n<p><b>Data i godzina: <\/b>pi\u0105tek 14:30 &#8211; 16:30<\/p>\n<p><b>Miejsce: <\/b><a href=\"https:\/\/mamaglobalhealing.com\/en\/mama-line-up\/central-chakra\/\">Central Chakra<\/a><\/p>\n<p><b>Ilo\u015b\u0107 os\u00f3b:<\/b><span style=\"font-weight: 400;\"> 20<\/span><\/p>\n<p><b>Dla Kogo: <\/b>Wszyscy<\/p>\n<p><b>Bobasy:<\/b><span style=\"font-weight: 400;\"> tak\u00a0<\/span><\/p>\n<p><b>Cena: <\/b>33 PLN<\/p>","protected":false},"featured_media":4063,"template":"","meta":{"_et_pb_use_builder":"","_et_pb_old_content":"","_et_gb_content_width":""},"product_brand":[],"product_cat":[34,41],"product_tag":[],"class_list":{"0":"post-2683","1":"product","2":"type-product","3":"status-publish","4":"has-post-thumbnail","6":"product_cat-mama-work","7":"product_cat-piatek","9":"first","10":"instock","11":"virtual","12":"taxable","13":"product-type-simple"},"yoast_head":"<!-- This site is optimized with the Yoast SEO plugin v25.1 - https:\/\/yoast.com\/wordpress\/plugins\/seo\/ -->\n<title>Pogotowie fotograficzne dla rodzic\u00f3w \u2013 pierwsza pomoc | Kolektyw AZ - Mama Global Healing<\/title>\n<meta name=\"description\" content=\"Uporz\u0105dkujemy Twoj\u0105 rozproszon\u0105 wiedz\u0119 o fotografowaniu i przedstawimy j\u0105 w spos\u00f3b prosty i przyjazny.\" \/>\n<meta name=\"robots\" content=\"index, follow, max-snippet:-1, max-image-preview:large, max-video-preview:-1\" \/>\n<link rel=\"canonical\" href=\"https:\/\/mamaglobalhealing.com\/en\/product\/pogotowie-fotograficzne-dla-rodzicow-pierwsza-pomoc\/\" \/>\n<meta property=\"og:locale\" content=\"en_GB\" \/>\n<meta property=\"og:type\" content=\"article\" \/>\n<meta property=\"og:title\" content=\"Pogotowie fotograficzne dla rodzic\u00f3w \u2013 pierwsza pomoc | Kolektyw AZ - Mama Global Healing\" \/>\n<meta property=\"og:description\" content=\"Uporz\u0105dkujemy Twoj\u0105 rozproszon\u0105 wiedz\u0119 o fotografowaniu i przedstawimy j\u0105 w spos\u00f3b prosty i przyjazny.\" \/>\n<meta property=\"og:url\" content=\"https:\/\/mamaglobalhealing.com\/en\/product\/pogotowie-fotograficzne-dla-rodzicow-pierwsza-pomoc\/\" \/>\n<meta property=\"og:site_name\" content=\"Mama Global Healing\" \/>\n<meta property=\"article:modified_time\" content=\"2022-11-17T11:08:05+00:00\" \/>\n<meta property=\"og:image\" content=\"https:\/\/mamaglobalhealing.com\/wp-content\/uploads\/2022\/04\/174838672_304758474502091_7325829383568984932_n.jpg\" \/>\n\t<meta property=\"og:image:width\" content=\"1440\" \/>\n\t<meta property=\"og:image:height\" content=\"1800\" \/>\n\t<meta property=\"og:image:type\" content=\"image\/jpeg\" \/>\n<meta name=\"twitter:card\" content=\"summary_large_image\" \/>\n<script type=\"application\/ld+json\" class=\"yoast-schema-graph\">{\"@context\":\"https:\/\/schema.org\",\"@graph\":[{\"@type\":\"WebPage\",\"@id\":\"https:\/\/mamaglobalhealing.com\/produkt\/pogotowie-fotograficzne-dla-rodzicow-pierwsza-pomoc\/\",\"url\":\"https:\/\/mamaglobalhealing.com\/produkt\/pogotowie-fotograficzne-dla-rodzicow-pierwsza-pomoc\/\",\"name\":\"Pogotowie fotograficzne dla rodzic\u00f3w \u2013 pierwsza pomoc | Kolektyw AZ - Mama Global Healing\",\"isPartOf\":{\"@id\":\"https:\/\/mamaglobalhealing.com\/#website\"},\"primaryImageOfPage\":{\"@id\":\"https:\/\/mamaglobalhealing.com\/produkt\/pogotowie-fotograficzne-dla-rodzicow-pierwsza-pomoc\/#primaryimage\"},\"image\":{\"@id\":\"https:\/\/mamaglobalhealing.com\/produkt\/pogotowie-fotograficzne-dla-rodzicow-pierwsza-pomoc\/#primaryimage\"},\"thumbnailUrl\":\"https:\/\/mamaglobalhealing.com\/wp-content\/uploads\/2022\/04\/174838672_304758474502091_7325829383568984932_n.jpg\",\"datePublished\":\"2022-04-27T13:24:31+00:00\",\"dateModified\":\"2022-11-17T11:08:05+00:00\",\"description\":\"Uporz\u0105dkujemy Twoj\u0105 rozproszon\u0105 wiedz\u0119 o fotografowaniu i przedstawimy j\u0105 w spos\u00f3b prosty i przyjazny.\",\"breadcrumb\":{\"@id\":\"https:\/\/mamaglobalhealing.com\/produkt\/pogotowie-fotograficzne-dla-rodzicow-pierwsza-pomoc\/#breadcrumb\"},\"inLanguage\":\"en-GB\",\"potentialAction\":[{\"@type\":\"ReadAction\",\"target\":[\"https:\/\/mamaglobalhealing.com\/produkt\/pogotowie-fotograficzne-dla-rodzicow-pierwsza-pomoc\/\"]}]},{\"@type\":\"ImageObject\",\"inLanguage\":\"en-GB\",\"@id\":\"https:\/\/mamaglobalhealing.com\/produkt\/pogotowie-fotograficzne-dla-rodzicow-pierwsza-pomoc\/#primaryimage\",\"url\":\"https:\/\/mamaglobalhealing.com\/wp-content\/uploads\/2022\/04\/174838672_304758474502091_7325829383568984932_n.jpg\",\"contentUrl\":\"https:\/\/mamaglobalhealing.com\/wp-content\/uploads\/2022\/04\/174838672_304758474502091_7325829383568984932_n.jpg\",\"width\":1440,\"height\":1800},{\"@type\":\"BreadcrumbList\",\"@id\":\"https:\/\/mamaglobalhealing.com\/produkt\/pogotowie-fotograficzne-dla-rodzicow-pierwsza-pomoc\/#breadcrumb\",\"itemListElement\":[{\"@type\":\"ListItem\",\"position\":1,\"name\":\"Strona g\u0142\u00f3wna\",\"item\":\"https:\/\/mamaglobalhealing.com\/\"},{\"@type\":\"ListItem\",\"position\":2,\"name\":\"Sklep\",\"item\":\"https:\/\/mamaglobalhealing.com\/sklep\/\"},{\"@type\":\"ListItem\",\"position\":3,\"name\":\"Pogotowie fotograficzne dla rodzic\u00f3w \u2013 pierwsza pomoc | Kolektyw AZ\"}]},{\"@type\":\"WebSite\",\"@id\":\"https:\/\/mamaglobalhealing.com\/#website\",\"url\":\"https:\/\/mamaglobalhealing.com\/\",\"name\":\"Mama Global Healing\",\"description\":\"Kolejna witryna WordPress\",\"potentialAction\":[{\"@type\":\"SearchAction\",\"target\":{\"@type\":\"EntryPoint\",\"urlTemplate\":\"https:\/\/mamaglobalhealing.com\/?s={search_term_string}\"},\"query-input\":{\"@type\":\"PropertyValueSpecification\",\"valueRequired\":true,\"valueName\":\"search_term_string\"}}],\"inLanguage\":\"en-GB\"}]}<\/script>\n<!-- \/ Yoast SEO plugin. -->","yoast_head_json":{"title":"Pogotowie fotograficzne dla rodzic\u00f3w \u2013 pierwsza pomoc | Kolektyw AZ - Mama Global Healing","description":"Uporz\u0105dkujemy Twoj\u0105 rozproszon\u0105 wiedz\u0119 o fotografowaniu i przedstawimy j\u0105 w spos\u00f3b prosty i przyjazny.","robots":{"index":"index","follow":"follow","max-snippet":"max-snippet:-1","max-image-preview":"max-image-preview:large","max-video-preview":"max-video-preview:-1"},"canonical":"https:\/\/mamaglobalhealing.com\/en\/product\/pogotowie-fotograficzne-dla-rodzicow-pierwsza-pomoc\/","og_locale":"en_GB","og_type":"article","og_title":"Pogotowie fotograficzne dla rodzic\u00f3w \u2013 pierwsza pomoc | Kolektyw AZ - Mama Global Healing","og_description":"Uporz\u0105dkujemy Twoj\u0105 rozproszon\u0105 wiedz\u0119 o fotografowaniu i przedstawimy j\u0105 w spos\u00f3b prosty i przyjazny.","og_url":"https:\/\/mamaglobalhealing.com\/en\/product\/pogotowie-fotograficzne-dla-rodzicow-pierwsza-pomoc\/","og_site_name":"Mama Global Healing","article_modified_time":"2022-11-17T11:08:05+00:00","og_image":[{"width":1440,"height":1800,"url":"https:\/\/mamaglobalhealing.com\/wp-content\/uploads\/2022\/04\/174838672_304758474502091_7325829383568984932_n.jpg","type":"image\/jpeg"}],"twitter_card":"summary_large_image","schema":{"@context":"https:\/\/schema.org","@graph":[{"@type":"WebPage","@id":"https:\/\/mamaglobalhealing.com\/produkt\/pogotowie-fotograficzne-dla-rodzicow-pierwsza-pomoc\/","url":"https:\/\/mamaglobalhealing.com\/produkt\/pogotowie-fotograficzne-dla-rodzicow-pierwsza-pomoc\/","name":"Pogotowie fotograficzne dla rodzic\u00f3w \u2013 pierwsza pomoc | Kolektyw AZ - Mama Global Healing","isPartOf":{"@id":"https:\/\/mamaglobalhealing.com\/#website"},"primaryImageOfPage":{"@id":"https:\/\/mamaglobalhealing.com\/produkt\/pogotowie-fotograficzne-dla-rodzicow-pierwsza-pomoc\/#primaryimage"},"image":{"@id":"https:\/\/mamaglobalhealing.com\/produkt\/pogotowie-fotograficzne-dla-rodzicow-pierwsza-pomoc\/#primaryimage"},"thumbnailUrl":"https:\/\/mamaglobalhealing.com\/wp-content\/uploads\/2022\/04\/174838672_304758474502091_7325829383568984932_n.jpg","datePublished":"2022-04-27T13:24:31+00:00","dateModified":"2022-11-17T11:08:05+00:00","description":"Uporz\u0105dkujemy Twoj\u0105 rozproszon\u0105 wiedz\u0119 o fotografowaniu i przedstawimy j\u0105 w spos\u00f3b prosty i przyjazny.","breadcrumb":{"@id":"https:\/\/mamaglobalhealing.com\/produkt\/pogotowie-fotograficzne-dla-rodzicow-pierwsza-pomoc\/#breadcrumb"},"inLanguage":"en-GB","potentialAction":[{"@type":"ReadAction","target":["https:\/\/mamaglobalhealing.com\/produkt\/pogotowie-fotograficzne-dla-rodzicow-pierwsza-pomoc\/"]}]},{"@type":"ImageObject","inLanguage":"en-GB","@id":"https:\/\/mamaglobalhealing.com\/produkt\/pogotowie-fotograficzne-dla-rodzicow-pierwsza-pomoc\/#primaryimage","url":"https:\/\/mamaglobalhealing.com\/wp-content\/uploads\/2022\/04\/174838672_304758474502091_7325829383568984932_n.jpg","contentUrl":"https:\/\/mamaglobalhealing.com\/wp-content\/uploads\/2022\/04\/174838672_304758474502091_7325829383568984932_n.jpg","width":1440,"height":1800},{"@type":"BreadcrumbList","@id":"https:\/\/mamaglobalhealing.com\/produkt\/pogotowie-fotograficzne-dla-rodzicow-pierwsza-pomoc\/#breadcrumb","itemListElement":[{"@type":"ListItem","position":1,"name":"Strona g\u0142\u00f3wna","item":"https:\/\/mamaglobalhealing.com\/"},{"@type":"ListItem","position":2,"name":"Sklep","item":"https:\/\/mamaglobalhealing.com\/sklep\/"},{"@type":"ListItem","position":3,"name":"Pogotowie fotograficzne dla rodzic\u00f3w \u2013 pierwsza pomoc | Kolektyw AZ"}]},{"@type":"WebSite","@id":"https:\/\/mamaglobalhealing.com\/#website","url":"https:\/\/mamaglobalhealing.com\/","name":"Mama Global Healing","description":"Kolejna witryna WordPress","potentialAction":[{"@type":"SearchAction","target":{"@type":"EntryPoint","urlTemplate":"https:\/\/mamaglobalhealing.com\/?s={search_term_string}"},"query-input":{"@type":"PropertyValueSpecification","valueRequired":true,"valueName":"search_term_string"}}],"inLanguage":"en-GB"}]}},"_links":{"self":[{"href":"https:\/\/mamaglobalhealing.com\/en\/wp-json\/wp\/v2\/product\/2683","targetHints":{"allow":["GET"]}}],"collection":[{"href":"https:\/\/mamaglobalhealing.com\/en\/wp-json\/wp\/v2\/product"}],"about":[{"href":"https:\/\/mamaglobalhealing.com\/en\/wp-json\/wp\/v2\/types\/product"}],"wp:featuredmedia":[{"embeddable":true,"href":"https:\/\/mamaglobalhealing.com\/en\/wp-json\/wp\/v2\/media\/4063"}],"wp:attachment":[{"href":"https:\/\/mamaglobalhealing.com\/en\/wp-json\/wp\/v2\/media?parent=2683"}],"wp:term":[{"taxonomy":"product_brand","embeddable":true,"href":"https:\/\/mamaglobalhealing.com\/en\/wp-json\/wp\/v2\/product_brand?post=2683"},{"taxonomy":"product_cat","embeddable":true,"href":"https:\/\/mamaglobalhealing.com\/en\/wp-json\/wp\/v2\/product_cat?post=2683"},{"taxonomy":"product_tag","embeddable":true,"href":"https:\/\/mamaglobalhealing.com\/en\/wp-json\/wp\/v2\/product_tag?post=2683"}],"curies":[{"name":"wp","href":"https:\/\/api.w.org\/{rel}","templated":true}]}}