{"id":2685,"date":"2022-04-27T18:58:05","date_gmt":"2022-04-27T18:58:05","guid":{"rendered":"https:\/\/mamaglobalhealing.com\/?post_type=product&#038;p=2685"},"modified":"2022-11-17T11:05:35","modified_gmt":"2022-11-17T11:05:35","slug":"krag-snow","status":"publish","type":"product","link":"https:\/\/mamaglobalhealing.com\/en\/product\/krag-snow\/","title":{"rendered":"Kr\u0105g sn\u00f3w | Agnieszka Mocarska"},"content":{"rendered":"","protected":false},"excerpt":{"rendered":"<p><span style=\"font-weight: 400;\"> Kr\u0105g Sn\u00f3w to spotkanie, na kt\u00f3rym opowiadamy sobie sny w kr\u0119gu. Brzmi bardzo prosto, ale jest to niezwyk\u0142a praktyka, kt\u00f3ra pozwala otworzy\u0107 si\u0119 na sny i do\u015bwiadczy\u0107 wsp\u00f3lnego \u015bnienia. To 2-3-godzinne spotkanie, na kt\u00f3rym wsp\u00f3lnie odp\u0142yniemy w sfer\u0119 marze\u0144.<\/span><\/p>\n<p>Na Kr\u0119gu Sn\u00f3w:<br \/>\n&#8211; zrozumiesz lepiej swoje sny,<br \/>\n&#8211; spotkasz innych \u015bni\u0105cych w przyjaznej przestrzeni,<br \/>\n&#8211; mo\u017cesz odzyska\u0107 pami\u0119\u0107 sn\u00f3w, je\u015bli za nimi t\u0119sknisz<\/p>\n<p>Kr\u0105g Sn\u00f3w jest ceremoni\u0105, w kt\u00f3rej opowiadamy sny. Ka\u017cdy sen to dar, kt\u00f3ry wk\u0142adamy do kr\u0119gu. Szukamy powi\u0105za\u0144 i po\u0142\u0105cze\u0144 mi\u0119dzy snami, zauwa\u017camy synchroniczno\u015bci, dzielimy si\u0119 informacjami. Uczymy si\u0119 m\u00f3wi\u0107 o snach pozytywnie, nie interpretowa\u0107 i nie poucza\u0107. Dzi\u0119ki temu zaczyna dzia\u0107 si\u0119 magia kr\u0119gu sn\u00f3w, zaczynamy czu\u0107 \u017cyw\u0105 materi\u0119 sn\u00f3w, otwieraj\u0105 si\u0119 przed nami wymiary, w kt\u00f3re nie wejdzie kontroluj\u0105cy umys\u0142. Czy sny s\u0105 dla Ciebie wa\u017cne? Czy czujesz ekscytacj\u0119, ogie\u0144 i rado\u015b\u0107, kiedy my\u015blisz o spotkaniach z nimi? Spotkajmy si\u0119 na Mamie \ud83d\ude42<\/p>\n<p><b>Prowadz\u0105ca:<\/b><span style=\"font-weight: 400;\"> Agnieszka Mocarska<\/span><\/p>\n<p><b>Czas trwania:<\/b><span style=\"font-weight: 400;\"> 1.5h<\/span><\/p>\n<p><b>Data i godzina: <\/b>czwartek 20:30 &#8211; 22:00<\/p>\n<p><b>Miejsce: <\/b><a href=\"https:\/\/mamaglobalhealing.com\/en\/mama-line-up\/jurta\/\">Forest Hub | Jurta<\/a><\/p>\n<p><b>Ilo\u015b\u0107 os\u00f3b:<\/b><span style=\"font-weight: 400;\"> 10-15<\/span><\/p>\n<p><b>Dla Kogo: <\/b>Wszyscy<\/p>\n<p><b>Bobasy:<\/b><span style=\"font-weight: 400;\"> nie<\/span><\/p>\n<p><b>Cena: <\/b>11 PLN<\/p>","protected":false},"featured_media":2922,"template":"","meta":{"_et_pb_use_builder":"","_et_pb_old_content":"","_et_gb_content_width":""},"product_brand":[],"product_cat":[40,34],"product_tag":[],"class_list":{"0":"post-2685","1":"product","2":"type-product","3":"status-publish","4":"has-post-thumbnail","6":"product_cat-czwartek","7":"product_cat-mama-work","9":"first","10":"instock","11":"virtual","12":"taxable","13":"product-type-simple"},"yoast_head":"<!-- This site is optimized with the Yoast SEO plugin v25.1 - https:\/\/yoast.com\/wordpress\/plugins\/seo\/ -->\n<title>Kr\u0105g sn\u00f3w | Agnieszka Mocarska - Mama Global Healing<\/title>\n<meta name=\"description\" content=\"Czy sny s\u0105 dla Ciebie wa\u017cne? Czy czujesz ekscytacj\u0119, ogie\u0144 i rado\u015b\u0107, kiedy my\u015blisz o spotkaniach z nimi? Spotkajmy si\u0119 na Mamie! | czwartek | Forest Hub | Jurta\" \/>\n<meta name=\"robots\" content=\"index, follow, max-snippet:-1, max-image-preview:large, max-video-preview:-1\" \/>\n<link rel=\"canonical\" href=\"http:\/\/mamaglobalhealing.com\/en\/product\/krag-snow\/\" \/>\n<meta property=\"og:locale\" content=\"en_GB\" \/>\n<meta property=\"og:type\" content=\"article\" \/>\n<meta property=\"og:title\" content=\"Kr\u0105g sn\u00f3w | Agnieszka Mocarska - Mama Global Healing\" \/>\n<meta property=\"og:description\" content=\"Czy sny s\u0105 dla Ciebie wa\u017cne? Czy czujesz ekscytacj\u0119, ogie\u0144 i rado\u015b\u0107, kiedy my\u015blisz o spotkaniach z nimi? Spotkajmy si\u0119 na Mamie! | czwartek | Forest Hub | Jurta\" \/>\n<meta property=\"og:url\" content=\"http:\/\/mamaglobalhealing.com\/en\/product\/krag-snow\/\" \/>\n<meta property=\"og:site_name\" content=\"Mama Global Healing\" \/>\n<meta property=\"article:modified_time\" content=\"2022-11-17T11:05:35+00:00\" \/>\n<meta property=\"og:image\" content=\"http:\/\/mamaglobalhealing.com\/wp-content\/uploads\/2022\/04\/10-2-1024x1024.png\" \/>\n\t<meta property=\"og:image:width\" content=\"1024\" \/>\n\t<meta property=\"og:image:height\" content=\"1024\" \/>\n\t<meta property=\"og:image:type\" content=\"image\/png\" \/>\n<meta name=\"twitter:card\" content=\"summary_large_image\" \/>\n<script type=\"application\/ld+json\" class=\"yoast-schema-graph\">{\"@context\":\"https:\/\/schema.org\",\"@graph\":[{\"@type\":\"WebPage\",\"@id\":\"http:\/\/mamaglobalhealing.com\/produkt\/krag-snow\/\",\"url\":\"http:\/\/mamaglobalhealing.com\/produkt\/krag-snow\/\",\"name\":\"Kr\u0105g sn\u00f3w | Agnieszka Mocarska - Mama Global Healing\",\"isPartOf\":{\"@id\":\"https:\/\/mamaglobalhealing.com\/#website\"},\"primaryImageOfPage\":{\"@id\":\"http:\/\/mamaglobalhealing.com\/produkt\/krag-snow\/#primaryimage\"},\"image\":{\"@id\":\"http:\/\/mamaglobalhealing.com\/produkt\/krag-snow\/#primaryimage\"},\"thumbnailUrl\":\"https:\/\/mamaglobalhealing.com\/wp-content\/uploads\/2022\/04\/10-2.png\",\"datePublished\":\"2022-04-27T18:58:05+00:00\",\"dateModified\":\"2022-11-17T11:05:35+00:00\",\"description\":\"Czy sny s\u0105 dla Ciebie wa\u017cne? Czy czujesz ekscytacj\u0119, ogie\u0144 i rado\u015b\u0107, kiedy my\u015blisz o spotkaniach z nimi? Spotkajmy si\u0119 na Mamie! | czwartek | Forest Hub | Jurta\",\"breadcrumb\":{\"@id\":\"http:\/\/mamaglobalhealing.com\/produkt\/krag-snow\/#breadcrumb\"},\"inLanguage\":\"en-GB\",\"potentialAction\":[{\"@type\":\"ReadAction\",\"target\":[\"http:\/\/mamaglobalhealing.com\/produkt\/krag-snow\/\"]}]},{\"@type\":\"ImageObject\",\"inLanguage\":\"en-GB\",\"@id\":\"http:\/\/mamaglobalhealing.com\/produkt\/krag-snow\/#primaryimage\",\"url\":\"https:\/\/mamaglobalhealing.com\/wp-content\/uploads\/2022\/04\/10-2.png\",\"contentUrl\":\"https:\/\/mamaglobalhealing.com\/wp-content\/uploads\/2022\/04\/10-2.png\",\"width\":1080,\"height\":1080},{\"@type\":\"BreadcrumbList\",\"@id\":\"http:\/\/mamaglobalhealing.com\/produkt\/krag-snow\/#breadcrumb\",\"itemListElement\":[{\"@type\":\"ListItem\",\"position\":1,\"name\":\"Strona g\u0142\u00f3wna\",\"item\":\"https:\/\/mamaglobalhealing.com\/\"},{\"@type\":\"ListItem\",\"position\":2,\"name\":\"Sklep\",\"item\":\"https:\/\/mamaglobalhealing.com\/sklep\/\"},{\"@type\":\"ListItem\",\"position\":3,\"name\":\"Kr\u0105g sn\u00f3w | Agnieszka Mocarska\"}]},{\"@type\":\"WebSite\",\"@id\":\"https:\/\/mamaglobalhealing.com\/#website\",\"url\":\"https:\/\/mamaglobalhealing.com\/\",\"name\":\"Mama Global Healing\",\"description\":\"Kolejna witryna WordPress\",\"potentialAction\":[{\"@type\":\"SearchAction\",\"target\":{\"@type\":\"EntryPoint\",\"urlTemplate\":\"https:\/\/mamaglobalhealing.com\/?s={search_term_string}\"},\"query-input\":{\"@type\":\"PropertyValueSpecification\",\"valueRequired\":true,\"valueName\":\"search_term_string\"}}],\"inLanguage\":\"en-GB\"}]}<\/script>\n<!-- \/ Yoast SEO plugin. -->","yoast_head_json":{"title":"Kr\u0105g sn\u00f3w | Agnieszka Mocarska - Mama Global Healing","description":"Czy sny s\u0105 dla Ciebie wa\u017cne? Czy czujesz ekscytacj\u0119, ogie\u0144 i rado\u015b\u0107, kiedy my\u015blisz o spotkaniach z nimi? Spotkajmy si\u0119 na Mamie! | czwartek | Forest Hub | Jurta","robots":{"index":"index","follow":"follow","max-snippet":"max-snippet:-1","max-image-preview":"max-image-preview:large","max-video-preview":"max-video-preview:-1"},"canonical":"http:\/\/mamaglobalhealing.com\/en\/product\/krag-snow\/","og_locale":"en_GB","og_type":"article","og_title":"Kr\u0105g sn\u00f3w | Agnieszka Mocarska - Mama Global Healing","og_description":"Czy sny s\u0105 dla Ciebie wa\u017cne? Czy czujesz ekscytacj\u0119, ogie\u0144 i rado\u015b\u0107, kiedy my\u015blisz o spotkaniach z nimi? Spotkajmy si\u0119 na Mamie! | czwartek | Forest Hub | Jurta","og_url":"http:\/\/mamaglobalhealing.com\/en\/product\/krag-snow\/","og_site_name":"Mama Global Healing","article_modified_time":"2022-11-17T11:05:35+00:00","og_image":[{"width":1024,"height":1024,"url":"http:\/\/mamaglobalhealing.com\/wp-content\/uploads\/2022\/04\/10-2-1024x1024.png","type":"image\/png"}],"twitter_card":"summary_large_image","schema":{"@context":"https:\/\/schema.org","@graph":[{"@type":"WebPage","@id":"http:\/\/mamaglobalhealing.com\/produkt\/krag-snow\/","url":"http:\/\/mamaglobalhealing.com\/produkt\/krag-snow\/","name":"Kr\u0105g sn\u00f3w | Agnieszka Mocarska - Mama Global Healing","isPartOf":{"@id":"https:\/\/mamaglobalhealing.com\/#website"},"primaryImageOfPage":{"@id":"http:\/\/mamaglobalhealing.com\/produkt\/krag-snow\/#primaryimage"},"image":{"@id":"http:\/\/mamaglobalhealing.com\/produkt\/krag-snow\/#primaryimage"},"thumbnailUrl":"https:\/\/mamaglobalhealing.com\/wp-content\/uploads\/2022\/04\/10-2.png","datePublished":"2022-04-27T18:58:05+00:00","dateModified":"2022-11-17T11:05:35+00:00","description":"Czy sny s\u0105 dla Ciebie wa\u017cne? Czy czujesz ekscytacj\u0119, ogie\u0144 i rado\u015b\u0107, kiedy my\u015blisz o spotkaniach z nimi? Spotkajmy si\u0119 na Mamie! | czwartek | Forest Hub | Jurta","breadcrumb":{"@id":"http:\/\/mamaglobalhealing.com\/produkt\/krag-snow\/#breadcrumb"},"inLanguage":"en-GB","potentialAction":[{"@type":"ReadAction","target":["http:\/\/mamaglobalhealing.com\/produkt\/krag-snow\/"]}]},{"@type":"ImageObject","inLanguage":"en-GB","@id":"http:\/\/mamaglobalhealing.com\/produkt\/krag-snow\/#primaryimage","url":"https:\/\/mamaglobalhealing.com\/wp-content\/uploads\/2022\/04\/10-2.png","contentUrl":"https:\/\/mamaglobalhealing.com\/wp-content\/uploads\/2022\/04\/10-2.png","width":1080,"height":1080},{"@type":"BreadcrumbList","@id":"http:\/\/mamaglobalhealing.com\/produkt\/krag-snow\/#breadcrumb","itemListElement":[{"@type":"ListItem","position":1,"name":"Strona g\u0142\u00f3wna","item":"https:\/\/mamaglobalhealing.com\/"},{"@type":"ListItem","position":2,"name":"Sklep","item":"https:\/\/mamaglobalhealing.com\/sklep\/"},{"@type":"ListItem","position":3,"name":"Kr\u0105g sn\u00f3w | Agnieszka Mocarska"}]},{"@type":"WebSite","@id":"https:\/\/mamaglobalhealing.com\/#website","url":"https:\/\/mamaglobalhealing.com\/","name":"Mama Global Healing","description":"Kolejna witryna WordPress","potentialAction":[{"@type":"SearchAction","target":{"@type":"EntryPoint","urlTemplate":"https:\/\/mamaglobalhealing.com\/?s={search_term_string}"},"query-input":{"@type":"PropertyValueSpecification","valueRequired":true,"valueName":"search_term_string"}}],"inLanguage":"en-GB"}]}},"_links":{"self":[{"href":"https:\/\/mamaglobalhealing.com\/en\/wp-json\/wp\/v2\/product\/2685","targetHints":{"allow":["GET"]}}],"collection":[{"href":"https:\/\/mamaglobalhealing.com\/en\/wp-json\/wp\/v2\/product"}],"about":[{"href":"https:\/\/mamaglobalhealing.com\/en\/wp-json\/wp\/v2\/types\/product"}],"wp:featuredmedia":[{"embeddable":true,"href":"https:\/\/mamaglobalhealing.com\/en\/wp-json\/wp\/v2\/media\/2922"}],"wp:attachment":[{"href":"https:\/\/mamaglobalhealing.com\/en\/wp-json\/wp\/v2\/media?parent=2685"}],"wp:term":[{"taxonomy":"product_brand","embeddable":true,"href":"https:\/\/mamaglobalhealing.com\/en\/wp-json\/wp\/v2\/product_brand?post=2685"},{"taxonomy":"product_cat","embeddable":true,"href":"https:\/\/mamaglobalhealing.com\/en\/wp-json\/wp\/v2\/product_cat?post=2685"},{"taxonomy":"product_tag","embeddable":true,"href":"https:\/\/mamaglobalhealing.com\/en\/wp-json\/wp\/v2\/product_tag?post=2685"}],"curies":[{"name":"wp","href":"https:\/\/api.w.org\/{rel}","templated":true}]}}