{"id":2687,"date":"2022-04-27T19:04:28","date_gmt":"2022-04-27T19:04:28","guid":{"rendered":"https:\/\/mamaglobalhealing.com\/?post_type=product&#038;p=2687"},"modified":"2022-11-17T11:07:59","modified_gmt":"2022-11-17T11:07:59","slug":"kobieta-na-drodze-do-ekstazy-porodowej","status":"publish","type":"product","link":"https:\/\/mamaglobalhealing.com\/en\/product\/kobieta-na-drodze-do-ekstazy-porodowej\/","title":{"rendered":"Kobieta na drodze do ekstazy porodowej | Marzena Gabryk"},"content":{"rendered":"","protected":false},"excerpt":{"rendered":"<p><span style=\"font-weight: 400;\"> Por\u00f3d to rytua\u0142 przej\u015bcia, do\u015bwiadczenie totalne, zmieniaj\u0105ce Ci\u0119 ca\u0142kowicie, transformuj\u0105ce Twoj\u0105 \u015bwiadomo\u015b\u0107, konfrontuj\u0105ce z najwi\u0119kszymi l\u0119kami, ale i z najwy\u017csz\u0105 \u017cyciow\u0105 moc\u0105, jak\u0105 jeste\u015b w stanie sobie wyobrazi\u0107. Podczas wyk\u0142adu opowiem Ci o najwa\u017cniejszych aspektach przygotowania do ekstatycznego porodu. Jakie kroki wykona\u0107, aby przybli\u017cy\u0107 si\u0119 do tej wizji, jak i z czym pracowa\u0107, aby odblokowa\u0107 sw\u00f3j potencja\u0142 i jak uzdrawia\u0107 sabotuj\u0105ce przekonania i narracje, kt\u00f3re mog\u0105 stan\u0105\u0107 Ci na drodze. B\u0119d\u0119 bazowa\u0107 na osobistym uciele\u015bnieniu dw\u00f3ch ekstatycznych porod\u00f3w, na wiedzy, kt\u00f3r\u0105 zdoby\u0142am podczas kurs\u00f3w i rozwoju osobistego oraz na praktyce i do\u015bwiadczeniu, kt\u00f3re wynosz\u0119 z pracy z moimi klientkami. <\/span><\/p>\n<p><b>Prowadz\u0105cy:<\/b><span style=\"font-weight: 400;\"> Marzena Gabryk <\/span><\/p>\n<p><b>Czas trwania:<\/b><span style=\"font-weight: 400;\"> 1.5h<\/span><\/p>\n<p><b>Data i godzina: <\/b>pi\u0105tek 18:00 &#8211; 19:30<\/p>\n<p><b>Miejsce: <\/b><a href=\"https:\/\/mamaglobalhealing.com\/en\/mama-line-up\/jurta\/\">Forest Hub | Jurta<\/a><\/p>\n<p><b>Ilo\u015b\u0107 os\u00f3b:<\/b><span style=\"font-weight: 400;\"> 15-20<\/span><\/p>\n<p><b>Dla Kogo:<\/b> Kobiety<\/p>\n<p><b>Bobasy:<\/b><span style=\"font-weight: 400;\"> tak<\/span><\/p>\n<p><b>Cena: <\/b>11z\u0142<\/p>","protected":false},"featured_media":3443,"template":"","meta":{"_et_pb_use_builder":"","_et_pb_old_content":"","_et_gb_content_width":""},"product_brand":[],"product_cat":[34,41],"product_tag":[],"class_list":{"0":"post-2687","1":"product","2":"type-product","3":"status-publish","4":"has-post-thumbnail","6":"product_cat-mama-work","7":"product_cat-piatek","9":"first","10":"instock","11":"virtual","12":"taxable","13":"product-type-simple"},"yoast_head":"<!-- This site is optimized with the Yoast SEO plugin v25.1 - https:\/\/yoast.com\/wordpress\/plugins\/seo\/ -->\n<title>Kobieta na drodze do ekstazy porodowej | Marzena Gabryk - Mama Global Healing<\/title>\n<meta name=\"robots\" content=\"index, follow, max-snippet:-1, max-image-preview:large, max-video-preview:-1\" \/>\n<link rel=\"canonical\" href=\"http:\/\/mamaglobalhealing.com\/en\/product\/kobieta-na-drodze-do-ekstazy-porodowej\/\" \/>\n<meta property=\"og:locale\" content=\"en_GB\" \/>\n<meta property=\"og:type\" content=\"article\" \/>\n<meta property=\"og:title\" content=\"Kobieta na drodze do ekstazy porodowej | Marzena Gabryk - Mama Global Healing\" \/>\n<meta property=\"og:description\" content=\"Por\u00f3d to rytua\u0142 przej\u015bcia, do\u015bwiadczenie totalne, zmieniaj\u0105ce Ci\u0119 ca\u0142kowicie, transformuj\u0105ce Twoj\u0105 \u015bwiadomo\u015b\u0107, konfrontuj\u0105ce z najwi\u0119kszymi l\u0119kami, ale i z najwy\u017csz\u0105 \u017cyciow\u0105 moc\u0105, jak\u0105 jeste\u015b w stanie sobie wyobrazi\u0107. Podczas wyk\u0142adu opowiem Ci o najwa\u017cniejszych aspektach przygotowania do ekstatycznego porodu. Jakie kroki wykona\u0107, aby przybli\u017cy\u0107 si\u0119 do tej wizji, jak i z czym pracowa\u0107, aby odblokowa\u0107 sw\u00f3j potencja\u0142 i jak uzdrawia\u0107 sabotuj\u0105ce przekonania i narracje, kt\u00f3re mog\u0105 stan\u0105\u0107 Ci na drodze. B\u0119d\u0119 bazowa\u0107 na osobistym uciele\u015bnieniu dw\u00f3ch ekstatycznych porod\u00f3w, na wiedzy, kt\u00f3r\u0105 zdoby\u0142am podczas kurs\u00f3w i rozwoju osobistego oraz na praktyce i do\u015bwiadczeniu, kt\u00f3re wynosz\u0119 z pracy z moimi klientkami.   Prowadz\u0105cy: Marzena Gabryk   Czas trwania: 1.5h  Data i godzina: pi\u0105tek 18:00 - 19:30  Miejsce: Forest Hub | Jurta  Ilo\u015b\u0107 os\u00f3b: 15-20  Dla Kogo: Kobiety  Bobasy: tak  Cena: 11z\u0142\" \/>\n<meta property=\"og:url\" content=\"http:\/\/mamaglobalhealing.com\/en\/product\/kobieta-na-drodze-do-ekstazy-porodowej\/\" \/>\n<meta property=\"og:site_name\" content=\"Mama Global Healing\" \/>\n<meta property=\"article:modified_time\" content=\"2022-11-17T11:07:59+00:00\" \/>\n<meta property=\"og:image\" content=\"http:\/\/mamaglobalhealing.com\/wp-content\/uploads\/2022\/04\/279762424_2193794200770709_1738753936536506_n.jpg\" \/>\n\t<meta property=\"og:image:width\" content=\"1080\" \/>\n\t<meta property=\"og:image:height\" content=\"1080\" \/>\n\t<meta property=\"og:image:type\" content=\"image\/jpeg\" \/>\n<meta name=\"twitter:card\" content=\"summary_large_image\" \/>\n<script type=\"application\/ld+json\" class=\"yoast-schema-graph\">{\"@context\":\"https:\/\/schema.org\",\"@graph\":[{\"@type\":\"WebPage\",\"@id\":\"http:\/\/mamaglobalhealing.com\/produkt\/kobieta-na-drodze-do-ekstazy-porodowej\/\",\"url\":\"http:\/\/mamaglobalhealing.com\/produkt\/kobieta-na-drodze-do-ekstazy-porodowej\/\",\"name\":\"Kobieta na drodze do ekstazy porodowej | Marzena Gabryk - Mama Global Healing\",\"isPartOf\":{\"@id\":\"https:\/\/mamaglobalhealing.com\/#website\"},\"primaryImageOfPage\":{\"@id\":\"http:\/\/mamaglobalhealing.com\/produkt\/kobieta-na-drodze-do-ekstazy-porodowej\/#primaryimage\"},\"image\":{\"@id\":\"http:\/\/mamaglobalhealing.com\/produkt\/kobieta-na-drodze-do-ekstazy-porodowej\/#primaryimage\"},\"thumbnailUrl\":\"https:\/\/mamaglobalhealing.com\/wp-content\/uploads\/2022\/04\/279762424_2193794200770709_1738753936536506_n.jpg\",\"datePublished\":\"2022-04-27T19:04:28+00:00\",\"dateModified\":\"2022-11-17T11:07:59+00:00\",\"breadcrumb\":{\"@id\":\"http:\/\/mamaglobalhealing.com\/produkt\/kobieta-na-drodze-do-ekstazy-porodowej\/#breadcrumb\"},\"inLanguage\":\"en-GB\",\"potentialAction\":[{\"@type\":\"ReadAction\",\"target\":[\"http:\/\/mamaglobalhealing.com\/produkt\/kobieta-na-drodze-do-ekstazy-porodowej\/\"]}]},{\"@type\":\"ImageObject\",\"inLanguage\":\"en-GB\",\"@id\":\"http:\/\/mamaglobalhealing.com\/produkt\/kobieta-na-drodze-do-ekstazy-porodowej\/#primaryimage\",\"url\":\"https:\/\/mamaglobalhealing.com\/wp-content\/uploads\/2022\/04\/279762424_2193794200770709_1738753936536506_n.jpg\",\"contentUrl\":\"https:\/\/mamaglobalhealing.com\/wp-content\/uploads\/2022\/04\/279762424_2193794200770709_1738753936536506_n.jpg\",\"width\":1080,\"height\":1080},{\"@type\":\"BreadcrumbList\",\"@id\":\"http:\/\/mamaglobalhealing.com\/produkt\/kobieta-na-drodze-do-ekstazy-porodowej\/#breadcrumb\",\"itemListElement\":[{\"@type\":\"ListItem\",\"position\":1,\"name\":\"Strona g\u0142\u00f3wna\",\"item\":\"https:\/\/mamaglobalhealing.com\/\"},{\"@type\":\"ListItem\",\"position\":2,\"name\":\"Sklep\",\"item\":\"https:\/\/mamaglobalhealing.com\/sklep\/\"},{\"@type\":\"ListItem\",\"position\":3,\"name\":\"Kobieta na&nbsp;drodze do&nbsp;ekstazy porodowej | Marzena Gabryk\"}]},{\"@type\":\"WebSite\",\"@id\":\"https:\/\/mamaglobalhealing.com\/#website\",\"url\":\"https:\/\/mamaglobalhealing.com\/\",\"name\":\"Mama Global Healing\",\"description\":\"Kolejna witryna WordPress\",\"potentialAction\":[{\"@type\":\"SearchAction\",\"target\":{\"@type\":\"EntryPoint\",\"urlTemplate\":\"https:\/\/mamaglobalhealing.com\/?s={search_term_string}\"},\"query-input\":{\"@type\":\"PropertyValueSpecification\",\"valueRequired\":true,\"valueName\":\"search_term_string\"}}],\"inLanguage\":\"en-GB\"}]}<\/script>\n<!-- \/ Yoast SEO plugin. -->","yoast_head_json":{"title":"Kobieta na drodze do ekstazy porodowej | Marzena Gabryk - Mama Global Healing","robots":{"index":"index","follow":"follow","max-snippet":"max-snippet:-1","max-image-preview":"max-image-preview:large","max-video-preview":"max-video-preview:-1"},"canonical":"http:\/\/mamaglobalhealing.com\/en\/product\/kobieta-na-drodze-do-ekstazy-porodowej\/","og_locale":"en_GB","og_type":"article","og_title":"Kobieta na drodze do ekstazy porodowej | Marzena Gabryk - Mama Global Healing","og_description":"Por\u00f3d to rytua\u0142 przej\u015bcia, do\u015bwiadczenie totalne, zmieniaj\u0105ce Ci\u0119 ca\u0142kowicie, transformuj\u0105ce Twoj\u0105 \u015bwiadomo\u015b\u0107, konfrontuj\u0105ce z najwi\u0119kszymi l\u0119kami, ale i z najwy\u017csz\u0105 \u017cyciow\u0105 moc\u0105, jak\u0105 jeste\u015b w stanie sobie wyobrazi\u0107. Podczas wyk\u0142adu opowiem Ci o najwa\u017cniejszych aspektach przygotowania do ekstatycznego porodu. Jakie kroki wykona\u0107, aby przybli\u017cy\u0107 si\u0119 do tej wizji, jak i z czym pracowa\u0107, aby odblokowa\u0107 sw\u00f3j potencja\u0142 i jak uzdrawia\u0107 sabotuj\u0105ce przekonania i narracje, kt\u00f3re mog\u0105 stan\u0105\u0107 Ci na drodze. B\u0119d\u0119 bazowa\u0107 na osobistym uciele\u015bnieniu dw\u00f3ch ekstatycznych porod\u00f3w, na wiedzy, kt\u00f3r\u0105 zdoby\u0142am podczas kurs\u00f3w i rozwoju osobistego oraz na praktyce i do\u015bwiadczeniu, kt\u00f3re wynosz\u0119 z pracy z moimi klientkami.   Prowadz\u0105cy: Marzena Gabryk   Czas trwania: 1.5h  Data i godzina: pi\u0105tek 18:00 - 19:30  Miejsce: Forest Hub | Jurta  Ilo\u015b\u0107 os\u00f3b: 15-20  Dla Kogo: Kobiety  Bobasy: tak  Cena: 11z\u0142","og_url":"http:\/\/mamaglobalhealing.com\/en\/product\/kobieta-na-drodze-do-ekstazy-porodowej\/","og_site_name":"Mama Global Healing","article_modified_time":"2022-11-17T11:07:59+00:00","og_image":[{"width":1080,"height":1080,"url":"http:\/\/mamaglobalhealing.com\/wp-content\/uploads\/2022\/04\/279762424_2193794200770709_1738753936536506_n.jpg","type":"image\/jpeg"}],"twitter_card":"summary_large_image","schema":{"@context":"https:\/\/schema.org","@graph":[{"@type":"WebPage","@id":"http:\/\/mamaglobalhealing.com\/produkt\/kobieta-na-drodze-do-ekstazy-porodowej\/","url":"http:\/\/mamaglobalhealing.com\/produkt\/kobieta-na-drodze-do-ekstazy-porodowej\/","name":"Kobieta na drodze do ekstazy porodowej | Marzena Gabryk - Mama Global Healing","isPartOf":{"@id":"https:\/\/mamaglobalhealing.com\/#website"},"primaryImageOfPage":{"@id":"http:\/\/mamaglobalhealing.com\/produkt\/kobieta-na-drodze-do-ekstazy-porodowej\/#primaryimage"},"image":{"@id":"http:\/\/mamaglobalhealing.com\/produkt\/kobieta-na-drodze-do-ekstazy-porodowej\/#primaryimage"},"thumbnailUrl":"https:\/\/mamaglobalhealing.com\/wp-content\/uploads\/2022\/04\/279762424_2193794200770709_1738753936536506_n.jpg","datePublished":"2022-04-27T19:04:28+00:00","dateModified":"2022-11-17T11:07:59+00:00","breadcrumb":{"@id":"http:\/\/mamaglobalhealing.com\/produkt\/kobieta-na-drodze-do-ekstazy-porodowej\/#breadcrumb"},"inLanguage":"en-GB","potentialAction":[{"@type":"ReadAction","target":["http:\/\/mamaglobalhealing.com\/produkt\/kobieta-na-drodze-do-ekstazy-porodowej\/"]}]},{"@type":"ImageObject","inLanguage":"en-GB","@id":"http:\/\/mamaglobalhealing.com\/produkt\/kobieta-na-drodze-do-ekstazy-porodowej\/#primaryimage","url":"https:\/\/mamaglobalhealing.com\/wp-content\/uploads\/2022\/04\/279762424_2193794200770709_1738753936536506_n.jpg","contentUrl":"https:\/\/mamaglobalhealing.com\/wp-content\/uploads\/2022\/04\/279762424_2193794200770709_1738753936536506_n.jpg","width":1080,"height":1080},{"@type":"BreadcrumbList","@id":"http:\/\/mamaglobalhealing.com\/produkt\/kobieta-na-drodze-do-ekstazy-porodowej\/#breadcrumb","itemListElement":[{"@type":"ListItem","position":1,"name":"Strona g\u0142\u00f3wna","item":"https:\/\/mamaglobalhealing.com\/"},{"@type":"ListItem","position":2,"name":"Sklep","item":"https:\/\/mamaglobalhealing.com\/sklep\/"},{"@type":"ListItem","position":3,"name":"Kobieta na&nbsp;drodze do&nbsp;ekstazy porodowej | Marzena Gabryk"}]},{"@type":"WebSite","@id":"https:\/\/mamaglobalhealing.com\/#website","url":"https:\/\/mamaglobalhealing.com\/","name":"Mama Global Healing","description":"Kolejna witryna WordPress","potentialAction":[{"@type":"SearchAction","target":{"@type":"EntryPoint","urlTemplate":"https:\/\/mamaglobalhealing.com\/?s={search_term_string}"},"query-input":{"@type":"PropertyValueSpecification","valueRequired":true,"valueName":"search_term_string"}}],"inLanguage":"en-GB"}]}},"_links":{"self":[{"href":"https:\/\/mamaglobalhealing.com\/en\/wp-json\/wp\/v2\/product\/2687","targetHints":{"allow":["GET"]}}],"collection":[{"href":"https:\/\/mamaglobalhealing.com\/en\/wp-json\/wp\/v2\/product"}],"about":[{"href":"https:\/\/mamaglobalhealing.com\/en\/wp-json\/wp\/v2\/types\/product"}],"wp:featuredmedia":[{"embeddable":true,"href":"https:\/\/mamaglobalhealing.com\/en\/wp-json\/wp\/v2\/media\/3443"}],"wp:attachment":[{"href":"https:\/\/mamaglobalhealing.com\/en\/wp-json\/wp\/v2\/media?parent=2687"}],"wp:term":[{"taxonomy":"product_brand","embeddable":true,"href":"https:\/\/mamaglobalhealing.com\/en\/wp-json\/wp\/v2\/product_brand?post=2687"},{"taxonomy":"product_cat","embeddable":true,"href":"https:\/\/mamaglobalhealing.com\/en\/wp-json\/wp\/v2\/product_cat?post=2687"},{"taxonomy":"product_tag","embeddable":true,"href":"https:\/\/mamaglobalhealing.com\/en\/wp-json\/wp\/v2\/product_tag?post=2687"}],"curies":[{"name":"wp","href":"https:\/\/api.w.org\/{rel}","templated":true}]}}