{"id":2688,"date":"2022-04-27T19:05:59","date_gmt":"2022-04-27T19:05:59","guid":{"rendered":"https:\/\/mamaglobalhealing.com\/?post_type=product&#038;p=2688"},"modified":"2022-11-17T11:10:53","modified_gmt":"2022-11-17T11:10:53","slug":"odrodzenie-dzikiej-kobiety","status":"publish","type":"product","link":"https:\/\/mamaglobalhealing.com\/en\/product\/odrodzenie-dzikiej-kobiety\/","title":{"rendered":"Odrodzenie dzikiej kobiety | Marzena Gabryk"},"content":{"rendered":"","protected":false},"excerpt":{"rendered":"<p><span style=\"font-weight: 400;\"> Podczas tego intymnego procesu b\u0119dziemy kontaktowa\u0107 si\u0119 z obszarem dzikiej kobieco\u015bci. Odniesiemy si\u0119 do mitycznej postaci Lilith, reprezentuj\u0105cej demonizowane i represjonowane kulturowo aspekty kobiecej psyche. Spotkamy si\u0119 ze swoimi wstydami, pragnieniami i l\u0119kami, by dzi\u0119ki wsparciu astrologii, malowania i intuicyjnego ta\u0144ca, wydoby\u0107 na powierzchni\u0119 wygnane cz\u0119\u015bci siebie, wyrazi\u0107 je w bezpiecznym otoczeniu, przywr\u00f3ci\u0107 im \u015bwi\u0119to\u015b\u0107 i stworzy\u0107 sobie przestrze\u0144 na ich zintegrowanie. <\/span><\/p>\n<p><b>Prowadz\u0105ca:<\/b><span style=\"font-weight: 400;\"> Marzena Gabryk<\/span><\/p>\n<p><b>Czas trwania:<\/b><span style=\"font-weight: 400;\"> 2h<\/span><\/p>\n<p><b>Data i godzina: <\/b>sobota 19:30 &#8211; 20:30<b>\u00a0<\/b><\/p>\n<p><b>Miejsce: <\/b><a href=\"https:\/\/mamaglobalhealing.com\/en\/mama-line-up\/jurta\/\">Forest Hub | Jurta<\/a><\/p>\n<p><b>Liczba os\u00f3b:<\/b><span style=\"font-weight: 400;\"> 10<\/span><\/p>\n<p><b>Dla Kogo: <\/b>Kobiety<\/p>\n<p><b>Bobasy:<\/b><span style=\"font-weight: 400;\"> nie<\/span><\/p>\n<p><b>Cena: <\/b>33z\u0142<\/p>","protected":false},"featured_media":3441,"template":"","meta":{"_et_pb_use_builder":"","_et_pb_old_content":"","_et_gb_content_width":""},"product_brand":[],"product_cat":[34,42],"product_tag":[],"class_list":{"0":"post-2688","1":"product","2":"type-product","3":"status-publish","4":"has-post-thumbnail","6":"product_cat-mama-work","7":"product_cat-sobota","9":"first","10":"outofstock","11":"virtual","12":"taxable","13":"product-type-simple"},"yoast_head":"<!-- This site is optimized with the Yoast SEO plugin v25.1 - https:\/\/yoast.com\/wordpress\/plugins\/seo\/ -->\n<title>Odrodzenie dzikiej kobiety | Marzena Gabryk - Mama Global Healing<\/title>\n<meta name=\"description\" content=\"Podczas tego intymnego procesu b\u0119dziemy kontaktowa\u0107 si\u0119 z obszarem dzikiej kobieco\u015bci. Odniesiemy si\u0119 do mitycznej postaci Lilith, reprezentuj\u0105cej demonizowane i represjonowane kulturowo aspekty kobiecej psyche. Spotkamy si\u0119 ze swoimi wstydami, pragnieniami i l\u0119kami, by dzi\u0119ki wsparciu astrologii, malowania i intuicyjnego ta\u0144ca, wydoby\u0107 na powierzchni\u0119 wygnane cz\u0119\u015bci siebie, wyrazi\u0107 je w bezpiecznym otoczeniu, przywr\u00f3ci\u0107 im \u015bwi\u0119to\u015b\u0107 i stworzy\u0107 sobie przestrze\u0144 na ich zintegrowanie.\" \/>\n<meta name=\"robots\" content=\"index, follow, max-snippet:-1, max-image-preview:large, max-video-preview:-1\" \/>\n<link rel=\"canonical\" href=\"http:\/\/mamaglobalhealing.com\/en\/product\/odrodzenie-dzikiej-kobiety\/\" \/>\n<meta property=\"og:locale\" content=\"en_GB\" \/>\n<meta property=\"og:type\" content=\"article\" \/>\n<meta property=\"og:title\" content=\"Odrodzenie dzikiej kobiety | Marzena Gabryk - Mama Global Healing\" \/>\n<meta property=\"og:description\" content=\"Podczas tego intymnego procesu b\u0119dziemy kontaktowa\u0107 si\u0119 z obszarem dzikiej kobieco\u015bci. Odniesiemy si\u0119 do mitycznej postaci Lilith, reprezentuj\u0105cej demonizowane i represjonowane kulturowo aspekty kobiecej psyche. Spotkamy si\u0119 ze swoimi wstydami, pragnieniami i l\u0119kami, by dzi\u0119ki wsparciu astrologii, malowania i intuicyjnego ta\u0144ca, wydoby\u0107 na powierzchni\u0119 wygnane cz\u0119\u015bci siebie, wyrazi\u0107 je w bezpiecznym otoczeniu, przywr\u00f3ci\u0107 im \u015bwi\u0119to\u015b\u0107 i stworzy\u0107 sobie przestrze\u0144 na ich zintegrowanie.\" \/>\n<meta property=\"og:url\" content=\"http:\/\/mamaglobalhealing.com\/en\/product\/odrodzenie-dzikiej-kobiety\/\" \/>\n<meta property=\"og:site_name\" content=\"Mama Global Healing\" \/>\n<meta property=\"article:modified_time\" content=\"2022-11-17T11:10:53+00:00\" \/>\n<meta property=\"og:image\" content=\"http:\/\/mamaglobalhealing.com\/wp-content\/uploads\/2022\/04\/274035014_2129879293828867_4805761253184856273_n.jpg\" \/>\n\t<meta property=\"og:image:width\" content=\"1440\" \/>\n\t<meta property=\"og:image:height\" content=\"1800\" \/>\n\t<meta property=\"og:image:type\" content=\"image\/jpeg\" \/>\n<meta name=\"twitter:card\" content=\"summary_large_image\" \/>\n<script type=\"application\/ld+json\" class=\"yoast-schema-graph\">{\"@context\":\"https:\/\/schema.org\",\"@graph\":[{\"@type\":\"WebPage\",\"@id\":\"http:\/\/mamaglobalhealing.com\/produkt\/odrodzenie-dzikiej-kobiety\/\",\"url\":\"http:\/\/mamaglobalhealing.com\/produkt\/odrodzenie-dzikiej-kobiety\/\",\"name\":\"Odrodzenie dzikiej kobiety | Marzena Gabryk - Mama Global Healing\",\"isPartOf\":{\"@id\":\"https:\/\/mamaglobalhealing.com\/#website\"},\"primaryImageOfPage\":{\"@id\":\"http:\/\/mamaglobalhealing.com\/produkt\/odrodzenie-dzikiej-kobiety\/#primaryimage\"},\"image\":{\"@id\":\"http:\/\/mamaglobalhealing.com\/produkt\/odrodzenie-dzikiej-kobiety\/#primaryimage\"},\"thumbnailUrl\":\"https:\/\/mamaglobalhealing.com\/wp-content\/uploads\/2022\/04\/274035014_2129879293828867_4805761253184856273_n.jpg\",\"datePublished\":\"2022-04-27T19:05:59+00:00\",\"dateModified\":\"2022-11-17T11:10:53+00:00\",\"description\":\"Podczas tego intymnego procesu b\u0119dziemy kontaktowa\u0107 si\u0119 z obszarem dzikiej kobieco\u015bci. Odniesiemy si\u0119 do mitycznej postaci Lilith, reprezentuj\u0105cej demonizowane i represjonowane kulturowo aspekty kobiecej psyche. Spotkamy si\u0119 ze swoimi wstydami, pragnieniami i l\u0119kami, by dzi\u0119ki wsparciu astrologii, malowania i intuicyjnego ta\u0144ca, wydoby\u0107 na powierzchni\u0119 wygnane cz\u0119\u015bci siebie, wyrazi\u0107 je w bezpiecznym otoczeniu, przywr\u00f3ci\u0107 im \u015bwi\u0119to\u015b\u0107 i stworzy\u0107 sobie przestrze\u0144 na ich zintegrowanie.\",\"breadcrumb\":{\"@id\":\"http:\/\/mamaglobalhealing.com\/produkt\/odrodzenie-dzikiej-kobiety\/#breadcrumb\"},\"inLanguage\":\"en-GB\",\"potentialAction\":[{\"@type\":\"ReadAction\",\"target\":[\"http:\/\/mamaglobalhealing.com\/produkt\/odrodzenie-dzikiej-kobiety\/\"]}]},{\"@type\":\"ImageObject\",\"inLanguage\":\"en-GB\",\"@id\":\"http:\/\/mamaglobalhealing.com\/produkt\/odrodzenie-dzikiej-kobiety\/#primaryimage\",\"url\":\"https:\/\/mamaglobalhealing.com\/wp-content\/uploads\/2022\/04\/274035014_2129879293828867_4805761253184856273_n.jpg\",\"contentUrl\":\"https:\/\/mamaglobalhealing.com\/wp-content\/uploads\/2022\/04\/274035014_2129879293828867_4805761253184856273_n.jpg\",\"width\":1440,\"height\":1800},{\"@type\":\"BreadcrumbList\",\"@id\":\"http:\/\/mamaglobalhealing.com\/produkt\/odrodzenie-dzikiej-kobiety\/#breadcrumb\",\"itemListElement\":[{\"@type\":\"ListItem\",\"position\":1,\"name\":\"Strona g\u0142\u00f3wna\",\"item\":\"https:\/\/mamaglobalhealing.com\/\"},{\"@type\":\"ListItem\",\"position\":2,\"name\":\"Sklep\",\"item\":\"https:\/\/mamaglobalhealing.com\/sklep\/\"},{\"@type\":\"ListItem\",\"position\":3,\"name\":\"Odrodzenie dzikiej kobiety | Marzena Gabryk\"}]},{\"@type\":\"WebSite\",\"@id\":\"https:\/\/mamaglobalhealing.com\/#website\",\"url\":\"https:\/\/mamaglobalhealing.com\/\",\"name\":\"Mama Global Healing\",\"description\":\"Kolejna witryna WordPress\",\"potentialAction\":[{\"@type\":\"SearchAction\",\"target\":{\"@type\":\"EntryPoint\",\"urlTemplate\":\"https:\/\/mamaglobalhealing.com\/?s={search_term_string}\"},\"query-input\":{\"@type\":\"PropertyValueSpecification\",\"valueRequired\":true,\"valueName\":\"search_term_string\"}}],\"inLanguage\":\"en-GB\"}]}<\/script>\n<!-- \/ Yoast SEO plugin. -->","yoast_head_json":{"title":"Odrodzenie dzikiej kobiety | Marzena Gabryk - Mama Global Healing","description":"Podczas tego intymnego procesu b\u0119dziemy kontaktowa\u0107 si\u0119 z obszarem dzikiej kobieco\u015bci. Odniesiemy si\u0119 do mitycznej postaci Lilith, reprezentuj\u0105cej demonizowane i represjonowane kulturowo aspekty kobiecej psyche. Spotkamy si\u0119 ze swoimi wstydami, pragnieniami i l\u0119kami, by dzi\u0119ki wsparciu astrologii, malowania i intuicyjnego ta\u0144ca, wydoby\u0107 na powierzchni\u0119 wygnane cz\u0119\u015bci siebie, wyrazi\u0107 je w bezpiecznym otoczeniu, przywr\u00f3ci\u0107 im \u015bwi\u0119to\u015b\u0107 i stworzy\u0107 sobie przestrze\u0144 na ich zintegrowanie.","robots":{"index":"index","follow":"follow","max-snippet":"max-snippet:-1","max-image-preview":"max-image-preview:large","max-video-preview":"max-video-preview:-1"},"canonical":"http:\/\/mamaglobalhealing.com\/en\/product\/odrodzenie-dzikiej-kobiety\/","og_locale":"en_GB","og_type":"article","og_title":"Odrodzenie dzikiej kobiety | Marzena Gabryk - Mama Global Healing","og_description":"Podczas tego intymnego procesu b\u0119dziemy kontaktowa\u0107 si\u0119 z obszarem dzikiej kobieco\u015bci. Odniesiemy si\u0119 do mitycznej postaci Lilith, reprezentuj\u0105cej demonizowane i represjonowane kulturowo aspekty kobiecej psyche. Spotkamy si\u0119 ze swoimi wstydami, pragnieniami i l\u0119kami, by dzi\u0119ki wsparciu astrologii, malowania i intuicyjnego ta\u0144ca, wydoby\u0107 na powierzchni\u0119 wygnane cz\u0119\u015bci siebie, wyrazi\u0107 je w bezpiecznym otoczeniu, przywr\u00f3ci\u0107 im \u015bwi\u0119to\u015b\u0107 i stworzy\u0107 sobie przestrze\u0144 na ich zintegrowanie.","og_url":"http:\/\/mamaglobalhealing.com\/en\/product\/odrodzenie-dzikiej-kobiety\/","og_site_name":"Mama Global Healing","article_modified_time":"2022-11-17T11:10:53+00:00","og_image":[{"width":1440,"height":1800,"url":"http:\/\/mamaglobalhealing.com\/wp-content\/uploads\/2022\/04\/274035014_2129879293828867_4805761253184856273_n.jpg","type":"image\/jpeg"}],"twitter_card":"summary_large_image","schema":{"@context":"https:\/\/schema.org","@graph":[{"@type":"WebPage","@id":"http:\/\/mamaglobalhealing.com\/produkt\/odrodzenie-dzikiej-kobiety\/","url":"http:\/\/mamaglobalhealing.com\/produkt\/odrodzenie-dzikiej-kobiety\/","name":"Odrodzenie dzikiej kobiety | Marzena Gabryk - Mama Global Healing","isPartOf":{"@id":"https:\/\/mamaglobalhealing.com\/#website"},"primaryImageOfPage":{"@id":"http:\/\/mamaglobalhealing.com\/produkt\/odrodzenie-dzikiej-kobiety\/#primaryimage"},"image":{"@id":"http:\/\/mamaglobalhealing.com\/produkt\/odrodzenie-dzikiej-kobiety\/#primaryimage"},"thumbnailUrl":"https:\/\/mamaglobalhealing.com\/wp-content\/uploads\/2022\/04\/274035014_2129879293828867_4805761253184856273_n.jpg","datePublished":"2022-04-27T19:05:59+00:00","dateModified":"2022-11-17T11:10:53+00:00","description":"Podczas tego intymnego procesu b\u0119dziemy kontaktowa\u0107 si\u0119 z obszarem dzikiej kobieco\u015bci. Odniesiemy si\u0119 do mitycznej postaci Lilith, reprezentuj\u0105cej demonizowane i represjonowane kulturowo aspekty kobiecej psyche. Spotkamy si\u0119 ze swoimi wstydami, pragnieniami i l\u0119kami, by dzi\u0119ki wsparciu astrologii, malowania i intuicyjnego ta\u0144ca, wydoby\u0107 na powierzchni\u0119 wygnane cz\u0119\u015bci siebie, wyrazi\u0107 je w bezpiecznym otoczeniu, przywr\u00f3ci\u0107 im \u015bwi\u0119to\u015b\u0107 i stworzy\u0107 sobie przestrze\u0144 na ich zintegrowanie.","breadcrumb":{"@id":"http:\/\/mamaglobalhealing.com\/produkt\/odrodzenie-dzikiej-kobiety\/#breadcrumb"},"inLanguage":"en-GB","potentialAction":[{"@type":"ReadAction","target":["http:\/\/mamaglobalhealing.com\/produkt\/odrodzenie-dzikiej-kobiety\/"]}]},{"@type":"ImageObject","inLanguage":"en-GB","@id":"http:\/\/mamaglobalhealing.com\/produkt\/odrodzenie-dzikiej-kobiety\/#primaryimage","url":"https:\/\/mamaglobalhealing.com\/wp-content\/uploads\/2022\/04\/274035014_2129879293828867_4805761253184856273_n.jpg","contentUrl":"https:\/\/mamaglobalhealing.com\/wp-content\/uploads\/2022\/04\/274035014_2129879293828867_4805761253184856273_n.jpg","width":1440,"height":1800},{"@type":"BreadcrumbList","@id":"http:\/\/mamaglobalhealing.com\/produkt\/odrodzenie-dzikiej-kobiety\/#breadcrumb","itemListElement":[{"@type":"ListItem","position":1,"name":"Strona g\u0142\u00f3wna","item":"https:\/\/mamaglobalhealing.com\/"},{"@type":"ListItem","position":2,"name":"Sklep","item":"https:\/\/mamaglobalhealing.com\/sklep\/"},{"@type":"ListItem","position":3,"name":"Odrodzenie dzikiej kobiety | Marzena Gabryk"}]},{"@type":"WebSite","@id":"https:\/\/mamaglobalhealing.com\/#website","url":"https:\/\/mamaglobalhealing.com\/","name":"Mama Global Healing","description":"Kolejna witryna WordPress","potentialAction":[{"@type":"SearchAction","target":{"@type":"EntryPoint","urlTemplate":"https:\/\/mamaglobalhealing.com\/?s={search_term_string}"},"query-input":{"@type":"PropertyValueSpecification","valueRequired":true,"valueName":"search_term_string"}}],"inLanguage":"en-GB"}]}},"_links":{"self":[{"href":"https:\/\/mamaglobalhealing.com\/en\/wp-json\/wp\/v2\/product\/2688","targetHints":{"allow":["GET"]}}],"collection":[{"href":"https:\/\/mamaglobalhealing.com\/en\/wp-json\/wp\/v2\/product"}],"about":[{"href":"https:\/\/mamaglobalhealing.com\/en\/wp-json\/wp\/v2\/types\/product"}],"wp:featuredmedia":[{"embeddable":true,"href":"https:\/\/mamaglobalhealing.com\/en\/wp-json\/wp\/v2\/media\/3441"}],"wp:attachment":[{"href":"https:\/\/mamaglobalhealing.com\/en\/wp-json\/wp\/v2\/media?parent=2688"}],"wp:term":[{"taxonomy":"product_brand","embeddable":true,"href":"https:\/\/mamaglobalhealing.com\/en\/wp-json\/wp\/v2\/product_brand?post=2688"},{"taxonomy":"product_cat","embeddable":true,"href":"https:\/\/mamaglobalhealing.com\/en\/wp-json\/wp\/v2\/product_cat?post=2688"},{"taxonomy":"product_tag","embeddable":true,"href":"https:\/\/mamaglobalhealing.com\/en\/wp-json\/wp\/v2\/product_tag?post=2688"}],"curies":[{"name":"wp","href":"https:\/\/api.w.org\/{rel}","templated":true}]}}