{"id":2689,"date":"2022-04-27T19:07:35","date_gmt":"2022-04-27T19:07:35","guid":{"rendered":"https:\/\/mamaglobalhealing.com\/?post_type=product&#038;p=2689"},"modified":"2022-06-01T09:23:41","modified_gmt":"2022-06-01T09:23:41","slug":"krag-intergracji-psychodelicznej","status":"publish","type":"product","link":"https:\/\/mamaglobalhealing.com\/en\/product\/krag-intergracji-psychodelicznej\/","title":{"rendered":"Kr\u0105g integracji psychodelicznej | Maria Subczy\u0144ska | Mycochood"},"content":{"rendered":"","protected":false},"excerpt":{"rendered":"<p>Celem jest stworzenie bezpiecznej przestrzeni, w kt\u00f3rej ludzie mog\u0105 rozmawia\u0107 o odmiennych stanach \u015bwiadomo\u015bci \u2764\u2b50 \u2600 Wsp\u00f3lnie kreujemy intencje na kr\u0105g, po czym podzieli si\u0119, i tym z czym przychodzi i co jest w nim \u017cywe w temacie odmiennych stan\u00f3w \u015bwiadomo\u015bci. Kr\u0119gi integracji psychodelicznej, to \u015bwietny spos\u00f3b na integracje psychodelicznych do\u015bwiadcze\u0144, podczas kr\u0119gu, osoby , mog\u0105 podzieli\u0107 si\u0119 g\u0142\u0119bokimi prze\u017cyciami i wsp\u00f3lnie wpu\u015bci\u0107 nowe \u015bwiat\u0142o na prze\u017cycia z przesz\u0142o\u015bci, ka\u017cdy ma mo\u017cliwo\u015b\u0107, opowiedzenia tego co czuje w danym momencie a propos swoich historii, co daje mo\u017cliwo\u015b\u0107 dodatkowej integracji. Mam do\u015bwiadczenie trzymania wielu kr\u0119g\u00f3w i za ka\u017cdym razem zachwycam si\u0119 kolektywn\u0105 modro\u015bci\u0105, kt\u00f3ra z nich wyp\u0142ywa. Odpowiednio trzymana przestrze\u0144 na kr\u0119gu ma lecznicze w\u0142a\u015bciwo\u015bci, zaspokajaj\u0105ce najbardziej ludzk\u0105 potrzeb\u0119 &#8211; bycia wys\u0142uchanym i s\u0142uchaj\u0105cym w pe\u0142ni prawdziwych historii.<\/p>\n<p><b>Prowadz\u0105ca:<\/b><span style=\"font-weight: 400;\"> Maria Subczy\u0144ska | <a href=\"https:\/\/pl.mycohood.com\/psychodelicintegration\">Mycohood<\/a><\/span><\/p>\n<p><b>Czas trwania:<\/b><span style=\"font-weight: 400;\"> 2h<\/span><\/p>\n<p><b>Data i godzina:\u00a0<\/b>pi\u0105tek 12:00 &#8211; 14:00<\/p>\n<p><b>Miejsce:\u00a0<\/b><a href=\"https:\/\/mamaglobalhealing.com\/en\/mama-line-up\/open-air\/\">Open Air<\/a><\/p>\n<p><b>Ilo\u015b\u0107 os\u00f3b:<\/b><span style=\"font-weight: 400;\"> 20<\/span><\/p>\n<p><b>Dla Kogo: <\/b>Wszyscy<\/p>\n<p><b>Bobasy:<\/b><span style=\"font-weight: 400;\"> Tak<\/span><\/p>","protected":false},"featured_media":2886,"template":"","meta":{"_et_pb_use_builder":"","_et_pb_old_content":"","_et_gb_content_width":""},"product_brand":[],"product_cat":[35,45],"product_tag":[],"class_list":{"0":"post-2689","1":"product","2":"type-product","3":"status-publish","4":"has-post-thumbnail","6":"product_cat-mama-open","7":"product_cat-piatek-open","9":"first","10":"instock","11":"virtual","12":"taxable","13":"product-type-simple"},"yoast_head":"<!-- This site is optimized with the Yoast SEO plugin v25.1 - https:\/\/yoast.com\/wordpress\/plugins\/seo\/ -->\n<title>Kr\u0105g integracji psychodelicznej | Maria Subczy\u0144ska | Mycochood - Mama Global Healing<\/title>\n<meta name=\"robots\" content=\"index, follow, max-snippet:-1, max-image-preview:large, max-video-preview:-1\" \/>\n<link rel=\"canonical\" href=\"http:\/\/mamaglobalhealing.com\/en\/product\/krag-intergracji-psychodelicznej\/\" \/>\n<meta property=\"og:locale\" content=\"en_GB\" \/>\n<meta property=\"og:type\" content=\"article\" \/>\n<meta property=\"og:title\" content=\"Kr\u0105g integracji psychodelicznej | Maria Subczy\u0144ska | Mycochood - Mama Global Healing\" \/>\n<meta property=\"og:description\" content=\"Celem jest stworzenie bezpiecznej przestrzeni, w kt\u00f3rej ludzie mog\u0105 rozmawia\u0107 o odmiennych stanach \u015bwiadomo\u015bci \u2764\u2b50 \u2600 Wsp\u00f3lnie kreujemy intencje na kr\u0105g, po czym podzieli si\u0119, i tym z czym przychodzi i co jest w nim \u017cywe w temacie odmiennych stan\u00f3w \u015bwiadomo\u015bci. Kr\u0119gi integracji psychodelicznej, to \u015bwietny spos\u00f3b na integracje psychodelicznych do\u015bwiadcze\u0144, podczas kr\u0119gu, osoby , mog\u0105 podzieli\u0107 si\u0119 g\u0142\u0119bokimi prze\u017cyciami i wsp\u00f3lnie wpu\u015bci\u0107 nowe \u015bwiat\u0142o na prze\u017cycia z przesz\u0142o\u015bci, ka\u017cdy ma mo\u017cliwo\u015b\u0107, opowiedzenia tego co czuje w danym momencie a propos swoich historii, co daje mo\u017cliwo\u015b\u0107 dodatkowej integracji. Mam do\u015bwiadczenie trzymania wielu kr\u0119g\u00f3w i za ka\u017cdym razem zachwycam si\u0119 kolektywn\u0105 modro\u015bci\u0105, kt\u00f3ra z nich wyp\u0142ywa. Odpowiednio trzymana przestrze\u0144 na kr\u0119gu ma lecznicze w\u0142a\u015bciwo\u015bci, zaspokajaj\u0105ce najbardziej ludzk\u0105 potrzeb\u0119 - bycia wys\u0142uchanym i s\u0142uchaj\u0105cym w pe\u0142ni prawdziwych historii.  Prowadz\u0105ca: Maria Subczy\u0144ska | Mycohood  Czas trwania: 2h  Data i godzina:\u00a0pi\u0105tek 12:00 - 14:00  Miejsce:\u00a0Open Air  Ilo\u015b\u0107 os\u00f3b: 20  Dla Kogo: Wszyscy  Bobasy: Tak\" \/>\n<meta property=\"og:url\" content=\"http:\/\/mamaglobalhealing.com\/en\/product\/krag-intergracji-psychodelicznej\/\" \/>\n<meta property=\"og:site_name\" content=\"Mama Global Healing\" \/>\n<meta property=\"article:modified_time\" content=\"2022-06-01T09:23:41+00:00\" \/>\n<meta property=\"og:image\" content=\"http:\/\/mamaglobalhealing.com\/wp-content\/uploads\/2022\/04\/47.png\" \/>\n\t<meta property=\"og:image:width\" content=\"1080\" \/>\n\t<meta property=\"og:image:height\" content=\"1080\" \/>\n\t<meta property=\"og:image:type\" content=\"image\/png\" \/>\n<meta name=\"twitter:card\" content=\"summary_large_image\" \/>\n<script type=\"application\/ld+json\" class=\"yoast-schema-graph\">{\"@context\":\"https:\/\/schema.org\",\"@graph\":[{\"@type\":\"WebPage\",\"@id\":\"http:\/\/mamaglobalhealing.com\/produkt\/krag-intergracji-psychodelicznej\/\",\"url\":\"http:\/\/mamaglobalhealing.com\/produkt\/krag-intergracji-psychodelicznej\/\",\"name\":\"Kr\u0105g integracji psychodelicznej | Maria Subczy\u0144ska | Mycochood - Mama Global Healing\",\"isPartOf\":{\"@id\":\"https:\/\/mamaglobalhealing.com\/#website\"},\"primaryImageOfPage\":{\"@id\":\"http:\/\/mamaglobalhealing.com\/produkt\/krag-intergracji-psychodelicznej\/#primaryimage\"},\"image\":{\"@id\":\"http:\/\/mamaglobalhealing.com\/produkt\/krag-intergracji-psychodelicznej\/#primaryimage\"},\"thumbnailUrl\":\"https:\/\/mamaglobalhealing.com\/wp-content\/uploads\/2022\/04\/47.png\",\"datePublished\":\"2022-04-27T19:07:35+00:00\",\"dateModified\":\"2022-06-01T09:23:41+00:00\",\"breadcrumb\":{\"@id\":\"http:\/\/mamaglobalhealing.com\/produkt\/krag-intergracji-psychodelicznej\/#breadcrumb\"},\"inLanguage\":\"en-GB\",\"potentialAction\":[{\"@type\":\"ReadAction\",\"target\":[\"http:\/\/mamaglobalhealing.com\/produkt\/krag-intergracji-psychodelicznej\/\"]}]},{\"@type\":\"ImageObject\",\"inLanguage\":\"en-GB\",\"@id\":\"http:\/\/mamaglobalhealing.com\/produkt\/krag-intergracji-psychodelicznej\/#primaryimage\",\"url\":\"https:\/\/mamaglobalhealing.com\/wp-content\/uploads\/2022\/04\/47.png\",\"contentUrl\":\"https:\/\/mamaglobalhealing.com\/wp-content\/uploads\/2022\/04\/47.png\",\"width\":1080,\"height\":1080},{\"@type\":\"BreadcrumbList\",\"@id\":\"http:\/\/mamaglobalhealing.com\/produkt\/krag-intergracji-psychodelicznej\/#breadcrumb\",\"itemListElement\":[{\"@type\":\"ListItem\",\"position\":1,\"name\":\"Strona g\u0142\u00f3wna\",\"item\":\"https:\/\/mamaglobalhealing.com\/\"},{\"@type\":\"ListItem\",\"position\":2,\"name\":\"Sklep\",\"item\":\"https:\/\/mamaglobalhealing.com\/sklep\/\"},{\"@type\":\"ListItem\",\"position\":3,\"name\":\"Kr\u0105g integracji psychodelicznej | Maria Subczy\u0144ska | Mycochood\"}]},{\"@type\":\"WebSite\",\"@id\":\"https:\/\/mamaglobalhealing.com\/#website\",\"url\":\"https:\/\/mamaglobalhealing.com\/\",\"name\":\"Mama Global Healing\",\"description\":\"Kolejna witryna WordPress\",\"potentialAction\":[{\"@type\":\"SearchAction\",\"target\":{\"@type\":\"EntryPoint\",\"urlTemplate\":\"https:\/\/mamaglobalhealing.com\/?s={search_term_string}\"},\"query-input\":{\"@type\":\"PropertyValueSpecification\",\"valueRequired\":true,\"valueName\":\"search_term_string\"}}],\"inLanguage\":\"en-GB\"}]}<\/script>\n<!-- \/ Yoast SEO plugin. -->","yoast_head_json":{"title":"Kr\u0105g integracji psychodelicznej | Maria Subczy\u0144ska | Mycochood - Mama Global Healing","robots":{"index":"index","follow":"follow","max-snippet":"max-snippet:-1","max-image-preview":"max-image-preview:large","max-video-preview":"max-video-preview:-1"},"canonical":"http:\/\/mamaglobalhealing.com\/en\/product\/krag-intergracji-psychodelicznej\/","og_locale":"en_GB","og_type":"article","og_title":"Kr\u0105g integracji psychodelicznej | Maria Subczy\u0144ska | Mycochood - Mama Global Healing","og_description":"Celem jest stworzenie bezpiecznej przestrzeni, w kt\u00f3rej ludzie mog\u0105 rozmawia\u0107 o odmiennych stanach \u015bwiadomo\u015bci \u2764\u2b50 \u2600 Wsp\u00f3lnie kreujemy intencje na kr\u0105g, po czym podzieli si\u0119, i tym z czym przychodzi i co jest w nim \u017cywe w temacie odmiennych stan\u00f3w \u015bwiadomo\u015bci. Kr\u0119gi integracji psychodelicznej, to \u015bwietny spos\u00f3b na integracje psychodelicznych do\u015bwiadcze\u0144, podczas kr\u0119gu, osoby , mog\u0105 podzieli\u0107 si\u0119 g\u0142\u0119bokimi prze\u017cyciami i wsp\u00f3lnie wpu\u015bci\u0107 nowe \u015bwiat\u0142o na prze\u017cycia z przesz\u0142o\u015bci, ka\u017cdy ma mo\u017cliwo\u015b\u0107, opowiedzenia tego co czuje w danym momencie a propos swoich historii, co daje mo\u017cliwo\u015b\u0107 dodatkowej integracji. Mam do\u015bwiadczenie trzymania wielu kr\u0119g\u00f3w i za ka\u017cdym razem zachwycam si\u0119 kolektywn\u0105 modro\u015bci\u0105, kt\u00f3ra z nich wyp\u0142ywa. Odpowiednio trzymana przestrze\u0144 na kr\u0119gu ma lecznicze w\u0142a\u015bciwo\u015bci, zaspokajaj\u0105ce najbardziej ludzk\u0105 potrzeb\u0119 - bycia wys\u0142uchanym i s\u0142uchaj\u0105cym w pe\u0142ni prawdziwych historii.  Prowadz\u0105ca: Maria Subczy\u0144ska | Mycohood  Czas trwania: 2h  Data i godzina:\u00a0pi\u0105tek 12:00 - 14:00  Miejsce:\u00a0Open Air  Ilo\u015b\u0107 os\u00f3b: 20  Dla Kogo: Wszyscy  Bobasy: Tak","og_url":"http:\/\/mamaglobalhealing.com\/en\/product\/krag-intergracji-psychodelicznej\/","og_site_name":"Mama Global Healing","article_modified_time":"2022-06-01T09:23:41+00:00","og_image":[{"width":1080,"height":1080,"url":"http:\/\/mamaglobalhealing.com\/wp-content\/uploads\/2022\/04\/47.png","type":"image\/png"}],"twitter_card":"summary_large_image","schema":{"@context":"https:\/\/schema.org","@graph":[{"@type":"WebPage","@id":"http:\/\/mamaglobalhealing.com\/produkt\/krag-intergracji-psychodelicznej\/","url":"http:\/\/mamaglobalhealing.com\/produkt\/krag-intergracji-psychodelicznej\/","name":"Kr\u0105g integracji psychodelicznej | Maria Subczy\u0144ska | Mycochood - Mama Global Healing","isPartOf":{"@id":"https:\/\/mamaglobalhealing.com\/#website"},"primaryImageOfPage":{"@id":"http:\/\/mamaglobalhealing.com\/produkt\/krag-intergracji-psychodelicznej\/#primaryimage"},"image":{"@id":"http:\/\/mamaglobalhealing.com\/produkt\/krag-intergracji-psychodelicznej\/#primaryimage"},"thumbnailUrl":"https:\/\/mamaglobalhealing.com\/wp-content\/uploads\/2022\/04\/47.png","datePublished":"2022-04-27T19:07:35+00:00","dateModified":"2022-06-01T09:23:41+00:00","breadcrumb":{"@id":"http:\/\/mamaglobalhealing.com\/produkt\/krag-intergracji-psychodelicznej\/#breadcrumb"},"inLanguage":"en-GB","potentialAction":[{"@type":"ReadAction","target":["http:\/\/mamaglobalhealing.com\/produkt\/krag-intergracji-psychodelicznej\/"]}]},{"@type":"ImageObject","inLanguage":"en-GB","@id":"http:\/\/mamaglobalhealing.com\/produkt\/krag-intergracji-psychodelicznej\/#primaryimage","url":"https:\/\/mamaglobalhealing.com\/wp-content\/uploads\/2022\/04\/47.png","contentUrl":"https:\/\/mamaglobalhealing.com\/wp-content\/uploads\/2022\/04\/47.png","width":1080,"height":1080},{"@type":"BreadcrumbList","@id":"http:\/\/mamaglobalhealing.com\/produkt\/krag-intergracji-psychodelicznej\/#breadcrumb","itemListElement":[{"@type":"ListItem","position":1,"name":"Strona g\u0142\u00f3wna","item":"https:\/\/mamaglobalhealing.com\/"},{"@type":"ListItem","position":2,"name":"Sklep","item":"https:\/\/mamaglobalhealing.com\/sklep\/"},{"@type":"ListItem","position":3,"name":"Kr\u0105g integracji psychodelicznej | Maria Subczy\u0144ska | Mycochood"}]},{"@type":"WebSite","@id":"https:\/\/mamaglobalhealing.com\/#website","url":"https:\/\/mamaglobalhealing.com\/","name":"Mama Global Healing","description":"Kolejna witryna WordPress","potentialAction":[{"@type":"SearchAction","target":{"@type":"EntryPoint","urlTemplate":"https:\/\/mamaglobalhealing.com\/?s={search_term_string}"},"query-input":{"@type":"PropertyValueSpecification","valueRequired":true,"valueName":"search_term_string"}}],"inLanguage":"en-GB"}]}},"_links":{"self":[{"href":"https:\/\/mamaglobalhealing.com\/en\/wp-json\/wp\/v2\/product\/2689","targetHints":{"allow":["GET"]}}],"collection":[{"href":"https:\/\/mamaglobalhealing.com\/en\/wp-json\/wp\/v2\/product"}],"about":[{"href":"https:\/\/mamaglobalhealing.com\/en\/wp-json\/wp\/v2\/types\/product"}],"wp:featuredmedia":[{"embeddable":true,"href":"https:\/\/mamaglobalhealing.com\/en\/wp-json\/wp\/v2\/media\/2886"}],"wp:attachment":[{"href":"https:\/\/mamaglobalhealing.com\/en\/wp-json\/wp\/v2\/media?parent=2689"}],"wp:term":[{"taxonomy":"product_brand","embeddable":true,"href":"https:\/\/mamaglobalhealing.com\/en\/wp-json\/wp\/v2\/product_brand?post=2689"},{"taxonomy":"product_cat","embeddable":true,"href":"https:\/\/mamaglobalhealing.com\/en\/wp-json\/wp\/v2\/product_cat?post=2689"},{"taxonomy":"product_tag","embeddable":true,"href":"https:\/\/mamaglobalhealing.com\/en\/wp-json\/wp\/v2\/product_tag?post=2689"}],"curies":[{"name":"wp","href":"https:\/\/api.w.org\/{rel}","templated":true}]}}