{"id":2690,"date":"2022-04-27T19:08:44","date_gmt":"2022-04-27T19:08:44","guid":{"rendered":"https:\/\/mamaglobalhealing.com\/?post_type=product&#038;p=2690"},"modified":"2022-11-17T11:10:48","modified_gmt":"2022-11-17T11:10:48","slug":"otul-sie-mamo-warszat","status":"publish","type":"product","link":"https:\/\/mamaglobalhealing.com\/en\/product\/otul-sie-mamo-warszat\/","title":{"rendered":"Otul sie mamo &#8211; warszat | Martyna Kot"},"content":{"rendered":"","protected":false},"excerpt":{"rendered":"<p><span style=\"font-weight: 400;\"> Jako Mama pewnie czekasz z du\u017cym ut\u0119sknieniem na ten magiczny moment pod tytu\u0142em &#8222;czas dla mnie&#8221;. Dzieci maj\u0105 drzemk\u0119, zasn\u0119\u0142y o rozs\u0105dnej porze albo pojawi\u0142a si\u0119 pomoc w opiece, to teraz&#8230;posprz\u0105tam i zrobi\u0119 obiad. A mo\u017ce jednak zrobi\u0119 sobie automasa\u017c olejem i pota\u0144cz\u0119? Wyjd\u017a z wzorca m\u0119czennicy i zr\u00f3b sobie dobrze. Otul si\u0119 Mamo to czas na uczt\u0119 dla Twoich zmys\u0142\u00f3w, ukojenie Twojego ducha i obj\u0119cie cia\u0142a czu\u0142\u0105 trosk\u0105. Przestrze\u0144 dla Mam (szczeg\u00f3lnie, ale nie tylko), w kt\u00f3rej mo\u017cesz do\u015bwiadczy\u0107 b\u0142ogostanu. Pozw\u00f3l sobie na to&#8230; i odkryj inspiracje jak &#8222;smacznie&#8221; wykorzysta\u0107 momenty dla Ciebie. Niech te chwil\u0119 karmi\u0105 Twoj\u0105 dusz\u0119, odpr\u0119\u017caj\u0105 Twoje cia\u0142o tak, aby m\u00f3c dawa\u0107 Twoim skarbom z pe\u0142ni siebie. Tylko spe\u0142niona Mama mo\u017ce da\u0107 dzieciom wzorzec kochaj\u0105cej siebie i szcz\u0119\u015bliwej osoby. Ten warsztat to nie tylko b\u0142ogi czas dla cia\u0142a, umys\u0142u i ducha, ale te\u017c du\u017ca porcja inspiracji i sprawdzonych sposob\u00f3w na ekspresowe \u0142adowanie mocy. Praktyki obejmuj\u0105 m.in. automasa\u017c, masa\u017c wzajemny, eksploracj\u0119 zmys\u0142u dotyku, karmienie si\u0119 zmys\u0142owo\u015bci\u0105, techniki uwalniania napi\u0119\u0107 cia\u0142a, instant oczyszczanie umys\u0142u, sharing w kr\u0119gu, uwalnianie emocji. Wi\u0119kszo\u015b\u0107 praktyk jest wykonywanych indywidualnie, ale cz\u0119\u015b\u0107 w parach lub w ca\u0142ej grupie. <\/span><\/p>\n<p><b>Prowadz\u0105cy:<\/b><span style=\"font-weight: 400;\"> Martyna Kot<\/span><\/p>\n<p><b>Czas trwania:<\/b><span style=\"font-weight: 400;\"> 2h<\/span><\/p>\n<p><b>Data i godzina: <\/b>sobota 10:00 &#8211; 12:00<\/p>\n<p><b>Miejsce: <\/b><a href=\"https:\/\/mamaglobalhealing.com\/en\/mama-line-up\/jurta\/\">Forest Hub | Jurta<\/a><\/p>\n<p><b>Liczba os\u00f3b:<\/b><span style=\"font-weight: 400;\"> 20<\/span><\/p>\n<p><b>Dla Kogo: <\/b>Kobiety<\/p>\n<p><b>Bobasy:<\/b><span style=\"font-weight: 400;\"> nie<\/span><\/p>\n<p><b>Cena: <\/b>33z\u0142<\/p>","protected":false},"featured_media":3447,"template":"","meta":{"_et_pb_use_builder":"","_et_pb_old_content":"","_et_gb_content_width":""},"product_brand":[],"product_cat":[34,42],"product_tag":[],"class_list":{"0":"post-2690","1":"product","2":"type-product","3":"status-publish","4":"has-post-thumbnail","6":"product_cat-mama-work","7":"product_cat-sobota","9":"first","10":"instock","11":"virtual","12":"taxable","13":"product-type-simple"},"yoast_head":"<!-- This site is optimized with the Yoast SEO plugin v25.1 - https:\/\/yoast.com\/wordpress\/plugins\/seo\/ -->\n<title>Otul sie mamo - warszat | Martyna Kot - Mama Global Healing<\/title>\n<meta name=\"description\" content=\"Otul si\u0119 Mamo to czas na uczt\u0119 dla Twoich zmys\u0142\u00f3w, ukojenie Twojego ducha i obj\u0119cie cia\u0142a czu\u0142\u0105 trosk\u0105.\" \/>\n<meta name=\"robots\" content=\"index, follow, max-snippet:-1, max-image-preview:large, max-video-preview:-1\" \/>\n<link rel=\"canonical\" href=\"http:\/\/mamaglobalhealing.com\/en\/product\/otul-sie-mamo-warszat\/\" \/>\n<meta property=\"og:locale\" content=\"en_GB\" \/>\n<meta property=\"og:type\" content=\"article\" \/>\n<meta property=\"og:title\" content=\"Otul sie mamo - warszat | Martyna Kot - Mama Global Healing\" \/>\n<meta property=\"og:description\" content=\"Otul si\u0119 Mamo to czas na uczt\u0119 dla Twoich zmys\u0142\u00f3w, ukojenie Twojego ducha i obj\u0119cie cia\u0142a czu\u0142\u0105 trosk\u0105.\" \/>\n<meta property=\"og:url\" content=\"http:\/\/mamaglobalhealing.com\/en\/product\/otul-sie-mamo-warszat\/\" \/>\n<meta property=\"og:site_name\" content=\"Mama Global Healing\" \/>\n<meta property=\"article:modified_time\" content=\"2022-11-17T11:10:48+00:00\" \/>\n<meta property=\"og:image\" content=\"http:\/\/mamaglobalhealing.com\/wp-content\/uploads\/2022\/04\/DSC1945-scaled.jpg\" \/>\n\t<meta property=\"og:image:width\" content=\"2560\" \/>\n\t<meta property=\"og:image:height\" content=\"1440\" \/>\n\t<meta property=\"og:image:type\" content=\"image\/jpeg\" \/>\n<meta name=\"twitter:card\" content=\"summary_large_image\" \/>\n<script type=\"application\/ld+json\" class=\"yoast-schema-graph\">{\"@context\":\"https:\/\/schema.org\",\"@graph\":[{\"@type\":\"WebPage\",\"@id\":\"http:\/\/mamaglobalhealing.com\/produkt\/otul-sie-mamo-warszat\/\",\"url\":\"http:\/\/mamaglobalhealing.com\/produkt\/otul-sie-mamo-warszat\/\",\"name\":\"Otul sie mamo - warszat | Martyna Kot - Mama Global Healing\",\"isPartOf\":{\"@id\":\"https:\/\/mamaglobalhealing.com\/#website\"},\"primaryImageOfPage\":{\"@id\":\"http:\/\/mamaglobalhealing.com\/produkt\/otul-sie-mamo-warszat\/#primaryimage\"},\"image\":{\"@id\":\"http:\/\/mamaglobalhealing.com\/produkt\/otul-sie-mamo-warszat\/#primaryimage\"},\"thumbnailUrl\":\"https:\/\/mamaglobalhealing.com\/wp-content\/uploads\/2022\/04\/DSC1945-scaled.jpg\",\"datePublished\":\"2022-04-27T19:08:44+00:00\",\"dateModified\":\"2022-11-17T11:10:48+00:00\",\"description\":\"Otul si\u0119 Mamo to czas na uczt\u0119 dla Twoich zmys\u0142\u00f3w, ukojenie Twojego ducha i obj\u0119cie cia\u0142a czu\u0142\u0105 trosk\u0105.\",\"breadcrumb\":{\"@id\":\"http:\/\/mamaglobalhealing.com\/produkt\/otul-sie-mamo-warszat\/#breadcrumb\"},\"inLanguage\":\"en-GB\",\"potentialAction\":[{\"@type\":\"ReadAction\",\"target\":[\"http:\/\/mamaglobalhealing.com\/produkt\/otul-sie-mamo-warszat\/\"]}]},{\"@type\":\"ImageObject\",\"inLanguage\":\"en-GB\",\"@id\":\"http:\/\/mamaglobalhealing.com\/produkt\/otul-sie-mamo-warszat\/#primaryimage\",\"url\":\"https:\/\/mamaglobalhealing.com\/wp-content\/uploads\/2022\/04\/DSC1945-scaled.jpg\",\"contentUrl\":\"https:\/\/mamaglobalhealing.com\/wp-content\/uploads\/2022\/04\/DSC1945-scaled.jpg\",\"width\":2560,\"height\":1440},{\"@type\":\"BreadcrumbList\",\"@id\":\"http:\/\/mamaglobalhealing.com\/produkt\/otul-sie-mamo-warszat\/#breadcrumb\",\"itemListElement\":[{\"@type\":\"ListItem\",\"position\":1,\"name\":\"Strona g\u0142\u00f3wna\",\"item\":\"https:\/\/mamaglobalhealing.com\/\"},{\"@type\":\"ListItem\",\"position\":2,\"name\":\"Sklep\",\"item\":\"https:\/\/mamaglobalhealing.com\/sklep\/\"},{\"@type\":\"ListItem\",\"position\":3,\"name\":\"Otul sie mamo &#8211; warszat | Martyna Kot\"}]},{\"@type\":\"WebSite\",\"@id\":\"https:\/\/mamaglobalhealing.com\/#website\",\"url\":\"https:\/\/mamaglobalhealing.com\/\",\"name\":\"Mama Global Healing\",\"description\":\"Kolejna witryna WordPress\",\"potentialAction\":[{\"@type\":\"SearchAction\",\"target\":{\"@type\":\"EntryPoint\",\"urlTemplate\":\"https:\/\/mamaglobalhealing.com\/?s={search_term_string}\"},\"query-input\":{\"@type\":\"PropertyValueSpecification\",\"valueRequired\":true,\"valueName\":\"search_term_string\"}}],\"inLanguage\":\"en-GB\"}]}<\/script>\n<!-- \/ Yoast SEO plugin. -->","yoast_head_json":{"title":"Otul sie mamo - warszat | Martyna Kot - Mama Global Healing","description":"Otul si\u0119 Mamo to czas na uczt\u0119 dla Twoich zmys\u0142\u00f3w, ukojenie Twojego ducha i obj\u0119cie cia\u0142a czu\u0142\u0105 trosk\u0105.","robots":{"index":"index","follow":"follow","max-snippet":"max-snippet:-1","max-image-preview":"max-image-preview:large","max-video-preview":"max-video-preview:-1"},"canonical":"http:\/\/mamaglobalhealing.com\/en\/product\/otul-sie-mamo-warszat\/","og_locale":"en_GB","og_type":"article","og_title":"Otul sie mamo - warszat | Martyna Kot - Mama Global Healing","og_description":"Otul si\u0119 Mamo to czas na uczt\u0119 dla Twoich zmys\u0142\u00f3w, ukojenie Twojego ducha i obj\u0119cie cia\u0142a czu\u0142\u0105 trosk\u0105.","og_url":"http:\/\/mamaglobalhealing.com\/en\/product\/otul-sie-mamo-warszat\/","og_site_name":"Mama Global Healing","article_modified_time":"2022-11-17T11:10:48+00:00","og_image":[{"width":2560,"height":1440,"url":"http:\/\/mamaglobalhealing.com\/wp-content\/uploads\/2022\/04\/DSC1945-scaled.jpg","type":"image\/jpeg"}],"twitter_card":"summary_large_image","schema":{"@context":"https:\/\/schema.org","@graph":[{"@type":"WebPage","@id":"http:\/\/mamaglobalhealing.com\/produkt\/otul-sie-mamo-warszat\/","url":"http:\/\/mamaglobalhealing.com\/produkt\/otul-sie-mamo-warszat\/","name":"Otul sie mamo - warszat | Martyna Kot - Mama Global Healing","isPartOf":{"@id":"https:\/\/mamaglobalhealing.com\/#website"},"primaryImageOfPage":{"@id":"http:\/\/mamaglobalhealing.com\/produkt\/otul-sie-mamo-warszat\/#primaryimage"},"image":{"@id":"http:\/\/mamaglobalhealing.com\/produkt\/otul-sie-mamo-warszat\/#primaryimage"},"thumbnailUrl":"https:\/\/mamaglobalhealing.com\/wp-content\/uploads\/2022\/04\/DSC1945-scaled.jpg","datePublished":"2022-04-27T19:08:44+00:00","dateModified":"2022-11-17T11:10:48+00:00","description":"Otul si\u0119 Mamo to czas na uczt\u0119 dla Twoich zmys\u0142\u00f3w, ukojenie Twojego ducha i obj\u0119cie cia\u0142a czu\u0142\u0105 trosk\u0105.","breadcrumb":{"@id":"http:\/\/mamaglobalhealing.com\/produkt\/otul-sie-mamo-warszat\/#breadcrumb"},"inLanguage":"en-GB","potentialAction":[{"@type":"ReadAction","target":["http:\/\/mamaglobalhealing.com\/produkt\/otul-sie-mamo-warszat\/"]}]},{"@type":"ImageObject","inLanguage":"en-GB","@id":"http:\/\/mamaglobalhealing.com\/produkt\/otul-sie-mamo-warszat\/#primaryimage","url":"https:\/\/mamaglobalhealing.com\/wp-content\/uploads\/2022\/04\/DSC1945-scaled.jpg","contentUrl":"https:\/\/mamaglobalhealing.com\/wp-content\/uploads\/2022\/04\/DSC1945-scaled.jpg","width":2560,"height":1440},{"@type":"BreadcrumbList","@id":"http:\/\/mamaglobalhealing.com\/produkt\/otul-sie-mamo-warszat\/#breadcrumb","itemListElement":[{"@type":"ListItem","position":1,"name":"Strona g\u0142\u00f3wna","item":"https:\/\/mamaglobalhealing.com\/"},{"@type":"ListItem","position":2,"name":"Sklep","item":"https:\/\/mamaglobalhealing.com\/sklep\/"},{"@type":"ListItem","position":3,"name":"Otul sie mamo &#8211; warszat | Martyna Kot"}]},{"@type":"WebSite","@id":"https:\/\/mamaglobalhealing.com\/#website","url":"https:\/\/mamaglobalhealing.com\/","name":"Mama Global Healing","description":"Kolejna witryna WordPress","potentialAction":[{"@type":"SearchAction","target":{"@type":"EntryPoint","urlTemplate":"https:\/\/mamaglobalhealing.com\/?s={search_term_string}"},"query-input":{"@type":"PropertyValueSpecification","valueRequired":true,"valueName":"search_term_string"}}],"inLanguage":"en-GB"}]}},"_links":{"self":[{"href":"https:\/\/mamaglobalhealing.com\/en\/wp-json\/wp\/v2\/product\/2690","targetHints":{"allow":["GET"]}}],"collection":[{"href":"https:\/\/mamaglobalhealing.com\/en\/wp-json\/wp\/v2\/product"}],"about":[{"href":"https:\/\/mamaglobalhealing.com\/en\/wp-json\/wp\/v2\/types\/product"}],"wp:featuredmedia":[{"embeddable":true,"href":"https:\/\/mamaglobalhealing.com\/en\/wp-json\/wp\/v2\/media\/3447"}],"wp:attachment":[{"href":"https:\/\/mamaglobalhealing.com\/en\/wp-json\/wp\/v2\/media?parent=2690"}],"wp:term":[{"taxonomy":"product_brand","embeddable":true,"href":"https:\/\/mamaglobalhealing.com\/en\/wp-json\/wp\/v2\/product_brand?post=2690"},{"taxonomy":"product_cat","embeddable":true,"href":"https:\/\/mamaglobalhealing.com\/en\/wp-json\/wp\/v2\/product_cat?post=2690"},{"taxonomy":"product_tag","embeddable":true,"href":"https:\/\/mamaglobalhealing.com\/en\/wp-json\/wp\/v2\/product_tag?post=2690"}],"curies":[{"name":"wp","href":"https:\/\/api.w.org\/{rel}","templated":true}]}}