{"id":2691,"date":"2022-04-27T19:09:49","date_gmt":"2022-04-27T19:09:49","guid":{"rendered":"https:\/\/mamaglobalhealing.com\/?post_type=product&#038;p=2691"},"modified":"2022-06-01T11:40:27","modified_gmt":"2022-06-01T11:40:27","slug":"spotkanie-z-mindfulness","status":"publish","type":"product","link":"https:\/\/mamaglobalhealing.com\/en\/product\/spotkanie-z-mindfulness\/","title":{"rendered":"Spotkanie z mindfulness | Katarzyna Go\u0142da"},"content":{"rendered":"","protected":false},"excerpt":{"rendered":"<p>Witaj,<br \/>\nZapraszam Ci\u0119 do wyciszenia, do wsp\u00f3lnej praktyki uwa\u017cno\u015bci.<br \/>\nSpotkanie to pozwoli Ci odetchn\u0105\u0107, z\u0142apa\u0107 oddech i dystans do tego co dzieje si\u0119 w Twoim umy\u015ble.<br \/>\n<span style=\"font-weight: 400;\"> Poznasz przydatne narz\u0119dzia dzi\u0119ki, kt\u00f3rym by\u0107 mo\u017ce uda Ci si\u0119 postawi\u0107 krok by by\u0107 bli\u017cej siebie, by ws\u0142ucha\u0107 si\u0119 to co \u017cywe w Tobie, w to co w ciele, co w emocjach i my\u015blach.<br \/>\nCzeka nas prawdziwa uczta ukojenia i relaksu.<br \/>\nCzeka nas mo\u017cliwo\u015b\u0107 podej\u015bcia do Siebie samej z \u017cyczliwo\u015bci\u0105 i \u0142agodno\u015bci\u0105.<br \/>\nCzeka nas dobry, wsp\u00f3lny czas.<br \/>\nZapraszam osoby pocz\u0105tkuj\u0105ce i zaawansowane, ka\u017cdy otuli si\u0119 ciep\u0142ym promieniem uwa\u017cno\u015bci.<br \/>\nNie jest wymagane \u017cadne przygotowanie, po prostu przyjd\u017a i pozw\u00f3l sobie do\u015bwiadcza\u0107.<br \/>\nZ otwartym sercem zapraszam.<br \/>\nKasia <\/span><\/p>\n<p><b>Prowadz\u0105ca:<\/b><span style=\"font-weight: 400;\"> Katarzyna Go\u0142da <\/span><\/p>\n<p><b>Czas trwania:<\/b><span style=\"font-weight: 400;\"> 2,5h <\/span><\/p>\n<p><b>Data i godzina: <\/b>sobota 14:30 &#8211; 17:00<\/p>\n<p><b>Miejsce: <\/b><a href=\"https:\/\/mamaglobalhealing.com\/en\/mama-line-up\/open-air\/\">Open Air<\/a><\/p>\n<p><b>Liczba os\u00f3b:<\/b><span style=\"font-weight: 400;\"> 15 <\/span><\/p>\n<p><b>Dla Kogo: <\/b>Wszyscy<\/p>\n<p><b>Bobasy:<\/b><span style=\"font-weight: 400;\"> nie<\/span><\/p>\n<p><strong>J\u0119zyk:<\/strong> PL<\/p>","protected":false},"featured_media":3456,"template":"","meta":{"_et_pb_use_builder":"","_et_pb_old_content":"","_et_gb_content_width":""},"product_brand":[],"product_cat":[35,46],"product_tag":[],"class_list":{"0":"post-2691","1":"product","2":"type-product","3":"status-publish","4":"has-post-thumbnail","6":"product_cat-mama-open","7":"product_cat-sobota-open","9":"first","10":"instock","11":"virtual","12":"taxable","13":"product-type-simple"},"yoast_head":"<!-- This site is optimized with the Yoast SEO plugin v25.1 - https:\/\/yoast.com\/wordpress\/plugins\/seo\/ -->\n<title>Spotkanie z mindfulness | Katarzyna Go\u0142da - Mama Global Healing<\/title>\n<meta name=\"description\" content=\"Spotkanie to pozwoli Ci odetchn\u0105\u0107, z\u0142apa\u0107 oddech i dystans do tego co dzieje si\u0119 w Twoim umy\u015ble.\" \/>\n<meta name=\"robots\" content=\"index, follow, max-snippet:-1, max-image-preview:large, max-video-preview:-1\" \/>\n<link rel=\"canonical\" href=\"http:\/\/mamaglobalhealing.com\/en\/product\/spotkanie-z-mindfulness\/\" \/>\n<meta property=\"og:locale\" content=\"en_GB\" \/>\n<meta property=\"og:type\" content=\"article\" \/>\n<meta property=\"og:title\" content=\"Spotkanie z mindfulness | Katarzyna Go\u0142da - Mama Global Healing\" \/>\n<meta property=\"og:description\" content=\"Spotkanie to pozwoli Ci odetchn\u0105\u0107, z\u0142apa\u0107 oddech i dystans do tego co dzieje si\u0119 w Twoim umy\u015ble.\" \/>\n<meta property=\"og:url\" content=\"http:\/\/mamaglobalhealing.com\/en\/product\/spotkanie-z-mindfulness\/\" \/>\n<meta property=\"og:site_name\" content=\"Mama Global Healing\" \/>\n<meta property=\"article:modified_time\" content=\"2022-06-01T11:40:27+00:00\" \/>\n<meta property=\"og:image\" content=\"http:\/\/mamaglobalhealing.com\/wp-content\/uploads\/2022\/04\/zdj6-scaled.jpg\" \/>\n\t<meta property=\"og:image:width\" content=\"1707\" \/>\n\t<meta property=\"og:image:height\" content=\"2560\" \/>\n\t<meta property=\"og:image:type\" content=\"image\/jpeg\" \/>\n<meta name=\"twitter:card\" content=\"summary_large_image\" \/>\n<script type=\"application\/ld+json\" class=\"yoast-schema-graph\">{\"@context\":\"https:\/\/schema.org\",\"@graph\":[{\"@type\":\"WebPage\",\"@id\":\"http:\/\/mamaglobalhealing.com\/produkt\/spotkanie-z-mindfulness\/\",\"url\":\"http:\/\/mamaglobalhealing.com\/produkt\/spotkanie-z-mindfulness\/\",\"name\":\"Spotkanie z mindfulness | Katarzyna Go\u0142da - Mama Global Healing\",\"isPartOf\":{\"@id\":\"https:\/\/mamaglobalhealing.com\/#website\"},\"primaryImageOfPage\":{\"@id\":\"http:\/\/mamaglobalhealing.com\/produkt\/spotkanie-z-mindfulness\/#primaryimage\"},\"image\":{\"@id\":\"http:\/\/mamaglobalhealing.com\/produkt\/spotkanie-z-mindfulness\/#primaryimage\"},\"thumbnailUrl\":\"https:\/\/mamaglobalhealing.com\/wp-content\/uploads\/2022\/04\/zdj6-scaled.jpg\",\"datePublished\":\"2022-04-27T19:09:49+00:00\",\"dateModified\":\"2022-06-01T11:40:27+00:00\",\"description\":\"Spotkanie to pozwoli Ci odetchn\u0105\u0107, z\u0142apa\u0107 oddech i dystans do tego co dzieje si\u0119 w Twoim umy\u015ble.\",\"breadcrumb\":{\"@id\":\"http:\/\/mamaglobalhealing.com\/produkt\/spotkanie-z-mindfulness\/#breadcrumb\"},\"inLanguage\":\"en-GB\",\"potentialAction\":[{\"@type\":\"ReadAction\",\"target\":[\"http:\/\/mamaglobalhealing.com\/produkt\/spotkanie-z-mindfulness\/\"]}]},{\"@type\":\"ImageObject\",\"inLanguage\":\"en-GB\",\"@id\":\"http:\/\/mamaglobalhealing.com\/produkt\/spotkanie-z-mindfulness\/#primaryimage\",\"url\":\"https:\/\/mamaglobalhealing.com\/wp-content\/uploads\/2022\/04\/zdj6-scaled.jpg\",\"contentUrl\":\"https:\/\/mamaglobalhealing.com\/wp-content\/uploads\/2022\/04\/zdj6-scaled.jpg\",\"width\":1707,\"height\":2560},{\"@type\":\"BreadcrumbList\",\"@id\":\"http:\/\/mamaglobalhealing.com\/produkt\/spotkanie-z-mindfulness\/#breadcrumb\",\"itemListElement\":[{\"@type\":\"ListItem\",\"position\":1,\"name\":\"Strona g\u0142\u00f3wna\",\"item\":\"https:\/\/mamaglobalhealing.com\/\"},{\"@type\":\"ListItem\",\"position\":2,\"name\":\"Sklep\",\"item\":\"https:\/\/mamaglobalhealing.com\/sklep\/\"},{\"@type\":\"ListItem\",\"position\":3,\"name\":\"Spotkanie z&nbsp;mindfulness | Katarzyna Go\u0142da\"}]},{\"@type\":\"WebSite\",\"@id\":\"https:\/\/mamaglobalhealing.com\/#website\",\"url\":\"https:\/\/mamaglobalhealing.com\/\",\"name\":\"Mama Global Healing\",\"description\":\"Kolejna witryna WordPress\",\"potentialAction\":[{\"@type\":\"SearchAction\",\"target\":{\"@type\":\"EntryPoint\",\"urlTemplate\":\"https:\/\/mamaglobalhealing.com\/?s={search_term_string}\"},\"query-input\":{\"@type\":\"PropertyValueSpecification\",\"valueRequired\":true,\"valueName\":\"search_term_string\"}}],\"inLanguage\":\"en-GB\"}]}<\/script>\n<!-- \/ Yoast SEO plugin. -->","yoast_head_json":{"title":"Spotkanie z mindfulness | Katarzyna Go\u0142da - Mama Global Healing","description":"Spotkanie to pozwoli Ci odetchn\u0105\u0107, z\u0142apa\u0107 oddech i dystans do tego co dzieje si\u0119 w Twoim umy\u015ble.","robots":{"index":"index","follow":"follow","max-snippet":"max-snippet:-1","max-image-preview":"max-image-preview:large","max-video-preview":"max-video-preview:-1"},"canonical":"http:\/\/mamaglobalhealing.com\/en\/product\/spotkanie-z-mindfulness\/","og_locale":"en_GB","og_type":"article","og_title":"Spotkanie z mindfulness | Katarzyna Go\u0142da - Mama Global Healing","og_description":"Spotkanie to pozwoli Ci odetchn\u0105\u0107, z\u0142apa\u0107 oddech i dystans do tego co dzieje si\u0119 w Twoim umy\u015ble.","og_url":"http:\/\/mamaglobalhealing.com\/en\/product\/spotkanie-z-mindfulness\/","og_site_name":"Mama Global Healing","article_modified_time":"2022-06-01T11:40:27+00:00","og_image":[{"width":1707,"height":2560,"url":"http:\/\/mamaglobalhealing.com\/wp-content\/uploads\/2022\/04\/zdj6-scaled.jpg","type":"image\/jpeg"}],"twitter_card":"summary_large_image","schema":{"@context":"https:\/\/schema.org","@graph":[{"@type":"WebPage","@id":"http:\/\/mamaglobalhealing.com\/produkt\/spotkanie-z-mindfulness\/","url":"http:\/\/mamaglobalhealing.com\/produkt\/spotkanie-z-mindfulness\/","name":"Spotkanie z mindfulness | Katarzyna Go\u0142da - Mama Global Healing","isPartOf":{"@id":"https:\/\/mamaglobalhealing.com\/#website"},"primaryImageOfPage":{"@id":"http:\/\/mamaglobalhealing.com\/produkt\/spotkanie-z-mindfulness\/#primaryimage"},"image":{"@id":"http:\/\/mamaglobalhealing.com\/produkt\/spotkanie-z-mindfulness\/#primaryimage"},"thumbnailUrl":"https:\/\/mamaglobalhealing.com\/wp-content\/uploads\/2022\/04\/zdj6-scaled.jpg","datePublished":"2022-04-27T19:09:49+00:00","dateModified":"2022-06-01T11:40:27+00:00","description":"Spotkanie to pozwoli Ci odetchn\u0105\u0107, z\u0142apa\u0107 oddech i dystans do tego co dzieje si\u0119 w Twoim umy\u015ble.","breadcrumb":{"@id":"http:\/\/mamaglobalhealing.com\/produkt\/spotkanie-z-mindfulness\/#breadcrumb"},"inLanguage":"en-GB","potentialAction":[{"@type":"ReadAction","target":["http:\/\/mamaglobalhealing.com\/produkt\/spotkanie-z-mindfulness\/"]}]},{"@type":"ImageObject","inLanguage":"en-GB","@id":"http:\/\/mamaglobalhealing.com\/produkt\/spotkanie-z-mindfulness\/#primaryimage","url":"https:\/\/mamaglobalhealing.com\/wp-content\/uploads\/2022\/04\/zdj6-scaled.jpg","contentUrl":"https:\/\/mamaglobalhealing.com\/wp-content\/uploads\/2022\/04\/zdj6-scaled.jpg","width":1707,"height":2560},{"@type":"BreadcrumbList","@id":"http:\/\/mamaglobalhealing.com\/produkt\/spotkanie-z-mindfulness\/#breadcrumb","itemListElement":[{"@type":"ListItem","position":1,"name":"Strona g\u0142\u00f3wna","item":"https:\/\/mamaglobalhealing.com\/"},{"@type":"ListItem","position":2,"name":"Sklep","item":"https:\/\/mamaglobalhealing.com\/sklep\/"},{"@type":"ListItem","position":3,"name":"Spotkanie z&nbsp;mindfulness | Katarzyna Go\u0142da"}]},{"@type":"WebSite","@id":"https:\/\/mamaglobalhealing.com\/#website","url":"https:\/\/mamaglobalhealing.com\/","name":"Mama Global Healing","description":"Kolejna witryna WordPress","potentialAction":[{"@type":"SearchAction","target":{"@type":"EntryPoint","urlTemplate":"https:\/\/mamaglobalhealing.com\/?s={search_term_string}"},"query-input":{"@type":"PropertyValueSpecification","valueRequired":true,"valueName":"search_term_string"}}],"inLanguage":"en-GB"}]}},"_links":{"self":[{"href":"https:\/\/mamaglobalhealing.com\/en\/wp-json\/wp\/v2\/product\/2691","targetHints":{"allow":["GET"]}}],"collection":[{"href":"https:\/\/mamaglobalhealing.com\/en\/wp-json\/wp\/v2\/product"}],"about":[{"href":"https:\/\/mamaglobalhealing.com\/en\/wp-json\/wp\/v2\/types\/product"}],"wp:featuredmedia":[{"embeddable":true,"href":"https:\/\/mamaglobalhealing.com\/en\/wp-json\/wp\/v2\/media\/3456"}],"wp:attachment":[{"href":"https:\/\/mamaglobalhealing.com\/en\/wp-json\/wp\/v2\/media?parent=2691"}],"wp:term":[{"taxonomy":"product_brand","embeddable":true,"href":"https:\/\/mamaglobalhealing.com\/en\/wp-json\/wp\/v2\/product_brand?post=2691"},{"taxonomy":"product_cat","embeddable":true,"href":"https:\/\/mamaglobalhealing.com\/en\/wp-json\/wp\/v2\/product_cat?post=2691"},{"taxonomy":"product_tag","embeddable":true,"href":"https:\/\/mamaglobalhealing.com\/en\/wp-json\/wp\/v2\/product_tag?post=2691"}],"curies":[{"name":"wp","href":"https:\/\/api.w.org\/{rel}","templated":true}]}}