{"id":2694,"date":"2022-04-27T19:14:59","date_gmt":"2022-04-27T19:14:59","guid":{"rendered":"https:\/\/mamaglobalhealing.com\/?post_type=product&#038;p=2694"},"modified":"2022-06-12T11:11:23","modified_gmt":"2022-06-12T11:11:23","slug":"krag-historii-porodowych","status":"publish","type":"product","link":"https:\/\/mamaglobalhealing.com\/en\/product\/krag-historii-porodowych\/","title":{"rendered":"Matka Seksualna &#8211; kr\u0105g warsztatowy | Beata Piskad\u0142o"},"content":{"rendered":"","protected":false},"excerpt":{"rendered":"<div dir=\"auto\">Co si\u0119 zmieni\u0142o po Twoim do\u015bwiadczeniu ci\u0105\u017cy i porodu?<\/div>\n<div dir=\"auto\">\n<div>\n<div dir=\"auto\">Jak prze\u017cywasz swoj\u0105 seksualno\u015b\u0107 b\u0119d\u0105c matk\u0105?<\/div>\n<div dir=\"auto\">Czy dajesz sobie prawo do bycia Istot\u0105 Seksualn\u0105?<\/div>\n<div dir=\"auto\">Czy Twoje cia\u0142o czuje po\u017c\u0105danie?<\/div>\n<\/div>\n<div>\n<div dir=\"auto\">Zapraszam Ci\u0119 do przestrzeni, w kt\u00f3rej z innymi Kobietami, Matkami b\u0119dziemy eksplorowa\u0107 ten temat razem.<\/div>\n<\/div>\n<\/div>\n<div dir=\"auto\">\n<div>\n<div dir=\"auto\">B\u0119dziemy porusza\u0107 si\u0119 wok\u00f3\u0142 zmian jakie zachodz\u0105 w kobiecym ciele, psychice, duchowo\u015bci, emocjonalno\u015bci po ci\u0105\u017cy i porodzie oraz jak ogromny wp\u0142yw ma to na nasze \u017cycie seksualne.<\/div>\n<\/div>\n<div>\n<div dir=\"auto\">Kobieta cielesna i seksualna to w Polsce wci\u0105\u017c tabu. Matka cielesna i seksualna to wci\u0105\u017c niez\u0142y oksymoron.<\/div>\n<div dir=\"auto\">Zapraszam szczeg\u00f3lnie mamy, dla kt\u00f3rych temat seksualno\u015bci jest wyzwaniem, oraz mamy ze sta\u017cem do 3-4 roku \u017cycia dziecka \ud83d\ude42<\/div>\n<div dir=\"auto\"><\/div>\n<\/div>\n<\/div>\n<p><b>Prowadz\u0105ca:<\/b><span style=\"font-weight: 400;\"> Beata Piskad\u0142o<\/span><\/p>\n<p><b>Czas trwania: <\/b>2,5h<\/p>\n<p><b>Data i godzina: <\/b>niedziela 12:30 &#8211; 15:00<\/p>\n<p><b>Miejsce:<\/b> <a href=\"https:\/\/mamaglobalhealing.com\/en\/mama-line-up\/baby-tipi\/\">Baby Tipi<\/a><\/p>\n<p><b>Ilo\u015b\u0107 os\u00f3b: <\/b>20<\/p>\n<p><b>Dla Kogo:\u00a0<\/b>Kobiety<\/p>\n<p><b>Bobasy<\/b><strong>: <\/strong>nie<\/p>","protected":false},"featured_media":3292,"template":"","meta":{"_et_pb_use_builder":"","_et_pb_old_content":"","_et_gb_content_width":""},"product_brand":[],"product_cat":[35,47],"product_tag":[],"class_list":{"0":"post-2694","1":"product","2":"type-product","3":"status-publish","4":"has-post-thumbnail","6":"product_cat-mama-open","7":"product_cat-niedziela-open","9":"first","10":"instock","11":"virtual","12":"taxable","13":"product-type-simple"},"yoast_head":"<!-- This site is optimized with the Yoast SEO plugin v25.1 - https:\/\/yoast.com\/wordpress\/plugins\/seo\/ -->\n<title>Matka Seksualna - kr\u0105g warsztatowy | Beata Piskad\u0142o - Mama Global Healing<\/title>\n<meta name=\"description\" content=\"Czy Twoje cia\u0142o czuje po\u017c\u0105danie? Zapraszam Ci\u0119 do przestrzeni, w kt\u00f3rej z innymi Kobietami, Matkami b\u0119dziemy eksplorowa\u0107 ten temat razem.\" \/>\n<meta name=\"robots\" content=\"index, follow, max-snippet:-1, max-image-preview:large, max-video-preview:-1\" \/>\n<link rel=\"canonical\" href=\"http:\/\/mamaglobalhealing.com\/en\/product\/krag-historii-porodowych\/\" \/>\n<meta property=\"og:locale\" content=\"en_GB\" \/>\n<meta property=\"og:type\" content=\"article\" \/>\n<meta property=\"og:title\" content=\"Matka Seksualna - kr\u0105g warsztatowy | Beata Piskad\u0142o - Mama Global Healing\" \/>\n<meta property=\"og:description\" content=\"Czy Twoje cia\u0142o czuje po\u017c\u0105danie? Zapraszam Ci\u0119 do przestrzeni, w kt\u00f3rej z innymi Kobietami, Matkami b\u0119dziemy eksplorowa\u0107 ten temat razem.\" \/>\n<meta property=\"og:url\" content=\"http:\/\/mamaglobalhealing.com\/en\/product\/krag-historii-porodowych\/\" \/>\n<meta property=\"og:site_name\" content=\"Mama Global Healing\" \/>\n<meta property=\"article:modified_time\" content=\"2022-06-12T11:11:23+00:00\" \/>\n<meta property=\"og:image\" content=\"http:\/\/mamaglobalhealing.com\/wp-content\/uploads\/2022\/04\/Kopia-OPISY-WYDARZEN-part-1.jpg\" \/>\n\t<meta property=\"og:image:width\" content=\"1080\" \/>\n\t<meta property=\"og:image:height\" content=\"1080\" \/>\n\t<meta property=\"og:image:type\" content=\"image\/jpeg\" \/>\n<meta name=\"twitter:card\" content=\"summary_large_image\" \/>\n<script type=\"application\/ld+json\" class=\"yoast-schema-graph\">{\"@context\":\"https:\/\/schema.org\",\"@graph\":[{\"@type\":\"WebPage\",\"@id\":\"http:\/\/mamaglobalhealing.com\/produkt\/krag-historii-porodowych\/\",\"url\":\"http:\/\/mamaglobalhealing.com\/produkt\/krag-historii-porodowych\/\",\"name\":\"Matka Seksualna - kr\u0105g warsztatowy | Beata Piskad\u0142o - Mama Global Healing\",\"isPartOf\":{\"@id\":\"https:\/\/mamaglobalhealing.com\/#website\"},\"primaryImageOfPage\":{\"@id\":\"http:\/\/mamaglobalhealing.com\/produkt\/krag-historii-porodowych\/#primaryimage\"},\"image\":{\"@id\":\"http:\/\/mamaglobalhealing.com\/produkt\/krag-historii-porodowych\/#primaryimage\"},\"thumbnailUrl\":\"https:\/\/mamaglobalhealing.com\/wp-content\/uploads\/2022\/04\/Kopia-OPISY-WYDARZEN-part-1.jpg\",\"datePublished\":\"2022-04-27T19:14:59+00:00\",\"dateModified\":\"2022-06-12T11:11:23+00:00\",\"description\":\"Czy Twoje cia\u0142o czuje po\u017c\u0105danie? Zapraszam Ci\u0119 do przestrzeni, w kt\u00f3rej z innymi Kobietami, Matkami b\u0119dziemy eksplorowa\u0107 ten temat razem.\",\"breadcrumb\":{\"@id\":\"http:\/\/mamaglobalhealing.com\/produkt\/krag-historii-porodowych\/#breadcrumb\"},\"inLanguage\":\"en-GB\",\"potentialAction\":[{\"@type\":\"ReadAction\",\"target\":[\"http:\/\/mamaglobalhealing.com\/produkt\/krag-historii-porodowych\/\"]}]},{\"@type\":\"ImageObject\",\"inLanguage\":\"en-GB\",\"@id\":\"http:\/\/mamaglobalhealing.com\/produkt\/krag-historii-porodowych\/#primaryimage\",\"url\":\"https:\/\/mamaglobalhealing.com\/wp-content\/uploads\/2022\/04\/Kopia-OPISY-WYDARZEN-part-1.jpg\",\"contentUrl\":\"https:\/\/mamaglobalhealing.com\/wp-content\/uploads\/2022\/04\/Kopia-OPISY-WYDARZEN-part-1.jpg\",\"width\":1080,\"height\":1080},{\"@type\":\"BreadcrumbList\",\"@id\":\"http:\/\/mamaglobalhealing.com\/produkt\/krag-historii-porodowych\/#breadcrumb\",\"itemListElement\":[{\"@type\":\"ListItem\",\"position\":1,\"name\":\"Strona g\u0142\u00f3wna\",\"item\":\"https:\/\/mamaglobalhealing.com\/\"},{\"@type\":\"ListItem\",\"position\":2,\"name\":\"Sklep\",\"item\":\"https:\/\/mamaglobalhealing.com\/sklep\/\"},{\"@type\":\"ListItem\",\"position\":3,\"name\":\"Matka Seksualna &#8211; kr\u0105g warsztatowy | Beata Piskad\u0142o\"}]},{\"@type\":\"WebSite\",\"@id\":\"https:\/\/mamaglobalhealing.com\/#website\",\"url\":\"https:\/\/mamaglobalhealing.com\/\",\"name\":\"Mama Global Healing\",\"description\":\"Kolejna witryna WordPress\",\"potentialAction\":[{\"@type\":\"SearchAction\",\"target\":{\"@type\":\"EntryPoint\",\"urlTemplate\":\"https:\/\/mamaglobalhealing.com\/?s={search_term_string}\"},\"query-input\":{\"@type\":\"PropertyValueSpecification\",\"valueRequired\":true,\"valueName\":\"search_term_string\"}}],\"inLanguage\":\"en-GB\"}]}<\/script>\n<!-- \/ Yoast SEO plugin. -->","yoast_head_json":{"title":"Matka Seksualna - kr\u0105g warsztatowy | Beata Piskad\u0142o - Mama Global Healing","description":"Czy Twoje cia\u0142o czuje po\u017c\u0105danie? Zapraszam Ci\u0119 do przestrzeni, w kt\u00f3rej z innymi Kobietami, Matkami b\u0119dziemy eksplorowa\u0107 ten temat razem.","robots":{"index":"index","follow":"follow","max-snippet":"max-snippet:-1","max-image-preview":"max-image-preview:large","max-video-preview":"max-video-preview:-1"},"canonical":"http:\/\/mamaglobalhealing.com\/en\/product\/krag-historii-porodowych\/","og_locale":"en_GB","og_type":"article","og_title":"Matka Seksualna - kr\u0105g warsztatowy | Beata Piskad\u0142o - Mama Global Healing","og_description":"Czy Twoje cia\u0142o czuje po\u017c\u0105danie? Zapraszam Ci\u0119 do przestrzeni, w kt\u00f3rej z innymi Kobietami, Matkami b\u0119dziemy eksplorowa\u0107 ten temat razem.","og_url":"http:\/\/mamaglobalhealing.com\/en\/product\/krag-historii-porodowych\/","og_site_name":"Mama Global Healing","article_modified_time":"2022-06-12T11:11:23+00:00","og_image":[{"width":1080,"height":1080,"url":"http:\/\/mamaglobalhealing.com\/wp-content\/uploads\/2022\/04\/Kopia-OPISY-WYDARZEN-part-1.jpg","type":"image\/jpeg"}],"twitter_card":"summary_large_image","schema":{"@context":"https:\/\/schema.org","@graph":[{"@type":"WebPage","@id":"http:\/\/mamaglobalhealing.com\/produkt\/krag-historii-porodowych\/","url":"http:\/\/mamaglobalhealing.com\/produkt\/krag-historii-porodowych\/","name":"Matka Seksualna - kr\u0105g warsztatowy | Beata Piskad\u0142o - Mama Global Healing","isPartOf":{"@id":"https:\/\/mamaglobalhealing.com\/#website"},"primaryImageOfPage":{"@id":"http:\/\/mamaglobalhealing.com\/produkt\/krag-historii-porodowych\/#primaryimage"},"image":{"@id":"http:\/\/mamaglobalhealing.com\/produkt\/krag-historii-porodowych\/#primaryimage"},"thumbnailUrl":"https:\/\/mamaglobalhealing.com\/wp-content\/uploads\/2022\/04\/Kopia-OPISY-WYDARZEN-part-1.jpg","datePublished":"2022-04-27T19:14:59+00:00","dateModified":"2022-06-12T11:11:23+00:00","description":"Czy Twoje cia\u0142o czuje po\u017c\u0105danie? Zapraszam Ci\u0119 do przestrzeni, w kt\u00f3rej z innymi Kobietami, Matkami b\u0119dziemy eksplorowa\u0107 ten temat razem.","breadcrumb":{"@id":"http:\/\/mamaglobalhealing.com\/produkt\/krag-historii-porodowych\/#breadcrumb"},"inLanguage":"en-GB","potentialAction":[{"@type":"ReadAction","target":["http:\/\/mamaglobalhealing.com\/produkt\/krag-historii-porodowych\/"]}]},{"@type":"ImageObject","inLanguage":"en-GB","@id":"http:\/\/mamaglobalhealing.com\/produkt\/krag-historii-porodowych\/#primaryimage","url":"https:\/\/mamaglobalhealing.com\/wp-content\/uploads\/2022\/04\/Kopia-OPISY-WYDARZEN-part-1.jpg","contentUrl":"https:\/\/mamaglobalhealing.com\/wp-content\/uploads\/2022\/04\/Kopia-OPISY-WYDARZEN-part-1.jpg","width":1080,"height":1080},{"@type":"BreadcrumbList","@id":"http:\/\/mamaglobalhealing.com\/produkt\/krag-historii-porodowych\/#breadcrumb","itemListElement":[{"@type":"ListItem","position":1,"name":"Strona g\u0142\u00f3wna","item":"https:\/\/mamaglobalhealing.com\/"},{"@type":"ListItem","position":2,"name":"Sklep","item":"https:\/\/mamaglobalhealing.com\/sklep\/"},{"@type":"ListItem","position":3,"name":"Matka Seksualna &#8211; kr\u0105g warsztatowy | Beata Piskad\u0142o"}]},{"@type":"WebSite","@id":"https:\/\/mamaglobalhealing.com\/#website","url":"https:\/\/mamaglobalhealing.com\/","name":"Mama Global Healing","description":"Kolejna witryna WordPress","potentialAction":[{"@type":"SearchAction","target":{"@type":"EntryPoint","urlTemplate":"https:\/\/mamaglobalhealing.com\/?s={search_term_string}"},"query-input":{"@type":"PropertyValueSpecification","valueRequired":true,"valueName":"search_term_string"}}],"inLanguage":"en-GB"}]}},"_links":{"self":[{"href":"https:\/\/mamaglobalhealing.com\/en\/wp-json\/wp\/v2\/product\/2694","targetHints":{"allow":["GET"]}}],"collection":[{"href":"https:\/\/mamaglobalhealing.com\/en\/wp-json\/wp\/v2\/product"}],"about":[{"href":"https:\/\/mamaglobalhealing.com\/en\/wp-json\/wp\/v2\/types\/product"}],"wp:featuredmedia":[{"embeddable":true,"href":"https:\/\/mamaglobalhealing.com\/en\/wp-json\/wp\/v2\/media\/3292"}],"wp:attachment":[{"href":"https:\/\/mamaglobalhealing.com\/en\/wp-json\/wp\/v2\/media?parent=2694"}],"wp:term":[{"taxonomy":"product_brand","embeddable":true,"href":"https:\/\/mamaglobalhealing.com\/en\/wp-json\/wp\/v2\/product_brand?post=2694"},{"taxonomy":"product_cat","embeddable":true,"href":"https:\/\/mamaglobalhealing.com\/en\/wp-json\/wp\/v2\/product_cat?post=2694"},{"taxonomy":"product_tag","embeddable":true,"href":"https:\/\/mamaglobalhealing.com\/en\/wp-json\/wp\/v2\/product_tag?post=2694"}],"curies":[{"name":"wp","href":"https:\/\/api.w.org\/{rel}","templated":true}]}}