{"id":2695,"date":"2022-04-27T19:16:34","date_gmt":"2022-04-27T19:16:34","guid":{"rendered":"https:\/\/mamaglobalhealing.com\/?post_type=product&#038;p=2695"},"modified":"2022-11-17T11:10:42","modified_gmt":"2022-11-17T11:10:42","slug":"play-fight-dla-rodzin","status":"publish","type":"product","link":"https:\/\/mamaglobalhealing.com\/en\/product\/play-fight-dla-rodzin\/","title":{"rendered":"PlayFight dla rodzin | Beata Piskad\u0142o &#038; Marcin Szot"},"content":{"rendered":"","protected":false},"excerpt":{"rendered":"<p><span style=\"font-weight: 400;\"> Playfight to g\u0142\u0119boka wi\u0119\u017a \u2013 ze sob\u0105 i innymi. \u0141\u0105czymy si\u0119 z nasz\u0105 pierwotn\u0105 stron\u0105, si\u0142\u0105 w naszych cia\u0142ach i m\u0105dro\u015bci\u0105 w naszych emocjach. Dbamy o siebie i swoje granice, poszerzaj\u0105c je z \u017cyczliwo\u015bci\u0105 i zabaw\u0105. \u0141\u0105czymy si\u0119 z innymi, ucz\u0105c si\u0119 bycia autentycznym w relacjach. <\/span>Playfight \u0142\u0105czy pierwotn\u0105 walk\u0119, zabaw\u0119 i uwa\u017cno\u015b\u0107. Pierwotna walka, by obudzi\u0107 inteligencj\u0119 cia\u0142a, u\u017cywaj\u0105c si\u0142y w bezpieczny i pe\u0142en szacunku spos\u00f3b. Zabaw\u0119, aby odkry\u0107 siebie na nowo. By\u0107 mniej powa\u017cnym i bardziej zabawnym, radosnym i \u017cywym! Playfight to osobista podr\u00f3\u017c i do\u015bwiadczenie plemienne. Walczymy, ale nie ma zwyci\u0119zc\u00f3w ani przegranych. U\u017cywamy si\u0142y, ale nie krzywdzimy si\u0119 nawzajem. Szkolimy si\u0119 jako serdeczni wojownicy i wojowniczki, aby powstrzyma\u0107 przemoc i rozwija\u0107 wewn\u0119trzny spok\u00f3j.<\/p>\n<p>Jednym s\u0142owem:<br \/>\nPlayfight to po\u0142\u0105czenie.<\/p>\n<p>Playfight to nowy spos\u00f3b na tworzenie rodzinnych wi\u0119zi i relacji w inny spos\u00f3b. Zapraszamy Rodziny z dzie\u0107mi od 7 roku \u017cycia.<\/p>\n<p>Wi\u0119cej o metodzie w filmiku poni\u017cej. FILMIK O PLAYFIGHT: <a href=\"https:\/\/www.youtube.com\/watch?v=jGPh5xh9pbQ\">https:\/\/www.youtube.com\/watch?v=jGPh5xh9pbQ<\/a><\/p>\n<p><b>Prowadz\u0105ca:<\/b><span style=\"font-weight: 400;\"> Beata Piskad\u0142o<\/span><\/p>\n<p><b>Czas trwania: <\/b>3h<\/p>\n<p><b>Data i godzina: <\/b>sobota 17:30 &#8211; 20:30<\/p>\n<p><b>Miejsce: <\/b>Tent De Vito<\/p>\n<p><b>Ilo\u015b\u0107 os\u00f3b: <\/b>20<\/p>\n<p><b>Dla Kogo: <\/b>dla ca\u0142ych rodzin<\/p>\n<p><b>Bobasy: <\/b><span style=\"font-weight: 400;\">od 7 lat\u00a0<\/span><\/p>\n<p><b>Cena: <\/b>33 PLN<\/p>","protected":false},"featured_media":3562,"template":"","meta":{"_et_pb_use_builder":"","_et_pb_old_content":"","_et_gb_content_width":""},"product_brand":[],"product_cat":[34,42],"product_tag":[],"class_list":{"0":"post-2695","1":"product","2":"type-product","3":"status-publish","4":"has-post-thumbnail","6":"product_cat-mama-work","7":"product_cat-sobota","9":"first","10":"instock","11":"virtual","12":"taxable","13":"product-type-simple"},"yoast_head":"<!-- This site is optimized with the Yoast SEO plugin v25.1 - https:\/\/yoast.com\/wordpress\/plugins\/seo\/ -->\n<title>PlayFight dla rodzin | Beata Piskad\u0142o &amp; Marcin Szot - Mama Global Healing<\/title>\n<meta name=\"robots\" content=\"index, follow, max-snippet:-1, max-image-preview:large, max-video-preview:-1\" \/>\n<link rel=\"canonical\" href=\"http:\/\/mamaglobalhealing.com\/en\/product\/play-fight-dla-rodzin\/\" \/>\n<meta property=\"og:locale\" content=\"en_GB\" \/>\n<meta property=\"og:type\" content=\"article\" \/>\n<meta property=\"og:title\" content=\"PlayFight dla rodzin | Beata Piskad\u0142o &amp; Marcin Szot - Mama Global Healing\" \/>\n<meta property=\"og:description\" content=\"Playfight to g\u0142\u0119boka wi\u0119\u017a \u2013 ze sob\u0105 i innymi. \u0141\u0105czymy si\u0119 z nasz\u0105 pierwotn\u0105 stron\u0105, si\u0142\u0105 w naszych cia\u0142ach i m\u0105dro\u015bci\u0105 w naszych emocjach. Dbamy o siebie i swoje granice, poszerzaj\u0105c je z \u017cyczliwo\u015bci\u0105 i zabaw\u0105. \u0141\u0105czymy si\u0119 z innymi, ucz\u0105c si\u0119 bycia autentycznym w relacjach. Playfight \u0142\u0105czy pierwotn\u0105 walk\u0119, zabaw\u0119 i uwa\u017cno\u015b\u0107. Pierwotna walka, by obudzi\u0107 inteligencj\u0119 cia\u0142a, u\u017cywaj\u0105c si\u0142y w bezpieczny i pe\u0142en szacunku spos\u00f3b. Zabaw\u0119, aby odkry\u0107 siebie na nowo. By\u0107 mniej powa\u017cnym i bardziej zabawnym, radosnym i \u017cywym! Playfight to osobista podr\u00f3\u017c i do\u015bwiadczenie plemienne. Walczymy, ale nie ma zwyci\u0119zc\u00f3w ani przegranych. U\u017cywamy si\u0142y, ale nie krzywdzimy si\u0119 nawzajem. Szkolimy si\u0119 jako serdeczni wojownicy i wojowniczki, aby powstrzyma\u0107 przemoc i rozwija\u0107 wewn\u0119trzny spok\u00f3j.  Jednym s\u0142owem: Playfight to po\u0142\u0105czenie.  Playfight to nowy spos\u00f3b na tworzenie rodzinnych wi\u0119zi i relacji w inny spos\u00f3b. Zapraszamy Rodziny z dzie\u0107mi od 7 roku \u017cycia.  Wi\u0119cej o metodzie w filmiku poni\u017cej. FILMIK O PLAYFIGHT: https:\/\/www.youtube.com\/watch?v=jGPh5xh9pbQ  Prowadz\u0105ca: Beata Piskad\u0142o  Czas trwania: 3h  Data i godzina: sobota 17:30 - 20:30  Miejsce: Tent De Vito  Ilo\u015b\u0107 os\u00f3b: 20  Dla Kogo: dla ca\u0142ych rodzin  Bobasy: od 7 lat\u00a0  Cena: 33 PLN\" \/>\n<meta property=\"og:url\" content=\"http:\/\/mamaglobalhealing.com\/en\/product\/play-fight-dla-rodzin\/\" \/>\n<meta property=\"og:site_name\" content=\"Mama Global Healing\" \/>\n<meta property=\"article:modified_time\" content=\"2022-11-17T11:10:42+00:00\" \/>\n<meta property=\"og:image\" content=\"http:\/\/mamaglobalhealing.com\/wp-content\/uploads\/2022\/04\/IMG_3443-scaled.jpg\" \/>\n\t<meta property=\"og:image:width\" content=\"2560\" \/>\n\t<meta property=\"og:image:height\" content=\"1707\" \/>\n\t<meta property=\"og:image:type\" content=\"image\/jpeg\" \/>\n<meta name=\"twitter:card\" content=\"summary_large_image\" \/>\n<script type=\"application\/ld+json\" class=\"yoast-schema-graph\">{\"@context\":\"https:\/\/schema.org\",\"@graph\":[{\"@type\":\"WebPage\",\"@id\":\"http:\/\/mamaglobalhealing.com\/produkt\/play-fight-dla-rodzin\/\",\"url\":\"http:\/\/mamaglobalhealing.com\/produkt\/play-fight-dla-rodzin\/\",\"name\":\"PlayFight dla rodzin | Beata Piskad\u0142o & Marcin Szot - Mama Global Healing\",\"isPartOf\":{\"@id\":\"https:\/\/mamaglobalhealing.com\/#website\"},\"primaryImageOfPage\":{\"@id\":\"http:\/\/mamaglobalhealing.com\/produkt\/play-fight-dla-rodzin\/#primaryimage\"},\"image\":{\"@id\":\"http:\/\/mamaglobalhealing.com\/produkt\/play-fight-dla-rodzin\/#primaryimage\"},\"thumbnailUrl\":\"https:\/\/mamaglobalhealing.com\/wp-content\/uploads\/2022\/04\/IMG_3443-scaled.jpg\",\"datePublished\":\"2022-04-27T19:16:34+00:00\",\"dateModified\":\"2022-11-17T11:10:42+00:00\",\"breadcrumb\":{\"@id\":\"http:\/\/mamaglobalhealing.com\/produkt\/play-fight-dla-rodzin\/#breadcrumb\"},\"inLanguage\":\"en-GB\",\"potentialAction\":[{\"@type\":\"ReadAction\",\"target\":[\"http:\/\/mamaglobalhealing.com\/produkt\/play-fight-dla-rodzin\/\"]}]},{\"@type\":\"ImageObject\",\"inLanguage\":\"en-GB\",\"@id\":\"http:\/\/mamaglobalhealing.com\/produkt\/play-fight-dla-rodzin\/#primaryimage\",\"url\":\"https:\/\/mamaglobalhealing.com\/wp-content\/uploads\/2022\/04\/IMG_3443-scaled.jpg\",\"contentUrl\":\"https:\/\/mamaglobalhealing.com\/wp-content\/uploads\/2022\/04\/IMG_3443-scaled.jpg\",\"width\":2560,\"height\":1707},{\"@type\":\"BreadcrumbList\",\"@id\":\"http:\/\/mamaglobalhealing.com\/produkt\/play-fight-dla-rodzin\/#breadcrumb\",\"itemListElement\":[{\"@type\":\"ListItem\",\"position\":1,\"name\":\"Strona g\u0142\u00f3wna\",\"item\":\"https:\/\/mamaglobalhealing.com\/\"},{\"@type\":\"ListItem\",\"position\":2,\"name\":\"Sklep\",\"item\":\"https:\/\/mamaglobalhealing.com\/sklep\/\"},{\"@type\":\"ListItem\",\"position\":3,\"name\":\"PlayFight dla rodzin | Beata Piskad\u0142o &#038; Marcin Szot\"}]},{\"@type\":\"WebSite\",\"@id\":\"https:\/\/mamaglobalhealing.com\/#website\",\"url\":\"https:\/\/mamaglobalhealing.com\/\",\"name\":\"Mama Global Healing\",\"description\":\"Kolejna witryna WordPress\",\"potentialAction\":[{\"@type\":\"SearchAction\",\"target\":{\"@type\":\"EntryPoint\",\"urlTemplate\":\"https:\/\/mamaglobalhealing.com\/?s={search_term_string}\"},\"query-input\":{\"@type\":\"PropertyValueSpecification\",\"valueRequired\":true,\"valueName\":\"search_term_string\"}}],\"inLanguage\":\"en-GB\"}]}<\/script>\n<!-- \/ Yoast SEO plugin. -->","yoast_head_json":{"title":"PlayFight dla rodzin | Beata Piskad\u0142o & Marcin Szot - Mama Global Healing","robots":{"index":"index","follow":"follow","max-snippet":"max-snippet:-1","max-image-preview":"max-image-preview:large","max-video-preview":"max-video-preview:-1"},"canonical":"http:\/\/mamaglobalhealing.com\/en\/product\/play-fight-dla-rodzin\/","og_locale":"en_GB","og_type":"article","og_title":"PlayFight dla rodzin | Beata Piskad\u0142o & Marcin Szot - Mama Global Healing","og_description":"Playfight to g\u0142\u0119boka wi\u0119\u017a \u2013 ze sob\u0105 i innymi. \u0141\u0105czymy si\u0119 z nasz\u0105 pierwotn\u0105 stron\u0105, si\u0142\u0105 w naszych cia\u0142ach i m\u0105dro\u015bci\u0105 w naszych emocjach. Dbamy o siebie i swoje granice, poszerzaj\u0105c je z \u017cyczliwo\u015bci\u0105 i zabaw\u0105. \u0141\u0105czymy si\u0119 z innymi, ucz\u0105c si\u0119 bycia autentycznym w relacjach. Playfight \u0142\u0105czy pierwotn\u0105 walk\u0119, zabaw\u0119 i uwa\u017cno\u015b\u0107. Pierwotna walka, by obudzi\u0107 inteligencj\u0119 cia\u0142a, u\u017cywaj\u0105c si\u0142y w bezpieczny i pe\u0142en szacunku spos\u00f3b. Zabaw\u0119, aby odkry\u0107 siebie na nowo. By\u0107 mniej powa\u017cnym i bardziej zabawnym, radosnym i \u017cywym! Playfight to osobista podr\u00f3\u017c i do\u015bwiadczenie plemienne. Walczymy, ale nie ma zwyci\u0119zc\u00f3w ani przegranych. U\u017cywamy si\u0142y, ale nie krzywdzimy si\u0119 nawzajem. Szkolimy si\u0119 jako serdeczni wojownicy i wojowniczki, aby powstrzyma\u0107 przemoc i rozwija\u0107 wewn\u0119trzny spok\u00f3j.  Jednym s\u0142owem: Playfight to po\u0142\u0105czenie.  Playfight to nowy spos\u00f3b na tworzenie rodzinnych wi\u0119zi i relacji w inny spos\u00f3b. Zapraszamy Rodziny z dzie\u0107mi od 7 roku \u017cycia.  Wi\u0119cej o metodzie w filmiku poni\u017cej. FILMIK O PLAYFIGHT: https:\/\/www.youtube.com\/watch?v=jGPh5xh9pbQ  Prowadz\u0105ca: Beata Piskad\u0142o  Czas trwania: 3h  Data i godzina: sobota 17:30 - 20:30  Miejsce: Tent De Vito  Ilo\u015b\u0107 os\u00f3b: 20  Dla Kogo: dla ca\u0142ych rodzin  Bobasy: od 7 lat\u00a0  Cena: 33 PLN","og_url":"http:\/\/mamaglobalhealing.com\/en\/product\/play-fight-dla-rodzin\/","og_site_name":"Mama Global Healing","article_modified_time":"2022-11-17T11:10:42+00:00","og_image":[{"width":2560,"height":1707,"url":"http:\/\/mamaglobalhealing.com\/wp-content\/uploads\/2022\/04\/IMG_3443-scaled.jpg","type":"image\/jpeg"}],"twitter_card":"summary_large_image","schema":{"@context":"https:\/\/schema.org","@graph":[{"@type":"WebPage","@id":"http:\/\/mamaglobalhealing.com\/produkt\/play-fight-dla-rodzin\/","url":"http:\/\/mamaglobalhealing.com\/produkt\/play-fight-dla-rodzin\/","name":"PlayFight dla rodzin | Beata Piskad\u0142o & Marcin Szot - Mama Global Healing","isPartOf":{"@id":"https:\/\/mamaglobalhealing.com\/#website"},"primaryImageOfPage":{"@id":"http:\/\/mamaglobalhealing.com\/produkt\/play-fight-dla-rodzin\/#primaryimage"},"image":{"@id":"http:\/\/mamaglobalhealing.com\/produkt\/play-fight-dla-rodzin\/#primaryimage"},"thumbnailUrl":"https:\/\/mamaglobalhealing.com\/wp-content\/uploads\/2022\/04\/IMG_3443-scaled.jpg","datePublished":"2022-04-27T19:16:34+00:00","dateModified":"2022-11-17T11:10:42+00:00","breadcrumb":{"@id":"http:\/\/mamaglobalhealing.com\/produkt\/play-fight-dla-rodzin\/#breadcrumb"},"inLanguage":"en-GB","potentialAction":[{"@type":"ReadAction","target":["http:\/\/mamaglobalhealing.com\/produkt\/play-fight-dla-rodzin\/"]}]},{"@type":"ImageObject","inLanguage":"en-GB","@id":"http:\/\/mamaglobalhealing.com\/produkt\/play-fight-dla-rodzin\/#primaryimage","url":"https:\/\/mamaglobalhealing.com\/wp-content\/uploads\/2022\/04\/IMG_3443-scaled.jpg","contentUrl":"https:\/\/mamaglobalhealing.com\/wp-content\/uploads\/2022\/04\/IMG_3443-scaled.jpg","width":2560,"height":1707},{"@type":"BreadcrumbList","@id":"http:\/\/mamaglobalhealing.com\/produkt\/play-fight-dla-rodzin\/#breadcrumb","itemListElement":[{"@type":"ListItem","position":1,"name":"Strona g\u0142\u00f3wna","item":"https:\/\/mamaglobalhealing.com\/"},{"@type":"ListItem","position":2,"name":"Sklep","item":"https:\/\/mamaglobalhealing.com\/sklep\/"},{"@type":"ListItem","position":3,"name":"PlayFight dla rodzin | Beata Piskad\u0142o &#038; Marcin Szot"}]},{"@type":"WebSite","@id":"https:\/\/mamaglobalhealing.com\/#website","url":"https:\/\/mamaglobalhealing.com\/","name":"Mama Global Healing","description":"Kolejna witryna WordPress","potentialAction":[{"@type":"SearchAction","target":{"@type":"EntryPoint","urlTemplate":"https:\/\/mamaglobalhealing.com\/?s={search_term_string}"},"query-input":{"@type":"PropertyValueSpecification","valueRequired":true,"valueName":"search_term_string"}}],"inLanguage":"en-GB"}]}},"_links":{"self":[{"href":"https:\/\/mamaglobalhealing.com\/en\/wp-json\/wp\/v2\/product\/2695","targetHints":{"allow":["GET"]}}],"collection":[{"href":"https:\/\/mamaglobalhealing.com\/en\/wp-json\/wp\/v2\/product"}],"about":[{"href":"https:\/\/mamaglobalhealing.com\/en\/wp-json\/wp\/v2\/types\/product"}],"wp:featuredmedia":[{"embeddable":true,"href":"https:\/\/mamaglobalhealing.com\/en\/wp-json\/wp\/v2\/media\/3562"}],"wp:attachment":[{"href":"https:\/\/mamaglobalhealing.com\/en\/wp-json\/wp\/v2\/media?parent=2695"}],"wp:term":[{"taxonomy":"product_brand","embeddable":true,"href":"https:\/\/mamaglobalhealing.com\/en\/wp-json\/wp\/v2\/product_brand?post=2695"},{"taxonomy":"product_cat","embeddable":true,"href":"https:\/\/mamaglobalhealing.com\/en\/wp-json\/wp\/v2\/product_cat?post=2695"},{"taxonomy":"product_tag","embeddable":true,"href":"https:\/\/mamaglobalhealing.com\/en\/wp-json\/wp\/v2\/product_tag?post=2695"}],"curies":[{"name":"wp","href":"https:\/\/api.w.org\/{rel}","templated":true}]}}