{"id":2696,"date":"2022-04-27T19:17:52","date_gmt":"2022-04-27T19:17:52","guid":{"rendered":"https:\/\/mamaglobalhealing.com\/?post_type=product&#038;p=2696"},"modified":"2022-11-17T11:07:45","modified_gmt":"2022-11-17T11:07:45","slug":"meski-gniew-i-granice","status":"publish","type":"product","link":"https:\/\/mamaglobalhealing.com\/en\/product\/meski-gniew-i-granice\/","title":{"rendered":"M\u0119ski gniew i granice | Marcin Szot"},"content":{"rendered":"","protected":false},"excerpt":{"rendered":"<p><span style=\"font-weight: 400;\"> Cz\u0119sto zamiast korzysta\u0107 z energii gniewu wolimy by\u0107 \u201egrzeczni\u201d, \u201enormalni\u201d, \u201emili\u201d. Wybieramy \u201enie krzywdzi\u0107\u201d kosztem siebie, swoich potrzeb, cel\u00f3w i marze\u0144. Albo przeciwnie, wybuchamy bez kontroli i dopiero na zgliszczach orientuj\u0105c si\u0119 co zrobili\u015bmy. <\/span>Ten warsztat to pierwsze kroki w nauce czucia gniewu w ciele i wyra\u017cania go odpowiedzialnie. W spos\u00f3b, kt\u00f3ry wykorzystuje jego moc i inteligencj\u0119, jednocze\u015bnie w szacunku dla siebie i innych. Korzystanie w taki spos\u00f3b z gniewu to jak nauka u\u017cywania ostrego miecza. W troskliwej s\u0142u\u017cbie sobie i ludziom wok\u00f3\u0142. Energia gniewu to czysta \u017cywotno\u015b\u0107 i energia potrzebna, \u017ceby przesta\u0107 by\u0107 grzecznym ch\u0142opcem i si\u0119ga\u0107 po to, co jest dla nas wa\u017cne.<\/p>\n<p>Jedno z najbardziej b\u0142\u0119dnych przekona\u0144, z kt\u00f3rymi jeste\u015bmy zro\u015bni\u0119ci to przekonanie, \u017ce nie mo\u017cemy si\u0119 z\u0142o\u015bci\u0107 na kogo\u015b i jednocze\u015bnie by\u0107 z nim w relacji. Paradoksalnie dost\u0119p do gniewu otwiera na zupe\u0142nie nowe obszary intymno\u015bci. Wiemy, \u017ce potrafimy o siebie zadba\u0107. Wiemy, \u017ce zareagujemy je\u015bli druga osoba zrobi lub powie co\u015b, co przekroczy nasze granice czy sprawi nam b\u00f3l. Dost\u0119p do gniewu daje wi\u0119ksze zaufanie do samego siebie. Podczas warsztatu odb\u0119dzie si\u0119 kr\u00f3tka cz\u0119\u015b\u0107 teoretyczna, w cz\u0119\u015bci g\u0142\u00f3wnej b\u0119dziemy pracowa\u0107 z energi\u0105 gniewu, g\u0142\u00f3wnie z tematem granic.<\/p>\n<p><b>Prowadz\u0105cy:<\/b><span style=\"font-weight: 400;\"> Marcin Szot<\/span><\/p>\n<p><b>Czas trwania: <\/b>3h<\/p>\n<p><b>Data i godzina: <\/b>pi\u0105tek 10:00 &#8211; 13:00<\/p>\n<p><b>Miejsce:<\/b> Dharma Tipi<\/p>\n<p><b>Ilo\u015b\u0107 os\u00f3b: <\/b>20<\/p>\n<p><b>Dla Kogo: <\/b>dla m\u0119\u017cczyzn<\/p>\n<p><b>Bobasy:<\/b><span style=\"font-weight: 400;\"> nie\u00a0<\/span><\/p>\n<p><b>Cena: <\/b>33<\/p>","protected":false},"featured_media":3453,"template":"","meta":{"_et_pb_use_builder":"","_et_pb_old_content":"","_et_gb_content_width":""},"product_brand":[],"product_cat":[34,41],"product_tag":[],"class_list":{"0":"post-2696","1":"product","2":"type-product","3":"status-publish","4":"has-post-thumbnail","6":"product_cat-mama-work","7":"product_cat-piatek","9":"first","10":"instock","11":"virtual","12":"taxable","13":"product-type-simple"},"yoast_head":"<!-- This site is optimized with the Yoast SEO plugin v25.1 - https:\/\/yoast.com\/wordpress\/plugins\/seo\/ -->\n<title>M\u0119ski gniew i granice | Marcin Szot - Mama Global Healing<\/title>\n<meta name=\"robots\" content=\"index, follow, max-snippet:-1, max-image-preview:large, max-video-preview:-1\" \/>\n<link rel=\"canonical\" href=\"https:\/\/mamaglobalhealing.com\/en\/product\/meski-gniew-i-granice\/\" \/>\n<meta property=\"og:locale\" content=\"en_GB\" \/>\n<meta property=\"og:type\" content=\"article\" \/>\n<meta property=\"og:title\" content=\"M\u0119ski gniew i granice | Marcin Szot - Mama Global Healing\" \/>\n<meta property=\"og:description\" content=\"Cz\u0119sto zamiast korzysta\u0107 z energii gniewu wolimy by\u0107 \u201egrzeczni\u201d, \u201enormalni\u201d, \u201emili\u201d. Wybieramy \u201enie krzywdzi\u0107\u201d kosztem siebie, swoich potrzeb, cel\u00f3w i marze\u0144. Albo przeciwnie, wybuchamy bez kontroli i dopiero na zgliszczach orientuj\u0105c si\u0119 co zrobili\u015bmy. Ten warsztat to pierwsze kroki w nauce czucia gniewu w ciele i wyra\u017cania go odpowiedzialnie. W spos\u00f3b, kt\u00f3ry wykorzystuje jego moc i inteligencj\u0119, jednocze\u015bnie w szacunku dla siebie i innych. Korzystanie w taki spos\u00f3b z gniewu to jak nauka u\u017cywania ostrego miecza. W troskliwej s\u0142u\u017cbie sobie i ludziom wok\u00f3\u0142. Energia gniewu to czysta \u017cywotno\u015b\u0107 i energia potrzebna, \u017ceby przesta\u0107 by\u0107 grzecznym ch\u0142opcem i si\u0119ga\u0107 po to, co jest dla nas wa\u017cne.  Jedno z najbardziej b\u0142\u0119dnych przekona\u0144, z kt\u00f3rymi jeste\u015bmy zro\u015bni\u0119ci to przekonanie, \u017ce nie mo\u017cemy si\u0119 z\u0142o\u015bci\u0107 na kogo\u015b i jednocze\u015bnie by\u0107 z nim w relacji. Paradoksalnie dost\u0119p do gniewu otwiera na zupe\u0142nie nowe obszary intymno\u015bci. Wiemy, \u017ce potrafimy o siebie zadba\u0107. Wiemy, \u017ce zareagujemy je\u015bli druga osoba zrobi lub powie co\u015b, co przekroczy nasze granice czy sprawi nam b\u00f3l. Dost\u0119p do gniewu daje wi\u0119ksze zaufanie do samego siebie. Podczas warsztatu odb\u0119dzie si\u0119 kr\u00f3tka cz\u0119\u015b\u0107 teoretyczna, w cz\u0119\u015bci g\u0142\u00f3wnej b\u0119dziemy pracowa\u0107 z energi\u0105 gniewu, g\u0142\u00f3wnie z tematem granic.  Prowadz\u0105cy: Marcin Szot  Czas trwania: 3h  Data i godzina: pi\u0105tek 10:00 - 13:00  Miejsce: Dharma Tipi  Ilo\u015b\u0107 os\u00f3b: 20  Dla Kogo: dla m\u0119\u017cczyzn  Bobasy: nie\u00a0  Cena: 33\" \/>\n<meta property=\"og:url\" content=\"https:\/\/mamaglobalhealing.com\/en\/product\/meski-gniew-i-granice\/\" \/>\n<meta property=\"og:site_name\" content=\"Mama Global Healing\" \/>\n<meta property=\"article:modified_time\" content=\"2022-11-17T11:07:45+00:00\" \/>\n<meta property=\"og:image\" content=\"https:\/\/mamaglobalhealing.com\/wp-content\/uploads\/2022\/04\/E_Gniew_1-Marcin-Szot.jpg\" \/>\n\t<meta property=\"og:image:width\" content=\"1200\" \/>\n\t<meta property=\"og:image:height\" content=\"1800\" \/>\n\t<meta property=\"og:image:type\" content=\"image\/jpeg\" \/>\n<meta name=\"twitter:card\" content=\"summary_large_image\" \/>\n<script type=\"application\/ld+json\" class=\"yoast-schema-graph\">{\"@context\":\"https:\/\/schema.org\",\"@graph\":[{\"@type\":\"WebPage\",\"@id\":\"https:\/\/mamaglobalhealing.com\/produkt\/meski-gniew-i-granice\/\",\"url\":\"https:\/\/mamaglobalhealing.com\/produkt\/meski-gniew-i-granice\/\",\"name\":\"M\u0119ski gniew i granice | Marcin Szot - Mama Global Healing\",\"isPartOf\":{\"@id\":\"https:\/\/mamaglobalhealing.com\/#website\"},\"primaryImageOfPage\":{\"@id\":\"https:\/\/mamaglobalhealing.com\/produkt\/meski-gniew-i-granice\/#primaryimage\"},\"image\":{\"@id\":\"https:\/\/mamaglobalhealing.com\/produkt\/meski-gniew-i-granice\/#primaryimage\"},\"thumbnailUrl\":\"https:\/\/mamaglobalhealing.com\/wp-content\/uploads\/2022\/04\/E_Gniew_1-Marcin-Szot.jpg\",\"datePublished\":\"2022-04-27T19:17:52+00:00\",\"dateModified\":\"2022-11-17T11:07:45+00:00\",\"breadcrumb\":{\"@id\":\"https:\/\/mamaglobalhealing.com\/produkt\/meski-gniew-i-granice\/#breadcrumb\"},\"inLanguage\":\"en-GB\",\"potentialAction\":[{\"@type\":\"ReadAction\",\"target\":[\"https:\/\/mamaglobalhealing.com\/produkt\/meski-gniew-i-granice\/\"]}]},{\"@type\":\"ImageObject\",\"inLanguage\":\"en-GB\",\"@id\":\"https:\/\/mamaglobalhealing.com\/produkt\/meski-gniew-i-granice\/#primaryimage\",\"url\":\"https:\/\/mamaglobalhealing.com\/wp-content\/uploads\/2022\/04\/E_Gniew_1-Marcin-Szot.jpg\",\"contentUrl\":\"https:\/\/mamaglobalhealing.com\/wp-content\/uploads\/2022\/04\/E_Gniew_1-Marcin-Szot.jpg\",\"width\":1200,\"height\":1800},{\"@type\":\"BreadcrumbList\",\"@id\":\"https:\/\/mamaglobalhealing.com\/produkt\/meski-gniew-i-granice\/#breadcrumb\",\"itemListElement\":[{\"@type\":\"ListItem\",\"position\":1,\"name\":\"Strona g\u0142\u00f3wna\",\"item\":\"https:\/\/mamaglobalhealing.com\/\"},{\"@type\":\"ListItem\",\"position\":2,\"name\":\"Sklep\",\"item\":\"https:\/\/mamaglobalhealing.com\/sklep\/\"},{\"@type\":\"ListItem\",\"position\":3,\"name\":\"M\u0119ski gniew i&nbsp;granice | Marcin Szot\"}]},{\"@type\":\"WebSite\",\"@id\":\"https:\/\/mamaglobalhealing.com\/#website\",\"url\":\"https:\/\/mamaglobalhealing.com\/\",\"name\":\"Mama Global Healing\",\"description\":\"Kolejna witryna WordPress\",\"potentialAction\":[{\"@type\":\"SearchAction\",\"target\":{\"@type\":\"EntryPoint\",\"urlTemplate\":\"https:\/\/mamaglobalhealing.com\/?s={search_term_string}\"},\"query-input\":{\"@type\":\"PropertyValueSpecification\",\"valueRequired\":true,\"valueName\":\"search_term_string\"}}],\"inLanguage\":\"en-GB\"}]}<\/script>\n<!-- \/ Yoast SEO plugin. -->","yoast_head_json":{"title":"M\u0119ski gniew i granice | Marcin Szot - Mama Global Healing","robots":{"index":"index","follow":"follow","max-snippet":"max-snippet:-1","max-image-preview":"max-image-preview:large","max-video-preview":"max-video-preview:-1"},"canonical":"https:\/\/mamaglobalhealing.com\/en\/product\/meski-gniew-i-granice\/","og_locale":"en_GB","og_type":"article","og_title":"M\u0119ski gniew i granice | Marcin Szot - Mama Global Healing","og_description":"Cz\u0119sto zamiast korzysta\u0107 z energii gniewu wolimy by\u0107 \u201egrzeczni\u201d, \u201enormalni\u201d, \u201emili\u201d. Wybieramy \u201enie krzywdzi\u0107\u201d kosztem siebie, swoich potrzeb, cel\u00f3w i marze\u0144. Albo przeciwnie, wybuchamy bez kontroli i dopiero na zgliszczach orientuj\u0105c si\u0119 co zrobili\u015bmy. Ten warsztat to pierwsze kroki w nauce czucia gniewu w ciele i wyra\u017cania go odpowiedzialnie. W spos\u00f3b, kt\u00f3ry wykorzystuje jego moc i inteligencj\u0119, jednocze\u015bnie w szacunku dla siebie i innych. Korzystanie w taki spos\u00f3b z gniewu to jak nauka u\u017cywania ostrego miecza. W troskliwej s\u0142u\u017cbie sobie i ludziom wok\u00f3\u0142. Energia gniewu to czysta \u017cywotno\u015b\u0107 i energia potrzebna, \u017ceby przesta\u0107 by\u0107 grzecznym ch\u0142opcem i si\u0119ga\u0107 po to, co jest dla nas wa\u017cne.  Jedno z najbardziej b\u0142\u0119dnych przekona\u0144, z kt\u00f3rymi jeste\u015bmy zro\u015bni\u0119ci to przekonanie, \u017ce nie mo\u017cemy si\u0119 z\u0142o\u015bci\u0107 na kogo\u015b i jednocze\u015bnie by\u0107 z nim w relacji. Paradoksalnie dost\u0119p do gniewu otwiera na zupe\u0142nie nowe obszary intymno\u015bci. Wiemy, \u017ce potrafimy o siebie zadba\u0107. Wiemy, \u017ce zareagujemy je\u015bli druga osoba zrobi lub powie co\u015b, co przekroczy nasze granice czy sprawi nam b\u00f3l. Dost\u0119p do gniewu daje wi\u0119ksze zaufanie do samego siebie. Podczas warsztatu odb\u0119dzie si\u0119 kr\u00f3tka cz\u0119\u015b\u0107 teoretyczna, w cz\u0119\u015bci g\u0142\u00f3wnej b\u0119dziemy pracowa\u0107 z energi\u0105 gniewu, g\u0142\u00f3wnie z tematem granic.  Prowadz\u0105cy: Marcin Szot  Czas trwania: 3h  Data i godzina: pi\u0105tek 10:00 - 13:00  Miejsce: Dharma Tipi  Ilo\u015b\u0107 os\u00f3b: 20  Dla Kogo: dla m\u0119\u017cczyzn  Bobasy: nie\u00a0  Cena: 33","og_url":"https:\/\/mamaglobalhealing.com\/en\/product\/meski-gniew-i-granice\/","og_site_name":"Mama Global Healing","article_modified_time":"2022-11-17T11:07:45+00:00","og_image":[{"width":1200,"height":1800,"url":"https:\/\/mamaglobalhealing.com\/wp-content\/uploads\/2022\/04\/E_Gniew_1-Marcin-Szot.jpg","type":"image\/jpeg"}],"twitter_card":"summary_large_image","schema":{"@context":"https:\/\/schema.org","@graph":[{"@type":"WebPage","@id":"https:\/\/mamaglobalhealing.com\/produkt\/meski-gniew-i-granice\/","url":"https:\/\/mamaglobalhealing.com\/produkt\/meski-gniew-i-granice\/","name":"M\u0119ski gniew i granice | Marcin Szot - Mama Global Healing","isPartOf":{"@id":"https:\/\/mamaglobalhealing.com\/#website"},"primaryImageOfPage":{"@id":"https:\/\/mamaglobalhealing.com\/produkt\/meski-gniew-i-granice\/#primaryimage"},"image":{"@id":"https:\/\/mamaglobalhealing.com\/produkt\/meski-gniew-i-granice\/#primaryimage"},"thumbnailUrl":"https:\/\/mamaglobalhealing.com\/wp-content\/uploads\/2022\/04\/E_Gniew_1-Marcin-Szot.jpg","datePublished":"2022-04-27T19:17:52+00:00","dateModified":"2022-11-17T11:07:45+00:00","breadcrumb":{"@id":"https:\/\/mamaglobalhealing.com\/produkt\/meski-gniew-i-granice\/#breadcrumb"},"inLanguage":"en-GB","potentialAction":[{"@type":"ReadAction","target":["https:\/\/mamaglobalhealing.com\/produkt\/meski-gniew-i-granice\/"]}]},{"@type":"ImageObject","inLanguage":"en-GB","@id":"https:\/\/mamaglobalhealing.com\/produkt\/meski-gniew-i-granice\/#primaryimage","url":"https:\/\/mamaglobalhealing.com\/wp-content\/uploads\/2022\/04\/E_Gniew_1-Marcin-Szot.jpg","contentUrl":"https:\/\/mamaglobalhealing.com\/wp-content\/uploads\/2022\/04\/E_Gniew_1-Marcin-Szot.jpg","width":1200,"height":1800},{"@type":"BreadcrumbList","@id":"https:\/\/mamaglobalhealing.com\/produkt\/meski-gniew-i-granice\/#breadcrumb","itemListElement":[{"@type":"ListItem","position":1,"name":"Strona g\u0142\u00f3wna","item":"https:\/\/mamaglobalhealing.com\/"},{"@type":"ListItem","position":2,"name":"Sklep","item":"https:\/\/mamaglobalhealing.com\/sklep\/"},{"@type":"ListItem","position":3,"name":"M\u0119ski gniew i&nbsp;granice | Marcin Szot"}]},{"@type":"WebSite","@id":"https:\/\/mamaglobalhealing.com\/#website","url":"https:\/\/mamaglobalhealing.com\/","name":"Mama Global Healing","description":"Kolejna witryna WordPress","potentialAction":[{"@type":"SearchAction","target":{"@type":"EntryPoint","urlTemplate":"https:\/\/mamaglobalhealing.com\/?s={search_term_string}"},"query-input":{"@type":"PropertyValueSpecification","valueRequired":true,"valueName":"search_term_string"}}],"inLanguage":"en-GB"}]}},"_links":{"self":[{"href":"https:\/\/mamaglobalhealing.com\/en\/wp-json\/wp\/v2\/product\/2696","targetHints":{"allow":["GET"]}}],"collection":[{"href":"https:\/\/mamaglobalhealing.com\/en\/wp-json\/wp\/v2\/product"}],"about":[{"href":"https:\/\/mamaglobalhealing.com\/en\/wp-json\/wp\/v2\/types\/product"}],"wp:featuredmedia":[{"embeddable":true,"href":"https:\/\/mamaglobalhealing.com\/en\/wp-json\/wp\/v2\/media\/3453"}],"wp:attachment":[{"href":"https:\/\/mamaglobalhealing.com\/en\/wp-json\/wp\/v2\/media?parent=2696"}],"wp:term":[{"taxonomy":"product_brand","embeddable":true,"href":"https:\/\/mamaglobalhealing.com\/en\/wp-json\/wp\/v2\/product_brand?post=2696"},{"taxonomy":"product_cat","embeddable":true,"href":"https:\/\/mamaglobalhealing.com\/en\/wp-json\/wp\/v2\/product_cat?post=2696"},{"taxonomy":"product_tag","embeddable":true,"href":"https:\/\/mamaglobalhealing.com\/en\/wp-json\/wp\/v2\/product_tag?post=2696"}],"curies":[{"name":"wp","href":"https:\/\/api.w.org\/{rel}","templated":true}]}}