{"id":2697,"date":"2022-04-27T19:18:41","date_gmt":"2022-04-27T19:18:41","guid":{"rendered":"https:\/\/mamaglobalhealing.com\/?post_type=product&#038;p=2697"},"modified":"2022-11-17T11:10:36","modified_gmt":"2022-11-17T11:10:36","slug":"moj-przyjaciel-strach","status":"publish","type":"product","link":"https:\/\/mamaglobalhealing.com\/en\/product\/moj-przyjaciel-strach\/","title":{"rendered":"M\u00f3j sprzymierzeniec, strach | Marcin Szot"},"content":{"rendered":"","protected":false},"excerpt":{"rendered":"<p><span style=\"font-weight: 400;\"> We wsp\u00f3\u0142czesnej kulturze m\u0119\u017cczyzna nie mo\u017ce si\u0119 ba\u0107. Bo wtedy jest ciot\u0105, cip\u0105, jest niem\u0119ski i w og\u00f3le frajer. Nawet je\u015bli kto\u015b tego na g\u0142os nie powie.<\/span><\/p>\n<p>Wi\u0119c zazwyczaj robimy wszystko, co si\u0119 da, \u017ceby tego strachu nie czu\u0107 i nie okazywa\u0107. Nawet je\u015bli to oznacza agresj\u0119 wobec najbli\u017cszych, \u017cycie nie swoim \u017cyciem i robienie rzeczy, kt\u00f3re nas nie kr\u0119c\u0105; brak intymno\u015bci i po\u0142\u0105czenia ze sob\u0105, \u015bwiatem; brak kreatywno\u015bci i przyg\u00f3d i tak dalej.<\/p>\n<p>Poza tym dzi\u0119ki \u015bwiadomemu odczuwaniu strachu mo\u017cesz: nawigowa\u0107 subtelne przestrzenie, ocenia\u0107 zagro\u017cenie, dba\u0107 o szczeg\u00f3\u0142y, by\u0107 uwa\u017cny i obecny, unika\u0107 niebezpiecze\u0144stw, robi\u0107 plany, przewidywa\u0107, improwizowa\u0107 itp.<\/p>\n<p>Celem tego warsztatu nie jest przesta\u0107 si\u0119 ba\u0107.<\/p>\n<p>Celem tego warsztatu jest zrobi\u0107 pierwsze kroki, \u017ceby zacz\u0105\u0107 czu\u0107 strach \u015bwiadomie, dowiedzie\u0107 si\u0119 jak wykorzystywa\u0107 inteligencje strachu i jak mo\u017ce on nam s\u0142u\u017cy\u0107 jako sprzymierzeniec.<\/p>\n<p><b>Prowadz\u0105cy:<\/b><span style=\"font-weight: 400;\"> Marcin Szot<\/span><\/p>\n<p><b>Czas trwania:<\/b> 2,5h<\/p>\n<p><b>Data i godzina: <\/b>sobota 14:30 &#8211; 17:00<\/p>\n<p><b>Miejsce: <\/b>Dharma Tipi<\/p>\n<p><b>Ilo\u015b\u0107 os\u00f3b: <\/b>20<\/p>\n<p><b>Dla Kogo:\u00a0<\/b> M\u0119\u017cczy\u017ani<\/p>\n<p><b>Bobasy:<\/b><span style=\"font-weight: 400;\"> nie <\/span><\/p>\n<p><b>Cena: <\/b>33<\/p>","protected":false},"featured_media":3450,"template":"","meta":{"_et_pb_use_builder":"","_et_pb_old_content":"","_et_gb_content_width":""},"product_brand":[],"product_cat":[34,42],"product_tag":[],"class_list":{"0":"post-2697","1":"product","2":"type-product","3":"status-publish","4":"has-post-thumbnail","6":"product_cat-mama-work","7":"product_cat-sobota","9":"first","10":"instock","11":"virtual","12":"taxable","13":"product-type-simple"},"yoast_head":"<!-- This site is optimized with the Yoast SEO plugin v25.1 - https:\/\/yoast.com\/wordpress\/plugins\/seo\/ -->\n<title>M\u00f3j sprzymierzeniec, strach | Marcin Szot - Mama Global Healing<\/title>\n<meta name=\"robots\" content=\"index, follow, max-snippet:-1, max-image-preview:large, max-video-preview:-1\" \/>\n<link rel=\"canonical\" href=\"https:\/\/mamaglobalhealing.com\/en\/product\/moj-przyjaciel-strach\/\" \/>\n<meta property=\"og:locale\" content=\"en_GB\" \/>\n<meta property=\"og:type\" content=\"article\" \/>\n<meta property=\"og:title\" content=\"M\u00f3j sprzymierzeniec, strach | Marcin Szot - Mama Global Healing\" \/>\n<meta property=\"og:description\" content=\"We wsp\u00f3\u0142czesnej kulturze m\u0119\u017cczyzna nie mo\u017ce si\u0119 ba\u0107. Bo wtedy jest ciot\u0105, cip\u0105, jest niem\u0119ski i w og\u00f3le frajer. Nawet je\u015bli kto\u015b tego na g\u0142os nie powie.  Wi\u0119c zazwyczaj robimy wszystko, co si\u0119 da, \u017ceby tego strachu nie czu\u0107 i nie okazywa\u0107. Nawet je\u015bli to oznacza agresj\u0119 wobec najbli\u017cszych, \u017cycie nie swoim \u017cyciem i robienie rzeczy, kt\u00f3re nas nie kr\u0119c\u0105; brak intymno\u015bci i po\u0142\u0105czenia ze sob\u0105, \u015bwiatem; brak kreatywno\u015bci i przyg\u00f3d i tak dalej.  Poza tym dzi\u0119ki \u015bwiadomemu odczuwaniu strachu mo\u017cesz: nawigowa\u0107 subtelne przestrzenie, ocenia\u0107 zagro\u017cenie, dba\u0107 o szczeg\u00f3\u0142y, by\u0107 uwa\u017cny i obecny, unika\u0107 niebezpiecze\u0144stw, robi\u0107 plany, przewidywa\u0107, improwizowa\u0107 itp.  Celem tego warsztatu nie jest przesta\u0107 si\u0119 ba\u0107.  Celem tego warsztatu jest zrobi\u0107 pierwsze kroki, \u017ceby zacz\u0105\u0107 czu\u0107 strach \u015bwiadomie, dowiedzie\u0107 si\u0119 jak wykorzystywa\u0107 inteligencje strachu i jak mo\u017ce on nam s\u0142u\u017cy\u0107 jako sprzymierzeniec.  Prowadz\u0105cy: Marcin Szot  Czas trwania: 2,5h  Data i godzina: sobota 14:30 - 17:00  Miejsce: Dharma Tipi  Ilo\u015b\u0107 os\u00f3b: 20  Dla Kogo:\u00a0 M\u0119\u017cczy\u017ani  Bobasy: nie   Cena: 33\" \/>\n<meta property=\"og:url\" content=\"https:\/\/mamaglobalhealing.com\/en\/product\/moj-przyjaciel-strach\/\" \/>\n<meta property=\"og:site_name\" content=\"Mama Global Healing\" \/>\n<meta property=\"article:modified_time\" content=\"2022-11-17T11:10:36+00:00\" \/>\n<meta property=\"og:image\" content=\"https:\/\/mamaglobalhealing.com\/wp-content\/uploads\/2022\/04\/meski-Marcin-Szot-1-1.jpg\" \/>\n\t<meta property=\"og:image:width\" content=\"2025\" \/>\n\t<meta property=\"og:image:height\" content=\"1350\" \/>\n\t<meta property=\"og:image:type\" content=\"image\/jpeg\" \/>\n<meta name=\"twitter:card\" content=\"summary_large_image\" \/>\n<script type=\"application\/ld+json\" class=\"yoast-schema-graph\">{\"@context\":\"https:\/\/schema.org\",\"@graph\":[{\"@type\":\"WebPage\",\"@id\":\"https:\/\/mamaglobalhealing.com\/produkt\/moj-przyjaciel-strach\/\",\"url\":\"https:\/\/mamaglobalhealing.com\/produkt\/moj-przyjaciel-strach\/\",\"name\":\"M\u00f3j sprzymierzeniec, strach | Marcin Szot - Mama Global Healing\",\"isPartOf\":{\"@id\":\"https:\/\/mamaglobalhealing.com\/#website\"},\"primaryImageOfPage\":{\"@id\":\"https:\/\/mamaglobalhealing.com\/produkt\/moj-przyjaciel-strach\/#primaryimage\"},\"image\":{\"@id\":\"https:\/\/mamaglobalhealing.com\/produkt\/moj-przyjaciel-strach\/#primaryimage\"},\"thumbnailUrl\":\"https:\/\/mamaglobalhealing.com\/wp-content\/uploads\/2022\/04\/meski-Marcin-Szot-1-1.jpg\",\"datePublished\":\"2022-04-27T19:18:41+00:00\",\"dateModified\":\"2022-11-17T11:10:36+00:00\",\"breadcrumb\":{\"@id\":\"https:\/\/mamaglobalhealing.com\/produkt\/moj-przyjaciel-strach\/#breadcrumb\"},\"inLanguage\":\"en-GB\",\"potentialAction\":[{\"@type\":\"ReadAction\",\"target\":[\"https:\/\/mamaglobalhealing.com\/produkt\/moj-przyjaciel-strach\/\"]}]},{\"@type\":\"ImageObject\",\"inLanguage\":\"en-GB\",\"@id\":\"https:\/\/mamaglobalhealing.com\/produkt\/moj-przyjaciel-strach\/#primaryimage\",\"url\":\"https:\/\/mamaglobalhealing.com\/wp-content\/uploads\/2022\/04\/meski-Marcin-Szot-1-1.jpg\",\"contentUrl\":\"https:\/\/mamaglobalhealing.com\/wp-content\/uploads\/2022\/04\/meski-Marcin-Szot-1-1.jpg\",\"width\":2025,\"height\":1350},{\"@type\":\"BreadcrumbList\",\"@id\":\"https:\/\/mamaglobalhealing.com\/produkt\/moj-przyjaciel-strach\/#breadcrumb\",\"itemListElement\":[{\"@type\":\"ListItem\",\"position\":1,\"name\":\"Strona g\u0142\u00f3wna\",\"item\":\"https:\/\/mamaglobalhealing.com\/\"},{\"@type\":\"ListItem\",\"position\":2,\"name\":\"Sklep\",\"item\":\"https:\/\/mamaglobalhealing.com\/sklep\/\"},{\"@type\":\"ListItem\",\"position\":3,\"name\":\"M\u00f3j&nbsp;sprzymierzeniec, strach | Marcin Szot\"}]},{\"@type\":\"WebSite\",\"@id\":\"https:\/\/mamaglobalhealing.com\/#website\",\"url\":\"https:\/\/mamaglobalhealing.com\/\",\"name\":\"Mama Global Healing\",\"description\":\"Kolejna witryna WordPress\",\"potentialAction\":[{\"@type\":\"SearchAction\",\"target\":{\"@type\":\"EntryPoint\",\"urlTemplate\":\"https:\/\/mamaglobalhealing.com\/?s={search_term_string}\"},\"query-input\":{\"@type\":\"PropertyValueSpecification\",\"valueRequired\":true,\"valueName\":\"search_term_string\"}}],\"inLanguage\":\"en-GB\"}]}<\/script>\n<!-- \/ Yoast SEO plugin. -->","yoast_head_json":{"title":"M\u00f3j sprzymierzeniec, strach | Marcin Szot - Mama Global Healing","robots":{"index":"index","follow":"follow","max-snippet":"max-snippet:-1","max-image-preview":"max-image-preview:large","max-video-preview":"max-video-preview:-1"},"canonical":"https:\/\/mamaglobalhealing.com\/en\/product\/moj-przyjaciel-strach\/","og_locale":"en_GB","og_type":"article","og_title":"M\u00f3j sprzymierzeniec, strach | Marcin Szot - Mama Global Healing","og_description":"We wsp\u00f3\u0142czesnej kulturze m\u0119\u017cczyzna nie mo\u017ce si\u0119 ba\u0107. Bo wtedy jest ciot\u0105, cip\u0105, jest niem\u0119ski i w og\u00f3le frajer. Nawet je\u015bli kto\u015b tego na g\u0142os nie powie.  Wi\u0119c zazwyczaj robimy wszystko, co si\u0119 da, \u017ceby tego strachu nie czu\u0107 i nie okazywa\u0107. Nawet je\u015bli to oznacza agresj\u0119 wobec najbli\u017cszych, \u017cycie nie swoim \u017cyciem i robienie rzeczy, kt\u00f3re nas nie kr\u0119c\u0105; brak intymno\u015bci i po\u0142\u0105czenia ze sob\u0105, \u015bwiatem; brak kreatywno\u015bci i przyg\u00f3d i tak dalej.  Poza tym dzi\u0119ki \u015bwiadomemu odczuwaniu strachu mo\u017cesz: nawigowa\u0107 subtelne przestrzenie, ocenia\u0107 zagro\u017cenie, dba\u0107 o szczeg\u00f3\u0142y, by\u0107 uwa\u017cny i obecny, unika\u0107 niebezpiecze\u0144stw, robi\u0107 plany, przewidywa\u0107, improwizowa\u0107 itp.  Celem tego warsztatu nie jest przesta\u0107 si\u0119 ba\u0107.  Celem tego warsztatu jest zrobi\u0107 pierwsze kroki, \u017ceby zacz\u0105\u0107 czu\u0107 strach \u015bwiadomie, dowiedzie\u0107 si\u0119 jak wykorzystywa\u0107 inteligencje strachu i jak mo\u017ce on nam s\u0142u\u017cy\u0107 jako sprzymierzeniec.  Prowadz\u0105cy: Marcin Szot  Czas trwania: 2,5h  Data i godzina: sobota 14:30 - 17:00  Miejsce: Dharma Tipi  Ilo\u015b\u0107 os\u00f3b: 20  Dla Kogo:\u00a0 M\u0119\u017cczy\u017ani  Bobasy: nie   Cena: 33","og_url":"https:\/\/mamaglobalhealing.com\/en\/product\/moj-przyjaciel-strach\/","og_site_name":"Mama Global Healing","article_modified_time":"2022-11-17T11:10:36+00:00","og_image":[{"width":2025,"height":1350,"url":"https:\/\/mamaglobalhealing.com\/wp-content\/uploads\/2022\/04\/meski-Marcin-Szot-1-1.jpg","type":"image\/jpeg"}],"twitter_card":"summary_large_image","schema":{"@context":"https:\/\/schema.org","@graph":[{"@type":"WebPage","@id":"https:\/\/mamaglobalhealing.com\/produkt\/moj-przyjaciel-strach\/","url":"https:\/\/mamaglobalhealing.com\/produkt\/moj-przyjaciel-strach\/","name":"M\u00f3j sprzymierzeniec, strach | Marcin Szot - Mama Global Healing","isPartOf":{"@id":"https:\/\/mamaglobalhealing.com\/#website"},"primaryImageOfPage":{"@id":"https:\/\/mamaglobalhealing.com\/produkt\/moj-przyjaciel-strach\/#primaryimage"},"image":{"@id":"https:\/\/mamaglobalhealing.com\/produkt\/moj-przyjaciel-strach\/#primaryimage"},"thumbnailUrl":"https:\/\/mamaglobalhealing.com\/wp-content\/uploads\/2022\/04\/meski-Marcin-Szot-1-1.jpg","datePublished":"2022-04-27T19:18:41+00:00","dateModified":"2022-11-17T11:10:36+00:00","breadcrumb":{"@id":"https:\/\/mamaglobalhealing.com\/produkt\/moj-przyjaciel-strach\/#breadcrumb"},"inLanguage":"en-GB","potentialAction":[{"@type":"ReadAction","target":["https:\/\/mamaglobalhealing.com\/produkt\/moj-przyjaciel-strach\/"]}]},{"@type":"ImageObject","inLanguage":"en-GB","@id":"https:\/\/mamaglobalhealing.com\/produkt\/moj-przyjaciel-strach\/#primaryimage","url":"https:\/\/mamaglobalhealing.com\/wp-content\/uploads\/2022\/04\/meski-Marcin-Szot-1-1.jpg","contentUrl":"https:\/\/mamaglobalhealing.com\/wp-content\/uploads\/2022\/04\/meski-Marcin-Szot-1-1.jpg","width":2025,"height":1350},{"@type":"BreadcrumbList","@id":"https:\/\/mamaglobalhealing.com\/produkt\/moj-przyjaciel-strach\/#breadcrumb","itemListElement":[{"@type":"ListItem","position":1,"name":"Strona g\u0142\u00f3wna","item":"https:\/\/mamaglobalhealing.com\/"},{"@type":"ListItem","position":2,"name":"Sklep","item":"https:\/\/mamaglobalhealing.com\/sklep\/"},{"@type":"ListItem","position":3,"name":"M\u00f3j&nbsp;sprzymierzeniec, strach | Marcin Szot"}]},{"@type":"WebSite","@id":"https:\/\/mamaglobalhealing.com\/#website","url":"https:\/\/mamaglobalhealing.com\/","name":"Mama Global Healing","description":"Kolejna witryna WordPress","potentialAction":[{"@type":"SearchAction","target":{"@type":"EntryPoint","urlTemplate":"https:\/\/mamaglobalhealing.com\/?s={search_term_string}"},"query-input":{"@type":"PropertyValueSpecification","valueRequired":true,"valueName":"search_term_string"}}],"inLanguage":"en-GB"}]}},"_links":{"self":[{"href":"https:\/\/mamaglobalhealing.com\/en\/wp-json\/wp\/v2\/product\/2697","targetHints":{"allow":["GET"]}}],"collection":[{"href":"https:\/\/mamaglobalhealing.com\/en\/wp-json\/wp\/v2\/product"}],"about":[{"href":"https:\/\/mamaglobalhealing.com\/en\/wp-json\/wp\/v2\/types\/product"}],"wp:featuredmedia":[{"embeddable":true,"href":"https:\/\/mamaglobalhealing.com\/en\/wp-json\/wp\/v2\/media\/3450"}],"wp:attachment":[{"href":"https:\/\/mamaglobalhealing.com\/en\/wp-json\/wp\/v2\/media?parent=2697"}],"wp:term":[{"taxonomy":"product_brand","embeddable":true,"href":"https:\/\/mamaglobalhealing.com\/en\/wp-json\/wp\/v2\/product_brand?post=2697"},{"taxonomy":"product_cat","embeddable":true,"href":"https:\/\/mamaglobalhealing.com\/en\/wp-json\/wp\/v2\/product_cat?post=2697"},{"taxonomy":"product_tag","embeddable":true,"href":"https:\/\/mamaglobalhealing.com\/en\/wp-json\/wp\/v2\/product_tag?post=2697"}],"curies":[{"name":"wp","href":"https:\/\/api.w.org\/{rel}","templated":true}]}}