{"id":2698,"date":"2022-04-27T19:22:04","date_gmt":"2022-04-27T19:22:04","guid":{"rendered":"https:\/\/mamaglobalhealing.com\/?post_type=product&#038;p=2698"},"modified":"2022-11-17T11:12:39","modified_gmt":"2022-11-17T11:12:39","slug":"slowianska-mandala-obraz-mojej-duszy","status":"publish","type":"product","link":"https:\/\/mamaglobalhealing.com\/en\/product\/slowianska-mandala-obraz-mojej-duszy\/","title":{"rendered":"&#8222;S\u0142owia\u0144ska mandala&#8221; &#8211; obraz mojej duszy | Marzena Okuszko"},"content":{"rendered":"","protected":false},"excerpt":{"rendered":"<p><span style=\"font-weight: 400;\">B\u0119dziemy malowa\u0107 w spos\u00f3b intuicyjny wykorzystuj\u0105c symbole s\u0142owia\u0144skie. Materia\u0142y na miejscu, mandale w technice akrylowej, na p\u0142\u00f3tnie 20&#215;20.<\/span><\/p>\n<p><b>Prowadz\u0105ca:<\/b><span style=\"font-weight: 400;\"> Marzenka Okuszko<\/span><\/p>\n<p><b>Czas trwania:<\/b> 2,5h<\/p>\n<p><b>Data i godzina: <\/b>niedziela 13:00 &#8211; 15:30<\/p>\n<p><b>Miejsce: <\/b><a href=\"https:\/\/mamaglobalhealing.com\/en\/mama-line-up\/magic-chai-place\/\">Magic Chai Place<\/a><\/p>\n<p><b>Liczba os\u00f3b:<\/b> 12<\/p>\n<p><b>Dla Kogo: <\/b>Wszyscy<\/p>\n<p><b>Bobasy:<\/b><span style=\"font-weight: 400;\"> Tak\u00a0<\/span><\/p>\n<p><b>Cena: <\/b>66<\/p>","protected":false},"featured_media":3537,"template":"","meta":{"_et_pb_use_builder":"","_et_pb_old_content":"","_et_gb_content_width":""},"product_brand":[],"product_cat":[34,43],"product_tag":[],"class_list":{"0":"post-2698","1":"product","2":"type-product","3":"status-publish","4":"has-post-thumbnail","6":"product_cat-mama-work","7":"product_cat-niedziela","9":"first","10":"instock","11":"virtual","12":"taxable","13":"product-type-simple"},"yoast_head":"<!-- This site is optimized with the Yoast SEO plugin v25.1 - https:\/\/yoast.com\/wordpress\/plugins\/seo\/ -->\n<title>&quot;S\u0142owia\u0144ska mandala&quot; - obraz mojej duszy | Marzena Okuszko - Mama Global Healing<\/title>\n<meta name=\"description\" content=\"B\u0119dziemy malowa\u0107 w spos\u00f3b intuicyjny wykorzystuj\u0105c symbole s\u0142owia\u0144skie. Materia\u0142y na miejscu, mandale w technice akrylowej, na p\u0142\u00f3tnie 20x20.\" \/>\n<meta name=\"robots\" content=\"index, follow, max-snippet:-1, max-image-preview:large, max-video-preview:-1\" \/>\n<link rel=\"canonical\" href=\"https:\/\/mamaglobalhealing.com\/en\/product\/slowianska-mandala-obraz-mojej-duszy\/\" \/>\n<meta property=\"og:locale\" content=\"en_GB\" \/>\n<meta property=\"og:type\" content=\"article\" \/>\n<meta property=\"og:title\" content=\"&quot;S\u0142owia\u0144ska mandala&quot; - obraz mojej duszy | Marzena Okuszko - Mama Global Healing\" \/>\n<meta property=\"og:description\" content=\"B\u0119dziemy malowa\u0107 w spos\u00f3b intuicyjny wykorzystuj\u0105c symbole s\u0142owia\u0144skie. Materia\u0142y na miejscu, mandale w technice akrylowej, na p\u0142\u00f3tnie 20x20.\" \/>\n<meta property=\"og:url\" content=\"https:\/\/mamaglobalhealing.com\/en\/product\/slowianska-mandala-obraz-mojej-duszy\/\" \/>\n<meta property=\"og:site_name\" content=\"Mama Global Healing\" \/>\n<meta property=\"article:modified_time\" content=\"2022-11-17T11:12:39+00:00\" \/>\n<meta property=\"og:image\" content=\"https:\/\/mamaglobalhealing.com\/wp-content\/uploads\/2022\/04\/PIC_2074-2.jpg\" \/>\n\t<meta property=\"og:image:width\" content=\"2500\" \/>\n\t<meta property=\"og:image:height\" content=\"2500\" \/>\n\t<meta property=\"og:image:type\" content=\"image\/jpeg\" \/>\n<meta name=\"twitter:card\" content=\"summary_large_image\" \/>\n<script type=\"application\/ld+json\" class=\"yoast-schema-graph\">{\"@context\":\"https:\/\/schema.org\",\"@graph\":[{\"@type\":\"WebPage\",\"@id\":\"https:\/\/mamaglobalhealing.com\/produkt\/slowianska-mandala-obraz-mojej-duszy\/\",\"url\":\"https:\/\/mamaglobalhealing.com\/produkt\/slowianska-mandala-obraz-mojej-duszy\/\",\"name\":\"\\\"S\u0142owia\u0144ska mandala\\\" - obraz mojej duszy | Marzena Okuszko - Mama Global Healing\",\"isPartOf\":{\"@id\":\"https:\/\/mamaglobalhealing.com\/#website\"},\"primaryImageOfPage\":{\"@id\":\"https:\/\/mamaglobalhealing.com\/produkt\/slowianska-mandala-obraz-mojej-duszy\/#primaryimage\"},\"image\":{\"@id\":\"https:\/\/mamaglobalhealing.com\/produkt\/slowianska-mandala-obraz-mojej-duszy\/#primaryimage\"},\"thumbnailUrl\":\"https:\/\/mamaglobalhealing.com\/wp-content\/uploads\/2022\/04\/PIC_2074-2.jpg\",\"datePublished\":\"2022-04-27T19:22:04+00:00\",\"dateModified\":\"2022-11-17T11:12:39+00:00\",\"description\":\"B\u0119dziemy malowa\u0107 w spos\u00f3b intuicyjny wykorzystuj\u0105c symbole s\u0142owia\u0144skie. Materia\u0142y na miejscu, mandale w technice akrylowej, na p\u0142\u00f3tnie 20x20.\",\"breadcrumb\":{\"@id\":\"https:\/\/mamaglobalhealing.com\/produkt\/slowianska-mandala-obraz-mojej-duszy\/#breadcrumb\"},\"inLanguage\":\"en-GB\",\"potentialAction\":[{\"@type\":\"ReadAction\",\"target\":[\"https:\/\/mamaglobalhealing.com\/produkt\/slowianska-mandala-obraz-mojej-duszy\/\"]}]},{\"@type\":\"ImageObject\",\"inLanguage\":\"en-GB\",\"@id\":\"https:\/\/mamaglobalhealing.com\/produkt\/slowianska-mandala-obraz-mojej-duszy\/#primaryimage\",\"url\":\"https:\/\/mamaglobalhealing.com\/wp-content\/uploads\/2022\/04\/PIC_2074-2.jpg\",\"contentUrl\":\"https:\/\/mamaglobalhealing.com\/wp-content\/uploads\/2022\/04\/PIC_2074-2.jpg\",\"width\":2500,\"height\":2500},{\"@type\":\"BreadcrumbList\",\"@id\":\"https:\/\/mamaglobalhealing.com\/produkt\/slowianska-mandala-obraz-mojej-duszy\/#breadcrumb\",\"itemListElement\":[{\"@type\":\"ListItem\",\"position\":1,\"name\":\"Strona g\u0142\u00f3wna\",\"item\":\"https:\/\/mamaglobalhealing.com\/\"},{\"@type\":\"ListItem\",\"position\":2,\"name\":\"Sklep\",\"item\":\"https:\/\/mamaglobalhealing.com\/sklep\/\"},{\"@type\":\"ListItem\",\"position\":3,\"name\":\"&#8222;S\u0142owia\u0144ska mandala&#8221; &#8211; obraz mojej duszy | Marzena Okuszko\"}]},{\"@type\":\"WebSite\",\"@id\":\"https:\/\/mamaglobalhealing.com\/#website\",\"url\":\"https:\/\/mamaglobalhealing.com\/\",\"name\":\"Mama Global Healing\",\"description\":\"Kolejna witryna WordPress\",\"potentialAction\":[{\"@type\":\"SearchAction\",\"target\":{\"@type\":\"EntryPoint\",\"urlTemplate\":\"https:\/\/mamaglobalhealing.com\/?s={search_term_string}\"},\"query-input\":{\"@type\":\"PropertyValueSpecification\",\"valueRequired\":true,\"valueName\":\"search_term_string\"}}],\"inLanguage\":\"en-GB\"}]}<\/script>\n<!-- \/ Yoast SEO plugin. -->","yoast_head_json":{"title":"\"S\u0142owia\u0144ska mandala\" - obraz mojej duszy | Marzena Okuszko - Mama Global Healing","description":"B\u0119dziemy malowa\u0107 w spos\u00f3b intuicyjny wykorzystuj\u0105c symbole s\u0142owia\u0144skie. Materia\u0142y na miejscu, mandale w technice akrylowej, na p\u0142\u00f3tnie 20x20.","robots":{"index":"index","follow":"follow","max-snippet":"max-snippet:-1","max-image-preview":"max-image-preview:large","max-video-preview":"max-video-preview:-1"},"canonical":"https:\/\/mamaglobalhealing.com\/en\/product\/slowianska-mandala-obraz-mojej-duszy\/","og_locale":"en_GB","og_type":"article","og_title":"\"S\u0142owia\u0144ska mandala\" - obraz mojej duszy | Marzena Okuszko - Mama Global Healing","og_description":"B\u0119dziemy malowa\u0107 w spos\u00f3b intuicyjny wykorzystuj\u0105c symbole s\u0142owia\u0144skie. Materia\u0142y na miejscu, mandale w technice akrylowej, na p\u0142\u00f3tnie 20x20.","og_url":"https:\/\/mamaglobalhealing.com\/en\/product\/slowianska-mandala-obraz-mojej-duszy\/","og_site_name":"Mama Global Healing","article_modified_time":"2022-11-17T11:12:39+00:00","og_image":[{"width":2500,"height":2500,"url":"https:\/\/mamaglobalhealing.com\/wp-content\/uploads\/2022\/04\/PIC_2074-2.jpg","type":"image\/jpeg"}],"twitter_card":"summary_large_image","schema":{"@context":"https:\/\/schema.org","@graph":[{"@type":"WebPage","@id":"https:\/\/mamaglobalhealing.com\/produkt\/slowianska-mandala-obraz-mojej-duszy\/","url":"https:\/\/mamaglobalhealing.com\/produkt\/slowianska-mandala-obraz-mojej-duszy\/","name":"\"S\u0142owia\u0144ska mandala\" - obraz mojej duszy | Marzena Okuszko - Mama Global Healing","isPartOf":{"@id":"https:\/\/mamaglobalhealing.com\/#website"},"primaryImageOfPage":{"@id":"https:\/\/mamaglobalhealing.com\/produkt\/slowianska-mandala-obraz-mojej-duszy\/#primaryimage"},"image":{"@id":"https:\/\/mamaglobalhealing.com\/produkt\/slowianska-mandala-obraz-mojej-duszy\/#primaryimage"},"thumbnailUrl":"https:\/\/mamaglobalhealing.com\/wp-content\/uploads\/2022\/04\/PIC_2074-2.jpg","datePublished":"2022-04-27T19:22:04+00:00","dateModified":"2022-11-17T11:12:39+00:00","description":"B\u0119dziemy malowa\u0107 w spos\u00f3b intuicyjny wykorzystuj\u0105c symbole s\u0142owia\u0144skie. Materia\u0142y na miejscu, mandale w technice akrylowej, na p\u0142\u00f3tnie 20x20.","breadcrumb":{"@id":"https:\/\/mamaglobalhealing.com\/produkt\/slowianska-mandala-obraz-mojej-duszy\/#breadcrumb"},"inLanguage":"en-GB","potentialAction":[{"@type":"ReadAction","target":["https:\/\/mamaglobalhealing.com\/produkt\/slowianska-mandala-obraz-mojej-duszy\/"]}]},{"@type":"ImageObject","inLanguage":"en-GB","@id":"https:\/\/mamaglobalhealing.com\/produkt\/slowianska-mandala-obraz-mojej-duszy\/#primaryimage","url":"https:\/\/mamaglobalhealing.com\/wp-content\/uploads\/2022\/04\/PIC_2074-2.jpg","contentUrl":"https:\/\/mamaglobalhealing.com\/wp-content\/uploads\/2022\/04\/PIC_2074-2.jpg","width":2500,"height":2500},{"@type":"BreadcrumbList","@id":"https:\/\/mamaglobalhealing.com\/produkt\/slowianska-mandala-obraz-mojej-duszy\/#breadcrumb","itemListElement":[{"@type":"ListItem","position":1,"name":"Strona g\u0142\u00f3wna","item":"https:\/\/mamaglobalhealing.com\/"},{"@type":"ListItem","position":2,"name":"Sklep","item":"https:\/\/mamaglobalhealing.com\/sklep\/"},{"@type":"ListItem","position":3,"name":"&#8222;S\u0142owia\u0144ska mandala&#8221; &#8211; obraz mojej duszy | Marzena Okuszko"}]},{"@type":"WebSite","@id":"https:\/\/mamaglobalhealing.com\/#website","url":"https:\/\/mamaglobalhealing.com\/","name":"Mama Global Healing","description":"Kolejna witryna WordPress","potentialAction":[{"@type":"SearchAction","target":{"@type":"EntryPoint","urlTemplate":"https:\/\/mamaglobalhealing.com\/?s={search_term_string}"},"query-input":{"@type":"PropertyValueSpecification","valueRequired":true,"valueName":"search_term_string"}}],"inLanguage":"en-GB"}]}},"_links":{"self":[{"href":"https:\/\/mamaglobalhealing.com\/en\/wp-json\/wp\/v2\/product\/2698","targetHints":{"allow":["GET"]}}],"collection":[{"href":"https:\/\/mamaglobalhealing.com\/en\/wp-json\/wp\/v2\/product"}],"about":[{"href":"https:\/\/mamaglobalhealing.com\/en\/wp-json\/wp\/v2\/types\/product"}],"wp:featuredmedia":[{"embeddable":true,"href":"https:\/\/mamaglobalhealing.com\/en\/wp-json\/wp\/v2\/media\/3537"}],"wp:attachment":[{"href":"https:\/\/mamaglobalhealing.com\/en\/wp-json\/wp\/v2\/media?parent=2698"}],"wp:term":[{"taxonomy":"product_brand","embeddable":true,"href":"https:\/\/mamaglobalhealing.com\/en\/wp-json\/wp\/v2\/product_brand?post=2698"},{"taxonomy":"product_cat","embeddable":true,"href":"https:\/\/mamaglobalhealing.com\/en\/wp-json\/wp\/v2\/product_cat?post=2698"},{"taxonomy":"product_tag","embeddable":true,"href":"https:\/\/mamaglobalhealing.com\/en\/wp-json\/wp\/v2\/product_tag?post=2698"}],"curies":[{"name":"wp","href":"https:\/\/api.w.org\/{rel}","templated":true}]}}