{"id":2699,"date":"2022-04-27T19:23:25","date_gmt":"2022-04-27T19:23:25","guid":{"rendered":"https:\/\/mamaglobalhealing.com\/?post_type=product&#038;p=2699"},"modified":"2022-11-17T11:10:29","modified_gmt":"2022-11-17T11:10:29","slug":"latihan","status":"publish","type":"product","link":"https:\/\/mamaglobalhealing.com\/en\/product\/latihan\/","title":{"rendered":"Latihan &#8211; moving in the unknown | 18+ ENG | Albert Bitton"},"content":{"rendered":"","protected":false},"excerpt":{"rendered":"<div>\u221e : : LATIHAN : : \u221e<\/div>\n<div>Moving in the unknown, surrendering to the mystery. Come journey blindfolded in a space of connection, allow your body to move when IT wants to move. I learned this practice from my mentor and dear friend Laurie Handlers. I can say with all my heart that I never had such a profound experience of embodiment. And I am sharing this practice to share this powerful tool. Out of Laurie Handlers Web site &#8230;But let me talk a little about how NOT moving in the unknown is one of the most costly, invisible limitations that sabotage our lives. Learning to move in the unknown is the OPPOSITE of being controlling. It\u2019s the opposite of needing to be \u201cRight\u201d. Practicing moving in the unknown is the medicine for holding your body in knots and tension in your abdomen, anxiety in your chest, and clenching in your root.<\/div>\n<div>Have you ever experienced any of those things?<\/div>\n<div><\/div>\n<div>Latihan is the practice of surrender in the most pleasurable way. It can be a daily, weekly or monthly practice by your divine self or with a partner.\u201c<br \/>\nFor more amazing programs and knowledge &#8211;\u00a0<a role=\"link\" href=\"https:\/\/www.lauriehandlers.com\/?fbclid=IwAR1qn_LNLPuweayohEzJeYFKnfR9BifWhkaOTonzSa6GNR0usIxODdg_oXo\" target=\"_blank\" rel=\"nofollow noopener\" data-saferedirecturl=\"https:\/\/www.google.com\/url?q=https:\/\/www.lauriehandlers.com\/?fbclid%3DIwAR1qn_LNLPuweayohEzJeYFKnfR9BifWhkaOTonzSa6GNR0usIxODdg_oXo&amp;source=gmail&amp;ust=1652880493917000&amp;usg=AOvVaw26505jo9Zf7IcgOdgXJ94q\">https:\/\/www.lauriehandlers.com<\/a><\/div>\n<div><\/div>\n<div><b>Prowadz\u0105cy:<\/b><span style=\"font-weight: 400;\"> Albert Bitton<\/span><\/div>\n<div><\/div>\n<div><b>Czas trwania: <\/b>1h<\/div>\n<div><\/div>\n<div><b>Data i godzina | Date:\u00a0 <\/b>sobota | saturday | 9:00 &#8211; 10:00<\/div>\n<p><b>Miejsce | Venue : <\/b>House Of Love<\/p>\n<p><b>Ilo\u015b\u0107 os\u00f3b | Group limit:<\/b> 30<\/p>\n<p><b>Dla Kogo | For who: <\/b>Wszyscy | Everyone<\/p>\n<p><b>Bobasy:<\/b> nie | no babies<\/p>\n<p><b>Cena: <\/b>11 PLN | 5 EURO registration fee<\/p>","protected":false},"featured_media":3541,"template":"","meta":{"_et_pb_use_builder":"","_et_pb_old_content":"","_et_gb_content_width":""},"product_brand":[],"product_cat":[34,42],"product_tag":[],"class_list":{"0":"post-2699","1":"product","2":"type-product","3":"status-publish","4":"has-post-thumbnail","6":"product_cat-mama-work","7":"product_cat-sobota","9":"first","10":"instock","11":"virtual","12":"taxable","13":"product-type-simple"},"yoast_head":"<!-- This site is optimized with the Yoast SEO plugin v25.1 - https:\/\/yoast.com\/wordpress\/plugins\/seo\/ -->\n<title>Latihan - moving in the unknown | 18+ ENG | Albert Bitton - Mama Global Healing<\/title>\n<meta name=\"robots\" content=\"index, follow, max-snippet:-1, max-image-preview:large, max-video-preview:-1\" \/>\n<link rel=\"canonical\" href=\"https:\/\/mamaglobalhealing.com\/en\/product\/latihan\/\" \/>\n<meta property=\"og:locale\" content=\"en_GB\" \/>\n<meta property=\"og:type\" content=\"article\" \/>\n<meta property=\"og:title\" content=\"Latihan - moving in the unknown | 18+ ENG | Albert Bitton - Mama Global Healing\" \/>\n<meta property=\"og:description\" content=\"\u221e : : LATIHAN : : \u221e Moving in the unknown, surrendering to the mystery. Come journey blindfolded in a space of connection, allow your body to move when IT wants to move. I learned this practice from my mentor and dear friend Laurie Handlers. I can say with all my heart that I never had such a profound experience of embodiment. And I am sharing this practice to share this powerful tool. Out of Laurie Handlers Web site ...But let me talk a little about how NOT moving in the unknown is one of the most costly, invisible limitations that sabotage our lives. Learning to move in the unknown is the OPPOSITE of being controlling. It\u2019s the opposite of needing to be \u201cRight\u201d. Practicing moving in the unknown is the medicine for holding your body in knots and tension in your abdomen, anxiety in your chest, and clenching in your root. Have you ever experienced any of those things?  Latihan is the practice of surrender in the most pleasurable way. It can be a daily, weekly or monthly practice by your divine self or with a partner.\u201c For more amazing programs and knowledge -\u00a0https:\/\/www.lauriehandlers.com  Prowadz\u0105cy: Albert Bitton  Czas trwania: 1h  Data i godzina | Date:\u00a0 sobota | saturday | 9:00 - 10:00 Miejsce | Venue : House Of Love  Ilo\u015b\u0107 os\u00f3b | Group limit: 30  Dla Kogo | For who: Wszyscy | Everyone  Bobasy: nie | no babies  Cena: 11 PLN | 5 EURO registration fee\" \/>\n<meta property=\"og:url\" content=\"https:\/\/mamaglobalhealing.com\/en\/product\/latihan\/\" \/>\n<meta property=\"og:site_name\" content=\"Mama Global Healing\" \/>\n<meta property=\"article:modified_time\" content=\"2022-11-17T11:10:29+00:00\" \/>\n<meta property=\"og:image\" content=\"https:\/\/mamaglobalhealing.com\/wp-content\/uploads\/2022\/04\/latihan-scaled.jpg\" \/>\n\t<meta property=\"og:image:width\" content=\"2560\" \/>\n\t<meta property=\"og:image:height\" content=\"1282\" \/>\n\t<meta property=\"og:image:type\" content=\"image\/jpeg\" \/>\n<meta name=\"twitter:card\" content=\"summary_large_image\" \/>\n<script type=\"application\/ld+json\" class=\"yoast-schema-graph\">{\"@context\":\"https:\/\/schema.org\",\"@graph\":[{\"@type\":\"WebPage\",\"@id\":\"https:\/\/mamaglobalhealing.com\/produkt\/latihan\/\",\"url\":\"https:\/\/mamaglobalhealing.com\/produkt\/latihan\/\",\"name\":\"Latihan - moving in the unknown | 18+ ENG | Albert Bitton - Mama Global Healing\",\"isPartOf\":{\"@id\":\"https:\/\/mamaglobalhealing.com\/#website\"},\"primaryImageOfPage\":{\"@id\":\"https:\/\/mamaglobalhealing.com\/produkt\/latihan\/#primaryimage\"},\"image\":{\"@id\":\"https:\/\/mamaglobalhealing.com\/produkt\/latihan\/#primaryimage\"},\"thumbnailUrl\":\"https:\/\/mamaglobalhealing.com\/wp-content\/uploads\/2022\/04\/latihan-scaled.jpg\",\"datePublished\":\"2022-04-27T19:23:25+00:00\",\"dateModified\":\"2022-11-17T11:10:29+00:00\",\"breadcrumb\":{\"@id\":\"https:\/\/mamaglobalhealing.com\/produkt\/latihan\/#breadcrumb\"},\"inLanguage\":\"en-GB\",\"potentialAction\":[{\"@type\":\"ReadAction\",\"target\":[\"https:\/\/mamaglobalhealing.com\/produkt\/latihan\/\"]}]},{\"@type\":\"ImageObject\",\"inLanguage\":\"en-GB\",\"@id\":\"https:\/\/mamaglobalhealing.com\/produkt\/latihan\/#primaryimage\",\"url\":\"https:\/\/mamaglobalhealing.com\/wp-content\/uploads\/2022\/04\/latihan-scaled.jpg\",\"contentUrl\":\"https:\/\/mamaglobalhealing.com\/wp-content\/uploads\/2022\/04\/latihan-scaled.jpg\",\"width\":2560,\"height\":1282},{\"@type\":\"BreadcrumbList\",\"@id\":\"https:\/\/mamaglobalhealing.com\/produkt\/latihan\/#breadcrumb\",\"itemListElement\":[{\"@type\":\"ListItem\",\"position\":1,\"name\":\"Strona g\u0142\u00f3wna\",\"item\":\"https:\/\/mamaglobalhealing.com\/\"},{\"@type\":\"ListItem\",\"position\":2,\"name\":\"Sklep\",\"item\":\"https:\/\/mamaglobalhealing.com\/sklep\/\"},{\"@type\":\"ListItem\",\"position\":3,\"name\":\"Latihan &#8211; moving in&nbsp;the unknown | 18+ ENG | Albert Bitton\"}]},{\"@type\":\"WebSite\",\"@id\":\"https:\/\/mamaglobalhealing.com\/#website\",\"url\":\"https:\/\/mamaglobalhealing.com\/\",\"name\":\"Mama Global Healing\",\"description\":\"Kolejna witryna WordPress\",\"potentialAction\":[{\"@type\":\"SearchAction\",\"target\":{\"@type\":\"EntryPoint\",\"urlTemplate\":\"https:\/\/mamaglobalhealing.com\/?s={search_term_string}\"},\"query-input\":{\"@type\":\"PropertyValueSpecification\",\"valueRequired\":true,\"valueName\":\"search_term_string\"}}],\"inLanguage\":\"en-GB\"}]}<\/script>\n<!-- \/ Yoast SEO plugin. -->","yoast_head_json":{"title":"Latihan - moving in the unknown | 18+ ENG | Albert Bitton - Mama Global Healing","robots":{"index":"index","follow":"follow","max-snippet":"max-snippet:-1","max-image-preview":"max-image-preview:large","max-video-preview":"max-video-preview:-1"},"canonical":"https:\/\/mamaglobalhealing.com\/en\/product\/latihan\/","og_locale":"en_GB","og_type":"article","og_title":"Latihan - moving in the unknown | 18+ ENG | Albert Bitton - Mama Global Healing","og_description":"\u221e : : LATIHAN : : \u221e Moving in the unknown, surrendering to the mystery. Come journey blindfolded in a space of connection, allow your body to move when IT wants to move. I learned this practice from my mentor and dear friend Laurie Handlers. I can say with all my heart that I never had such a profound experience of embodiment. And I am sharing this practice to share this powerful tool. Out of Laurie Handlers Web site ...But let me talk a little about how NOT moving in the unknown is one of the most costly, invisible limitations that sabotage our lives. Learning to move in the unknown is the OPPOSITE of being controlling. It\u2019s the opposite of needing to be \u201cRight\u201d. Practicing moving in the unknown is the medicine for holding your body in knots and tension in your abdomen, anxiety in your chest, and clenching in your root. Have you ever experienced any of those things?  Latihan is the practice of surrender in the most pleasurable way. It can be a daily, weekly or monthly practice by your divine self or with a partner.\u201c For more amazing programs and knowledge -\u00a0https:\/\/www.lauriehandlers.com  Prowadz\u0105cy: Albert Bitton  Czas trwania: 1h  Data i godzina | Date:\u00a0 sobota | saturday | 9:00 - 10:00 Miejsce | Venue : House Of Love  Ilo\u015b\u0107 os\u00f3b | Group limit: 30  Dla Kogo | For who: Wszyscy | Everyone  Bobasy: nie | no babies  Cena: 11 PLN | 5 EURO registration fee","og_url":"https:\/\/mamaglobalhealing.com\/en\/product\/latihan\/","og_site_name":"Mama Global Healing","article_modified_time":"2022-11-17T11:10:29+00:00","og_image":[{"width":2560,"height":1282,"url":"https:\/\/mamaglobalhealing.com\/wp-content\/uploads\/2022\/04\/latihan-scaled.jpg","type":"image\/jpeg"}],"twitter_card":"summary_large_image","schema":{"@context":"https:\/\/schema.org","@graph":[{"@type":"WebPage","@id":"https:\/\/mamaglobalhealing.com\/produkt\/latihan\/","url":"https:\/\/mamaglobalhealing.com\/produkt\/latihan\/","name":"Latihan - moving in the unknown | 18+ ENG | Albert Bitton - Mama Global Healing","isPartOf":{"@id":"https:\/\/mamaglobalhealing.com\/#website"},"primaryImageOfPage":{"@id":"https:\/\/mamaglobalhealing.com\/produkt\/latihan\/#primaryimage"},"image":{"@id":"https:\/\/mamaglobalhealing.com\/produkt\/latihan\/#primaryimage"},"thumbnailUrl":"https:\/\/mamaglobalhealing.com\/wp-content\/uploads\/2022\/04\/latihan-scaled.jpg","datePublished":"2022-04-27T19:23:25+00:00","dateModified":"2022-11-17T11:10:29+00:00","breadcrumb":{"@id":"https:\/\/mamaglobalhealing.com\/produkt\/latihan\/#breadcrumb"},"inLanguage":"en-GB","potentialAction":[{"@type":"ReadAction","target":["https:\/\/mamaglobalhealing.com\/produkt\/latihan\/"]}]},{"@type":"ImageObject","inLanguage":"en-GB","@id":"https:\/\/mamaglobalhealing.com\/produkt\/latihan\/#primaryimage","url":"https:\/\/mamaglobalhealing.com\/wp-content\/uploads\/2022\/04\/latihan-scaled.jpg","contentUrl":"https:\/\/mamaglobalhealing.com\/wp-content\/uploads\/2022\/04\/latihan-scaled.jpg","width":2560,"height":1282},{"@type":"BreadcrumbList","@id":"https:\/\/mamaglobalhealing.com\/produkt\/latihan\/#breadcrumb","itemListElement":[{"@type":"ListItem","position":1,"name":"Strona g\u0142\u00f3wna","item":"https:\/\/mamaglobalhealing.com\/"},{"@type":"ListItem","position":2,"name":"Sklep","item":"https:\/\/mamaglobalhealing.com\/sklep\/"},{"@type":"ListItem","position":3,"name":"Latihan &#8211; moving in&nbsp;the unknown | 18+ ENG | Albert Bitton"}]},{"@type":"WebSite","@id":"https:\/\/mamaglobalhealing.com\/#website","url":"https:\/\/mamaglobalhealing.com\/","name":"Mama Global Healing","description":"Kolejna witryna WordPress","potentialAction":[{"@type":"SearchAction","target":{"@type":"EntryPoint","urlTemplate":"https:\/\/mamaglobalhealing.com\/?s={search_term_string}"},"query-input":{"@type":"PropertyValueSpecification","valueRequired":true,"valueName":"search_term_string"}}],"inLanguage":"en-GB"}]}},"_links":{"self":[{"href":"https:\/\/mamaglobalhealing.com\/en\/wp-json\/wp\/v2\/product\/2699","targetHints":{"allow":["GET"]}}],"collection":[{"href":"https:\/\/mamaglobalhealing.com\/en\/wp-json\/wp\/v2\/product"}],"about":[{"href":"https:\/\/mamaglobalhealing.com\/en\/wp-json\/wp\/v2\/types\/product"}],"wp:featuredmedia":[{"embeddable":true,"href":"https:\/\/mamaglobalhealing.com\/en\/wp-json\/wp\/v2\/media\/3541"}],"wp:attachment":[{"href":"https:\/\/mamaglobalhealing.com\/en\/wp-json\/wp\/v2\/media?parent=2699"}],"wp:term":[{"taxonomy":"product_brand","embeddable":true,"href":"https:\/\/mamaglobalhealing.com\/en\/wp-json\/wp\/v2\/product_brand?post=2699"},{"taxonomy":"product_cat","embeddable":true,"href":"https:\/\/mamaglobalhealing.com\/en\/wp-json\/wp\/v2\/product_cat?post=2699"},{"taxonomy":"product_tag","embeddable":true,"href":"https:\/\/mamaglobalhealing.com\/en\/wp-json\/wp\/v2\/product_tag?post=2699"}],"curies":[{"name":"wp","href":"https:\/\/api.w.org\/{rel}","templated":true}]}}