{"id":2700,"date":"2022-04-27T19:24:22","date_gmt":"2022-04-27T19:24:22","guid":{"rendered":"https:\/\/mamaglobalhealing.com\/?post_type=product&#038;p=2700"},"modified":"2022-11-17T11:05:28","modified_gmt":"2022-11-17T11:05:28","slug":"moving-in-the-unknown","status":"publish","type":"product","link":"https:\/\/mamaglobalhealing.com\/en\/product\/moving-in-the-unknown\/","title":{"rendered":"Intuitive Touch 21+ ENG | Albert Bitton"},"content":{"rendered":"","protected":false},"excerpt":{"rendered":"<div><span dir=\"auto\">\u221e : : INTUITIVE TOUCH: : \u221e<\/span><\/div>\n<div>\n<p><span dir=\"auto\">This is an experiment with touch. It&#8217;s for advanced empowered people who want to dive into a non-verbal space with touch. It will be a guided journey. The idea is to tune in and be true to ourselves &#8211; asking &#8222;HOW DOES THAT FEEL?&#8221; and making sure that the answer is always GOOD.<\/span><\/p>\n<\/div>\n<p><b>Prowadz\u0105cy:<\/b><span style=\"font-weight: 400;\"> Albert Bitton<\/span><\/p>\n<p><b>Czas trwania: <\/b>1h<\/p>\n<p><b>Data i godzina: <\/b>czwartek | thursday 20:30 &#8211; 21:30<\/p>\n<p><b>Miejsce: <\/b>House Of Love<\/p>\n<p><b>Ilo\u015b\u0107 os\u00f3b: <\/b>40<\/p>\n<p><b>Dla Kogo: <\/b>Everyone 21+<\/p>\n<p><b>Bobasy:<\/b><span style=\"font-weight: 400;\"> nie | no babies<\/span><\/p>\n<p><b>Cena: <\/b>11 PLN<\/p>","protected":false},"featured_media":3542,"template":"","meta":{"_et_pb_use_builder":"","_et_pb_old_content":"","_et_gb_content_width":""},"product_brand":[],"product_cat":[40,34],"product_tag":[],"class_list":{"0":"post-2700","1":"product","2":"type-product","3":"status-publish","4":"has-post-thumbnail","6":"product_cat-czwartek","7":"product_cat-mama-work","9":"first","10":"instock","11":"virtual","12":"taxable","13":"product-type-simple"},"yoast_head":"<!-- This site is optimized with the Yoast SEO plugin v25.1 - https:\/\/yoast.com\/wordpress\/plugins\/seo\/ -->\n<title>Intuitive Touch 21+ ENG | Albert Bitton - Mama Global Healing<\/title>\n<meta name=\"robots\" content=\"index, follow, max-snippet:-1, max-image-preview:large, max-video-preview:-1\" \/>\n<link rel=\"canonical\" href=\"https:\/\/mamaglobalhealing.com\/en\/product\/moving-in-the-unknown\/\" \/>\n<meta property=\"og:locale\" content=\"en_GB\" \/>\n<meta property=\"og:type\" content=\"article\" \/>\n<meta property=\"og:title\" content=\"Intuitive Touch 21+ ENG | Albert Bitton - Mama Global Healing\" \/>\n<meta property=\"og:description\" content=\"\u221e : : INTUITIVE TOUCH: : \u221e   This is an experiment with touch. It&#039;s for advanced empowered people who want to dive into a non-verbal space with touch. It will be a guided journey. The idea is to tune in and be true to ourselves - asking &quot;HOW DOES THAT FEEL?&quot; and making sure that the answer is always GOOD.   Prowadz\u0105cy: Albert Bitton  Czas trwania: 1h  Data i godzina: czwartek | thursday 20:30 - 21:30  Miejsce: House Of Love  Ilo\u015b\u0107 os\u00f3b: 40  Dla Kogo: Everyone 21+  Bobasy: nie | no babies  Cena: 11 PLN\" \/>\n<meta property=\"og:url\" content=\"https:\/\/mamaglobalhealing.com\/en\/product\/moving-in-the-unknown\/\" \/>\n<meta property=\"og:site_name\" content=\"Mama Global Healing\" \/>\n<meta property=\"article:modified_time\" content=\"2022-11-17T11:05:28+00:00\" \/>\n<meta property=\"og:image\" content=\"https:\/\/mamaglobalhealing.com\/wp-content\/uploads\/2022\/04\/DSC_1251-copy-1-scaled.jpg\" \/>\n\t<meta property=\"og:image:width\" content=\"2560\" \/>\n\t<meta property=\"og:image:height\" content=\"1152\" \/>\n\t<meta property=\"og:image:type\" content=\"image\/jpeg\" \/>\n<meta name=\"twitter:card\" content=\"summary_large_image\" \/>\n<script type=\"application\/ld+json\" class=\"yoast-schema-graph\">{\"@context\":\"https:\/\/schema.org\",\"@graph\":[{\"@type\":\"WebPage\",\"@id\":\"https:\/\/mamaglobalhealing.com\/produkt\/moving-in-the-unknown\/\",\"url\":\"https:\/\/mamaglobalhealing.com\/produkt\/moving-in-the-unknown\/\",\"name\":\"Intuitive Touch 21+ ENG | Albert Bitton - Mama Global Healing\",\"isPartOf\":{\"@id\":\"https:\/\/mamaglobalhealing.com\/#website\"},\"primaryImageOfPage\":{\"@id\":\"https:\/\/mamaglobalhealing.com\/produkt\/moving-in-the-unknown\/#primaryimage\"},\"image\":{\"@id\":\"https:\/\/mamaglobalhealing.com\/produkt\/moving-in-the-unknown\/#primaryimage\"},\"thumbnailUrl\":\"https:\/\/mamaglobalhealing.com\/wp-content\/uploads\/2022\/04\/DSC_1251-copy-1-scaled.jpg\",\"datePublished\":\"2022-04-27T19:24:22+00:00\",\"dateModified\":\"2022-11-17T11:05:28+00:00\",\"breadcrumb\":{\"@id\":\"https:\/\/mamaglobalhealing.com\/produkt\/moving-in-the-unknown\/#breadcrumb\"},\"inLanguage\":\"en-GB\",\"potentialAction\":[{\"@type\":\"ReadAction\",\"target\":[\"https:\/\/mamaglobalhealing.com\/produkt\/moving-in-the-unknown\/\"]}]},{\"@type\":\"ImageObject\",\"inLanguage\":\"en-GB\",\"@id\":\"https:\/\/mamaglobalhealing.com\/produkt\/moving-in-the-unknown\/#primaryimage\",\"url\":\"https:\/\/mamaglobalhealing.com\/wp-content\/uploads\/2022\/04\/DSC_1251-copy-1-scaled.jpg\",\"contentUrl\":\"https:\/\/mamaglobalhealing.com\/wp-content\/uploads\/2022\/04\/DSC_1251-copy-1-scaled.jpg\",\"width\":2560,\"height\":1152},{\"@type\":\"BreadcrumbList\",\"@id\":\"https:\/\/mamaglobalhealing.com\/produkt\/moving-in-the-unknown\/#breadcrumb\",\"itemListElement\":[{\"@type\":\"ListItem\",\"position\":1,\"name\":\"Strona g\u0142\u00f3wna\",\"item\":\"https:\/\/mamaglobalhealing.com\/\"},{\"@type\":\"ListItem\",\"position\":2,\"name\":\"Sklep\",\"item\":\"https:\/\/mamaglobalhealing.com\/sklep\/\"},{\"@type\":\"ListItem\",\"position\":3,\"name\":\"Intuitive Touch 21+ ENG | Albert Bitton\"}]},{\"@type\":\"WebSite\",\"@id\":\"https:\/\/mamaglobalhealing.com\/#website\",\"url\":\"https:\/\/mamaglobalhealing.com\/\",\"name\":\"Mama Global Healing\",\"description\":\"Kolejna witryna WordPress\",\"potentialAction\":[{\"@type\":\"SearchAction\",\"target\":{\"@type\":\"EntryPoint\",\"urlTemplate\":\"https:\/\/mamaglobalhealing.com\/?s={search_term_string}\"},\"query-input\":{\"@type\":\"PropertyValueSpecification\",\"valueRequired\":true,\"valueName\":\"search_term_string\"}}],\"inLanguage\":\"en-GB\"}]}<\/script>\n<!-- \/ Yoast SEO plugin. -->","yoast_head_json":{"title":"Intuitive Touch 21+ ENG | Albert Bitton - Mama Global Healing","robots":{"index":"index","follow":"follow","max-snippet":"max-snippet:-1","max-image-preview":"max-image-preview:large","max-video-preview":"max-video-preview:-1"},"canonical":"https:\/\/mamaglobalhealing.com\/en\/product\/moving-in-the-unknown\/","og_locale":"en_GB","og_type":"article","og_title":"Intuitive Touch 21+ ENG | Albert Bitton - Mama Global Healing","og_description":"\u221e : : INTUITIVE TOUCH: : \u221e   This is an experiment with touch. It's for advanced empowered people who want to dive into a non-verbal space with touch. It will be a guided journey. The idea is to tune in and be true to ourselves - asking \"HOW DOES THAT FEEL?\" and making sure that the answer is always GOOD.   Prowadz\u0105cy: Albert Bitton  Czas trwania: 1h  Data i godzina: czwartek | thursday 20:30 - 21:30  Miejsce: House Of Love  Ilo\u015b\u0107 os\u00f3b: 40  Dla Kogo: Everyone 21+  Bobasy: nie | no babies  Cena: 11 PLN","og_url":"https:\/\/mamaglobalhealing.com\/en\/product\/moving-in-the-unknown\/","og_site_name":"Mama Global Healing","article_modified_time":"2022-11-17T11:05:28+00:00","og_image":[{"width":2560,"height":1152,"url":"https:\/\/mamaglobalhealing.com\/wp-content\/uploads\/2022\/04\/DSC_1251-copy-1-scaled.jpg","type":"image\/jpeg"}],"twitter_card":"summary_large_image","schema":{"@context":"https:\/\/schema.org","@graph":[{"@type":"WebPage","@id":"https:\/\/mamaglobalhealing.com\/produkt\/moving-in-the-unknown\/","url":"https:\/\/mamaglobalhealing.com\/produkt\/moving-in-the-unknown\/","name":"Intuitive Touch 21+ ENG | Albert Bitton - Mama Global Healing","isPartOf":{"@id":"https:\/\/mamaglobalhealing.com\/#website"},"primaryImageOfPage":{"@id":"https:\/\/mamaglobalhealing.com\/produkt\/moving-in-the-unknown\/#primaryimage"},"image":{"@id":"https:\/\/mamaglobalhealing.com\/produkt\/moving-in-the-unknown\/#primaryimage"},"thumbnailUrl":"https:\/\/mamaglobalhealing.com\/wp-content\/uploads\/2022\/04\/DSC_1251-copy-1-scaled.jpg","datePublished":"2022-04-27T19:24:22+00:00","dateModified":"2022-11-17T11:05:28+00:00","breadcrumb":{"@id":"https:\/\/mamaglobalhealing.com\/produkt\/moving-in-the-unknown\/#breadcrumb"},"inLanguage":"en-GB","potentialAction":[{"@type":"ReadAction","target":["https:\/\/mamaglobalhealing.com\/produkt\/moving-in-the-unknown\/"]}]},{"@type":"ImageObject","inLanguage":"en-GB","@id":"https:\/\/mamaglobalhealing.com\/produkt\/moving-in-the-unknown\/#primaryimage","url":"https:\/\/mamaglobalhealing.com\/wp-content\/uploads\/2022\/04\/DSC_1251-copy-1-scaled.jpg","contentUrl":"https:\/\/mamaglobalhealing.com\/wp-content\/uploads\/2022\/04\/DSC_1251-copy-1-scaled.jpg","width":2560,"height":1152},{"@type":"BreadcrumbList","@id":"https:\/\/mamaglobalhealing.com\/produkt\/moving-in-the-unknown\/#breadcrumb","itemListElement":[{"@type":"ListItem","position":1,"name":"Strona g\u0142\u00f3wna","item":"https:\/\/mamaglobalhealing.com\/"},{"@type":"ListItem","position":2,"name":"Sklep","item":"https:\/\/mamaglobalhealing.com\/sklep\/"},{"@type":"ListItem","position":3,"name":"Intuitive Touch 21+ ENG | Albert Bitton"}]},{"@type":"WebSite","@id":"https:\/\/mamaglobalhealing.com\/#website","url":"https:\/\/mamaglobalhealing.com\/","name":"Mama Global Healing","description":"Kolejna witryna WordPress","potentialAction":[{"@type":"SearchAction","target":{"@type":"EntryPoint","urlTemplate":"https:\/\/mamaglobalhealing.com\/?s={search_term_string}"},"query-input":{"@type":"PropertyValueSpecification","valueRequired":true,"valueName":"search_term_string"}}],"inLanguage":"en-GB"}]}},"_links":{"self":[{"href":"https:\/\/mamaglobalhealing.com\/en\/wp-json\/wp\/v2\/product\/2700","targetHints":{"allow":["GET"]}}],"collection":[{"href":"https:\/\/mamaglobalhealing.com\/en\/wp-json\/wp\/v2\/product"}],"about":[{"href":"https:\/\/mamaglobalhealing.com\/en\/wp-json\/wp\/v2\/types\/product"}],"wp:featuredmedia":[{"embeddable":true,"href":"https:\/\/mamaglobalhealing.com\/en\/wp-json\/wp\/v2\/media\/3542"}],"wp:attachment":[{"href":"https:\/\/mamaglobalhealing.com\/en\/wp-json\/wp\/v2\/media?parent=2700"}],"wp:term":[{"taxonomy":"product_brand","embeddable":true,"href":"https:\/\/mamaglobalhealing.com\/en\/wp-json\/wp\/v2\/product_brand?post=2700"},{"taxonomy":"product_cat","embeddable":true,"href":"https:\/\/mamaglobalhealing.com\/en\/wp-json\/wp\/v2\/product_cat?post=2700"},{"taxonomy":"product_tag","embeddable":true,"href":"https:\/\/mamaglobalhealing.com\/en\/wp-json\/wp\/v2\/product_tag?post=2700"}],"curies":[{"name":"wp","href":"https:\/\/api.w.org\/{rel}","templated":true}]}}