{"id":2701,"date":"2022-04-27T19:25:54","date_gmt":"2022-04-27T19:25:54","guid":{"rendered":"https:\/\/mamaglobalhealing.com\/?post_type=product&#038;p=2701"},"modified":"2022-11-17T11:10:13","modified_gmt":"2022-11-17T11:10:13","slug":"rbdsm-boudries-and-desires","status":"publish","type":"product","link":"https:\/\/mamaglobalhealing.com\/en\/product\/rbdsm-boudries-and-desires\/","title":{"rendered":"Boundries and Desires 21+ ENG | Albert Bitton"},"content":{"rendered":"","protected":false},"excerpt":{"rendered":"<p>\u221e : : BOUNDARIES &amp; DESIRES WORK : : \u221e<br \/>\nHow many times have you said Yes to something you were not fully a YES for, or even said NO to something that actually would have been great for you ? we spend time and effort to not be in our authentic self, imagine how great life will be if we are fully connected and flowing with our Desires &amp; Boundaries. Saying Yes and No with integrity and respect, trusting that your answers will be respected and not taken as rejections, but actually appreciated as you are taking care of yourself.<\/p>\n<p><b>Prowadz\u0105cy:<\/b><span style=\"font-weight: 400;\"> Albert Bitton<\/span><\/p>\n<p><b>Czas trwania: <\/b>2h<\/p>\n<p><b>Data i godzina:<\/b> sobota | saturday 17:00 &#8211; 19:00<\/p>\n<p><b>Miejsce: <\/b>House Of Love<\/p>\n<p><b>Ilo\u015b\u0107 os\u00f3b:<\/b> 30<\/p>\n<p><b>Dla Kogo: <\/b>Everyone 21+<\/p>\n<p><b>Bobasy:<\/b><span style=\"font-weight: 400;\"> no babies<\/span><\/p>\n<p><b>Cena: <\/b>11 PLN<\/p>","protected":false},"featured_media":3540,"template":"","meta":{"_et_pb_use_builder":"","_et_pb_old_content":"","_et_gb_content_width":""},"product_brand":[],"product_cat":[34,42],"product_tag":[],"class_list":{"0":"post-2701","1":"product","2":"type-product","3":"status-publish","4":"has-post-thumbnail","6":"product_cat-mama-work","7":"product_cat-sobota","9":"first","10":"instock","11":"virtual","12":"taxable","13":"product-type-simple"},"yoast_head":"<!-- This site is optimized with the Yoast SEO plugin v25.1 - https:\/\/yoast.com\/wordpress\/plugins\/seo\/ -->\n<title>Boundries and Desires 21+ ENG | Albert Bitton - Mama Global Healing<\/title>\n<meta name=\"description\" content=\"\u221e : : BOUNDARIES &amp; DESIRES WORK : : \u221eHow many times have you said Yes to something you were not fully a YES for, or even said NO to something that actually would have been great for you ? we spend time and effort to not be in our authentic self, imagine how great life will be if we are fully connected and flowing with our Desires &amp; Boundaries. Saying Yes and No with integrity and respect, trusting that your answers will be respected and not taken as rejections, but actually appreciated as you are taking care of yourself.\" \/>\n<meta name=\"robots\" content=\"index, follow, max-snippet:-1, max-image-preview:large, max-video-preview:-1\" \/>\n<link rel=\"canonical\" href=\"https:\/\/mamaglobalhealing.com\/en\/product\/rbdsm-boudries-and-desires\/\" \/>\n<meta property=\"og:locale\" content=\"en_GB\" \/>\n<meta property=\"og:type\" content=\"article\" \/>\n<meta property=\"og:title\" content=\"Boundries and Desires 21+ ENG | Albert Bitton - Mama Global Healing\" \/>\n<meta property=\"og:description\" content=\"\u221e : : BOUNDARIES &amp; DESIRES WORK : : \u221eHow many times have you said Yes to something you were not fully a YES for, or even said NO to something that actually would have been great for you ? we spend time and effort to not be in our authentic self, imagine how great life will be if we are fully connected and flowing with our Desires &amp; Boundaries. Saying Yes and No with integrity and respect, trusting that your answers will be respected and not taken as rejections, but actually appreciated as you are taking care of yourself.\" \/>\n<meta property=\"og:url\" content=\"https:\/\/mamaglobalhealing.com\/en\/product\/rbdsm-boudries-and-desires\/\" \/>\n<meta property=\"og:site_name\" content=\"Mama Global Healing\" \/>\n<meta property=\"article:modified_time\" content=\"2022-11-17T11:10:13+00:00\" \/>\n<meta property=\"og:image\" content=\"https:\/\/mamaglobalhealing.com\/wp-content\/uploads\/2022\/04\/DSC_2080-copy-scaled.jpg\" \/>\n\t<meta property=\"og:image:width\" content=\"1868\" \/>\n\t<meta property=\"og:image:height\" content=\"2560\" \/>\n\t<meta property=\"og:image:type\" content=\"image\/jpeg\" \/>\n<meta name=\"twitter:card\" content=\"summary_large_image\" \/>\n<script type=\"application\/ld+json\" class=\"yoast-schema-graph\">{\"@context\":\"https:\/\/schema.org\",\"@graph\":[{\"@type\":\"WebPage\",\"@id\":\"https:\/\/mamaglobalhealing.com\/produkt\/rbdsm-boudries-and-desires\/\",\"url\":\"https:\/\/mamaglobalhealing.com\/produkt\/rbdsm-boudries-and-desires\/\",\"name\":\"Boundries and Desires 21+ ENG | Albert Bitton - Mama Global Healing\",\"isPartOf\":{\"@id\":\"https:\/\/mamaglobalhealing.com\/#website\"},\"primaryImageOfPage\":{\"@id\":\"https:\/\/mamaglobalhealing.com\/produkt\/rbdsm-boudries-and-desires\/#primaryimage\"},\"image\":{\"@id\":\"https:\/\/mamaglobalhealing.com\/produkt\/rbdsm-boudries-and-desires\/#primaryimage\"},\"thumbnailUrl\":\"https:\/\/mamaglobalhealing.com\/wp-content\/uploads\/2022\/04\/DSC_2080-copy-scaled.jpg\",\"datePublished\":\"2022-04-27T19:25:54+00:00\",\"dateModified\":\"2022-11-17T11:10:13+00:00\",\"description\":\"\u221e : : BOUNDARIES & DESIRES WORK : : \u221eHow many times have you said Yes to something you were not fully a YES for, or even said NO to something that actually would have been great for you ? we spend time and effort to not be in our authentic self, imagine how great life will be if we are fully connected and flowing with our Desires & Boundaries. Saying Yes and No with integrity and respect, trusting that your answers will be respected and not taken as rejections, but actually appreciated as you are taking care of yourself.\",\"breadcrumb\":{\"@id\":\"https:\/\/mamaglobalhealing.com\/produkt\/rbdsm-boudries-and-desires\/#breadcrumb\"},\"inLanguage\":\"en-GB\",\"potentialAction\":[{\"@type\":\"ReadAction\",\"target\":[\"https:\/\/mamaglobalhealing.com\/produkt\/rbdsm-boudries-and-desires\/\"]}]},{\"@type\":\"ImageObject\",\"inLanguage\":\"en-GB\",\"@id\":\"https:\/\/mamaglobalhealing.com\/produkt\/rbdsm-boudries-and-desires\/#primaryimage\",\"url\":\"https:\/\/mamaglobalhealing.com\/wp-content\/uploads\/2022\/04\/DSC_2080-copy-scaled.jpg\",\"contentUrl\":\"https:\/\/mamaglobalhealing.com\/wp-content\/uploads\/2022\/04\/DSC_2080-copy-scaled.jpg\",\"width\":1868,\"height\":2560},{\"@type\":\"BreadcrumbList\",\"@id\":\"https:\/\/mamaglobalhealing.com\/produkt\/rbdsm-boudries-and-desires\/#breadcrumb\",\"itemListElement\":[{\"@type\":\"ListItem\",\"position\":1,\"name\":\"Strona g\u0142\u00f3wna\",\"item\":\"https:\/\/mamaglobalhealing.com\/\"},{\"@type\":\"ListItem\",\"position\":2,\"name\":\"Sklep\",\"item\":\"https:\/\/mamaglobalhealing.com\/sklep\/\"},{\"@type\":\"ListItem\",\"position\":3,\"name\":\"Boundries and Desires 21+ ENG | Albert Bitton\"}]},{\"@type\":\"WebSite\",\"@id\":\"https:\/\/mamaglobalhealing.com\/#website\",\"url\":\"https:\/\/mamaglobalhealing.com\/\",\"name\":\"Mama Global Healing\",\"description\":\"Kolejna witryna WordPress\",\"potentialAction\":[{\"@type\":\"SearchAction\",\"target\":{\"@type\":\"EntryPoint\",\"urlTemplate\":\"https:\/\/mamaglobalhealing.com\/?s={search_term_string}\"},\"query-input\":{\"@type\":\"PropertyValueSpecification\",\"valueRequired\":true,\"valueName\":\"search_term_string\"}}],\"inLanguage\":\"en-GB\"}]}<\/script>\n<!-- \/ Yoast SEO plugin. -->","yoast_head_json":{"title":"Boundries and Desires 21+ ENG | Albert Bitton - Mama Global Healing","description":"\u221e : : BOUNDARIES & DESIRES WORK : : \u221eHow many times have you said Yes to something you were not fully a YES for, or even said NO to something that actually would have been great for you ? we spend time and effort to not be in our authentic self, imagine how great life will be if we are fully connected and flowing with our Desires & Boundaries. Saying Yes and No with integrity and respect, trusting that your answers will be respected and not taken as rejections, but actually appreciated as you are taking care of yourself.","robots":{"index":"index","follow":"follow","max-snippet":"max-snippet:-1","max-image-preview":"max-image-preview:large","max-video-preview":"max-video-preview:-1"},"canonical":"https:\/\/mamaglobalhealing.com\/en\/product\/rbdsm-boudries-and-desires\/","og_locale":"en_GB","og_type":"article","og_title":"Boundries and Desires 21+ ENG | Albert Bitton - Mama Global Healing","og_description":"\u221e : : BOUNDARIES & DESIRES WORK : : \u221eHow many times have you said Yes to something you were not fully a YES for, or even said NO to something that actually would have been great for you ? we spend time and effort to not be in our authentic self, imagine how great life will be if we are fully connected and flowing with our Desires & Boundaries. Saying Yes and No with integrity and respect, trusting that your answers will be respected and not taken as rejections, but actually appreciated as you are taking care of yourself.","og_url":"https:\/\/mamaglobalhealing.com\/en\/product\/rbdsm-boudries-and-desires\/","og_site_name":"Mama Global Healing","article_modified_time":"2022-11-17T11:10:13+00:00","og_image":[{"width":1868,"height":2560,"url":"https:\/\/mamaglobalhealing.com\/wp-content\/uploads\/2022\/04\/DSC_2080-copy-scaled.jpg","type":"image\/jpeg"}],"twitter_card":"summary_large_image","schema":{"@context":"https:\/\/schema.org","@graph":[{"@type":"WebPage","@id":"https:\/\/mamaglobalhealing.com\/produkt\/rbdsm-boudries-and-desires\/","url":"https:\/\/mamaglobalhealing.com\/produkt\/rbdsm-boudries-and-desires\/","name":"Boundries and Desires 21+ ENG | Albert Bitton - Mama Global Healing","isPartOf":{"@id":"https:\/\/mamaglobalhealing.com\/#website"},"primaryImageOfPage":{"@id":"https:\/\/mamaglobalhealing.com\/produkt\/rbdsm-boudries-and-desires\/#primaryimage"},"image":{"@id":"https:\/\/mamaglobalhealing.com\/produkt\/rbdsm-boudries-and-desires\/#primaryimage"},"thumbnailUrl":"https:\/\/mamaglobalhealing.com\/wp-content\/uploads\/2022\/04\/DSC_2080-copy-scaled.jpg","datePublished":"2022-04-27T19:25:54+00:00","dateModified":"2022-11-17T11:10:13+00:00","description":"\u221e : : BOUNDARIES & DESIRES WORK : : \u221eHow many times have you said Yes to something you were not fully a YES for, or even said NO to something that actually would have been great for you ? we spend time and effort to not be in our authentic self, imagine how great life will be if we are fully connected and flowing with our Desires & Boundaries. Saying Yes and No with integrity and respect, trusting that your answers will be respected and not taken as rejections, but actually appreciated as you are taking care of yourself.","breadcrumb":{"@id":"https:\/\/mamaglobalhealing.com\/produkt\/rbdsm-boudries-and-desires\/#breadcrumb"},"inLanguage":"en-GB","potentialAction":[{"@type":"ReadAction","target":["https:\/\/mamaglobalhealing.com\/produkt\/rbdsm-boudries-and-desires\/"]}]},{"@type":"ImageObject","inLanguage":"en-GB","@id":"https:\/\/mamaglobalhealing.com\/produkt\/rbdsm-boudries-and-desires\/#primaryimage","url":"https:\/\/mamaglobalhealing.com\/wp-content\/uploads\/2022\/04\/DSC_2080-copy-scaled.jpg","contentUrl":"https:\/\/mamaglobalhealing.com\/wp-content\/uploads\/2022\/04\/DSC_2080-copy-scaled.jpg","width":1868,"height":2560},{"@type":"BreadcrumbList","@id":"https:\/\/mamaglobalhealing.com\/produkt\/rbdsm-boudries-and-desires\/#breadcrumb","itemListElement":[{"@type":"ListItem","position":1,"name":"Strona g\u0142\u00f3wna","item":"https:\/\/mamaglobalhealing.com\/"},{"@type":"ListItem","position":2,"name":"Sklep","item":"https:\/\/mamaglobalhealing.com\/sklep\/"},{"@type":"ListItem","position":3,"name":"Boundries and Desires 21+ ENG | Albert Bitton"}]},{"@type":"WebSite","@id":"https:\/\/mamaglobalhealing.com\/#website","url":"https:\/\/mamaglobalhealing.com\/","name":"Mama Global Healing","description":"Kolejna witryna WordPress","potentialAction":[{"@type":"SearchAction","target":{"@type":"EntryPoint","urlTemplate":"https:\/\/mamaglobalhealing.com\/?s={search_term_string}"},"query-input":{"@type":"PropertyValueSpecification","valueRequired":true,"valueName":"search_term_string"}}],"inLanguage":"en-GB"}]}},"_links":{"self":[{"href":"https:\/\/mamaglobalhealing.com\/en\/wp-json\/wp\/v2\/product\/2701","targetHints":{"allow":["GET"]}}],"collection":[{"href":"https:\/\/mamaglobalhealing.com\/en\/wp-json\/wp\/v2\/product"}],"about":[{"href":"https:\/\/mamaglobalhealing.com\/en\/wp-json\/wp\/v2\/types\/product"}],"wp:featuredmedia":[{"embeddable":true,"href":"https:\/\/mamaglobalhealing.com\/en\/wp-json\/wp\/v2\/media\/3540"}],"wp:attachment":[{"href":"https:\/\/mamaglobalhealing.com\/en\/wp-json\/wp\/v2\/media?parent=2701"}],"wp:term":[{"taxonomy":"product_brand","embeddable":true,"href":"https:\/\/mamaglobalhealing.com\/en\/wp-json\/wp\/v2\/product_brand?post=2701"},{"taxonomy":"product_cat","embeddable":true,"href":"https:\/\/mamaglobalhealing.com\/en\/wp-json\/wp\/v2\/product_cat?post=2701"},{"taxonomy":"product_tag","embeddable":true,"href":"https:\/\/mamaglobalhealing.com\/en\/wp-json\/wp\/v2\/product_tag?post=2701"}],"curies":[{"name":"wp","href":"https:\/\/api.w.org\/{rel}","templated":true}]}}