{"id":2705,"date":"2022-04-27T19:31:04","date_gmt":"2022-04-27T19:31:04","guid":{"rendered":"https:\/\/mamaglobalhealing.com\/?post_type=product&#038;p=2705"},"modified":"2022-06-03T09:57:11","modified_gmt":"2022-06-03T09:57:11","slug":"tkanie-opowiesci","status":"publish","type":"product","link":"https:\/\/mamaglobalhealing.com\/en\/product\/tkanie-opowiesci\/","title":{"rendered":"Tkanie Opowie\u015bci | Anna Sikorska"},"content":{"rendered":"","protected":false},"excerpt":{"rendered":"<p><span style=\"font-weight: 400;\"> W trakcie warsztatu uczestniczki i uczestniczy wyrusz\u0105 w podr\u00f3\u017c po opowie\u015b\u0107 swojego teraz. Skontaktujemy si\u0119 z polem wyobra\u017ani, spotkamy cisz\u0119, dotkniemy uwa\u017cnie naszych d\u0142oni, by z miejsca swojego centrum tka\u0107 dalej \u015bwiat. B\u0119dzie to intymne spotkanie ze \u015bwiatem naszego \u015brodka, kt\u00f3rego celem jest przywo\u0142anie opowie\u015bci, b\u0119d\u0105cej drogowskazem w codzienno\u015bci.<br \/>\nW swoich warsztatach korzystam z metod Anny Halpirin, koncepcji \u015bwiata \u015bnienia Arnolda Mindella oraz pracy z pod\u015bwiadomo\u015bci\u0105. Tworz\u0105c tran- opowie\u015bci, kt\u00f3re \u0142\u0105cz\u0105 w sobie sztuk\u0119 opowie\u015bci, poezj\u0119 i hipnoz\u0119 przywracam \u0142\u0105czno\u015b\u0107 mi\u0119dzy codzienno\u015bci\u0105, a \u015bwiatem sacrum.<br \/>\n&#8230;i do wyruszenia w podr\u00f3\u017c po tak\u0105 opowie\u015b\u0107 zapraszam! <\/span><\/p>\n<p><b>Prowadz\u0105ca:<\/b><span style=\"font-weight: 400;\"> Anna Sikorska<\/span><\/p>\n<p><b>Czas trwania: <\/b>3h<\/p>\n<p><b>Data i godzina: <\/b>niedziela | sunday 12:00 &#8211; 15:00<\/p>\n<p><b>Miejsce: <\/b><a href=\"https:\/\/mamaglobalhealing.com\/en\/mama-line-up\/open-air\/\">Open Air<\/a><\/p>\n<p><b>Liczba os\u00f3b: <\/b>15<\/p>\n<p><b>Dla Kogo: <\/b>wszyscy | everybody<\/p>\n<p><b>Bobasy:<\/b><span style=\"font-weight: 400;\"> nie | no babies<\/span><\/p>\n<p><strong>J\u0119zyk:<\/strong> PL \/ ENG<\/p>","protected":false},"featured_media":3309,"template":"","meta":{"_et_pb_use_builder":"","_et_pb_old_content":"","_et_gb_content_width":""},"product_brand":[],"product_cat":[35,47],"product_tag":[],"class_list":{"0":"post-2705","1":"product","2":"type-product","3":"status-publish","4":"has-post-thumbnail","6":"product_cat-mama-open","7":"product_cat-niedziela-open","9":"first","10":"instock","11":"virtual","12":"taxable","13":"product-type-simple"},"yoast_head":"<!-- This site is optimized with the Yoast SEO plugin v25.1 - https:\/\/yoast.com\/wordpress\/plugins\/seo\/ -->\n<title>Tkanie Opowie\u015bci | Anna Sikorska - Mama Global Healing<\/title>\n<meta name=\"robots\" content=\"index, follow, max-snippet:-1, max-image-preview:large, max-video-preview:-1\" \/>\n<link rel=\"canonical\" href=\"https:\/\/mamaglobalhealing.com\/en\/product\/tkanie-opowiesci\/\" \/>\n<meta property=\"og:locale\" content=\"en_GB\" \/>\n<meta property=\"og:type\" content=\"article\" \/>\n<meta property=\"og:title\" content=\"Tkanie Opowie\u015bci | Anna Sikorska - Mama Global Healing\" \/>\n<meta property=\"og:description\" content=\"W trakcie warsztatu uczestniczki i uczestniczy wyrusz\u0105 w podr\u00f3\u017c po opowie\u015b\u0107 swojego teraz. Skontaktujemy si\u0119 z polem wyobra\u017ani, spotkamy cisz\u0119, dotkniemy uwa\u017cnie naszych d\u0142oni, by z miejsca swojego centrum tka\u0107 dalej \u015bwiat. B\u0119dzie to intymne spotkanie ze \u015bwiatem naszego \u015brodka, kt\u00f3rego celem jest przywo\u0142anie opowie\u015bci, b\u0119d\u0105cej drogowskazem w codzienno\u015bci. W swoich warsztatach korzystam z metod Anny Halpirin, koncepcji \u015bwiata \u015bnienia Arnolda Mindella oraz pracy z pod\u015bwiadomo\u015bci\u0105. Tworz\u0105c tran- opowie\u015bci, kt\u00f3re \u0142\u0105cz\u0105 w sobie sztuk\u0119 opowie\u015bci, poezj\u0119 i hipnoz\u0119 przywracam \u0142\u0105czno\u015b\u0107 mi\u0119dzy codzienno\u015bci\u0105, a \u015bwiatem sacrum. ...i do wyruszenia w podr\u00f3\u017c po tak\u0105 opowie\u015b\u0107 zapraszam!   Prowadz\u0105ca: Anna Sikorska  Czas trwania: 3h  Data i godzina: niedziela | sunday 12:00 - 15:00  Miejsce: Open Air  Liczba os\u00f3b: 15  Dla Kogo: wszyscy | everybody  Bobasy: nie | no babies  J\u0119zyk: PL \/ ENG\" \/>\n<meta property=\"og:url\" content=\"https:\/\/mamaglobalhealing.com\/en\/product\/tkanie-opowiesci\/\" \/>\n<meta property=\"og:site_name\" content=\"Mama Global Healing\" \/>\n<meta property=\"article:modified_time\" content=\"2022-06-03T09:57:11+00:00\" \/>\n<meta property=\"og:image\" content=\"https:\/\/mamaglobalhealing.com\/wp-content\/uploads\/2022\/04\/image_6483441-8.jpg\" \/>\n\t<meta property=\"og:image:width\" content=\"800\" \/>\n\t<meta property=\"og:image:height\" content=\"1200\" \/>\n\t<meta property=\"og:image:type\" content=\"image\/jpeg\" \/>\n<meta name=\"twitter:card\" content=\"summary_large_image\" \/>\n<script type=\"application\/ld+json\" class=\"yoast-schema-graph\">{\"@context\":\"https:\/\/schema.org\",\"@graph\":[{\"@type\":\"WebPage\",\"@id\":\"https:\/\/mamaglobalhealing.com\/produkt\/tkanie-opowiesci\/\",\"url\":\"https:\/\/mamaglobalhealing.com\/produkt\/tkanie-opowiesci\/\",\"name\":\"Tkanie Opowie\u015bci | Anna Sikorska - Mama Global Healing\",\"isPartOf\":{\"@id\":\"https:\/\/mamaglobalhealing.com\/#website\"},\"primaryImageOfPage\":{\"@id\":\"https:\/\/mamaglobalhealing.com\/produkt\/tkanie-opowiesci\/#primaryimage\"},\"image\":{\"@id\":\"https:\/\/mamaglobalhealing.com\/produkt\/tkanie-opowiesci\/#primaryimage\"},\"thumbnailUrl\":\"https:\/\/mamaglobalhealing.com\/wp-content\/uploads\/2022\/04\/image_6483441-8.jpg\",\"datePublished\":\"2022-04-27T19:31:04+00:00\",\"dateModified\":\"2022-06-03T09:57:11+00:00\",\"breadcrumb\":{\"@id\":\"https:\/\/mamaglobalhealing.com\/produkt\/tkanie-opowiesci\/#breadcrumb\"},\"inLanguage\":\"en-GB\",\"potentialAction\":[{\"@type\":\"ReadAction\",\"target\":[\"https:\/\/mamaglobalhealing.com\/produkt\/tkanie-opowiesci\/\"]}]},{\"@type\":\"ImageObject\",\"inLanguage\":\"en-GB\",\"@id\":\"https:\/\/mamaglobalhealing.com\/produkt\/tkanie-opowiesci\/#primaryimage\",\"url\":\"https:\/\/mamaglobalhealing.com\/wp-content\/uploads\/2022\/04\/image_6483441-8.jpg\",\"contentUrl\":\"https:\/\/mamaglobalhealing.com\/wp-content\/uploads\/2022\/04\/image_6483441-8.jpg\",\"width\":800,\"height\":1200},{\"@type\":\"BreadcrumbList\",\"@id\":\"https:\/\/mamaglobalhealing.com\/produkt\/tkanie-opowiesci\/#breadcrumb\",\"itemListElement\":[{\"@type\":\"ListItem\",\"position\":1,\"name\":\"Strona g\u0142\u00f3wna\",\"item\":\"https:\/\/mamaglobalhealing.com\/\"},{\"@type\":\"ListItem\",\"position\":2,\"name\":\"Sklep\",\"item\":\"https:\/\/mamaglobalhealing.com\/sklep\/\"},{\"@type\":\"ListItem\",\"position\":3,\"name\":\"Tkanie Opowie\u015bci | Anna Sikorska\"}]},{\"@type\":\"WebSite\",\"@id\":\"https:\/\/mamaglobalhealing.com\/#website\",\"url\":\"https:\/\/mamaglobalhealing.com\/\",\"name\":\"Mama Global Healing\",\"description\":\"Kolejna witryna WordPress\",\"potentialAction\":[{\"@type\":\"SearchAction\",\"target\":{\"@type\":\"EntryPoint\",\"urlTemplate\":\"https:\/\/mamaglobalhealing.com\/?s={search_term_string}\"},\"query-input\":{\"@type\":\"PropertyValueSpecification\",\"valueRequired\":true,\"valueName\":\"search_term_string\"}}],\"inLanguage\":\"en-GB\"}]}<\/script>\n<!-- \/ Yoast SEO plugin. -->","yoast_head_json":{"title":"Tkanie Opowie\u015bci | Anna Sikorska - Mama Global Healing","robots":{"index":"index","follow":"follow","max-snippet":"max-snippet:-1","max-image-preview":"max-image-preview:large","max-video-preview":"max-video-preview:-1"},"canonical":"https:\/\/mamaglobalhealing.com\/en\/product\/tkanie-opowiesci\/","og_locale":"en_GB","og_type":"article","og_title":"Tkanie Opowie\u015bci | Anna Sikorska - Mama Global Healing","og_description":"W trakcie warsztatu uczestniczki i uczestniczy wyrusz\u0105 w podr\u00f3\u017c po opowie\u015b\u0107 swojego teraz. Skontaktujemy si\u0119 z polem wyobra\u017ani, spotkamy cisz\u0119, dotkniemy uwa\u017cnie naszych d\u0142oni, by z miejsca swojego centrum tka\u0107 dalej \u015bwiat. B\u0119dzie to intymne spotkanie ze \u015bwiatem naszego \u015brodka, kt\u00f3rego celem jest przywo\u0142anie opowie\u015bci, b\u0119d\u0105cej drogowskazem w codzienno\u015bci. W swoich warsztatach korzystam z metod Anny Halpirin, koncepcji \u015bwiata \u015bnienia Arnolda Mindella oraz pracy z pod\u015bwiadomo\u015bci\u0105. Tworz\u0105c tran- opowie\u015bci, kt\u00f3re \u0142\u0105cz\u0105 w sobie sztuk\u0119 opowie\u015bci, poezj\u0119 i hipnoz\u0119 przywracam \u0142\u0105czno\u015b\u0107 mi\u0119dzy codzienno\u015bci\u0105, a \u015bwiatem sacrum. ...i do wyruszenia w podr\u00f3\u017c po tak\u0105 opowie\u015b\u0107 zapraszam!   Prowadz\u0105ca: Anna Sikorska  Czas trwania: 3h  Data i godzina: niedziela | sunday 12:00 - 15:00  Miejsce: Open Air  Liczba os\u00f3b: 15  Dla Kogo: wszyscy | everybody  Bobasy: nie | no babies  J\u0119zyk: PL \/ ENG","og_url":"https:\/\/mamaglobalhealing.com\/en\/product\/tkanie-opowiesci\/","og_site_name":"Mama Global Healing","article_modified_time":"2022-06-03T09:57:11+00:00","og_image":[{"width":800,"height":1200,"url":"https:\/\/mamaglobalhealing.com\/wp-content\/uploads\/2022\/04\/image_6483441-8.jpg","type":"image\/jpeg"}],"twitter_card":"summary_large_image","schema":{"@context":"https:\/\/schema.org","@graph":[{"@type":"WebPage","@id":"https:\/\/mamaglobalhealing.com\/produkt\/tkanie-opowiesci\/","url":"https:\/\/mamaglobalhealing.com\/produkt\/tkanie-opowiesci\/","name":"Tkanie Opowie\u015bci | Anna Sikorska - Mama Global Healing","isPartOf":{"@id":"https:\/\/mamaglobalhealing.com\/#website"},"primaryImageOfPage":{"@id":"https:\/\/mamaglobalhealing.com\/produkt\/tkanie-opowiesci\/#primaryimage"},"image":{"@id":"https:\/\/mamaglobalhealing.com\/produkt\/tkanie-opowiesci\/#primaryimage"},"thumbnailUrl":"https:\/\/mamaglobalhealing.com\/wp-content\/uploads\/2022\/04\/image_6483441-8.jpg","datePublished":"2022-04-27T19:31:04+00:00","dateModified":"2022-06-03T09:57:11+00:00","breadcrumb":{"@id":"https:\/\/mamaglobalhealing.com\/produkt\/tkanie-opowiesci\/#breadcrumb"},"inLanguage":"en-GB","potentialAction":[{"@type":"ReadAction","target":["https:\/\/mamaglobalhealing.com\/produkt\/tkanie-opowiesci\/"]}]},{"@type":"ImageObject","inLanguage":"en-GB","@id":"https:\/\/mamaglobalhealing.com\/produkt\/tkanie-opowiesci\/#primaryimage","url":"https:\/\/mamaglobalhealing.com\/wp-content\/uploads\/2022\/04\/image_6483441-8.jpg","contentUrl":"https:\/\/mamaglobalhealing.com\/wp-content\/uploads\/2022\/04\/image_6483441-8.jpg","width":800,"height":1200},{"@type":"BreadcrumbList","@id":"https:\/\/mamaglobalhealing.com\/produkt\/tkanie-opowiesci\/#breadcrumb","itemListElement":[{"@type":"ListItem","position":1,"name":"Strona g\u0142\u00f3wna","item":"https:\/\/mamaglobalhealing.com\/"},{"@type":"ListItem","position":2,"name":"Sklep","item":"https:\/\/mamaglobalhealing.com\/sklep\/"},{"@type":"ListItem","position":3,"name":"Tkanie Opowie\u015bci | Anna Sikorska"}]},{"@type":"WebSite","@id":"https:\/\/mamaglobalhealing.com\/#website","url":"https:\/\/mamaglobalhealing.com\/","name":"Mama Global Healing","description":"Kolejna witryna WordPress","potentialAction":[{"@type":"SearchAction","target":{"@type":"EntryPoint","urlTemplate":"https:\/\/mamaglobalhealing.com\/?s={search_term_string}"},"query-input":{"@type":"PropertyValueSpecification","valueRequired":true,"valueName":"search_term_string"}}],"inLanguage":"en-GB"}]}},"_links":{"self":[{"href":"https:\/\/mamaglobalhealing.com\/en\/wp-json\/wp\/v2\/product\/2705","targetHints":{"allow":["GET"]}}],"collection":[{"href":"https:\/\/mamaglobalhealing.com\/en\/wp-json\/wp\/v2\/product"}],"about":[{"href":"https:\/\/mamaglobalhealing.com\/en\/wp-json\/wp\/v2\/types\/product"}],"wp:featuredmedia":[{"embeddable":true,"href":"https:\/\/mamaglobalhealing.com\/en\/wp-json\/wp\/v2\/media\/3309"}],"wp:attachment":[{"href":"https:\/\/mamaglobalhealing.com\/en\/wp-json\/wp\/v2\/media?parent=2705"}],"wp:term":[{"taxonomy":"product_brand","embeddable":true,"href":"https:\/\/mamaglobalhealing.com\/en\/wp-json\/wp\/v2\/product_brand?post=2705"},{"taxonomy":"product_cat","embeddable":true,"href":"https:\/\/mamaglobalhealing.com\/en\/wp-json\/wp\/v2\/product_cat?post=2705"},{"taxonomy":"product_tag","embeddable":true,"href":"https:\/\/mamaglobalhealing.com\/en\/wp-json\/wp\/v2\/product_tag?post=2705"}],"curies":[{"name":"wp","href":"https:\/\/api.w.org\/{rel}","templated":true}]}}