{"id":2706,"date":"2022-04-27T19:32:38","date_gmt":"2022-04-27T19:32:38","guid":{"rendered":"https:\/\/mamaglobalhealing.com\/?post_type=product&#038;p=2706"},"modified":"2022-11-17T11:10:09","modified_gmt":"2022-11-17T11:10:09","slug":"siostrzany-play-fight","status":"publish","type":"product","link":"https:\/\/mamaglobalhealing.com\/en\/product\/siostrzany-play-fight\/","title":{"rendered":"Siostrzany PlayFight | Sisterhood PlayFight PL\/ENG | Olga Odnowina"},"content":{"rendered":"","protected":false},"excerpt":{"rendered":"<p><span style=\"font-weight: 400;\"> PlayFight (PF) to forma ruchowej \u201ezabawy na powa\u017cnie\u201d, w kt\u00f3rej szukamy r\u00f3wnowagi mi\u0119dzy elementem \u201cwalki\u201d i \u201czabawy\u201d. Struktur\u0105 wspieraj\u0105c\u0105 przep\u0142yw energii i daj\u0105c\u0105 bezpieczne ramy dla sesji PF jest kr\u0105g w po\u0142\u0105czeniu z fizyczn\u0105 gr\u0105\/zapasami. Otwarcie dzielmy si\u0119 tu odczuciami, wyra\u017camy nasze granice i docenienie partnerowi i sobie. PlayFight daje doros\u0142ym mo\u017cliwo\u015b\u0107 dotarcia do przyrodzonej witalno\u015bci. Tworzy bezpieczn\u0105 i kreatywn\u0105 formu\u0142\u0119 dla ekspresji emocji w relacji, w szczeg\u00f3lno\u015bci energii gniewu i rado\u015bci, kt\u00f3re s\u0105 podstawowymi \u017cyciowymi energiami. Kr\u0105g PlejFajt, do kt\u00f3rego zapraszam Was na MAMIE b\u0119dzie dedykowany relacjom mi\u0119dzy kobietami, eksplorowaniu aspekt\u00f3w siostrze\u0144stwa i rywalizacji kobiet, kobiecych jako\u015bci walki, energii kobiecego gniewu, uwalnianiu si\u0142y i mocy kobiet. <\/span><\/p>\n<p><b>Prowadz\u0105cy:<\/b><span style=\"font-weight: 400;\"> Olga Odnowina<\/span><\/p>\n<p><b>Czas trwania:<\/b> 2,5 h<\/p>\n<p><b>Data i godzina: <\/b>sobota 20:00<\/p>\n<p><b>Miejsce: <\/b>Karma Place<\/p>\n<p><b>Ilo\u015b\u0107 os\u00f3b: <\/b>15<\/p>\n<p><b>Dla Kogo: <\/b>Kobiety<\/p>\n<p><b>Bobasy:<\/b><span style=\"font-weight: 400;\"> nie<\/span><\/p>","protected":false},"featured_media":3308,"template":"","meta":{"_et_pb_use_builder":"","_et_pb_old_content":"","_et_gb_content_width":""},"product_brand":[],"product_cat":[34,42],"product_tag":[],"class_list":{"0":"post-2706","1":"product","2":"type-product","3":"status-publish","4":"has-post-thumbnail","6":"product_cat-mama-work","7":"product_cat-sobota","9":"first","10":"outofstock","11":"virtual","12":"taxable","13":"product-type-simple"},"yoast_head":"<!-- This site is optimized with the Yoast SEO plugin v25.1 - https:\/\/yoast.com\/wordpress\/plugins\/seo\/ -->\n<title>Siostrzany PlayFight | Sisterhood PlayFight PL\/ENG | Olga Odnowina - Mama Global Healing<\/title>\n<meta name=\"description\" content=\"Kr\u0105g PlejFajt, do kt\u00f3rego zapraszam Was na MAMIE b\u0119dzie dedykowany relacjom mi\u0119dzy kobietami, eksplorowaniu aspekt\u00f3w siostrze\u0144stwa i rywalizacji kobiet, kobiecych jako\u015bci walki, energii kobiecego gniewu, uwalnianiu si\u0142y i mocy kobiet.\" \/>\n<meta name=\"robots\" content=\"index, follow, max-snippet:-1, max-image-preview:large, max-video-preview:-1\" \/>\n<link rel=\"canonical\" href=\"https:\/\/mamaglobalhealing.com\/en\/product\/siostrzany-play-fight\/\" \/>\n<meta property=\"og:locale\" content=\"en_GB\" \/>\n<meta property=\"og:type\" content=\"article\" \/>\n<meta property=\"og:title\" content=\"Sisterhood Playfight | PL\/ENG\" \/>\n<meta property=\"og:description\" content=\"Kr\u0105g PlejFajt, do kt\u00f3rego zapraszam Was na MAMIE b\u0119dzie dedykowany relacjom mi\u0119dzy kobietami, eksplorowaniu aspekt\u00f3w siostrze\u0144stwa i rywalizacji kobiet, kobiecych jako\u015bci walki, energii kobiecego gniewu, uwalnianiu si\u0142y i mocy kobiet.\" \/>\n<meta property=\"og:url\" content=\"https:\/\/mamaglobalhealing.com\/en\/product\/siostrzany-play-fight\/\" \/>\n<meta property=\"og:site_name\" content=\"Mama Global Healing\" \/>\n<meta property=\"article:modified_time\" content=\"2022-11-17T11:10:09+00:00\" \/>\n<meta property=\"og:image\" content=\"https:\/\/mamaglobalhealing.com\/wp-content\/uploads\/2022\/04\/1111m-scaled.jpg\" \/>\n\t<meta property=\"og:image:width\" content=\"2560\" \/>\n\t<meta property=\"og:image:height\" content=\"1675\" \/>\n\t<meta property=\"og:image:type\" content=\"image\/jpeg\" \/>\n<meta name=\"twitter:card\" content=\"summary_large_image\" \/>\n<script type=\"application\/ld+json\" class=\"yoast-schema-graph\">{\"@context\":\"https:\/\/schema.org\",\"@graph\":[{\"@type\":\"WebPage\",\"@id\":\"https:\/\/mamaglobalhealing.com\/produkt\/siostrzany-play-fight\/\",\"url\":\"https:\/\/mamaglobalhealing.com\/produkt\/siostrzany-play-fight\/\",\"name\":\"Siostrzany PlayFight | Sisterhood PlayFight PL\/ENG | Olga Odnowina - Mama Global Healing\",\"isPartOf\":{\"@id\":\"https:\/\/mamaglobalhealing.com\/#website\"},\"primaryImageOfPage\":{\"@id\":\"https:\/\/mamaglobalhealing.com\/produkt\/siostrzany-play-fight\/#primaryimage\"},\"image\":{\"@id\":\"https:\/\/mamaglobalhealing.com\/produkt\/siostrzany-play-fight\/#primaryimage\"},\"thumbnailUrl\":\"https:\/\/mamaglobalhealing.com\/wp-content\/uploads\/2022\/04\/1111m-scaled.jpg\",\"datePublished\":\"2022-04-27T19:32:38+00:00\",\"dateModified\":\"2022-11-17T11:10:09+00:00\",\"description\":\"Kr\u0105g PlejFajt, do kt\u00f3rego zapraszam Was na MAMIE b\u0119dzie dedykowany relacjom mi\u0119dzy kobietami, eksplorowaniu aspekt\u00f3w siostrze\u0144stwa i rywalizacji kobiet, kobiecych jako\u015bci walki, energii kobiecego gniewu, uwalnianiu si\u0142y i mocy kobiet.\",\"breadcrumb\":{\"@id\":\"https:\/\/mamaglobalhealing.com\/produkt\/siostrzany-play-fight\/#breadcrumb\"},\"inLanguage\":\"en-GB\",\"potentialAction\":[{\"@type\":\"ReadAction\",\"target\":[\"https:\/\/mamaglobalhealing.com\/produkt\/siostrzany-play-fight\/\"]}]},{\"@type\":\"ImageObject\",\"inLanguage\":\"en-GB\",\"@id\":\"https:\/\/mamaglobalhealing.com\/produkt\/siostrzany-play-fight\/#primaryimage\",\"url\":\"https:\/\/mamaglobalhealing.com\/wp-content\/uploads\/2022\/04\/1111m-scaled.jpg\",\"contentUrl\":\"https:\/\/mamaglobalhealing.com\/wp-content\/uploads\/2022\/04\/1111m-scaled.jpg\",\"width\":2560,\"height\":1675},{\"@type\":\"BreadcrumbList\",\"@id\":\"https:\/\/mamaglobalhealing.com\/produkt\/siostrzany-play-fight\/#breadcrumb\",\"itemListElement\":[{\"@type\":\"ListItem\",\"position\":1,\"name\":\"Strona g\u0142\u00f3wna\",\"item\":\"https:\/\/mamaglobalhealing.com\/\"},{\"@type\":\"ListItem\",\"position\":2,\"name\":\"Sklep\",\"item\":\"https:\/\/mamaglobalhealing.com\/sklep\/\"},{\"@type\":\"ListItem\",\"position\":3,\"name\":\"Siostrzany PlayFight | Sisterhood PlayFight PL\/ENG | Olga Odnowina\"}]},{\"@type\":\"WebSite\",\"@id\":\"https:\/\/mamaglobalhealing.com\/#website\",\"url\":\"https:\/\/mamaglobalhealing.com\/\",\"name\":\"Mama Global Healing\",\"description\":\"Kolejna witryna WordPress\",\"potentialAction\":[{\"@type\":\"SearchAction\",\"target\":{\"@type\":\"EntryPoint\",\"urlTemplate\":\"https:\/\/mamaglobalhealing.com\/?s={search_term_string}\"},\"query-input\":{\"@type\":\"PropertyValueSpecification\",\"valueRequired\":true,\"valueName\":\"search_term_string\"}}],\"inLanguage\":\"en-GB\"}]}<\/script>\n<!-- \/ Yoast SEO plugin. -->","yoast_head_json":{"title":"Siostrzany PlayFight | Sisterhood PlayFight PL\/ENG | Olga Odnowina - Mama Global Healing","description":"Kr\u0105g PlejFajt, do kt\u00f3rego zapraszam Was na MAMIE b\u0119dzie dedykowany relacjom mi\u0119dzy kobietami, eksplorowaniu aspekt\u00f3w siostrze\u0144stwa i rywalizacji kobiet, kobiecych jako\u015bci walki, energii kobiecego gniewu, uwalnianiu si\u0142y i mocy kobiet.","robots":{"index":"index","follow":"follow","max-snippet":"max-snippet:-1","max-image-preview":"max-image-preview:large","max-video-preview":"max-video-preview:-1"},"canonical":"https:\/\/mamaglobalhealing.com\/en\/product\/siostrzany-play-fight\/","og_locale":"en_GB","og_type":"article","og_title":"Sisterhood Playfight | PL\/ENG","og_description":"Kr\u0105g PlejFajt, do kt\u00f3rego zapraszam Was na MAMIE b\u0119dzie dedykowany relacjom mi\u0119dzy kobietami, eksplorowaniu aspekt\u00f3w siostrze\u0144stwa i rywalizacji kobiet, kobiecych jako\u015bci walki, energii kobiecego gniewu, uwalnianiu si\u0142y i mocy kobiet.","og_url":"https:\/\/mamaglobalhealing.com\/en\/product\/siostrzany-play-fight\/","og_site_name":"Mama Global Healing","article_modified_time":"2022-11-17T11:10:09+00:00","og_image":[{"width":2560,"height":1675,"url":"https:\/\/mamaglobalhealing.com\/wp-content\/uploads\/2022\/04\/1111m-scaled.jpg","type":"image\/jpeg"}],"twitter_card":"summary_large_image","schema":{"@context":"https:\/\/schema.org","@graph":[{"@type":"WebPage","@id":"https:\/\/mamaglobalhealing.com\/produkt\/siostrzany-play-fight\/","url":"https:\/\/mamaglobalhealing.com\/produkt\/siostrzany-play-fight\/","name":"Siostrzany PlayFight | Sisterhood PlayFight PL\/ENG | Olga Odnowina - Mama Global Healing","isPartOf":{"@id":"https:\/\/mamaglobalhealing.com\/#website"},"primaryImageOfPage":{"@id":"https:\/\/mamaglobalhealing.com\/produkt\/siostrzany-play-fight\/#primaryimage"},"image":{"@id":"https:\/\/mamaglobalhealing.com\/produkt\/siostrzany-play-fight\/#primaryimage"},"thumbnailUrl":"https:\/\/mamaglobalhealing.com\/wp-content\/uploads\/2022\/04\/1111m-scaled.jpg","datePublished":"2022-04-27T19:32:38+00:00","dateModified":"2022-11-17T11:10:09+00:00","description":"Kr\u0105g PlejFajt, do kt\u00f3rego zapraszam Was na MAMIE b\u0119dzie dedykowany relacjom mi\u0119dzy kobietami, eksplorowaniu aspekt\u00f3w siostrze\u0144stwa i rywalizacji kobiet, kobiecych jako\u015bci walki, energii kobiecego gniewu, uwalnianiu si\u0142y i mocy kobiet.","breadcrumb":{"@id":"https:\/\/mamaglobalhealing.com\/produkt\/siostrzany-play-fight\/#breadcrumb"},"inLanguage":"en-GB","potentialAction":[{"@type":"ReadAction","target":["https:\/\/mamaglobalhealing.com\/produkt\/siostrzany-play-fight\/"]}]},{"@type":"ImageObject","inLanguage":"en-GB","@id":"https:\/\/mamaglobalhealing.com\/produkt\/siostrzany-play-fight\/#primaryimage","url":"https:\/\/mamaglobalhealing.com\/wp-content\/uploads\/2022\/04\/1111m-scaled.jpg","contentUrl":"https:\/\/mamaglobalhealing.com\/wp-content\/uploads\/2022\/04\/1111m-scaled.jpg","width":2560,"height":1675},{"@type":"BreadcrumbList","@id":"https:\/\/mamaglobalhealing.com\/produkt\/siostrzany-play-fight\/#breadcrumb","itemListElement":[{"@type":"ListItem","position":1,"name":"Strona g\u0142\u00f3wna","item":"https:\/\/mamaglobalhealing.com\/"},{"@type":"ListItem","position":2,"name":"Sklep","item":"https:\/\/mamaglobalhealing.com\/sklep\/"},{"@type":"ListItem","position":3,"name":"Siostrzany PlayFight | Sisterhood PlayFight PL\/ENG | Olga Odnowina"}]},{"@type":"WebSite","@id":"https:\/\/mamaglobalhealing.com\/#website","url":"https:\/\/mamaglobalhealing.com\/","name":"Mama Global Healing","description":"Kolejna witryna WordPress","potentialAction":[{"@type":"SearchAction","target":{"@type":"EntryPoint","urlTemplate":"https:\/\/mamaglobalhealing.com\/?s={search_term_string}"},"query-input":{"@type":"PropertyValueSpecification","valueRequired":true,"valueName":"search_term_string"}}],"inLanguage":"en-GB"}]}},"_links":{"self":[{"href":"https:\/\/mamaglobalhealing.com\/en\/wp-json\/wp\/v2\/product\/2706","targetHints":{"allow":["GET"]}}],"collection":[{"href":"https:\/\/mamaglobalhealing.com\/en\/wp-json\/wp\/v2\/product"}],"about":[{"href":"https:\/\/mamaglobalhealing.com\/en\/wp-json\/wp\/v2\/types\/product"}],"wp:featuredmedia":[{"embeddable":true,"href":"https:\/\/mamaglobalhealing.com\/en\/wp-json\/wp\/v2\/media\/3308"}],"wp:attachment":[{"href":"https:\/\/mamaglobalhealing.com\/en\/wp-json\/wp\/v2\/media?parent=2706"}],"wp:term":[{"taxonomy":"product_brand","embeddable":true,"href":"https:\/\/mamaglobalhealing.com\/en\/wp-json\/wp\/v2\/product_brand?post=2706"},{"taxonomy":"product_cat","embeddable":true,"href":"https:\/\/mamaglobalhealing.com\/en\/wp-json\/wp\/v2\/product_cat?post=2706"},{"taxonomy":"product_tag","embeddable":true,"href":"https:\/\/mamaglobalhealing.com\/en\/wp-json\/wp\/v2\/product_tag?post=2706"}],"curies":[{"name":"wp","href":"https:\/\/api.w.org\/{rel}","templated":true}]}}