{"id":2707,"date":"2022-04-27T19:33:55","date_gmt":"2022-04-27T19:33:55","guid":{"rendered":"https:\/\/mamaglobalhealing.com\/?post_type=product&#038;p=2707"},"modified":"2022-06-03T11:28:41","modified_gmt":"2022-06-03T11:28:41","slug":"system-wewnetrznej-rodziny-w-pigulce","status":"publish","type":"product","link":"https:\/\/mamaglobalhealing.com\/en\/product\/system-wewnetrznej-rodziny-w-pigulce\/","title":{"rendered":"System Wewn\u0119trznej Rodziny w pigu\u0142ce (IFT) | Eliza Mikucka"},"content":{"rendered":"","protected":false},"excerpt":{"rendered":"<div class=\"j83agx80\" role=\"none\">\n<div class=\"j83agx80 buofh1pr g5gj957u hpfvmrgz\" role=\"none\" data-testid=\"message-container\">\n<div class=\"ns4p8fja j83agx80 cbu4d94t a6sixzi8 bkfpd7mw nred35xi a1xu1aao\" role=\"none\">\n<div class=\"j83agx80 k4urcfbm\" role=\"none\">\n<div class=\"ll8tlv6m j83agx80 cbu4d94t d2edcug0 l9j0dhe7\">\n<div class=\"j83agx80 k4urcfbm\" role=\"none\">\n<div class=\"cxgpxx05 d1544ag0 sj5x9vvc tw6a2znq l9j0dhe7 ni8dbmo4 stjgntxs e72ty7fz qlfml3jp inkptoze qmr60zad jm1wdb64 qv66sw1b ljqsnud1 odn2s2vf tkr6xdv7\" role=\"none\" data-testid=\"solid-message-bubble\">\n<div class=\"rq0escxv l9j0dhe7 du4w35lb __fb-light-mode\" role=\"none\">\n<div class=\"ii04i59q jq4qci2q g9io39s2 oo9gr5id\" dir=\"auto\" role=\"none\">Uczestnicy b\u0119d\u0105 mogli pozna\u0107 podstawowe za\u0142o\u017cenia Internal Family Systems i pozna\u0107 mo\u017cliwo\u015bci u\u017cywania element\u00f3w tej metody w relacji z dzie\u0107mi.<\/div>\n<\/div>\n<\/div>\n<\/div>\n<\/div>\n<\/div>\n<\/div>\n<\/div>\n<\/div>\n<p><b>Prowadz\u0105ca:<\/b><span style=\"font-weight: 400;\"> Eliza Mikucka<\/span><\/p>\n<p><b>Czas trwania:<\/b> 2,5h<\/p>\n<p><b>Data i godzina: <\/b>sobota 13:00 &#8211; 15:30<\/p>\n<p><b>Miejsce: <\/b><a href=\"https:\/\/mamaglobalhealing.com\/en\/mama-line-up\/baby-tipi\/\">Baby Tipi<\/a><\/p>\n<p><b>Liczba os\u00f3b: <\/b>12<\/p>\n<p><b>Dla Kogo: <\/b>Wszyscy<\/p>\n<p><b>Bobasy:<\/b><span style=\"font-weight: 400;\"> tak<\/span><\/p>\n<p><strong>J\u0119zyk:<\/strong> PL<\/p>","protected":false},"featured_media":3303,"template":"","meta":{"_et_pb_use_builder":"","_et_pb_old_content":"","_et_gb_content_width":""},"product_brand":[],"product_cat":[35,46],"product_tag":[],"class_list":{"0":"post-2707","1":"product","2":"type-product","3":"status-publish","4":"has-post-thumbnail","6":"product_cat-mama-open","7":"product_cat-sobota-open","9":"first","10":"instock","11":"virtual","12":"taxable","13":"product-type-simple"},"yoast_head":"<!-- This site is optimized with the Yoast SEO plugin v25.1 - https:\/\/yoast.com\/wordpress\/plugins\/seo\/ -->\n<title>System Wewn\u0119trznej Rodziny w pigu\u0142ce (IFT) | Eliza Mikucka - Mama Global Healing<\/title>\n<meta name=\"description\" content=\"Uczestnicy b\u0119d\u0105 mogli pozna\u0107 podstawowe za\u0142o\u017cenia Internal Family Systems i pozna\u0107 mo\u017cliwo\u015bci u\u017cywania element\u00f3w tej metody w relacji z dzie\u0107mi.\" \/>\n<meta name=\"robots\" content=\"index, follow, max-snippet:-1, max-image-preview:large, max-video-preview:-1\" \/>\n<link rel=\"canonical\" href=\"https:\/\/mamaglobalhealing.com\/en\/product\/system-wewnetrznej-rodziny-w-pigulce\/\" \/>\n<meta property=\"og:locale\" content=\"en_GB\" \/>\n<meta property=\"og:type\" content=\"article\" \/>\n<meta property=\"og:title\" content=\"System Wewn\u0119trznej Rodziny w pigu\u0142ce (IFT) | Eliza Mikucka - Mama Global Healing\" \/>\n<meta property=\"og:description\" content=\"Uczestnicy b\u0119d\u0105 mogli pozna\u0107 podstawowe za\u0142o\u017cenia Internal Family Systems i pozna\u0107 mo\u017cliwo\u015bci u\u017cywania element\u00f3w tej metody w relacji z dzie\u0107mi.\" \/>\n<meta property=\"og:url\" content=\"https:\/\/mamaglobalhealing.com\/en\/product\/system-wewnetrznej-rodziny-w-pigulce\/\" \/>\n<meta property=\"og:site_name\" content=\"Mama Global Healing\" \/>\n<meta property=\"article:modified_time\" content=\"2022-06-03T11:28:41+00:00\" \/>\n<meta property=\"og:image\" content=\"https:\/\/mamaglobalhealing.com\/wp-content\/uploads\/2022\/04\/Kopia-OPISY-WYDARZEN-part-1-2.jpg\" \/>\n\t<meta property=\"og:image:width\" content=\"1080\" \/>\n\t<meta property=\"og:image:height\" content=\"1080\" \/>\n\t<meta property=\"og:image:type\" content=\"image\/jpeg\" \/>\n<meta name=\"twitter:card\" content=\"summary_large_image\" \/>\n<script type=\"application\/ld+json\" class=\"yoast-schema-graph\">{\"@context\":\"https:\/\/schema.org\",\"@graph\":[{\"@type\":\"WebPage\",\"@id\":\"https:\/\/mamaglobalhealing.com\/produkt\/system-wewnetrznej-rodziny-w-pigulce\/\",\"url\":\"https:\/\/mamaglobalhealing.com\/produkt\/system-wewnetrznej-rodziny-w-pigulce\/\",\"name\":\"System Wewn\u0119trznej Rodziny w pigu\u0142ce (IFT) | Eliza Mikucka - Mama Global Healing\",\"isPartOf\":{\"@id\":\"https:\/\/mamaglobalhealing.com\/#website\"},\"primaryImageOfPage\":{\"@id\":\"https:\/\/mamaglobalhealing.com\/produkt\/system-wewnetrznej-rodziny-w-pigulce\/#primaryimage\"},\"image\":{\"@id\":\"https:\/\/mamaglobalhealing.com\/produkt\/system-wewnetrznej-rodziny-w-pigulce\/#primaryimage\"},\"thumbnailUrl\":\"https:\/\/mamaglobalhealing.com\/wp-content\/uploads\/2022\/04\/Kopia-OPISY-WYDARZEN-part-1-2.jpg\",\"datePublished\":\"2022-04-27T19:33:55+00:00\",\"dateModified\":\"2022-06-03T11:28:41+00:00\",\"description\":\"Uczestnicy b\u0119d\u0105 mogli pozna\u0107 podstawowe za\u0142o\u017cenia Internal Family Systems i pozna\u0107 mo\u017cliwo\u015bci u\u017cywania element\u00f3w tej metody w relacji z dzie\u0107mi.\",\"breadcrumb\":{\"@id\":\"https:\/\/mamaglobalhealing.com\/produkt\/system-wewnetrznej-rodziny-w-pigulce\/#breadcrumb\"},\"inLanguage\":\"en-GB\",\"potentialAction\":[{\"@type\":\"ReadAction\",\"target\":[\"https:\/\/mamaglobalhealing.com\/produkt\/system-wewnetrznej-rodziny-w-pigulce\/\"]}]},{\"@type\":\"ImageObject\",\"inLanguage\":\"en-GB\",\"@id\":\"https:\/\/mamaglobalhealing.com\/produkt\/system-wewnetrznej-rodziny-w-pigulce\/#primaryimage\",\"url\":\"https:\/\/mamaglobalhealing.com\/wp-content\/uploads\/2022\/04\/Kopia-OPISY-WYDARZEN-part-1-2.jpg\",\"contentUrl\":\"https:\/\/mamaglobalhealing.com\/wp-content\/uploads\/2022\/04\/Kopia-OPISY-WYDARZEN-part-1-2.jpg\",\"width\":1080,\"height\":1080},{\"@type\":\"BreadcrumbList\",\"@id\":\"https:\/\/mamaglobalhealing.com\/produkt\/system-wewnetrznej-rodziny-w-pigulce\/#breadcrumb\",\"itemListElement\":[{\"@type\":\"ListItem\",\"position\":1,\"name\":\"Strona g\u0142\u00f3wna\",\"item\":\"https:\/\/mamaglobalhealing.com\/\"},{\"@type\":\"ListItem\",\"position\":2,\"name\":\"Sklep\",\"item\":\"https:\/\/mamaglobalhealing.com\/sklep\/\"},{\"@type\":\"ListItem\",\"position\":3,\"name\":\"System Wewn\u0119trznej Rodziny w&nbsp;pigu\u0142ce (IFT) | Eliza Mikucka\"}]},{\"@type\":\"WebSite\",\"@id\":\"https:\/\/mamaglobalhealing.com\/#website\",\"url\":\"https:\/\/mamaglobalhealing.com\/\",\"name\":\"Mama Global Healing\",\"description\":\"Kolejna witryna WordPress\",\"potentialAction\":[{\"@type\":\"SearchAction\",\"target\":{\"@type\":\"EntryPoint\",\"urlTemplate\":\"https:\/\/mamaglobalhealing.com\/?s={search_term_string}\"},\"query-input\":{\"@type\":\"PropertyValueSpecification\",\"valueRequired\":true,\"valueName\":\"search_term_string\"}}],\"inLanguage\":\"en-GB\"}]}<\/script>\n<!-- \/ Yoast SEO plugin. -->","yoast_head_json":{"title":"System Wewn\u0119trznej Rodziny w pigu\u0142ce (IFT) | Eliza Mikucka - Mama Global Healing","description":"Uczestnicy b\u0119d\u0105 mogli pozna\u0107 podstawowe za\u0142o\u017cenia Internal Family Systems i pozna\u0107 mo\u017cliwo\u015bci u\u017cywania element\u00f3w tej metody w relacji z dzie\u0107mi.","robots":{"index":"index","follow":"follow","max-snippet":"max-snippet:-1","max-image-preview":"max-image-preview:large","max-video-preview":"max-video-preview:-1"},"canonical":"https:\/\/mamaglobalhealing.com\/en\/product\/system-wewnetrznej-rodziny-w-pigulce\/","og_locale":"en_GB","og_type":"article","og_title":"System Wewn\u0119trznej Rodziny w pigu\u0142ce (IFT) | Eliza Mikucka - Mama Global Healing","og_description":"Uczestnicy b\u0119d\u0105 mogli pozna\u0107 podstawowe za\u0142o\u017cenia Internal Family Systems i pozna\u0107 mo\u017cliwo\u015bci u\u017cywania element\u00f3w tej metody w relacji z dzie\u0107mi.","og_url":"https:\/\/mamaglobalhealing.com\/en\/product\/system-wewnetrznej-rodziny-w-pigulce\/","og_site_name":"Mama Global Healing","article_modified_time":"2022-06-03T11:28:41+00:00","og_image":[{"width":1080,"height":1080,"url":"https:\/\/mamaglobalhealing.com\/wp-content\/uploads\/2022\/04\/Kopia-OPISY-WYDARZEN-part-1-2.jpg","type":"image\/jpeg"}],"twitter_card":"summary_large_image","schema":{"@context":"https:\/\/schema.org","@graph":[{"@type":"WebPage","@id":"https:\/\/mamaglobalhealing.com\/produkt\/system-wewnetrznej-rodziny-w-pigulce\/","url":"https:\/\/mamaglobalhealing.com\/produkt\/system-wewnetrznej-rodziny-w-pigulce\/","name":"System Wewn\u0119trznej Rodziny w pigu\u0142ce (IFT) | Eliza Mikucka - Mama Global Healing","isPartOf":{"@id":"https:\/\/mamaglobalhealing.com\/#website"},"primaryImageOfPage":{"@id":"https:\/\/mamaglobalhealing.com\/produkt\/system-wewnetrznej-rodziny-w-pigulce\/#primaryimage"},"image":{"@id":"https:\/\/mamaglobalhealing.com\/produkt\/system-wewnetrznej-rodziny-w-pigulce\/#primaryimage"},"thumbnailUrl":"https:\/\/mamaglobalhealing.com\/wp-content\/uploads\/2022\/04\/Kopia-OPISY-WYDARZEN-part-1-2.jpg","datePublished":"2022-04-27T19:33:55+00:00","dateModified":"2022-06-03T11:28:41+00:00","description":"Uczestnicy b\u0119d\u0105 mogli pozna\u0107 podstawowe za\u0142o\u017cenia Internal Family Systems i pozna\u0107 mo\u017cliwo\u015bci u\u017cywania element\u00f3w tej metody w relacji z dzie\u0107mi.","breadcrumb":{"@id":"https:\/\/mamaglobalhealing.com\/produkt\/system-wewnetrznej-rodziny-w-pigulce\/#breadcrumb"},"inLanguage":"en-GB","potentialAction":[{"@type":"ReadAction","target":["https:\/\/mamaglobalhealing.com\/produkt\/system-wewnetrznej-rodziny-w-pigulce\/"]}]},{"@type":"ImageObject","inLanguage":"en-GB","@id":"https:\/\/mamaglobalhealing.com\/produkt\/system-wewnetrznej-rodziny-w-pigulce\/#primaryimage","url":"https:\/\/mamaglobalhealing.com\/wp-content\/uploads\/2022\/04\/Kopia-OPISY-WYDARZEN-part-1-2.jpg","contentUrl":"https:\/\/mamaglobalhealing.com\/wp-content\/uploads\/2022\/04\/Kopia-OPISY-WYDARZEN-part-1-2.jpg","width":1080,"height":1080},{"@type":"BreadcrumbList","@id":"https:\/\/mamaglobalhealing.com\/produkt\/system-wewnetrznej-rodziny-w-pigulce\/#breadcrumb","itemListElement":[{"@type":"ListItem","position":1,"name":"Strona g\u0142\u00f3wna","item":"https:\/\/mamaglobalhealing.com\/"},{"@type":"ListItem","position":2,"name":"Sklep","item":"https:\/\/mamaglobalhealing.com\/sklep\/"},{"@type":"ListItem","position":3,"name":"System Wewn\u0119trznej Rodziny w&nbsp;pigu\u0142ce (IFT) | Eliza Mikucka"}]},{"@type":"WebSite","@id":"https:\/\/mamaglobalhealing.com\/#website","url":"https:\/\/mamaglobalhealing.com\/","name":"Mama Global Healing","description":"Kolejna witryna WordPress","potentialAction":[{"@type":"SearchAction","target":{"@type":"EntryPoint","urlTemplate":"https:\/\/mamaglobalhealing.com\/?s={search_term_string}"},"query-input":{"@type":"PropertyValueSpecification","valueRequired":true,"valueName":"search_term_string"}}],"inLanguage":"en-GB"}]}},"_links":{"self":[{"href":"https:\/\/mamaglobalhealing.com\/en\/wp-json\/wp\/v2\/product\/2707","targetHints":{"allow":["GET"]}}],"collection":[{"href":"https:\/\/mamaglobalhealing.com\/en\/wp-json\/wp\/v2\/product"}],"about":[{"href":"https:\/\/mamaglobalhealing.com\/en\/wp-json\/wp\/v2\/types\/product"}],"wp:featuredmedia":[{"embeddable":true,"href":"https:\/\/mamaglobalhealing.com\/en\/wp-json\/wp\/v2\/media\/3303"}],"wp:attachment":[{"href":"https:\/\/mamaglobalhealing.com\/en\/wp-json\/wp\/v2\/media?parent=2707"}],"wp:term":[{"taxonomy":"product_brand","embeddable":true,"href":"https:\/\/mamaglobalhealing.com\/en\/wp-json\/wp\/v2\/product_brand?post=2707"},{"taxonomy":"product_cat","embeddable":true,"href":"https:\/\/mamaglobalhealing.com\/en\/wp-json\/wp\/v2\/product_cat?post=2707"},{"taxonomy":"product_tag","embeddable":true,"href":"https:\/\/mamaglobalhealing.com\/en\/wp-json\/wp\/v2\/product_tag?post=2707"}],"curies":[{"name":"wp","href":"https:\/\/api.w.org\/{rel}","templated":true}]}}