{"id":2708,"date":"2022-04-27T19:34:40","date_gmt":"2022-04-27T19:34:40","guid":{"rendered":"https:\/\/mamaglobalhealing.com\/?post_type=product&#038;p=2708"},"modified":"2022-06-01T09:31:56","modified_gmt":"2022-06-01T09:31:56","slug":"krag-oplakiwania","status":"publish","type":"product","link":"https:\/\/mamaglobalhealing.com\/en\/product\/krag-oplakiwania\/","title":{"rendered":"Kr\u0105g op\u0142akiwania | Eliza Mikucka"},"content":{"rendered":"","protected":false},"excerpt":{"rendered":"<p>Bezpieczna przestrze\u0144 op\u0142akiwania. Tutaj mo\u017cesz wnie\u015b\u0107 sw\u00f3j \u017cal, smutek i \u017ca\u0142ob\u0119, strat\u0119 i rozczarowanie.<\/p>\n<p>Spotkanie o charakterze kr\u0119gu (nie ma wymiaru terapeutycznego &#8211; przyjd\u017a je\u015bli nie przechodzisz aktualnie powa\u017cnego kryzysu).<\/p>\n<p><b>Prowadz\u0105ca:<\/b><span style=\"font-weight: 400;\"> Eliza Mikucka<\/span><\/p>\n<p><b>Czas trwania:<\/b> 2h<\/p>\n<p><b>Data i godzina:<\/b> sobota 10:00 &#8211; 12:00<\/p>\n<p><b>Miejsce:<\/b> Dharma Tipi<\/p>\n<p><b>Liczba os\u00f3b: <\/b> 18<\/p>\n<p><b>Dla Kogo: <\/b>Kobiety<\/p>\n<p><b>Bobasy:<\/b><span style=\"font-weight: 400;\"> nie\u00a0<\/span><\/p>\n<p><strong>J\u0119zyk:<\/strong> PL<\/p>","protected":false},"featured_media":3296,"template":"","meta":{"_et_pb_use_builder":"","_et_pb_old_content":"","_et_gb_content_width":""},"product_brand":[],"product_cat":[35,46],"product_tag":[],"class_list":{"0":"post-2708","1":"product","2":"type-product","3":"status-publish","4":"has-post-thumbnail","6":"product_cat-mama-open","7":"product_cat-sobota-open","9":"first","10":"instock","11":"virtual","12":"taxable","13":"product-type-simple"},"yoast_head":"<!-- This site is optimized with the Yoast SEO plugin v25.1 - https:\/\/yoast.com\/wordpress\/plugins\/seo\/ -->\n<title>Kr\u0105g op\u0142akiwania | Eliza Mikucka - Mama Global Healing<\/title>\n<meta name=\"description\" content=\"bezpieczna przestrze\u0144 op\u0142akiwania | tutaj mo\u017cesz wnie\u015b\u0107 sw\u00f3j \u017cal, smutek i \u017ca\u0142ob\u0119, strat\u0119 i rozczarowanie | spotkanie o charakterze kr\u0119gu\" \/>\n<meta name=\"robots\" content=\"index, follow, max-snippet:-1, max-image-preview:large, max-video-preview:-1\" \/>\n<link rel=\"canonical\" href=\"https:\/\/mamaglobalhealing.com\/en\/product\/krag-oplakiwania\/\" \/>\n<meta property=\"og:locale\" content=\"en_GB\" \/>\n<meta property=\"og:type\" content=\"article\" \/>\n<meta property=\"og:title\" content=\"Kr\u0105g op\u0142akiwania | Eliza Mikucka - Mama Global Healing\" \/>\n<meta property=\"og:description\" content=\"bezpieczna przestrze\u0144 op\u0142akiwania | tutaj mo\u017cesz wnie\u015b\u0107 sw\u00f3j \u017cal, smutek i \u017ca\u0142ob\u0119, strat\u0119 i rozczarowanie | spotkanie o charakterze kr\u0119gu\" \/>\n<meta property=\"og:url\" content=\"https:\/\/mamaglobalhealing.com\/en\/product\/krag-oplakiwania\/\" \/>\n<meta property=\"og:site_name\" content=\"Mama Global Healing\" \/>\n<meta property=\"article:modified_time\" content=\"2022-06-01T09:31:56+00:00\" \/>\n<meta property=\"og:image\" content=\"https:\/\/mamaglobalhealing.com\/wp-content\/uploads\/2022\/04\/PIC_3501-scaled.jpg\" \/>\n\t<meta property=\"og:image:width\" content=\"2560\" \/>\n\t<meta property=\"og:image:height\" content=\"1709\" \/>\n\t<meta property=\"og:image:type\" content=\"image\/jpeg\" \/>\n<meta name=\"twitter:card\" content=\"summary_large_image\" \/>\n<script type=\"application\/ld+json\" class=\"yoast-schema-graph\">{\"@context\":\"https:\/\/schema.org\",\"@graph\":[{\"@type\":\"WebPage\",\"@id\":\"https:\/\/mamaglobalhealing.com\/produkt\/krag-oplakiwania\/\",\"url\":\"https:\/\/mamaglobalhealing.com\/produkt\/krag-oplakiwania\/\",\"name\":\"Kr\u0105g op\u0142akiwania | Eliza Mikucka - Mama Global Healing\",\"isPartOf\":{\"@id\":\"https:\/\/mamaglobalhealing.com\/#website\"},\"primaryImageOfPage\":{\"@id\":\"https:\/\/mamaglobalhealing.com\/produkt\/krag-oplakiwania\/#primaryimage\"},\"image\":{\"@id\":\"https:\/\/mamaglobalhealing.com\/produkt\/krag-oplakiwania\/#primaryimage\"},\"thumbnailUrl\":\"https:\/\/mamaglobalhealing.com\/wp-content\/uploads\/2022\/04\/PIC_3501-scaled.jpg\",\"datePublished\":\"2022-04-27T19:34:40+00:00\",\"dateModified\":\"2022-06-01T09:31:56+00:00\",\"description\":\"bezpieczna przestrze\u0144 op\u0142akiwania | tutaj mo\u017cesz wnie\u015b\u0107 sw\u00f3j \u017cal, smutek i \u017ca\u0142ob\u0119, strat\u0119 i rozczarowanie | spotkanie o charakterze kr\u0119gu\",\"breadcrumb\":{\"@id\":\"https:\/\/mamaglobalhealing.com\/produkt\/krag-oplakiwania\/#breadcrumb\"},\"inLanguage\":\"en-GB\",\"potentialAction\":[{\"@type\":\"ReadAction\",\"target\":[\"https:\/\/mamaglobalhealing.com\/produkt\/krag-oplakiwania\/\"]}]},{\"@type\":\"ImageObject\",\"inLanguage\":\"en-GB\",\"@id\":\"https:\/\/mamaglobalhealing.com\/produkt\/krag-oplakiwania\/#primaryimage\",\"url\":\"https:\/\/mamaglobalhealing.com\/wp-content\/uploads\/2022\/04\/PIC_3501-scaled.jpg\",\"contentUrl\":\"https:\/\/mamaglobalhealing.com\/wp-content\/uploads\/2022\/04\/PIC_3501-scaled.jpg\",\"width\":2560,\"height\":1709},{\"@type\":\"BreadcrumbList\",\"@id\":\"https:\/\/mamaglobalhealing.com\/produkt\/krag-oplakiwania\/#breadcrumb\",\"itemListElement\":[{\"@type\":\"ListItem\",\"position\":1,\"name\":\"Strona g\u0142\u00f3wna\",\"item\":\"https:\/\/mamaglobalhealing.com\/\"},{\"@type\":\"ListItem\",\"position\":2,\"name\":\"Sklep\",\"item\":\"https:\/\/mamaglobalhealing.com\/sklep\/\"},{\"@type\":\"ListItem\",\"position\":3,\"name\":\"Kr\u0105g op\u0142akiwania | Eliza Mikucka\"}]},{\"@type\":\"WebSite\",\"@id\":\"https:\/\/mamaglobalhealing.com\/#website\",\"url\":\"https:\/\/mamaglobalhealing.com\/\",\"name\":\"Mama Global Healing\",\"description\":\"Kolejna witryna WordPress\",\"potentialAction\":[{\"@type\":\"SearchAction\",\"target\":{\"@type\":\"EntryPoint\",\"urlTemplate\":\"https:\/\/mamaglobalhealing.com\/?s={search_term_string}\"},\"query-input\":{\"@type\":\"PropertyValueSpecification\",\"valueRequired\":true,\"valueName\":\"search_term_string\"}}],\"inLanguage\":\"en-GB\"}]}<\/script>\n<!-- \/ Yoast SEO plugin. -->","yoast_head_json":{"title":"Kr\u0105g op\u0142akiwania | Eliza Mikucka - Mama Global Healing","description":"bezpieczna przestrze\u0144 op\u0142akiwania | tutaj mo\u017cesz wnie\u015b\u0107 sw\u00f3j \u017cal, smutek i \u017ca\u0142ob\u0119, strat\u0119 i rozczarowanie | spotkanie o charakterze kr\u0119gu","robots":{"index":"index","follow":"follow","max-snippet":"max-snippet:-1","max-image-preview":"max-image-preview:large","max-video-preview":"max-video-preview:-1"},"canonical":"https:\/\/mamaglobalhealing.com\/en\/product\/krag-oplakiwania\/","og_locale":"en_GB","og_type":"article","og_title":"Kr\u0105g op\u0142akiwania | Eliza Mikucka - Mama Global Healing","og_description":"bezpieczna przestrze\u0144 op\u0142akiwania | tutaj mo\u017cesz wnie\u015b\u0107 sw\u00f3j \u017cal, smutek i \u017ca\u0142ob\u0119, strat\u0119 i rozczarowanie | spotkanie o charakterze kr\u0119gu","og_url":"https:\/\/mamaglobalhealing.com\/en\/product\/krag-oplakiwania\/","og_site_name":"Mama Global Healing","article_modified_time":"2022-06-01T09:31:56+00:00","og_image":[{"width":2560,"height":1709,"url":"https:\/\/mamaglobalhealing.com\/wp-content\/uploads\/2022\/04\/PIC_3501-scaled.jpg","type":"image\/jpeg"}],"twitter_card":"summary_large_image","schema":{"@context":"https:\/\/schema.org","@graph":[{"@type":"WebPage","@id":"https:\/\/mamaglobalhealing.com\/produkt\/krag-oplakiwania\/","url":"https:\/\/mamaglobalhealing.com\/produkt\/krag-oplakiwania\/","name":"Kr\u0105g op\u0142akiwania | Eliza Mikucka - Mama Global Healing","isPartOf":{"@id":"https:\/\/mamaglobalhealing.com\/#website"},"primaryImageOfPage":{"@id":"https:\/\/mamaglobalhealing.com\/produkt\/krag-oplakiwania\/#primaryimage"},"image":{"@id":"https:\/\/mamaglobalhealing.com\/produkt\/krag-oplakiwania\/#primaryimage"},"thumbnailUrl":"https:\/\/mamaglobalhealing.com\/wp-content\/uploads\/2022\/04\/PIC_3501-scaled.jpg","datePublished":"2022-04-27T19:34:40+00:00","dateModified":"2022-06-01T09:31:56+00:00","description":"bezpieczna przestrze\u0144 op\u0142akiwania | tutaj mo\u017cesz wnie\u015b\u0107 sw\u00f3j \u017cal, smutek i \u017ca\u0142ob\u0119, strat\u0119 i rozczarowanie | spotkanie o charakterze kr\u0119gu","breadcrumb":{"@id":"https:\/\/mamaglobalhealing.com\/produkt\/krag-oplakiwania\/#breadcrumb"},"inLanguage":"en-GB","potentialAction":[{"@type":"ReadAction","target":["https:\/\/mamaglobalhealing.com\/produkt\/krag-oplakiwania\/"]}]},{"@type":"ImageObject","inLanguage":"en-GB","@id":"https:\/\/mamaglobalhealing.com\/produkt\/krag-oplakiwania\/#primaryimage","url":"https:\/\/mamaglobalhealing.com\/wp-content\/uploads\/2022\/04\/PIC_3501-scaled.jpg","contentUrl":"https:\/\/mamaglobalhealing.com\/wp-content\/uploads\/2022\/04\/PIC_3501-scaled.jpg","width":2560,"height":1709},{"@type":"BreadcrumbList","@id":"https:\/\/mamaglobalhealing.com\/produkt\/krag-oplakiwania\/#breadcrumb","itemListElement":[{"@type":"ListItem","position":1,"name":"Strona g\u0142\u00f3wna","item":"https:\/\/mamaglobalhealing.com\/"},{"@type":"ListItem","position":2,"name":"Sklep","item":"https:\/\/mamaglobalhealing.com\/sklep\/"},{"@type":"ListItem","position":3,"name":"Kr\u0105g op\u0142akiwania | Eliza Mikucka"}]},{"@type":"WebSite","@id":"https:\/\/mamaglobalhealing.com\/#website","url":"https:\/\/mamaglobalhealing.com\/","name":"Mama Global Healing","description":"Kolejna witryna WordPress","potentialAction":[{"@type":"SearchAction","target":{"@type":"EntryPoint","urlTemplate":"https:\/\/mamaglobalhealing.com\/?s={search_term_string}"},"query-input":{"@type":"PropertyValueSpecification","valueRequired":true,"valueName":"search_term_string"}}],"inLanguage":"en-GB"}]}},"_links":{"self":[{"href":"https:\/\/mamaglobalhealing.com\/en\/wp-json\/wp\/v2\/product\/2708","targetHints":{"allow":["GET"]}}],"collection":[{"href":"https:\/\/mamaglobalhealing.com\/en\/wp-json\/wp\/v2\/product"}],"about":[{"href":"https:\/\/mamaglobalhealing.com\/en\/wp-json\/wp\/v2\/types\/product"}],"wp:featuredmedia":[{"embeddable":true,"href":"https:\/\/mamaglobalhealing.com\/en\/wp-json\/wp\/v2\/media\/3296"}],"wp:attachment":[{"href":"https:\/\/mamaglobalhealing.com\/en\/wp-json\/wp\/v2\/media?parent=2708"}],"wp:term":[{"taxonomy":"product_brand","embeddable":true,"href":"https:\/\/mamaglobalhealing.com\/en\/wp-json\/wp\/v2\/product_brand?post=2708"},{"taxonomy":"product_cat","embeddable":true,"href":"https:\/\/mamaglobalhealing.com\/en\/wp-json\/wp\/v2\/product_cat?post=2708"},{"taxonomy":"product_tag","embeddable":true,"href":"https:\/\/mamaglobalhealing.com\/en\/wp-json\/wp\/v2\/product_tag?post=2708"}],"curies":[{"name":"wp","href":"https:\/\/api.w.org\/{rel}","templated":true}]}}