{"id":2709,"date":"2022-04-27T19:35:25","date_gmt":"2022-04-27T19:35:25","guid":{"rendered":"https:\/\/mamaglobalhealing.com\/?post_type=product&#038;p=2709"},"modified":"2022-11-17T11:09:54","modified_gmt":"2022-11-17T11:09:54","slug":"chwalcie-laki-umajone-jak-opowiadac-historie-swojego-zycia-z-wykorzystaniem-zapachow-roslinnych-warsztat-perfumeryjny","status":"publish","type":"product","link":"https:\/\/mamaglobalhealing.com\/en\/product\/chwalcie-laki-umajone-jak-opowiadac-historie-swojego-zycia-z-wykorzystaniem-zapachow-roslinnych-warsztat-perfumeryjny\/","title":{"rendered":"CHWALCIE \u0141\u0104KI UMAJONE Jak opowiada\u0107 histori\u0119 swojego \u017cycia z wykorzystaniem zapach\u00f3w ro\u015blinnych &#8211; warsztat perfumeryjny | Patrycja Besaha | Las Kobiet"},"content":{"rendered":"","protected":false},"excerpt":{"rendered":"<p><span style=\"font-weight: 400;\"> Tym razem zabior\u0119 uczestniczki w podr\u00f3\u017c po zapachach ro\u015blinnych. Opowiem o tym jak nasz zmys\u0142 powonienia cierpi od syntetycznych zapach\u00f3w. Jak rozpoznawa\u0107 zapachy naturalne. W jaki spos\u00f3b pozyskuje si\u0119 i zatrzymuje zapachy natury. Poka\u017c\u0119 jak zapachem mo\u017cna wyra\u017ca\u0107 siebie i opowiada\u0107 nim histori\u0119 swojego \u017cycia. Ka\u017cda uczestniczka otrzyma fiolk\u0119 naturalnych perfum. <\/span><\/p>\n<p><b>Prowadz\u0105ca:<\/b><span style=\"font-weight: 400;\"> Patrycja Besaha | Las Kobiet<\/span><\/p>\n<p><b>Czas trwania:<\/b> 2h<\/p>\n<p><b>Data i godzina: <\/b>sobota 14:30 &#8211; 16:30<\/p>\n<p><b>Miejsce: <\/b><a href=\"https:\/\/mamaglobalhealing.com\/en\/mama-line-up\/karma-place\/\">Karma Place<\/a><\/p>\n<p><b>Liczba os\u00f3b: <\/b> 10<\/p>\n<p><b>Dla Kogo: <\/b>Wszyscy<\/p>\n<p><b>Bobasy:<\/b><span style=\"font-weight: 400;\"> Tak\u00a0<\/span><\/p>\n<p><b>Cena: <\/b>55 PLN<\/p>","protected":false},"featured_media":3300,"template":"","meta":{"_et_pb_use_builder":"","_et_pb_old_content":"","_et_gb_content_width":""},"product_brand":[],"product_cat":[34,42],"product_tag":[],"class_list":{"0":"post-2709","1":"product","2":"type-product","3":"status-publish","4":"has-post-thumbnail","6":"product_cat-mama-work","7":"product_cat-sobota","9":"first","10":"instock","11":"virtual","12":"taxable","13":"product-type-simple"},"yoast_head":"<!-- This site is optimized with the Yoast SEO plugin v25.1 - https:\/\/yoast.com\/wordpress\/plugins\/seo\/ -->\n<title>CHWALCIE \u0141\u0104KI UMAJONE Jak opowiada\u0107 histori\u0119 swojego \u017cycia z wykorzystaniem zapach\u00f3w ro\u015blinnych - warsztat perfumeryjny | Patrycja Besaha | Las Kobiet - Mama Global Healing<\/title>\n<meta name=\"robots\" content=\"index, follow, max-snippet:-1, max-image-preview:large, max-video-preview:-1\" \/>\n<link rel=\"canonical\" href=\"https:\/\/mamaglobalhealing.com\/en\/product\/chwalcie-laki-umajone-jak-opowiadac-historie-swojego-zycia-z-wykorzystaniem-zapachow-roslinnych-warsztat-perfumeryjny\/\" \/>\n<meta property=\"og:locale\" content=\"en_GB\" \/>\n<meta property=\"og:type\" content=\"article\" \/>\n<meta property=\"og:title\" content=\"CHWALCIE \u0141\u0104KI UMAJONE Jak opowiada\u0107 histori\u0119 swojego \u017cycia z wykorzystaniem zapach\u00f3w ro\u015blinnych - warsztat perfumeryjny | Patrycja Besaha | Las Kobiet - Mama Global Healing\" \/>\n<meta property=\"og:description\" content=\"Tym razem zabior\u0119 uczestniczki w podr\u00f3\u017c po zapachach ro\u015blinnych. Opowiem o tym jak nasz zmys\u0142 powonienia cierpi od syntetycznych zapach\u00f3w. Jak rozpoznawa\u0107 zapachy naturalne. W jaki spos\u00f3b pozyskuje si\u0119 i zatrzymuje zapachy natury. Poka\u017c\u0119 jak zapachem mo\u017cna wyra\u017ca\u0107 siebie i opowiada\u0107 nim histori\u0119 swojego \u017cycia. Ka\u017cda uczestniczka otrzyma fiolk\u0119 naturalnych perfum.\" \/>\n<meta property=\"og:url\" content=\"https:\/\/mamaglobalhealing.com\/en\/product\/chwalcie-laki-umajone-jak-opowiadac-historie-swojego-zycia-z-wykorzystaniem-zapachow-roslinnych-warsztat-perfumeryjny\/\" \/>\n<meta property=\"og:site_name\" content=\"Mama Global Healing\" \/>\n<meta property=\"article:modified_time\" content=\"2022-11-17T11:09:54+00:00\" \/>\n<meta property=\"og:image\" content=\"https:\/\/mamaglobalhealing.com\/wp-content\/uploads\/2022\/04\/IMG_1128-scaled.jpg\" \/>\n\t<meta property=\"og:image:width\" content=\"1851\" \/>\n\t<meta property=\"og:image:height\" content=\"2560\" \/>\n\t<meta property=\"og:image:type\" content=\"image\/jpeg\" \/>\n<meta name=\"twitter:card\" content=\"summary_large_image\" \/>\n<script type=\"application\/ld+json\" class=\"yoast-schema-graph\">{\"@context\":\"https:\/\/schema.org\",\"@graph\":[{\"@type\":\"WebPage\",\"@id\":\"https:\/\/mamaglobalhealing.com\/produkt\/chwalcie-laki-umajone-jak-opowiadac-historie-swojego-zycia-z-wykorzystaniem-zapachow-roslinnych-warsztat-perfumeryjny\/\",\"url\":\"https:\/\/mamaglobalhealing.com\/produkt\/chwalcie-laki-umajone-jak-opowiadac-historie-swojego-zycia-z-wykorzystaniem-zapachow-roslinnych-warsztat-perfumeryjny\/\",\"name\":\"CHWALCIE \u0141\u0104KI UMAJONE Jak opowiada\u0107 histori\u0119 swojego \u017cycia z wykorzystaniem zapach\u00f3w ro\u015blinnych - warsztat perfumeryjny | Patrycja Besaha | Las Kobiet - Mama Global Healing\",\"isPartOf\":{\"@id\":\"https:\/\/mamaglobalhealing.com\/#website\"},\"primaryImageOfPage\":{\"@id\":\"https:\/\/mamaglobalhealing.com\/produkt\/chwalcie-laki-umajone-jak-opowiadac-historie-swojego-zycia-z-wykorzystaniem-zapachow-roslinnych-warsztat-perfumeryjny\/#primaryimage\"},\"image\":{\"@id\":\"https:\/\/mamaglobalhealing.com\/produkt\/chwalcie-laki-umajone-jak-opowiadac-historie-swojego-zycia-z-wykorzystaniem-zapachow-roslinnych-warsztat-perfumeryjny\/#primaryimage\"},\"thumbnailUrl\":\"https:\/\/mamaglobalhealing.com\/wp-content\/uploads\/2022\/04\/IMG_1128-scaled.jpg\",\"datePublished\":\"2022-04-27T19:35:25+00:00\",\"dateModified\":\"2022-11-17T11:09:54+00:00\",\"breadcrumb\":{\"@id\":\"https:\/\/mamaglobalhealing.com\/produkt\/chwalcie-laki-umajone-jak-opowiadac-historie-swojego-zycia-z-wykorzystaniem-zapachow-roslinnych-warsztat-perfumeryjny\/#breadcrumb\"},\"inLanguage\":\"en-GB\",\"potentialAction\":[{\"@type\":\"ReadAction\",\"target\":[\"https:\/\/mamaglobalhealing.com\/produkt\/chwalcie-laki-umajone-jak-opowiadac-historie-swojego-zycia-z-wykorzystaniem-zapachow-roslinnych-warsztat-perfumeryjny\/\"]}]},{\"@type\":\"ImageObject\",\"inLanguage\":\"en-GB\",\"@id\":\"https:\/\/mamaglobalhealing.com\/produkt\/chwalcie-laki-umajone-jak-opowiadac-historie-swojego-zycia-z-wykorzystaniem-zapachow-roslinnych-warsztat-perfumeryjny\/#primaryimage\",\"url\":\"https:\/\/mamaglobalhealing.com\/wp-content\/uploads\/2022\/04\/IMG_1128-scaled.jpg\",\"contentUrl\":\"https:\/\/mamaglobalhealing.com\/wp-content\/uploads\/2022\/04\/IMG_1128-scaled.jpg\",\"width\":1851,\"height\":2560},{\"@type\":\"BreadcrumbList\",\"@id\":\"https:\/\/mamaglobalhealing.com\/produkt\/chwalcie-laki-umajone-jak-opowiadac-historie-swojego-zycia-z-wykorzystaniem-zapachow-roslinnych-warsztat-perfumeryjny\/#breadcrumb\",\"itemListElement\":[{\"@type\":\"ListItem\",\"position\":1,\"name\":\"Strona g\u0142\u00f3wna\",\"item\":\"https:\/\/mamaglobalhealing.com\/\"},{\"@type\":\"ListItem\",\"position\":2,\"name\":\"Sklep\",\"item\":\"https:\/\/mamaglobalhealing.com\/sklep\/\"},{\"@type\":\"ListItem\",\"position\":3,\"name\":\"CHWALCIE \u0141\u0104KI UMAJONE Jak opowiada\u0107 histori\u0119 swojego \u017cycia z&nbsp;wykorzystaniem zapach\u00f3w ro\u015blinnych &#8211; warsztat perfumeryjny | Patrycja Besaha | Las Kobiet\"}]},{\"@type\":\"WebSite\",\"@id\":\"https:\/\/mamaglobalhealing.com\/#website\",\"url\":\"https:\/\/mamaglobalhealing.com\/\",\"name\":\"Mama Global Healing\",\"description\":\"Kolejna witryna WordPress\",\"potentialAction\":[{\"@type\":\"SearchAction\",\"target\":{\"@type\":\"EntryPoint\",\"urlTemplate\":\"https:\/\/mamaglobalhealing.com\/?s={search_term_string}\"},\"query-input\":{\"@type\":\"PropertyValueSpecification\",\"valueRequired\":true,\"valueName\":\"search_term_string\"}}],\"inLanguage\":\"en-GB\"}]}<\/script>\n<!-- \/ Yoast SEO plugin. -->","yoast_head_json":{"title":"CHWALCIE \u0141\u0104KI UMAJONE Jak opowiada\u0107 histori\u0119 swojego \u017cycia z wykorzystaniem zapach\u00f3w ro\u015blinnych - warsztat perfumeryjny | Patrycja Besaha | Las Kobiet - Mama Global Healing","robots":{"index":"index","follow":"follow","max-snippet":"max-snippet:-1","max-image-preview":"max-image-preview:large","max-video-preview":"max-video-preview:-1"},"canonical":"https:\/\/mamaglobalhealing.com\/en\/product\/chwalcie-laki-umajone-jak-opowiadac-historie-swojego-zycia-z-wykorzystaniem-zapachow-roslinnych-warsztat-perfumeryjny\/","og_locale":"en_GB","og_type":"article","og_title":"CHWALCIE \u0141\u0104KI UMAJONE Jak opowiada\u0107 histori\u0119 swojego \u017cycia z wykorzystaniem zapach\u00f3w ro\u015blinnych - warsztat perfumeryjny | Patrycja Besaha | Las Kobiet - Mama Global Healing","og_description":"Tym razem zabior\u0119 uczestniczki w podr\u00f3\u017c po zapachach ro\u015blinnych. Opowiem o tym jak nasz zmys\u0142 powonienia cierpi od syntetycznych zapach\u00f3w. Jak rozpoznawa\u0107 zapachy naturalne. W jaki spos\u00f3b pozyskuje si\u0119 i zatrzymuje zapachy natury. Poka\u017c\u0119 jak zapachem mo\u017cna wyra\u017ca\u0107 siebie i opowiada\u0107 nim histori\u0119 swojego \u017cycia. Ka\u017cda uczestniczka otrzyma fiolk\u0119 naturalnych perfum.","og_url":"https:\/\/mamaglobalhealing.com\/en\/product\/chwalcie-laki-umajone-jak-opowiadac-historie-swojego-zycia-z-wykorzystaniem-zapachow-roslinnych-warsztat-perfumeryjny\/","og_site_name":"Mama Global Healing","article_modified_time":"2022-11-17T11:09:54+00:00","og_image":[{"width":1851,"height":2560,"url":"https:\/\/mamaglobalhealing.com\/wp-content\/uploads\/2022\/04\/IMG_1128-scaled.jpg","type":"image\/jpeg"}],"twitter_card":"summary_large_image","schema":{"@context":"https:\/\/schema.org","@graph":[{"@type":"WebPage","@id":"https:\/\/mamaglobalhealing.com\/produkt\/chwalcie-laki-umajone-jak-opowiadac-historie-swojego-zycia-z-wykorzystaniem-zapachow-roslinnych-warsztat-perfumeryjny\/","url":"https:\/\/mamaglobalhealing.com\/produkt\/chwalcie-laki-umajone-jak-opowiadac-historie-swojego-zycia-z-wykorzystaniem-zapachow-roslinnych-warsztat-perfumeryjny\/","name":"CHWALCIE \u0141\u0104KI UMAJONE Jak opowiada\u0107 histori\u0119 swojego \u017cycia z wykorzystaniem zapach\u00f3w ro\u015blinnych - warsztat perfumeryjny | Patrycja Besaha | Las Kobiet - Mama Global Healing","isPartOf":{"@id":"https:\/\/mamaglobalhealing.com\/#website"},"primaryImageOfPage":{"@id":"https:\/\/mamaglobalhealing.com\/produkt\/chwalcie-laki-umajone-jak-opowiadac-historie-swojego-zycia-z-wykorzystaniem-zapachow-roslinnych-warsztat-perfumeryjny\/#primaryimage"},"image":{"@id":"https:\/\/mamaglobalhealing.com\/produkt\/chwalcie-laki-umajone-jak-opowiadac-historie-swojego-zycia-z-wykorzystaniem-zapachow-roslinnych-warsztat-perfumeryjny\/#primaryimage"},"thumbnailUrl":"https:\/\/mamaglobalhealing.com\/wp-content\/uploads\/2022\/04\/IMG_1128-scaled.jpg","datePublished":"2022-04-27T19:35:25+00:00","dateModified":"2022-11-17T11:09:54+00:00","breadcrumb":{"@id":"https:\/\/mamaglobalhealing.com\/produkt\/chwalcie-laki-umajone-jak-opowiadac-historie-swojego-zycia-z-wykorzystaniem-zapachow-roslinnych-warsztat-perfumeryjny\/#breadcrumb"},"inLanguage":"en-GB","potentialAction":[{"@type":"ReadAction","target":["https:\/\/mamaglobalhealing.com\/produkt\/chwalcie-laki-umajone-jak-opowiadac-historie-swojego-zycia-z-wykorzystaniem-zapachow-roslinnych-warsztat-perfumeryjny\/"]}]},{"@type":"ImageObject","inLanguage":"en-GB","@id":"https:\/\/mamaglobalhealing.com\/produkt\/chwalcie-laki-umajone-jak-opowiadac-historie-swojego-zycia-z-wykorzystaniem-zapachow-roslinnych-warsztat-perfumeryjny\/#primaryimage","url":"https:\/\/mamaglobalhealing.com\/wp-content\/uploads\/2022\/04\/IMG_1128-scaled.jpg","contentUrl":"https:\/\/mamaglobalhealing.com\/wp-content\/uploads\/2022\/04\/IMG_1128-scaled.jpg","width":1851,"height":2560},{"@type":"BreadcrumbList","@id":"https:\/\/mamaglobalhealing.com\/produkt\/chwalcie-laki-umajone-jak-opowiadac-historie-swojego-zycia-z-wykorzystaniem-zapachow-roslinnych-warsztat-perfumeryjny\/#breadcrumb","itemListElement":[{"@type":"ListItem","position":1,"name":"Strona g\u0142\u00f3wna","item":"https:\/\/mamaglobalhealing.com\/"},{"@type":"ListItem","position":2,"name":"Sklep","item":"https:\/\/mamaglobalhealing.com\/sklep\/"},{"@type":"ListItem","position":3,"name":"CHWALCIE \u0141\u0104KI UMAJONE Jak opowiada\u0107 histori\u0119 swojego \u017cycia z&nbsp;wykorzystaniem zapach\u00f3w ro\u015blinnych &#8211; warsztat perfumeryjny | Patrycja Besaha | Las Kobiet"}]},{"@type":"WebSite","@id":"https:\/\/mamaglobalhealing.com\/#website","url":"https:\/\/mamaglobalhealing.com\/","name":"Mama Global Healing","description":"Kolejna witryna WordPress","potentialAction":[{"@type":"SearchAction","target":{"@type":"EntryPoint","urlTemplate":"https:\/\/mamaglobalhealing.com\/?s={search_term_string}"},"query-input":{"@type":"PropertyValueSpecification","valueRequired":true,"valueName":"search_term_string"}}],"inLanguage":"en-GB"}]}},"_links":{"self":[{"href":"https:\/\/mamaglobalhealing.com\/en\/wp-json\/wp\/v2\/product\/2709","targetHints":{"allow":["GET"]}}],"collection":[{"href":"https:\/\/mamaglobalhealing.com\/en\/wp-json\/wp\/v2\/product"}],"about":[{"href":"https:\/\/mamaglobalhealing.com\/en\/wp-json\/wp\/v2\/types\/product"}],"wp:featuredmedia":[{"embeddable":true,"href":"https:\/\/mamaglobalhealing.com\/en\/wp-json\/wp\/v2\/media\/3300"}],"wp:attachment":[{"href":"https:\/\/mamaglobalhealing.com\/en\/wp-json\/wp\/v2\/media?parent=2709"}],"wp:term":[{"taxonomy":"product_brand","embeddable":true,"href":"https:\/\/mamaglobalhealing.com\/en\/wp-json\/wp\/v2\/product_brand?post=2709"},{"taxonomy":"product_cat","embeddable":true,"href":"https:\/\/mamaglobalhealing.com\/en\/wp-json\/wp\/v2\/product_cat?post=2709"},{"taxonomy":"product_tag","embeddable":true,"href":"https:\/\/mamaglobalhealing.com\/en\/wp-json\/wp\/v2\/product_tag?post=2709"}],"curies":[{"name":"wp","href":"https:\/\/api.w.org\/{rel}","templated":true}]}}