{"id":2711,"date":"2022-04-27T19:44:06","date_gmt":"2022-04-27T19:44:06","guid":{"rendered":"https:\/\/mamaglobalhealing.com\/?post_type=product&#038;p=2711"},"modified":"2022-07-01T18:53:14","modified_gmt":"2022-07-01T18:53:14","slug":"kapiel-w-dzwiekach","status":"publish","type":"product","link":"https:\/\/mamaglobalhealing.com\/en\/product\/kapiel-w-dzwiekach\/","title":{"rendered":"K\u0105piel w d\u017awi\u0119kach &#8211; Healing Soundbath  PL \/ ENG | Kamila Domin"},"content":{"rendered":"","protected":false},"excerpt":{"rendered":"<p><span style=\"font-weight: 400;\"> Relaks, regeneracja i podr\u00f3\u017c w g\u0142\u0105b siebie&#8230;<\/span><\/p>\n<p><span id=\"[0,10]\" class=\"word\">Relaxation<\/span>, <span id=\"[12,22]\" class=\"word\">recreation<\/span> <span id=\"[23,26]\" class=\"word\">and<\/span> <span id=\"[27,28]\" class=\"word\">a<\/span> <span id=\"[29,36]\" class=\"word\">journey<\/span> <span id=\"[37,39]\" class=\"word\">in<\/span> <span id=\"[40,48]\" class=\"word\">yourself<\/span>&#8230;<\/p>\n<p><b>Prowadz\u0105ca:<\/b><span style=\"font-weight: 400;\"> Kamila Domin<\/span><\/p>\n<p><b>Czas trwania:<\/b> 1h<\/p>\n<p><b>Data i godzina:<\/b> sobota | saturday 21:30 &#8211; 23:00<\/p>\n<p><b>Miejsce:<\/b> <a href=\"https:\/\/mamaglobalhealing.com\/en\/mama-line-up\/tent-de-vito\/\">WHITE TENT\u00a0<\/a><\/p>\n<p><b>Liczba os\u00f3b:<\/b> bo | no limits<\/p>\n<p><b>Dla Kogo:\u00a0<\/b>Wszyscy | Everyone<\/p>\n<p><b>Bobasy:<\/b><span style=\"font-weight: 400;\"> tak | kids friendly<\/span><\/p>\n<p><strong>J\u0119zyk:<\/strong> PL\/ENG<\/p>","protected":false},"featured_media":2903,"template":"","meta":{"_et_pb_use_builder":"","_et_pb_old_content":"","_et_gb_content_width":""},"product_brand":[],"product_cat":[35,45],"product_tag":[],"class_list":{"0":"post-2711","1":"product","2":"type-product","3":"status-publish","4":"has-post-thumbnail","6":"product_cat-mama-open","7":"product_cat-piatek-open","9":"first","10":"instock","11":"virtual","12":"taxable","13":"product-type-simple"},"yoast_head":"<!-- This site is optimized with the Yoast SEO plugin v25.1 - https:\/\/yoast.com\/wordpress\/plugins\/seo\/ -->\n<title>K\u0105piel w d\u017awi\u0119kach - Healing Soundbath PL \/ ENG | Kamila Domin - Mama Global Healing<\/title>\n<meta name=\"robots\" content=\"index, follow, max-snippet:-1, max-image-preview:large, max-video-preview:-1\" \/>\n<link rel=\"canonical\" href=\"https:\/\/mamaglobalhealing.com\/en\/product\/kapiel-w-dzwiekach\/\" \/>\n<meta property=\"og:locale\" content=\"en_GB\" \/>\n<meta property=\"og:type\" content=\"article\" \/>\n<meta property=\"og:title\" content=\"K\u0105piel w d\u017awi\u0119kach - Healing Soundbath PL \/ ENG | Kamila Domin - Mama Global Healing\" \/>\n<meta property=\"og:description\" content=\"Relaks, regeneracja i podr\u00f3\u017c w g\u0142\u0105b siebie...  Relaxation, recreation and a journey in yourself...  Prowadz\u0105ca: Kamila Domin  Czas trwania: 1h  Data i godzina: sobota | saturday 21:30 - 23:00  Miejsce: WHITE TENT\u00a0  Liczba os\u00f3b: bo | no limits  Dla Kogo:\u00a0Wszyscy | Everyone  Bobasy: tak | kids friendly  J\u0119zyk: PL\/ENG\" \/>\n<meta property=\"og:url\" content=\"https:\/\/mamaglobalhealing.com\/en\/product\/kapiel-w-dzwiekach\/\" \/>\n<meta property=\"og:site_name\" content=\"Mama Global Healing\" \/>\n<meta property=\"article:modified_time\" content=\"2022-07-01T18:53:14+00:00\" \/>\n<meta property=\"og:image\" content=\"https:\/\/mamaglobalhealing.com\/wp-content\/uploads\/2022\/04\/64.png\" \/>\n\t<meta property=\"og:image:width\" content=\"1080\" \/>\n\t<meta property=\"og:image:height\" content=\"1080\" \/>\n\t<meta property=\"og:image:type\" content=\"image\/png\" \/>\n<meta name=\"twitter:card\" content=\"summary_large_image\" \/>\n<script type=\"application\/ld+json\" class=\"yoast-schema-graph\">{\"@context\":\"https:\/\/schema.org\",\"@graph\":[{\"@type\":\"WebPage\",\"@id\":\"https:\/\/mamaglobalhealing.com\/produkt\/kapiel-w-dzwiekach\/\",\"url\":\"https:\/\/mamaglobalhealing.com\/produkt\/kapiel-w-dzwiekach\/\",\"name\":\"K\u0105piel w d\u017awi\u0119kach - Healing Soundbath PL \/ ENG | Kamila Domin - Mama Global Healing\",\"isPartOf\":{\"@id\":\"https:\/\/mamaglobalhealing.com\/#website\"},\"primaryImageOfPage\":{\"@id\":\"https:\/\/mamaglobalhealing.com\/produkt\/kapiel-w-dzwiekach\/#primaryimage\"},\"image\":{\"@id\":\"https:\/\/mamaglobalhealing.com\/produkt\/kapiel-w-dzwiekach\/#primaryimage\"},\"thumbnailUrl\":\"https:\/\/mamaglobalhealing.com\/wp-content\/uploads\/2022\/04\/64.png\",\"datePublished\":\"2022-04-27T19:44:06+00:00\",\"dateModified\":\"2022-07-01T18:53:14+00:00\",\"breadcrumb\":{\"@id\":\"https:\/\/mamaglobalhealing.com\/produkt\/kapiel-w-dzwiekach\/#breadcrumb\"},\"inLanguage\":\"en-GB\",\"potentialAction\":[{\"@type\":\"ReadAction\",\"target\":[\"https:\/\/mamaglobalhealing.com\/produkt\/kapiel-w-dzwiekach\/\"]}]},{\"@type\":\"ImageObject\",\"inLanguage\":\"en-GB\",\"@id\":\"https:\/\/mamaglobalhealing.com\/produkt\/kapiel-w-dzwiekach\/#primaryimage\",\"url\":\"https:\/\/mamaglobalhealing.com\/wp-content\/uploads\/2022\/04\/64.png\",\"contentUrl\":\"https:\/\/mamaglobalhealing.com\/wp-content\/uploads\/2022\/04\/64.png\",\"width\":1080,\"height\":1080},{\"@type\":\"BreadcrumbList\",\"@id\":\"https:\/\/mamaglobalhealing.com\/produkt\/kapiel-w-dzwiekach\/#breadcrumb\",\"itemListElement\":[{\"@type\":\"ListItem\",\"position\":1,\"name\":\"Strona g\u0142\u00f3wna\",\"item\":\"https:\/\/mamaglobalhealing.com\/\"},{\"@type\":\"ListItem\",\"position\":2,\"name\":\"Sklep\",\"item\":\"https:\/\/mamaglobalhealing.com\/sklep\/\"},{\"@type\":\"ListItem\",\"position\":3,\"name\":\"K\u0105piel w&nbsp;d\u017awi\u0119kach &#8211; Healing Soundbath PL \/ ENG | Kamila Domin\"}]},{\"@type\":\"WebSite\",\"@id\":\"https:\/\/mamaglobalhealing.com\/#website\",\"url\":\"https:\/\/mamaglobalhealing.com\/\",\"name\":\"Mama Global Healing\",\"description\":\"Kolejna witryna WordPress\",\"potentialAction\":[{\"@type\":\"SearchAction\",\"target\":{\"@type\":\"EntryPoint\",\"urlTemplate\":\"https:\/\/mamaglobalhealing.com\/?s={search_term_string}\"},\"query-input\":{\"@type\":\"PropertyValueSpecification\",\"valueRequired\":true,\"valueName\":\"search_term_string\"}}],\"inLanguage\":\"en-GB\"}]}<\/script>\n<!-- \/ Yoast SEO plugin. -->","yoast_head_json":{"title":"K\u0105piel w d\u017awi\u0119kach - Healing Soundbath PL \/ ENG | Kamila Domin - Mama Global Healing","robots":{"index":"index","follow":"follow","max-snippet":"max-snippet:-1","max-image-preview":"max-image-preview:large","max-video-preview":"max-video-preview:-1"},"canonical":"https:\/\/mamaglobalhealing.com\/en\/product\/kapiel-w-dzwiekach\/","og_locale":"en_GB","og_type":"article","og_title":"K\u0105piel w d\u017awi\u0119kach - Healing Soundbath PL \/ ENG | Kamila Domin - Mama Global Healing","og_description":"Relaks, regeneracja i podr\u00f3\u017c w g\u0142\u0105b siebie...  Relaxation, recreation and a journey in yourself...  Prowadz\u0105ca: Kamila Domin  Czas trwania: 1h  Data i godzina: sobota | saturday 21:30 - 23:00  Miejsce: WHITE TENT\u00a0  Liczba os\u00f3b: bo | no limits  Dla Kogo:\u00a0Wszyscy | Everyone  Bobasy: tak | kids friendly  J\u0119zyk: PL\/ENG","og_url":"https:\/\/mamaglobalhealing.com\/en\/product\/kapiel-w-dzwiekach\/","og_site_name":"Mama Global Healing","article_modified_time":"2022-07-01T18:53:14+00:00","og_image":[{"width":1080,"height":1080,"url":"https:\/\/mamaglobalhealing.com\/wp-content\/uploads\/2022\/04\/64.png","type":"image\/png"}],"twitter_card":"summary_large_image","schema":{"@context":"https:\/\/schema.org","@graph":[{"@type":"WebPage","@id":"https:\/\/mamaglobalhealing.com\/produkt\/kapiel-w-dzwiekach\/","url":"https:\/\/mamaglobalhealing.com\/produkt\/kapiel-w-dzwiekach\/","name":"K\u0105piel w d\u017awi\u0119kach - Healing Soundbath PL \/ ENG | Kamila Domin - Mama Global Healing","isPartOf":{"@id":"https:\/\/mamaglobalhealing.com\/#website"},"primaryImageOfPage":{"@id":"https:\/\/mamaglobalhealing.com\/produkt\/kapiel-w-dzwiekach\/#primaryimage"},"image":{"@id":"https:\/\/mamaglobalhealing.com\/produkt\/kapiel-w-dzwiekach\/#primaryimage"},"thumbnailUrl":"https:\/\/mamaglobalhealing.com\/wp-content\/uploads\/2022\/04\/64.png","datePublished":"2022-04-27T19:44:06+00:00","dateModified":"2022-07-01T18:53:14+00:00","breadcrumb":{"@id":"https:\/\/mamaglobalhealing.com\/produkt\/kapiel-w-dzwiekach\/#breadcrumb"},"inLanguage":"en-GB","potentialAction":[{"@type":"ReadAction","target":["https:\/\/mamaglobalhealing.com\/produkt\/kapiel-w-dzwiekach\/"]}]},{"@type":"ImageObject","inLanguage":"en-GB","@id":"https:\/\/mamaglobalhealing.com\/produkt\/kapiel-w-dzwiekach\/#primaryimage","url":"https:\/\/mamaglobalhealing.com\/wp-content\/uploads\/2022\/04\/64.png","contentUrl":"https:\/\/mamaglobalhealing.com\/wp-content\/uploads\/2022\/04\/64.png","width":1080,"height":1080},{"@type":"BreadcrumbList","@id":"https:\/\/mamaglobalhealing.com\/produkt\/kapiel-w-dzwiekach\/#breadcrumb","itemListElement":[{"@type":"ListItem","position":1,"name":"Strona g\u0142\u00f3wna","item":"https:\/\/mamaglobalhealing.com\/"},{"@type":"ListItem","position":2,"name":"Sklep","item":"https:\/\/mamaglobalhealing.com\/sklep\/"},{"@type":"ListItem","position":3,"name":"K\u0105piel w&nbsp;d\u017awi\u0119kach &#8211; Healing Soundbath PL \/ ENG | Kamila Domin"}]},{"@type":"WebSite","@id":"https:\/\/mamaglobalhealing.com\/#website","url":"https:\/\/mamaglobalhealing.com\/","name":"Mama Global Healing","description":"Kolejna witryna WordPress","potentialAction":[{"@type":"SearchAction","target":{"@type":"EntryPoint","urlTemplate":"https:\/\/mamaglobalhealing.com\/?s={search_term_string}"},"query-input":{"@type":"PropertyValueSpecification","valueRequired":true,"valueName":"search_term_string"}}],"inLanguage":"en-GB"}]}},"_links":{"self":[{"href":"https:\/\/mamaglobalhealing.com\/en\/wp-json\/wp\/v2\/product\/2711","targetHints":{"allow":["GET"]}}],"collection":[{"href":"https:\/\/mamaglobalhealing.com\/en\/wp-json\/wp\/v2\/product"}],"about":[{"href":"https:\/\/mamaglobalhealing.com\/en\/wp-json\/wp\/v2\/types\/product"}],"wp:featuredmedia":[{"embeddable":true,"href":"https:\/\/mamaglobalhealing.com\/en\/wp-json\/wp\/v2\/media\/2903"}],"wp:attachment":[{"href":"https:\/\/mamaglobalhealing.com\/en\/wp-json\/wp\/v2\/media?parent=2711"}],"wp:term":[{"taxonomy":"product_brand","embeddable":true,"href":"https:\/\/mamaglobalhealing.com\/en\/wp-json\/wp\/v2\/product_brand?post=2711"},{"taxonomy":"product_cat","embeddable":true,"href":"https:\/\/mamaglobalhealing.com\/en\/wp-json\/wp\/v2\/product_cat?post=2711"},{"taxonomy":"product_tag","embeddable":true,"href":"https:\/\/mamaglobalhealing.com\/en\/wp-json\/wp\/v2\/product_tag?post=2711"}],"curies":[{"name":"wp","href":"https:\/\/api.w.org\/{rel}","templated":true}]}}