{"id":2714,"date":"2022-04-27T19:46:00","date_gmt":"2022-04-27T19:46:00","guid":{"rendered":"https:\/\/mamaglobalhealing.com\/?post_type=product&#038;p=2714"},"modified":"2022-06-01T11:43:26","modified_gmt":"2022-06-01T11:43:26","slug":"otworz-swoje-serce","status":"publish","type":"product","link":"https:\/\/mamaglobalhealing.com\/en\/product\/otworz-swoje-serce\/","title":{"rendered":"Otw\u00f3rz swoje serce | Ina Kubas"},"content":{"rendered":"","protected":false},"excerpt":{"rendered":"<p><span style=\"font-weight: 400;\"> Jeste\u015b kreatorem w\u0142asnego \u017cycia. Tworzysz je poprzez Twoje my\u015bli i uczucia. Najczystsz\u0105 energi\u0105 kreacji jest Mi\u0142o\u015b\u0107. Mi\u0142o\u015b\u0107 bezwarunkowa. Mi\u0142o\u015b\u0107 do Siebie. Wejd\u017a na t\u0119 drog\u0119 i \u017cyj tak jak pragnie tego Twoje Serce. Czyli Prawdziwy Ty. Magia \u017cycia zadziewa si\u0119 poprzez po\u0142\u0105czenie z naszym Sercem i jego prawdziwymi pragnieniami. Ka\u017cdy z nas jest wyj\u0105tkowy i posiada swoj\u0105 Moc. Ka\u017cdy z nas przyby\u0142 na Ziemi\u0119 wype\u0142ni\u0107 sw\u00f3j potencja\u0142. Chc\u0119 podzieli\u0107 si\u0119 z Wami praktykami, kt\u00f3re pomog\u0105 Wam ten potencja\u0142 odnale\u017a\u0107, aby ka\u017cdy m\u00f3g\u0142 poczu\u0107 spe\u0142nienie i szcz\u0119\u015bcie. I bezwarunkow\u0105 mi\u0142o\u015b\u0107. Dost\u0105pienie tego stanu jest mo\u017cliwe dla ka\u017cdego. Trzeba si\u0119 tylko na to otworzy\u0107 i wytrwale (ale z \u0142agodno\u015bci\u0105 dla siebie) pog\u0142\u0119bia\u0107 praktyki, kt\u00f3re do niego prowadz\u0105. Kilka takich praktyk b\u0119dziemy \u0107wiczy\u0107 podczas warsztatu. Chc\u0119 pokaza\u0107 Wam jak wzbudzi\u0107 w sobie odwag\u0119 do tej Mi\u0142o\u015bci. Mi\u0142o\u015bci do Siebie. Tego rozkosznego uczucia rado\u015bci, lekko\u015bci i wolno\u015bci. Zawsze i wsz\u0119dzie. <\/span><\/p>\n<p><b>Prowadz\u0105ca:<\/b><span style=\"font-weight: 400;\"> Ina Kubas<\/span><\/p>\n<p><b>Czas trwania:<\/b> 3h<\/p>\n<p><b>Data i godzina:<\/b> pi\u0105tek 12:00 &#8211; 15:00<\/p>\n<p><b>Miejsce: <\/b><a href=\"https:\/\/mamaglobalhealing.com\/en\/mama-line-up\/tent-de-vito\/\">Tent De VIto<\/a><\/p>\n<p><b>Liczba os\u00f3b:<\/b> bo<\/p>\n<p><b>Dla Kogo: <\/b>Wszyscy<\/p>\n<p><b>Bobasy:<\/b><span style=\"font-weight: 400;\"> nie<\/span><\/p>\n<p><strong>J\u0119zyk:<\/strong> PL<\/p>","protected":false},"featured_media":3323,"template":"","meta":{"_et_pb_use_builder":"","_et_pb_old_content":"","_et_gb_content_width":""},"product_brand":[],"product_cat":[35,45],"product_tag":[],"class_list":{"0":"post-2714","1":"product","2":"type-product","3":"status-publish","4":"has-post-thumbnail","6":"product_cat-mama-open","7":"product_cat-piatek-open","9":"first","10":"instock","11":"virtual","12":"taxable","13":"product-type-simple"},"yoast_head":"<!-- This site is optimized with the Yoast SEO plugin v25.1 - https:\/\/yoast.com\/wordpress\/plugins\/seo\/ -->\n<title>Otw\u00f3rz swoje serce | Ina Kubas - Mama Global Healing<\/title>\n<meta name=\"robots\" content=\"index, follow, max-snippet:-1, max-image-preview:large, max-video-preview:-1\" \/>\n<link rel=\"canonical\" href=\"https:\/\/mamaglobalhealing.com\/en\/product\/otworz-swoje-serce\/\" \/>\n<meta property=\"og:locale\" content=\"en_GB\" \/>\n<meta property=\"og:type\" content=\"article\" \/>\n<meta property=\"og:title\" content=\"Otw\u00f3rz swoje serce | Ina Kubas - Mama Global Healing\" \/>\n<meta property=\"og:description\" content=\"Jeste\u015b kreatorem w\u0142asnego \u017cycia. Tworzysz je poprzez Twoje my\u015bli i uczucia. Najczystsz\u0105 energi\u0105 kreacji jest Mi\u0142o\u015b\u0107. Mi\u0142o\u015b\u0107 bezwarunkowa. Mi\u0142o\u015b\u0107 do Siebie. Wejd\u017a na t\u0119 drog\u0119 i \u017cyj tak jak pragnie tego Twoje Serce. Czyli Prawdziwy Ty. Magia \u017cycia zadziewa si\u0119 poprzez po\u0142\u0105czenie z naszym Sercem i jego prawdziwymi pragnieniami. Ka\u017cdy z nas jest wyj\u0105tkowy i posiada swoj\u0105 Moc. Ka\u017cdy z nas przyby\u0142 na Ziemi\u0119 wype\u0142ni\u0107 sw\u00f3j potencja\u0142. Chc\u0119 podzieli\u0107 si\u0119 z Wami praktykami, kt\u00f3re pomog\u0105 Wam ten potencja\u0142 odnale\u017a\u0107, aby ka\u017cdy m\u00f3g\u0142 poczu\u0107 spe\u0142nienie i szcz\u0119\u015bcie. I bezwarunkow\u0105 mi\u0142o\u015b\u0107. Dost\u0105pienie tego stanu jest mo\u017cliwe dla ka\u017cdego. Trzeba si\u0119 tylko na to otworzy\u0107 i wytrwale (ale z \u0142agodno\u015bci\u0105 dla siebie) pog\u0142\u0119bia\u0107 praktyki, kt\u00f3re do niego prowadz\u0105. Kilka takich praktyk b\u0119dziemy \u0107wiczy\u0107 podczas warsztatu. Chc\u0119 pokaza\u0107 Wam jak wzbudzi\u0107 w sobie odwag\u0119 do tej Mi\u0142o\u015bci. Mi\u0142o\u015bci do Siebie. Tego rozkosznego uczucia rado\u015bci, lekko\u015bci i wolno\u015bci. Zawsze i wsz\u0119dzie.   Prowadz\u0105ca: Ina Kubas  Czas trwania: 3h  Data i godzina: pi\u0105tek 12:00 - 15:00  Miejsce: Tent De VIto  Liczba os\u00f3b: bo  Dla Kogo: Wszyscy  Bobasy: nie  J\u0119zyk: PL\" \/>\n<meta property=\"og:url\" content=\"https:\/\/mamaglobalhealing.com\/en\/product\/otworz-swoje-serce\/\" \/>\n<meta property=\"og:site_name\" content=\"Mama Global Healing\" \/>\n<meta property=\"article:modified_time\" content=\"2022-06-01T11:43:26+00:00\" \/>\n<meta property=\"og:image\" content=\"https:\/\/mamaglobalhealing.com\/wp-content\/uploads\/2022\/04\/83.png\" \/>\n\t<meta property=\"og:image:width\" content=\"1080\" \/>\n\t<meta property=\"og:image:height\" content=\"1080\" \/>\n\t<meta property=\"og:image:type\" content=\"image\/png\" \/>\n<meta name=\"twitter:card\" content=\"summary_large_image\" \/>\n<script type=\"application\/ld+json\" class=\"yoast-schema-graph\">{\"@context\":\"https:\/\/schema.org\",\"@graph\":[{\"@type\":\"WebPage\",\"@id\":\"https:\/\/mamaglobalhealing.com\/produkt\/otworz-swoje-serce\/\",\"url\":\"https:\/\/mamaglobalhealing.com\/produkt\/otworz-swoje-serce\/\",\"name\":\"Otw\u00f3rz swoje serce | Ina Kubas - Mama Global Healing\",\"isPartOf\":{\"@id\":\"https:\/\/mamaglobalhealing.com\/#website\"},\"primaryImageOfPage\":{\"@id\":\"https:\/\/mamaglobalhealing.com\/produkt\/otworz-swoje-serce\/#primaryimage\"},\"image\":{\"@id\":\"https:\/\/mamaglobalhealing.com\/produkt\/otworz-swoje-serce\/#primaryimage\"},\"thumbnailUrl\":\"https:\/\/mamaglobalhealing.com\/wp-content\/uploads\/2022\/04\/83.png\",\"datePublished\":\"2022-04-27T19:46:00+00:00\",\"dateModified\":\"2022-06-01T11:43:26+00:00\",\"breadcrumb\":{\"@id\":\"https:\/\/mamaglobalhealing.com\/produkt\/otworz-swoje-serce\/#breadcrumb\"},\"inLanguage\":\"en-GB\",\"potentialAction\":[{\"@type\":\"ReadAction\",\"target\":[\"https:\/\/mamaglobalhealing.com\/produkt\/otworz-swoje-serce\/\"]}]},{\"@type\":\"ImageObject\",\"inLanguage\":\"en-GB\",\"@id\":\"https:\/\/mamaglobalhealing.com\/produkt\/otworz-swoje-serce\/#primaryimage\",\"url\":\"https:\/\/mamaglobalhealing.com\/wp-content\/uploads\/2022\/04\/83.png\",\"contentUrl\":\"https:\/\/mamaglobalhealing.com\/wp-content\/uploads\/2022\/04\/83.png\",\"width\":1080,\"height\":1080},{\"@type\":\"BreadcrumbList\",\"@id\":\"https:\/\/mamaglobalhealing.com\/produkt\/otworz-swoje-serce\/#breadcrumb\",\"itemListElement\":[{\"@type\":\"ListItem\",\"position\":1,\"name\":\"Strona g\u0142\u00f3wna\",\"item\":\"https:\/\/mamaglobalhealing.com\/\"},{\"@type\":\"ListItem\",\"position\":2,\"name\":\"Sklep\",\"item\":\"https:\/\/mamaglobalhealing.com\/sklep\/\"},{\"@type\":\"ListItem\",\"position\":3,\"name\":\"Otw\u00f3rz swoje serce | Ina Kubas\"}]},{\"@type\":\"WebSite\",\"@id\":\"https:\/\/mamaglobalhealing.com\/#website\",\"url\":\"https:\/\/mamaglobalhealing.com\/\",\"name\":\"Mama Global Healing\",\"description\":\"Kolejna witryna WordPress\",\"potentialAction\":[{\"@type\":\"SearchAction\",\"target\":{\"@type\":\"EntryPoint\",\"urlTemplate\":\"https:\/\/mamaglobalhealing.com\/?s={search_term_string}\"},\"query-input\":{\"@type\":\"PropertyValueSpecification\",\"valueRequired\":true,\"valueName\":\"search_term_string\"}}],\"inLanguage\":\"en-GB\"}]}<\/script>\n<!-- \/ Yoast SEO plugin. -->","yoast_head_json":{"title":"Otw\u00f3rz swoje serce | Ina Kubas - Mama Global Healing","robots":{"index":"index","follow":"follow","max-snippet":"max-snippet:-1","max-image-preview":"max-image-preview:large","max-video-preview":"max-video-preview:-1"},"canonical":"https:\/\/mamaglobalhealing.com\/en\/product\/otworz-swoje-serce\/","og_locale":"en_GB","og_type":"article","og_title":"Otw\u00f3rz swoje serce | Ina Kubas - Mama Global Healing","og_description":"Jeste\u015b kreatorem w\u0142asnego \u017cycia. Tworzysz je poprzez Twoje my\u015bli i uczucia. Najczystsz\u0105 energi\u0105 kreacji jest Mi\u0142o\u015b\u0107. Mi\u0142o\u015b\u0107 bezwarunkowa. Mi\u0142o\u015b\u0107 do Siebie. Wejd\u017a na t\u0119 drog\u0119 i \u017cyj tak jak pragnie tego Twoje Serce. Czyli Prawdziwy Ty. Magia \u017cycia zadziewa si\u0119 poprzez po\u0142\u0105czenie z naszym Sercem i jego prawdziwymi pragnieniami. Ka\u017cdy z nas jest wyj\u0105tkowy i posiada swoj\u0105 Moc. Ka\u017cdy z nas przyby\u0142 na Ziemi\u0119 wype\u0142ni\u0107 sw\u00f3j potencja\u0142. Chc\u0119 podzieli\u0107 si\u0119 z Wami praktykami, kt\u00f3re pomog\u0105 Wam ten potencja\u0142 odnale\u017a\u0107, aby ka\u017cdy m\u00f3g\u0142 poczu\u0107 spe\u0142nienie i szcz\u0119\u015bcie. I bezwarunkow\u0105 mi\u0142o\u015b\u0107. Dost\u0105pienie tego stanu jest mo\u017cliwe dla ka\u017cdego. Trzeba si\u0119 tylko na to otworzy\u0107 i wytrwale (ale z \u0142agodno\u015bci\u0105 dla siebie) pog\u0142\u0119bia\u0107 praktyki, kt\u00f3re do niego prowadz\u0105. Kilka takich praktyk b\u0119dziemy \u0107wiczy\u0107 podczas warsztatu. Chc\u0119 pokaza\u0107 Wam jak wzbudzi\u0107 w sobie odwag\u0119 do tej Mi\u0142o\u015bci. Mi\u0142o\u015bci do Siebie. Tego rozkosznego uczucia rado\u015bci, lekko\u015bci i wolno\u015bci. Zawsze i wsz\u0119dzie.   Prowadz\u0105ca: Ina Kubas  Czas trwania: 3h  Data i godzina: pi\u0105tek 12:00 - 15:00  Miejsce: Tent De VIto  Liczba os\u00f3b: bo  Dla Kogo: Wszyscy  Bobasy: nie  J\u0119zyk: PL","og_url":"https:\/\/mamaglobalhealing.com\/en\/product\/otworz-swoje-serce\/","og_site_name":"Mama Global Healing","article_modified_time":"2022-06-01T11:43:26+00:00","og_image":[{"width":1080,"height":1080,"url":"https:\/\/mamaglobalhealing.com\/wp-content\/uploads\/2022\/04\/83.png","type":"image\/png"}],"twitter_card":"summary_large_image","schema":{"@context":"https:\/\/schema.org","@graph":[{"@type":"WebPage","@id":"https:\/\/mamaglobalhealing.com\/produkt\/otworz-swoje-serce\/","url":"https:\/\/mamaglobalhealing.com\/produkt\/otworz-swoje-serce\/","name":"Otw\u00f3rz swoje serce | Ina Kubas - Mama Global Healing","isPartOf":{"@id":"https:\/\/mamaglobalhealing.com\/#website"},"primaryImageOfPage":{"@id":"https:\/\/mamaglobalhealing.com\/produkt\/otworz-swoje-serce\/#primaryimage"},"image":{"@id":"https:\/\/mamaglobalhealing.com\/produkt\/otworz-swoje-serce\/#primaryimage"},"thumbnailUrl":"https:\/\/mamaglobalhealing.com\/wp-content\/uploads\/2022\/04\/83.png","datePublished":"2022-04-27T19:46:00+00:00","dateModified":"2022-06-01T11:43:26+00:00","breadcrumb":{"@id":"https:\/\/mamaglobalhealing.com\/produkt\/otworz-swoje-serce\/#breadcrumb"},"inLanguage":"en-GB","potentialAction":[{"@type":"ReadAction","target":["https:\/\/mamaglobalhealing.com\/produkt\/otworz-swoje-serce\/"]}]},{"@type":"ImageObject","inLanguage":"en-GB","@id":"https:\/\/mamaglobalhealing.com\/produkt\/otworz-swoje-serce\/#primaryimage","url":"https:\/\/mamaglobalhealing.com\/wp-content\/uploads\/2022\/04\/83.png","contentUrl":"https:\/\/mamaglobalhealing.com\/wp-content\/uploads\/2022\/04\/83.png","width":1080,"height":1080},{"@type":"BreadcrumbList","@id":"https:\/\/mamaglobalhealing.com\/produkt\/otworz-swoje-serce\/#breadcrumb","itemListElement":[{"@type":"ListItem","position":1,"name":"Strona g\u0142\u00f3wna","item":"https:\/\/mamaglobalhealing.com\/"},{"@type":"ListItem","position":2,"name":"Sklep","item":"https:\/\/mamaglobalhealing.com\/sklep\/"},{"@type":"ListItem","position":3,"name":"Otw\u00f3rz swoje serce | Ina Kubas"}]},{"@type":"WebSite","@id":"https:\/\/mamaglobalhealing.com\/#website","url":"https:\/\/mamaglobalhealing.com\/","name":"Mama Global Healing","description":"Kolejna witryna WordPress","potentialAction":[{"@type":"SearchAction","target":{"@type":"EntryPoint","urlTemplate":"https:\/\/mamaglobalhealing.com\/?s={search_term_string}"},"query-input":{"@type":"PropertyValueSpecification","valueRequired":true,"valueName":"search_term_string"}}],"inLanguage":"en-GB"}]}},"_links":{"self":[{"href":"https:\/\/mamaglobalhealing.com\/en\/wp-json\/wp\/v2\/product\/2714","targetHints":{"allow":["GET"]}}],"collection":[{"href":"https:\/\/mamaglobalhealing.com\/en\/wp-json\/wp\/v2\/product"}],"about":[{"href":"https:\/\/mamaglobalhealing.com\/en\/wp-json\/wp\/v2\/types\/product"}],"wp:featuredmedia":[{"embeddable":true,"href":"https:\/\/mamaglobalhealing.com\/en\/wp-json\/wp\/v2\/media\/3323"}],"wp:attachment":[{"href":"https:\/\/mamaglobalhealing.com\/en\/wp-json\/wp\/v2\/media?parent=2714"}],"wp:term":[{"taxonomy":"product_brand","embeddable":true,"href":"https:\/\/mamaglobalhealing.com\/en\/wp-json\/wp\/v2\/product_brand?post=2714"},{"taxonomy":"product_cat","embeddable":true,"href":"https:\/\/mamaglobalhealing.com\/en\/wp-json\/wp\/v2\/product_cat?post=2714"},{"taxonomy":"product_tag","embeddable":true,"href":"https:\/\/mamaglobalhealing.com\/en\/wp-json\/wp\/v2\/product_tag?post=2714"}],"curies":[{"name":"wp","href":"https:\/\/api.w.org\/{rel}","templated":true}]}}