{"id":2722,"date":"2022-04-27T19:52:15","date_gmt":"2022-04-27T19:52:15","guid":{"rendered":"https:\/\/mamaglobalhealing.com\/?post_type=product&#038;p=2722"},"modified":"2022-06-01T09:50:25","modified_gmt":"2022-06-01T09:50:25","slug":"milosc-i-moc-kobiety-gniew","status":"publish","type":"product","link":"https:\/\/mamaglobalhealing.com\/en\/product\/milosc-i-moc-kobiety-gniew\/","title":{"rendered":"Mi\u0142o\u015b\u0107 i Moc: Kobiecy Gniew | Gabriela Klara"},"content":{"rendered":"","protected":false},"excerpt":{"rendered":"<p><strong>Mi\u0142o\u015b\u0107 i Moc: Kobiecy Gniew to miejsce, w kt\u00f3rym mo\u017cesz przekszta\u0142ci\u0107 swoj\u0105 frustracj\u0119 we w\u0142asn\u0105 Wewn\u0119trzn\u0105 Moc, \u017bywotno\u015b\u0107 i Si\u0142\u0119 Decyzyjn\u0105. Tutaj mo\u017cesz przemieni\u0107 trucizn\u0119 w od\u017cywczy nektar. Ten trening, z nurtu Possibility Management, polega przede wszystkim na rozpoznawaniu i zwi\u0119kszaniu zakresu czucia gniewu w swoim ciele a nast\u0119pnie u\u017cywania go na bie\u017c\u0105co w r\u00f3\u017cnych nasileniach, odpowiednich do potrzeby i danych okoliczno\u015bci.<\/strong><\/p>\n<p>Mi\u0142o\u015b\u0107 i Moc: Kobiecy Gniew to zrzucanie kolejnych warstw socjalizacji i trenowanie nowych zachowa\u0144 spo\u0142ecznych.<br \/>\nMi\u0142o\u015b\u0107 i Moc: Kobiecy Gniew naprawd\u0119 zmienia kobiety, a to zmienia spo\u0142eczno\u015bci. Ten transformuj\u0105cy trening obejmuje \u0107wiczenia i praktyki solo w parach i grupowe. Praktyki i \u0107wiczenia nie wywo\u0142uj\u0105 agresji i konfliktu w grupie. Podczas warsztatu nie pracujemy nad wyrzuceniem, pozbyciem si\u0119 gniewu, tylko nad oswojeniem w ciele tego uczucia i konstruktywnym u\u017cywaniem go w swoim codziennym \u017cyciu. Ka\u017cda z nas na bie\u017c\u0105co potrzebuje swojego gniewu!<br \/>\nNa Mi\u0142o\u015b\u0107 i Moc: Kobiecy Gniew uczysz si\u0119 czucia cia\u0142em, odblokowywania zablokowanej emocji i energii w ciele i nast\u0119pnie integrowaniu jej jako jeden ze swoich zasob\u00f3w. Uczysz si\u0119 korzystania z inteligencji i m\u0105dro\u015bci swojego gniewu.<\/p>\n<p><strong>Mi\u0142o\u015b\u0107 i Moc: Kobiecy Gniew nie jest kolejnym warsztatem po kt\u00f3rym nic albo niewiele si\u0119 zmienia w codzienno\u015bci.<\/strong><br \/>\n<strong>Mi\u0142o\u015b\u0107 i Moc: Kobiecy Gniew to transformuj\u0105cy trening w atmosferze wspieraj\u0105cej Wioski Kobiet.<\/strong><br \/>\n<strong>Mi\u0142o\u015b\u0107 i Moc: Kobiecy Gniew to te\u017c wsp\u00f3lna kobieca wyprawa po Kobiec\u0105 Moc!<\/strong><\/p>\n<p><b>Czas trwania:<\/b> 3h<\/p>\n<p><b>Data i godzina:<\/b> pi\u0105tek 9:30 &#8211; 12:30<\/p>\n<p><b>Miejsce:<\/b> <a href=\"https:\/\/mamaglobalhealing.com\/en\/mama-line-up\/white-tent\/\">White Tent<\/a><\/p>\n<p><b>Ilo\u015b\u0107 os\u00f3b:<\/b> bo<\/p>\n<p><b>Dla Kogo:\u00a0<\/b>Kobiety<\/p>\n<p><b>Bobasy:<\/b><span style=\"font-weight: 400;\"> nie<\/span><\/p>\n<p><strong>J\u0119zyk:<\/strong> PL<\/p>","protected":false},"featured_media":3259,"template":"","meta":{"_et_pb_use_builder":"","_et_pb_old_content":"","_et_gb_content_width":""},"product_brand":[],"product_cat":[35,45],"product_tag":[],"class_list":{"0":"post-2722","1":"product","2":"type-product","3":"status-publish","4":"has-post-thumbnail","6":"product_cat-mama-open","7":"product_cat-piatek-open","9":"first","10":"instock","11":"virtual","12":"taxable","13":"product-type-simple"},"yoast_head":"<!-- This site is optimized with the Yoast SEO plugin v25.1 - https:\/\/yoast.com\/wordpress\/plugins\/seo\/ -->\n<title>Mi\u0142o\u015b\u0107 i Moc: Kobiecy Gniew | Gabriela Klara - Mama Global Healing<\/title>\n<meta name=\"description\" content=\"Mi\u0142o\u015b\u0107 i Moc: Kobiecy Gniew nie jest kolejnym warsztatem po kt\u00f3rym nic albo niewiele si\u0119 zmienia w codzienno\u015bci.\" \/>\n<meta name=\"robots\" content=\"index, follow, max-snippet:-1, max-image-preview:large, max-video-preview:-1\" \/>\n<link rel=\"canonical\" href=\"https:\/\/mamaglobalhealing.com\/en\/product\/milosc-i-moc-kobiety-gniew\/\" \/>\n<meta property=\"og:locale\" content=\"en_GB\" \/>\n<meta property=\"og:type\" content=\"article\" \/>\n<meta property=\"og:title\" content=\"Mi\u0142o\u015b\u0107 i Moc: Kobiecy Gniew | Gabriela Klara - Mama Global Healing\" \/>\n<meta property=\"og:description\" content=\"Mi\u0142o\u015b\u0107 i Moc: Kobiecy Gniew nie jest kolejnym warsztatem po kt\u00f3rym nic albo niewiele si\u0119 zmienia w codzienno\u015bci.\" \/>\n<meta property=\"og:url\" content=\"https:\/\/mamaglobalhealing.com\/en\/product\/milosc-i-moc-kobiety-gniew\/\" \/>\n<meta property=\"og:site_name\" content=\"Mama Global Healing\" \/>\n<meta property=\"article:modified_time\" content=\"2022-06-01T09:50:25+00:00\" \/>\n<meta property=\"og:image\" content=\"https:\/\/mamaglobalhealing.com\/wp-content\/uploads\/2022\/04\/Gniew-wspiera-prawdziwe-siostrzenstrwo_Gabriela-Klara-Kowalska-Gabriela-Klara-Kowalska-1.jpg\" \/>\n\t<meta property=\"og:image:width\" content=\"1000\" \/>\n\t<meta property=\"og:image:height\" content=\"1500\" \/>\n\t<meta property=\"og:image:type\" content=\"image\/jpeg\" \/>\n<meta name=\"twitter:card\" content=\"summary_large_image\" \/>\n<script type=\"application\/ld+json\" class=\"yoast-schema-graph\">{\"@context\":\"https:\/\/schema.org\",\"@graph\":[{\"@type\":\"WebPage\",\"@id\":\"https:\/\/mamaglobalhealing.com\/produkt\/milosc-i-moc-kobiety-gniew\/\",\"url\":\"https:\/\/mamaglobalhealing.com\/produkt\/milosc-i-moc-kobiety-gniew\/\",\"name\":\"Mi\u0142o\u015b\u0107 i Moc: Kobiecy Gniew | Gabriela Klara - Mama Global Healing\",\"isPartOf\":{\"@id\":\"https:\/\/mamaglobalhealing.com\/#website\"},\"primaryImageOfPage\":{\"@id\":\"https:\/\/mamaglobalhealing.com\/produkt\/milosc-i-moc-kobiety-gniew\/#primaryimage\"},\"image\":{\"@id\":\"https:\/\/mamaglobalhealing.com\/produkt\/milosc-i-moc-kobiety-gniew\/#primaryimage\"},\"thumbnailUrl\":\"https:\/\/mamaglobalhealing.com\/wp-content\/uploads\/2022\/04\/Gniew-wspiera-prawdziwe-siostrzenstrwo_Gabriela-Klara-Kowalska-Gabriela-Klara-Kowalska-1.jpg\",\"datePublished\":\"2022-04-27T19:52:15+00:00\",\"dateModified\":\"2022-06-01T09:50:25+00:00\",\"description\":\"Mi\u0142o\u015b\u0107 i Moc: Kobiecy Gniew nie jest kolejnym warsztatem po kt\u00f3rym nic albo niewiele si\u0119 zmienia w codzienno\u015bci.\",\"breadcrumb\":{\"@id\":\"https:\/\/mamaglobalhealing.com\/produkt\/milosc-i-moc-kobiety-gniew\/#breadcrumb\"},\"inLanguage\":\"en-GB\",\"potentialAction\":[{\"@type\":\"ReadAction\",\"target\":[\"https:\/\/mamaglobalhealing.com\/produkt\/milosc-i-moc-kobiety-gniew\/\"]}]},{\"@type\":\"ImageObject\",\"inLanguage\":\"en-GB\",\"@id\":\"https:\/\/mamaglobalhealing.com\/produkt\/milosc-i-moc-kobiety-gniew\/#primaryimage\",\"url\":\"https:\/\/mamaglobalhealing.com\/wp-content\/uploads\/2022\/04\/Gniew-wspiera-prawdziwe-siostrzenstrwo_Gabriela-Klara-Kowalska-Gabriela-Klara-Kowalska-1.jpg\",\"contentUrl\":\"https:\/\/mamaglobalhealing.com\/wp-content\/uploads\/2022\/04\/Gniew-wspiera-prawdziwe-siostrzenstrwo_Gabriela-Klara-Kowalska-Gabriela-Klara-Kowalska-1.jpg\",\"width\":1000,\"height\":1500},{\"@type\":\"BreadcrumbList\",\"@id\":\"https:\/\/mamaglobalhealing.com\/produkt\/milosc-i-moc-kobiety-gniew\/#breadcrumb\",\"itemListElement\":[{\"@type\":\"ListItem\",\"position\":1,\"name\":\"Strona g\u0142\u00f3wna\",\"item\":\"https:\/\/mamaglobalhealing.com\/\"},{\"@type\":\"ListItem\",\"position\":2,\"name\":\"Sklep\",\"item\":\"https:\/\/mamaglobalhealing.com\/sklep\/\"},{\"@type\":\"ListItem\",\"position\":3,\"name\":\"Mi\u0142o\u015b\u0107 i&nbsp;Moc: Kobiecy Gniew | Gabriela Klara\"}]},{\"@type\":\"WebSite\",\"@id\":\"https:\/\/mamaglobalhealing.com\/#website\",\"url\":\"https:\/\/mamaglobalhealing.com\/\",\"name\":\"Mama Global Healing\",\"description\":\"Kolejna witryna WordPress\",\"potentialAction\":[{\"@type\":\"SearchAction\",\"target\":{\"@type\":\"EntryPoint\",\"urlTemplate\":\"https:\/\/mamaglobalhealing.com\/?s={search_term_string}\"},\"query-input\":{\"@type\":\"PropertyValueSpecification\",\"valueRequired\":true,\"valueName\":\"search_term_string\"}}],\"inLanguage\":\"en-GB\"}]}<\/script>\n<!-- \/ Yoast SEO plugin. -->","yoast_head_json":{"title":"Mi\u0142o\u015b\u0107 i Moc: Kobiecy Gniew | Gabriela Klara - Mama Global Healing","description":"Mi\u0142o\u015b\u0107 i Moc: Kobiecy Gniew nie jest kolejnym warsztatem po kt\u00f3rym nic albo niewiele si\u0119 zmienia w codzienno\u015bci.","robots":{"index":"index","follow":"follow","max-snippet":"max-snippet:-1","max-image-preview":"max-image-preview:large","max-video-preview":"max-video-preview:-1"},"canonical":"https:\/\/mamaglobalhealing.com\/en\/product\/milosc-i-moc-kobiety-gniew\/","og_locale":"en_GB","og_type":"article","og_title":"Mi\u0142o\u015b\u0107 i Moc: Kobiecy Gniew | Gabriela Klara - Mama Global Healing","og_description":"Mi\u0142o\u015b\u0107 i Moc: Kobiecy Gniew nie jest kolejnym warsztatem po kt\u00f3rym nic albo niewiele si\u0119 zmienia w codzienno\u015bci.","og_url":"https:\/\/mamaglobalhealing.com\/en\/product\/milosc-i-moc-kobiety-gniew\/","og_site_name":"Mama Global Healing","article_modified_time":"2022-06-01T09:50:25+00:00","og_image":[{"width":1000,"height":1500,"url":"https:\/\/mamaglobalhealing.com\/wp-content\/uploads\/2022\/04\/Gniew-wspiera-prawdziwe-siostrzenstrwo_Gabriela-Klara-Kowalska-Gabriela-Klara-Kowalska-1.jpg","type":"image\/jpeg"}],"twitter_card":"summary_large_image","schema":{"@context":"https:\/\/schema.org","@graph":[{"@type":"WebPage","@id":"https:\/\/mamaglobalhealing.com\/produkt\/milosc-i-moc-kobiety-gniew\/","url":"https:\/\/mamaglobalhealing.com\/produkt\/milosc-i-moc-kobiety-gniew\/","name":"Mi\u0142o\u015b\u0107 i Moc: Kobiecy Gniew | Gabriela Klara - Mama Global Healing","isPartOf":{"@id":"https:\/\/mamaglobalhealing.com\/#website"},"primaryImageOfPage":{"@id":"https:\/\/mamaglobalhealing.com\/produkt\/milosc-i-moc-kobiety-gniew\/#primaryimage"},"image":{"@id":"https:\/\/mamaglobalhealing.com\/produkt\/milosc-i-moc-kobiety-gniew\/#primaryimage"},"thumbnailUrl":"https:\/\/mamaglobalhealing.com\/wp-content\/uploads\/2022\/04\/Gniew-wspiera-prawdziwe-siostrzenstrwo_Gabriela-Klara-Kowalska-Gabriela-Klara-Kowalska-1.jpg","datePublished":"2022-04-27T19:52:15+00:00","dateModified":"2022-06-01T09:50:25+00:00","description":"Mi\u0142o\u015b\u0107 i Moc: Kobiecy Gniew nie jest kolejnym warsztatem po kt\u00f3rym nic albo niewiele si\u0119 zmienia w codzienno\u015bci.","breadcrumb":{"@id":"https:\/\/mamaglobalhealing.com\/produkt\/milosc-i-moc-kobiety-gniew\/#breadcrumb"},"inLanguage":"en-GB","potentialAction":[{"@type":"ReadAction","target":["https:\/\/mamaglobalhealing.com\/produkt\/milosc-i-moc-kobiety-gniew\/"]}]},{"@type":"ImageObject","inLanguage":"en-GB","@id":"https:\/\/mamaglobalhealing.com\/produkt\/milosc-i-moc-kobiety-gniew\/#primaryimage","url":"https:\/\/mamaglobalhealing.com\/wp-content\/uploads\/2022\/04\/Gniew-wspiera-prawdziwe-siostrzenstrwo_Gabriela-Klara-Kowalska-Gabriela-Klara-Kowalska-1.jpg","contentUrl":"https:\/\/mamaglobalhealing.com\/wp-content\/uploads\/2022\/04\/Gniew-wspiera-prawdziwe-siostrzenstrwo_Gabriela-Klara-Kowalska-Gabriela-Klara-Kowalska-1.jpg","width":1000,"height":1500},{"@type":"BreadcrumbList","@id":"https:\/\/mamaglobalhealing.com\/produkt\/milosc-i-moc-kobiety-gniew\/#breadcrumb","itemListElement":[{"@type":"ListItem","position":1,"name":"Strona g\u0142\u00f3wna","item":"https:\/\/mamaglobalhealing.com\/"},{"@type":"ListItem","position":2,"name":"Sklep","item":"https:\/\/mamaglobalhealing.com\/sklep\/"},{"@type":"ListItem","position":3,"name":"Mi\u0142o\u015b\u0107 i&nbsp;Moc: Kobiecy Gniew | Gabriela Klara"}]},{"@type":"WebSite","@id":"https:\/\/mamaglobalhealing.com\/#website","url":"https:\/\/mamaglobalhealing.com\/","name":"Mama Global Healing","description":"Kolejna witryna WordPress","potentialAction":[{"@type":"SearchAction","target":{"@type":"EntryPoint","urlTemplate":"https:\/\/mamaglobalhealing.com\/?s={search_term_string}"},"query-input":{"@type":"PropertyValueSpecification","valueRequired":true,"valueName":"search_term_string"}}],"inLanguage":"en-GB"}]}},"_links":{"self":[{"href":"https:\/\/mamaglobalhealing.com\/en\/wp-json\/wp\/v2\/product\/2722","targetHints":{"allow":["GET"]}}],"collection":[{"href":"https:\/\/mamaglobalhealing.com\/en\/wp-json\/wp\/v2\/product"}],"about":[{"href":"https:\/\/mamaglobalhealing.com\/en\/wp-json\/wp\/v2\/types\/product"}],"wp:featuredmedia":[{"embeddable":true,"href":"https:\/\/mamaglobalhealing.com\/en\/wp-json\/wp\/v2\/media\/3259"}],"wp:attachment":[{"href":"https:\/\/mamaglobalhealing.com\/en\/wp-json\/wp\/v2\/media?parent=2722"}],"wp:term":[{"taxonomy":"product_brand","embeddable":true,"href":"https:\/\/mamaglobalhealing.com\/en\/wp-json\/wp\/v2\/product_brand?post=2722"},{"taxonomy":"product_cat","embeddable":true,"href":"https:\/\/mamaglobalhealing.com\/en\/wp-json\/wp\/v2\/product_cat?post=2722"},{"taxonomy":"product_tag","embeddable":true,"href":"https:\/\/mamaglobalhealing.com\/en\/wp-json\/wp\/v2\/product_tag?post=2722"}],"curies":[{"name":"wp","href":"https:\/\/api.w.org\/{rel}","templated":true}]}}