{"id":2723,"date":"2022-04-27T19:52:52","date_gmt":"2022-04-27T19:52:52","guid":{"rendered":"https:\/\/mamaglobalhealing.com\/?post_type=product&#038;p=2723"},"modified":"2022-06-01T09:53:46","modified_gmt":"2022-06-01T09:53:46","slug":"mistic-flow","status":"publish","type":"product","link":"https:\/\/mamaglobalhealing.com\/en\/product\/mistic-flow\/","title":{"rendered":"Mystic flow &#8211; conscious relating 18+ | Aleksandra Maria Love"},"content":{"rendered":"","protected":false},"excerpt":{"rendered":"<p>Autentyczne spotkania z innymi. Neo-tantryczny speed-dating. Spotkania 1:1 w esencji siebie i drugiej osoby. Zapraszam na podr\u00f3\u017c intymno\u015bci relacji i r\u00f3\u017cnorodno\u015bci spotka\u0144. W ubraniach. Dotyk tylko jak jest 100% tak. Wcielona nauka konsensualno\u015bci, wyra\u017cania swoich pragnie\u0144, bycia w obecno\u015bci bez presji i udawania. \u015aci\u0105gamy maski i ods\u0142aniamy siebie.<\/p>\n<p><b>Prowadz\u0105ca:<\/b><span style=\"font-weight: 400;\"> Aleksandra Maria Love<\/span><\/p>\n<p><b>Czas trwania:\u00a0<\/b>2h<\/p>\n<p><b>Data i godzina:\u00a0<\/b>pi\u0105tek 15:00 &#8211; 19:00<\/p>\n<p><b>Miejsce:\u00a0<\/b><a href=\"https:\/\/mamaglobalhealing.com\/en\/mama-line-up\/house-of-love\/\">House of Love<\/a><\/p>\n<p><b>Liczba os\u00f3b: <\/b>bo<\/p>\n<p><b>Dla Kogo: <\/b>Wszyscy<\/p>\n<p><b>Bobasy:<\/b><span style=\"font-weight: 400;\"> nie<\/span><\/p>\n<p><strong>J\u0119zyk:<\/strong> PL<\/p>","protected":false},"featured_media":3322,"template":"","meta":{"_et_pb_use_builder":"","_et_pb_old_content":"","_et_gb_content_width":""},"product_brand":[],"product_cat":[35,45],"product_tag":[],"class_list":{"0":"post-2723","1":"product","2":"type-product","3":"status-publish","4":"has-post-thumbnail","6":"product_cat-mama-open","7":"product_cat-piatek-open","9":"first","10":"instock","11":"virtual","12":"taxable","13":"product-type-simple"},"yoast_head":"<!-- This site is optimized with the Yoast SEO plugin v25.1 - https:\/\/yoast.com\/wordpress\/plugins\/seo\/ -->\n<title>Mystic flow - conscious relating 18+ | Aleksandra Maria Love - Mama Global Healing<\/title>\n<meta name=\"description\" content=\"Autentyczne spotkania z innymi. Neo-tantryczny speed-dating. Spotkania 1:1 w esencji siebie i drugiej osoby. Zapraszam na podr\u00f3\u017c intymno\u015bci relacji i r\u00f3\u017cnorodno\u015bci spotka\u0144. W ubraniach. Dotyk tylko jak jest 100% tak. Wcielona nauka konsensualno\u015bci, wyra\u017cania swoich pragnie\u0144, bycia w obecno\u015bci bez presji i udawania. \u015aci\u0105gamy maski i ods\u0142aniamy siebie.\" \/>\n<meta name=\"robots\" content=\"index, follow, max-snippet:-1, max-image-preview:large, max-video-preview:-1\" \/>\n<link rel=\"canonical\" href=\"https:\/\/mamaglobalhealing.com\/en\/product\/mistic-flow\/\" \/>\n<meta property=\"og:locale\" content=\"en_GB\" \/>\n<meta property=\"og:type\" content=\"article\" \/>\n<meta property=\"og:title\" content=\"Mystic flow - conscious relating 18+ | Aleksandra Maria Love - Mama Global Healing\" \/>\n<meta property=\"og:description\" content=\"Autentyczne spotkania z innymi. Neo-tantryczny speed-dating. Spotkania 1:1 w esencji siebie i drugiej osoby. Zapraszam na podr\u00f3\u017c intymno\u015bci relacji i r\u00f3\u017cnorodno\u015bci spotka\u0144. W ubraniach. Dotyk tylko jak jest 100% tak. Wcielona nauka konsensualno\u015bci, wyra\u017cania swoich pragnie\u0144, bycia w obecno\u015bci bez presji i udawania. \u015aci\u0105gamy maski i ods\u0142aniamy siebie.\" \/>\n<meta property=\"og:url\" content=\"https:\/\/mamaglobalhealing.com\/en\/product\/mistic-flow\/\" \/>\n<meta property=\"og:site_name\" content=\"Mama Global Healing\" \/>\n<meta property=\"article:modified_time\" content=\"2022-06-01T09:53:46+00:00\" \/>\n<meta property=\"og:image\" content=\"https:\/\/mamaglobalhealing.com\/wp-content\/uploads\/2022\/04\/82.png\" \/>\n\t<meta property=\"og:image:width\" content=\"1080\" \/>\n\t<meta property=\"og:image:height\" content=\"1080\" \/>\n\t<meta property=\"og:image:type\" content=\"image\/png\" \/>\n<meta name=\"twitter:card\" content=\"summary_large_image\" \/>\n<script type=\"application\/ld+json\" class=\"yoast-schema-graph\">{\"@context\":\"https:\/\/schema.org\",\"@graph\":[{\"@type\":\"WebPage\",\"@id\":\"https:\/\/mamaglobalhealing.com\/produkt\/mistic-flow\/\",\"url\":\"https:\/\/mamaglobalhealing.com\/produkt\/mistic-flow\/\",\"name\":\"Mystic flow - conscious relating 18+ | Aleksandra Maria Love - Mama Global Healing\",\"isPartOf\":{\"@id\":\"https:\/\/mamaglobalhealing.com\/#website\"},\"primaryImageOfPage\":{\"@id\":\"https:\/\/mamaglobalhealing.com\/produkt\/mistic-flow\/#primaryimage\"},\"image\":{\"@id\":\"https:\/\/mamaglobalhealing.com\/produkt\/mistic-flow\/#primaryimage\"},\"thumbnailUrl\":\"https:\/\/mamaglobalhealing.com\/wp-content\/uploads\/2022\/04\/82.png\",\"datePublished\":\"2022-04-27T19:52:52+00:00\",\"dateModified\":\"2022-06-01T09:53:46+00:00\",\"description\":\"Autentyczne spotkania z innymi. Neo-tantryczny speed-dating. Spotkania 1:1 w esencji siebie i drugiej osoby. Zapraszam na podr\u00f3\u017c intymno\u015bci relacji i r\u00f3\u017cnorodno\u015bci spotka\u0144. W ubraniach. Dotyk tylko jak jest 100% tak. Wcielona nauka konsensualno\u015bci, wyra\u017cania swoich pragnie\u0144, bycia w obecno\u015bci bez presji i udawania. \u015aci\u0105gamy maski i ods\u0142aniamy siebie.\",\"breadcrumb\":{\"@id\":\"https:\/\/mamaglobalhealing.com\/produkt\/mistic-flow\/#breadcrumb\"},\"inLanguage\":\"en-GB\",\"potentialAction\":[{\"@type\":\"ReadAction\",\"target\":[\"https:\/\/mamaglobalhealing.com\/produkt\/mistic-flow\/\"]}]},{\"@type\":\"ImageObject\",\"inLanguage\":\"en-GB\",\"@id\":\"https:\/\/mamaglobalhealing.com\/produkt\/mistic-flow\/#primaryimage\",\"url\":\"https:\/\/mamaglobalhealing.com\/wp-content\/uploads\/2022\/04\/82.png\",\"contentUrl\":\"https:\/\/mamaglobalhealing.com\/wp-content\/uploads\/2022\/04\/82.png\",\"width\":1080,\"height\":1080},{\"@type\":\"BreadcrumbList\",\"@id\":\"https:\/\/mamaglobalhealing.com\/produkt\/mistic-flow\/#breadcrumb\",\"itemListElement\":[{\"@type\":\"ListItem\",\"position\":1,\"name\":\"Strona g\u0142\u00f3wna\",\"item\":\"https:\/\/mamaglobalhealing.com\/\"},{\"@type\":\"ListItem\",\"position\":2,\"name\":\"Sklep\",\"item\":\"https:\/\/mamaglobalhealing.com\/sklep\/\"},{\"@type\":\"ListItem\",\"position\":3,\"name\":\"Mystic flow &#8211; conscious relating 18+ | Aleksandra Maria Love\"}]},{\"@type\":\"WebSite\",\"@id\":\"https:\/\/mamaglobalhealing.com\/#website\",\"url\":\"https:\/\/mamaglobalhealing.com\/\",\"name\":\"Mama Global Healing\",\"description\":\"Kolejna witryna WordPress\",\"potentialAction\":[{\"@type\":\"SearchAction\",\"target\":{\"@type\":\"EntryPoint\",\"urlTemplate\":\"https:\/\/mamaglobalhealing.com\/?s={search_term_string}\"},\"query-input\":{\"@type\":\"PropertyValueSpecification\",\"valueRequired\":true,\"valueName\":\"search_term_string\"}}],\"inLanguage\":\"en-GB\"}]}<\/script>\n<!-- \/ Yoast SEO plugin. -->","yoast_head_json":{"title":"Mystic flow - conscious relating 18+ | Aleksandra Maria Love - Mama Global Healing","description":"Autentyczne spotkania z innymi. Neo-tantryczny speed-dating. Spotkania 1:1 w esencji siebie i drugiej osoby. Zapraszam na podr\u00f3\u017c intymno\u015bci relacji i r\u00f3\u017cnorodno\u015bci spotka\u0144. W ubraniach. Dotyk tylko jak jest 100% tak. Wcielona nauka konsensualno\u015bci, wyra\u017cania swoich pragnie\u0144, bycia w obecno\u015bci bez presji i udawania. \u015aci\u0105gamy maski i ods\u0142aniamy siebie.","robots":{"index":"index","follow":"follow","max-snippet":"max-snippet:-1","max-image-preview":"max-image-preview:large","max-video-preview":"max-video-preview:-1"},"canonical":"https:\/\/mamaglobalhealing.com\/en\/product\/mistic-flow\/","og_locale":"en_GB","og_type":"article","og_title":"Mystic flow - conscious relating 18+ | Aleksandra Maria Love - Mama Global Healing","og_description":"Autentyczne spotkania z innymi. Neo-tantryczny speed-dating. Spotkania 1:1 w esencji siebie i drugiej osoby. Zapraszam na podr\u00f3\u017c intymno\u015bci relacji i r\u00f3\u017cnorodno\u015bci spotka\u0144. W ubraniach. Dotyk tylko jak jest 100% tak. Wcielona nauka konsensualno\u015bci, wyra\u017cania swoich pragnie\u0144, bycia w obecno\u015bci bez presji i udawania. \u015aci\u0105gamy maski i ods\u0142aniamy siebie.","og_url":"https:\/\/mamaglobalhealing.com\/en\/product\/mistic-flow\/","og_site_name":"Mama Global Healing","article_modified_time":"2022-06-01T09:53:46+00:00","og_image":[{"width":1080,"height":1080,"url":"https:\/\/mamaglobalhealing.com\/wp-content\/uploads\/2022\/04\/82.png","type":"image\/png"}],"twitter_card":"summary_large_image","schema":{"@context":"https:\/\/schema.org","@graph":[{"@type":"WebPage","@id":"https:\/\/mamaglobalhealing.com\/produkt\/mistic-flow\/","url":"https:\/\/mamaglobalhealing.com\/produkt\/mistic-flow\/","name":"Mystic flow - conscious relating 18+ | Aleksandra Maria Love - Mama Global Healing","isPartOf":{"@id":"https:\/\/mamaglobalhealing.com\/#website"},"primaryImageOfPage":{"@id":"https:\/\/mamaglobalhealing.com\/produkt\/mistic-flow\/#primaryimage"},"image":{"@id":"https:\/\/mamaglobalhealing.com\/produkt\/mistic-flow\/#primaryimage"},"thumbnailUrl":"https:\/\/mamaglobalhealing.com\/wp-content\/uploads\/2022\/04\/82.png","datePublished":"2022-04-27T19:52:52+00:00","dateModified":"2022-06-01T09:53:46+00:00","description":"Autentyczne spotkania z innymi. Neo-tantryczny speed-dating. Spotkania 1:1 w esencji siebie i drugiej osoby. Zapraszam na podr\u00f3\u017c intymno\u015bci relacji i r\u00f3\u017cnorodno\u015bci spotka\u0144. W ubraniach. Dotyk tylko jak jest 100% tak. Wcielona nauka konsensualno\u015bci, wyra\u017cania swoich pragnie\u0144, bycia w obecno\u015bci bez presji i udawania. \u015aci\u0105gamy maski i ods\u0142aniamy siebie.","breadcrumb":{"@id":"https:\/\/mamaglobalhealing.com\/produkt\/mistic-flow\/#breadcrumb"},"inLanguage":"en-GB","potentialAction":[{"@type":"ReadAction","target":["https:\/\/mamaglobalhealing.com\/produkt\/mistic-flow\/"]}]},{"@type":"ImageObject","inLanguage":"en-GB","@id":"https:\/\/mamaglobalhealing.com\/produkt\/mistic-flow\/#primaryimage","url":"https:\/\/mamaglobalhealing.com\/wp-content\/uploads\/2022\/04\/82.png","contentUrl":"https:\/\/mamaglobalhealing.com\/wp-content\/uploads\/2022\/04\/82.png","width":1080,"height":1080},{"@type":"BreadcrumbList","@id":"https:\/\/mamaglobalhealing.com\/produkt\/mistic-flow\/#breadcrumb","itemListElement":[{"@type":"ListItem","position":1,"name":"Strona g\u0142\u00f3wna","item":"https:\/\/mamaglobalhealing.com\/"},{"@type":"ListItem","position":2,"name":"Sklep","item":"https:\/\/mamaglobalhealing.com\/sklep\/"},{"@type":"ListItem","position":3,"name":"Mystic flow &#8211; conscious relating 18+ | Aleksandra Maria Love"}]},{"@type":"WebSite","@id":"https:\/\/mamaglobalhealing.com\/#website","url":"https:\/\/mamaglobalhealing.com\/","name":"Mama Global Healing","description":"Kolejna witryna WordPress","potentialAction":[{"@type":"SearchAction","target":{"@type":"EntryPoint","urlTemplate":"https:\/\/mamaglobalhealing.com\/?s={search_term_string}"},"query-input":{"@type":"PropertyValueSpecification","valueRequired":true,"valueName":"search_term_string"}}],"inLanguage":"en-GB"}]}},"_links":{"self":[{"href":"https:\/\/mamaglobalhealing.com\/en\/wp-json\/wp\/v2\/product\/2723","targetHints":{"allow":["GET"]}}],"collection":[{"href":"https:\/\/mamaglobalhealing.com\/en\/wp-json\/wp\/v2\/product"}],"about":[{"href":"https:\/\/mamaglobalhealing.com\/en\/wp-json\/wp\/v2\/types\/product"}],"wp:featuredmedia":[{"embeddable":true,"href":"https:\/\/mamaglobalhealing.com\/en\/wp-json\/wp\/v2\/media\/3322"}],"wp:attachment":[{"href":"https:\/\/mamaglobalhealing.com\/en\/wp-json\/wp\/v2\/media?parent=2723"}],"wp:term":[{"taxonomy":"product_brand","embeddable":true,"href":"https:\/\/mamaglobalhealing.com\/en\/wp-json\/wp\/v2\/product_brand?post=2723"},{"taxonomy":"product_cat","embeddable":true,"href":"https:\/\/mamaglobalhealing.com\/en\/wp-json\/wp\/v2\/product_cat?post=2723"},{"taxonomy":"product_tag","embeddable":true,"href":"https:\/\/mamaglobalhealing.com\/en\/wp-json\/wp\/v2\/product_tag?post=2723"}],"curies":[{"name":"wp","href":"https:\/\/api.w.org\/{rel}","templated":true}]}}